{"id":12116,"date":"2024-03-03T19:40:53","date_gmt":"2024-03-03T19:40:53","guid":{"rendered":"https:\/\/shanabooks.de\/?post_type=product&#038;p=12116"},"modified":"2026-04-15T10:57:05","modified_gmt":"2026-04-15T10:57:05","slug":"bacanen-pelciqi-renas-jiyan","status":"publish","type":"product","link":"https:\/\/shanabooks.de\/kur\/product\/bacanen-pelciqi-renas-jiyan\/","title":{"rendered":"Bacan\u00ean Pel\u00e7iq\u00ee"},"content":{"rendered":"<p dir=\"ltr\"><strong>Bacan\u00ean Pel\u00e7iq\u00ee &#8211; R\u00eanas Jiyan<\/strong><\/p>\n<p dir=\"ltr\">Qey!<\/p>\n<p dir=\"ltr\">Qey mirov wiha diqede\u2026 Qey dest\u00ea \u00eens\u00ean wiha ji guliy\u00ean daran diqete\u2026 Qey hundir\u00ea \u00eens\u00ean wiha dibe k\u00eesek arvan\u00ea ku mi\u015ft sip\u00ee b\u00fbye\u2026 Qey mirov wiha dibe yeka ku heger hilfire \u00fb ji bo wan xwe bikuje j\u00ee, di \u00e7av\u00ean d\u00ea \u00fb bav\u00ea xwe de, ji ber ku ke\u00e7ik e, nabe beranber\u00ee bir\u00ea xwe\u2026 Qey mirov wiha pi\u00e7ik pi\u00e7ik bedena xwe ji xwe re dike qebr \u00fb t\u00ea de vedizele\u2026 Qey mirov wiha Xwed\u00ea l\u00ea dixe\u2026 Qey mirov wiha ro bi ro kort dibe\u2026 Qey mirov wiha ji bo ku li ser erdek\u00ee polay\u00ee kul\u00eelk bibi\u015fkuvin li d\u00fb h\u00eaviyeke beraday\u00ee ruh\u00ea xwe dike tr\u00eaneke ku wagon\u00ean li d\u00fb w\u00ea gi\u015f p\u00ea re xayin ketine\u2026 Qey mirov wiha qe\u015fa digire\u2026 Qey mirov wiha dibe qe\u015fmera ber dest\u00ea qedera xwe\u2026 Qey mirov wiha dibe miriyeke mezelan a ku kefen\u00ea w\u00ea t\u00eara w\u00ea nake \u00fb tu kes tune ye ku ji bo cara daw\u00ee ji bo w\u00ea q\u00eam\u00ee\u015f\u00ee du quri\u015f \u00fb n\u00eevan bike\u2026 Qey dinya wiha dibe gur-xane, k\u00fb\u00e7ik-xane, mar-xane, kurm-xane, \u00ea\u015f-xane, xayin-xane, b\u00ea-bav-xane, k\u00ee-bi-k\u00ea-dikare-xane, tu-ti\u015ft-ne-h\u00eaja-ye-ku-mirov-xwe-ji-bo-kesek\u00ee-bi\u00ea\u015f\u00eene-xane, heger-menfaeta-te-t\u00ea-de-tune-be-bila-her-ti\u015ft-qir-bibe-xane\u2026<\/p>\n<p dir=\"ltr\">Qey!!!<\/p>\n<p dir=\"ltr\">Romana Bacan\u00ean Pel\u00e7iq\u00ee ya R\u00eanas Jiyan ji we\u015fan\u00ean Belk\u00ee ye.<\/p>\n","protected":false},"excerpt":{"rendered":"<p dir=\"ltr\" style=\"text-align: center\"><strong>Pirt\u00fbk: Bacan\u00ean Pel\u00e7iq\u00ee<br \/>\nNiv\u00eeskar: R\u00eanas Jiyan<\/strong><br \/>\n<strong>Cure: Roman<\/strong><\/p>\n","protected":false},"featured_media":12177,"template":"","meta":{"site-sidebar-layout":"default","site-content-layout":"","ast-site-content-layout":"default","site-content-style":"default","site-sidebar-style":"default","ast-global-header-display":"","ast-banner-title-visibility":"","ast-main-header-display":"","ast-hfb-above-header-display":"","ast-hfb-below-header-display":"","ast-hfb-mobile-header-display":"","site-post-title":"","ast-breadcrumbs-content":"","ast-featured-img":"","footer-sml-layout":"","ast-disable-related-posts":"","theme-transparent-header-meta":"default","adv-header-id-meta":"","stick-header-meta":"","header-above-stick-meta":"","header-main-stick-meta":"","header-below-stick-meta":"","astra-migrate-meta-layouts":"set","ast-page-background-enabled":"default","ast-page-background-meta":{"desktop":{"background-color":"","background-image":"","background-repeat":"repeat","background-position":"center center","background-size":"auto","background-attachment":"scroll","background-type":"","background-media":"","overlay-type":"","overlay-color":"","overlay-opacity":"","overlay-gradient":""},"tablet":{"background-color":"","background-image":"","background-repeat":"repeat","background-position":"center center","background-size":"auto","background-attachment":"scroll","background-type":"","background-media":"","overlay-type":"","overlay-color":"","overlay-opacity":"","overlay-gradient":""},"mobile":{"background-color":"","background-image":"","background-repeat":"repeat","background-position":"center center","background-size":"auto","background-attachment":"scroll","background-type":"","background-media":"","overlay-type":"","overlay-color":"","overlay-opacity":"","overlay-gradient":""}},"ast-content-background-meta":{"desktop":{"background-color":"var(--ast-global-color-5)","background-image":"","background-repeat":"repeat","background-position":"center center","background-size":"auto","background-attachment":"scroll","background-type":"","background-media":"","overlay-type":"","overlay-color":"","overlay-opacity":"","overlay-gradient":""},"tablet":{"background-color":"var(--ast-global-color-5)","background-image":"","background-repeat":"repeat","background-position":"center center","background-size":"auto","background-attachment":"scroll","background-type":"","background-media":"","overlay-type":"","overlay-color":"","overlay-opacity":"","overlay-gradient":""},"mobile":{"background-color":"var(--ast-global-color-5)","background-image":"","background-repeat":"repeat","background-position":"center center","background-size":"auto","background-attachment":"scroll","background-type":"","background-media":"","overlay-type":"","overlay-color":"","overlay-opacity":"","overlay-gradient":""}}},"product_brand":[],"product_cat":[182,193],"product_tag":[],"class_list":{"0":"post-12116","1":"product","2":"type-product","3":"status-publish","4":"has-post-thumbnail","6":"product_cat-_","7":"product_cat--_","8":"pa_-roman","9":"pa_-renas-jiyan","10":"pa_-kurmanci","11":"pa_--belki","12":"desktop-align-left","13":"tablet-align-left","14":"mobile-align-left","16":"first","17":"instock","18":"shipping-taxable","19":"purchasable","20":"product-type-simple"},"yoast_head":"<!-- This site is optimized with the Yoast SEO plugin v27.4 - https:\/\/yoast.com\/product\/yoast-seo-wordpress\/ -->\n<title>Bacan\u00ean Pel\u00e7iq\u00ee - R\u00eanas Jiyan - www.shanabooks.de<\/title>\n<meta name=\"description\" content=\"Bacan\u00ean Pel\u00e7iq\u00ee - R\u00eanas Jiyan Qey mirov wiha diqede\u2026 Qey dest\u00ea \u00eens\u00ean wiha ji guliy\u00ean daran diqete\u2026 Qey hundir\u00ea \u00eens\u00ean wiha dibe k\u00eesek arvan\u00ea ku mi\u015ft sip\u00ee ...\" \/>\n<meta name=\"robots\" content=\"index, follow, max-snippet:-1, max-image-preview:large, max-video-preview:-1\" \/>\n<link rel=\"canonical\" href=\"https:\/\/shanabooks.de\/product\/bacanen-pelciqi-renas-jiyan\/\" \/>\n<meta property=\"og:locale\" content=\"en_US\" \/>\n<meta property=\"og:type\" content=\"article\" \/>\n<meta property=\"og:title\" content=\"Bacan\u00ean Pel\u00e7iq\u00ee - R\u00eanas Jiyan - www.shanabooks.de\" \/>\n<meta property=\"og:description\" content=\"Bacan\u00ean Pel\u00e7iq\u00ee - R\u00eanas Jiyan Qey mirov wiha diqede\u2026 Qey dest\u00ea \u00eens\u00ean wiha ji guliy\u00ean daran diqete\u2026 Qey hundir\u00ea \u00eens\u00ean wiha dibe k\u00eesek arvan\u00ea ku mi\u015ft sip\u00ee ...\" \/>\n<meta property=\"og:url\" content=\"https:\/\/shanabooks.de\/product\/bacanen-pelciqi-renas-jiyan\/\" \/>\n<meta property=\"og:site_name\" content=\"www.shanabooks.de\" \/>\n<meta property=\"article:modified_time\" content=\"2026-04-15T10:57:05+00:00\" \/>\n<meta property=\"og:image\" content=\"https:\/\/shanabooks.de\/wp-content\/uploads\/2024\/03\/Bacanen-Pelciqi-1.png\" \/>\n\t<meta property=\"og:image:width\" content=\"306\" \/>\n\t<meta property=\"og:image:height\" content=\"475\" \/>\n\t<meta property=\"og:image:type\" content=\"image\/png\" \/>\n<meta name=\"twitter:card\" content=\"summary_large_image\" \/>\n<meta name=\"twitter:label1\" content=\"Est. reading time\" \/>\n\t<meta name=\"twitter:data1\" content=\"2 minutes\" \/>\n<script type=\"application\/ld+json\" class=\"yoast-schema-graph\">{\"@context\":\"https:\\\/\\\/schema.org\",\"@graph\":[{\"@type\":\"WebPage\",\"@id\":\"https:\\\/\\\/shanabooks.de\\\/product\\\/bacanen-pelciqi-renas-jiyan\\\/\",\"url\":\"https:\\\/\\\/shanabooks.de\\\/product\\\/bacanen-pelciqi-renas-jiyan\\\/\",\"name\":\"Bacan\u00ean Pel\u00e7iq\u00ee - R\u00eanas Jiyan - www.shanabooks.de\",\"isPartOf\":{\"@id\":\"https:\\\/\\\/shanabooks.de\\\/#website\"},\"primaryImageOfPage\":{\"@id\":\"https:\\\/\\\/shanabooks.de\\\/product\\\/bacanen-pelciqi-renas-jiyan\\\/#primaryimage\"},\"image\":{\"@id\":\"https:\\\/\\\/shanabooks.de\\\/product\\\/bacanen-pelciqi-renas-jiyan\\\/#primaryimage\"},\"thumbnailUrl\":\"https:\\\/\\\/shanabooks.de\\\/wp-content\\\/uploads\\\/2024\\\/03\\\/Bacanen-Pelciqi-1.png\",\"datePublished\":\"2024-03-03T19:40:53+00:00\",\"dateModified\":\"2026-04-15T10:57:05+00:00\",\"description\":\"Bacan\u00ean Pel\u00e7iq\u00ee - R\u00eanas Jiyan Qey mirov wiha diqede\u2026 Qey dest\u00ea \u00eens\u00ean wiha ji guliy\u00ean daran diqete\u2026 Qey hundir\u00ea \u00eens\u00ean wiha dibe k\u00eesek arvan\u00ea ku mi\u015ft sip\u00ee ...\",\"breadcrumb\":{\"@id\":\"https:\\\/\\\/shanabooks.de\\\/product\\\/bacanen-pelciqi-renas-jiyan\\\/#breadcrumb\"},\"inLanguage\":\"kur\",\"potentialAction\":[{\"@type\":\"ReadAction\",\"target\":[\"https:\\\/\\\/shanabooks.de\\\/product\\\/bacanen-pelciqi-renas-jiyan\\\/\"]}]},{\"@type\":\"ImageObject\",\"inLanguage\":\"kur\",\"@id\":\"https:\\\/\\\/shanabooks.de\\\/product\\\/bacanen-pelciqi-renas-jiyan\\\/#primaryimage\",\"url\":\"https:\\\/\\\/shanabooks.de\\\/wp-content\\\/uploads\\\/2024\\\/03\\\/Bacanen-Pelciqi-1.png\",\"contentUrl\":\"https:\\\/\\\/shanabooks.de\\\/wp-content\\\/uploads\\\/2024\\\/03\\\/Bacanen-Pelciqi-1.png\",\"width\":306,\"height\":475,\"caption\":\"Bacan\u00ean Pel\u00e7iq\u00ee - R\u00eanas Jiyan - pirt\u00fbk\u00ean kurd\u00ee - roman\"},{\"@type\":\"BreadcrumbList\",\"@id\":\"https:\\\/\\\/shanabooks.de\\\/product\\\/bacanen-pelciqi-renas-jiyan\\\/#breadcrumb\",\"itemListElement\":[{\"@type\":\"ListItem\",\"position\":1,\"name\":\"\u0627\u0644\u0631\u0626\u064a\u0633\u064a\u0629\",\"item\":\"https:\\\/\\\/shanabooks.de\\\/kur\\\/\"},{\"@type\":\"ListItem\",\"position\":2,\"name\":\"\u0627\u0644\u0645\u0646\u062a\u062c\u0627\u062a\",\"item\":\"https:\\\/\\\/shanabooks.de\\\/shop\\\/\"},{\"@type\":\"ListItem\",\"position\":3,\"name\":\"Bacan\u00ean Pel\u00e7iq\u00ee\"}]},{\"@type\":\"WebSite\",\"@id\":\"https:\\\/\\\/shanabooks.de\\\/#website\",\"url\":\"https:\\\/\\\/shanabooks.de\\\/\",\"name\":\"www.shanbooks.de\",\"description\":\"C\u00eehana Pirt\u00fbk\u00ean Kurd\u00ee \u0645\u0643\u062a\u0628\u0629 \u0634\u0627\u0646\u0627 \u0641\u064a \u0627\u0644\u0645\u0627\u0646\u064a\u0627 \u0648\u0623\u0648\u0631\u0628\u0627\",\"publisher\":{\"@id\":\"https:\\\/\\\/shanabooks.de\\\/#organization\"},\"potentialAction\":[{\"@type\":\"SearchAction\",\"target\":{\"@type\":\"EntryPoint\",\"urlTemplate\":\"https:\\\/\\\/shanabooks.de\\\/?s={search_term_string}\"},\"query-input\":{\"@type\":\"PropertyValueSpecification\",\"valueRequired\":true,\"valueName\":\"search_term_string\"}}],\"inLanguage\":\"kur\"},{\"@type\":\"Organization\",\"@id\":\"https:\\\/\\\/shanabooks.de\\\/#organization\",\"name\":\"www.shanbooks.de\",\"url\":\"https:\\\/\\\/shanabooks.de\\\/\",\"logo\":{\"@type\":\"ImageObject\",\"inLanguage\":\"kur\",\"@id\":\"https:\\\/\\\/shanabooks.de\\\/#\\\/schema\\\/logo\\\/image\\\/\",\"url\":\"https:\\\/\\\/shanabooks.de\\\/wp-content\\\/uploads\\\/2024\\\/03\\\/SHANABOOKS__2_-removebg-preview.png\",\"contentUrl\":\"https:\\\/\\\/shanabooks.de\\\/wp-content\\\/uploads\\\/2024\\\/03\\\/SHANABOOKS__2_-removebg-preview.png\",\"width\":700,\"height\":150,\"caption\":\"www.shanbooks.de\"},\"image\":{\"@id\":\"https:\\\/\\\/shanabooks.de\\\/#\\\/schema\\\/logo\\\/image\\\/\"}}]}<\/script>\n<!-- \/ Yoast SEO plugin. -->","yoast_head_json":{"title":"Bacan\u00ean Pel\u00e7iq\u00ee - R\u00eanas Jiyan - www.shanabooks.de","description":"Bacan\u00ean Pel\u00e7iq\u00ee - R\u00eanas Jiyan Qey mirov wiha diqede\u2026 Qey dest\u00ea \u00eens\u00ean wiha ji guliy\u00ean daran diqete\u2026 Qey hundir\u00ea \u00eens\u00ean wiha dibe k\u00eesek arvan\u00ea ku mi\u015ft sip\u00ee ...","robots":{"index":"index","follow":"follow","max-snippet":"max-snippet:-1","max-image-preview":"max-image-preview:large","max-video-preview":"max-video-preview:-1"},"canonical":"https:\/\/shanabooks.de\/product\/bacanen-pelciqi-renas-jiyan\/","og_locale":"en_US","og_type":"article","og_title":"Bacan\u00ean Pel\u00e7iq\u00ee - R\u00eanas Jiyan - www.shanabooks.de","og_description":"Bacan\u00ean Pel\u00e7iq\u00ee - R\u00eanas Jiyan Qey mirov wiha diqede\u2026 Qey dest\u00ea \u00eens\u00ean wiha ji guliy\u00ean daran diqete\u2026 Qey hundir\u00ea \u00eens\u00ean wiha dibe k\u00eesek arvan\u00ea ku mi\u015ft sip\u00ee ...","og_url":"https:\/\/shanabooks.de\/product\/bacanen-pelciqi-renas-jiyan\/","og_site_name":"www.shanabooks.de","article_modified_time":"2026-04-15T10:57:05+00:00","og_image":[{"width":306,"height":475,"url":"https:\/\/shanabooks.de\/wp-content\/uploads\/2024\/03\/Bacanen-Pelciqi-1.png","type":"image\/png"}],"twitter_card":"summary_large_image","twitter_misc":{"Est. reading time":"2 minutes"},"schema":{"@context":"https:\/\/schema.org","@graph":[{"@type":"WebPage","@id":"https:\/\/shanabooks.de\/product\/bacanen-pelciqi-renas-jiyan\/","url":"https:\/\/shanabooks.de\/product\/bacanen-pelciqi-renas-jiyan\/","name":"Bacan\u00ean Pel\u00e7iq\u00ee - R\u00eanas Jiyan - www.shanabooks.de","isPartOf":{"@id":"https:\/\/shanabooks.de\/#website"},"primaryImageOfPage":{"@id":"https:\/\/shanabooks.de\/product\/bacanen-pelciqi-renas-jiyan\/#primaryimage"},"image":{"@id":"https:\/\/shanabooks.de\/product\/bacanen-pelciqi-renas-jiyan\/#primaryimage"},"thumbnailUrl":"https:\/\/shanabooks.de\/wp-content\/uploads\/2024\/03\/Bacanen-Pelciqi-1.png","datePublished":"2024-03-03T19:40:53+00:00","dateModified":"2026-04-15T10:57:05+00:00","description":"Bacan\u00ean Pel\u00e7iq\u00ee - R\u00eanas Jiyan Qey mirov wiha diqede\u2026 Qey dest\u00ea \u00eens\u00ean wiha ji guliy\u00ean daran diqete\u2026 Qey hundir\u00ea \u00eens\u00ean wiha dibe k\u00eesek arvan\u00ea ku mi\u015ft sip\u00ee ...","breadcrumb":{"@id":"https:\/\/shanabooks.de\/product\/bacanen-pelciqi-renas-jiyan\/#breadcrumb"},"inLanguage":"kur","potentialAction":[{"@type":"ReadAction","target":["https:\/\/shanabooks.de\/product\/bacanen-pelciqi-renas-jiyan\/"]}]},{"@type":"ImageObject","inLanguage":"kur","@id":"https:\/\/shanabooks.de\/product\/bacanen-pelciqi-renas-jiyan\/#primaryimage","url":"https:\/\/shanabooks.de\/wp-content\/uploads\/2024\/03\/Bacanen-Pelciqi-1.png","contentUrl":"https:\/\/shanabooks.de\/wp-content\/uploads\/2024\/03\/Bacanen-Pelciqi-1.png","width":306,"height":475,"caption":"Bacan\u00ean Pel\u00e7iq\u00ee - R\u00eanas Jiyan - pirt\u00fbk\u00ean kurd\u00ee - roman"},{"@type":"BreadcrumbList","@id":"https:\/\/shanabooks.de\/product\/bacanen-pelciqi-renas-jiyan\/#breadcrumb","itemListElement":[{"@type":"ListItem","position":1,"name":"\u0627\u0644\u0631\u0626\u064a\u0633\u064a\u0629","item":"https:\/\/shanabooks.de\/kur\/"},{"@type":"ListItem","position":2,"name":"\u0627\u0644\u0645\u0646\u062a\u062c\u0627\u062a","item":"https:\/\/shanabooks.de\/shop\/"},{"@type":"ListItem","position":3,"name":"Bacan\u00ean Pel\u00e7iq\u00ee"}]},{"@type":"WebSite","@id":"https:\/\/shanabooks.de\/#website","url":"https:\/\/shanabooks.de\/","name":"www.shanbooks.de","description":"C\u00eehana Pirt\u00fbk\u00ean Kurd\u00ee \u0645\u0643\u062a\u0628\u0629 \u0634\u0627\u0646\u0627 \u0641\u064a \u0627\u0644\u0645\u0627\u0646\u064a\u0627 \u0648\u0623\u0648\u0631\u0628\u0627","publisher":{"@id":"https:\/\/shanabooks.de\/#organization"},"potentialAction":[{"@type":"SearchAction","target":{"@type":"EntryPoint","urlTemplate":"https:\/\/shanabooks.de\/?s={search_term_string}"},"query-input":{"@type":"PropertyValueSpecification","valueRequired":true,"valueName":"search_term_string"}}],"inLanguage":"kur"},{"@type":"Organization","@id":"https:\/\/shanabooks.de\/#organization","name":"www.shanbooks.de","url":"https:\/\/shanabooks.de\/","logo":{"@type":"ImageObject","inLanguage":"kur","@id":"https:\/\/shanabooks.de\/#\/schema\/logo\/image\/","url":"https:\/\/shanabooks.de\/wp-content\/uploads\/2024\/03\/SHANABOOKS__2_-removebg-preview.png","contentUrl":"https:\/\/shanabooks.de\/wp-content\/uploads\/2024\/03\/SHANABOOKS__2_-removebg-preview.png","width":700,"height":150,"caption":"www.shanbooks.de"},"image":{"@id":"https:\/\/shanabooks.de\/#\/schema\/logo\/image\/"}}]}},"jetpack_sharing_enabled":true,"_links":{"self":[{"href":"https:\/\/shanabooks.de\/kur\/wp-json\/wp\/v2\/product\/12116","targetHints":{"allow":["GET"]}}],"collection":[{"href":"https:\/\/shanabooks.de\/kur\/wp-json\/wp\/v2\/product"}],"about":[{"href":"https:\/\/shanabooks.de\/kur\/wp-json\/wp\/v2\/types\/product"}],"version-history":[{"count":3,"href":"https:\/\/shanabooks.de\/kur\/wp-json\/wp\/v2\/product\/12116\/revisions"}],"predecessor-version":[{"id":22772,"href":"https:\/\/shanabooks.de\/kur\/wp-json\/wp\/v2\/product\/12116\/revisions\/22772"}],"wp:featuredmedia":[{"embeddable":true,"href":"https:\/\/shanabooks.de\/kur\/wp-json\/wp\/v2\/media\/12177"}],"wp:attachment":[{"href":"https:\/\/shanabooks.de\/kur\/wp-json\/wp\/v2\/media?parent=12116"}],"wp:term":[{"taxonomy":"product_brand","embeddable":true,"href":"https:\/\/shanabooks.de\/kur\/wp-json\/wp\/v2\/product_brand?post=12116"},{"taxonomy":"product_cat","embeddable":true,"href":"https:\/\/shanabooks.de\/kur\/wp-json\/wp\/v2\/product_cat?post=12116"},{"taxonomy":"product_tag","embeddable":true,"href":"https:\/\/shanabooks.de\/kur\/wp-json\/wp\/v2\/product_tag?post=12116"}],"curies":[{"name":"wp","href":"https:\/\/api.w.org\/{rel}","templated":true}]}}