{"id":12118,"date":"2024-03-03T19:40:53","date_gmt":"2024-03-03T19:40:53","guid":{"rendered":"https:\/\/shanabooks.de\/?post_type=product&#038;p=12118"},"modified":"2024-04-03T21:22:52","modified_gmt":"2024-04-03T21:22:52","slug":"defteren-perridankan-ciwanmerd-kulek","status":"publish","type":"product","link":"https:\/\/shanabooks.de\/kur\/product\/defteren-perridankan-ciwanmerd-kulek\/","title":{"rendered":"Defter\u00ean perr\u00eedankan"},"content":{"rendered":"<p dir=\"ltr\"><strong>Defter\u00ean perr\u00eedankan &#8211; Ciwanmerd Kulek<\/strong><\/p>\n<p dir=\"ltr\">Hem\u00fb \u00e7\u00fbk\u00ean ji vir radibin bi baskek\u00ee ne.<\/p>\n<p dir=\"ltr\">\u2026<\/p>\n<p dir=\"ltr\">Teqw\u00eema me \u00fb siyasetmedaran \u00e7ucar hevd\u00fb nagire. Dema ku em ji xwe re \u00e7\u00eerok\u00ean Decameron\u00ea dib\u00eajin ew li \u00e7olan beqan dixes\u00eenin.<\/p>\n<p dir=\"ltr\">\u2026<\/p>\n<p dir=\"ltr\">Dixwest \u00ead\u00ee di zeman\u00ea xwe re bi\u00e7e. Zeman\u00ea n\u00fbjen\u00ee \u00fb ten\u00eatiy\u00ea. Bi e\u015fq\u00ea dihat niv\u00eesandin, l\u00ea bi a\u015fiq\u00ea re dihat afirandin.<\/p>\n<p dir=\"ltr\">\u2026<\/p>\n<p dir=\"ltr\">\u00c7inku her ti\u015ft li ciy\u00ea ku diqediya dest p\u00ea dikir, li ciy\u00ea ku dest p\u00ea dikir diqediya.<\/p>\n<p dir=\"ltr\">\u2026<\/p>\n<p dir=\"ltr\">Bi h\u00earseke mezin, b\u00eay\u00ee ku karibim ser\u00ea xwe ji ser rakim, roj bi roj b\u00eatir diniqum\u00eem nav v\u00ee kar\u00ea b\u00eadaw\u00ee. Min fahm dikir ku niv\u00ees\u00eena kit\u00eabek\u00ea m\u00eena avakirina Kurdistanek\u00ea ye.<\/p>\n<p dir=\"ltr\">\u201cDeftera Perr\u00eedankan\u201d romaneke ku ti\u015ft\u00ean rojane n\u00ee\u015fan dide l\u00ea tu caran bi \u00eero ve ne gir\u00eaday\u00ee ye.<\/p>\n<p dir=\"ltr\">Hinek\u00ee ta\u2018ma pol\u00eesiye dide, ne ten\u00ea bi ziman\u00ea kurd\u00ee bi ziman\u00ea kurdistan\u00ee j\u00ee diniv\u00eese.<\/p>\n<p dir=\"ltr\">Defter\u00ean Perr\u00eedankan ji we\u015fan\u00ean Avestay\u00ea derketiye, Ciwanmerd Kulek h\u00eaviy\u00ean mirov \u00ean li ser p\u00ea\u015feroja romana kurd\u00ee ge\u015f dike.<\/p>\n","protected":false},"excerpt":{"rendered":"<p dir=\"ltr\" style=\"text-align: center\"><strong>Pirt\u00fbk: Defter\u00ean perr\u00eedankan<br \/>\nNiv\u00eeskar: Ciwanmerd Kulek<\/strong><strong><br \/>\nCure: Roman\u00a0<\/strong><\/p>\n","protected":false},"featured_media":12181,"template":"","meta":{"site-sidebar-layout":"default","site-content-layout":"","ast-site-content-layout":"default","site-content-style":"default","site-sidebar-style":"default","ast-global-header-display":"","ast-banner-title-visibility":"","ast-main-header-display":"","ast-hfb-above-header-display":"","ast-hfb-below-header-display":"","ast-hfb-mobile-header-display":"","site-post-title":"","ast-breadcrumbs-content":"","ast-featured-img":"","footer-sml-layout":"","ast-disable-related-posts":"","theme-transparent-header-meta":"default","adv-header-id-meta":"","stick-header-meta":"","header-above-stick-meta":"","header-main-stick-meta":"","header-below-stick-meta":"","astra-migrate-meta-layouts":"set","ast-page-background-enabled":"default","ast-page-background-meta":{"desktop":{"background-color":"","background-image":"","background-repeat":"repeat","background-position":"center center","background-size":"auto","background-attachment":"scroll","background-type":"","background-media":"","overlay-type":"","overlay-color":"","overlay-opacity":"","overlay-gradient":""},"tablet":{"background-color":"","background-image":"","background-repeat":"repeat","background-position":"center center","background-size":"auto","background-attachment":"scroll","background-type":"","background-media":"","overlay-type":"","overlay-color":"","overlay-opacity":"","overlay-gradient":""},"mobile":{"background-color":"","background-image":"","background-repeat":"repeat","background-position":"center center","background-size":"auto","background-attachment":"scroll","background-type":"","background-media":"","overlay-type":"","overlay-color":"","overlay-opacity":"","overlay-gradient":""}},"ast-content-background-meta":{"desktop":{"background-color":"var(--ast-global-color-5)","background-image":"","background-repeat":"repeat","background-position":"center center","background-size":"auto","background-attachment":"scroll","background-type":"","background-media":"","overlay-type":"","overlay-color":"","overlay-opacity":"","overlay-gradient":""},"tablet":{"background-color":"var(--ast-global-color-5)","background-image":"","background-repeat":"repeat","background-position":"center center","background-size":"auto","background-attachment":"scroll","background-type":"","background-media":"","overlay-type":"","overlay-color":"","overlay-opacity":"","overlay-gradient":""},"mobile":{"background-color":"var(--ast-global-color-5)","background-image":"","background-repeat":"repeat","background-position":"center center","background-size":"auto","background-attachment":"scroll","background-type":"","background-media":"","overlay-type":"","overlay-color":"","overlay-opacity":"","overlay-gradient":""}}},"product_brand":[],"product_cat":[182,193],"product_tag":[],"class_list":{"0":"post-12118","1":"product","2":"type-product","3":"status-publish","4":"has-post-thumbnail","6":"product_cat-_","7":"product_cat--_","8":"pa_-roman","9":"pa_-ciwanmerd-kulek","10":"pa_-kurmanci","11":"pa_--avesta-yayinlari","12":"desktop-align-left","13":"tablet-align-left","14":"mobile-align-left","16":"first","17":"instock","18":"shipping-taxable","19":"purchasable","20":"product-type-simple"},"yoast_head":"<!-- This site is optimized with the Yoast SEO plugin v27.4 - https:\/\/yoast.com\/product\/yoast-seo-wordpress\/ -->\n<title>Defter\u00ean perr\u00eedankan - Ciwanmerd Kulek - www.shanabooks.de<\/title>\n<meta name=\"description\" content=\"Defter\u00ean perr\u00eedankan - Ciwanmerd Kulek Hem\u00fb \u00e7\u00fbk\u00ean ji vir radibin bi baskek\u00ee ne.\u2026Teqw\u00eema me \u00fb siyasetmedaran \u00e7ucar hevd\u00fb nagire. Dema ku em ji xwe re \u00e7\u00eero...\" \/>\n<meta name=\"robots\" content=\"index, follow, max-snippet:-1, max-image-preview:large, max-video-preview:-1\" \/>\n<link rel=\"canonical\" href=\"https:\/\/shanabooks.de\/product\/defteren-perridankan-ciwanmerd-kulek\/\" \/>\n<meta property=\"og:locale\" content=\"en_US\" \/>\n<meta property=\"og:type\" content=\"article\" \/>\n<meta property=\"og:title\" content=\"Defter\u00ean perr\u00eedankan - Ciwanmerd Kulek - www.shanabooks.de\" \/>\n<meta property=\"og:description\" content=\"Defter\u00ean perr\u00eedankan - Ciwanmerd Kulek Hem\u00fb \u00e7\u00fbk\u00ean ji vir radibin bi baskek\u00ee ne.\u2026Teqw\u00eema me \u00fb siyasetmedaran \u00e7ucar hevd\u00fb nagire. Dema ku em ji xwe re \u00e7\u00eero...\" \/>\n<meta property=\"og:url\" content=\"https:\/\/shanabooks.de\/product\/defteren-perridankan-ciwanmerd-kulek\/\" \/>\n<meta property=\"og:site_name\" content=\"www.shanabooks.de\" \/>\n<meta property=\"article:modified_time\" content=\"2024-04-03T21:22:52+00:00\" \/>\n<meta property=\"og:image\" content=\"https:\/\/shanabooks.de\/wp-content\/uploads\/2024\/03\/Defterin-Perridankan.jpg\" \/>\n\t<meta property=\"og:image:width\" content=\"600\" \/>\n\t<meta property=\"og:image:height\" content=\"900\" \/>\n\t<meta property=\"og:image:type\" content=\"image\/jpeg\" \/>\n<meta name=\"twitter:card\" content=\"summary_large_image\" \/>\n<meta name=\"twitter:label1\" content=\"Est. reading time\" \/>\n\t<meta name=\"twitter:data1\" content=\"2 minutes\" \/>\n<script type=\"application\/ld+json\" class=\"yoast-schema-graph\">{\"@context\":\"https:\\\/\\\/schema.org\",\"@graph\":[{\"@type\":\"WebPage\",\"@id\":\"https:\\\/\\\/shanabooks.de\\\/product\\\/defteren-perridankan-ciwanmerd-kulek\\\/\",\"url\":\"https:\\\/\\\/shanabooks.de\\\/product\\\/defteren-perridankan-ciwanmerd-kulek\\\/\",\"name\":\"Defter\u00ean perr\u00eedankan - Ciwanmerd Kulek - www.shanabooks.de\",\"isPartOf\":{\"@id\":\"https:\\\/\\\/shanabooks.de\\\/#website\"},\"primaryImageOfPage\":{\"@id\":\"https:\\\/\\\/shanabooks.de\\\/product\\\/defteren-perridankan-ciwanmerd-kulek\\\/#primaryimage\"},\"image\":{\"@id\":\"https:\\\/\\\/shanabooks.de\\\/product\\\/defteren-perridankan-ciwanmerd-kulek\\\/#primaryimage\"},\"thumbnailUrl\":\"https:\\\/\\\/shanabooks.de\\\/wp-content\\\/uploads\\\/2024\\\/03\\\/Defterin-Perridankan.jpg\",\"datePublished\":\"2024-03-03T19:40:53+00:00\",\"dateModified\":\"2024-04-03T21:22:52+00:00\",\"description\":\"Defter\u00ean perr\u00eedankan - Ciwanmerd Kulek Hem\u00fb \u00e7\u00fbk\u00ean ji vir radibin bi baskek\u00ee ne.\u2026Teqw\u00eema me \u00fb siyasetmedaran \u00e7ucar hevd\u00fb nagire. Dema ku em ji xwe re \u00e7\u00eero...\",\"breadcrumb\":{\"@id\":\"https:\\\/\\\/shanabooks.de\\\/product\\\/defteren-perridankan-ciwanmerd-kulek\\\/#breadcrumb\"},\"inLanguage\":\"kur\",\"potentialAction\":[{\"@type\":\"ReadAction\",\"target\":[\"https:\\\/\\\/shanabooks.de\\\/product\\\/defteren-perridankan-ciwanmerd-kulek\\\/\"]}]},{\"@type\":\"ImageObject\",\"inLanguage\":\"kur\",\"@id\":\"https:\\\/\\\/shanabooks.de\\\/product\\\/defteren-perridankan-ciwanmerd-kulek\\\/#primaryimage\",\"url\":\"https:\\\/\\\/shanabooks.de\\\/wp-content\\\/uploads\\\/2024\\\/03\\\/Defterin-Perridankan.jpg\",\"contentUrl\":\"https:\\\/\\\/shanabooks.de\\\/wp-content\\\/uploads\\\/2024\\\/03\\\/Defterin-Perridankan.jpg\",\"width\":600,\"height\":900,\"caption\":\"Defter\u00ean perr\u00eedankan - Ciwanmerd Kulek - pirt\u00fbk\u00ean kurd\u00ee - roman\"},{\"@type\":\"BreadcrumbList\",\"@id\":\"https:\\\/\\\/shanabooks.de\\\/product\\\/defteren-perridankan-ciwanmerd-kulek\\\/#breadcrumb\",\"itemListElement\":[{\"@type\":\"ListItem\",\"position\":1,\"name\":\"\u0627\u0644\u0631\u0626\u064a\u0633\u064a\u0629\",\"item\":\"https:\\\/\\\/shanabooks.de\\\/kur\\\/\"},{\"@type\":\"ListItem\",\"position\":2,\"name\":\"\u0627\u0644\u0645\u0646\u062a\u062c\u0627\u062a\",\"item\":\"https:\\\/\\\/shanabooks.de\\\/shop\\\/\"},{\"@type\":\"ListItem\",\"position\":3,\"name\":\"Defter\u00ean perr\u00eedankan\"}]},{\"@type\":\"WebSite\",\"@id\":\"https:\\\/\\\/shanabooks.de\\\/#website\",\"url\":\"https:\\\/\\\/shanabooks.de\\\/\",\"name\":\"www.shanbooks.de\",\"description\":\"C\u00eehana Pirt\u00fbk\u00ean Kurd\u00ee \u0645\u0643\u062a\u0628\u0629 \u0634\u0627\u0646\u0627 \u0641\u064a \u0627\u0644\u0645\u0627\u0646\u064a\u0627 \u0648\u0623\u0648\u0631\u0628\u0627\",\"publisher\":{\"@id\":\"https:\\\/\\\/shanabooks.de\\\/#organization\"},\"potentialAction\":[{\"@type\":\"SearchAction\",\"target\":{\"@type\":\"EntryPoint\",\"urlTemplate\":\"https:\\\/\\\/shanabooks.de\\\/?s={search_term_string}\"},\"query-input\":{\"@type\":\"PropertyValueSpecification\",\"valueRequired\":true,\"valueName\":\"search_term_string\"}}],\"inLanguage\":\"kur\"},{\"@type\":\"Organization\",\"@id\":\"https:\\\/\\\/shanabooks.de\\\/#organization\",\"name\":\"www.shanbooks.de\",\"url\":\"https:\\\/\\\/shanabooks.de\\\/\",\"logo\":{\"@type\":\"ImageObject\",\"inLanguage\":\"kur\",\"@id\":\"https:\\\/\\\/shanabooks.de\\\/#\\\/schema\\\/logo\\\/image\\\/\",\"url\":\"https:\\\/\\\/shanabooks.de\\\/wp-content\\\/uploads\\\/2024\\\/03\\\/SHANABOOKS__2_-removebg-preview.png\",\"contentUrl\":\"https:\\\/\\\/shanabooks.de\\\/wp-content\\\/uploads\\\/2024\\\/03\\\/SHANABOOKS__2_-removebg-preview.png\",\"width\":700,\"height\":150,\"caption\":\"www.shanbooks.de\"},\"image\":{\"@id\":\"https:\\\/\\\/shanabooks.de\\\/#\\\/schema\\\/logo\\\/image\\\/\"}}]}<\/script>\n<!-- \/ Yoast SEO plugin. -->","yoast_head_json":{"title":"Defter\u00ean perr\u00eedankan - Ciwanmerd Kulek - www.shanabooks.de","description":"Defter\u00ean perr\u00eedankan - Ciwanmerd Kulek Hem\u00fb \u00e7\u00fbk\u00ean ji vir radibin bi baskek\u00ee ne.\u2026Teqw\u00eema me \u00fb siyasetmedaran \u00e7ucar hevd\u00fb nagire. Dema ku em ji xwe re \u00e7\u00eero...","robots":{"index":"index","follow":"follow","max-snippet":"max-snippet:-1","max-image-preview":"max-image-preview:large","max-video-preview":"max-video-preview:-1"},"canonical":"https:\/\/shanabooks.de\/product\/defteren-perridankan-ciwanmerd-kulek\/","og_locale":"en_US","og_type":"article","og_title":"Defter\u00ean perr\u00eedankan - Ciwanmerd Kulek - www.shanabooks.de","og_description":"Defter\u00ean perr\u00eedankan - Ciwanmerd Kulek Hem\u00fb \u00e7\u00fbk\u00ean ji vir radibin bi baskek\u00ee ne.\u2026Teqw\u00eema me \u00fb siyasetmedaran \u00e7ucar hevd\u00fb nagire. Dema ku em ji xwe re \u00e7\u00eero...","og_url":"https:\/\/shanabooks.de\/product\/defteren-perridankan-ciwanmerd-kulek\/","og_site_name":"www.shanabooks.de","article_modified_time":"2024-04-03T21:22:52+00:00","og_image":[{"width":600,"height":900,"url":"https:\/\/shanabooks.de\/wp-content\/uploads\/2024\/03\/Defterin-Perridankan.jpg","type":"image\/jpeg"}],"twitter_card":"summary_large_image","twitter_misc":{"Est. reading time":"2 minutes"},"schema":{"@context":"https:\/\/schema.org","@graph":[{"@type":"WebPage","@id":"https:\/\/shanabooks.de\/product\/defteren-perridankan-ciwanmerd-kulek\/","url":"https:\/\/shanabooks.de\/product\/defteren-perridankan-ciwanmerd-kulek\/","name":"Defter\u00ean perr\u00eedankan - Ciwanmerd Kulek - www.shanabooks.de","isPartOf":{"@id":"https:\/\/shanabooks.de\/#website"},"primaryImageOfPage":{"@id":"https:\/\/shanabooks.de\/product\/defteren-perridankan-ciwanmerd-kulek\/#primaryimage"},"image":{"@id":"https:\/\/shanabooks.de\/product\/defteren-perridankan-ciwanmerd-kulek\/#primaryimage"},"thumbnailUrl":"https:\/\/shanabooks.de\/wp-content\/uploads\/2024\/03\/Defterin-Perridankan.jpg","datePublished":"2024-03-03T19:40:53+00:00","dateModified":"2024-04-03T21:22:52+00:00","description":"Defter\u00ean perr\u00eedankan - Ciwanmerd Kulek Hem\u00fb \u00e7\u00fbk\u00ean ji vir radibin bi baskek\u00ee ne.\u2026Teqw\u00eema me \u00fb siyasetmedaran \u00e7ucar hevd\u00fb nagire. Dema ku em ji xwe re \u00e7\u00eero...","breadcrumb":{"@id":"https:\/\/shanabooks.de\/product\/defteren-perridankan-ciwanmerd-kulek\/#breadcrumb"},"inLanguage":"kur","potentialAction":[{"@type":"ReadAction","target":["https:\/\/shanabooks.de\/product\/defteren-perridankan-ciwanmerd-kulek\/"]}]},{"@type":"ImageObject","inLanguage":"kur","@id":"https:\/\/shanabooks.de\/product\/defteren-perridankan-ciwanmerd-kulek\/#primaryimage","url":"https:\/\/shanabooks.de\/wp-content\/uploads\/2024\/03\/Defterin-Perridankan.jpg","contentUrl":"https:\/\/shanabooks.de\/wp-content\/uploads\/2024\/03\/Defterin-Perridankan.jpg","width":600,"height":900,"caption":"Defter\u00ean perr\u00eedankan - Ciwanmerd Kulek - pirt\u00fbk\u00ean kurd\u00ee - roman"},{"@type":"BreadcrumbList","@id":"https:\/\/shanabooks.de\/product\/defteren-perridankan-ciwanmerd-kulek\/#breadcrumb","itemListElement":[{"@type":"ListItem","position":1,"name":"\u0627\u0644\u0631\u0626\u064a\u0633\u064a\u0629","item":"https:\/\/shanabooks.de\/kur\/"},{"@type":"ListItem","position":2,"name":"\u0627\u0644\u0645\u0646\u062a\u062c\u0627\u062a","item":"https:\/\/shanabooks.de\/shop\/"},{"@type":"ListItem","position":3,"name":"Defter\u00ean perr\u00eedankan"}]},{"@type":"WebSite","@id":"https:\/\/shanabooks.de\/#website","url":"https:\/\/shanabooks.de\/","name":"www.shanbooks.de","description":"C\u00eehana Pirt\u00fbk\u00ean Kurd\u00ee \u0645\u0643\u062a\u0628\u0629 \u0634\u0627\u0646\u0627 \u0641\u064a \u0627\u0644\u0645\u0627\u0646\u064a\u0627 \u0648\u0623\u0648\u0631\u0628\u0627","publisher":{"@id":"https:\/\/shanabooks.de\/#organization"},"potentialAction":[{"@type":"SearchAction","target":{"@type":"EntryPoint","urlTemplate":"https:\/\/shanabooks.de\/?s={search_term_string}"},"query-input":{"@type":"PropertyValueSpecification","valueRequired":true,"valueName":"search_term_string"}}],"inLanguage":"kur"},{"@type":"Organization","@id":"https:\/\/shanabooks.de\/#organization","name":"www.shanbooks.de","url":"https:\/\/shanabooks.de\/","logo":{"@type":"ImageObject","inLanguage":"kur","@id":"https:\/\/shanabooks.de\/#\/schema\/logo\/image\/","url":"https:\/\/shanabooks.de\/wp-content\/uploads\/2024\/03\/SHANABOOKS__2_-removebg-preview.png","contentUrl":"https:\/\/shanabooks.de\/wp-content\/uploads\/2024\/03\/SHANABOOKS__2_-removebg-preview.png","width":700,"height":150,"caption":"www.shanbooks.de"},"image":{"@id":"https:\/\/shanabooks.de\/#\/schema\/logo\/image\/"}}]}},"jetpack_sharing_enabled":true,"_links":{"self":[{"href":"https:\/\/shanabooks.de\/kur\/wp-json\/wp\/v2\/product\/12118","targetHints":{"allow":["GET"]}}],"collection":[{"href":"https:\/\/shanabooks.de\/kur\/wp-json\/wp\/v2\/product"}],"about":[{"href":"https:\/\/shanabooks.de\/kur\/wp-json\/wp\/v2\/types\/product"}],"version-history":[{"count":3,"href":"https:\/\/shanabooks.de\/kur\/wp-json\/wp\/v2\/product\/12118\/revisions"}],"predecessor-version":[{"id":22777,"href":"https:\/\/shanabooks.de\/kur\/wp-json\/wp\/v2\/product\/12118\/revisions\/22777"}],"wp:featuredmedia":[{"embeddable":true,"href":"https:\/\/shanabooks.de\/kur\/wp-json\/wp\/v2\/media\/12181"}],"wp:attachment":[{"href":"https:\/\/shanabooks.de\/kur\/wp-json\/wp\/v2\/media?parent=12118"}],"wp:term":[{"taxonomy":"product_brand","embeddable":true,"href":"https:\/\/shanabooks.de\/kur\/wp-json\/wp\/v2\/product_brand?post=12118"},{"taxonomy":"product_cat","embeddable":true,"href":"https:\/\/shanabooks.de\/kur\/wp-json\/wp\/v2\/product_cat?post=12118"},{"taxonomy":"product_tag","embeddable":true,"href":"https:\/\/shanabooks.de\/kur\/wp-json\/wp\/v2\/product_tag?post=12118"}],"curies":[{"name":"wp","href":"https:\/\/api.w.org\/{rel}","templated":true}]}}