{"id":12124,"date":"2024-03-03T19:40:53","date_gmt":"2024-03-03T19:40:53","guid":{"rendered":"https:\/\/shanabooks.de\/?post_type=product&#038;p=12124"},"modified":"2026-01-01T19:51:07","modified_gmt":"2026-01-01T19:51:07","slug":"veger-sahine-bekire-sorekli","status":"publish","type":"product","link":"https:\/\/shanabooks.de\/kur\/product\/veger-sahine-bekire-sorekli\/","title":{"rendered":"Veger"},"content":{"rendered":"<p dir=\"ltr\"><strong>Veger &#8211; \u015eah\u00een\u00ea Bekir\u00ea Sorekl\u00ee<\/strong><\/p>\n<p dir=\"ltr\">Bajarok\u00ea Avdar\u00ea y\u00ea bi dora 90 k\u00eelometiran li ba\u015f\u00fbr\u00ea paytext\u00ea Tar\u00ea, bajar\u00ea ku bi xwe j\u00ee wek Tar dihat binavkirin, di hemb\u00eaza b\u00eadengiy\u00ea de razab\u00fb. \u00c7awa valahiya yekem di as\u00eeman\u00ea bi ewran dagirt\u00ee de carina r\u00ea vedike \u00fb as\u00eeman h\u00ead\u00ee-h\u00ead\u00ee \u00e7iksay\u00ee dibe, deng\u00ea kele\u015f\u00earek\u00ee j\u00ee ser\u00ee ki\u015fand \u00fb perdeya b\u00eadengiy\u00ea di be\u015fek\u00ea de \u00e7irand.<\/p>\n","protected":false},"excerpt":{"rendered":"<p dir=\"ltr\" style=\"text-align: center\"><strong>Pirt\u00fbk: Veger<br \/>\nNiv\u00eeskar: \u015eah\u00een\u00ea Bekir\u00ea Sorekl\u00ee<\/strong><br \/>\n<strong>Cure: Roman<\/strong><\/p>\n","protected":false},"featured_media":12207,"template":"","meta":{"site-sidebar-layout":"default","site-content-layout":"","ast-site-content-layout":"default","site-content-style":"default","site-sidebar-style":"default","ast-global-header-display":"","ast-banner-title-visibility":"","ast-main-header-display":"","ast-hfb-above-header-display":"","ast-hfb-below-header-display":"","ast-hfb-mobile-header-display":"","site-post-title":"","ast-breadcrumbs-content":"","ast-featured-img":"","footer-sml-layout":"","ast-disable-related-posts":"","theme-transparent-header-meta":"default","adv-header-id-meta":"","stick-header-meta":"","header-above-stick-meta":"","header-main-stick-meta":"","header-below-stick-meta":"","astra-migrate-meta-layouts":"set","ast-page-background-enabled":"default","ast-page-background-meta":{"desktop":{"background-color":"","background-image":"","background-repeat":"repeat","background-position":"center center","background-size":"auto","background-attachment":"scroll","background-type":"","background-media":"","overlay-type":"","overlay-color":"","overlay-opacity":"","overlay-gradient":""},"tablet":{"background-color":"","background-image":"","background-repeat":"repeat","background-position":"center center","background-size":"auto","background-attachment":"scroll","background-type":"","background-media":"","overlay-type":"","overlay-color":"","overlay-opacity":"","overlay-gradient":""},"mobile":{"background-color":"","background-image":"","background-repeat":"repeat","background-position":"center center","background-size":"auto","background-attachment":"scroll","background-type":"","background-media":"","overlay-type":"","overlay-color":"","overlay-opacity":"","overlay-gradient":""}},"ast-content-background-meta":{"desktop":{"background-color":"var(--ast-global-color-5)","background-image":"","background-repeat":"repeat","background-position":"center center","background-size":"auto","background-attachment":"scroll","background-type":"","background-media":"","overlay-type":"","overlay-color":"","overlay-opacity":"","overlay-gradient":""},"tablet":{"background-color":"var(--ast-global-color-5)","background-image":"","background-repeat":"repeat","background-position":"center center","background-size":"auto","background-attachment":"scroll","background-type":"","background-media":"","overlay-type":"","overlay-color":"","overlay-opacity":"","overlay-gradient":""},"mobile":{"background-color":"var(--ast-global-color-5)","background-image":"","background-repeat":"repeat","background-position":"center center","background-size":"auto","background-attachment":"scroll","background-type":"","background-media":"","overlay-type":"","overlay-color":"","overlay-opacity":"","overlay-gradient":""}}},"product_brand":[],"product_cat":[182,193],"product_tag":[],"class_list":{"0":"post-12124","1":"product","2":"type-product","3":"status-publish","4":"has-post-thumbnail","6":"product_cat-_","7":"product_cat--_","8":"pa_-roman","9":"pa_-sahin-bekir-sorekli","10":"pa_-kurmanci","11":"pa_--wesanen-na","12":"desktop-align-left","13":"tablet-align-left","14":"mobile-align-left","16":"first","17":"outofstock","18":"shipping-taxable","19":"purchasable","20":"product-type-simple"},"yoast_head":"<!-- This site is optimized with the Yoast SEO plugin v27.4 - https:\/\/yoast.com\/product\/yoast-seo-wordpress\/ -->\n<title>Veger - \u015eah\u00een\u00ea Bekir\u00ea Sorekl\u00ee - www.shanabooks.de<\/title>\n<meta name=\"description\" content=\"Veger - \u015eah\u00een\u00ea Bekir\u00ea Sorekl\u00ee Bajarok\u00ea Avdar\u00ea y\u00ea bi dora 90 k\u00eelometiran li ba\u015f\u00fbr\u00ea paytext\u00ea Tar\u00ea, bajar\u00ea ku bi xwe j\u00ee wek Tar dihat binavkirin, di hemb\u00eaza...\" \/>\n<meta name=\"robots\" content=\"index, follow, max-snippet:-1, max-image-preview:large, max-video-preview:-1\" \/>\n<link rel=\"canonical\" href=\"https:\/\/shanabooks.de\/product\/veger-sahine-bekire-sorekli\/\" \/>\n<meta property=\"og:locale\" content=\"en_US\" \/>\n<meta property=\"og:type\" content=\"article\" \/>\n<meta property=\"og:title\" content=\"Veger - \u015eah\u00een\u00ea Bekir\u00ea Sorekl\u00ee - www.shanabooks.de\" \/>\n<meta property=\"og:description\" content=\"Veger - \u015eah\u00een\u00ea Bekir\u00ea Sorekl\u00ee Bajarok\u00ea Avdar\u00ea y\u00ea bi dora 90 k\u00eelometiran li ba\u015f\u00fbr\u00ea paytext\u00ea Tar\u00ea, bajar\u00ea ku bi xwe j\u00ee wek Tar dihat binavkirin, di hemb\u00eaza...\" \/>\n<meta property=\"og:url\" content=\"https:\/\/shanabooks.de\/product\/veger-sahine-bekire-sorekli\/\" \/>\n<meta property=\"og:site_name\" content=\"www.shanabooks.de\" \/>\n<meta property=\"article:modified_time\" content=\"2026-01-01T19:51:07+00:00\" \/>\n<meta property=\"og:image\" content=\"https:\/\/shanabooks.de\/wp-content\/uploads\/2024\/03\/Veger.jpg\" \/>\n\t<meta property=\"og:image:width\" content=\"137\" \/>\n\t<meta property=\"og:image:height\" content=\"200\" \/>\n\t<meta property=\"og:image:type\" content=\"image\/jpeg\" \/>\n<meta name=\"twitter:card\" content=\"summary_large_image\" \/>\n<meta name=\"twitter:label1\" content=\"Est. reading time\" \/>\n\t<meta name=\"twitter:data1\" content=\"1 minute\" \/>\n<script type=\"application\/ld+json\" class=\"yoast-schema-graph\">{\"@context\":\"https:\\\/\\\/schema.org\",\"@graph\":[{\"@type\":\"WebPage\",\"@id\":\"https:\\\/\\\/shanabooks.de\\\/product\\\/veger-sahine-bekire-sorekli\\\/\",\"url\":\"https:\\\/\\\/shanabooks.de\\\/product\\\/veger-sahine-bekire-sorekli\\\/\",\"name\":\"Veger - \u015eah\u00een\u00ea Bekir\u00ea Sorekl\u00ee - www.shanabooks.de\",\"isPartOf\":{\"@id\":\"https:\\\/\\\/shanabooks.de\\\/#website\"},\"primaryImageOfPage\":{\"@id\":\"https:\\\/\\\/shanabooks.de\\\/product\\\/veger-sahine-bekire-sorekli\\\/#primaryimage\"},\"image\":{\"@id\":\"https:\\\/\\\/shanabooks.de\\\/product\\\/veger-sahine-bekire-sorekli\\\/#primaryimage\"},\"thumbnailUrl\":\"https:\\\/\\\/shanabooks.de\\\/wp-content\\\/uploads\\\/2024\\\/03\\\/Veger.jpg\",\"datePublished\":\"2024-03-03T19:40:53+00:00\",\"dateModified\":\"2026-01-01T19:51:07+00:00\",\"description\":\"Veger - \u015eah\u00een\u00ea Bekir\u00ea Sorekl\u00ee Bajarok\u00ea Avdar\u00ea y\u00ea bi dora 90 k\u00eelometiran li ba\u015f\u00fbr\u00ea paytext\u00ea Tar\u00ea, bajar\u00ea ku bi xwe j\u00ee wek Tar dihat binavkirin, di hemb\u00eaza...\",\"breadcrumb\":{\"@id\":\"https:\\\/\\\/shanabooks.de\\\/product\\\/veger-sahine-bekire-sorekli\\\/#breadcrumb\"},\"inLanguage\":\"kur\",\"potentialAction\":[{\"@type\":\"ReadAction\",\"target\":[\"https:\\\/\\\/shanabooks.de\\\/product\\\/veger-sahine-bekire-sorekli\\\/\"]}]},{\"@type\":\"ImageObject\",\"inLanguage\":\"kur\",\"@id\":\"https:\\\/\\\/shanabooks.de\\\/product\\\/veger-sahine-bekire-sorekli\\\/#primaryimage\",\"url\":\"https:\\\/\\\/shanabooks.de\\\/wp-content\\\/uploads\\\/2024\\\/03\\\/Veger.jpg\",\"contentUrl\":\"https:\\\/\\\/shanabooks.de\\\/wp-content\\\/uploads\\\/2024\\\/03\\\/Veger.jpg\",\"width\":137,\"height\":200,\"caption\":\"Veger - \u015eah\u00een\u00ea Bekir\u00ea Sorekl\u00ee - pirt\u00fbk\u00ean kued\u00ee - roman\"},{\"@type\":\"BreadcrumbList\",\"@id\":\"https:\\\/\\\/shanabooks.de\\\/product\\\/veger-sahine-bekire-sorekli\\\/#breadcrumb\",\"itemListElement\":[{\"@type\":\"ListItem\",\"position\":1,\"name\":\"\u0627\u0644\u0631\u0626\u064a\u0633\u064a\u0629\",\"item\":\"https:\\\/\\\/shanabooks.de\\\/kur\\\/\"},{\"@type\":\"ListItem\",\"position\":2,\"name\":\"\u0627\u0644\u0645\u0646\u062a\u062c\u0627\u062a\",\"item\":\"https:\\\/\\\/shanabooks.de\\\/shop\\\/\"},{\"@type\":\"ListItem\",\"position\":3,\"name\":\"Veger\"}]},{\"@type\":\"WebSite\",\"@id\":\"https:\\\/\\\/shanabooks.de\\\/#website\",\"url\":\"https:\\\/\\\/shanabooks.de\\\/\",\"name\":\"www.shanbooks.de\",\"description\":\"C\u00eehana Pirt\u00fbk\u00ean Kurd\u00ee \u0645\u0643\u062a\u0628\u0629 \u0634\u0627\u0646\u0627 \u0641\u064a \u0627\u0644\u0645\u0627\u0646\u064a\u0627 \u0648\u0623\u0648\u0631\u0628\u0627\",\"publisher\":{\"@id\":\"https:\\\/\\\/shanabooks.de\\\/#organization\"},\"potentialAction\":[{\"@type\":\"SearchAction\",\"target\":{\"@type\":\"EntryPoint\",\"urlTemplate\":\"https:\\\/\\\/shanabooks.de\\\/?s={search_term_string}\"},\"query-input\":{\"@type\":\"PropertyValueSpecification\",\"valueRequired\":true,\"valueName\":\"search_term_string\"}}],\"inLanguage\":\"kur\"},{\"@type\":\"Organization\",\"@id\":\"https:\\\/\\\/shanabooks.de\\\/#organization\",\"name\":\"www.shanbooks.de\",\"url\":\"https:\\\/\\\/shanabooks.de\\\/\",\"logo\":{\"@type\":\"ImageObject\",\"inLanguage\":\"kur\",\"@id\":\"https:\\\/\\\/shanabooks.de\\\/#\\\/schema\\\/logo\\\/image\\\/\",\"url\":\"https:\\\/\\\/shanabooks.de\\\/wp-content\\\/uploads\\\/2024\\\/03\\\/SHANABOOKS__2_-removebg-preview.png\",\"contentUrl\":\"https:\\\/\\\/shanabooks.de\\\/wp-content\\\/uploads\\\/2024\\\/03\\\/SHANABOOKS__2_-removebg-preview.png\",\"width\":700,\"height\":150,\"caption\":\"www.shanbooks.de\"},\"image\":{\"@id\":\"https:\\\/\\\/shanabooks.de\\\/#\\\/schema\\\/logo\\\/image\\\/\"}}]}<\/script>\n<!-- \/ Yoast SEO plugin. -->","yoast_head_json":{"title":"Veger - \u015eah\u00een\u00ea Bekir\u00ea Sorekl\u00ee - www.shanabooks.de","description":"Veger - \u015eah\u00een\u00ea Bekir\u00ea Sorekl\u00ee Bajarok\u00ea Avdar\u00ea y\u00ea bi dora 90 k\u00eelometiran li ba\u015f\u00fbr\u00ea paytext\u00ea Tar\u00ea, bajar\u00ea ku bi xwe j\u00ee wek Tar dihat binavkirin, di hemb\u00eaza...","robots":{"index":"index","follow":"follow","max-snippet":"max-snippet:-1","max-image-preview":"max-image-preview:large","max-video-preview":"max-video-preview:-1"},"canonical":"https:\/\/shanabooks.de\/product\/veger-sahine-bekire-sorekli\/","og_locale":"en_US","og_type":"article","og_title":"Veger - \u015eah\u00een\u00ea Bekir\u00ea Sorekl\u00ee - www.shanabooks.de","og_description":"Veger - \u015eah\u00een\u00ea Bekir\u00ea Sorekl\u00ee Bajarok\u00ea Avdar\u00ea y\u00ea bi dora 90 k\u00eelometiran li ba\u015f\u00fbr\u00ea paytext\u00ea Tar\u00ea, bajar\u00ea ku bi xwe j\u00ee wek Tar dihat binavkirin, di hemb\u00eaza...","og_url":"https:\/\/shanabooks.de\/product\/veger-sahine-bekire-sorekli\/","og_site_name":"www.shanabooks.de","article_modified_time":"2026-01-01T19:51:07+00:00","og_image":[{"width":137,"height":200,"url":"https:\/\/shanabooks.de\/wp-content\/uploads\/2024\/03\/Veger.jpg","type":"image\/jpeg"}],"twitter_card":"summary_large_image","twitter_misc":{"Est. reading time":"1 minute"},"schema":{"@context":"https:\/\/schema.org","@graph":[{"@type":"WebPage","@id":"https:\/\/shanabooks.de\/product\/veger-sahine-bekire-sorekli\/","url":"https:\/\/shanabooks.de\/product\/veger-sahine-bekire-sorekli\/","name":"Veger - \u015eah\u00een\u00ea Bekir\u00ea Sorekl\u00ee - www.shanabooks.de","isPartOf":{"@id":"https:\/\/shanabooks.de\/#website"},"primaryImageOfPage":{"@id":"https:\/\/shanabooks.de\/product\/veger-sahine-bekire-sorekli\/#primaryimage"},"image":{"@id":"https:\/\/shanabooks.de\/product\/veger-sahine-bekire-sorekli\/#primaryimage"},"thumbnailUrl":"https:\/\/shanabooks.de\/wp-content\/uploads\/2024\/03\/Veger.jpg","datePublished":"2024-03-03T19:40:53+00:00","dateModified":"2026-01-01T19:51:07+00:00","description":"Veger - \u015eah\u00een\u00ea Bekir\u00ea Sorekl\u00ee Bajarok\u00ea Avdar\u00ea y\u00ea bi dora 90 k\u00eelometiran li ba\u015f\u00fbr\u00ea paytext\u00ea Tar\u00ea, bajar\u00ea ku bi xwe j\u00ee wek Tar dihat binavkirin, di hemb\u00eaza...","breadcrumb":{"@id":"https:\/\/shanabooks.de\/product\/veger-sahine-bekire-sorekli\/#breadcrumb"},"inLanguage":"kur","potentialAction":[{"@type":"ReadAction","target":["https:\/\/shanabooks.de\/product\/veger-sahine-bekire-sorekli\/"]}]},{"@type":"ImageObject","inLanguage":"kur","@id":"https:\/\/shanabooks.de\/product\/veger-sahine-bekire-sorekli\/#primaryimage","url":"https:\/\/shanabooks.de\/wp-content\/uploads\/2024\/03\/Veger.jpg","contentUrl":"https:\/\/shanabooks.de\/wp-content\/uploads\/2024\/03\/Veger.jpg","width":137,"height":200,"caption":"Veger - \u015eah\u00een\u00ea Bekir\u00ea Sorekl\u00ee - pirt\u00fbk\u00ean kued\u00ee - roman"},{"@type":"BreadcrumbList","@id":"https:\/\/shanabooks.de\/product\/veger-sahine-bekire-sorekli\/#breadcrumb","itemListElement":[{"@type":"ListItem","position":1,"name":"\u0627\u0644\u0631\u0626\u064a\u0633\u064a\u0629","item":"https:\/\/shanabooks.de\/kur\/"},{"@type":"ListItem","position":2,"name":"\u0627\u0644\u0645\u0646\u062a\u062c\u0627\u062a","item":"https:\/\/shanabooks.de\/shop\/"},{"@type":"ListItem","position":3,"name":"Veger"}]},{"@type":"WebSite","@id":"https:\/\/shanabooks.de\/#website","url":"https:\/\/shanabooks.de\/","name":"www.shanbooks.de","description":"C\u00eehana Pirt\u00fbk\u00ean Kurd\u00ee \u0645\u0643\u062a\u0628\u0629 \u0634\u0627\u0646\u0627 \u0641\u064a \u0627\u0644\u0645\u0627\u0646\u064a\u0627 \u0648\u0623\u0648\u0631\u0628\u0627","publisher":{"@id":"https:\/\/shanabooks.de\/#organization"},"potentialAction":[{"@type":"SearchAction","target":{"@type":"EntryPoint","urlTemplate":"https:\/\/shanabooks.de\/?s={search_term_string}"},"query-input":{"@type":"PropertyValueSpecification","valueRequired":true,"valueName":"search_term_string"}}],"inLanguage":"kur"},{"@type":"Organization","@id":"https:\/\/shanabooks.de\/#organization","name":"www.shanbooks.de","url":"https:\/\/shanabooks.de\/","logo":{"@type":"ImageObject","inLanguage":"kur","@id":"https:\/\/shanabooks.de\/#\/schema\/logo\/image\/","url":"https:\/\/shanabooks.de\/wp-content\/uploads\/2024\/03\/SHANABOOKS__2_-removebg-preview.png","contentUrl":"https:\/\/shanabooks.de\/wp-content\/uploads\/2024\/03\/SHANABOOKS__2_-removebg-preview.png","width":700,"height":150,"caption":"www.shanbooks.de"},"image":{"@id":"https:\/\/shanabooks.de\/#\/schema\/logo\/image\/"}}]}},"jetpack_sharing_enabled":true,"_links":{"self":[{"href":"https:\/\/shanabooks.de\/kur\/wp-json\/wp\/v2\/product\/12124","targetHints":{"allow":["GET"]}}],"collection":[{"href":"https:\/\/shanabooks.de\/kur\/wp-json\/wp\/v2\/product"}],"about":[{"href":"https:\/\/shanabooks.de\/kur\/wp-json\/wp\/v2\/types\/product"}],"version-history":[{"count":3,"href":"https:\/\/shanabooks.de\/kur\/wp-json\/wp\/v2\/product\/12124\/revisions"}],"predecessor-version":[{"id":22915,"href":"https:\/\/shanabooks.de\/kur\/wp-json\/wp\/v2\/product\/12124\/revisions\/22915"}],"wp:featuredmedia":[{"embeddable":true,"href":"https:\/\/shanabooks.de\/kur\/wp-json\/wp\/v2\/media\/12207"}],"wp:attachment":[{"href":"https:\/\/shanabooks.de\/kur\/wp-json\/wp\/v2\/media?parent=12124"}],"wp:term":[{"taxonomy":"product_brand","embeddable":true,"href":"https:\/\/shanabooks.de\/kur\/wp-json\/wp\/v2\/product_brand?post=12124"},{"taxonomy":"product_cat","embeddable":true,"href":"https:\/\/shanabooks.de\/kur\/wp-json\/wp\/v2\/product_cat?post=12124"},{"taxonomy":"product_tag","embeddable":true,"href":"https:\/\/shanabooks.de\/kur\/wp-json\/wp\/v2\/product_tag?post=12124"}],"curies":[{"name":"wp","href":"https:\/\/api.w.org\/{rel}","templated":true}]}}