{"id":12125,"date":"2024-03-03T19:40:53","date_gmt":"2024-03-03T19:40:53","guid":{"rendered":"https:\/\/shanabooks.de\/?post_type=product&#038;p=12125"},"modified":"2025-12-30T22:57:12","modified_gmt":"2025-12-30T22:57:12","slug":"bina-petexan-ji-hesiren-min-te-renas-jiyan","status":"publish","type":"product","link":"https:\/\/shanabooks.de\/kur\/product\/bina-petexan-ji-hesiren-min-te-renas-jiyan\/","title":{"rendered":"B\u00eena pet\u00eaxan ji h\u00easir\u00ean min t\u00ea"},"content":{"rendered":"<p dir=\"ltr\"><strong>B\u00eena pet\u00eaxan ji h\u00easir\u00ean min t\u00ea &#8211; R\u00eanas Jiyan<\/strong><\/p>\n<p dir=\"ltr\">Ez \u00fb zaroktiya xwe, \u00ead\u00ee biqas\u00ee ku bibin xal \u00fb xwarziy\u00ean hev, ji hev d\u00fbr \u00fb biyan\u00ee ne.<br \/>\nB\u00eeran\u00een\u00ean min ev \u00e7end b\u00eaxwed\u00ee ne ku wek li \u00e7ol\u00ea str\u00eezerkeke ku \u00ead\u00ee qert b\u00fbbe \u00fb pez poz\u00ea xwe j\u00ea daliq\u00eenin, \u00fb dewar mehd\u00ea xwe j\u00ea bixel\u00eenin.<br \/>\nXayintiya her\u00ee mezin ew e ku mirov bi b\u00eeran\u00een\u00ean xwe re xayin bikeve.<br \/>\nMirov\u00ea her\u00ee xetere ew e ku xatir\u00ea b\u00eeran\u00een\u00ean xwe nizanibe.<span class=\"text_exposed_show\"><br \/>\nJi w\u00ee mirov\u00ee dehbetir ti kes tune ye ku b\u00ea b\u00eeran\u00een mabe.<\/span><\/p>\n","protected":false},"excerpt":{"rendered":"<p dir=\"ltr\" style=\"text-align: center\"><strong>Pirt\u00fbk: B\u00eena pet\u00eaxan ji h\u00easir\u00ean min t\u00ea<\/strong><br \/>\n<strong>Niv\u00eeskar: R\u00eanas Jiyan<br \/>\nCure: kurte\u00e7\u00eerok<\/strong><\/p>\n","protected":false},"featured_media":12209,"template":"","meta":{"site-sidebar-layout":"default","site-content-layout":"","ast-site-content-layout":"default","site-content-style":"default","site-sidebar-style":"default","ast-global-header-display":"","ast-banner-title-visibility":"","ast-main-header-display":"","ast-hfb-above-header-display":"","ast-hfb-below-header-display":"","ast-hfb-mobile-header-display":"","site-post-title":"","ast-breadcrumbs-content":"","ast-featured-img":"","footer-sml-layout":"","ast-disable-related-posts":"","theme-transparent-header-meta":"default","adv-header-id-meta":"","stick-header-meta":"","header-above-stick-meta":"","header-main-stick-meta":"","header-below-stick-meta":"","astra-migrate-meta-layouts":"set","ast-page-background-enabled":"default","ast-page-background-meta":{"desktop":{"background-color":"","background-image":"","background-repeat":"repeat","background-position":"center center","background-size":"auto","background-attachment":"scroll","background-type":"","background-media":"","overlay-type":"","overlay-color":"","overlay-opacity":"","overlay-gradient":""},"tablet":{"background-color":"","background-image":"","background-repeat":"repeat","background-position":"center center","background-size":"auto","background-attachment":"scroll","background-type":"","background-media":"","overlay-type":"","overlay-color":"","overlay-opacity":"","overlay-gradient":""},"mobile":{"background-color":"","background-image":"","background-repeat":"repeat","background-position":"center center","background-size":"auto","background-attachment":"scroll","background-type":"","background-media":"","overlay-type":"","overlay-color":"","overlay-opacity":"","overlay-gradient":""}},"ast-content-background-meta":{"desktop":{"background-color":"var(--ast-global-color-5)","background-image":"","background-repeat":"repeat","background-position":"center center","background-size":"auto","background-attachment":"scroll","background-type":"","background-media":"","overlay-type":"","overlay-color":"","overlay-opacity":"","overlay-gradient":""},"tablet":{"background-color":"var(--ast-global-color-5)","background-image":"","background-repeat":"repeat","background-position":"center center","background-size":"auto","background-attachment":"scroll","background-type":"","background-media":"","overlay-type":"","overlay-color":"","overlay-opacity":"","overlay-gradient":""},"mobile":{"background-color":"var(--ast-global-color-5)","background-image":"","background-repeat":"repeat","background-position":"center center","background-size":"auto","background-attachment":"scroll","background-type":"","background-media":"","overlay-type":"","overlay-color":"","overlay-opacity":"","overlay-gradient":""}}},"product_brand":[],"product_cat":[183,193],"product_tag":[],"class_list":{"0":"post-12125","1":"product","2":"type-product","3":"status-publish","4":"has-post-thumbnail","6":"product_cat-_","7":"product_cat--_","8":"pa_-cirok","9":"pa_-kurtecirok","10":"pa_-renas-jiyan","11":"pa_-kurmanci","12":"pa_--belki","13":"desktop-align-left","14":"tablet-align-left","15":"mobile-align-left","17":"first","18":"outofstock","19":"shipping-taxable","20":"purchasable","21":"product-type-simple"},"yoast_head":"<!-- This site is optimized with the Yoast SEO plugin v27.4 - https:\/\/yoast.com\/product\/yoast-seo-wordpress\/ -->\n<title>B\u00eena pet\u00eaxan ji h\u00easir\u00ean min t\u00ea - R\u00eanas Jiyan - www.shanabooks.de<\/title>\n<meta name=\"description\" content=\"B\u00eena pet\u00eaxan ji h\u00easir\u00ean min t\u00ea - R\u00eanas Jiyan Ez \u00fb zaroktiya xwe, \u00ead\u00ee biqas\u00ee ku bibin xal \u00fb xwarziy\u00ean hev, ji hev d\u00fbr \u00fb biyan\u00ee ne. B\u00eeran\u00een\u00ean min ev \u00e7end ...\" \/>\n<meta name=\"robots\" content=\"index, follow, max-snippet:-1, max-image-preview:large, max-video-preview:-1\" \/>\n<link rel=\"canonical\" href=\"https:\/\/shanabooks.de\/product\/bina-petexan-ji-hesiren-min-te-renas-jiyan\/\" \/>\n<meta property=\"og:locale\" content=\"en_US\" \/>\n<meta property=\"og:type\" content=\"article\" \/>\n<meta property=\"og:title\" content=\"B\u00eena pet\u00eaxan ji h\u00easir\u00ean min t\u00ea - R\u00eanas Jiyan - www.shanabooks.de\" \/>\n<meta property=\"og:description\" content=\"B\u00eena pet\u00eaxan ji h\u00easir\u00ean min t\u00ea - R\u00eanas Jiyan Ez \u00fb zaroktiya xwe, \u00ead\u00ee biqas\u00ee ku bibin xal \u00fb xwarziy\u00ean hev, ji hev d\u00fbr \u00fb biyan\u00ee ne. B\u00eeran\u00een\u00ean min ev \u00e7end ...\" \/>\n<meta property=\"og:url\" content=\"https:\/\/shanabooks.de\/product\/bina-petexan-ji-hesiren-min-te-renas-jiyan\/\" \/>\n<meta property=\"og:site_name\" content=\"www.shanabooks.de\" \/>\n<meta property=\"article:modified_time\" content=\"2025-12-30T22:57:12+00:00\" \/>\n<meta property=\"og:image\" content=\"https:\/\/shanabooks.de\/wp-content\/uploads\/2024\/03\/bina-petexan-ji-hesiren-min-te-1.png\" \/>\n\t<meta property=\"og:image:width\" content=\"332\" \/>\n\t<meta property=\"og:image:height\" content=\"476\" \/>\n\t<meta property=\"og:image:type\" content=\"image\/png\" \/>\n<meta name=\"twitter:card\" content=\"summary_large_image\" \/>\n<meta name=\"twitter:label1\" content=\"Est. reading time\" \/>\n\t<meta name=\"twitter:data1\" content=\"1 minute\" \/>\n<script type=\"application\/ld+json\" class=\"yoast-schema-graph\">{\"@context\":\"https:\\\/\\\/schema.org\",\"@graph\":[{\"@type\":\"WebPage\",\"@id\":\"https:\\\/\\\/shanabooks.de\\\/product\\\/bina-petexan-ji-hesiren-min-te-renas-jiyan\\\/\",\"url\":\"https:\\\/\\\/shanabooks.de\\\/product\\\/bina-petexan-ji-hesiren-min-te-renas-jiyan\\\/\",\"name\":\"B\u00eena pet\u00eaxan ji h\u00easir\u00ean min t\u00ea - R\u00eanas Jiyan - www.shanabooks.de\",\"isPartOf\":{\"@id\":\"https:\\\/\\\/shanabooks.de\\\/#website\"},\"primaryImageOfPage\":{\"@id\":\"https:\\\/\\\/shanabooks.de\\\/product\\\/bina-petexan-ji-hesiren-min-te-renas-jiyan\\\/#primaryimage\"},\"image\":{\"@id\":\"https:\\\/\\\/shanabooks.de\\\/product\\\/bina-petexan-ji-hesiren-min-te-renas-jiyan\\\/#primaryimage\"},\"thumbnailUrl\":\"https:\\\/\\\/shanabooks.de\\\/wp-content\\\/uploads\\\/2024\\\/03\\\/bina-petexan-ji-hesiren-min-te-1.png\",\"datePublished\":\"2024-03-03T19:40:53+00:00\",\"dateModified\":\"2025-12-30T22:57:12+00:00\",\"description\":\"B\u00eena pet\u00eaxan ji h\u00easir\u00ean min t\u00ea - R\u00eanas Jiyan Ez \u00fb zaroktiya xwe, \u00ead\u00ee biqas\u00ee ku bibin xal \u00fb xwarziy\u00ean hev, ji hev d\u00fbr \u00fb biyan\u00ee ne. B\u00eeran\u00een\u00ean min ev \u00e7end ...\",\"breadcrumb\":{\"@id\":\"https:\\\/\\\/shanabooks.de\\\/product\\\/bina-petexan-ji-hesiren-min-te-renas-jiyan\\\/#breadcrumb\"},\"inLanguage\":\"kur\",\"potentialAction\":[{\"@type\":\"ReadAction\",\"target\":[\"https:\\\/\\\/shanabooks.de\\\/product\\\/bina-petexan-ji-hesiren-min-te-renas-jiyan\\\/\"]}]},{\"@type\":\"ImageObject\",\"inLanguage\":\"kur\",\"@id\":\"https:\\\/\\\/shanabooks.de\\\/product\\\/bina-petexan-ji-hesiren-min-te-renas-jiyan\\\/#primaryimage\",\"url\":\"https:\\\/\\\/shanabooks.de\\\/wp-content\\\/uploads\\\/2024\\\/03\\\/bina-petexan-ji-hesiren-min-te-1.png\",\"contentUrl\":\"https:\\\/\\\/shanabooks.de\\\/wp-content\\\/uploads\\\/2024\\\/03\\\/bina-petexan-ji-hesiren-min-te-1.png\",\"width\":332,\"height\":476,\"caption\":\"B\u00eena pet\u00eaxan ji h\u00easir\u00ean min t\u00ea - R\u00eanas Jiyan - pirt\u00fbk\u00ean kurd\u00ee - helbest\"},{\"@type\":\"BreadcrumbList\",\"@id\":\"https:\\\/\\\/shanabooks.de\\\/product\\\/bina-petexan-ji-hesiren-min-te-renas-jiyan\\\/#breadcrumb\",\"itemListElement\":[{\"@type\":\"ListItem\",\"position\":1,\"name\":\"\u0627\u0644\u0631\u0626\u064a\u0633\u064a\u0629\",\"item\":\"https:\\\/\\\/shanabooks.de\\\/kur\\\/\"},{\"@type\":\"ListItem\",\"position\":2,\"name\":\"\u0627\u0644\u0645\u0646\u062a\u062c\u0627\u062a\",\"item\":\"https:\\\/\\\/shanabooks.de\\\/shop\\\/\"},{\"@type\":\"ListItem\",\"position\":3,\"name\":\"B\u00eena pet\u00eaxan ji h\u00easir\u00ean min t\u00ea\"}]},{\"@type\":\"WebSite\",\"@id\":\"https:\\\/\\\/shanabooks.de\\\/#website\",\"url\":\"https:\\\/\\\/shanabooks.de\\\/\",\"name\":\"www.shanbooks.de\",\"description\":\"C\u00eehana Pirt\u00fbk\u00ean Kurd\u00ee \u0645\u0643\u062a\u0628\u0629 \u0634\u0627\u0646\u0627 \u0641\u064a \u0627\u0644\u0645\u0627\u0646\u064a\u0627 \u0648\u0623\u0648\u0631\u0628\u0627\",\"publisher\":{\"@id\":\"https:\\\/\\\/shanabooks.de\\\/#organization\"},\"potentialAction\":[{\"@type\":\"SearchAction\",\"target\":{\"@type\":\"EntryPoint\",\"urlTemplate\":\"https:\\\/\\\/shanabooks.de\\\/?s={search_term_string}\"},\"query-input\":{\"@type\":\"PropertyValueSpecification\",\"valueRequired\":true,\"valueName\":\"search_term_string\"}}],\"inLanguage\":\"kur\"},{\"@type\":\"Organization\",\"@id\":\"https:\\\/\\\/shanabooks.de\\\/#organization\",\"name\":\"www.shanbooks.de\",\"url\":\"https:\\\/\\\/shanabooks.de\\\/\",\"logo\":{\"@type\":\"ImageObject\",\"inLanguage\":\"kur\",\"@id\":\"https:\\\/\\\/shanabooks.de\\\/#\\\/schema\\\/logo\\\/image\\\/\",\"url\":\"https:\\\/\\\/shanabooks.de\\\/wp-content\\\/uploads\\\/2024\\\/03\\\/SHANABOOKS__2_-removebg-preview.png\",\"contentUrl\":\"https:\\\/\\\/shanabooks.de\\\/wp-content\\\/uploads\\\/2024\\\/03\\\/SHANABOOKS__2_-removebg-preview.png\",\"width\":700,\"height\":150,\"caption\":\"www.shanbooks.de\"},\"image\":{\"@id\":\"https:\\\/\\\/shanabooks.de\\\/#\\\/schema\\\/logo\\\/image\\\/\"}}]}<\/script>\n<!-- \/ Yoast SEO plugin. -->","yoast_head_json":{"title":"B\u00eena pet\u00eaxan ji h\u00easir\u00ean min t\u00ea - R\u00eanas Jiyan - www.shanabooks.de","description":"B\u00eena pet\u00eaxan ji h\u00easir\u00ean min t\u00ea - R\u00eanas Jiyan Ez \u00fb zaroktiya xwe, \u00ead\u00ee biqas\u00ee ku bibin xal \u00fb xwarziy\u00ean hev, ji hev d\u00fbr \u00fb biyan\u00ee ne. B\u00eeran\u00een\u00ean min ev \u00e7end ...","robots":{"index":"index","follow":"follow","max-snippet":"max-snippet:-1","max-image-preview":"max-image-preview:large","max-video-preview":"max-video-preview:-1"},"canonical":"https:\/\/shanabooks.de\/product\/bina-petexan-ji-hesiren-min-te-renas-jiyan\/","og_locale":"en_US","og_type":"article","og_title":"B\u00eena pet\u00eaxan ji h\u00easir\u00ean min t\u00ea - R\u00eanas Jiyan - www.shanabooks.de","og_description":"B\u00eena pet\u00eaxan ji h\u00easir\u00ean min t\u00ea - R\u00eanas Jiyan Ez \u00fb zaroktiya xwe, \u00ead\u00ee biqas\u00ee ku bibin xal \u00fb xwarziy\u00ean hev, ji hev d\u00fbr \u00fb biyan\u00ee ne. B\u00eeran\u00een\u00ean min ev \u00e7end ...","og_url":"https:\/\/shanabooks.de\/product\/bina-petexan-ji-hesiren-min-te-renas-jiyan\/","og_site_name":"www.shanabooks.de","article_modified_time":"2025-12-30T22:57:12+00:00","og_image":[{"width":332,"height":476,"url":"https:\/\/shanabooks.de\/wp-content\/uploads\/2024\/03\/bina-petexan-ji-hesiren-min-te-1.png","type":"image\/png"}],"twitter_card":"summary_large_image","twitter_misc":{"Est. reading time":"1 minute"},"schema":{"@context":"https:\/\/schema.org","@graph":[{"@type":"WebPage","@id":"https:\/\/shanabooks.de\/product\/bina-petexan-ji-hesiren-min-te-renas-jiyan\/","url":"https:\/\/shanabooks.de\/product\/bina-petexan-ji-hesiren-min-te-renas-jiyan\/","name":"B\u00eena pet\u00eaxan ji h\u00easir\u00ean min t\u00ea - R\u00eanas Jiyan - www.shanabooks.de","isPartOf":{"@id":"https:\/\/shanabooks.de\/#website"},"primaryImageOfPage":{"@id":"https:\/\/shanabooks.de\/product\/bina-petexan-ji-hesiren-min-te-renas-jiyan\/#primaryimage"},"image":{"@id":"https:\/\/shanabooks.de\/product\/bina-petexan-ji-hesiren-min-te-renas-jiyan\/#primaryimage"},"thumbnailUrl":"https:\/\/shanabooks.de\/wp-content\/uploads\/2024\/03\/bina-petexan-ji-hesiren-min-te-1.png","datePublished":"2024-03-03T19:40:53+00:00","dateModified":"2025-12-30T22:57:12+00:00","description":"B\u00eena pet\u00eaxan ji h\u00easir\u00ean min t\u00ea - R\u00eanas Jiyan Ez \u00fb zaroktiya xwe, \u00ead\u00ee biqas\u00ee ku bibin xal \u00fb xwarziy\u00ean hev, ji hev d\u00fbr \u00fb biyan\u00ee ne. B\u00eeran\u00een\u00ean min ev \u00e7end ...","breadcrumb":{"@id":"https:\/\/shanabooks.de\/product\/bina-petexan-ji-hesiren-min-te-renas-jiyan\/#breadcrumb"},"inLanguage":"kur","potentialAction":[{"@type":"ReadAction","target":["https:\/\/shanabooks.de\/product\/bina-petexan-ji-hesiren-min-te-renas-jiyan\/"]}]},{"@type":"ImageObject","inLanguage":"kur","@id":"https:\/\/shanabooks.de\/product\/bina-petexan-ji-hesiren-min-te-renas-jiyan\/#primaryimage","url":"https:\/\/shanabooks.de\/wp-content\/uploads\/2024\/03\/bina-petexan-ji-hesiren-min-te-1.png","contentUrl":"https:\/\/shanabooks.de\/wp-content\/uploads\/2024\/03\/bina-petexan-ji-hesiren-min-te-1.png","width":332,"height":476,"caption":"B\u00eena pet\u00eaxan ji h\u00easir\u00ean min t\u00ea - R\u00eanas Jiyan - pirt\u00fbk\u00ean kurd\u00ee - helbest"},{"@type":"BreadcrumbList","@id":"https:\/\/shanabooks.de\/product\/bina-petexan-ji-hesiren-min-te-renas-jiyan\/#breadcrumb","itemListElement":[{"@type":"ListItem","position":1,"name":"\u0627\u0644\u0631\u0626\u064a\u0633\u064a\u0629","item":"https:\/\/shanabooks.de\/kur\/"},{"@type":"ListItem","position":2,"name":"\u0627\u0644\u0645\u0646\u062a\u062c\u0627\u062a","item":"https:\/\/shanabooks.de\/shop\/"},{"@type":"ListItem","position":3,"name":"B\u00eena pet\u00eaxan ji h\u00easir\u00ean min t\u00ea"}]},{"@type":"WebSite","@id":"https:\/\/shanabooks.de\/#website","url":"https:\/\/shanabooks.de\/","name":"www.shanbooks.de","description":"C\u00eehana Pirt\u00fbk\u00ean Kurd\u00ee \u0645\u0643\u062a\u0628\u0629 \u0634\u0627\u0646\u0627 \u0641\u064a \u0627\u0644\u0645\u0627\u0646\u064a\u0627 \u0648\u0623\u0648\u0631\u0628\u0627","publisher":{"@id":"https:\/\/shanabooks.de\/#organization"},"potentialAction":[{"@type":"SearchAction","target":{"@type":"EntryPoint","urlTemplate":"https:\/\/shanabooks.de\/?s={search_term_string}"},"query-input":{"@type":"PropertyValueSpecification","valueRequired":true,"valueName":"search_term_string"}}],"inLanguage":"kur"},{"@type":"Organization","@id":"https:\/\/shanabooks.de\/#organization","name":"www.shanbooks.de","url":"https:\/\/shanabooks.de\/","logo":{"@type":"ImageObject","inLanguage":"kur","@id":"https:\/\/shanabooks.de\/#\/schema\/logo\/image\/","url":"https:\/\/shanabooks.de\/wp-content\/uploads\/2024\/03\/SHANABOOKS__2_-removebg-preview.png","contentUrl":"https:\/\/shanabooks.de\/wp-content\/uploads\/2024\/03\/SHANABOOKS__2_-removebg-preview.png","width":700,"height":150,"caption":"www.shanbooks.de"},"image":{"@id":"https:\/\/shanabooks.de\/#\/schema\/logo\/image\/"}}]}},"jetpack_sharing_enabled":true,"_links":{"self":[{"href":"https:\/\/shanabooks.de\/kur\/wp-json\/wp\/v2\/product\/12125","targetHints":{"allow":["GET"]}}],"collection":[{"href":"https:\/\/shanabooks.de\/kur\/wp-json\/wp\/v2\/product"}],"about":[{"href":"https:\/\/shanabooks.de\/kur\/wp-json\/wp\/v2\/types\/product"}],"version-history":[{"count":3,"href":"https:\/\/shanabooks.de\/kur\/wp-json\/wp\/v2\/product\/12125\/revisions"}],"predecessor-version":[{"id":22917,"href":"https:\/\/shanabooks.de\/kur\/wp-json\/wp\/v2\/product\/12125\/revisions\/22917"}],"wp:featuredmedia":[{"embeddable":true,"href":"https:\/\/shanabooks.de\/kur\/wp-json\/wp\/v2\/media\/12209"}],"wp:attachment":[{"href":"https:\/\/shanabooks.de\/kur\/wp-json\/wp\/v2\/media?parent=12125"}],"wp:term":[{"taxonomy":"product_brand","embeddable":true,"href":"https:\/\/shanabooks.de\/kur\/wp-json\/wp\/v2\/product_brand?post=12125"},{"taxonomy":"product_cat","embeddable":true,"href":"https:\/\/shanabooks.de\/kur\/wp-json\/wp\/v2\/product_cat?post=12125"},{"taxonomy":"product_tag","embeddable":true,"href":"https:\/\/shanabooks.de\/kur\/wp-json\/wp\/v2\/product_tag?post=12125"}],"curies":[{"name":"wp","href":"https:\/\/api.w.org\/{rel}","templated":true}]}}