{"id":12160,"date":"2024-03-03T19:41:17","date_gmt":"2024-03-03T19:41:17","guid":{"rendered":"https:\/\/shanabooks.de\/?post_type=product&#038;p=12160"},"modified":"2024-04-04T16:29:56","modified_gmt":"2024-04-04T16:29:56","slug":"hilbijartin-ji-hemu-diwanen-wi-abdulla-pesew","status":"publish","type":"product","link":"https:\/\/shanabooks.de\/kur\/product\/hilbijartin-ji-hemu-diwanen-wi-abdulla-pesew\/","title":{"rendered":"Abdulla Pe\u015f\u00eaw &#8211; Hilbijartin ji hem\u00fb d\u00eewan\u00ean w\u00ee"},"content":{"rendered":"<p dir=\"ltr\" style=\"text-align: left\"><strong>Hilbijartin ji hem\u00fb d\u00eewan\u00ean w\u00ee &#8211; Abdulla Pe\u015f\u00eaw<\/strong><\/p>\n<p style=\"text-align: left\">\u201c\u015ei\u00eer\u00ean Pe\u015f\u00eaw, bi gi\u015ft\u00ee de\u015fteke b\u00eas\u00eenor, bihu\u015fteke<\/p>\n<p style=\"text-align: left\">fireh \u00fb dojeheke b\u00eabin\u00ee ye.\u201d<\/p>\n<p style=\"text-align: left\">Prof. Maruf Xaznedar, Karwan (Kurdi) Jiyana gel\u00ea Kurd\u00ean bindest dijwar e, l\u00ea ti\u015ft\u00ea dilxwe\u015fker ev e ku<\/p>\n<p style=\"text-align: left\">\u201d \u00e7avkaniyeke bih\u00eaz \u00fb \u015fa\u00eerek\u00ee b\u00eatirs \u00ea Kurdan heye li Helsinkiy\u00ea.\u201d \u201d<\/p>\n<p style=\"text-align: left\">Niv\u00eeskar\u00ea Finlandi Simokka Virkulla, Aamulehti (Finland\u00ee) Ew (Pe\u015f\u00eaw), di nava \u015fa\u00eer\u00ean azadniv\u00ees de, bi raya min, p\u00ea\u015feng e.\u201d<\/p>\n<p style=\"text-align: left\">Hejar Mukiryan\u00ee, Keyhan (Faris\u00ee) \u201cAbdulla Pe\u015f\u00eaw, yek ji \u015fa\u00eer\u00ean her\u00ee xo\u015few\u00eest \u00ea gel\u00ea xwe ye.\u201d \u015ea\u00eer\u00ea Iran\u00ee Seyid Ali Salih\u00ee, Dunya-\u00ee Suxen (Faris\u00ee)<\/p>\n<p style=\"text-align: left\">\u201cAbdulla Pe\u015f\u00eaw, ger ku helbestvan\u00ea Kurd \u00ea her\u00ee ba\u015f \u00fb xo\u015few\u00eest n\u00een be, guman t\u00ea de tune ye ku ew yek ji \u015fa\u00eer\u00ean xo\u015few\u00eesttir\u00een \u00ean \u00e7ar per\u00e7ey\u00ean Kurdistan\u00ea ye.\u201d<\/p>\n<p style=\"text-align: left\">Kar (Faris\u00ee)<\/p>\n<p style=\"text-align: left\">\u201cAbdulla Pe\u015f\u00eaw, st\u00earka ge\u015f e li ser kelehan\u201d \u015e\u00earko B\u00eakes, Rovar (Kurd\u00ee)<\/p>\n<p style=\"text-align: left\">Helbestkar gava ku bi\u00e7\u00fbk b\u00fb j\u00ee \u201cax\u201d xwariye \u00fb mezin b\u00fbye j\u00ee d\u00eesa \u201cax\u201d\u00ea dixwe. Bel\u00ea m\u00earik hey \u201cax\u201d xwariye, l\u00ea axa welat\u00ea xwe,<\/p>\n<p style=\"text-align: left\">gava d\u00eetiye ku hinekan ew ax \u00ea\u015fandiye ew j\u00ee p\u00ea re \u00ea\u015fiyaye, p\u00ea re t\u00eako\u015fiyaye, ji ber ku ew y\u00ea ax\u00ea b\u00fbye \u00fb ax j\u00ee ya w\u00ee b\u00fbye, ango ew ji hevdu b\u00fbne, ango ew y\u00ean hevdu b\u00fbne. Xwariye-nexwariye j\u00ea t\u00ear neb\u00fbye, heger h\u00fbn helbest\u00ean ji ax\u00ea meraq dikin b\u00ea ka tahma wan \u00e7awa ye, fermo hilbijartin\u00ean Abdulla Pe\u015f\u00eaw\u2019\u00ee bixw\u00eenin, an j\u00ee \u201cbixwin\u201d.<\/p>\n<p style=\"text-align: left\">Dever\u00ean ku ew \u00e7\u00fby\u00ea, y\u00ean weke Moskow, Trabl\u00fas, London \u00fb<\/p>\n<p style=\"text-align: left\">Helsinkiy\u00ea\u2026 li her qonax\u00ea, li her bajar\u00ee \u201cax\u201da ku bi xwe re biriye ji b\u00ear\u00eeka xwe derxistiye, p\u00eevazek ji wan bajaran deyn kiriye \u00fb w\u00ee herdu bi hev re xwarine \u00fb di ser de j\u00ee qedeheke \u201cb\u00ear\u00ee\u201d bi ser<\/p>\n<p style=\"text-align: left\">xwe de dakiriye; jixwe ev taybetmend\u00ee gi\u015f y\u00ean \u201chelbestkar\u00ean welatan\u201d bi xwe ne.<\/p>\n<p style=\"text-align: left\">\u00a0Ev pirt\u00fbka bi nav\u00ea Hilbijartin ji hem\u00fb D\u00eewan\u00ean W\u00ee ya helbestvan\u00ea kurd Abdulla Pe\u015f\u00eaw ji we\u015fan\u00ean Belk\u00ee derketiye.<\/p>\n<p style=\"text-align: left\">\n","protected":false},"excerpt":{"rendered":"<p dir=\"ltr\" style=\"text-align: center\"><strong>Pirt\u00fbk: Hilbijartin ji hem\u00fb d\u00eewan\u00ean w\u00ee<\/strong><br \/>\n<strong>Niv\u00eeskar: Abdulla Pe\u015f\u00eaw<br \/>\nCure: Helbest<\/strong><\/p>\n","protected":false},"featured_media":12248,"template":"","meta":{"site-sidebar-layout":"default","site-content-layout":"","ast-site-content-layout":"default","site-content-style":"default","site-sidebar-style":"default","ast-global-header-display":"","ast-banner-title-visibility":"","ast-main-header-display":"","ast-hfb-above-header-display":"","ast-hfb-below-header-display":"","ast-hfb-mobile-header-display":"","site-post-title":"","ast-breadcrumbs-content":"","ast-featured-img":"","footer-sml-layout":"","ast-disable-related-posts":"","theme-transparent-header-meta":"default","adv-header-id-meta":"","stick-header-meta":"","header-above-stick-meta":"","header-main-stick-meta":"","header-below-stick-meta":"","astra-migrate-meta-layouts":"set","ast-page-background-enabled":"default","ast-page-background-meta":{"desktop":{"background-color":"","background-image":"","background-repeat":"repeat","background-position":"center center","background-size":"auto","background-attachment":"scroll","background-type":"","background-media":"","overlay-type":"","overlay-color":"","overlay-opacity":"","overlay-gradient":""},"tablet":{"background-color":"","background-image":"","background-repeat":"repeat","background-position":"center center","background-size":"auto","background-attachment":"scroll","background-type":"","background-media":"","overlay-type":"","overlay-color":"","overlay-opacity":"","overlay-gradient":""},"mobile":{"background-color":"","background-image":"","background-repeat":"repeat","background-position":"center center","background-size":"auto","background-attachment":"scroll","background-type":"","background-media":"","overlay-type":"","overlay-color":"","overlay-opacity":"","overlay-gradient":""}},"ast-content-background-meta":{"desktop":{"background-color":"var(--ast-global-color-5)","background-image":"","background-repeat":"repeat","background-position":"center center","background-size":"auto","background-attachment":"scroll","background-type":"","background-media":"","overlay-type":"","overlay-color":"","overlay-opacity":"","overlay-gradient":""},"tablet":{"background-color":"var(--ast-global-color-5)","background-image":"","background-repeat":"repeat","background-position":"center center","background-size":"auto","background-attachment":"scroll","background-type":"","background-media":"","overlay-type":"","overlay-color":"","overlay-opacity":"","overlay-gradient":""},"mobile":{"background-color":"var(--ast-global-color-5)","background-image":"","background-repeat":"repeat","background-position":"center center","background-size":"auto","background-attachment":"scroll","background-type":"","background-media":"","overlay-type":"","overlay-color":"","overlay-opacity":"","overlay-gradient":""}}},"product_brand":[],"product_cat":[184,193],"product_tag":[],"class_list":{"0":"post-12160","1":"product","2":"type-product","3":"status-publish","4":"has-post-thumbnail","6":"product_cat-_","7":"product_cat--_","8":"pa_-helbest","9":"pa_-abdulla-pesew","10":"pa_-kurmanci","11":"pa_--belki","12":"desktop-align-left","13":"tablet-align-left","14":"mobile-align-left","16":"first","17":"instock","18":"shipping-taxable","19":"purchasable","20":"product-type-simple"},"yoast_head":"<!-- This site is optimized with the Yoast SEO plugin v27.4 - https:\/\/yoast.com\/product\/yoast-seo-wordpress\/ -->\n<title>Hilbijartin ji hem\u00fb d\u00eewan\u00ean w\u00ee - Abdulla Pe\u015f\u00eaw - www.shanabooks.de<\/title>\n<meta name=\"description\" content=\"Hilbijartin ji hem\u00fb d\u00eewan\u00ean w\u00ee - Abdulla Pe\u015f\u00eaw \u201c\u015ei\u00eer\u00ean Pe\u015f\u00eaw, bi gi\u015ft\u00ee de\u015fteke b\u00eas\u00eenor, bihu\u015ftekefireh \u00fb dojeheke b\u00eabin\u00ee ye.\u201dProf. Maruf Xaznedar, Karwan...\" \/>\n<meta name=\"robots\" content=\"index, follow, max-snippet:-1, max-image-preview:large, max-video-preview:-1\" \/>\n<link rel=\"canonical\" href=\"https:\/\/shanabooks.de\/product\/hilbijartin-ji-hemu-diwanen-wi-abdulla-pesew\/\" \/>\n<meta property=\"og:locale\" content=\"en_US\" \/>\n<meta property=\"og:type\" content=\"article\" \/>\n<meta property=\"og:title\" content=\"Hilbijartin ji hem\u00fb d\u00eewan\u00ean w\u00ee - Abdulla Pe\u015f\u00eaw - www.shanabooks.de\" \/>\n<meta property=\"og:description\" content=\"Hilbijartin ji hem\u00fb d\u00eewan\u00ean w\u00ee - Abdulla Pe\u015f\u00eaw \u201c\u015ei\u00eer\u00ean Pe\u015f\u00eaw, bi gi\u015ft\u00ee de\u015fteke b\u00eas\u00eenor, bihu\u015ftekefireh \u00fb dojeheke b\u00eabin\u00ee ye.\u201dProf. Maruf Xaznedar, Karwan...\" \/>\n<meta property=\"og:url\" content=\"https:\/\/shanabooks.de\/product\/hilbijartin-ji-hemu-diwanen-wi-abdulla-pesew\/\" \/>\n<meta property=\"og:site_name\" content=\"www.shanabooks.de\" \/>\n<meta property=\"article:modified_time\" content=\"2024-04-04T16:29:56+00:00\" \/>\n<meta property=\"og:image\" content=\"https:\/\/shanabooks.de\/wp-content\/uploads\/2024\/03\/Abdulla-Pesew-Hilbijartin.png\" \/>\n\t<meta property=\"og:image:width\" content=\"314\" \/>\n\t<meta property=\"og:image:height\" content=\"477\" \/>\n\t<meta property=\"og:image:type\" content=\"image\/png\" \/>\n<meta name=\"twitter:card\" content=\"summary_large_image\" \/>\n<meta name=\"twitter:label1\" content=\"Est. reading time\" \/>\n\t<meta name=\"twitter:data1\" content=\"3 minutes\" \/>\n<script type=\"application\/ld+json\" class=\"yoast-schema-graph\">{\"@context\":\"https:\\\/\\\/schema.org\",\"@graph\":[{\"@type\":\"WebPage\",\"@id\":\"https:\\\/\\\/shanabooks.de\\\/product\\\/hilbijartin-ji-hemu-diwanen-wi-abdulla-pesew\\\/\",\"url\":\"https:\\\/\\\/shanabooks.de\\\/product\\\/hilbijartin-ji-hemu-diwanen-wi-abdulla-pesew\\\/\",\"name\":\"Hilbijartin ji hem\u00fb d\u00eewan\u00ean w\u00ee - Abdulla Pe\u015f\u00eaw - www.shanabooks.de\",\"isPartOf\":{\"@id\":\"https:\\\/\\\/shanabooks.de\\\/#website\"},\"primaryImageOfPage\":{\"@id\":\"https:\\\/\\\/shanabooks.de\\\/product\\\/hilbijartin-ji-hemu-diwanen-wi-abdulla-pesew\\\/#primaryimage\"},\"image\":{\"@id\":\"https:\\\/\\\/shanabooks.de\\\/product\\\/hilbijartin-ji-hemu-diwanen-wi-abdulla-pesew\\\/#primaryimage\"},\"thumbnailUrl\":\"https:\\\/\\\/shanabooks.de\\\/wp-content\\\/uploads\\\/2024\\\/03\\\/Abdulla-Pesew-Hilbijartin.png\",\"datePublished\":\"2024-03-03T19:41:17+00:00\",\"dateModified\":\"2024-04-04T16:29:56+00:00\",\"description\":\"Hilbijartin ji hem\u00fb d\u00eewan\u00ean w\u00ee - Abdulla Pe\u015f\u00eaw \u201c\u015ei\u00eer\u00ean Pe\u015f\u00eaw, bi gi\u015ft\u00ee de\u015fteke b\u00eas\u00eenor, bihu\u015ftekefireh \u00fb dojeheke b\u00eabin\u00ee ye.\u201dProf. Maruf Xaznedar, Karwan...\",\"breadcrumb\":{\"@id\":\"https:\\\/\\\/shanabooks.de\\\/product\\\/hilbijartin-ji-hemu-diwanen-wi-abdulla-pesew\\\/#breadcrumb\"},\"inLanguage\":\"kur\",\"potentialAction\":[{\"@type\":\"ReadAction\",\"target\":[\"https:\\\/\\\/shanabooks.de\\\/product\\\/hilbijartin-ji-hemu-diwanen-wi-abdulla-pesew\\\/\"]}]},{\"@type\":\"ImageObject\",\"inLanguage\":\"kur\",\"@id\":\"https:\\\/\\\/shanabooks.de\\\/product\\\/hilbijartin-ji-hemu-diwanen-wi-abdulla-pesew\\\/#primaryimage\",\"url\":\"https:\\\/\\\/shanabooks.de\\\/wp-content\\\/uploads\\\/2024\\\/03\\\/Abdulla-Pesew-Hilbijartin.png\",\"contentUrl\":\"https:\\\/\\\/shanabooks.de\\\/wp-content\\\/uploads\\\/2024\\\/03\\\/Abdulla-Pesew-Hilbijartin.png\",\"width\":314,\"height\":477,\"caption\":\"Hilbijartin ji hem\u00fb d\u00eewan\u00ean w\u00ee - Abdulla Pe\u015f\u00eaw - pirt\u00fbk\u00ean kurd\u00ee - helbest\"},{\"@type\":\"BreadcrumbList\",\"@id\":\"https:\\\/\\\/shanabooks.de\\\/product\\\/hilbijartin-ji-hemu-diwanen-wi-abdulla-pesew\\\/#breadcrumb\",\"itemListElement\":[{\"@type\":\"ListItem\",\"position\":1,\"name\":\"\u0627\u0644\u0631\u0626\u064a\u0633\u064a\u0629\",\"item\":\"https:\\\/\\\/shanabooks.de\\\/kur\\\/\"},{\"@type\":\"ListItem\",\"position\":2,\"name\":\"\u0627\u0644\u0645\u0646\u062a\u062c\u0627\u062a\",\"item\":\"https:\\\/\\\/shanabooks.de\\\/shop\\\/\"},{\"@type\":\"ListItem\",\"position\":3,\"name\":\"Abdulla Pe\u015f\u00eaw &#8211; Hilbijartin ji hem\u00fb d\u00eewan\u00ean w\u00ee\"}]},{\"@type\":\"WebSite\",\"@id\":\"https:\\\/\\\/shanabooks.de\\\/#website\",\"url\":\"https:\\\/\\\/shanabooks.de\\\/\",\"name\":\"www.shanbooks.de\",\"description\":\"C\u00eehana Pirt\u00fbk\u00ean Kurd\u00ee \u0645\u0643\u062a\u0628\u0629 \u0634\u0627\u0646\u0627 \u0641\u064a \u0627\u0644\u0645\u0627\u0646\u064a\u0627 \u0648\u0623\u0648\u0631\u0628\u0627\",\"publisher\":{\"@id\":\"https:\\\/\\\/shanabooks.de\\\/#organization\"},\"potentialAction\":[{\"@type\":\"SearchAction\",\"target\":{\"@type\":\"EntryPoint\",\"urlTemplate\":\"https:\\\/\\\/shanabooks.de\\\/?s={search_term_string}\"},\"query-input\":{\"@type\":\"PropertyValueSpecification\",\"valueRequired\":true,\"valueName\":\"search_term_string\"}}],\"inLanguage\":\"kur\"},{\"@type\":\"Organization\",\"@id\":\"https:\\\/\\\/shanabooks.de\\\/#organization\",\"name\":\"www.shanbooks.de\",\"url\":\"https:\\\/\\\/shanabooks.de\\\/\",\"logo\":{\"@type\":\"ImageObject\",\"inLanguage\":\"kur\",\"@id\":\"https:\\\/\\\/shanabooks.de\\\/#\\\/schema\\\/logo\\\/image\\\/\",\"url\":\"https:\\\/\\\/shanabooks.de\\\/wp-content\\\/uploads\\\/2024\\\/03\\\/SHANABOOKS__2_-removebg-preview.png\",\"contentUrl\":\"https:\\\/\\\/shanabooks.de\\\/wp-content\\\/uploads\\\/2024\\\/03\\\/SHANABOOKS__2_-removebg-preview.png\",\"width\":700,\"height\":150,\"caption\":\"www.shanbooks.de\"},\"image\":{\"@id\":\"https:\\\/\\\/shanabooks.de\\\/#\\\/schema\\\/logo\\\/image\\\/\"}}]}<\/script>\n<!-- \/ Yoast SEO plugin. -->","yoast_head_json":{"title":"Hilbijartin ji hem\u00fb d\u00eewan\u00ean w\u00ee - Abdulla Pe\u015f\u00eaw - www.shanabooks.de","description":"Hilbijartin ji hem\u00fb d\u00eewan\u00ean w\u00ee - Abdulla Pe\u015f\u00eaw \u201c\u015ei\u00eer\u00ean Pe\u015f\u00eaw, bi gi\u015ft\u00ee de\u015fteke b\u00eas\u00eenor, bihu\u015ftekefireh \u00fb dojeheke b\u00eabin\u00ee ye.\u201dProf. Maruf Xaznedar, Karwan...","robots":{"index":"index","follow":"follow","max-snippet":"max-snippet:-1","max-image-preview":"max-image-preview:large","max-video-preview":"max-video-preview:-1"},"canonical":"https:\/\/shanabooks.de\/product\/hilbijartin-ji-hemu-diwanen-wi-abdulla-pesew\/","og_locale":"en_US","og_type":"article","og_title":"Hilbijartin ji hem\u00fb d\u00eewan\u00ean w\u00ee - Abdulla Pe\u015f\u00eaw - www.shanabooks.de","og_description":"Hilbijartin ji hem\u00fb d\u00eewan\u00ean w\u00ee - Abdulla Pe\u015f\u00eaw \u201c\u015ei\u00eer\u00ean Pe\u015f\u00eaw, bi gi\u015ft\u00ee de\u015fteke b\u00eas\u00eenor, bihu\u015ftekefireh \u00fb dojeheke b\u00eabin\u00ee ye.\u201dProf. Maruf Xaznedar, Karwan...","og_url":"https:\/\/shanabooks.de\/product\/hilbijartin-ji-hemu-diwanen-wi-abdulla-pesew\/","og_site_name":"www.shanabooks.de","article_modified_time":"2024-04-04T16:29:56+00:00","og_image":[{"width":314,"height":477,"url":"https:\/\/shanabooks.de\/wp-content\/uploads\/2024\/03\/Abdulla-Pesew-Hilbijartin.png","type":"image\/png"}],"twitter_card":"summary_large_image","twitter_misc":{"Est. reading time":"3 minutes"},"schema":{"@context":"https:\/\/schema.org","@graph":[{"@type":"WebPage","@id":"https:\/\/shanabooks.de\/product\/hilbijartin-ji-hemu-diwanen-wi-abdulla-pesew\/","url":"https:\/\/shanabooks.de\/product\/hilbijartin-ji-hemu-diwanen-wi-abdulla-pesew\/","name":"Hilbijartin ji hem\u00fb d\u00eewan\u00ean w\u00ee - Abdulla Pe\u015f\u00eaw - www.shanabooks.de","isPartOf":{"@id":"https:\/\/shanabooks.de\/#website"},"primaryImageOfPage":{"@id":"https:\/\/shanabooks.de\/product\/hilbijartin-ji-hemu-diwanen-wi-abdulla-pesew\/#primaryimage"},"image":{"@id":"https:\/\/shanabooks.de\/product\/hilbijartin-ji-hemu-diwanen-wi-abdulla-pesew\/#primaryimage"},"thumbnailUrl":"https:\/\/shanabooks.de\/wp-content\/uploads\/2024\/03\/Abdulla-Pesew-Hilbijartin.png","datePublished":"2024-03-03T19:41:17+00:00","dateModified":"2024-04-04T16:29:56+00:00","description":"Hilbijartin ji hem\u00fb d\u00eewan\u00ean w\u00ee - Abdulla Pe\u015f\u00eaw \u201c\u015ei\u00eer\u00ean Pe\u015f\u00eaw, bi gi\u015ft\u00ee de\u015fteke b\u00eas\u00eenor, bihu\u015ftekefireh \u00fb dojeheke b\u00eabin\u00ee ye.\u201dProf. Maruf Xaznedar, Karwan...","breadcrumb":{"@id":"https:\/\/shanabooks.de\/product\/hilbijartin-ji-hemu-diwanen-wi-abdulla-pesew\/#breadcrumb"},"inLanguage":"kur","potentialAction":[{"@type":"ReadAction","target":["https:\/\/shanabooks.de\/product\/hilbijartin-ji-hemu-diwanen-wi-abdulla-pesew\/"]}]},{"@type":"ImageObject","inLanguage":"kur","@id":"https:\/\/shanabooks.de\/product\/hilbijartin-ji-hemu-diwanen-wi-abdulla-pesew\/#primaryimage","url":"https:\/\/shanabooks.de\/wp-content\/uploads\/2024\/03\/Abdulla-Pesew-Hilbijartin.png","contentUrl":"https:\/\/shanabooks.de\/wp-content\/uploads\/2024\/03\/Abdulla-Pesew-Hilbijartin.png","width":314,"height":477,"caption":"Hilbijartin ji hem\u00fb d\u00eewan\u00ean w\u00ee - Abdulla Pe\u015f\u00eaw - pirt\u00fbk\u00ean kurd\u00ee - helbest"},{"@type":"BreadcrumbList","@id":"https:\/\/shanabooks.de\/product\/hilbijartin-ji-hemu-diwanen-wi-abdulla-pesew\/#breadcrumb","itemListElement":[{"@type":"ListItem","position":1,"name":"\u0627\u0644\u0631\u0626\u064a\u0633\u064a\u0629","item":"https:\/\/shanabooks.de\/kur\/"},{"@type":"ListItem","position":2,"name":"\u0627\u0644\u0645\u0646\u062a\u062c\u0627\u062a","item":"https:\/\/shanabooks.de\/shop\/"},{"@type":"ListItem","position":3,"name":"Abdulla Pe\u015f\u00eaw &#8211; Hilbijartin ji hem\u00fb d\u00eewan\u00ean w\u00ee"}]},{"@type":"WebSite","@id":"https:\/\/shanabooks.de\/#website","url":"https:\/\/shanabooks.de\/","name":"www.shanbooks.de","description":"C\u00eehana Pirt\u00fbk\u00ean Kurd\u00ee \u0645\u0643\u062a\u0628\u0629 \u0634\u0627\u0646\u0627 \u0641\u064a \u0627\u0644\u0645\u0627\u0646\u064a\u0627 \u0648\u0623\u0648\u0631\u0628\u0627","publisher":{"@id":"https:\/\/shanabooks.de\/#organization"},"potentialAction":[{"@type":"SearchAction","target":{"@type":"EntryPoint","urlTemplate":"https:\/\/shanabooks.de\/?s={search_term_string}"},"query-input":{"@type":"PropertyValueSpecification","valueRequired":true,"valueName":"search_term_string"}}],"inLanguage":"kur"},{"@type":"Organization","@id":"https:\/\/shanabooks.de\/#organization","name":"www.shanbooks.de","url":"https:\/\/shanabooks.de\/","logo":{"@type":"ImageObject","inLanguage":"kur","@id":"https:\/\/shanabooks.de\/#\/schema\/logo\/image\/","url":"https:\/\/shanabooks.de\/wp-content\/uploads\/2024\/03\/SHANABOOKS__2_-removebg-preview.png","contentUrl":"https:\/\/shanabooks.de\/wp-content\/uploads\/2024\/03\/SHANABOOKS__2_-removebg-preview.png","width":700,"height":150,"caption":"www.shanbooks.de"},"image":{"@id":"https:\/\/shanabooks.de\/#\/schema\/logo\/image\/"}}]}},"jetpack_sharing_enabled":true,"_links":{"self":[{"href":"https:\/\/shanabooks.de\/kur\/wp-json\/wp\/v2\/product\/12160","targetHints":{"allow":["GET"]}}],"collection":[{"href":"https:\/\/shanabooks.de\/kur\/wp-json\/wp\/v2\/product"}],"about":[{"href":"https:\/\/shanabooks.de\/kur\/wp-json\/wp\/v2\/types\/product"}],"version-history":[{"count":3,"href":"https:\/\/shanabooks.de\/kur\/wp-json\/wp\/v2\/product\/12160\/revisions"}],"predecessor-version":[{"id":22893,"href":"https:\/\/shanabooks.de\/kur\/wp-json\/wp\/v2\/product\/12160\/revisions\/22893"}],"wp:featuredmedia":[{"embeddable":true,"href":"https:\/\/shanabooks.de\/kur\/wp-json\/wp\/v2\/media\/12248"}],"wp:attachment":[{"href":"https:\/\/shanabooks.de\/kur\/wp-json\/wp\/v2\/media?parent=12160"}],"wp:term":[{"taxonomy":"product_brand","embeddable":true,"href":"https:\/\/shanabooks.de\/kur\/wp-json\/wp\/v2\/product_brand?post=12160"},{"taxonomy":"product_cat","embeddable":true,"href":"https:\/\/shanabooks.de\/kur\/wp-json\/wp\/v2\/product_cat?post=12160"},{"taxonomy":"product_tag","embeddable":true,"href":"https:\/\/shanabooks.de\/kur\/wp-json\/wp\/v2\/product_tag?post=12160"}],"curies":[{"name":"wp","href":"https:\/\/api.w.org\/{rel}","templated":true}]}}