{"id":12197,"date":"2024-03-03T19:41:41","date_gmt":"2024-03-03T19:41:41","guid":{"rendered":"https:\/\/shanabooks.de\/?post_type=product&#038;p=12197"},"modified":"2025-12-31T17:18:35","modified_gmt":"2025-12-31T17:18:35","slug":"sev-nine-hun-neyene-xewna-min-cild-2-abdulla-pesew","status":"publish","type":"product","link":"https:\/\/shanabooks.de\/kur\/product\/sev-nine-hun-neyene-xewna-min-cild-2-abdulla-pesew\/","title":{"rendered":"\u015eev n\u00eene h\u00fbn ney\u00eane xewna min (cild 2)"},"content":{"rendered":"<p dir=\"ltr\"><strong>\u015eev n\u00eene h\u00fbn ney\u00eane xewna min (Cild 2) &#8211; Abdulla Pe\u015f\u00eaw<\/strong><\/p>\n<p dir=\"ltr\"><span style=\"font-family: Verdana\">Ev berg di bin sernav\u00ea \u015eew Niye Xewntan P\u00eawe Neb\u00eenim (\u015eev N\u00eene H\u00fbn Ney\u00eane Xewna Min) ji berhevoka Roj Niye L\u00eatan T\u00fbrre Nebim (Roj N\u00eene li We H\u00ears Nebim) \u00fb ji her du d\u00eewan\u00ean \u015eew Niye Xewntan P\u00eawe Neb\u00eenim (\u015eev N\u00eene H\u00fbn Ney\u00eane Xewna Min) \u00fb Bir\u00fbske\u00e7andin\u00ea (Bir\u00fbsk\u00e7andin) p\u00eak t\u00ea\u2026<br \/>\n<\/span><span style=\"font-family: Verdana\">Xwendevan di v\u00ea berg\u00ea de d\u00ea rast\u00ee wan helbest\u00ean Abdulla Pe\u015f\u00eaw b\u00ean ku di l\u00fbtkeya afir\u00eeneriy\u00ea de hatine niv\u00ees\u00een \u00fb xwediy\u00ea xwe gihandiye bandeva hunera helbest\u00ea. Bi taybet\u00ee helbest\u00ean Eger Em Care B\u00eamewe, Lew Rojewe Legellma N\u00eet, Bo Qerec\u00eak, Mezad, Sedan Sall e, Tirs, Ta \u00c7iray \u00came Nes\u00fbt\u00ea \u00fb \u00e7end helbest\u00ean din deng\u00ea efs\u00fbn\u00ee y\u00ea Pe\u015f\u00eaw di dil \u00fb hi\u015f\u00ea mirov de diteq\u00eenin \u00fb mohreke may\u00eende li ser ruh\u00ea mirov dih\u00ealin. Ji ber v\u00ea ye ku nav\u00ea Pe\u015f\u00eaw \u00e7end s\u00eahra peyv\u00ea \u00fb \u00e7\u00eaja gotin\u00ea bi b\u00eer b\u00eene ew \u00e7end j\u00ee amaje bi teq\u00een \u00fb dengvedan\u00ea dike.<\/span><\/p>\n<p dir=\"ltr\">Helbesta \u015eev n\u00eene h\u00fbn ney\u00eane xewna min (Cild 2) ya Abdulla Pe\u015f\u00eaw e \u00fb ji Soran\u00ee ji aliy\u00ea Z\u00fclk\u00fcf Erg\u00fcn ve hatiye wergerandin bo Kurd\u00ee Kurmanc\u00ee.<\/p>\n<p dir=\"ltr\">\n","protected":false},"excerpt":{"rendered":"<p dir=\"ltr\" style=\"text-align: center\"><strong>Pirt\u00fbk: \u015eev n\u00eene h\u00fbn ney\u00eane xewna min (cild 2)<\/strong><br \/>\n<strong>Niv\u00eeskar: Abdulla Pe\u015f\u00eaw<br \/>\nCure: Helbest<\/strong><\/p>\n","protected":false},"featured_media":12266,"template":"","meta":{"site-sidebar-layout":"default","site-content-layout":"","ast-site-content-layout":"default","site-content-style":"default","site-sidebar-style":"default","ast-global-header-display":"","ast-banner-title-visibility":"","ast-main-header-display":"","ast-hfb-above-header-display":"","ast-hfb-below-header-display":"","ast-hfb-mobile-header-display":"","site-post-title":"","ast-breadcrumbs-content":"","ast-featured-img":"","footer-sml-layout":"","ast-disable-related-posts":"","theme-transparent-header-meta":"default","adv-header-id-meta":"","stick-header-meta":"","header-above-stick-meta":"","header-main-stick-meta":"","header-below-stick-meta":"","astra-migrate-meta-layouts":"set","ast-page-background-enabled":"default","ast-page-background-meta":{"desktop":{"background-color":"","background-image":"","background-repeat":"repeat","background-position":"center center","background-size":"auto","background-attachment":"scroll","background-type":"","background-media":"","overlay-type":"","overlay-color":"","overlay-opacity":"","overlay-gradient":""},"tablet":{"background-color":"","background-image":"","background-repeat":"repeat","background-position":"center center","background-size":"auto","background-attachment":"scroll","background-type":"","background-media":"","overlay-type":"","overlay-color":"","overlay-opacity":"","overlay-gradient":""},"mobile":{"background-color":"","background-image":"","background-repeat":"repeat","background-position":"center center","background-size":"auto","background-attachment":"scroll","background-type":"","background-media":"","overlay-type":"","overlay-color":"","overlay-opacity":"","overlay-gradient":""}},"ast-content-background-meta":{"desktop":{"background-color":"var(--ast-global-color-5)","background-image":"","background-repeat":"repeat","background-position":"center center","background-size":"auto","background-attachment":"scroll","background-type":"","background-media":"","overlay-type":"","overlay-color":"","overlay-opacity":"","overlay-gradient":""},"tablet":{"background-color":"var(--ast-global-color-5)","background-image":"","background-repeat":"repeat","background-position":"center center","background-size":"auto","background-attachment":"scroll","background-type":"","background-media":"","overlay-type":"","overlay-color":"","overlay-opacity":"","overlay-gradient":""},"mobile":{"background-color":"var(--ast-global-color-5)","background-image":"","background-repeat":"repeat","background-position":"center center","background-size":"auto","background-attachment":"scroll","background-type":"","background-media":"","overlay-type":"","overlay-color":"","overlay-opacity":"","overlay-gradient":""}}},"product_brand":[],"product_cat":[184,193],"product_tag":[],"class_list":{"0":"post-12197","1":"product","2":"type-product","3":"status-publish","4":"has-post-thumbnail","6":"product_cat-_","7":"product_cat--_","8":"pa_-helbest","9":"pa_-abdulla-pesew","10":"pa_-kurmanci","11":"pa_--peywend-yayinlari","12":"desktop-align-left","13":"tablet-align-left","14":"mobile-align-left","16":"first","17":"instock","18":"shipping-taxable","19":"purchasable","20":"product-type-simple"},"yoast_head":"<!-- This site is optimized with the Yoast SEO plugin v27.4 - https:\/\/yoast.com\/product\/yoast-seo-wordpress\/ -->\n<title>\u015eev n\u00eene h\u00fbn ney\u00eane xewna min (Cild 2) - Abdulla Pe\u015f\u00eaw - www.shanabooks.de<\/title>\n<meta name=\"description\" content=\"\u015eev n\u00eene h\u00fbn ney\u00eane xewna min (Cild 2) - Abdulla Pe\u015f\u00eaw Ev berg di bin sernav\u00ea \u015eew Niye Xewntan P\u00eawe Neb\u00eenim (\u015eev N\u00eene H\u00fbn Ney\u00eane Xewna Min) ji berhevoka ...\" \/>\n<meta name=\"robots\" content=\"index, follow, max-snippet:-1, max-image-preview:large, max-video-preview:-1\" \/>\n<link rel=\"canonical\" href=\"https:\/\/shanabooks.de\/product\/sev-nine-hun-neyene-xewna-min-cild-2-abdulla-pesew\/\" \/>\n<meta property=\"og:locale\" content=\"en_US\" \/>\n<meta property=\"og:type\" content=\"article\" \/>\n<meta property=\"og:title\" content=\"\u015eev n\u00eene h\u00fbn ney\u00eane xewna min (Cild 2) - Abdulla Pe\u015f\u00eaw - www.shanabooks.de\" \/>\n<meta property=\"og:description\" content=\"\u015eev n\u00eene h\u00fbn ney\u00eane xewna min (Cild 2) - Abdulla Pe\u015f\u00eaw Ev berg di bin sernav\u00ea \u015eew Niye Xewntan P\u00eawe Neb\u00eenim (\u015eev N\u00eene H\u00fbn Ney\u00eane Xewna Min) ji berhevoka ...\" \/>\n<meta property=\"og:url\" content=\"https:\/\/shanabooks.de\/product\/sev-nine-hun-neyene-xewna-min-cild-2-abdulla-pesew\/\" \/>\n<meta property=\"og:site_name\" content=\"www.shanabooks.de\" \/>\n<meta property=\"article:modified_time\" content=\"2025-12-31T17:18:35+00:00\" \/>\n<meta property=\"og:image\" content=\"https:\/\/shanabooks.de\/wp-content\/uploads\/2024\/03\/sevnameya-saireki-bi-tehni-berg-2-peywend.png\" \/>\n\t<meta property=\"og:image:width\" content=\"454\" \/>\n\t<meta property=\"og:image:height\" content=\"703\" \/>\n\t<meta property=\"og:image:type\" content=\"image\/png\" \/>\n<meta name=\"twitter:card\" content=\"summary_large_image\" \/>\n<meta name=\"twitter:label1\" content=\"Est. reading time\" \/>\n\t<meta name=\"twitter:data1\" content=\"2 minutes\" \/>\n<script type=\"application\/ld+json\" class=\"yoast-schema-graph\">{\"@context\":\"https:\\\/\\\/schema.org\",\"@graph\":[{\"@type\":\"WebPage\",\"@id\":\"https:\\\/\\\/shanabooks.de\\\/product\\\/sev-nine-hun-neyene-xewna-min-cild-2-abdulla-pesew\\\/\",\"url\":\"https:\\\/\\\/shanabooks.de\\\/product\\\/sev-nine-hun-neyene-xewna-min-cild-2-abdulla-pesew\\\/\",\"name\":\"\u015eev n\u00eene h\u00fbn ney\u00eane xewna min (Cild 2) - Abdulla Pe\u015f\u00eaw - www.shanabooks.de\",\"isPartOf\":{\"@id\":\"https:\\\/\\\/shanabooks.de\\\/#website\"},\"primaryImageOfPage\":{\"@id\":\"https:\\\/\\\/shanabooks.de\\\/product\\\/sev-nine-hun-neyene-xewna-min-cild-2-abdulla-pesew\\\/#primaryimage\"},\"image\":{\"@id\":\"https:\\\/\\\/shanabooks.de\\\/product\\\/sev-nine-hun-neyene-xewna-min-cild-2-abdulla-pesew\\\/#primaryimage\"},\"thumbnailUrl\":\"https:\\\/\\\/shanabooks.de\\\/wp-content\\\/uploads\\\/2024\\\/03\\\/sevnameya-saireki-bi-tehni-berg-2-peywend.png\",\"datePublished\":\"2024-03-03T19:41:41+00:00\",\"dateModified\":\"2025-12-31T17:18:35+00:00\",\"description\":\"\u015eev n\u00eene h\u00fbn ney\u00eane xewna min (Cild 2) - Abdulla Pe\u015f\u00eaw Ev berg di bin sernav\u00ea \u015eew Niye Xewntan P\u00eawe Neb\u00eenim (\u015eev N\u00eene H\u00fbn Ney\u00eane Xewna Min) ji berhevoka ...\",\"breadcrumb\":{\"@id\":\"https:\\\/\\\/shanabooks.de\\\/product\\\/sev-nine-hun-neyene-xewna-min-cild-2-abdulla-pesew\\\/#breadcrumb\"},\"inLanguage\":\"kur\",\"potentialAction\":[{\"@type\":\"ReadAction\",\"target\":[\"https:\\\/\\\/shanabooks.de\\\/product\\\/sev-nine-hun-neyene-xewna-min-cild-2-abdulla-pesew\\\/\"]}]},{\"@type\":\"ImageObject\",\"inLanguage\":\"kur\",\"@id\":\"https:\\\/\\\/shanabooks.de\\\/product\\\/sev-nine-hun-neyene-xewna-min-cild-2-abdulla-pesew\\\/#primaryimage\",\"url\":\"https:\\\/\\\/shanabooks.de\\\/wp-content\\\/uploads\\\/2024\\\/03\\\/sevnameya-saireki-bi-tehni-berg-2-peywend.png\",\"contentUrl\":\"https:\\\/\\\/shanabooks.de\\\/wp-content\\\/uploads\\\/2024\\\/03\\\/sevnameya-saireki-bi-tehni-berg-2-peywend.png\",\"width\":454,\"height\":703,\"caption\":\"\u015eev n\u00eene h\u00fbn ney\u00eane xewna min (cild 2) - Abdulla Pe\u015f\u00eaw - pirt\u00fbk\u00ean kurd\u00ee - helbest\"},{\"@type\":\"BreadcrumbList\",\"@id\":\"https:\\\/\\\/shanabooks.de\\\/product\\\/sev-nine-hun-neyene-xewna-min-cild-2-abdulla-pesew\\\/#breadcrumb\",\"itemListElement\":[{\"@type\":\"ListItem\",\"position\":1,\"name\":\"\u0627\u0644\u0631\u0626\u064a\u0633\u064a\u0629\",\"item\":\"https:\\\/\\\/shanabooks.de\\\/kur\\\/\"},{\"@type\":\"ListItem\",\"position\":2,\"name\":\"\u0627\u0644\u0645\u0646\u062a\u062c\u0627\u062a\",\"item\":\"https:\\\/\\\/shanabooks.de\\\/shop\\\/\"},{\"@type\":\"ListItem\",\"position\":3,\"name\":\"\u015eev n\u00eene h\u00fbn ney\u00eane xewna min (cild 2)\"}]},{\"@type\":\"WebSite\",\"@id\":\"https:\\\/\\\/shanabooks.de\\\/#website\",\"url\":\"https:\\\/\\\/shanabooks.de\\\/\",\"name\":\"www.shanbooks.de\",\"description\":\"C\u00eehana Pirt\u00fbk\u00ean Kurd\u00ee \u0645\u0643\u062a\u0628\u0629 \u0634\u0627\u0646\u0627 \u0641\u064a \u0627\u0644\u0645\u0627\u0646\u064a\u0627 \u0648\u0623\u0648\u0631\u0628\u0627\",\"publisher\":{\"@id\":\"https:\\\/\\\/shanabooks.de\\\/#organization\"},\"potentialAction\":[{\"@type\":\"SearchAction\",\"target\":{\"@type\":\"EntryPoint\",\"urlTemplate\":\"https:\\\/\\\/shanabooks.de\\\/?s={search_term_string}\"},\"query-input\":{\"@type\":\"PropertyValueSpecification\",\"valueRequired\":true,\"valueName\":\"search_term_string\"}}],\"inLanguage\":\"kur\"},{\"@type\":\"Organization\",\"@id\":\"https:\\\/\\\/shanabooks.de\\\/#organization\",\"name\":\"www.shanbooks.de\",\"url\":\"https:\\\/\\\/shanabooks.de\\\/\",\"logo\":{\"@type\":\"ImageObject\",\"inLanguage\":\"kur\",\"@id\":\"https:\\\/\\\/shanabooks.de\\\/#\\\/schema\\\/logo\\\/image\\\/\",\"url\":\"https:\\\/\\\/shanabooks.de\\\/wp-content\\\/uploads\\\/2024\\\/03\\\/SHANABOOKS__2_-removebg-preview.png\",\"contentUrl\":\"https:\\\/\\\/shanabooks.de\\\/wp-content\\\/uploads\\\/2024\\\/03\\\/SHANABOOKS__2_-removebg-preview.png\",\"width\":700,\"height\":150,\"caption\":\"www.shanbooks.de\"},\"image\":{\"@id\":\"https:\\\/\\\/shanabooks.de\\\/#\\\/schema\\\/logo\\\/image\\\/\"}}]}<\/script>\n<!-- \/ Yoast SEO plugin. -->","yoast_head_json":{"title":"\u015eev n\u00eene h\u00fbn ney\u00eane xewna min (Cild 2) - Abdulla Pe\u015f\u00eaw - www.shanabooks.de","description":"\u015eev n\u00eene h\u00fbn ney\u00eane xewna min (Cild 2) - Abdulla Pe\u015f\u00eaw Ev berg di bin sernav\u00ea \u015eew Niye Xewntan P\u00eawe Neb\u00eenim (\u015eev N\u00eene H\u00fbn Ney\u00eane Xewna Min) ji berhevoka ...","robots":{"index":"index","follow":"follow","max-snippet":"max-snippet:-1","max-image-preview":"max-image-preview:large","max-video-preview":"max-video-preview:-1"},"canonical":"https:\/\/shanabooks.de\/product\/sev-nine-hun-neyene-xewna-min-cild-2-abdulla-pesew\/","og_locale":"en_US","og_type":"article","og_title":"\u015eev n\u00eene h\u00fbn ney\u00eane xewna min (Cild 2) - Abdulla Pe\u015f\u00eaw - www.shanabooks.de","og_description":"\u015eev n\u00eene h\u00fbn ney\u00eane xewna min (Cild 2) - Abdulla Pe\u015f\u00eaw Ev berg di bin sernav\u00ea \u015eew Niye Xewntan P\u00eawe Neb\u00eenim (\u015eev N\u00eene H\u00fbn Ney\u00eane Xewna Min) ji berhevoka ...","og_url":"https:\/\/shanabooks.de\/product\/sev-nine-hun-neyene-xewna-min-cild-2-abdulla-pesew\/","og_site_name":"www.shanabooks.de","article_modified_time":"2025-12-31T17:18:35+00:00","og_image":[{"width":454,"height":703,"url":"https:\/\/shanabooks.de\/wp-content\/uploads\/2024\/03\/sevnameya-saireki-bi-tehni-berg-2-peywend.png","type":"image\/png"}],"twitter_card":"summary_large_image","twitter_misc":{"Est. reading time":"2 minutes"},"schema":{"@context":"https:\/\/schema.org","@graph":[{"@type":"WebPage","@id":"https:\/\/shanabooks.de\/product\/sev-nine-hun-neyene-xewna-min-cild-2-abdulla-pesew\/","url":"https:\/\/shanabooks.de\/product\/sev-nine-hun-neyene-xewna-min-cild-2-abdulla-pesew\/","name":"\u015eev n\u00eene h\u00fbn ney\u00eane xewna min (Cild 2) - Abdulla Pe\u015f\u00eaw - www.shanabooks.de","isPartOf":{"@id":"https:\/\/shanabooks.de\/#website"},"primaryImageOfPage":{"@id":"https:\/\/shanabooks.de\/product\/sev-nine-hun-neyene-xewna-min-cild-2-abdulla-pesew\/#primaryimage"},"image":{"@id":"https:\/\/shanabooks.de\/product\/sev-nine-hun-neyene-xewna-min-cild-2-abdulla-pesew\/#primaryimage"},"thumbnailUrl":"https:\/\/shanabooks.de\/wp-content\/uploads\/2024\/03\/sevnameya-saireki-bi-tehni-berg-2-peywend.png","datePublished":"2024-03-03T19:41:41+00:00","dateModified":"2025-12-31T17:18:35+00:00","description":"\u015eev n\u00eene h\u00fbn ney\u00eane xewna min (Cild 2) - Abdulla Pe\u015f\u00eaw Ev berg di bin sernav\u00ea \u015eew Niye Xewntan P\u00eawe Neb\u00eenim (\u015eev N\u00eene H\u00fbn Ney\u00eane Xewna Min) ji berhevoka ...","breadcrumb":{"@id":"https:\/\/shanabooks.de\/product\/sev-nine-hun-neyene-xewna-min-cild-2-abdulla-pesew\/#breadcrumb"},"inLanguage":"kur","potentialAction":[{"@type":"ReadAction","target":["https:\/\/shanabooks.de\/product\/sev-nine-hun-neyene-xewna-min-cild-2-abdulla-pesew\/"]}]},{"@type":"ImageObject","inLanguage":"kur","@id":"https:\/\/shanabooks.de\/product\/sev-nine-hun-neyene-xewna-min-cild-2-abdulla-pesew\/#primaryimage","url":"https:\/\/shanabooks.de\/wp-content\/uploads\/2024\/03\/sevnameya-saireki-bi-tehni-berg-2-peywend.png","contentUrl":"https:\/\/shanabooks.de\/wp-content\/uploads\/2024\/03\/sevnameya-saireki-bi-tehni-berg-2-peywend.png","width":454,"height":703,"caption":"\u015eev n\u00eene h\u00fbn ney\u00eane xewna min (cild 2) - Abdulla Pe\u015f\u00eaw - pirt\u00fbk\u00ean kurd\u00ee - helbest"},{"@type":"BreadcrumbList","@id":"https:\/\/shanabooks.de\/product\/sev-nine-hun-neyene-xewna-min-cild-2-abdulla-pesew\/#breadcrumb","itemListElement":[{"@type":"ListItem","position":1,"name":"\u0627\u0644\u0631\u0626\u064a\u0633\u064a\u0629","item":"https:\/\/shanabooks.de\/kur\/"},{"@type":"ListItem","position":2,"name":"\u0627\u0644\u0645\u0646\u062a\u062c\u0627\u062a","item":"https:\/\/shanabooks.de\/shop\/"},{"@type":"ListItem","position":3,"name":"\u015eev n\u00eene h\u00fbn ney\u00eane xewna min (cild 2)"}]},{"@type":"WebSite","@id":"https:\/\/shanabooks.de\/#website","url":"https:\/\/shanabooks.de\/","name":"www.shanbooks.de","description":"C\u00eehana Pirt\u00fbk\u00ean Kurd\u00ee \u0645\u0643\u062a\u0628\u0629 \u0634\u0627\u0646\u0627 \u0641\u064a \u0627\u0644\u0645\u0627\u0646\u064a\u0627 \u0648\u0623\u0648\u0631\u0628\u0627","publisher":{"@id":"https:\/\/shanabooks.de\/#organization"},"potentialAction":[{"@type":"SearchAction","target":{"@type":"EntryPoint","urlTemplate":"https:\/\/shanabooks.de\/?s={search_term_string}"},"query-input":{"@type":"PropertyValueSpecification","valueRequired":true,"valueName":"search_term_string"}}],"inLanguage":"kur"},{"@type":"Organization","@id":"https:\/\/shanabooks.de\/#organization","name":"www.shanbooks.de","url":"https:\/\/shanabooks.de\/","logo":{"@type":"ImageObject","inLanguage":"kur","@id":"https:\/\/shanabooks.de\/#\/schema\/logo\/image\/","url":"https:\/\/shanabooks.de\/wp-content\/uploads\/2024\/03\/SHANABOOKS__2_-removebg-preview.png","contentUrl":"https:\/\/shanabooks.de\/wp-content\/uploads\/2024\/03\/SHANABOOKS__2_-removebg-preview.png","width":700,"height":150,"caption":"www.shanbooks.de"},"image":{"@id":"https:\/\/shanabooks.de\/#\/schema\/logo\/image\/"}}]}},"jetpack_sharing_enabled":true,"_links":{"self":[{"href":"https:\/\/shanabooks.de\/kur\/wp-json\/wp\/v2\/product\/12197","targetHints":{"allow":["GET"]}}],"collection":[{"href":"https:\/\/shanabooks.de\/kur\/wp-json\/wp\/v2\/product"}],"about":[{"href":"https:\/\/shanabooks.de\/kur\/wp-json\/wp\/v2\/types\/product"}],"version-history":[{"count":3,"href":"https:\/\/shanabooks.de\/kur\/wp-json\/wp\/v2\/product\/12197\/revisions"}],"predecessor-version":[{"id":22469,"href":"https:\/\/shanabooks.de\/kur\/wp-json\/wp\/v2\/product\/12197\/revisions\/22469"}],"wp:featuredmedia":[{"embeddable":true,"href":"https:\/\/shanabooks.de\/kur\/wp-json\/wp\/v2\/media\/12266"}],"wp:attachment":[{"href":"https:\/\/shanabooks.de\/kur\/wp-json\/wp\/v2\/media?parent=12197"}],"wp:term":[{"taxonomy":"product_brand","embeddable":true,"href":"https:\/\/shanabooks.de\/kur\/wp-json\/wp\/v2\/product_brand?post=12197"},{"taxonomy":"product_cat","embeddable":true,"href":"https:\/\/shanabooks.de\/kur\/wp-json\/wp\/v2\/product_cat?post=12197"},{"taxonomy":"product_tag","embeddable":true,"href":"https:\/\/shanabooks.de\/kur\/wp-json\/wp\/v2\/product_tag?post=12197"}],"curies":[{"name":"wp","href":"https:\/\/api.w.org\/{rel}","templated":true}]}}