{"id":12198,"date":"2024-03-03T19:41:41","date_gmt":"2024-03-03T19:41:41","guid":{"rendered":"https:\/\/shanabooks.de\/?post_type=product&#038;p=12198"},"modified":"2024-04-04T14:28:24","modified_gmt":"2024-04-04T14:28:24","slug":"guneh-qedri-can","status":"publish","type":"product","link":"https:\/\/shanabooks.de\/kur\/product\/guneh-qedri-can\/","title":{"rendered":"Guneh"},"content":{"rendered":"<p dir=\"ltr\"><strong>Guneh &#8211; Qedr\u00ee Can<\/strong><\/p>\n<p dir=\"ltr\"><span lang=\"FR\">Di v\u00ea berhevoka \u00e7\u00eerokan a bi nav\u00ea \u201cGuneh\u201d\u00ea de, niv\u00eeskar\u00ea nemir Qedr\u00ee Can pazdeh \u00e7\u00eerok\u00ean cih\u00eareng bi zimanek\u00ee nazdar \u00fb \u015f\u00eer\u00een p\u00ea\u015fk\u00ea\u015f\u00ee me dike. <\/span><span lang=\"FR\">Di xwendina berhem\u00ean Qedr\u00ee Can de, mirov t\u00ea dib\u00eene ku Qedr\u00ee Can p\u00ea\u015feng\u00ea n\u00fbjen\u00eey\u00ea ye \u00fb w\u00ee bi rast\u00ee j\u00ee tef\u015foy\u00ea yekem di r\u00eaya \u00e7em\u00ea n\u00fbjen\u00eey\u00ea de \u00e7ikandiye; mirov digih\u00eeje w\u00ea bawer\u00eey\u00ea ku ji nav nif\u015f\u00ea serdema Hawar\u00ea, \u00ea her\u00ee n\u00eaz\u00ee g\u00eeyan\u00ea ciwan\u00eey\u00ea, niw\u00eaner\u00ea n\u00fbjenxwaz\u00eey\u00ea \u00fb dijmin\u00ea klas\u00eezm\u00ea Qedr\u00ee Can e. Ev yek hem ji \u015f\u00eawey\u00ea bikaran\u00eena w\u00ee ya zim\u00ean \u00fb hem ji naveroka mijar\u00ean w\u00ee d\u00eeyar dibe.<br \/>\n<\/span><span lang=\"FR\">Piran\u00eeya \u00e7\u00eerok\u00ean Qedr\u00ee Can li ser rabihur\u00eey\u00ea \u00fb dema zarokat\u00eey\u00ea ne. Di \u00e7\u00eeroka \u201cSerencam\u201d\u00ea de, niv\u00eeskar serp\u00eahat\u00eeya xwe \u00fb biray\u00ea xwe Feth\u00ee ya zarokat\u00eey\u00ea t\u00eene zim\u00ean.\u00a0\u00a0Di \u00e7\u00eerok\u00ea de, niv\u00eeskar\u00ea me xwe wek\u00ee s\u00fbcdar \u00fb gunehkar\u00ea mirina biray\u00ea xwe dib\u00eene ku em bi x\u00eara v\u00ea \u00e7\u00eerok\u00ea temen\u00ea niv\u00eesk\u00ear j\u00ee dinasin.<br \/>\n<\/span><span lang=\"FR\">\u00c7\u00eeroka \u201cRov\u00eey\u00ea xap\u00eenok\u201d ji folklora Kurd\u00ee hatiye wergirtin. Mijara \u00e7\u00eerok\u00ea li ser xapandin \u00fb r\u00eep\u00ean rov\u00ee ye, li ser pep\u00fbk\u00ee \u00fb \u00e7avpehnkirina kewk \u00fb \u00e7\u00ea\u00e7ika mir\u00ee\u015fkan e.<br \/>\n<\/span><span lang=\"FR\">Di \u00e7\u00eeroka \u201cSeh\u00ean Zozanan\u201d de, niv\u00eeskar wek\u00ee ku serp\u00eahat\u00eeya v\u00ea \u00e7\u00eerok\u00ea j\u00ea re hatiye gotin diniv\u00eese. Dib\u00eaje: \u201c\u00c7\u00eeroka seh\u00ean zozanan ne derew e \u00fb ne ti\u015ftek\u00ee xeyal\u00ee ye. Min, bi \u00e7av\u00ea xwe ned\u00eetiye, l\u00ea min bi guh\u00ea xwe bih\u00eestiye\u2026\u201d<br \/>\n<\/span><span lang=\"FR\">Bi zimanek\u00ee rewan \u00fb qelemeke z\u00ear\u00een, p\u00ea\u015feng\u00ea n\u00fbjen\u00eey\u00ea \u00fb berdevk\u00ea kenegir\u00eeya zarokat\u00eeya xwe \u00fb me, Qedr\u00ee Can me di \u00e7ivangey\u00ean \u00e7\u00eerob\u00eaj\u00eeya xwe ya hestyar de diz\u00eezik\u00eene<\/span><\/p>\n","protected":false},"excerpt":{"rendered":"<p dir=\"ltr\" style=\"text-align: center\"><strong>Pirt\u00fbk: Guneh<br \/>\nNiv\u00eeskar: Qedr\u00ee Can<\/strong><br \/>\n<strong>Cure: \u00e7\u00eerok<\/strong><\/p>\n","protected":false},"featured_media":12268,"template":"","meta":{"site-sidebar-layout":"default","site-content-layout":"","ast-site-content-layout":"default","site-content-style":"default","site-sidebar-style":"default","ast-global-header-display":"","ast-banner-title-visibility":"","ast-main-header-display":"","ast-hfb-above-header-display":"","ast-hfb-below-header-display":"","ast-hfb-mobile-header-display":"","site-post-title":"","ast-breadcrumbs-content":"","ast-featured-img":"","footer-sml-layout":"","ast-disable-related-posts":"","theme-transparent-header-meta":"default","adv-header-id-meta":"","stick-header-meta":"","header-above-stick-meta":"","header-main-stick-meta":"","header-below-stick-meta":"","astra-migrate-meta-layouts":"set","ast-page-background-enabled":"default","ast-page-background-meta":{"desktop":{"background-color":"","background-image":"","background-repeat":"repeat","background-position":"center center","background-size":"auto","background-attachment":"scroll","background-type":"","background-media":"","overlay-type":"","overlay-color":"","overlay-opacity":"","overlay-gradient":""},"tablet":{"background-color":"","background-image":"","background-repeat":"repeat","background-position":"center center","background-size":"auto","background-attachment":"scroll","background-type":"","background-media":"","overlay-type":"","overlay-color":"","overlay-opacity":"","overlay-gradient":""},"mobile":{"background-color":"","background-image":"","background-repeat":"repeat","background-position":"center center","background-size":"auto","background-attachment":"scroll","background-type":"","background-media":"","overlay-type":"","overlay-color":"","overlay-opacity":"","overlay-gradient":""}},"ast-content-background-meta":{"desktop":{"background-color":"var(--ast-global-color-5)","background-image":"","background-repeat":"repeat","background-position":"center center","background-size":"auto","background-attachment":"scroll","background-type":"","background-media":"","overlay-type":"","overlay-color":"","overlay-opacity":"","overlay-gradient":""},"tablet":{"background-color":"var(--ast-global-color-5)","background-image":"","background-repeat":"repeat","background-position":"center center","background-size":"auto","background-attachment":"scroll","background-type":"","background-media":"","overlay-type":"","overlay-color":"","overlay-opacity":"","overlay-gradient":""},"mobile":{"background-color":"var(--ast-global-color-5)","background-image":"","background-repeat":"repeat","background-position":"center center","background-size":"auto","background-attachment":"scroll","background-type":"","background-media":"","overlay-type":"","overlay-color":"","overlay-opacity":"","overlay-gradient":""}}},"product_brand":[],"product_cat":[183,193],"product_tag":[],"class_list":{"0":"post-12198","1":"product","2":"type-product","3":"status-publish","4":"has-post-thumbnail","6":"product_cat-_","7":"product_cat--_","8":"pa_-cirok","9":"pa_-qedri-can","10":"pa_-kurmanci","11":"pa_--lis-yayinevi","12":"desktop-align-left","13":"tablet-align-left","14":"mobile-align-left","16":"first","17":"instock","18":"shipping-taxable","19":"purchasable","20":"product-type-simple"},"yoast_head":"<!-- This site is optimized with the Yoast SEO plugin v27.4 - https:\/\/yoast.com\/product\/yoast-seo-wordpress\/ -->\n<title>Guneh - Qedr\u00ee Can - www.shanabooks.de<\/title>\n<meta name=\"description\" content=\"Guneh - Qedr\u00ee Can Di v\u00ea berhevoka \u00e7\u00eerokan a bi nav\u00ea \u201cGuneh\u201d\u00ea de, niv\u00eeskar\u00ea nemir Qedr\u00ee Can pazdeh \u00e7\u00eerok\u00ean cih\u00eareng bi zimanek\u00ee nazdar \u00fb \u015f\u00eer\u00een p\u00ea\u015fk\u00ea\u015f\u00ee me...\" \/>\n<meta name=\"robots\" content=\"index, follow, max-snippet:-1, max-image-preview:large, max-video-preview:-1\" \/>\n<link rel=\"canonical\" href=\"https:\/\/shanabooks.de\/product\/guneh-qedri-can\/\" \/>\n<meta property=\"og:locale\" content=\"en_US\" \/>\n<meta property=\"og:type\" content=\"article\" \/>\n<meta property=\"og:title\" content=\"Guneh - Qedr\u00ee Can - www.shanabooks.de\" \/>\n<meta property=\"og:description\" content=\"Guneh - Qedr\u00ee Can Di v\u00ea berhevoka \u00e7\u00eerokan a bi nav\u00ea \u201cGuneh\u201d\u00ea de, niv\u00eeskar\u00ea nemir Qedr\u00ee Can pazdeh \u00e7\u00eerok\u00ean cih\u00eareng bi zimanek\u00ee nazdar \u00fb \u015f\u00eer\u00een p\u00ea\u015fk\u00ea\u015f\u00ee me...\" \/>\n<meta property=\"og:url\" content=\"https:\/\/shanabooks.de\/product\/guneh-qedri-can\/\" \/>\n<meta property=\"og:site_name\" content=\"www.shanabooks.de\" \/>\n<meta property=\"article:modified_time\" content=\"2024-04-04T14:28:24+00:00\" \/>\n<meta property=\"og:image\" content=\"https:\/\/shanabooks.de\/wp-content\/uploads\/2024\/03\/guneh.png\" \/>\n\t<meta property=\"og:image:width\" content=\"293\" \/>\n\t<meta property=\"og:image:height\" content=\"475\" \/>\n\t<meta property=\"og:image:type\" content=\"image\/png\" \/>\n<meta name=\"twitter:card\" content=\"summary_large_image\" \/>\n<meta name=\"twitter:label1\" content=\"Est. reading time\" \/>\n\t<meta name=\"twitter:data1\" content=\"2 minutes\" \/>\n<script type=\"application\/ld+json\" class=\"yoast-schema-graph\">{\"@context\":\"https:\\\/\\\/schema.org\",\"@graph\":[{\"@type\":\"WebPage\",\"@id\":\"https:\\\/\\\/shanabooks.de\\\/product\\\/guneh-qedri-can\\\/\",\"url\":\"https:\\\/\\\/shanabooks.de\\\/product\\\/guneh-qedri-can\\\/\",\"name\":\"Guneh - Qedr\u00ee Can - www.shanabooks.de\",\"isPartOf\":{\"@id\":\"https:\\\/\\\/shanabooks.de\\\/#website\"},\"primaryImageOfPage\":{\"@id\":\"https:\\\/\\\/shanabooks.de\\\/product\\\/guneh-qedri-can\\\/#primaryimage\"},\"image\":{\"@id\":\"https:\\\/\\\/shanabooks.de\\\/product\\\/guneh-qedri-can\\\/#primaryimage\"},\"thumbnailUrl\":\"https:\\\/\\\/shanabooks.de\\\/wp-content\\\/uploads\\\/2024\\\/03\\\/guneh.png\",\"datePublished\":\"2024-03-03T19:41:41+00:00\",\"dateModified\":\"2024-04-04T14:28:24+00:00\",\"description\":\"Guneh - Qedr\u00ee Can Di v\u00ea berhevoka \u00e7\u00eerokan a bi nav\u00ea \u201cGuneh\u201d\u00ea de, niv\u00eeskar\u00ea nemir Qedr\u00ee Can pazdeh \u00e7\u00eerok\u00ean cih\u00eareng bi zimanek\u00ee nazdar \u00fb \u015f\u00eer\u00een p\u00ea\u015fk\u00ea\u015f\u00ee me...\",\"breadcrumb\":{\"@id\":\"https:\\\/\\\/shanabooks.de\\\/product\\\/guneh-qedri-can\\\/#breadcrumb\"},\"inLanguage\":\"kur\",\"potentialAction\":[{\"@type\":\"ReadAction\",\"target\":[\"https:\\\/\\\/shanabooks.de\\\/product\\\/guneh-qedri-can\\\/\"]}]},{\"@type\":\"ImageObject\",\"inLanguage\":\"kur\",\"@id\":\"https:\\\/\\\/shanabooks.de\\\/product\\\/guneh-qedri-can\\\/#primaryimage\",\"url\":\"https:\\\/\\\/shanabooks.de\\\/wp-content\\\/uploads\\\/2024\\\/03\\\/guneh.png\",\"contentUrl\":\"https:\\\/\\\/shanabooks.de\\\/wp-content\\\/uploads\\\/2024\\\/03\\\/guneh.png\",\"width\":293,\"height\":475,\"caption\":\"Guneh - Qedr\u00ee Can - pirt\u00fbk\u00ean kurd\u00ee - \u00e7\u00eerok\"},{\"@type\":\"BreadcrumbList\",\"@id\":\"https:\\\/\\\/shanabooks.de\\\/product\\\/guneh-qedri-can\\\/#breadcrumb\",\"itemListElement\":[{\"@type\":\"ListItem\",\"position\":1,\"name\":\"\u0627\u0644\u0631\u0626\u064a\u0633\u064a\u0629\",\"item\":\"https:\\\/\\\/shanabooks.de\\\/kur\\\/\"},{\"@type\":\"ListItem\",\"position\":2,\"name\":\"\u0627\u0644\u0645\u0646\u062a\u062c\u0627\u062a\",\"item\":\"https:\\\/\\\/shanabooks.de\\\/shop\\\/\"},{\"@type\":\"ListItem\",\"position\":3,\"name\":\"Guneh\"}]},{\"@type\":\"WebSite\",\"@id\":\"https:\\\/\\\/shanabooks.de\\\/#website\",\"url\":\"https:\\\/\\\/shanabooks.de\\\/\",\"name\":\"www.shanbooks.de\",\"description\":\"C\u00eehana Pirt\u00fbk\u00ean Kurd\u00ee \u0645\u0643\u062a\u0628\u0629 \u0634\u0627\u0646\u0627 \u0641\u064a \u0627\u0644\u0645\u0627\u0646\u064a\u0627 \u0648\u0623\u0648\u0631\u0628\u0627\",\"publisher\":{\"@id\":\"https:\\\/\\\/shanabooks.de\\\/#organization\"},\"potentialAction\":[{\"@type\":\"SearchAction\",\"target\":{\"@type\":\"EntryPoint\",\"urlTemplate\":\"https:\\\/\\\/shanabooks.de\\\/?s={search_term_string}\"},\"query-input\":{\"@type\":\"PropertyValueSpecification\",\"valueRequired\":true,\"valueName\":\"search_term_string\"}}],\"inLanguage\":\"kur\"},{\"@type\":\"Organization\",\"@id\":\"https:\\\/\\\/shanabooks.de\\\/#organization\",\"name\":\"www.shanbooks.de\",\"url\":\"https:\\\/\\\/shanabooks.de\\\/\",\"logo\":{\"@type\":\"ImageObject\",\"inLanguage\":\"kur\",\"@id\":\"https:\\\/\\\/shanabooks.de\\\/#\\\/schema\\\/logo\\\/image\\\/\",\"url\":\"https:\\\/\\\/shanabooks.de\\\/wp-content\\\/uploads\\\/2024\\\/03\\\/SHANABOOKS__2_-removebg-preview.png\",\"contentUrl\":\"https:\\\/\\\/shanabooks.de\\\/wp-content\\\/uploads\\\/2024\\\/03\\\/SHANABOOKS__2_-removebg-preview.png\",\"width\":700,\"height\":150,\"caption\":\"www.shanbooks.de\"},\"image\":{\"@id\":\"https:\\\/\\\/shanabooks.de\\\/#\\\/schema\\\/logo\\\/image\\\/\"}}]}<\/script>\n<!-- \/ Yoast SEO plugin. -->","yoast_head_json":{"title":"Guneh - Qedr\u00ee Can - www.shanabooks.de","description":"Guneh - Qedr\u00ee Can Di v\u00ea berhevoka \u00e7\u00eerokan a bi nav\u00ea \u201cGuneh\u201d\u00ea de, niv\u00eeskar\u00ea nemir Qedr\u00ee Can pazdeh \u00e7\u00eerok\u00ean cih\u00eareng bi zimanek\u00ee nazdar \u00fb \u015f\u00eer\u00een p\u00ea\u015fk\u00ea\u015f\u00ee me...","robots":{"index":"index","follow":"follow","max-snippet":"max-snippet:-1","max-image-preview":"max-image-preview:large","max-video-preview":"max-video-preview:-1"},"canonical":"https:\/\/shanabooks.de\/product\/guneh-qedri-can\/","og_locale":"en_US","og_type":"article","og_title":"Guneh - Qedr\u00ee Can - www.shanabooks.de","og_description":"Guneh - Qedr\u00ee Can Di v\u00ea berhevoka \u00e7\u00eerokan a bi nav\u00ea \u201cGuneh\u201d\u00ea de, niv\u00eeskar\u00ea nemir Qedr\u00ee Can pazdeh \u00e7\u00eerok\u00ean cih\u00eareng bi zimanek\u00ee nazdar \u00fb \u015f\u00eer\u00een p\u00ea\u015fk\u00ea\u015f\u00ee me...","og_url":"https:\/\/shanabooks.de\/product\/guneh-qedri-can\/","og_site_name":"www.shanabooks.de","article_modified_time":"2024-04-04T14:28:24+00:00","og_image":[{"width":293,"height":475,"url":"https:\/\/shanabooks.de\/wp-content\/uploads\/2024\/03\/guneh.png","type":"image\/png"}],"twitter_card":"summary_large_image","twitter_misc":{"Est. reading time":"2 minutes"},"schema":{"@context":"https:\/\/schema.org","@graph":[{"@type":"WebPage","@id":"https:\/\/shanabooks.de\/product\/guneh-qedri-can\/","url":"https:\/\/shanabooks.de\/product\/guneh-qedri-can\/","name":"Guneh - Qedr\u00ee Can - www.shanabooks.de","isPartOf":{"@id":"https:\/\/shanabooks.de\/#website"},"primaryImageOfPage":{"@id":"https:\/\/shanabooks.de\/product\/guneh-qedri-can\/#primaryimage"},"image":{"@id":"https:\/\/shanabooks.de\/product\/guneh-qedri-can\/#primaryimage"},"thumbnailUrl":"https:\/\/shanabooks.de\/wp-content\/uploads\/2024\/03\/guneh.png","datePublished":"2024-03-03T19:41:41+00:00","dateModified":"2024-04-04T14:28:24+00:00","description":"Guneh - Qedr\u00ee Can Di v\u00ea berhevoka \u00e7\u00eerokan a bi nav\u00ea \u201cGuneh\u201d\u00ea de, niv\u00eeskar\u00ea nemir Qedr\u00ee Can pazdeh \u00e7\u00eerok\u00ean cih\u00eareng bi zimanek\u00ee nazdar \u00fb \u015f\u00eer\u00een p\u00ea\u015fk\u00ea\u015f\u00ee me...","breadcrumb":{"@id":"https:\/\/shanabooks.de\/product\/guneh-qedri-can\/#breadcrumb"},"inLanguage":"kur","potentialAction":[{"@type":"ReadAction","target":["https:\/\/shanabooks.de\/product\/guneh-qedri-can\/"]}]},{"@type":"ImageObject","inLanguage":"kur","@id":"https:\/\/shanabooks.de\/product\/guneh-qedri-can\/#primaryimage","url":"https:\/\/shanabooks.de\/wp-content\/uploads\/2024\/03\/guneh.png","contentUrl":"https:\/\/shanabooks.de\/wp-content\/uploads\/2024\/03\/guneh.png","width":293,"height":475,"caption":"Guneh - Qedr\u00ee Can - pirt\u00fbk\u00ean kurd\u00ee - \u00e7\u00eerok"},{"@type":"BreadcrumbList","@id":"https:\/\/shanabooks.de\/product\/guneh-qedri-can\/#breadcrumb","itemListElement":[{"@type":"ListItem","position":1,"name":"\u0627\u0644\u0631\u0626\u064a\u0633\u064a\u0629","item":"https:\/\/shanabooks.de\/kur\/"},{"@type":"ListItem","position":2,"name":"\u0627\u0644\u0645\u0646\u062a\u062c\u0627\u062a","item":"https:\/\/shanabooks.de\/shop\/"},{"@type":"ListItem","position":3,"name":"Guneh"}]},{"@type":"WebSite","@id":"https:\/\/shanabooks.de\/#website","url":"https:\/\/shanabooks.de\/","name":"www.shanbooks.de","description":"C\u00eehana Pirt\u00fbk\u00ean Kurd\u00ee \u0645\u0643\u062a\u0628\u0629 \u0634\u0627\u0646\u0627 \u0641\u064a \u0627\u0644\u0645\u0627\u0646\u064a\u0627 \u0648\u0623\u0648\u0631\u0628\u0627","publisher":{"@id":"https:\/\/shanabooks.de\/#organization"},"potentialAction":[{"@type":"SearchAction","target":{"@type":"EntryPoint","urlTemplate":"https:\/\/shanabooks.de\/?s={search_term_string}"},"query-input":{"@type":"PropertyValueSpecification","valueRequired":true,"valueName":"search_term_string"}}],"inLanguage":"kur"},{"@type":"Organization","@id":"https:\/\/shanabooks.de\/#organization","name":"www.shanbooks.de","url":"https:\/\/shanabooks.de\/","logo":{"@type":"ImageObject","inLanguage":"kur","@id":"https:\/\/shanabooks.de\/#\/schema\/logo\/image\/","url":"https:\/\/shanabooks.de\/wp-content\/uploads\/2024\/03\/SHANABOOKS__2_-removebg-preview.png","contentUrl":"https:\/\/shanabooks.de\/wp-content\/uploads\/2024\/03\/SHANABOOKS__2_-removebg-preview.png","width":700,"height":150,"caption":"www.shanbooks.de"},"image":{"@id":"https:\/\/shanabooks.de\/#\/schema\/logo\/image\/"}}]}},"jetpack_sharing_enabled":true,"_links":{"self":[{"href":"https:\/\/shanabooks.de\/kur\/wp-json\/wp\/v2\/product\/12198","targetHints":{"allow":["GET"]}}],"collection":[{"href":"https:\/\/shanabooks.de\/kur\/wp-json\/wp\/v2\/product"}],"about":[{"href":"https:\/\/shanabooks.de\/kur\/wp-json\/wp\/v2\/types\/product"}],"version-history":[{"count":2,"href":"https:\/\/shanabooks.de\/kur\/wp-json\/wp\/v2\/product\/12198\/revisions"}],"predecessor-version":[{"id":22867,"href":"https:\/\/shanabooks.de\/kur\/wp-json\/wp\/v2\/product\/12198\/revisions\/22867"}],"wp:featuredmedia":[{"embeddable":true,"href":"https:\/\/shanabooks.de\/kur\/wp-json\/wp\/v2\/media\/12268"}],"wp:attachment":[{"href":"https:\/\/shanabooks.de\/kur\/wp-json\/wp\/v2\/media?parent=12198"}],"wp:term":[{"taxonomy":"product_brand","embeddable":true,"href":"https:\/\/shanabooks.de\/kur\/wp-json\/wp\/v2\/product_brand?post=12198"},{"taxonomy":"product_cat","embeddable":true,"href":"https:\/\/shanabooks.de\/kur\/wp-json\/wp\/v2\/product_cat?post=12198"},{"taxonomy":"product_tag","embeddable":true,"href":"https:\/\/shanabooks.de\/kur\/wp-json\/wp\/v2\/product_tag?post=12198"}],"curies":[{"name":"wp","href":"https:\/\/api.w.org\/{rel}","templated":true}]}}