{"id":12199,"date":"2024-03-03T19:41:41","date_gmt":"2024-03-03T19:41:41","guid":{"rendered":"https:\/\/shanabooks.de\/?post_type=product&#038;p=12199"},"modified":"2024-04-21T09:47:27","modified_gmt":"2024-04-21T09:47:27","slug":"sev-u-roj-sidiq-gorican","status":"publish","type":"product","link":"https:\/\/shanabooks.de\/kur\/product\/sev-u-roj-sidiq-gorican\/","title":{"rendered":"\u015eev \u00fb Roj"},"content":{"rendered":"<p class=\"heading-title\" dir=\"ltr\"><strong>\u015eev \u00fb Roj &#8211; Sid\u00eeq Gor\u00eecan<\/strong><\/p>\n<p dir=\"ltr\">Helbesta \u015eev \u00fb Roj ya Sid\u00eeq Gor\u00eecan e.<\/p>\n<p dir=\"ltr\">Ez ji welat\u00ea ax\u00ea me Ax\u00ee me yan\u00ea ez Ne ni\u015ftecih\u00ea li w\u00ea Ne \u00ea li ha Ne \u00ea dereke din Ne aver\u00eakirin min j\u00ea xilas dike Ne j\u00ee gavav\u00eatin\u00ean dir\u00eaj \u00ean bi bez Ji welat\u00ea ax\u00ea me Ax\u00ee me ez<\/p>\n","protected":false},"excerpt":{"rendered":"<p dir=\"ltr\" style=\"text-align: center;\"><strong>Pirt\u00fbk: \u015eev \u00fb Roj<br \/>\nNiv\u00eeskar: Sid\u00eeq Gor\u00eecan<\/strong><br \/>\n<strong>Cure: Helbest<\/strong><\/p>\n","protected":false},"featured_media":12281,"template":"","meta":{"site-sidebar-layout":"default","site-content-layout":"","ast-site-content-layout":"default","site-content-style":"default","site-sidebar-style":"default","ast-global-header-display":"","ast-banner-title-visibility":"","ast-main-header-display":"","ast-hfb-above-header-display":"","ast-hfb-below-header-display":"","ast-hfb-mobile-header-display":"","site-post-title":"","ast-breadcrumbs-content":"","ast-featured-img":"","footer-sml-layout":"","ast-disable-related-posts":"","theme-transparent-header-meta":"default","adv-header-id-meta":"","stick-header-meta":"","header-above-stick-meta":"","header-main-stick-meta":"","header-below-stick-meta":"","astra-migrate-meta-layouts":"set","ast-page-background-enabled":"default","ast-page-background-meta":{"desktop":{"background-color":"","background-image":"","background-repeat":"repeat","background-position":"center center","background-size":"auto","background-attachment":"scroll","background-type":"","background-media":"","overlay-type":"","overlay-color":"","overlay-opacity":"","overlay-gradient":""},"tablet":{"background-color":"","background-image":"","background-repeat":"repeat","background-position":"center center","background-size":"auto","background-attachment":"scroll","background-type":"","background-media":"","overlay-type":"","overlay-color":"","overlay-opacity":"","overlay-gradient":""},"mobile":{"background-color":"","background-image":"","background-repeat":"repeat","background-position":"center center","background-size":"auto","background-attachment":"scroll","background-type":"","background-media":"","overlay-type":"","overlay-color":"","overlay-opacity":"","overlay-gradient":""}},"ast-content-background-meta":{"desktop":{"background-color":"var(--ast-global-color-5)","background-image":"","background-repeat":"repeat","background-position":"center center","background-size":"auto","background-attachment":"scroll","background-type":"","background-media":"","overlay-type":"","overlay-color":"","overlay-opacity":"","overlay-gradient":""},"tablet":{"background-color":"var(--ast-global-color-5)","background-image":"","background-repeat":"repeat","background-position":"center center","background-size":"auto","background-attachment":"scroll","background-type":"","background-media":"","overlay-type":"","overlay-color":"","overlay-opacity":"","overlay-gradient":""},"mobile":{"background-color":"var(--ast-global-color-5)","background-image":"","background-repeat":"repeat","background-position":"center center","background-size":"auto","background-attachment":"scroll","background-type":"","background-media":"","overlay-type":"","overlay-color":"","overlay-opacity":"","overlay-gradient":""}}},"product_brand":[],"product_cat":[184,193],"product_tag":[],"class_list":{"0":"post-12199","1":"product","2":"type-product","3":"status-publish","4":"has-post-thumbnail","6":"product_cat-_","7":"product_cat--_","8":"pa_-helbest","9":"pa_-sidiq-gorican","10":"pa_-kurmanci","11":"pa_--nubihar","12":"desktop-align-left","13":"tablet-align-left","14":"mobile-align-left","16":"first","17":"instock","18":"shipping-taxable","19":"purchasable","20":"product-type-simple"},"yoast_head":"<!-- This site is optimized with the Yoast SEO plugin v27.4 - https:\/\/yoast.com\/product\/yoast-seo-wordpress\/ -->\n<title>\u015eev \u00fb Roj - Sid\u00eeq Gor\u00eecan - www.shanabooks.de<\/title>\n<meta name=\"description\" content=\"\u015eev \u00fb Roj - Sid\u00eeq Gor\u00eecan Ez ji welat\u00ea ax\u00ea me Ax\u00ee me yan\u00ea ez Ne ni\u015ftecih\u00ea li w\u00ea Ne \u00ea li ha Ne \u00ea dereke din Ne aver\u00eakirin min j\u00ea xilas dike Ne j\u00ee gavav\u00eat...\" \/>\n<meta name=\"robots\" content=\"index, follow, max-snippet:-1, max-image-preview:large, max-video-preview:-1\" \/>\n<link rel=\"canonical\" href=\"https:\/\/shanabooks.de\/product\/sev-u-roj-sidiq-gorican\/\" \/>\n<meta property=\"og:locale\" content=\"en_US\" \/>\n<meta property=\"og:type\" content=\"article\" \/>\n<meta property=\"og:title\" content=\"\u015eev \u00fb Roj - Sid\u00eeq Gor\u00eecan - www.shanabooks.de\" \/>\n<meta property=\"og:description\" content=\"\u015eev \u00fb Roj - Sid\u00eeq Gor\u00eecan Ez ji welat\u00ea ax\u00ea me Ax\u00ee me yan\u00ea ez Ne ni\u015ftecih\u00ea li w\u00ea Ne \u00ea li ha Ne \u00ea dereke din Ne aver\u00eakirin min j\u00ea xilas dike Ne j\u00ee gavav\u00eat...\" \/>\n<meta property=\"og:url\" content=\"https:\/\/shanabooks.de\/product\/sev-u-roj-sidiq-gorican\/\" \/>\n<meta property=\"og:site_name\" content=\"www.shanabooks.de\" \/>\n<meta property=\"article:modified_time\" content=\"2024-04-21T09:47:27+00:00\" \/>\n<meta property=\"og:image\" content=\"https:\/\/shanabooks.de\/wp-content\/uploads\/2024\/03\/sev-u-roj-1.png\" \/>\n\t<meta property=\"og:image:width\" content=\"307\" \/>\n\t<meta property=\"og:image:height\" content=\"477\" \/>\n\t<meta property=\"og:image:type\" content=\"image\/png\" \/>\n<meta name=\"twitter:card\" content=\"summary_large_image\" \/>\n<meta name=\"twitter:label1\" content=\"Est. reading time\" \/>\n\t<meta name=\"twitter:data1\" content=\"1 minute\" \/>\n<script type=\"application\/ld+json\" class=\"yoast-schema-graph\">{\"@context\":\"https:\\\/\\\/schema.org\",\"@graph\":[{\"@type\":\"WebPage\",\"@id\":\"https:\\\/\\\/shanabooks.de\\\/product\\\/sev-u-roj-sidiq-gorican\\\/\",\"url\":\"https:\\\/\\\/shanabooks.de\\\/product\\\/sev-u-roj-sidiq-gorican\\\/\",\"name\":\"\u015eev \u00fb Roj - Sid\u00eeq Gor\u00eecan - www.shanabooks.de\",\"isPartOf\":{\"@id\":\"https:\\\/\\\/shanabooks.de\\\/#website\"},\"primaryImageOfPage\":{\"@id\":\"https:\\\/\\\/shanabooks.de\\\/product\\\/sev-u-roj-sidiq-gorican\\\/#primaryimage\"},\"image\":{\"@id\":\"https:\\\/\\\/shanabooks.de\\\/product\\\/sev-u-roj-sidiq-gorican\\\/#primaryimage\"},\"thumbnailUrl\":\"https:\\\/\\\/shanabooks.de\\\/wp-content\\\/uploads\\\/2024\\\/03\\\/sev-u-roj-1.png\",\"datePublished\":\"2024-03-03T19:41:41+00:00\",\"dateModified\":\"2024-04-21T09:47:27+00:00\",\"description\":\"\u015eev \u00fb Roj - Sid\u00eeq Gor\u00eecan Ez ji welat\u00ea ax\u00ea me Ax\u00ee me yan\u00ea ez Ne ni\u015ftecih\u00ea li w\u00ea Ne \u00ea li ha Ne \u00ea dereke din Ne aver\u00eakirin min j\u00ea xilas dike Ne j\u00ee gavav\u00eat...\",\"breadcrumb\":{\"@id\":\"https:\\\/\\\/shanabooks.de\\\/product\\\/sev-u-roj-sidiq-gorican\\\/#breadcrumb\"},\"inLanguage\":\"kur\",\"potentialAction\":[{\"@type\":\"ReadAction\",\"target\":[\"https:\\\/\\\/shanabooks.de\\\/product\\\/sev-u-roj-sidiq-gorican\\\/\"]}]},{\"@type\":\"ImageObject\",\"inLanguage\":\"kur\",\"@id\":\"https:\\\/\\\/shanabooks.de\\\/product\\\/sev-u-roj-sidiq-gorican\\\/#primaryimage\",\"url\":\"https:\\\/\\\/shanabooks.de\\\/wp-content\\\/uploads\\\/2024\\\/03\\\/sev-u-roj-1.png\",\"contentUrl\":\"https:\\\/\\\/shanabooks.de\\\/wp-content\\\/uploads\\\/2024\\\/03\\\/sev-u-roj-1.png\",\"width\":307,\"height\":477,\"caption\":\"\u015eev \u00fb Roj - Sid\u00eeq Gor\u00eecan - pirt\u00fbk\u00ean kurd\u00ee - helbest\"},{\"@type\":\"BreadcrumbList\",\"@id\":\"https:\\\/\\\/shanabooks.de\\\/product\\\/sev-u-roj-sidiq-gorican\\\/#breadcrumb\",\"itemListElement\":[{\"@type\":\"ListItem\",\"position\":1,\"name\":\"\u0627\u0644\u0631\u0626\u064a\u0633\u064a\u0629\",\"item\":\"https:\\\/\\\/shanabooks.de\\\/kur\\\/\"},{\"@type\":\"ListItem\",\"position\":2,\"name\":\"\u0627\u0644\u0645\u0646\u062a\u062c\u0627\u062a\",\"item\":\"https:\\\/\\\/shanabooks.de\\\/shop\\\/\"},{\"@type\":\"ListItem\",\"position\":3,\"name\":\"\u015eev \u00fb Roj\"}]},{\"@type\":\"WebSite\",\"@id\":\"https:\\\/\\\/shanabooks.de\\\/#website\",\"url\":\"https:\\\/\\\/shanabooks.de\\\/\",\"name\":\"www.shanbooks.de\",\"description\":\"C\u00eehana Pirt\u00fbk\u00ean Kurd\u00ee \u0645\u0643\u062a\u0628\u0629 \u0634\u0627\u0646\u0627 \u0641\u064a \u0627\u0644\u0645\u0627\u0646\u064a\u0627 \u0648\u0623\u0648\u0631\u0628\u0627\",\"publisher\":{\"@id\":\"https:\\\/\\\/shanabooks.de\\\/#organization\"},\"potentialAction\":[{\"@type\":\"SearchAction\",\"target\":{\"@type\":\"EntryPoint\",\"urlTemplate\":\"https:\\\/\\\/shanabooks.de\\\/?s={search_term_string}\"},\"query-input\":{\"@type\":\"PropertyValueSpecification\",\"valueRequired\":true,\"valueName\":\"search_term_string\"}}],\"inLanguage\":\"kur\"},{\"@type\":\"Organization\",\"@id\":\"https:\\\/\\\/shanabooks.de\\\/#organization\",\"name\":\"www.shanbooks.de\",\"url\":\"https:\\\/\\\/shanabooks.de\\\/\",\"logo\":{\"@type\":\"ImageObject\",\"inLanguage\":\"kur\",\"@id\":\"https:\\\/\\\/shanabooks.de\\\/#\\\/schema\\\/logo\\\/image\\\/\",\"url\":\"https:\\\/\\\/shanabooks.de\\\/wp-content\\\/uploads\\\/2024\\\/03\\\/SHANABOOKS__2_-removebg-preview.png\",\"contentUrl\":\"https:\\\/\\\/shanabooks.de\\\/wp-content\\\/uploads\\\/2024\\\/03\\\/SHANABOOKS__2_-removebg-preview.png\",\"width\":700,\"height\":150,\"caption\":\"www.shanbooks.de\"},\"image\":{\"@id\":\"https:\\\/\\\/shanabooks.de\\\/#\\\/schema\\\/logo\\\/image\\\/\"}}]}<\/script>\n<!-- \/ Yoast SEO plugin. -->","yoast_head_json":{"title":"\u015eev \u00fb Roj - Sid\u00eeq Gor\u00eecan - www.shanabooks.de","description":"\u015eev \u00fb Roj - Sid\u00eeq Gor\u00eecan Ez ji welat\u00ea ax\u00ea me Ax\u00ee me yan\u00ea ez Ne ni\u015ftecih\u00ea li w\u00ea Ne \u00ea li ha Ne \u00ea dereke din Ne aver\u00eakirin min j\u00ea xilas dike Ne j\u00ee gavav\u00eat...","robots":{"index":"index","follow":"follow","max-snippet":"max-snippet:-1","max-image-preview":"max-image-preview:large","max-video-preview":"max-video-preview:-1"},"canonical":"https:\/\/shanabooks.de\/product\/sev-u-roj-sidiq-gorican\/","og_locale":"en_US","og_type":"article","og_title":"\u015eev \u00fb Roj - Sid\u00eeq Gor\u00eecan - www.shanabooks.de","og_description":"\u015eev \u00fb Roj - Sid\u00eeq Gor\u00eecan Ez ji welat\u00ea ax\u00ea me Ax\u00ee me yan\u00ea ez Ne ni\u015ftecih\u00ea li w\u00ea Ne \u00ea li ha Ne \u00ea dereke din Ne aver\u00eakirin min j\u00ea xilas dike Ne j\u00ee gavav\u00eat...","og_url":"https:\/\/shanabooks.de\/product\/sev-u-roj-sidiq-gorican\/","og_site_name":"www.shanabooks.de","article_modified_time":"2024-04-21T09:47:27+00:00","og_image":[{"width":307,"height":477,"url":"https:\/\/shanabooks.de\/wp-content\/uploads\/2024\/03\/sev-u-roj-1.png","type":"image\/png"}],"twitter_card":"summary_large_image","twitter_misc":{"Est. reading time":"1 minute"},"schema":{"@context":"https:\/\/schema.org","@graph":[{"@type":"WebPage","@id":"https:\/\/shanabooks.de\/product\/sev-u-roj-sidiq-gorican\/","url":"https:\/\/shanabooks.de\/product\/sev-u-roj-sidiq-gorican\/","name":"\u015eev \u00fb Roj - Sid\u00eeq Gor\u00eecan - www.shanabooks.de","isPartOf":{"@id":"https:\/\/shanabooks.de\/#website"},"primaryImageOfPage":{"@id":"https:\/\/shanabooks.de\/product\/sev-u-roj-sidiq-gorican\/#primaryimage"},"image":{"@id":"https:\/\/shanabooks.de\/product\/sev-u-roj-sidiq-gorican\/#primaryimage"},"thumbnailUrl":"https:\/\/shanabooks.de\/wp-content\/uploads\/2024\/03\/sev-u-roj-1.png","datePublished":"2024-03-03T19:41:41+00:00","dateModified":"2024-04-21T09:47:27+00:00","description":"\u015eev \u00fb Roj - Sid\u00eeq Gor\u00eecan Ez ji welat\u00ea ax\u00ea me Ax\u00ee me yan\u00ea ez Ne ni\u015ftecih\u00ea li w\u00ea Ne \u00ea li ha Ne \u00ea dereke din Ne aver\u00eakirin min j\u00ea xilas dike Ne j\u00ee gavav\u00eat...","breadcrumb":{"@id":"https:\/\/shanabooks.de\/product\/sev-u-roj-sidiq-gorican\/#breadcrumb"},"inLanguage":"kur","potentialAction":[{"@type":"ReadAction","target":["https:\/\/shanabooks.de\/product\/sev-u-roj-sidiq-gorican\/"]}]},{"@type":"ImageObject","inLanguage":"kur","@id":"https:\/\/shanabooks.de\/product\/sev-u-roj-sidiq-gorican\/#primaryimage","url":"https:\/\/shanabooks.de\/wp-content\/uploads\/2024\/03\/sev-u-roj-1.png","contentUrl":"https:\/\/shanabooks.de\/wp-content\/uploads\/2024\/03\/sev-u-roj-1.png","width":307,"height":477,"caption":"\u015eev \u00fb Roj - Sid\u00eeq Gor\u00eecan - pirt\u00fbk\u00ean kurd\u00ee - helbest"},{"@type":"BreadcrumbList","@id":"https:\/\/shanabooks.de\/product\/sev-u-roj-sidiq-gorican\/#breadcrumb","itemListElement":[{"@type":"ListItem","position":1,"name":"\u0627\u0644\u0631\u0626\u064a\u0633\u064a\u0629","item":"https:\/\/shanabooks.de\/kur\/"},{"@type":"ListItem","position":2,"name":"\u0627\u0644\u0645\u0646\u062a\u062c\u0627\u062a","item":"https:\/\/shanabooks.de\/shop\/"},{"@type":"ListItem","position":3,"name":"\u015eev \u00fb Roj"}]},{"@type":"WebSite","@id":"https:\/\/shanabooks.de\/#website","url":"https:\/\/shanabooks.de\/","name":"www.shanbooks.de","description":"C\u00eehana Pirt\u00fbk\u00ean Kurd\u00ee \u0645\u0643\u062a\u0628\u0629 \u0634\u0627\u0646\u0627 \u0641\u064a \u0627\u0644\u0645\u0627\u0646\u064a\u0627 \u0648\u0623\u0648\u0631\u0628\u0627","publisher":{"@id":"https:\/\/shanabooks.de\/#organization"},"potentialAction":[{"@type":"SearchAction","target":{"@type":"EntryPoint","urlTemplate":"https:\/\/shanabooks.de\/?s={search_term_string}"},"query-input":{"@type":"PropertyValueSpecification","valueRequired":true,"valueName":"search_term_string"}}],"inLanguage":"kur"},{"@type":"Organization","@id":"https:\/\/shanabooks.de\/#organization","name":"www.shanbooks.de","url":"https:\/\/shanabooks.de\/","logo":{"@type":"ImageObject","inLanguage":"kur","@id":"https:\/\/shanabooks.de\/#\/schema\/logo\/image\/","url":"https:\/\/shanabooks.de\/wp-content\/uploads\/2024\/03\/SHANABOOKS__2_-removebg-preview.png","contentUrl":"https:\/\/shanabooks.de\/wp-content\/uploads\/2024\/03\/SHANABOOKS__2_-removebg-preview.png","width":700,"height":150,"caption":"www.shanbooks.de"},"image":{"@id":"https:\/\/shanabooks.de\/#\/schema\/logo\/image\/"}}]}},"jetpack_sharing_enabled":true,"_links":{"self":[{"href":"https:\/\/shanabooks.de\/kur\/wp-json\/wp\/v2\/product\/12199","targetHints":{"allow":["GET"]}}],"collection":[{"href":"https:\/\/shanabooks.de\/kur\/wp-json\/wp\/v2\/product"}],"about":[{"href":"https:\/\/shanabooks.de\/kur\/wp-json\/wp\/v2\/types\/product"}],"version-history":[{"count":4,"href":"https:\/\/shanabooks.de\/kur\/wp-json\/wp\/v2\/product\/12199\/revisions"}],"predecessor-version":[{"id":24628,"href":"https:\/\/shanabooks.de\/kur\/wp-json\/wp\/v2\/product\/12199\/revisions\/24628"}],"wp:featuredmedia":[{"embeddable":true,"href":"https:\/\/shanabooks.de\/kur\/wp-json\/wp\/v2\/media\/12281"}],"wp:attachment":[{"href":"https:\/\/shanabooks.de\/kur\/wp-json\/wp\/v2\/media?parent=12199"}],"wp:term":[{"taxonomy":"product_brand","embeddable":true,"href":"https:\/\/shanabooks.de\/kur\/wp-json\/wp\/v2\/product_brand?post=12199"},{"taxonomy":"product_cat","embeddable":true,"href":"https:\/\/shanabooks.de\/kur\/wp-json\/wp\/v2\/product_cat?post=12199"},{"taxonomy":"product_tag","embeddable":true,"href":"https:\/\/shanabooks.de\/kur\/wp-json\/wp\/v2\/product_tag?post=12199"}],"curies":[{"name":"wp","href":"https:\/\/api.w.org\/{rel}","templated":true}]}}