{"id":12234,"date":"2024-03-03T19:42:04","date_gmt":"2024-03-03T19:42:04","guid":{"rendered":"https:\/\/shanabooks.de\/?post_type=product&#038;p=12234"},"modified":"2025-12-30T23:08:04","modified_gmt":"2025-12-30T23:08:04","slug":"name-bo-firat-ceweri","status":"publish","type":"product","link":"https:\/\/shanabooks.de\/kur\/product\/name-bo-firat-ceweri\/","title":{"rendered":"Name bo Firat Ceweri"},"content":{"rendered":"<p dir=\"ltr\"><strong>Name bo Firat Cewer\u00ee<\/strong><\/p>\n<p dir=\"ltr\"><span style=\"font-family: Verdana\">Name Ji Qanat\u00ea Kurdo, N\u00fbred\u00een Zaza, Rew\u015fen Bedirxan, Haviz Qaz\u00ee, Sebr\u00ee Botan\u00ee, Wez\u00eer\u00ea E\u015fo, Arjen Ar\u00ee, Ya\u015far Kaya, Bro Omer\u00ee, Mehmed Uzun, Remzi Ra\u015fa, Cem\u015fid Bender \u00fb Kaya M\u00fc\u015ftakhan<br \/>\nBo Firat Cewer\u00ee<\/span><\/p>\n<p dir=\"ltr\"><span style=\"font-family: Verdana\">Namey\u00ean ku ji sal\u00ean 80y\u00ee ve ji aliy\u00ea Qanat\u00ea Kurdo, N\u00fbred\u00een Zaza, Rew\u015fen Bedirxan, Haviz Qaz\u00ee, Sebr\u00ee Botan\u00ee, Wez\u00eer\u00ea E\u015fo, Arjen Ar\u00ee, Ya\u015far Kaya, Bro Omer\u00ee, Mehmed Uzun, Remzi Ra\u015fa, Cem\u015fid Bender \u00fb Kaya M\u00fc\u015ftakhan ve bo Firat Cewer\u00ee hatib\u00fbn \u015fandin, wek\u00ee kit\u00eab \u00e7ap b\u00fbn.<br \/>\nName di d\u00eeroka edebiyat\u00ea de cihek\u00ee taybet\u00ee digire. Hin kit\u00eab\u00ean nameyan m\u00eena berhem\u00ean edeb\u00ee navdar b\u00fbne \u00fb gihi\u015ftine roja me. Bi x\u00eara nameyan em di derbar\u00ea d\u00eerok, civat, siyaset, kultur \u00fb edebiyat\u00ea de b\u00fbne xwediy\u00ean agahdariy\u00ean gir\u00eeng. Hin name y\u00ean ev\u00een\u00ee, hin y\u00ean edeb\u00ee, hin j\u00ee y\u00ean siyas\u00ee ne; l\u00ea hem\u00fb d\u00eerok in, per\u00e7eyek ji d\u00eeroka niv\u00eesk\u00ee ne. Hin name mirov dil\u015fa, hin mirov xemg\u00een dikin. Hin ji wan j\u00ee mirov radiki\u015f\u00eene k\u00fbraniya fikir \u00fb ramanan.<br \/>\nNamey\u00ean v\u00ea kit\u00eab\u00ea per\u00e7eyek ji d\u00eeroka edebiyata me ye. Hem\u00fb namey\u00ean niv\u00eeskar \u00fb \u015fexsiyet\u00ean me ne ku bi dem\u00ea re ji Firat Cewer\u00ee re \u015fandine. Mixabin, xwediy\u00ean nameyan \u00ead\u00ee naj\u00een, l\u00ea namey\u00ean wan nemir in, w\u00ea her bij\u00een..<\/span><\/p>\n","protected":false},"excerpt":{"rendered":"<p dir=\"ltr\" style=\"text-align: center\"><strong>Pirt\u00fbk: Name bo Firat Ceweri<br \/>\nCure: B\u00eeran\u00een<\/strong><\/p>\n","protected":false},"featured_media":12291,"template":"","meta":{"site-sidebar-layout":"default","site-content-layout":"","ast-site-content-layout":"default","site-content-style":"default","site-sidebar-style":"default","ast-global-header-display":"","ast-banner-title-visibility":"","ast-main-header-display":"","ast-hfb-above-header-display":"","ast-hfb-below-header-display":"","ast-hfb-mobile-header-display":"","site-post-title":"","ast-breadcrumbs-content":"","ast-featured-img":"","footer-sml-layout":"","ast-disable-related-posts":"","theme-transparent-header-meta":"default","adv-header-id-meta":"","stick-header-meta":"","header-above-stick-meta":"","header-main-stick-meta":"","header-below-stick-meta":"","astra-migrate-meta-layouts":"set","ast-page-background-enabled":"default","ast-page-background-meta":{"desktop":{"background-color":"","background-image":"","background-repeat":"repeat","background-position":"center center","background-size":"auto","background-attachment":"scroll","background-type":"","background-media":"","overlay-type":"","overlay-color":"","overlay-opacity":"","overlay-gradient":""},"tablet":{"background-color":"","background-image":"","background-repeat":"repeat","background-position":"center center","background-size":"auto","background-attachment":"scroll","background-type":"","background-media":"","overlay-type":"","overlay-color":"","overlay-opacity":"","overlay-gradient":""},"mobile":{"background-color":"","background-image":"","background-repeat":"repeat","background-position":"center center","background-size":"auto","background-attachment":"scroll","background-type":"","background-media":"","overlay-type":"","overlay-color":"","overlay-opacity":"","overlay-gradient":""}},"ast-content-background-meta":{"desktop":{"background-color":"var(--ast-global-color-5)","background-image":"","background-repeat":"repeat","background-position":"center center","background-size":"auto","background-attachment":"scroll","background-type":"","background-media":"","overlay-type":"","overlay-color":"","overlay-opacity":"","overlay-gradient":""},"tablet":{"background-color":"var(--ast-global-color-5)","background-image":"","background-repeat":"repeat","background-position":"center center","background-size":"auto","background-attachment":"scroll","background-type":"","background-media":"","overlay-type":"","overlay-color":"","overlay-opacity":"","overlay-gradient":""},"mobile":{"background-color":"var(--ast-global-color-5)","background-image":"","background-repeat":"repeat","background-position":"center center","background-size":"auto","background-attachment":"scroll","background-type":"","background-media":"","overlay-type":"","overlay-color":"","overlay-opacity":"","overlay-gradient":""}}},"product_brand":[],"product_cat":[334,193],"product_tag":[],"class_list":{"0":"post-12234","1":"product","2":"type-product","3":"status-publish","4":"has-post-thumbnail","6":"product_cat--_","8":"pa_-biranin","9":"pa_-firat-ceweri","10":"pa_-kurmanci","11":"pa_--avesta-yayinlari","12":"desktop-align-left","13":"tablet-align-left","14":"mobile-align-left","16":"first","17":"instock","18":"shipping-taxable","19":"purchasable","20":"product-type-simple"},"yoast_head":"<!-- This site is optimized with the Yoast SEO plugin v27.4 - https:\/\/yoast.com\/product\/yoast-seo-wordpress\/ -->\n<title>Name bo Firat Cewer\u00ee - www.shanabooks.de<\/title>\n<meta name=\"description\" content=\"Name bo Firat Cewer\u00ee\u00a0Name Ji Qanat\u00ea Kurdo, N\u00fbred\u00een Zaza, Rew\u015fen Bedirxan, Haviz Qaz\u00ee, Sebr\u00ee Botan\u00ee, Wez\u00eer\u00ea E\u015fo, Arjen Ar\u00ee, Ya\u015far Kaya, Bro...\" \/>\n<meta name=\"robots\" content=\"index, follow, max-snippet:-1, max-image-preview:large, max-video-preview:-1\" \/>\n<link rel=\"canonical\" href=\"https:\/\/shanabooks.de\/product\/name-bo-firat-ceweri\/\" \/>\n<meta property=\"og:locale\" content=\"en_US\" \/>\n<meta property=\"og:type\" content=\"article\" \/>\n<meta property=\"og:title\" content=\"Name bo Firat Cewer\u00ee - www.shanabooks.de\" \/>\n<meta property=\"og:description\" content=\"Name bo Firat Cewer\u00ee\u00a0Name Ji Qanat\u00ea Kurdo, N\u00fbred\u00een Zaza, Rew\u015fen Bedirxan, Haviz Qaz\u00ee, Sebr\u00ee Botan\u00ee, Wez\u00eer\u00ea E\u015fo, Arjen Ar\u00ee, Ya\u015far Kaya, Bro...\" \/>\n<meta property=\"og:url\" content=\"https:\/\/shanabooks.de\/product\/name-bo-firat-ceweri\/\" \/>\n<meta property=\"og:site_name\" content=\"www.shanabooks.de\" \/>\n<meta property=\"article:modified_time\" content=\"2025-12-30T23:08:04+00:00\" \/>\n<meta property=\"og:image\" content=\"https:\/\/shanabooks.de\/wp-content\/uploads\/2024\/03\/name-bo-Firat-Ceweri.jpg\" \/>\n\t<meta property=\"og:image:width\" content=\"564\" \/>\n\t<meta property=\"og:image:height\" content=\"900\" \/>\n\t<meta property=\"og:image:type\" content=\"image\/jpeg\" \/>\n<meta name=\"twitter:card\" content=\"summary_large_image\" \/>\n<meta name=\"twitter:label1\" content=\"Est. reading time\" \/>\n\t<meta name=\"twitter:data1\" content=\"2 minutes\" \/>\n<script type=\"application\/ld+json\" class=\"yoast-schema-graph\">{\"@context\":\"https:\\\/\\\/schema.org\",\"@graph\":[{\"@type\":\"WebPage\",\"@id\":\"https:\\\/\\\/shanabooks.de\\\/product\\\/name-bo-firat-ceweri\\\/\",\"url\":\"https:\\\/\\\/shanabooks.de\\\/product\\\/name-bo-firat-ceweri\\\/\",\"name\":\"Name bo Firat Cewer\u00ee - www.shanabooks.de\",\"isPartOf\":{\"@id\":\"https:\\\/\\\/shanabooks.de\\\/#website\"},\"primaryImageOfPage\":{\"@id\":\"https:\\\/\\\/shanabooks.de\\\/product\\\/name-bo-firat-ceweri\\\/#primaryimage\"},\"image\":{\"@id\":\"https:\\\/\\\/shanabooks.de\\\/product\\\/name-bo-firat-ceweri\\\/#primaryimage\"},\"thumbnailUrl\":\"https:\\\/\\\/shanabooks.de\\\/wp-content\\\/uploads\\\/2024\\\/03\\\/name-bo-Firat-Ceweri.jpg\",\"datePublished\":\"2024-03-03T19:42:04+00:00\",\"dateModified\":\"2025-12-30T23:08:04+00:00\",\"description\":\"Name bo Firat Cewer\u00ee\u00a0Name Ji Qanat\u00ea Kurdo, N\u00fbred\u00een Zaza, Rew\u015fen Bedirxan, Haviz Qaz\u00ee, Sebr\u00ee Botan\u00ee, Wez\u00eer\u00ea E\u015fo, Arjen Ar\u00ee, Ya\u015far Kaya, Bro...\",\"breadcrumb\":{\"@id\":\"https:\\\/\\\/shanabooks.de\\\/product\\\/name-bo-firat-ceweri\\\/#breadcrumb\"},\"inLanguage\":\"kur\",\"potentialAction\":[{\"@type\":\"ReadAction\",\"target\":[\"https:\\\/\\\/shanabooks.de\\\/product\\\/name-bo-firat-ceweri\\\/\"]}]},{\"@type\":\"ImageObject\",\"inLanguage\":\"kur\",\"@id\":\"https:\\\/\\\/shanabooks.de\\\/product\\\/name-bo-firat-ceweri\\\/#primaryimage\",\"url\":\"https:\\\/\\\/shanabooks.de\\\/wp-content\\\/uploads\\\/2024\\\/03\\\/name-bo-Firat-Ceweri.jpg\",\"contentUrl\":\"https:\\\/\\\/shanabooks.de\\\/wp-content\\\/uploads\\\/2024\\\/03\\\/name-bo-Firat-Ceweri.jpg\",\"width\":564,\"height\":900,\"caption\":\"Name bo Firat Geweri - Firat Cewer\u00ee - pirt\u00fbk\u00ean kurd\u00ee - name\"},{\"@type\":\"BreadcrumbList\",\"@id\":\"https:\\\/\\\/shanabooks.de\\\/product\\\/name-bo-firat-ceweri\\\/#breadcrumb\",\"itemListElement\":[{\"@type\":\"ListItem\",\"position\":1,\"name\":\"\u0627\u0644\u0631\u0626\u064a\u0633\u064a\u0629\",\"item\":\"https:\\\/\\\/shanabooks.de\\\/kur\\\/\"},{\"@type\":\"ListItem\",\"position\":2,\"name\":\"\u0627\u0644\u0645\u0646\u062a\u062c\u0627\u062a\",\"item\":\"https:\\\/\\\/shanabooks.de\\\/shop\\\/\"},{\"@type\":\"ListItem\",\"position\":3,\"name\":\"Name bo Firat Ceweri\"}]},{\"@type\":\"WebSite\",\"@id\":\"https:\\\/\\\/shanabooks.de\\\/#website\",\"url\":\"https:\\\/\\\/shanabooks.de\\\/\",\"name\":\"www.shanbooks.de\",\"description\":\"C\u00eehana Pirt\u00fbk\u00ean Kurd\u00ee \u0645\u0643\u062a\u0628\u0629 \u0634\u0627\u0646\u0627 \u0641\u064a \u0627\u0644\u0645\u0627\u0646\u064a\u0627 \u0648\u0623\u0648\u0631\u0628\u0627\",\"publisher\":{\"@id\":\"https:\\\/\\\/shanabooks.de\\\/#organization\"},\"potentialAction\":[{\"@type\":\"SearchAction\",\"target\":{\"@type\":\"EntryPoint\",\"urlTemplate\":\"https:\\\/\\\/shanabooks.de\\\/?s={search_term_string}\"},\"query-input\":{\"@type\":\"PropertyValueSpecification\",\"valueRequired\":true,\"valueName\":\"search_term_string\"}}],\"inLanguage\":\"kur\"},{\"@type\":\"Organization\",\"@id\":\"https:\\\/\\\/shanabooks.de\\\/#organization\",\"name\":\"www.shanbooks.de\",\"url\":\"https:\\\/\\\/shanabooks.de\\\/\",\"logo\":{\"@type\":\"ImageObject\",\"inLanguage\":\"kur\",\"@id\":\"https:\\\/\\\/shanabooks.de\\\/#\\\/schema\\\/logo\\\/image\\\/\",\"url\":\"https:\\\/\\\/shanabooks.de\\\/wp-content\\\/uploads\\\/2024\\\/03\\\/SHANABOOKS__2_-removebg-preview.png\",\"contentUrl\":\"https:\\\/\\\/shanabooks.de\\\/wp-content\\\/uploads\\\/2024\\\/03\\\/SHANABOOKS__2_-removebg-preview.png\",\"width\":700,\"height\":150,\"caption\":\"www.shanbooks.de\"},\"image\":{\"@id\":\"https:\\\/\\\/shanabooks.de\\\/#\\\/schema\\\/logo\\\/image\\\/\"}}]}<\/script>\n<!-- \/ Yoast SEO plugin. -->","yoast_head_json":{"title":"Name bo Firat Cewer\u00ee - www.shanabooks.de","description":"Name bo Firat Cewer\u00ee\u00a0Name Ji Qanat\u00ea Kurdo, N\u00fbred\u00een Zaza, Rew\u015fen Bedirxan, Haviz Qaz\u00ee, Sebr\u00ee Botan\u00ee, Wez\u00eer\u00ea E\u015fo, Arjen Ar\u00ee, Ya\u015far Kaya, Bro...","robots":{"index":"index","follow":"follow","max-snippet":"max-snippet:-1","max-image-preview":"max-image-preview:large","max-video-preview":"max-video-preview:-1"},"canonical":"https:\/\/shanabooks.de\/product\/name-bo-firat-ceweri\/","og_locale":"en_US","og_type":"article","og_title":"Name bo Firat Cewer\u00ee - www.shanabooks.de","og_description":"Name bo Firat Cewer\u00ee\u00a0Name Ji Qanat\u00ea Kurdo, N\u00fbred\u00een Zaza, Rew\u015fen Bedirxan, Haviz Qaz\u00ee, Sebr\u00ee Botan\u00ee, Wez\u00eer\u00ea E\u015fo, Arjen Ar\u00ee, Ya\u015far Kaya, Bro...","og_url":"https:\/\/shanabooks.de\/product\/name-bo-firat-ceweri\/","og_site_name":"www.shanabooks.de","article_modified_time":"2025-12-30T23:08:04+00:00","og_image":[{"width":564,"height":900,"url":"https:\/\/shanabooks.de\/wp-content\/uploads\/2024\/03\/name-bo-Firat-Ceweri.jpg","type":"image\/jpeg"}],"twitter_card":"summary_large_image","twitter_misc":{"Est. reading time":"2 minutes"},"schema":{"@context":"https:\/\/schema.org","@graph":[{"@type":"WebPage","@id":"https:\/\/shanabooks.de\/product\/name-bo-firat-ceweri\/","url":"https:\/\/shanabooks.de\/product\/name-bo-firat-ceweri\/","name":"Name bo Firat Cewer\u00ee - www.shanabooks.de","isPartOf":{"@id":"https:\/\/shanabooks.de\/#website"},"primaryImageOfPage":{"@id":"https:\/\/shanabooks.de\/product\/name-bo-firat-ceweri\/#primaryimage"},"image":{"@id":"https:\/\/shanabooks.de\/product\/name-bo-firat-ceweri\/#primaryimage"},"thumbnailUrl":"https:\/\/shanabooks.de\/wp-content\/uploads\/2024\/03\/name-bo-Firat-Ceweri.jpg","datePublished":"2024-03-03T19:42:04+00:00","dateModified":"2025-12-30T23:08:04+00:00","description":"Name bo Firat Cewer\u00ee\u00a0Name Ji Qanat\u00ea Kurdo, N\u00fbred\u00een Zaza, Rew\u015fen Bedirxan, Haviz Qaz\u00ee, Sebr\u00ee Botan\u00ee, Wez\u00eer\u00ea E\u015fo, Arjen Ar\u00ee, Ya\u015far Kaya, Bro...","breadcrumb":{"@id":"https:\/\/shanabooks.de\/product\/name-bo-firat-ceweri\/#breadcrumb"},"inLanguage":"kur","potentialAction":[{"@type":"ReadAction","target":["https:\/\/shanabooks.de\/product\/name-bo-firat-ceweri\/"]}]},{"@type":"ImageObject","inLanguage":"kur","@id":"https:\/\/shanabooks.de\/product\/name-bo-firat-ceweri\/#primaryimage","url":"https:\/\/shanabooks.de\/wp-content\/uploads\/2024\/03\/name-bo-Firat-Ceweri.jpg","contentUrl":"https:\/\/shanabooks.de\/wp-content\/uploads\/2024\/03\/name-bo-Firat-Ceweri.jpg","width":564,"height":900,"caption":"Name bo Firat Geweri - Firat Cewer\u00ee - pirt\u00fbk\u00ean kurd\u00ee - name"},{"@type":"BreadcrumbList","@id":"https:\/\/shanabooks.de\/product\/name-bo-firat-ceweri\/#breadcrumb","itemListElement":[{"@type":"ListItem","position":1,"name":"\u0627\u0644\u0631\u0626\u064a\u0633\u064a\u0629","item":"https:\/\/shanabooks.de\/kur\/"},{"@type":"ListItem","position":2,"name":"\u0627\u0644\u0645\u0646\u062a\u062c\u0627\u062a","item":"https:\/\/shanabooks.de\/shop\/"},{"@type":"ListItem","position":3,"name":"Name bo Firat Ceweri"}]},{"@type":"WebSite","@id":"https:\/\/shanabooks.de\/#website","url":"https:\/\/shanabooks.de\/","name":"www.shanbooks.de","description":"C\u00eehana Pirt\u00fbk\u00ean Kurd\u00ee \u0645\u0643\u062a\u0628\u0629 \u0634\u0627\u0646\u0627 \u0641\u064a \u0627\u0644\u0645\u0627\u0646\u064a\u0627 \u0648\u0623\u0648\u0631\u0628\u0627","publisher":{"@id":"https:\/\/shanabooks.de\/#organization"},"potentialAction":[{"@type":"SearchAction","target":{"@type":"EntryPoint","urlTemplate":"https:\/\/shanabooks.de\/?s={search_term_string}"},"query-input":{"@type":"PropertyValueSpecification","valueRequired":true,"valueName":"search_term_string"}}],"inLanguage":"kur"},{"@type":"Organization","@id":"https:\/\/shanabooks.de\/#organization","name":"www.shanbooks.de","url":"https:\/\/shanabooks.de\/","logo":{"@type":"ImageObject","inLanguage":"kur","@id":"https:\/\/shanabooks.de\/#\/schema\/logo\/image\/","url":"https:\/\/shanabooks.de\/wp-content\/uploads\/2024\/03\/SHANABOOKS__2_-removebg-preview.png","contentUrl":"https:\/\/shanabooks.de\/wp-content\/uploads\/2024\/03\/SHANABOOKS__2_-removebg-preview.png","width":700,"height":150,"caption":"www.shanbooks.de"},"image":{"@id":"https:\/\/shanabooks.de\/#\/schema\/logo\/image\/"}}]}},"jetpack_sharing_enabled":true,"_links":{"self":[{"href":"https:\/\/shanabooks.de\/kur\/wp-json\/wp\/v2\/product\/12234","targetHints":{"allow":["GET"]}}],"collection":[{"href":"https:\/\/shanabooks.de\/kur\/wp-json\/wp\/v2\/product"}],"about":[{"href":"https:\/\/shanabooks.de\/kur\/wp-json\/wp\/v2\/types\/product"}],"version-history":[{"count":3,"href":"https:\/\/shanabooks.de\/kur\/wp-json\/wp\/v2\/product\/12234\/revisions"}],"predecessor-version":[{"id":22136,"href":"https:\/\/shanabooks.de\/kur\/wp-json\/wp\/v2\/product\/12234\/revisions\/22136"}],"wp:featuredmedia":[{"embeddable":true,"href":"https:\/\/shanabooks.de\/kur\/wp-json\/wp\/v2\/media\/12291"}],"wp:attachment":[{"href":"https:\/\/shanabooks.de\/kur\/wp-json\/wp\/v2\/media?parent=12234"}],"wp:term":[{"taxonomy":"product_brand","embeddable":true,"href":"https:\/\/shanabooks.de\/kur\/wp-json\/wp\/v2\/product_brand?post=12234"},{"taxonomy":"product_cat","embeddable":true,"href":"https:\/\/shanabooks.de\/kur\/wp-json\/wp\/v2\/product_cat?post=12234"},{"taxonomy":"product_tag","embeddable":true,"href":"https:\/\/shanabooks.de\/kur\/wp-json\/wp\/v2\/product_tag?post=12234"}],"curies":[{"name":"wp","href":"https:\/\/api.w.org\/{rel}","templated":true}]}}