{"id":12270,"date":"2024-03-03T19:42:28","date_gmt":"2024-03-03T19:42:28","guid":{"rendered":"https:\/\/shanabooks.de\/?post_type=product&#038;p=12270"},"modified":"2026-01-01T19:58:33","modified_gmt":"2026-01-01T19:58:33","slug":"gurzo-egit-yazar","status":"publish","type":"product","link":"https:\/\/shanabooks.de\/kur\/product\/gurzo-egit-yazar\/","title":{"rendered":"Gurzo"},"content":{"rendered":"<p dir=\"ltr\"><strong>Gurzo &#8211; Egit Yazar<\/strong><\/p>\n<p dir=\"ltr\"><span style=\"font-family: Verdana\">Ev romaneke gelek taybet e. Lewra karekter\u00ea sereke y\u00ea roman\u00ea ajalek e. Di jiyan \u00fb tevgera v\u00ee karekter\u00ee de, ew \u00ea\u015fa sotin \u00fb w\u00earankirina gund \u00fb xwezay\u00ea, ew \u00ea\u015f \u00fb koteka b\u00eaw\u00eejdan pir ba\u015f li ber \u00e7avan hatiye raxistin; li gel v\u00ea aliy\u00ea xwer\u00fb, vegotina w\u00ea j\u00ee gelek taybet e, herikbar e, xw\u00eener diki\u015f\u00eene \u00fb dibe. Sipas ji bo v\u00ea berhema her\u00ee bi nirx&#8230;<br \/>\n<\/span><span style=\"font-family: Verdana\">F\u00earg\u00een Mel\u00eek Ayko\u00e7<\/span><\/p>\n<p dir=\"ltr\">\n","protected":false},"excerpt":{"rendered":"<p dir=\"ltr\" style=\"text-align: center\"><strong>Pirt\u00fbk: Gurzo<br \/>\nNiv\u00eeskar: Egit Yazar<\/strong><br \/>\n<strong>Cure: Roman<\/strong><\/p>\n","protected":false},"featured_media":12332,"template":"","meta":{"site-sidebar-layout":"default","site-content-layout":"","ast-site-content-layout":"default","site-content-style":"default","site-sidebar-style":"default","ast-global-header-display":"","ast-banner-title-visibility":"","ast-main-header-display":"","ast-hfb-above-header-display":"","ast-hfb-below-header-display":"disabled","ast-hfb-mobile-header-display":"","site-post-title":"","ast-breadcrumbs-content":"","ast-featured-img":"","footer-sml-layout":"","ast-disable-related-posts":"","theme-transparent-header-meta":"default","adv-header-id-meta":"","stick-header-meta":"","header-above-stick-meta":"","header-main-stick-meta":"","header-below-stick-meta":"","astra-migrate-meta-layouts":"set","ast-page-background-enabled":"default","ast-page-background-meta":{"desktop":{"background-color":"","background-image":"","background-repeat":"repeat","background-position":"center center","background-size":"auto","background-attachment":"scroll","background-type":"","background-media":"","overlay-type":"","overlay-color":"","overlay-opacity":"","overlay-gradient":""},"tablet":{"background-color":"","background-image":"","background-repeat":"repeat","background-position":"center center","background-size":"auto","background-attachment":"scroll","background-type":"","background-media":"","overlay-type":"","overlay-color":"","overlay-opacity":"","overlay-gradient":""},"mobile":{"background-color":"","background-image":"","background-repeat":"repeat","background-position":"center center","background-size":"auto","background-attachment":"scroll","background-type":"","background-media":"","overlay-type":"","overlay-color":"","overlay-opacity":"","overlay-gradient":""}},"ast-content-background-meta":{"desktop":{"background-color":"var(--ast-global-color-5)","background-image":"","background-repeat":"repeat","background-position":"center center","background-size":"auto","background-attachment":"scroll","background-type":"","background-media":"","overlay-type":"","overlay-color":"","overlay-opacity":"","overlay-gradient":""},"tablet":{"background-color":"var(--ast-global-color-5)","background-image":"","background-repeat":"repeat","background-position":"center center","background-size":"auto","background-attachment":"scroll","background-type":"","background-media":"","overlay-type":"","overlay-color":"","overlay-opacity":"","overlay-gradient":""},"mobile":{"background-color":"var(--ast-global-color-5)","background-image":"","background-repeat":"repeat","background-position":"center center","background-size":"auto","background-attachment":"scroll","background-type":"","background-media":"","overlay-type":"","overlay-color":"","overlay-opacity":"","overlay-gradient":""}}},"product_brand":[],"product_cat":[182,193],"product_tag":[],"class_list":{"0":"post-12270","1":"product","2":"type-product","3":"status-publish","4":"has-post-thumbnail","6":"product_cat-_","7":"product_cat--_","8":"pa_-roman","9":"pa_-egit-yazar","10":"pa_-kurmanci","11":"pa_--dara-yayinlari","12":"desktop-align-left","13":"tablet-align-left","14":"mobile-align-left","16":"first","17":"instock","18":"shipping-taxable","19":"purchasable","20":"product-type-simple"},"yoast_head":"<!-- This site is optimized with the Yoast SEO plugin v27.4 - https:\/\/yoast.com\/product\/yoast-seo-wordpress\/ -->\n<title>Gurzo - Egit Yazar - www.shanabooks.de<\/title>\n<meta name=\"description\" content=\"Gurzo - Egit Yazar Ev romaneke gelek taybet e. Lewra karekter\u00ea sereke y\u00ea roman\u00ea ajalek e. Di jiyan \u00fb tevgera v\u00ee karekter\u00ee de, ew \u00ea\u015fa sotin \u00fb w\u00earankirina ...\" \/>\n<meta name=\"robots\" content=\"index, follow, max-snippet:-1, max-image-preview:large, max-video-preview:-1\" \/>\n<link rel=\"canonical\" href=\"https:\/\/shanabooks.de\/product\/gurzo-egit-yazar\/\" \/>\n<meta property=\"og:locale\" content=\"en_US\" \/>\n<meta property=\"og:type\" content=\"article\" \/>\n<meta property=\"og:title\" content=\"Gurzo - Egit Yazar - www.shanabooks.de\" \/>\n<meta property=\"og:description\" content=\"Gurzo - Egit Yazar Ev romaneke gelek taybet e. Lewra karekter\u00ea sereke y\u00ea roman\u00ea ajalek e. Di jiyan \u00fb tevgera v\u00ee karekter\u00ee de, ew \u00ea\u015fa sotin \u00fb w\u00earankirina ...\" \/>\n<meta property=\"og:url\" content=\"https:\/\/shanabooks.de\/product\/gurzo-egit-yazar\/\" \/>\n<meta property=\"og:site_name\" content=\"www.shanabooks.de\" \/>\n<meta property=\"article:modified_time\" content=\"2026-01-01T19:58:33+00:00\" \/>\n<meta property=\"og:image\" content=\"https:\/\/shanabooks.de\/wp-content\/uploads\/2024\/03\/Gurzo.jpg\" \/>\n\t<meta property=\"og:image:width\" content=\"478\" \/>\n\t<meta property=\"og:image:height\" content=\"751\" \/>\n\t<meta property=\"og:image:type\" content=\"image\/jpeg\" \/>\n<meta name=\"twitter:card\" content=\"summary_large_image\" \/>\n<meta name=\"twitter:label1\" content=\"Est. reading time\" \/>\n\t<meta name=\"twitter:data1\" content=\"1 minute\" \/>\n<script type=\"application\/ld+json\" class=\"yoast-schema-graph\">{\"@context\":\"https:\\\/\\\/schema.org\",\"@graph\":[{\"@type\":\"WebPage\",\"@id\":\"https:\\\/\\\/shanabooks.de\\\/product\\\/gurzo-egit-yazar\\\/\",\"url\":\"https:\\\/\\\/shanabooks.de\\\/product\\\/gurzo-egit-yazar\\\/\",\"name\":\"Gurzo - Egit Yazar - www.shanabooks.de\",\"isPartOf\":{\"@id\":\"https:\\\/\\\/shanabooks.de\\\/#website\"},\"primaryImageOfPage\":{\"@id\":\"https:\\\/\\\/shanabooks.de\\\/product\\\/gurzo-egit-yazar\\\/#primaryimage\"},\"image\":{\"@id\":\"https:\\\/\\\/shanabooks.de\\\/product\\\/gurzo-egit-yazar\\\/#primaryimage\"},\"thumbnailUrl\":\"https:\\\/\\\/shanabooks.de\\\/wp-content\\\/uploads\\\/2024\\\/03\\\/Gurzo.jpg\",\"datePublished\":\"2024-03-03T19:42:28+00:00\",\"dateModified\":\"2026-01-01T19:58:33+00:00\",\"description\":\"Gurzo - Egit Yazar Ev romaneke gelek taybet e. Lewra karekter\u00ea sereke y\u00ea roman\u00ea ajalek e. Di jiyan \u00fb tevgera v\u00ee karekter\u00ee de, ew \u00ea\u015fa sotin \u00fb w\u00earankirina ...\",\"breadcrumb\":{\"@id\":\"https:\\\/\\\/shanabooks.de\\\/product\\\/gurzo-egit-yazar\\\/#breadcrumb\"},\"inLanguage\":\"kur\",\"potentialAction\":[{\"@type\":\"ReadAction\",\"target\":[\"https:\\\/\\\/shanabooks.de\\\/product\\\/gurzo-egit-yazar\\\/\"]}]},{\"@type\":\"ImageObject\",\"inLanguage\":\"kur\",\"@id\":\"https:\\\/\\\/shanabooks.de\\\/product\\\/gurzo-egit-yazar\\\/#primaryimage\",\"url\":\"https:\\\/\\\/shanabooks.de\\\/wp-content\\\/uploads\\\/2024\\\/03\\\/Gurzo.jpg\",\"contentUrl\":\"https:\\\/\\\/shanabooks.de\\\/wp-content\\\/uploads\\\/2024\\\/03\\\/Gurzo.jpg\",\"width\":478,\"height\":751,\"caption\":\"Gurzo - Egit Yazar - pirt\u00fbk\u00ean kurd\u00ee - roman\"},{\"@type\":\"BreadcrumbList\",\"@id\":\"https:\\\/\\\/shanabooks.de\\\/product\\\/gurzo-egit-yazar\\\/#breadcrumb\",\"itemListElement\":[{\"@type\":\"ListItem\",\"position\":1,\"name\":\"\u0627\u0644\u0631\u0626\u064a\u0633\u064a\u0629\",\"item\":\"https:\\\/\\\/shanabooks.de\\\/kur\\\/\"},{\"@type\":\"ListItem\",\"position\":2,\"name\":\"\u0627\u0644\u0645\u0646\u062a\u062c\u0627\u062a\",\"item\":\"https:\\\/\\\/shanabooks.de\\\/shop\\\/\"},{\"@type\":\"ListItem\",\"position\":3,\"name\":\"Gurzo\"}]},{\"@type\":\"WebSite\",\"@id\":\"https:\\\/\\\/shanabooks.de\\\/#website\",\"url\":\"https:\\\/\\\/shanabooks.de\\\/\",\"name\":\"www.shanbooks.de\",\"description\":\"C\u00eehana Pirt\u00fbk\u00ean Kurd\u00ee \u0645\u0643\u062a\u0628\u0629 \u0634\u0627\u0646\u0627 \u0641\u064a \u0627\u0644\u0645\u0627\u0646\u064a\u0627 \u0648\u0623\u0648\u0631\u0628\u0627\",\"publisher\":{\"@id\":\"https:\\\/\\\/shanabooks.de\\\/#organization\"},\"potentialAction\":[{\"@type\":\"SearchAction\",\"target\":{\"@type\":\"EntryPoint\",\"urlTemplate\":\"https:\\\/\\\/shanabooks.de\\\/?s={search_term_string}\"},\"query-input\":{\"@type\":\"PropertyValueSpecification\",\"valueRequired\":true,\"valueName\":\"search_term_string\"}}],\"inLanguage\":\"kur\"},{\"@type\":\"Organization\",\"@id\":\"https:\\\/\\\/shanabooks.de\\\/#organization\",\"name\":\"www.shanbooks.de\",\"url\":\"https:\\\/\\\/shanabooks.de\\\/\",\"logo\":{\"@type\":\"ImageObject\",\"inLanguage\":\"kur\",\"@id\":\"https:\\\/\\\/shanabooks.de\\\/#\\\/schema\\\/logo\\\/image\\\/\",\"url\":\"https:\\\/\\\/shanabooks.de\\\/wp-content\\\/uploads\\\/2024\\\/03\\\/SHANABOOKS__2_-removebg-preview.png\",\"contentUrl\":\"https:\\\/\\\/shanabooks.de\\\/wp-content\\\/uploads\\\/2024\\\/03\\\/SHANABOOKS__2_-removebg-preview.png\",\"width\":700,\"height\":150,\"caption\":\"www.shanbooks.de\"},\"image\":{\"@id\":\"https:\\\/\\\/shanabooks.de\\\/#\\\/schema\\\/logo\\\/image\\\/\"}}]}<\/script>\n<!-- \/ Yoast SEO plugin. -->","yoast_head_json":{"title":"Gurzo - Egit Yazar - www.shanabooks.de","description":"Gurzo - Egit Yazar Ev romaneke gelek taybet e. Lewra karekter\u00ea sereke y\u00ea roman\u00ea ajalek e. Di jiyan \u00fb tevgera v\u00ee karekter\u00ee de, ew \u00ea\u015fa sotin \u00fb w\u00earankirina ...","robots":{"index":"index","follow":"follow","max-snippet":"max-snippet:-1","max-image-preview":"max-image-preview:large","max-video-preview":"max-video-preview:-1"},"canonical":"https:\/\/shanabooks.de\/product\/gurzo-egit-yazar\/","og_locale":"en_US","og_type":"article","og_title":"Gurzo - Egit Yazar - www.shanabooks.de","og_description":"Gurzo - Egit Yazar Ev romaneke gelek taybet e. Lewra karekter\u00ea sereke y\u00ea roman\u00ea ajalek e. Di jiyan \u00fb tevgera v\u00ee karekter\u00ee de, ew \u00ea\u015fa sotin \u00fb w\u00earankirina ...","og_url":"https:\/\/shanabooks.de\/product\/gurzo-egit-yazar\/","og_site_name":"www.shanabooks.de","article_modified_time":"2026-01-01T19:58:33+00:00","og_image":[{"width":478,"height":751,"url":"https:\/\/shanabooks.de\/wp-content\/uploads\/2024\/03\/Gurzo.jpg","type":"image\/jpeg"}],"twitter_card":"summary_large_image","twitter_misc":{"Est. reading time":"1 minute"},"schema":{"@context":"https:\/\/schema.org","@graph":[{"@type":"WebPage","@id":"https:\/\/shanabooks.de\/product\/gurzo-egit-yazar\/","url":"https:\/\/shanabooks.de\/product\/gurzo-egit-yazar\/","name":"Gurzo - Egit Yazar - www.shanabooks.de","isPartOf":{"@id":"https:\/\/shanabooks.de\/#website"},"primaryImageOfPage":{"@id":"https:\/\/shanabooks.de\/product\/gurzo-egit-yazar\/#primaryimage"},"image":{"@id":"https:\/\/shanabooks.de\/product\/gurzo-egit-yazar\/#primaryimage"},"thumbnailUrl":"https:\/\/shanabooks.de\/wp-content\/uploads\/2024\/03\/Gurzo.jpg","datePublished":"2024-03-03T19:42:28+00:00","dateModified":"2026-01-01T19:58:33+00:00","description":"Gurzo - Egit Yazar Ev romaneke gelek taybet e. Lewra karekter\u00ea sereke y\u00ea roman\u00ea ajalek e. Di jiyan \u00fb tevgera v\u00ee karekter\u00ee de, ew \u00ea\u015fa sotin \u00fb w\u00earankirina ...","breadcrumb":{"@id":"https:\/\/shanabooks.de\/product\/gurzo-egit-yazar\/#breadcrumb"},"inLanguage":"kur","potentialAction":[{"@type":"ReadAction","target":["https:\/\/shanabooks.de\/product\/gurzo-egit-yazar\/"]}]},{"@type":"ImageObject","inLanguage":"kur","@id":"https:\/\/shanabooks.de\/product\/gurzo-egit-yazar\/#primaryimage","url":"https:\/\/shanabooks.de\/wp-content\/uploads\/2024\/03\/Gurzo.jpg","contentUrl":"https:\/\/shanabooks.de\/wp-content\/uploads\/2024\/03\/Gurzo.jpg","width":478,"height":751,"caption":"Gurzo - Egit Yazar - pirt\u00fbk\u00ean kurd\u00ee - roman"},{"@type":"BreadcrumbList","@id":"https:\/\/shanabooks.de\/product\/gurzo-egit-yazar\/#breadcrumb","itemListElement":[{"@type":"ListItem","position":1,"name":"\u0627\u0644\u0631\u0626\u064a\u0633\u064a\u0629","item":"https:\/\/shanabooks.de\/kur\/"},{"@type":"ListItem","position":2,"name":"\u0627\u0644\u0645\u0646\u062a\u062c\u0627\u062a","item":"https:\/\/shanabooks.de\/shop\/"},{"@type":"ListItem","position":3,"name":"Gurzo"}]},{"@type":"WebSite","@id":"https:\/\/shanabooks.de\/#website","url":"https:\/\/shanabooks.de\/","name":"www.shanbooks.de","description":"C\u00eehana Pirt\u00fbk\u00ean Kurd\u00ee \u0645\u0643\u062a\u0628\u0629 \u0634\u0627\u0646\u0627 \u0641\u064a \u0627\u0644\u0645\u0627\u0646\u064a\u0627 \u0648\u0623\u0648\u0631\u0628\u0627","publisher":{"@id":"https:\/\/shanabooks.de\/#organization"},"potentialAction":[{"@type":"SearchAction","target":{"@type":"EntryPoint","urlTemplate":"https:\/\/shanabooks.de\/?s={search_term_string}"},"query-input":{"@type":"PropertyValueSpecification","valueRequired":true,"valueName":"search_term_string"}}],"inLanguage":"kur"},{"@type":"Organization","@id":"https:\/\/shanabooks.de\/#organization","name":"www.shanbooks.de","url":"https:\/\/shanabooks.de\/","logo":{"@type":"ImageObject","inLanguage":"kur","@id":"https:\/\/shanabooks.de\/#\/schema\/logo\/image\/","url":"https:\/\/shanabooks.de\/wp-content\/uploads\/2024\/03\/SHANABOOKS__2_-removebg-preview.png","contentUrl":"https:\/\/shanabooks.de\/wp-content\/uploads\/2024\/03\/SHANABOOKS__2_-removebg-preview.png","width":700,"height":150,"caption":"www.shanbooks.de"},"image":{"@id":"https:\/\/shanabooks.de\/#\/schema\/logo\/image\/"}}]}},"jetpack_sharing_enabled":true,"_links":{"self":[{"href":"https:\/\/shanabooks.de\/kur\/wp-json\/wp\/v2\/product\/12270","targetHints":{"allow":["GET"]}}],"collection":[{"href":"https:\/\/shanabooks.de\/kur\/wp-json\/wp\/v2\/product"}],"about":[{"href":"https:\/\/shanabooks.de\/kur\/wp-json\/wp\/v2\/types\/product"}],"version-history":[{"count":2,"href":"https:\/\/shanabooks.de\/kur\/wp-json\/wp\/v2\/product\/12270\/revisions"}],"predecessor-version":[{"id":22185,"href":"https:\/\/shanabooks.de\/kur\/wp-json\/wp\/v2\/product\/12270\/revisions\/22185"}],"wp:featuredmedia":[{"embeddable":true,"href":"https:\/\/shanabooks.de\/kur\/wp-json\/wp\/v2\/media\/12332"}],"wp:attachment":[{"href":"https:\/\/shanabooks.de\/kur\/wp-json\/wp\/v2\/media?parent=12270"}],"wp:term":[{"taxonomy":"product_brand","embeddable":true,"href":"https:\/\/shanabooks.de\/kur\/wp-json\/wp\/v2\/product_brand?post=12270"},{"taxonomy":"product_cat","embeddable":true,"href":"https:\/\/shanabooks.de\/kur\/wp-json\/wp\/v2\/product_cat?post=12270"},{"taxonomy":"product_tag","embeddable":true,"href":"https:\/\/shanabooks.de\/kur\/wp-json\/wp\/v2\/product_tag?post=12270"}],"curies":[{"name":"wp","href":"https:\/\/api.w.org\/{rel}","templated":true}]}}