{"id":12272,"date":"2024-03-03T19:42:28","date_gmt":"2024-03-03T19:42:28","guid":{"rendered":"https:\/\/shanabooks.de\/?post_type=product&#038;p=12272"},"modified":"2024-03-20T18:53:15","modified_gmt":"2024-03-20T18:53:15","slug":"heyf-serwet-akkas","status":"publish","type":"product","link":"https:\/\/shanabooks.de\/kur\/product\/heyf-serwet-akkas\/","title":{"rendered":"Heyf"},"content":{"rendered":"<p dir=\"ltr\"><strong>Heyf &#8211; Serwet Akka\u015f<\/strong><\/p>\n<p dir=\"ltr\">Pirt\u00fbka bi nav\u00ea Heyf ya Serwet Akka\u015f weke roman hatiye niv\u00ees\u00een \u00fb ji we\u015fan\u00ean Ro\u015fna derketiye.<\/p>\n<p dir=\"ltr\">\n","protected":false},"excerpt":{"rendered":"<p dir=\"ltr\" style=\"text-align: center\"><strong>Pirt\u00fbk: Heyf<\/strong><br \/>\n<strong>Niv\u00eeskar: Serwet Akka\u015f<br \/>\nCure: Roman<\/strong><\/p>\n","protected":false},"featured_media":12336,"template":"","meta":{"site-sidebar-layout":"default","site-content-layout":"","ast-site-content-layout":"default","site-content-style":"default","site-sidebar-style":"default","ast-global-header-display":"","ast-banner-title-visibility":"","ast-main-header-display":"","ast-hfb-above-header-display":"","ast-hfb-below-header-display":"","ast-hfb-mobile-header-display":"","site-post-title":"","ast-breadcrumbs-content":"","ast-featured-img":"","footer-sml-layout":"","ast-disable-related-posts":"","theme-transparent-header-meta":"default","adv-header-id-meta":"","stick-header-meta":"","header-above-stick-meta":"","header-main-stick-meta":"","header-below-stick-meta":"","astra-migrate-meta-layouts":"set","ast-page-background-enabled":"default","ast-page-background-meta":{"desktop":{"background-color":"","background-image":"","background-repeat":"repeat","background-position":"center center","background-size":"auto","background-attachment":"scroll","background-type":"","background-media":"","overlay-type":"","overlay-color":"","overlay-opacity":"","overlay-gradient":""},"tablet":{"background-color":"","background-image":"","background-repeat":"repeat","background-position":"center center","background-size":"auto","background-attachment":"scroll","background-type":"","background-media":"","overlay-type":"","overlay-color":"","overlay-opacity":"","overlay-gradient":""},"mobile":{"background-color":"","background-image":"","background-repeat":"repeat","background-position":"center center","background-size":"auto","background-attachment":"scroll","background-type":"","background-media":"","overlay-type":"","overlay-color":"","overlay-opacity":"","overlay-gradient":""}},"ast-content-background-meta":{"desktop":{"background-color":"var(--ast-global-color-5)","background-image":"","background-repeat":"repeat","background-position":"center center","background-size":"auto","background-attachment":"scroll","background-type":"","background-media":"","overlay-type":"","overlay-color":"","overlay-opacity":"","overlay-gradient":""},"tablet":{"background-color":"var(--ast-global-color-5)","background-image":"","background-repeat":"repeat","background-position":"center center","background-size":"auto","background-attachment":"scroll","background-type":"","background-media":"","overlay-type":"","overlay-color":"","overlay-opacity":"","overlay-gradient":""},"mobile":{"background-color":"var(--ast-global-color-5)","background-image":"","background-repeat":"repeat","background-position":"center center","background-size":"auto","background-attachment":"scroll","background-type":"","background-media":"","overlay-type":"","overlay-color":"","overlay-opacity":"","overlay-gradient":""}}},"product_brand":[],"product_cat":[182,193],"product_tag":[],"class_list":{"0":"post-12272","1":"product","2":"type-product","3":"status-publish","4":"has-post-thumbnail","6":"product_cat-_","7":"product_cat--_","8":"pa_-roman","9":"pa_-serwet-akkas","10":"pa_-kurmanci","11":"pa_--rosna-yayinevi","12":"desktop-align-left","13":"tablet-align-left","14":"mobile-align-left","16":"first","17":"instock","18":"shipping-taxable","19":"purchasable","20":"product-type-simple"},"yoast_head":"<!-- This site is optimized with the Yoast SEO plugin v27.4 - https:\/\/yoast.com\/product\/yoast-seo-wordpress\/ -->\n<title>Heyf - Serwet Akka\u015f - www.shanabooks.de<\/title>\n<meta name=\"description\" content=\"Heyf - Serwet Akka\u015f Pirt\u00fbka bi nav\u00ea Heyf ya Serwet Akka\u015f yek ji roman\u00ean kurd\u00ee ye \u00fb ji we\u015fan\u00ean Ro\u015fna derketiye. Pirt\u00fbk ji 285 R\u00fbpelan p\u00eak t\u00ea...\" \/>\n<meta name=\"robots\" content=\"index, follow, max-snippet:-1, max-image-preview:large, max-video-preview:-1\" \/>\n<link rel=\"canonical\" href=\"https:\/\/shanabooks.de\/product\/heyf-serwet-akkas\/\" \/>\n<meta property=\"og:locale\" content=\"en_US\" \/>\n<meta property=\"og:type\" content=\"article\" \/>\n<meta property=\"og:title\" content=\"Heyf - Serwet Akka\u015f - www.shanabooks.de\" \/>\n<meta property=\"og:description\" content=\"Heyf - Serwet Akka\u015f Pirt\u00fbka bi nav\u00ea Heyf ya Serwet Akka\u015f yek ji roman\u00ean kurd\u00ee ye \u00fb ji we\u015fan\u00ean Ro\u015fna derketiye. Pirt\u00fbk ji 285 R\u00fbpelan p\u00eak t\u00ea...\" \/>\n<meta property=\"og:url\" content=\"https:\/\/shanabooks.de\/product\/heyf-serwet-akkas\/\" \/>\n<meta property=\"og:site_name\" content=\"www.shanabooks.de\" \/>\n<meta property=\"article:modified_time\" content=\"2024-03-20T18:53:15+00:00\" \/>\n<meta property=\"og:image\" content=\"https:\/\/shanabooks.de\/wp-content\/uploads\/2024\/03\/Heyf.png\" \/>\n\t<meta property=\"og:image:width\" content=\"310\" \/>\n\t<meta property=\"og:image:height\" content=\"472\" \/>\n\t<meta property=\"og:image:type\" content=\"image\/png\" \/>\n<meta name=\"twitter:card\" content=\"summary_large_image\" \/>\n<meta name=\"twitter:label1\" content=\"Est. reading time\" \/>\n\t<meta name=\"twitter:data1\" content=\"1 minute\" \/>\n<script type=\"application\/ld+json\" class=\"yoast-schema-graph\">{\"@context\":\"https:\\\/\\\/schema.org\",\"@graph\":[{\"@type\":\"WebPage\",\"@id\":\"https:\\\/\\\/shanabooks.de\\\/product\\\/heyf-serwet-akkas\\\/\",\"url\":\"https:\\\/\\\/shanabooks.de\\\/product\\\/heyf-serwet-akkas\\\/\",\"name\":\"Heyf - Serwet Akka\u015f - www.shanabooks.de\",\"isPartOf\":{\"@id\":\"https:\\\/\\\/shanabooks.de\\\/#website\"},\"primaryImageOfPage\":{\"@id\":\"https:\\\/\\\/shanabooks.de\\\/product\\\/heyf-serwet-akkas\\\/#primaryimage\"},\"image\":{\"@id\":\"https:\\\/\\\/shanabooks.de\\\/product\\\/heyf-serwet-akkas\\\/#primaryimage\"},\"thumbnailUrl\":\"https:\\\/\\\/shanabooks.de\\\/wp-content\\\/uploads\\\/2024\\\/03\\\/Heyf.png\",\"datePublished\":\"2024-03-03T19:42:28+00:00\",\"dateModified\":\"2024-03-20T18:53:15+00:00\",\"description\":\"Heyf - Serwet Akka\u015f Pirt\u00fbka bi nav\u00ea Heyf ya Serwet Akka\u015f yek ji roman\u00ean kurd\u00ee ye \u00fb ji we\u015fan\u00ean Ro\u015fna derketiye. Pirt\u00fbk ji 285 R\u00fbpelan p\u00eak t\u00ea...\",\"breadcrumb\":{\"@id\":\"https:\\\/\\\/shanabooks.de\\\/product\\\/heyf-serwet-akkas\\\/#breadcrumb\"},\"inLanguage\":\"kur\",\"potentialAction\":[{\"@type\":\"ReadAction\",\"target\":[\"https:\\\/\\\/shanabooks.de\\\/product\\\/heyf-serwet-akkas\\\/\"]}]},{\"@type\":\"ImageObject\",\"inLanguage\":\"kur\",\"@id\":\"https:\\\/\\\/shanabooks.de\\\/product\\\/heyf-serwet-akkas\\\/#primaryimage\",\"url\":\"https:\\\/\\\/shanabooks.de\\\/wp-content\\\/uploads\\\/2024\\\/03\\\/Heyf.png\",\"contentUrl\":\"https:\\\/\\\/shanabooks.de\\\/wp-content\\\/uploads\\\/2024\\\/03\\\/Heyf.png\",\"width\":310,\"height\":472,\"caption\":\"Heyf - Serwet Akka\u015f - pirt\u00fbk\u00ean kurd\u00ee - roman\"},{\"@type\":\"BreadcrumbList\",\"@id\":\"https:\\\/\\\/shanabooks.de\\\/product\\\/heyf-serwet-akkas\\\/#breadcrumb\",\"itemListElement\":[{\"@type\":\"ListItem\",\"position\":1,\"name\":\"\u0627\u0644\u0631\u0626\u064a\u0633\u064a\u0629\",\"item\":\"https:\\\/\\\/shanabooks.de\\\/kur\\\/\"},{\"@type\":\"ListItem\",\"position\":2,\"name\":\"\u0627\u0644\u0645\u0646\u062a\u062c\u0627\u062a\",\"item\":\"https:\\\/\\\/shanabooks.de\\\/shop\\\/\"},{\"@type\":\"ListItem\",\"position\":3,\"name\":\"Heyf\"}]},{\"@type\":\"WebSite\",\"@id\":\"https:\\\/\\\/shanabooks.de\\\/#website\",\"url\":\"https:\\\/\\\/shanabooks.de\\\/\",\"name\":\"www.shanbooks.de\",\"description\":\"C\u00eehana Pirt\u00fbk\u00ean Kurd\u00ee \u0645\u0643\u062a\u0628\u0629 \u0634\u0627\u0646\u0627 \u0641\u064a \u0627\u0644\u0645\u0627\u0646\u064a\u0627 \u0648\u0623\u0648\u0631\u0628\u0627\",\"publisher\":{\"@id\":\"https:\\\/\\\/shanabooks.de\\\/#organization\"},\"potentialAction\":[{\"@type\":\"SearchAction\",\"target\":{\"@type\":\"EntryPoint\",\"urlTemplate\":\"https:\\\/\\\/shanabooks.de\\\/?s={search_term_string}\"},\"query-input\":{\"@type\":\"PropertyValueSpecification\",\"valueRequired\":true,\"valueName\":\"search_term_string\"}}],\"inLanguage\":\"kur\"},{\"@type\":\"Organization\",\"@id\":\"https:\\\/\\\/shanabooks.de\\\/#organization\",\"name\":\"www.shanbooks.de\",\"url\":\"https:\\\/\\\/shanabooks.de\\\/\",\"logo\":{\"@type\":\"ImageObject\",\"inLanguage\":\"kur\",\"@id\":\"https:\\\/\\\/shanabooks.de\\\/#\\\/schema\\\/logo\\\/image\\\/\",\"url\":\"https:\\\/\\\/shanabooks.de\\\/wp-content\\\/uploads\\\/2024\\\/03\\\/SHANABOOKS__2_-removebg-preview.png\",\"contentUrl\":\"https:\\\/\\\/shanabooks.de\\\/wp-content\\\/uploads\\\/2024\\\/03\\\/SHANABOOKS__2_-removebg-preview.png\",\"width\":700,\"height\":150,\"caption\":\"www.shanbooks.de\"},\"image\":{\"@id\":\"https:\\\/\\\/shanabooks.de\\\/#\\\/schema\\\/logo\\\/image\\\/\"}}]}<\/script>\n<!-- \/ Yoast SEO plugin. -->","yoast_head_json":{"title":"Heyf - Serwet Akka\u015f - www.shanabooks.de","description":"Heyf - Serwet Akka\u015f Pirt\u00fbka bi nav\u00ea Heyf ya Serwet Akka\u015f yek ji roman\u00ean kurd\u00ee ye \u00fb ji we\u015fan\u00ean Ro\u015fna derketiye. Pirt\u00fbk ji 285 R\u00fbpelan p\u00eak t\u00ea...","robots":{"index":"index","follow":"follow","max-snippet":"max-snippet:-1","max-image-preview":"max-image-preview:large","max-video-preview":"max-video-preview:-1"},"canonical":"https:\/\/shanabooks.de\/product\/heyf-serwet-akkas\/","og_locale":"en_US","og_type":"article","og_title":"Heyf - Serwet Akka\u015f - www.shanabooks.de","og_description":"Heyf - Serwet Akka\u015f Pirt\u00fbka bi nav\u00ea Heyf ya Serwet Akka\u015f yek ji roman\u00ean kurd\u00ee ye \u00fb ji we\u015fan\u00ean Ro\u015fna derketiye. Pirt\u00fbk ji 285 R\u00fbpelan p\u00eak t\u00ea...","og_url":"https:\/\/shanabooks.de\/product\/heyf-serwet-akkas\/","og_site_name":"www.shanabooks.de","article_modified_time":"2024-03-20T18:53:15+00:00","og_image":[{"width":310,"height":472,"url":"https:\/\/shanabooks.de\/wp-content\/uploads\/2024\/03\/Heyf.png","type":"image\/png"}],"twitter_card":"summary_large_image","twitter_misc":{"Est. reading time":"1 minute"},"schema":{"@context":"https:\/\/schema.org","@graph":[{"@type":"WebPage","@id":"https:\/\/shanabooks.de\/product\/heyf-serwet-akkas\/","url":"https:\/\/shanabooks.de\/product\/heyf-serwet-akkas\/","name":"Heyf - Serwet Akka\u015f - www.shanabooks.de","isPartOf":{"@id":"https:\/\/shanabooks.de\/#website"},"primaryImageOfPage":{"@id":"https:\/\/shanabooks.de\/product\/heyf-serwet-akkas\/#primaryimage"},"image":{"@id":"https:\/\/shanabooks.de\/product\/heyf-serwet-akkas\/#primaryimage"},"thumbnailUrl":"https:\/\/shanabooks.de\/wp-content\/uploads\/2024\/03\/Heyf.png","datePublished":"2024-03-03T19:42:28+00:00","dateModified":"2024-03-20T18:53:15+00:00","description":"Heyf - Serwet Akka\u015f Pirt\u00fbka bi nav\u00ea Heyf ya Serwet Akka\u015f yek ji roman\u00ean kurd\u00ee ye \u00fb ji we\u015fan\u00ean Ro\u015fna derketiye. Pirt\u00fbk ji 285 R\u00fbpelan p\u00eak t\u00ea...","breadcrumb":{"@id":"https:\/\/shanabooks.de\/product\/heyf-serwet-akkas\/#breadcrumb"},"inLanguage":"kur","potentialAction":[{"@type":"ReadAction","target":["https:\/\/shanabooks.de\/product\/heyf-serwet-akkas\/"]}]},{"@type":"ImageObject","inLanguage":"kur","@id":"https:\/\/shanabooks.de\/product\/heyf-serwet-akkas\/#primaryimage","url":"https:\/\/shanabooks.de\/wp-content\/uploads\/2024\/03\/Heyf.png","contentUrl":"https:\/\/shanabooks.de\/wp-content\/uploads\/2024\/03\/Heyf.png","width":310,"height":472,"caption":"Heyf - Serwet Akka\u015f - pirt\u00fbk\u00ean kurd\u00ee - roman"},{"@type":"BreadcrumbList","@id":"https:\/\/shanabooks.de\/product\/heyf-serwet-akkas\/#breadcrumb","itemListElement":[{"@type":"ListItem","position":1,"name":"\u0627\u0644\u0631\u0626\u064a\u0633\u064a\u0629","item":"https:\/\/shanabooks.de\/kur\/"},{"@type":"ListItem","position":2,"name":"\u0627\u0644\u0645\u0646\u062a\u062c\u0627\u062a","item":"https:\/\/shanabooks.de\/shop\/"},{"@type":"ListItem","position":3,"name":"Heyf"}]},{"@type":"WebSite","@id":"https:\/\/shanabooks.de\/#website","url":"https:\/\/shanabooks.de\/","name":"www.shanbooks.de","description":"C\u00eehana Pirt\u00fbk\u00ean Kurd\u00ee \u0645\u0643\u062a\u0628\u0629 \u0634\u0627\u0646\u0627 \u0641\u064a \u0627\u0644\u0645\u0627\u0646\u064a\u0627 \u0648\u0623\u0648\u0631\u0628\u0627","publisher":{"@id":"https:\/\/shanabooks.de\/#organization"},"potentialAction":[{"@type":"SearchAction","target":{"@type":"EntryPoint","urlTemplate":"https:\/\/shanabooks.de\/?s={search_term_string}"},"query-input":{"@type":"PropertyValueSpecification","valueRequired":true,"valueName":"search_term_string"}}],"inLanguage":"kur"},{"@type":"Organization","@id":"https:\/\/shanabooks.de\/#organization","name":"www.shanbooks.de","url":"https:\/\/shanabooks.de\/","logo":{"@type":"ImageObject","inLanguage":"kur","@id":"https:\/\/shanabooks.de\/#\/schema\/logo\/image\/","url":"https:\/\/shanabooks.de\/wp-content\/uploads\/2024\/03\/SHANABOOKS__2_-removebg-preview.png","contentUrl":"https:\/\/shanabooks.de\/wp-content\/uploads\/2024\/03\/SHANABOOKS__2_-removebg-preview.png","width":700,"height":150,"caption":"www.shanbooks.de"},"image":{"@id":"https:\/\/shanabooks.de\/#\/schema\/logo\/image\/"}}]}},"jetpack_sharing_enabled":true,"_links":{"self":[{"href":"https:\/\/shanabooks.de\/kur\/wp-json\/wp\/v2\/product\/12272","targetHints":{"allow":["GET"]}}],"collection":[{"href":"https:\/\/shanabooks.de\/kur\/wp-json\/wp\/v2\/product"}],"about":[{"href":"https:\/\/shanabooks.de\/kur\/wp-json\/wp\/v2\/types\/product"}],"version-history":[{"count":3,"href":"https:\/\/shanabooks.de\/kur\/wp-json\/wp\/v2\/product\/12272\/revisions"}],"predecessor-version":[{"id":21455,"href":"https:\/\/shanabooks.de\/kur\/wp-json\/wp\/v2\/product\/12272\/revisions\/21455"}],"wp:featuredmedia":[{"embeddable":true,"href":"https:\/\/shanabooks.de\/kur\/wp-json\/wp\/v2\/media\/12336"}],"wp:attachment":[{"href":"https:\/\/shanabooks.de\/kur\/wp-json\/wp\/v2\/media?parent=12272"}],"wp:term":[{"taxonomy":"product_brand","embeddable":true,"href":"https:\/\/shanabooks.de\/kur\/wp-json\/wp\/v2\/product_brand?post=12272"},{"taxonomy":"product_cat","embeddable":true,"href":"https:\/\/shanabooks.de\/kur\/wp-json\/wp\/v2\/product_cat?post=12272"},{"taxonomy":"product_tag","embeddable":true,"href":"https:\/\/shanabooks.de\/kur\/wp-json\/wp\/v2\/product_tag?post=12272"}],"curies":[{"name":"wp","href":"https:\/\/api.w.org\/{rel}","templated":true}]}}