{"id":12274,"date":"2024-03-03T19:42:28","date_gmt":"2024-03-03T19:42:28","guid":{"rendered":"https:\/\/shanabooks.de\/?post_type=product&#038;p=12274"},"modified":"2026-01-01T19:59:58","modified_gmt":"2026-01-01T19:59:58","slug":"sinem-gulistan-coban","status":"publish","type":"product","link":"https:\/\/shanabooks.de\/kur\/product\/sinem-gulistan-coban\/","title":{"rendered":"S\u00eenem"},"content":{"rendered":"<p dir=\"ltr\"><strong>S\u00eenem &#8211; Gul\u00eestan \u00c7oban<\/strong><\/p>\n<p dir=\"ltr\"><span style=\"font-family: Verdana\">E\u015fq di \u00e7ola dil da demsaleke efs\u00fbn\u00ee ye. Ger pevgih\u00ee\u015ftin be waha, ger firqet be kerbela ye. Xeyala yar\u00ea j\u00ee kevirek\u00ee p\u00eeroz\u00ea w\u00ea \u00e7ol\u00ea ye ku li ku der\u00ea bi\u00e7\u00ee secdey\u00ea, ser\u00ea xwe bi hesret\u00ean hezar salan dat\u00een\u00ee ser. Feq\u00ee li p\u00eal\u00ean ku ji d\u00fbr da direv\u00eeyan dihatin \u00fb ser\u00ea xwe li kevir \u00fb zinar\u00ean perav\u00ea behr\u00ea dixistin, nih\u00ear\u00ee. Ma S\u00eenem ewqas li w\u00ee hatib\u00fb xezeb\u00ea? Ma \u00e7\u00fbyina w\u00ea bes neb\u00fb ku bi serda behr \u00fb bejah\u00ee, dar \u00fb ber, \u00e7ol \u00fb \u00e7\u00eeya tev dab\u00fb agir. W\u00ee qet hay ji hatina bihar\u00ea neb\u00fb. Dinya wek daristaneke \u015fewit\u00ee li ber \u00e7av\u00ean w\u00ee re\u015f dikir. Di xewn\u00ean xwe da wek pezkov\u00eeyek\u00ee bir\u00eendar \u00ea kal, di nav ar\u00ee, xwel\u00ee \u00fb xubar\u00ea da bi \u00e7\u00eeyayek\u00ee agir\u00een ve hildiki\u015f\u00eeya \u00fb carcaran dizivir\u00ee \u00fb bi dengek\u00ee kelogir\u00ee dikir q\u00ear\u00een:<\/span><\/p>\n<p dir=\"ltr\"><span style=\"font-family: Verdana\">S\u00eeneeeem! S\u00eeneeeem!<\/span><\/p>\n<p dir=\"ltr\">Romana S\u00eenem ya Gul\u00eestan \u00c7oban ji we\u015fan\u00ean Daray\u00ea derketiye.<\/p>\n","protected":false},"excerpt":{"rendered":"<p dir=\"ltr\" style=\"text-align: center\"><strong>Pirt\u00fbk: S\u00eenem<br \/>\nNiv\u00eeskar: Gul\u00eestan \u00c7oban<\/strong><br \/>\n<strong>Cure: Roman<\/strong><\/p>\n","protected":false},"featured_media":12339,"template":"","meta":{"site-sidebar-layout":"default","site-content-layout":"","ast-site-content-layout":"default","site-content-style":"default","site-sidebar-style":"default","ast-global-header-display":"","ast-banner-title-visibility":"","ast-main-header-display":"","ast-hfb-above-header-display":"","ast-hfb-below-header-display":"","ast-hfb-mobile-header-display":"","site-post-title":"","ast-breadcrumbs-content":"","ast-featured-img":"","footer-sml-layout":"","ast-disable-related-posts":"","theme-transparent-header-meta":"default","adv-header-id-meta":"","stick-header-meta":"","header-above-stick-meta":"","header-main-stick-meta":"","header-below-stick-meta":"","astra-migrate-meta-layouts":"set","ast-page-background-enabled":"default","ast-page-background-meta":{"desktop":{"background-color":"","background-image":"","background-repeat":"repeat","background-position":"center center","background-size":"auto","background-attachment":"scroll","background-type":"","background-media":"","overlay-type":"","overlay-color":"","overlay-opacity":"","overlay-gradient":""},"tablet":{"background-color":"","background-image":"","background-repeat":"repeat","background-position":"center center","background-size":"auto","background-attachment":"scroll","background-type":"","background-media":"","overlay-type":"","overlay-color":"","overlay-opacity":"","overlay-gradient":""},"mobile":{"background-color":"","background-image":"","background-repeat":"repeat","background-position":"center center","background-size":"auto","background-attachment":"scroll","background-type":"","background-media":"","overlay-type":"","overlay-color":"","overlay-opacity":"","overlay-gradient":""}},"ast-content-background-meta":{"desktop":{"background-color":"var(--ast-global-color-5)","background-image":"","background-repeat":"repeat","background-position":"center center","background-size":"auto","background-attachment":"scroll","background-type":"","background-media":"","overlay-type":"","overlay-color":"","overlay-opacity":"","overlay-gradient":""},"tablet":{"background-color":"var(--ast-global-color-5)","background-image":"","background-repeat":"repeat","background-position":"center center","background-size":"auto","background-attachment":"scroll","background-type":"","background-media":"","overlay-type":"","overlay-color":"","overlay-opacity":"","overlay-gradient":""},"mobile":{"background-color":"var(--ast-global-color-5)","background-image":"","background-repeat":"repeat","background-position":"center center","background-size":"auto","background-attachment":"scroll","background-type":"","background-media":"","overlay-type":"","overlay-color":"","overlay-opacity":"","overlay-gradient":""}}},"product_brand":[],"product_cat":[182,193],"product_tag":[],"class_list":{"0":"post-12274","1":"product","2":"type-product","3":"status-publish","4":"has-post-thumbnail","6":"product_cat-_","7":"product_cat--_","8":"pa_-roman","9":"pa_-gulistan-coban","10":"pa_-kurmanci","11":"pa_--dara-yayinlari","12":"desktop-align-left","13":"tablet-align-left","14":"mobile-align-left","16":"first","17":"instock","18":"shipping-taxable","19":"purchasable","20":"product-type-simple"},"yoast_head":"<!-- This site is optimized with the Yoast SEO plugin v27.4 - https:\/\/yoast.com\/product\/yoast-seo-wordpress\/ -->\n<title>S\u00eenem - Gul\u00eestan \u00c7oban - www.shanabooks.de<\/title>\n<meta name=\"description\" content=\"S\u00eenem - Gul\u00eestan \u00c7oban E\u015fq di \u00e7ola dil da demsaleke efs\u00fbn\u00ee ye. Ger pevgih\u00ee\u015ftin be waha, ger firqet be kerbela ye. Xeyala yar\u00ea j\u00ee kevirek\u00ee p\u00eeroz\u00ea w\u00ea \u00e7ol\u00ea...\" \/>\n<meta name=\"robots\" content=\"index, follow, max-snippet:-1, max-image-preview:large, max-video-preview:-1\" \/>\n<link rel=\"canonical\" href=\"https:\/\/shanabooks.de\/product\/sinem-gulistan-coban\/\" \/>\n<meta property=\"og:locale\" content=\"en_US\" \/>\n<meta property=\"og:type\" content=\"article\" \/>\n<meta property=\"og:title\" content=\"S\u00eenem - Gul\u00eestan \u00c7oban - www.shanabooks.de\" \/>\n<meta property=\"og:description\" content=\"S\u00eenem - Gul\u00eestan \u00c7oban E\u015fq di \u00e7ola dil da demsaleke efs\u00fbn\u00ee ye. Ger pevgih\u00ee\u015ftin be waha, ger firqet be kerbela ye. Xeyala yar\u00ea j\u00ee kevirek\u00ee p\u00eeroz\u00ea w\u00ea \u00e7ol\u00ea...\" \/>\n<meta property=\"og:url\" content=\"https:\/\/shanabooks.de\/product\/sinem-gulistan-coban\/\" \/>\n<meta property=\"og:site_name\" content=\"www.shanabooks.de\" \/>\n<meta property=\"article:modified_time\" content=\"2026-01-01T19:59:58+00:00\" \/>\n<meta property=\"og:image\" content=\"https:\/\/shanabooks.de\/wp-content\/uploads\/2024\/03\/Sinem.png\" \/>\n\t<meta property=\"og:image:width\" content=\"268\" \/>\n\t<meta property=\"og:image:height\" content=\"473\" \/>\n\t<meta property=\"og:image:type\" content=\"image\/png\" \/>\n<meta name=\"twitter:card\" content=\"summary_large_image\" \/>\n<meta name=\"twitter:label1\" content=\"Est. reading time\" \/>\n\t<meta name=\"twitter:data1\" content=\"2 minutes\" \/>\n<script type=\"application\/ld+json\" class=\"yoast-schema-graph\">{\"@context\":\"https:\\\/\\\/schema.org\",\"@graph\":[{\"@type\":\"WebPage\",\"@id\":\"https:\\\/\\\/shanabooks.de\\\/product\\\/sinem-gulistan-coban\\\/\",\"url\":\"https:\\\/\\\/shanabooks.de\\\/product\\\/sinem-gulistan-coban\\\/\",\"name\":\"S\u00eenem - Gul\u00eestan \u00c7oban - www.shanabooks.de\",\"isPartOf\":{\"@id\":\"https:\\\/\\\/shanabooks.de\\\/#website\"},\"primaryImageOfPage\":{\"@id\":\"https:\\\/\\\/shanabooks.de\\\/product\\\/sinem-gulistan-coban\\\/#primaryimage\"},\"image\":{\"@id\":\"https:\\\/\\\/shanabooks.de\\\/product\\\/sinem-gulistan-coban\\\/#primaryimage\"},\"thumbnailUrl\":\"https:\\\/\\\/shanabooks.de\\\/wp-content\\\/uploads\\\/2024\\\/03\\\/Sinem.png\",\"datePublished\":\"2024-03-03T19:42:28+00:00\",\"dateModified\":\"2026-01-01T19:59:58+00:00\",\"description\":\"S\u00eenem - Gul\u00eestan \u00c7oban E\u015fq di \u00e7ola dil da demsaleke efs\u00fbn\u00ee ye. Ger pevgih\u00ee\u015ftin be waha, ger firqet be kerbela ye. Xeyala yar\u00ea j\u00ee kevirek\u00ee p\u00eeroz\u00ea w\u00ea \u00e7ol\u00ea...\",\"breadcrumb\":{\"@id\":\"https:\\\/\\\/shanabooks.de\\\/product\\\/sinem-gulistan-coban\\\/#breadcrumb\"},\"inLanguage\":\"kur\",\"potentialAction\":[{\"@type\":\"ReadAction\",\"target\":[\"https:\\\/\\\/shanabooks.de\\\/product\\\/sinem-gulistan-coban\\\/\"]}]},{\"@type\":\"ImageObject\",\"inLanguage\":\"kur\",\"@id\":\"https:\\\/\\\/shanabooks.de\\\/product\\\/sinem-gulistan-coban\\\/#primaryimage\",\"url\":\"https:\\\/\\\/shanabooks.de\\\/wp-content\\\/uploads\\\/2024\\\/03\\\/Sinem.png\",\"contentUrl\":\"https:\\\/\\\/shanabooks.de\\\/wp-content\\\/uploads\\\/2024\\\/03\\\/Sinem.png\",\"width\":268,\"height\":473,\"caption\":\"S\u00eenem - Gul\u00eestan \u00c7oban - pirt\u00fbk\u00ean kurd\u00ee - roman\"},{\"@type\":\"BreadcrumbList\",\"@id\":\"https:\\\/\\\/shanabooks.de\\\/product\\\/sinem-gulistan-coban\\\/#breadcrumb\",\"itemListElement\":[{\"@type\":\"ListItem\",\"position\":1,\"name\":\"\u0627\u0644\u0631\u0626\u064a\u0633\u064a\u0629\",\"item\":\"https:\\\/\\\/shanabooks.de\\\/kur\\\/\"},{\"@type\":\"ListItem\",\"position\":2,\"name\":\"\u0627\u0644\u0645\u0646\u062a\u062c\u0627\u062a\",\"item\":\"https:\\\/\\\/shanabooks.de\\\/shop\\\/\"},{\"@type\":\"ListItem\",\"position\":3,\"name\":\"S\u00eenem\"}]},{\"@type\":\"WebSite\",\"@id\":\"https:\\\/\\\/shanabooks.de\\\/#website\",\"url\":\"https:\\\/\\\/shanabooks.de\\\/\",\"name\":\"www.shanbooks.de\",\"description\":\"C\u00eehana Pirt\u00fbk\u00ean Kurd\u00ee \u0645\u0643\u062a\u0628\u0629 \u0634\u0627\u0646\u0627 \u0641\u064a \u0627\u0644\u0645\u0627\u0646\u064a\u0627 \u0648\u0623\u0648\u0631\u0628\u0627\",\"publisher\":{\"@id\":\"https:\\\/\\\/shanabooks.de\\\/#organization\"},\"potentialAction\":[{\"@type\":\"SearchAction\",\"target\":{\"@type\":\"EntryPoint\",\"urlTemplate\":\"https:\\\/\\\/shanabooks.de\\\/?s={search_term_string}\"},\"query-input\":{\"@type\":\"PropertyValueSpecification\",\"valueRequired\":true,\"valueName\":\"search_term_string\"}}],\"inLanguage\":\"kur\"},{\"@type\":\"Organization\",\"@id\":\"https:\\\/\\\/shanabooks.de\\\/#organization\",\"name\":\"www.shanbooks.de\",\"url\":\"https:\\\/\\\/shanabooks.de\\\/\",\"logo\":{\"@type\":\"ImageObject\",\"inLanguage\":\"kur\",\"@id\":\"https:\\\/\\\/shanabooks.de\\\/#\\\/schema\\\/logo\\\/image\\\/\",\"url\":\"https:\\\/\\\/shanabooks.de\\\/wp-content\\\/uploads\\\/2024\\\/03\\\/SHANABOOKS__2_-removebg-preview.png\",\"contentUrl\":\"https:\\\/\\\/shanabooks.de\\\/wp-content\\\/uploads\\\/2024\\\/03\\\/SHANABOOKS__2_-removebg-preview.png\",\"width\":700,\"height\":150,\"caption\":\"www.shanbooks.de\"},\"image\":{\"@id\":\"https:\\\/\\\/shanabooks.de\\\/#\\\/schema\\\/logo\\\/image\\\/\"}}]}<\/script>\n<!-- \/ Yoast SEO plugin. -->","yoast_head_json":{"title":"S\u00eenem - Gul\u00eestan \u00c7oban - www.shanabooks.de","description":"S\u00eenem - Gul\u00eestan \u00c7oban E\u015fq di \u00e7ola dil da demsaleke efs\u00fbn\u00ee ye. Ger pevgih\u00ee\u015ftin be waha, ger firqet be kerbela ye. Xeyala yar\u00ea j\u00ee kevirek\u00ee p\u00eeroz\u00ea w\u00ea \u00e7ol\u00ea...","robots":{"index":"index","follow":"follow","max-snippet":"max-snippet:-1","max-image-preview":"max-image-preview:large","max-video-preview":"max-video-preview:-1"},"canonical":"https:\/\/shanabooks.de\/product\/sinem-gulistan-coban\/","og_locale":"en_US","og_type":"article","og_title":"S\u00eenem - Gul\u00eestan \u00c7oban - www.shanabooks.de","og_description":"S\u00eenem - Gul\u00eestan \u00c7oban E\u015fq di \u00e7ola dil da demsaleke efs\u00fbn\u00ee ye. Ger pevgih\u00ee\u015ftin be waha, ger firqet be kerbela ye. Xeyala yar\u00ea j\u00ee kevirek\u00ee p\u00eeroz\u00ea w\u00ea \u00e7ol\u00ea...","og_url":"https:\/\/shanabooks.de\/product\/sinem-gulistan-coban\/","og_site_name":"www.shanabooks.de","article_modified_time":"2026-01-01T19:59:58+00:00","og_image":[{"width":268,"height":473,"url":"https:\/\/shanabooks.de\/wp-content\/uploads\/2024\/03\/Sinem.png","type":"image\/png"}],"twitter_card":"summary_large_image","twitter_misc":{"Est. reading time":"2 minutes"},"schema":{"@context":"https:\/\/schema.org","@graph":[{"@type":"WebPage","@id":"https:\/\/shanabooks.de\/product\/sinem-gulistan-coban\/","url":"https:\/\/shanabooks.de\/product\/sinem-gulistan-coban\/","name":"S\u00eenem - Gul\u00eestan \u00c7oban - www.shanabooks.de","isPartOf":{"@id":"https:\/\/shanabooks.de\/#website"},"primaryImageOfPage":{"@id":"https:\/\/shanabooks.de\/product\/sinem-gulistan-coban\/#primaryimage"},"image":{"@id":"https:\/\/shanabooks.de\/product\/sinem-gulistan-coban\/#primaryimage"},"thumbnailUrl":"https:\/\/shanabooks.de\/wp-content\/uploads\/2024\/03\/Sinem.png","datePublished":"2024-03-03T19:42:28+00:00","dateModified":"2026-01-01T19:59:58+00:00","description":"S\u00eenem - Gul\u00eestan \u00c7oban E\u015fq di \u00e7ola dil da demsaleke efs\u00fbn\u00ee ye. Ger pevgih\u00ee\u015ftin be waha, ger firqet be kerbela ye. Xeyala yar\u00ea j\u00ee kevirek\u00ee p\u00eeroz\u00ea w\u00ea \u00e7ol\u00ea...","breadcrumb":{"@id":"https:\/\/shanabooks.de\/product\/sinem-gulistan-coban\/#breadcrumb"},"inLanguage":"kur","potentialAction":[{"@type":"ReadAction","target":["https:\/\/shanabooks.de\/product\/sinem-gulistan-coban\/"]}]},{"@type":"ImageObject","inLanguage":"kur","@id":"https:\/\/shanabooks.de\/product\/sinem-gulistan-coban\/#primaryimage","url":"https:\/\/shanabooks.de\/wp-content\/uploads\/2024\/03\/Sinem.png","contentUrl":"https:\/\/shanabooks.de\/wp-content\/uploads\/2024\/03\/Sinem.png","width":268,"height":473,"caption":"S\u00eenem - Gul\u00eestan \u00c7oban - pirt\u00fbk\u00ean kurd\u00ee - roman"},{"@type":"BreadcrumbList","@id":"https:\/\/shanabooks.de\/product\/sinem-gulistan-coban\/#breadcrumb","itemListElement":[{"@type":"ListItem","position":1,"name":"\u0627\u0644\u0631\u0626\u064a\u0633\u064a\u0629","item":"https:\/\/shanabooks.de\/kur\/"},{"@type":"ListItem","position":2,"name":"\u0627\u0644\u0645\u0646\u062a\u062c\u0627\u062a","item":"https:\/\/shanabooks.de\/shop\/"},{"@type":"ListItem","position":3,"name":"S\u00eenem"}]},{"@type":"WebSite","@id":"https:\/\/shanabooks.de\/#website","url":"https:\/\/shanabooks.de\/","name":"www.shanbooks.de","description":"C\u00eehana Pirt\u00fbk\u00ean Kurd\u00ee \u0645\u0643\u062a\u0628\u0629 \u0634\u0627\u0646\u0627 \u0641\u064a \u0627\u0644\u0645\u0627\u0646\u064a\u0627 \u0648\u0623\u0648\u0631\u0628\u0627","publisher":{"@id":"https:\/\/shanabooks.de\/#organization"},"potentialAction":[{"@type":"SearchAction","target":{"@type":"EntryPoint","urlTemplate":"https:\/\/shanabooks.de\/?s={search_term_string}"},"query-input":{"@type":"PropertyValueSpecification","valueRequired":true,"valueName":"search_term_string"}}],"inLanguage":"kur"},{"@type":"Organization","@id":"https:\/\/shanabooks.de\/#organization","name":"www.shanbooks.de","url":"https:\/\/shanabooks.de\/","logo":{"@type":"ImageObject","inLanguage":"kur","@id":"https:\/\/shanabooks.de\/#\/schema\/logo\/image\/","url":"https:\/\/shanabooks.de\/wp-content\/uploads\/2024\/03\/SHANABOOKS__2_-removebg-preview.png","contentUrl":"https:\/\/shanabooks.de\/wp-content\/uploads\/2024\/03\/SHANABOOKS__2_-removebg-preview.png","width":700,"height":150,"caption":"www.shanbooks.de"},"image":{"@id":"https:\/\/shanabooks.de\/#\/schema\/logo\/image\/"}}]}},"jetpack_sharing_enabled":true,"_links":{"self":[{"href":"https:\/\/shanabooks.de\/kur\/wp-json\/wp\/v2\/product\/12274","targetHints":{"allow":["GET"]}}],"collection":[{"href":"https:\/\/shanabooks.de\/kur\/wp-json\/wp\/v2\/product"}],"about":[{"href":"https:\/\/shanabooks.de\/kur\/wp-json\/wp\/v2\/types\/product"}],"version-history":[{"count":3,"href":"https:\/\/shanabooks.de\/kur\/wp-json\/wp\/v2\/product\/12274\/revisions"}],"predecessor-version":[{"id":21468,"href":"https:\/\/shanabooks.de\/kur\/wp-json\/wp\/v2\/product\/12274\/revisions\/21468"}],"wp:featuredmedia":[{"embeddable":true,"href":"https:\/\/shanabooks.de\/kur\/wp-json\/wp\/v2\/media\/12339"}],"wp:attachment":[{"href":"https:\/\/shanabooks.de\/kur\/wp-json\/wp\/v2\/media?parent=12274"}],"wp:term":[{"taxonomy":"product_brand","embeddable":true,"href":"https:\/\/shanabooks.de\/kur\/wp-json\/wp\/v2\/product_brand?post=12274"},{"taxonomy":"product_cat","embeddable":true,"href":"https:\/\/shanabooks.de\/kur\/wp-json\/wp\/v2\/product_cat?post=12274"},{"taxonomy":"product_tag","embeddable":true,"href":"https:\/\/shanabooks.de\/kur\/wp-json\/wp\/v2\/product_tag?post=12274"}],"curies":[{"name":"wp","href":"https:\/\/api.w.org\/{rel}","templated":true}]}}