{"id":12278,"date":"2024-03-03T19:42:28","date_gmt":"2024-03-03T19:42:28","guid":{"rendered":"https:\/\/shanabooks.de\/?post_type=product&#038;p=12278"},"modified":"2026-01-02T18:44:07","modified_gmt":"2026-01-02T18:44:07","slug":"kewen-birci-ismail-dindar","status":"publish","type":"product","link":"https:\/\/shanabooks.de\/kur\/product\/kewen-birci-ismail-dindar\/","title":{"rendered":"Kew\u00ean Bir\u00e7\u00ee"},"content":{"rendered":"<p dir=\"ltr\"><strong>Kew\u00ean Bir\u00e7\u00ee &#8211; Ismail Dindar<\/strong><\/p>\n<p dir=\"ltr\">Ji \u00e7\u00eeroka bi nav\u00ea Kew\u00ean Bir\u00e7\u00ee ya Ismail Dindar:<br \/>\nZivistan&#8230; Ku zivistan dihat, weke kiras\u00ea b\u00fbk\u00ea, dar-daristan, rez \u00fb zev\u00ee, \u00e7iya \u00fb newal seranser sp\u00ee dib\u00fbn. Hesreta \u00e7ukan, teyr \u00fb til\u00fbran mistek re\u015fah\u00ee b\u00fb. Pi\u015ft\u00ee bar\u00eena berf\u00ea, xort \u00fb zilam\u00ean gund derdiketin n\u00ea\u00e7\u00eera kewan. Em zarok li h\u00eaviya mezinan diman. Me bi bay\u00ea bez\u00ea xwe diav\u00eate turik\u00ean bav, bira \u00fb ap\u00ean xwe. Bi lez me kew\u00ean di turikan de dihijmartin. Dema diya min kew dipirtikandin min j\u00ea dipirs\u00ee:<br \/>\n\u201cDay\u00ea, b\u00ea tiving, kew \u00e7awan t\u00eane girtin?\u201d<br \/>\n\u201cLawo, kew di berf\u00ea de nikarin bifirin.\u201d<br \/>\n\u201c\u00c7ima di berf\u00ea de nikarin bifirin?\u201d<br \/>\n\u201cKu berf dibare, kew ti\u015ftek\u00ee xwarin\u00ea peyda nakin. Bir\u00e7\u00ee dim\u00eenin. Ku bir\u00e7\u00ee dibin, h\u00eaz di wan de nam\u00eene \u00fb \u00ead\u00ee nikarin bifirin.\u201d<br \/>\n\u201cBav\u00ea min j\u00ee wan bi destan digre, ne wisa ye day\u00ea?\u201d<br \/>\n\u201cEr\u00ea law\u00ea min, wisa ye, bi destan digrin, kew\u00ean bir\u00e7\u00ee nikarin bifirin. Ma ten\u00ea kew\u00ean bir\u00e7\u00ee ji qerem dikevin? Hem\u00fb ajal wisa ne. Mirov j\u00ee wisa ne. Ku mirov j\u00ee bir\u00e7\u00ee dim\u00eenin, ji dest \u00fb piyan dikevin. Xwed\u00ea tu kes\u00ee t\u00ee \u00fb bir\u00e7\u00ee neh\u00eale.\u201d<br \/>\n\u201cKew\u00ean bir\u00e7\u00ee, nikarin bifirin. Kew, kew\u00ean bir\u00e7\u00ee&#8230; Bir\u00e7\u00eeb\u00fbn&#8230;\u201d \u00db ligel ku ez gelek\u00ee bir\u00e7\u00ee b\u00fbm j\u00ee, min go\u015ft\u00ea wan kewan nedixwar. Go\u015ft\u00ea kew\u00ean bir\u00e7\u00ee&#8230;<\/p>\n","protected":false},"excerpt":{"rendered":"<p dir=\"ltr\" style=\"text-align: center\"><strong>Pirt\u00fbk: Kew\u00ean Bir\u00e7\u00ee<br \/>\nNiv\u00eeskar: Ismail Dindar<\/strong><br \/>\n<strong>Cure: \u00c7\u00eerok<\/strong><\/p>\n","protected":false},"featured_media":5022,"template":"","meta":{"site-sidebar-layout":"default","site-content-layout":"","ast-site-content-layout":"default","site-content-style":"default","site-sidebar-style":"default","ast-global-header-display":"","ast-banner-title-visibility":"","ast-main-header-display":"","ast-hfb-above-header-display":"","ast-hfb-below-header-display":"","ast-hfb-mobile-header-display":"","site-post-title":"","ast-breadcrumbs-content":"","ast-featured-img":"","footer-sml-layout":"","ast-disable-related-posts":"","theme-transparent-header-meta":"default","adv-header-id-meta":"","stick-header-meta":"","header-above-stick-meta":"","header-main-stick-meta":"","header-below-stick-meta":"","astra-migrate-meta-layouts":"set","ast-page-background-enabled":"default","ast-page-background-meta":{"desktop":{"background-color":"","background-image":"","background-repeat":"repeat","background-position":"center center","background-size":"auto","background-attachment":"scroll","background-type":"","background-media":"","overlay-type":"","overlay-color":"","overlay-opacity":"","overlay-gradient":""},"tablet":{"background-color":"","background-image":"","background-repeat":"repeat","background-position":"center center","background-size":"auto","background-attachment":"scroll","background-type":"","background-media":"","overlay-type":"","overlay-color":"","overlay-opacity":"","overlay-gradient":""},"mobile":{"background-color":"","background-image":"","background-repeat":"repeat","background-position":"center center","background-size":"auto","background-attachment":"scroll","background-type":"","background-media":"","overlay-type":"","overlay-color":"","overlay-opacity":"","overlay-gradient":""}},"ast-content-background-meta":{"desktop":{"background-color":"var(--ast-global-color-5)","background-image":"","background-repeat":"repeat","background-position":"center center","background-size":"auto","background-attachment":"scroll","background-type":"","background-media":"","overlay-type":"","overlay-color":"","overlay-opacity":"","overlay-gradient":""},"tablet":{"background-color":"var(--ast-global-color-5)","background-image":"","background-repeat":"repeat","background-position":"center center","background-size":"auto","background-attachment":"scroll","background-type":"","background-media":"","overlay-type":"","overlay-color":"","overlay-opacity":"","overlay-gradient":""},"mobile":{"background-color":"var(--ast-global-color-5)","background-image":"","background-repeat":"repeat","background-position":"center center","background-size":"auto","background-attachment":"scroll","background-type":"","background-media":"","overlay-type":"","overlay-color":"","overlay-opacity":"","overlay-gradient":""}}},"product_brand":[],"product_cat":[183,193],"product_tag":[],"class_list":{"0":"post-12278","1":"product","2":"type-product","3":"status-publish","4":"has-post-thumbnail","6":"product_cat-_","7":"product_cat--_","8":"pa_-cirok","9":"pa_-ismail-dindar","10":"pa_-kurmanci","11":"pa_--avesta-yayinlari","12":"desktop-align-left","13":"tablet-align-left","14":"mobile-align-left","16":"first","17":"instock","18":"shipping-taxable","19":"purchasable","20":"product-type-simple"},"yoast_head":"<!-- This site is optimized with the Yoast SEO plugin v27.4 - https:\/\/yoast.com\/product\/yoast-seo-wordpress\/ -->\n<title>Kew\u00ean Bir\u00e7\u00ee - Ismail Dindar - www.shanabooks.de<\/title>\n<meta name=\"description\" content=\"Kew\u00ean Bir\u00e7\u00ee - Ismail Dindar Ji \u00e7\u00eeroka bi nav\u00ea Kew\u00ean Bir\u00e7\u00ee:Zivistan... Ku zivistan dihat, weke kiras\u00ea b\u00fbk\u00ea, dar-daristan, rez \u00fb zev\u00ee, \u00e7iya \u00fb newal seran....\" \/>\n<meta name=\"robots\" content=\"index, follow, max-snippet:-1, max-image-preview:large, max-video-preview:-1\" \/>\n<link rel=\"canonical\" href=\"https:\/\/shanabooks.de\/product\/kewen-birci-ismail-dindar\/\" \/>\n<meta property=\"og:locale\" content=\"en_US\" \/>\n<meta property=\"og:type\" content=\"article\" \/>\n<meta property=\"og:title\" content=\"Kew\u00ean Bir\u00e7\u00ee - Ismail Dindar - www.shanabooks.de\" \/>\n<meta property=\"og:description\" content=\"Kew\u00ean Bir\u00e7\u00ee - Ismail Dindar Ji \u00e7\u00eeroka bi nav\u00ea Kew\u00ean Bir\u00e7\u00ee:Zivistan... Ku zivistan dihat, weke kiras\u00ea b\u00fbk\u00ea, dar-daristan, rez \u00fb zev\u00ee, \u00e7iya \u00fb newal seran....\" \/>\n<meta property=\"og:url\" content=\"https:\/\/shanabooks.de\/product\/kewen-birci-ismail-dindar\/\" \/>\n<meta property=\"og:site_name\" content=\"www.shanabooks.de\" \/>\n<meta property=\"article:modified_time\" content=\"2026-01-02T18:44:07+00:00\" \/>\n<meta property=\"og:image\" content=\"https:\/\/shanabooks.de\/wp-content\/uploads\/2024\/01\/kewen-birci.jpg\" \/>\n\t<meta property=\"og:image:width\" content=\"588\" \/>\n\t<meta property=\"og:image:height\" content=\"900\" \/>\n\t<meta property=\"og:image:type\" content=\"image\/jpeg\" \/>\n<meta name=\"twitter:card\" content=\"summary_large_image\" \/>\n<meta name=\"twitter:label1\" content=\"Est. reading time\" \/>\n\t<meta name=\"twitter:data1\" content=\"2 minutes\" \/>\n<script type=\"application\/ld+json\" class=\"yoast-schema-graph\">{\"@context\":\"https:\\\/\\\/schema.org\",\"@graph\":[{\"@type\":\"WebPage\",\"@id\":\"https:\\\/\\\/shanabooks.de\\\/product\\\/kewen-birci-ismail-dindar\\\/\",\"url\":\"https:\\\/\\\/shanabooks.de\\\/product\\\/kewen-birci-ismail-dindar\\\/\",\"name\":\"Kew\u00ean Bir\u00e7\u00ee - Ismail Dindar - www.shanabooks.de\",\"isPartOf\":{\"@id\":\"https:\\\/\\\/shanabooks.de\\\/#website\"},\"primaryImageOfPage\":{\"@id\":\"https:\\\/\\\/shanabooks.de\\\/product\\\/kewen-birci-ismail-dindar\\\/#primaryimage\"},\"image\":{\"@id\":\"https:\\\/\\\/shanabooks.de\\\/product\\\/kewen-birci-ismail-dindar\\\/#primaryimage\"},\"thumbnailUrl\":\"https:\\\/\\\/shanabooks.de\\\/wp-content\\\/uploads\\\/2024\\\/01\\\/kewen-birci.jpg\",\"datePublished\":\"2024-03-03T19:42:28+00:00\",\"dateModified\":\"2026-01-02T18:44:07+00:00\",\"description\":\"Kew\u00ean Bir\u00e7\u00ee - Ismail Dindar Ji \u00e7\u00eeroka bi nav\u00ea Kew\u00ean Bir\u00e7\u00ee:Zivistan... Ku zivistan dihat, weke kiras\u00ea b\u00fbk\u00ea, dar-daristan, rez \u00fb zev\u00ee, \u00e7iya \u00fb newal seran....\",\"breadcrumb\":{\"@id\":\"https:\\\/\\\/shanabooks.de\\\/product\\\/kewen-birci-ismail-dindar\\\/#breadcrumb\"},\"inLanguage\":\"kur\",\"potentialAction\":[{\"@type\":\"ReadAction\",\"target\":[\"https:\\\/\\\/shanabooks.de\\\/product\\\/kewen-birci-ismail-dindar\\\/\"]}]},{\"@type\":\"ImageObject\",\"inLanguage\":\"kur\",\"@id\":\"https:\\\/\\\/shanabooks.de\\\/product\\\/kewen-birci-ismail-dindar\\\/#primaryimage\",\"url\":\"https:\\\/\\\/shanabooks.de\\\/wp-content\\\/uploads\\\/2024\\\/01\\\/kewen-birci.jpg\",\"contentUrl\":\"https:\\\/\\\/shanabooks.de\\\/wp-content\\\/uploads\\\/2024\\\/01\\\/kewen-birci.jpg\",\"width\":588,\"height\":900,\"caption\":\"Kew\u00ean Bir\u00e7\u00ee - Ismail Dindar - pirt\u00fbk\u00ean kurd\u00ee - \u00e7\u00eerok\"},{\"@type\":\"BreadcrumbList\",\"@id\":\"https:\\\/\\\/shanabooks.de\\\/product\\\/kewen-birci-ismail-dindar\\\/#breadcrumb\",\"itemListElement\":[{\"@type\":\"ListItem\",\"position\":1,\"name\":\"\u0627\u0644\u0631\u0626\u064a\u0633\u064a\u0629\",\"item\":\"https:\\\/\\\/shanabooks.de\\\/kur\\\/\"},{\"@type\":\"ListItem\",\"position\":2,\"name\":\"\u0627\u0644\u0645\u0646\u062a\u062c\u0627\u062a\",\"item\":\"https:\\\/\\\/shanabooks.de\\\/shop\\\/\"},{\"@type\":\"ListItem\",\"position\":3,\"name\":\"Kew\u00ean Bir\u00e7\u00ee\"}]},{\"@type\":\"WebSite\",\"@id\":\"https:\\\/\\\/shanabooks.de\\\/#website\",\"url\":\"https:\\\/\\\/shanabooks.de\\\/\",\"name\":\"www.shanbooks.de\",\"description\":\"C\u00eehana Pirt\u00fbk\u00ean Kurd\u00ee \u0645\u0643\u062a\u0628\u0629 \u0634\u0627\u0646\u0627 \u0641\u064a \u0627\u0644\u0645\u0627\u0646\u064a\u0627 \u0648\u0623\u0648\u0631\u0628\u0627\",\"publisher\":{\"@id\":\"https:\\\/\\\/shanabooks.de\\\/#organization\"},\"potentialAction\":[{\"@type\":\"SearchAction\",\"target\":{\"@type\":\"EntryPoint\",\"urlTemplate\":\"https:\\\/\\\/shanabooks.de\\\/?s={search_term_string}\"},\"query-input\":{\"@type\":\"PropertyValueSpecification\",\"valueRequired\":true,\"valueName\":\"search_term_string\"}}],\"inLanguage\":\"kur\"},{\"@type\":\"Organization\",\"@id\":\"https:\\\/\\\/shanabooks.de\\\/#organization\",\"name\":\"www.shanbooks.de\",\"url\":\"https:\\\/\\\/shanabooks.de\\\/\",\"logo\":{\"@type\":\"ImageObject\",\"inLanguage\":\"kur\",\"@id\":\"https:\\\/\\\/shanabooks.de\\\/#\\\/schema\\\/logo\\\/image\\\/\",\"url\":\"https:\\\/\\\/shanabooks.de\\\/wp-content\\\/uploads\\\/2024\\\/03\\\/SHANABOOKS__2_-removebg-preview.png\",\"contentUrl\":\"https:\\\/\\\/shanabooks.de\\\/wp-content\\\/uploads\\\/2024\\\/03\\\/SHANABOOKS__2_-removebg-preview.png\",\"width\":700,\"height\":150,\"caption\":\"www.shanbooks.de\"},\"image\":{\"@id\":\"https:\\\/\\\/shanabooks.de\\\/#\\\/schema\\\/logo\\\/image\\\/\"}}]}<\/script>\n<!-- \/ Yoast SEO plugin. -->","yoast_head_json":{"title":"Kew\u00ean Bir\u00e7\u00ee - Ismail Dindar - www.shanabooks.de","description":"Kew\u00ean Bir\u00e7\u00ee - Ismail Dindar Ji \u00e7\u00eeroka bi nav\u00ea Kew\u00ean Bir\u00e7\u00ee:Zivistan... Ku zivistan dihat, weke kiras\u00ea b\u00fbk\u00ea, dar-daristan, rez \u00fb zev\u00ee, \u00e7iya \u00fb newal seran....","robots":{"index":"index","follow":"follow","max-snippet":"max-snippet:-1","max-image-preview":"max-image-preview:large","max-video-preview":"max-video-preview:-1"},"canonical":"https:\/\/shanabooks.de\/product\/kewen-birci-ismail-dindar\/","og_locale":"en_US","og_type":"article","og_title":"Kew\u00ean Bir\u00e7\u00ee - Ismail Dindar - www.shanabooks.de","og_description":"Kew\u00ean Bir\u00e7\u00ee - Ismail Dindar Ji \u00e7\u00eeroka bi nav\u00ea Kew\u00ean Bir\u00e7\u00ee:Zivistan... Ku zivistan dihat, weke kiras\u00ea b\u00fbk\u00ea, dar-daristan, rez \u00fb zev\u00ee, \u00e7iya \u00fb newal seran....","og_url":"https:\/\/shanabooks.de\/product\/kewen-birci-ismail-dindar\/","og_site_name":"www.shanabooks.de","article_modified_time":"2026-01-02T18:44:07+00:00","og_image":[{"width":588,"height":900,"url":"https:\/\/shanabooks.de\/wp-content\/uploads\/2024\/01\/kewen-birci.jpg","type":"image\/jpeg"}],"twitter_card":"summary_large_image","twitter_misc":{"Est. reading time":"2 minutes"},"schema":{"@context":"https:\/\/schema.org","@graph":[{"@type":"WebPage","@id":"https:\/\/shanabooks.de\/product\/kewen-birci-ismail-dindar\/","url":"https:\/\/shanabooks.de\/product\/kewen-birci-ismail-dindar\/","name":"Kew\u00ean Bir\u00e7\u00ee - Ismail Dindar - www.shanabooks.de","isPartOf":{"@id":"https:\/\/shanabooks.de\/#website"},"primaryImageOfPage":{"@id":"https:\/\/shanabooks.de\/product\/kewen-birci-ismail-dindar\/#primaryimage"},"image":{"@id":"https:\/\/shanabooks.de\/product\/kewen-birci-ismail-dindar\/#primaryimage"},"thumbnailUrl":"https:\/\/shanabooks.de\/wp-content\/uploads\/2024\/01\/kewen-birci.jpg","datePublished":"2024-03-03T19:42:28+00:00","dateModified":"2026-01-02T18:44:07+00:00","description":"Kew\u00ean Bir\u00e7\u00ee - Ismail Dindar Ji \u00e7\u00eeroka bi nav\u00ea Kew\u00ean Bir\u00e7\u00ee:Zivistan... Ku zivistan dihat, weke kiras\u00ea b\u00fbk\u00ea, dar-daristan, rez \u00fb zev\u00ee, \u00e7iya \u00fb newal seran....","breadcrumb":{"@id":"https:\/\/shanabooks.de\/product\/kewen-birci-ismail-dindar\/#breadcrumb"},"inLanguage":"kur","potentialAction":[{"@type":"ReadAction","target":["https:\/\/shanabooks.de\/product\/kewen-birci-ismail-dindar\/"]}]},{"@type":"ImageObject","inLanguage":"kur","@id":"https:\/\/shanabooks.de\/product\/kewen-birci-ismail-dindar\/#primaryimage","url":"https:\/\/shanabooks.de\/wp-content\/uploads\/2024\/01\/kewen-birci.jpg","contentUrl":"https:\/\/shanabooks.de\/wp-content\/uploads\/2024\/01\/kewen-birci.jpg","width":588,"height":900,"caption":"Kew\u00ean Bir\u00e7\u00ee - Ismail Dindar - pirt\u00fbk\u00ean kurd\u00ee - \u00e7\u00eerok"},{"@type":"BreadcrumbList","@id":"https:\/\/shanabooks.de\/product\/kewen-birci-ismail-dindar\/#breadcrumb","itemListElement":[{"@type":"ListItem","position":1,"name":"\u0627\u0644\u0631\u0626\u064a\u0633\u064a\u0629","item":"https:\/\/shanabooks.de\/kur\/"},{"@type":"ListItem","position":2,"name":"\u0627\u0644\u0645\u0646\u062a\u062c\u0627\u062a","item":"https:\/\/shanabooks.de\/shop\/"},{"@type":"ListItem","position":3,"name":"Kew\u00ean Bir\u00e7\u00ee"}]},{"@type":"WebSite","@id":"https:\/\/shanabooks.de\/#website","url":"https:\/\/shanabooks.de\/","name":"www.shanbooks.de","description":"C\u00eehana Pirt\u00fbk\u00ean Kurd\u00ee \u0645\u0643\u062a\u0628\u0629 \u0634\u0627\u0646\u0627 \u0641\u064a \u0627\u0644\u0645\u0627\u0646\u064a\u0627 \u0648\u0623\u0648\u0631\u0628\u0627","publisher":{"@id":"https:\/\/shanabooks.de\/#organization"},"potentialAction":[{"@type":"SearchAction","target":{"@type":"EntryPoint","urlTemplate":"https:\/\/shanabooks.de\/?s={search_term_string}"},"query-input":{"@type":"PropertyValueSpecification","valueRequired":true,"valueName":"search_term_string"}}],"inLanguage":"kur"},{"@type":"Organization","@id":"https:\/\/shanabooks.de\/#organization","name":"www.shanbooks.de","url":"https:\/\/shanabooks.de\/","logo":{"@type":"ImageObject","inLanguage":"kur","@id":"https:\/\/shanabooks.de\/#\/schema\/logo\/image\/","url":"https:\/\/shanabooks.de\/wp-content\/uploads\/2024\/03\/SHANABOOKS__2_-removebg-preview.png","contentUrl":"https:\/\/shanabooks.de\/wp-content\/uploads\/2024\/03\/SHANABOOKS__2_-removebg-preview.png","width":700,"height":150,"caption":"www.shanbooks.de"},"image":{"@id":"https:\/\/shanabooks.de\/#\/schema\/logo\/image\/"}}]}},"jetpack_sharing_enabled":true,"_links":{"self":[{"href":"https:\/\/shanabooks.de\/kur\/wp-json\/wp\/v2\/product\/12278","targetHints":{"allow":["GET"]}}],"collection":[{"href":"https:\/\/shanabooks.de\/kur\/wp-json\/wp\/v2\/product"}],"about":[{"href":"https:\/\/shanabooks.de\/kur\/wp-json\/wp\/v2\/types\/product"}],"version-history":[{"count":2,"href":"https:\/\/shanabooks.de\/kur\/wp-json\/wp\/v2\/product\/12278\/revisions"}],"predecessor-version":[{"id":22161,"href":"https:\/\/shanabooks.de\/kur\/wp-json\/wp\/v2\/product\/12278\/revisions\/22161"}],"wp:featuredmedia":[{"embeddable":true,"href":"https:\/\/shanabooks.de\/kur\/wp-json\/wp\/v2\/media\/5022"}],"wp:attachment":[{"href":"https:\/\/shanabooks.de\/kur\/wp-json\/wp\/v2\/media?parent=12278"}],"wp:term":[{"taxonomy":"product_brand","embeddable":true,"href":"https:\/\/shanabooks.de\/kur\/wp-json\/wp\/v2\/product_brand?post=12278"},{"taxonomy":"product_cat","embeddable":true,"href":"https:\/\/shanabooks.de\/kur\/wp-json\/wp\/v2\/product_cat?post=12278"},{"taxonomy":"product_tag","embeddable":true,"href":"https:\/\/shanabooks.de\/kur\/wp-json\/wp\/v2\/product_tag?post=12278"}],"curies":[{"name":"wp","href":"https:\/\/api.w.org\/{rel}","templated":true}]}}