{"id":12307,"date":"2024-03-03T19:42:50","date_gmt":"2024-03-03T19:42:50","guid":{"rendered":"https:\/\/shanabooks.de\/?post_type=product&#038;p=12307"},"modified":"2024-03-20T18:17:14","modified_gmt":"2024-03-20T18:17:14","slug":"kelevaji-kamiran-haco","status":"publish","type":"product","link":"https:\/\/shanabooks.de\/kur\/product\/kelevaji-kamiran-haco\/","title":{"rendered":"Kelevaj\u00ee"},"content":{"rendered":"<p dir=\"ltr\"><strong>Kelevaj\u00ee &#8211; Kam\u00eeran Haco<\/strong><\/p>\n<p dir=\"ltr\">\u015eeveke hav\u00een\u00ee ye, st\u00eark li ezmana di\u00e7irisin\u2026 \u00fb zewaceke b\u00eadeng dike ku c\u00ee bigire\u2026<br \/>\nP\u00ea\u015fo li oda biray\u00ea xwe r\u00fbni\u015ftiye\u2026 \u00fb cixarek\u00ea ji yek\u00ea p\u00eadixe.. ji ni\u015fka ve, jinbira w\u00ee derbas\u00ee hundir b\u00fb\u2026 ne cil\u00ean b\u00fbkaniy\u00ea l\u00ea ne, ne j\u00ee dihn\u00ea zavan li P\u00ea\u015fo dikeve\u2026<br \/>\nP\u00ea\u015fo ser\u00ea xwe ranekir.. \u00fb h\u00ead\u00ee h\u00ead\u00ee h\u00eaviy\u00ean w\u00ee y\u00ean daweteke xwe\u015f \u00fb zewacek bi dil h\u00eariv\u00een.. R\u00fbw\u00ea Naz\u00ea \u00fb jinbira w\u00ee, bav, bira\u2026 tevl\u00ee hev b\u00fbn\u2026 raman\u00ean w\u00ee li hev ketin\u2026 da xwe \u00fb ji kel rab\u00fb li dev\u00ea der\u00ee da\u2026<br \/>\nJinbira w\u00ee bi dilek\u00ee \u015fikest\u00ee r\u00fbni\u015ft.. \u00fb ponij\u00ee, \u00e7end k\u00eal\u00ee t\u00eave \u00e7\u00fbn.. \u00fb gurm\u00eanek hat\u2026 Hema perda pencer\u00ea hilda\u2026 st\u00earekek ji ezman hate xwar, rijiya\u2026<br \/>\nRondikek bi mel\u00fbl\u00ee bi ser hinark\u00ea r\u00fbw\u00ea w\u00ea de herik\u00ee\u2026<br \/>\nDi van \u00e7\u00eerokan de \u201cserxetb\u00fbn\u201d an j\u00ee \u201cbinxetb\u00fbn\u201d fi\u00eelek e. Fi\u00eeleke ku gelek caran meriv di encam\u00ea de per\u00e7e wer\u00e7e dibe, bi may\u00een\u00ean tix\u00fbban.<\/p>\n<p dir=\"ltr\">\u00c7\u00eeroka Kelevaj\u00ee ya Kam\u00eeran Haco ji we\u015fan\u00ean Avesta ye.<\/p>\n","protected":false},"excerpt":{"rendered":"<p dir=\"ltr\" style=\"text-align: center\"><strong>Pirt\u00fbk: Kelevaj\u00ee<\/strong><br \/>\n<strong>Niv\u00eeskar: Kam\u00eeran Haco<br \/>\nCure: \u00e7\u00eerok<\/strong><\/p>\n","protected":false},"featured_media":12362,"template":"","meta":{"site-sidebar-layout":"default","site-content-layout":"","ast-site-content-layout":"default","site-content-style":"default","site-sidebar-style":"default","ast-global-header-display":"","ast-banner-title-visibility":"","ast-main-header-display":"","ast-hfb-above-header-display":"","ast-hfb-below-header-display":"","ast-hfb-mobile-header-display":"","site-post-title":"","ast-breadcrumbs-content":"","ast-featured-img":"","footer-sml-layout":"","ast-disable-related-posts":"","theme-transparent-header-meta":"default","adv-header-id-meta":"","stick-header-meta":"","header-above-stick-meta":"","header-main-stick-meta":"","header-below-stick-meta":"","astra-migrate-meta-layouts":"set","ast-page-background-enabled":"default","ast-page-background-meta":{"desktop":{"background-color":"","background-image":"","background-repeat":"repeat","background-position":"center center","background-size":"auto","background-attachment":"scroll","background-type":"","background-media":"","overlay-type":"","overlay-color":"","overlay-opacity":"","overlay-gradient":""},"tablet":{"background-color":"","background-image":"","background-repeat":"repeat","background-position":"center center","background-size":"auto","background-attachment":"scroll","background-type":"","background-media":"","overlay-type":"","overlay-color":"","overlay-opacity":"","overlay-gradient":""},"mobile":{"background-color":"","background-image":"","background-repeat":"repeat","background-position":"center center","background-size":"auto","background-attachment":"scroll","background-type":"","background-media":"","overlay-type":"","overlay-color":"","overlay-opacity":"","overlay-gradient":""}},"ast-content-background-meta":{"desktop":{"background-color":"var(--ast-global-color-5)","background-image":"","background-repeat":"repeat","background-position":"center center","background-size":"auto","background-attachment":"scroll","background-type":"","background-media":"","overlay-type":"","overlay-color":"","overlay-opacity":"","overlay-gradient":""},"tablet":{"background-color":"var(--ast-global-color-5)","background-image":"","background-repeat":"repeat","background-position":"center center","background-size":"auto","background-attachment":"scroll","background-type":"","background-media":"","overlay-type":"","overlay-color":"","overlay-opacity":"","overlay-gradient":""},"mobile":{"background-color":"var(--ast-global-color-5)","background-image":"","background-repeat":"repeat","background-position":"center center","background-size":"auto","background-attachment":"scroll","background-type":"","background-media":"","overlay-type":"","overlay-color":"","overlay-opacity":"","overlay-gradient":""}}},"product_brand":[],"product_cat":[183,193],"product_tag":[],"class_list":{"0":"post-12307","1":"product","2":"type-product","3":"status-publish","4":"has-post-thumbnail","6":"product_cat-_","7":"product_cat--_","8":"pa_-cirok","9":"pa_-kamiran-haco","10":"pa_-kurmanci","11":"pa_--avesta-yayinlari","12":"desktop-align-left","13":"tablet-align-left","14":"mobile-align-left","16":"first","17":"instock","18":"shipping-taxable","19":"purchasable","20":"product-type-simple"},"yoast_head":"<!-- This site is optimized with the Yoast SEO plugin v27.4 - https:\/\/yoast.com\/product\/yoast-seo-wordpress\/ -->\n<title>Kelevaj\u00ee - Kam\u00eeran Haco - www.shanabooks.de<\/title>\n<meta name=\"description\" content=\"Kelevaj\u00ee - Kam\u00eeran Haco \u015eeveke hav\u00een\u00ee ye, st\u00eark li ezmana di\u00e7irisin\u2026 \u00fb zewaceke b\u00eadeng dike ku c\u00ee bigire\u2026P\u00ea\u015fo li oda biray\u00ea xwe r\u00fbni\u015ftiye\u2026\" \/>\n<meta name=\"robots\" content=\"index, follow, max-snippet:-1, max-image-preview:large, max-video-preview:-1\" \/>\n<link rel=\"canonical\" href=\"https:\/\/shanabooks.de\/product\/kelevaji-kamiran-haco\/\" \/>\n<meta property=\"og:locale\" content=\"en_US\" \/>\n<meta property=\"og:type\" content=\"article\" \/>\n<meta property=\"og:title\" content=\"Kelevaj\u00ee - Kam\u00eeran Haco - www.shanabooks.de\" \/>\n<meta property=\"og:description\" content=\"Kelevaj\u00ee - Kam\u00eeran Haco \u015eeveke hav\u00een\u00ee ye, st\u00eark li ezmana di\u00e7irisin\u2026 \u00fb zewaceke b\u00eadeng dike ku c\u00ee bigire\u2026P\u00ea\u015fo li oda biray\u00ea xwe r\u00fbni\u015ftiye\u2026\" \/>\n<meta property=\"og:url\" content=\"https:\/\/shanabooks.de\/product\/kelevaji-kamiran-haco\/\" \/>\n<meta property=\"og:site_name\" content=\"www.shanabooks.de\" \/>\n<meta property=\"article:modified_time\" content=\"2024-03-20T18:17:14+00:00\" \/>\n<meta property=\"og:image\" content=\"https:\/\/shanabooks.de\/wp-content\/uploads\/2024\/03\/Kelevaji.jpg\" \/>\n\t<meta property=\"og:image:width\" content=\"601\" \/>\n\t<meta property=\"og:image:height\" content=\"900\" \/>\n\t<meta property=\"og:image:type\" content=\"image\/jpeg\" \/>\n<meta name=\"twitter:card\" content=\"summary_large_image\" \/>\n<meta name=\"twitter:label1\" content=\"Est. reading time\" \/>\n\t<meta name=\"twitter:data1\" content=\"2 minutes\" \/>\n<script type=\"application\/ld+json\" class=\"yoast-schema-graph\">{\"@context\":\"https:\\\/\\\/schema.org\",\"@graph\":[{\"@type\":\"WebPage\",\"@id\":\"https:\\\/\\\/shanabooks.de\\\/product\\\/kelevaji-kamiran-haco\\\/\",\"url\":\"https:\\\/\\\/shanabooks.de\\\/product\\\/kelevaji-kamiran-haco\\\/\",\"name\":\"Kelevaj\u00ee - Kam\u00eeran Haco - www.shanabooks.de\",\"isPartOf\":{\"@id\":\"https:\\\/\\\/shanabooks.de\\\/#website\"},\"primaryImageOfPage\":{\"@id\":\"https:\\\/\\\/shanabooks.de\\\/product\\\/kelevaji-kamiran-haco\\\/#primaryimage\"},\"image\":{\"@id\":\"https:\\\/\\\/shanabooks.de\\\/product\\\/kelevaji-kamiran-haco\\\/#primaryimage\"},\"thumbnailUrl\":\"https:\\\/\\\/shanabooks.de\\\/wp-content\\\/uploads\\\/2024\\\/03\\\/Kelevaji.jpg\",\"datePublished\":\"2024-03-03T19:42:50+00:00\",\"dateModified\":\"2024-03-20T18:17:14+00:00\",\"description\":\"Kelevaj\u00ee - Kam\u00eeran Haco \u015eeveke hav\u00een\u00ee ye, st\u00eark li ezmana di\u00e7irisin\u2026 \u00fb zewaceke b\u00eadeng dike ku c\u00ee bigire\u2026P\u00ea\u015fo li oda biray\u00ea xwe r\u00fbni\u015ftiye\u2026\",\"breadcrumb\":{\"@id\":\"https:\\\/\\\/shanabooks.de\\\/product\\\/kelevaji-kamiran-haco\\\/#breadcrumb\"},\"inLanguage\":\"kur\",\"potentialAction\":[{\"@type\":\"ReadAction\",\"target\":[\"https:\\\/\\\/shanabooks.de\\\/product\\\/kelevaji-kamiran-haco\\\/\"]}]},{\"@type\":\"ImageObject\",\"inLanguage\":\"kur\",\"@id\":\"https:\\\/\\\/shanabooks.de\\\/product\\\/kelevaji-kamiran-haco\\\/#primaryimage\",\"url\":\"https:\\\/\\\/shanabooks.de\\\/wp-content\\\/uploads\\\/2024\\\/03\\\/Kelevaji.jpg\",\"contentUrl\":\"https:\\\/\\\/shanabooks.de\\\/wp-content\\\/uploads\\\/2024\\\/03\\\/Kelevaji.jpg\",\"width\":601,\"height\":900,\"caption\":\"Kelevaj\u00ee - Kam\u00eeran Haco - pirt\u00fbk\u00ean kurd\u00ee - \u00e7\u00eerok\"},{\"@type\":\"BreadcrumbList\",\"@id\":\"https:\\\/\\\/shanabooks.de\\\/product\\\/kelevaji-kamiran-haco\\\/#breadcrumb\",\"itemListElement\":[{\"@type\":\"ListItem\",\"position\":1,\"name\":\"\u0627\u0644\u0631\u0626\u064a\u0633\u064a\u0629\",\"item\":\"https:\\\/\\\/shanabooks.de\\\/kur\\\/\"},{\"@type\":\"ListItem\",\"position\":2,\"name\":\"\u0627\u0644\u0645\u0646\u062a\u062c\u0627\u062a\",\"item\":\"https:\\\/\\\/shanabooks.de\\\/shop\\\/\"},{\"@type\":\"ListItem\",\"position\":3,\"name\":\"Kelevaj\u00ee\"}]},{\"@type\":\"WebSite\",\"@id\":\"https:\\\/\\\/shanabooks.de\\\/#website\",\"url\":\"https:\\\/\\\/shanabooks.de\\\/\",\"name\":\"www.shanbooks.de\",\"description\":\"C\u00eehana Pirt\u00fbk\u00ean Kurd\u00ee \u0645\u0643\u062a\u0628\u0629 \u0634\u0627\u0646\u0627 \u0641\u064a \u0627\u0644\u0645\u0627\u0646\u064a\u0627 \u0648\u0623\u0648\u0631\u0628\u0627\",\"publisher\":{\"@id\":\"https:\\\/\\\/shanabooks.de\\\/#organization\"},\"potentialAction\":[{\"@type\":\"SearchAction\",\"target\":{\"@type\":\"EntryPoint\",\"urlTemplate\":\"https:\\\/\\\/shanabooks.de\\\/?s={search_term_string}\"},\"query-input\":{\"@type\":\"PropertyValueSpecification\",\"valueRequired\":true,\"valueName\":\"search_term_string\"}}],\"inLanguage\":\"kur\"},{\"@type\":\"Organization\",\"@id\":\"https:\\\/\\\/shanabooks.de\\\/#organization\",\"name\":\"www.shanbooks.de\",\"url\":\"https:\\\/\\\/shanabooks.de\\\/\",\"logo\":{\"@type\":\"ImageObject\",\"inLanguage\":\"kur\",\"@id\":\"https:\\\/\\\/shanabooks.de\\\/#\\\/schema\\\/logo\\\/image\\\/\",\"url\":\"https:\\\/\\\/shanabooks.de\\\/wp-content\\\/uploads\\\/2024\\\/03\\\/SHANABOOKS__2_-removebg-preview.png\",\"contentUrl\":\"https:\\\/\\\/shanabooks.de\\\/wp-content\\\/uploads\\\/2024\\\/03\\\/SHANABOOKS__2_-removebg-preview.png\",\"width\":700,\"height\":150,\"caption\":\"www.shanbooks.de\"},\"image\":{\"@id\":\"https:\\\/\\\/shanabooks.de\\\/#\\\/schema\\\/logo\\\/image\\\/\"}}]}<\/script>\n<!-- \/ Yoast SEO plugin. -->","yoast_head_json":{"title":"Kelevaj\u00ee - Kam\u00eeran Haco - www.shanabooks.de","description":"Kelevaj\u00ee - Kam\u00eeran Haco \u015eeveke hav\u00een\u00ee ye, st\u00eark li ezmana di\u00e7irisin\u2026 \u00fb zewaceke b\u00eadeng dike ku c\u00ee bigire\u2026P\u00ea\u015fo li oda biray\u00ea xwe r\u00fbni\u015ftiye\u2026","robots":{"index":"index","follow":"follow","max-snippet":"max-snippet:-1","max-image-preview":"max-image-preview:large","max-video-preview":"max-video-preview:-1"},"canonical":"https:\/\/shanabooks.de\/product\/kelevaji-kamiran-haco\/","og_locale":"en_US","og_type":"article","og_title":"Kelevaj\u00ee - Kam\u00eeran Haco - www.shanabooks.de","og_description":"Kelevaj\u00ee - Kam\u00eeran Haco \u015eeveke hav\u00een\u00ee ye, st\u00eark li ezmana di\u00e7irisin\u2026 \u00fb zewaceke b\u00eadeng dike ku c\u00ee bigire\u2026P\u00ea\u015fo li oda biray\u00ea xwe r\u00fbni\u015ftiye\u2026","og_url":"https:\/\/shanabooks.de\/product\/kelevaji-kamiran-haco\/","og_site_name":"www.shanabooks.de","article_modified_time":"2024-03-20T18:17:14+00:00","og_image":[{"width":601,"height":900,"url":"https:\/\/shanabooks.de\/wp-content\/uploads\/2024\/03\/Kelevaji.jpg","type":"image\/jpeg"}],"twitter_card":"summary_large_image","twitter_misc":{"Est. reading time":"2 minutes"},"schema":{"@context":"https:\/\/schema.org","@graph":[{"@type":"WebPage","@id":"https:\/\/shanabooks.de\/product\/kelevaji-kamiran-haco\/","url":"https:\/\/shanabooks.de\/product\/kelevaji-kamiran-haco\/","name":"Kelevaj\u00ee - Kam\u00eeran Haco - www.shanabooks.de","isPartOf":{"@id":"https:\/\/shanabooks.de\/#website"},"primaryImageOfPage":{"@id":"https:\/\/shanabooks.de\/product\/kelevaji-kamiran-haco\/#primaryimage"},"image":{"@id":"https:\/\/shanabooks.de\/product\/kelevaji-kamiran-haco\/#primaryimage"},"thumbnailUrl":"https:\/\/shanabooks.de\/wp-content\/uploads\/2024\/03\/Kelevaji.jpg","datePublished":"2024-03-03T19:42:50+00:00","dateModified":"2024-03-20T18:17:14+00:00","description":"Kelevaj\u00ee - Kam\u00eeran Haco \u015eeveke hav\u00een\u00ee ye, st\u00eark li ezmana di\u00e7irisin\u2026 \u00fb zewaceke b\u00eadeng dike ku c\u00ee bigire\u2026P\u00ea\u015fo li oda biray\u00ea xwe r\u00fbni\u015ftiye\u2026","breadcrumb":{"@id":"https:\/\/shanabooks.de\/product\/kelevaji-kamiran-haco\/#breadcrumb"},"inLanguage":"kur","potentialAction":[{"@type":"ReadAction","target":["https:\/\/shanabooks.de\/product\/kelevaji-kamiran-haco\/"]}]},{"@type":"ImageObject","inLanguage":"kur","@id":"https:\/\/shanabooks.de\/product\/kelevaji-kamiran-haco\/#primaryimage","url":"https:\/\/shanabooks.de\/wp-content\/uploads\/2024\/03\/Kelevaji.jpg","contentUrl":"https:\/\/shanabooks.de\/wp-content\/uploads\/2024\/03\/Kelevaji.jpg","width":601,"height":900,"caption":"Kelevaj\u00ee - Kam\u00eeran Haco - pirt\u00fbk\u00ean kurd\u00ee - \u00e7\u00eerok"},{"@type":"BreadcrumbList","@id":"https:\/\/shanabooks.de\/product\/kelevaji-kamiran-haco\/#breadcrumb","itemListElement":[{"@type":"ListItem","position":1,"name":"\u0627\u0644\u0631\u0626\u064a\u0633\u064a\u0629","item":"https:\/\/shanabooks.de\/kur\/"},{"@type":"ListItem","position":2,"name":"\u0627\u0644\u0645\u0646\u062a\u062c\u0627\u062a","item":"https:\/\/shanabooks.de\/shop\/"},{"@type":"ListItem","position":3,"name":"Kelevaj\u00ee"}]},{"@type":"WebSite","@id":"https:\/\/shanabooks.de\/#website","url":"https:\/\/shanabooks.de\/","name":"www.shanbooks.de","description":"C\u00eehana Pirt\u00fbk\u00ean Kurd\u00ee \u0645\u0643\u062a\u0628\u0629 \u0634\u0627\u0646\u0627 \u0641\u064a \u0627\u0644\u0645\u0627\u0646\u064a\u0627 \u0648\u0623\u0648\u0631\u0628\u0627","publisher":{"@id":"https:\/\/shanabooks.de\/#organization"},"potentialAction":[{"@type":"SearchAction","target":{"@type":"EntryPoint","urlTemplate":"https:\/\/shanabooks.de\/?s={search_term_string}"},"query-input":{"@type":"PropertyValueSpecification","valueRequired":true,"valueName":"search_term_string"}}],"inLanguage":"kur"},{"@type":"Organization","@id":"https:\/\/shanabooks.de\/#organization","name":"www.shanbooks.de","url":"https:\/\/shanabooks.de\/","logo":{"@type":"ImageObject","inLanguage":"kur","@id":"https:\/\/shanabooks.de\/#\/schema\/logo\/image\/","url":"https:\/\/shanabooks.de\/wp-content\/uploads\/2024\/03\/SHANABOOKS__2_-removebg-preview.png","contentUrl":"https:\/\/shanabooks.de\/wp-content\/uploads\/2024\/03\/SHANABOOKS__2_-removebg-preview.png","width":700,"height":150,"caption":"www.shanbooks.de"},"image":{"@id":"https:\/\/shanabooks.de\/#\/schema\/logo\/image\/"}}]}},"jetpack_sharing_enabled":true,"_links":{"self":[{"href":"https:\/\/shanabooks.de\/kur\/wp-json\/wp\/v2\/product\/12307","targetHints":{"allow":["GET"]}}],"collection":[{"href":"https:\/\/shanabooks.de\/kur\/wp-json\/wp\/v2\/product"}],"about":[{"href":"https:\/\/shanabooks.de\/kur\/wp-json\/wp\/v2\/types\/product"}],"version-history":[{"count":3,"href":"https:\/\/shanabooks.de\/kur\/wp-json\/wp\/v2\/product\/12307\/revisions"}],"predecessor-version":[{"id":21417,"href":"https:\/\/shanabooks.de\/kur\/wp-json\/wp\/v2\/product\/12307\/revisions\/21417"}],"wp:featuredmedia":[{"embeddable":true,"href":"https:\/\/shanabooks.de\/kur\/wp-json\/wp\/v2\/media\/12362"}],"wp:attachment":[{"href":"https:\/\/shanabooks.de\/kur\/wp-json\/wp\/v2\/media?parent=12307"}],"wp:term":[{"taxonomy":"product_brand","embeddable":true,"href":"https:\/\/shanabooks.de\/kur\/wp-json\/wp\/v2\/product_brand?post=12307"},{"taxonomy":"product_cat","embeddable":true,"href":"https:\/\/shanabooks.de\/kur\/wp-json\/wp\/v2\/product_cat?post=12307"},{"taxonomy":"product_tag","embeddable":true,"href":"https:\/\/shanabooks.de\/kur\/wp-json\/wp\/v2\/product_tag?post=12307"}],"curies":[{"name":"wp","href":"https:\/\/api.w.org\/{rel}","templated":true}]}}