{"id":12309,"date":"2024-03-03T19:42:50","date_gmt":"2024-03-03T19:42:50","guid":{"rendered":"https:\/\/shanabooks.de\/?post_type=product&#038;p=12309"},"modified":"2026-01-02T19:15:18","modified_gmt":"2026-01-02T19:15:18","slug":"qesas-mehmet-veli-karadeniz","status":"publish","type":"product","link":"https:\/\/shanabooks.de\/kur\/product\/qesas-mehmet-veli-karadeniz\/","title":{"rendered":"Qesas"},"content":{"rendered":"<p dir=\"ltr\"><strong>Qesas &#8211; Mehmet Vel\u00ee Karaden\u00eez<\/strong><\/p>\n<p dir=\"ltr\"><span style=\"font-family: Verdana\">Qeras\u00ea m\u00eena y\u00ean p\u00ea\u015f\u00eeya qemyon\u00ea di qas\u00ea de r\u00fbni\u015ftine. Hem\u00fb zilaman, simb\u00eal\u00ean xwe ba dane \u00fb her yer \u015fevqeyek hey\u015ftgo\u015fe dane ser\u00ea xwe \u00fb di w\u00ea \u00e7il\u00ea hav\u00een\u00ea de \u00ealek \u00fb \u00e7ak\u00eat li xwe kirine \u00fb \u00e7arm\u00eark\u00ee li erda qemyon\u00ea r\u00fbni\u015ftine. Simb\u00eal\u00ea wan ji vexwarina t\u00fbtin\u00ea zer b\u00fbye \u00fb \u015ferwel\u00ea wan di nava toz\u00ea de reng guher\u00eeb\u00fb.<br \/>\n<\/span><span style=\"font-family: Verdana\">&#8211; Selamin al\u00eaykum gel\u00ee cam\u00eara!<br \/>\n<\/span><span style=\"font-family: Verdana\">&#8211; Ser\u00e7ava Hec\u00ee! De li v\u00ea qoz\u00eey\u00ea c\u00eeyek\u00ee bide xwe \u00fb r\u00fbn\u00ea! Ji me re j\u00ee dua bike<\/span>\u00a0ku me tu siwar kir\u00ee. Tu dib\u00een\u00ee ku hem\u00fb qase tije ye. Gava Hec\u00ee \u00e7av\u00ean xwe li qasey\u00ea gerand bi rast\u00ee j\u00ee bi zahmet\u00ee c\u00eey\u00ea r\u00fbni\u015ftina wan ma b\u00fb.<\/p>\n<p dir=\"ltr\">Qesas \u00e7\u00eeroka bi p\u00ean\u00fbsa Mehmet Vel\u00ee Karaden\u00eez ve hatiye niv\u00ees\u00een ji we\u015fan\u00ean namey\u00ea derketiye.<\/p>\n","protected":false},"excerpt":{"rendered":"<p dir=\"ltr\" style=\"text-align: center\"><strong>Pirt\u00fbk: Qesas<\/strong><br \/>\n<strong>Niv\u00eeskar: Mehmet Vel\u00ee Karaden\u00eez<br \/>\nCure: \u00c7\u00eerok<\/strong><\/p>\n","protected":false},"featured_media":12366,"template":"","meta":{"site-sidebar-layout":"default","site-content-layout":"","ast-site-content-layout":"default","site-content-style":"default","site-sidebar-style":"default","ast-global-header-display":"","ast-banner-title-visibility":"","ast-main-header-display":"","ast-hfb-above-header-display":"","ast-hfb-below-header-display":"","ast-hfb-mobile-header-display":"","site-post-title":"","ast-breadcrumbs-content":"","ast-featured-img":"","footer-sml-layout":"","ast-disable-related-posts":"","theme-transparent-header-meta":"default","adv-header-id-meta":"","stick-header-meta":"","header-above-stick-meta":"","header-main-stick-meta":"","header-below-stick-meta":"","astra-migrate-meta-layouts":"set","ast-page-background-enabled":"default","ast-page-background-meta":{"desktop":{"background-color":"","background-image":"","background-repeat":"repeat","background-position":"center center","background-size":"auto","background-attachment":"scroll","background-type":"","background-media":"","overlay-type":"","overlay-color":"","overlay-opacity":"","overlay-gradient":""},"tablet":{"background-color":"","background-image":"","background-repeat":"repeat","background-position":"center center","background-size":"auto","background-attachment":"scroll","background-type":"","background-media":"","overlay-type":"","overlay-color":"","overlay-opacity":"","overlay-gradient":""},"mobile":{"background-color":"","background-image":"","background-repeat":"repeat","background-position":"center center","background-size":"auto","background-attachment":"scroll","background-type":"","background-media":"","overlay-type":"","overlay-color":"","overlay-opacity":"","overlay-gradient":""}},"ast-content-background-meta":{"desktop":{"background-color":"var(--ast-global-color-5)","background-image":"","background-repeat":"repeat","background-position":"center center","background-size":"auto","background-attachment":"scroll","background-type":"","background-media":"","overlay-type":"","overlay-color":"","overlay-opacity":"","overlay-gradient":""},"tablet":{"background-color":"var(--ast-global-color-5)","background-image":"","background-repeat":"repeat","background-position":"center center","background-size":"auto","background-attachment":"scroll","background-type":"","background-media":"","overlay-type":"","overlay-color":"","overlay-opacity":"","overlay-gradient":""},"mobile":{"background-color":"var(--ast-global-color-5)","background-image":"","background-repeat":"repeat","background-position":"center center","background-size":"auto","background-attachment":"scroll","background-type":"","background-media":"","overlay-type":"","overlay-color":"","overlay-opacity":"","overlay-gradient":""}}},"product_brand":[],"product_cat":[183,193],"product_tag":[],"class_list":{"0":"post-12309","1":"product","2":"type-product","3":"status-publish","4":"has-post-thumbnail","6":"product_cat-_","7":"product_cat--_","8":"pa_-cirok","9":"pa_-mehmet-veli-karadeniz","10":"pa_-kurmanci","11":"pa_--name-yayinlari","12":"desktop-align-left","13":"tablet-align-left","14":"mobile-align-left","16":"first","17":"instock","18":"shipping-taxable","19":"purchasable","20":"product-type-simple"},"yoast_head":"<!-- This site is optimized with the Yoast SEO plugin v27.4 - https:\/\/yoast.com\/product\/yoast-seo-wordpress\/ -->\n<title>Qesas - Mehmet Vel\u00ee Karaden\u00eez - www.shanabooks.de<\/title>\n<meta name=\"description\" content=\"Qesas - Mehmet Vel\u00ee Karaden\u00eez Qeras\u00ea m\u00eena y\u00ean p\u00ea\u015f\u00eeya qemyon\u00ea di qas\u00ea de r\u00fbni\u015ftine. Hem\u00fb zilaman, simb\u00eal\u00ean xwe ba dane \u00fb her yer \u015fevqeyek hey\u015ftgo\u015fe dane ...\" \/>\n<meta name=\"robots\" content=\"index, follow, max-snippet:-1, max-image-preview:large, max-video-preview:-1\" \/>\n<link rel=\"canonical\" href=\"https:\/\/shanabooks.de\/product\/qesas-mehmet-veli-karadeniz\/\" \/>\n<meta property=\"og:locale\" content=\"en_US\" \/>\n<meta property=\"og:type\" content=\"article\" \/>\n<meta property=\"og:title\" content=\"Qesas - Mehmet Vel\u00ee Karaden\u00eez - www.shanabooks.de\" \/>\n<meta property=\"og:description\" content=\"Qesas - Mehmet Vel\u00ee Karaden\u00eez Qeras\u00ea m\u00eena y\u00ean p\u00ea\u015f\u00eeya qemyon\u00ea di qas\u00ea de r\u00fbni\u015ftine. Hem\u00fb zilaman, simb\u00eal\u00ean xwe ba dane \u00fb her yer \u015fevqeyek hey\u015ftgo\u015fe dane ...\" \/>\n<meta property=\"og:url\" content=\"https:\/\/shanabooks.de\/product\/qesas-mehmet-veli-karadeniz\/\" \/>\n<meta property=\"og:site_name\" content=\"www.shanabooks.de\" \/>\n<meta property=\"article:modified_time\" content=\"2026-01-02T19:15:18+00:00\" \/>\n<meta property=\"og:image\" content=\"https:\/\/shanabooks.de\/wp-content\/uploads\/2024\/03\/Qesas.png\" \/>\n\t<meta property=\"og:image:width\" content=\"301\" \/>\n\t<meta property=\"og:image:height\" content=\"476\" \/>\n\t<meta property=\"og:image:type\" content=\"image\/png\" \/>\n<meta name=\"twitter:card\" content=\"summary_large_image\" \/>\n<meta name=\"twitter:label1\" content=\"Est. reading time\" \/>\n\t<meta name=\"twitter:data1\" content=\"2 minutes\" \/>\n<script type=\"application\/ld+json\" class=\"yoast-schema-graph\">{\"@context\":\"https:\\\/\\\/schema.org\",\"@graph\":[{\"@type\":\"WebPage\",\"@id\":\"https:\\\/\\\/shanabooks.de\\\/product\\\/qesas-mehmet-veli-karadeniz\\\/\",\"url\":\"https:\\\/\\\/shanabooks.de\\\/product\\\/qesas-mehmet-veli-karadeniz\\\/\",\"name\":\"Qesas - Mehmet Vel\u00ee Karaden\u00eez - www.shanabooks.de\",\"isPartOf\":{\"@id\":\"https:\\\/\\\/shanabooks.de\\\/#website\"},\"primaryImageOfPage\":{\"@id\":\"https:\\\/\\\/shanabooks.de\\\/product\\\/qesas-mehmet-veli-karadeniz\\\/#primaryimage\"},\"image\":{\"@id\":\"https:\\\/\\\/shanabooks.de\\\/product\\\/qesas-mehmet-veli-karadeniz\\\/#primaryimage\"},\"thumbnailUrl\":\"https:\\\/\\\/shanabooks.de\\\/wp-content\\\/uploads\\\/2024\\\/03\\\/Qesas.png\",\"datePublished\":\"2024-03-03T19:42:50+00:00\",\"dateModified\":\"2026-01-02T19:15:18+00:00\",\"description\":\"Qesas - Mehmet Vel\u00ee Karaden\u00eez Qeras\u00ea m\u00eena y\u00ean p\u00ea\u015f\u00eeya qemyon\u00ea di qas\u00ea de r\u00fbni\u015ftine. Hem\u00fb zilaman, simb\u00eal\u00ean xwe ba dane \u00fb her yer \u015fevqeyek hey\u015ftgo\u015fe dane ...\",\"breadcrumb\":{\"@id\":\"https:\\\/\\\/shanabooks.de\\\/product\\\/qesas-mehmet-veli-karadeniz\\\/#breadcrumb\"},\"inLanguage\":\"kur\",\"potentialAction\":[{\"@type\":\"ReadAction\",\"target\":[\"https:\\\/\\\/shanabooks.de\\\/product\\\/qesas-mehmet-veli-karadeniz\\\/\"]}]},{\"@type\":\"ImageObject\",\"inLanguage\":\"kur\",\"@id\":\"https:\\\/\\\/shanabooks.de\\\/product\\\/qesas-mehmet-veli-karadeniz\\\/#primaryimage\",\"url\":\"https:\\\/\\\/shanabooks.de\\\/wp-content\\\/uploads\\\/2024\\\/03\\\/Qesas.png\",\"contentUrl\":\"https:\\\/\\\/shanabooks.de\\\/wp-content\\\/uploads\\\/2024\\\/03\\\/Qesas.png\",\"width\":301,\"height\":476,\"caption\":\"Qesas - Mehmet Vel\u00ee Karaden\u00eez - pirt\u00fbk\u00ean kurd\u00ee - roman\"},{\"@type\":\"BreadcrumbList\",\"@id\":\"https:\\\/\\\/shanabooks.de\\\/product\\\/qesas-mehmet-veli-karadeniz\\\/#breadcrumb\",\"itemListElement\":[{\"@type\":\"ListItem\",\"position\":1,\"name\":\"\u0627\u0644\u0631\u0626\u064a\u0633\u064a\u0629\",\"item\":\"https:\\\/\\\/shanabooks.de\\\/kur\\\/\"},{\"@type\":\"ListItem\",\"position\":2,\"name\":\"\u0627\u0644\u0645\u0646\u062a\u062c\u0627\u062a\",\"item\":\"https:\\\/\\\/shanabooks.de\\\/shop\\\/\"},{\"@type\":\"ListItem\",\"position\":3,\"name\":\"Qesas\"}]},{\"@type\":\"WebSite\",\"@id\":\"https:\\\/\\\/shanabooks.de\\\/#website\",\"url\":\"https:\\\/\\\/shanabooks.de\\\/\",\"name\":\"www.shanbooks.de\",\"description\":\"C\u00eehana Pirt\u00fbk\u00ean Kurd\u00ee \u0645\u0643\u062a\u0628\u0629 \u0634\u0627\u0646\u0627 \u0641\u064a \u0627\u0644\u0645\u0627\u0646\u064a\u0627 \u0648\u0623\u0648\u0631\u0628\u0627\",\"publisher\":{\"@id\":\"https:\\\/\\\/shanabooks.de\\\/#organization\"},\"potentialAction\":[{\"@type\":\"SearchAction\",\"target\":{\"@type\":\"EntryPoint\",\"urlTemplate\":\"https:\\\/\\\/shanabooks.de\\\/?s={search_term_string}\"},\"query-input\":{\"@type\":\"PropertyValueSpecification\",\"valueRequired\":true,\"valueName\":\"search_term_string\"}}],\"inLanguage\":\"kur\"},{\"@type\":\"Organization\",\"@id\":\"https:\\\/\\\/shanabooks.de\\\/#organization\",\"name\":\"www.shanbooks.de\",\"url\":\"https:\\\/\\\/shanabooks.de\\\/\",\"logo\":{\"@type\":\"ImageObject\",\"inLanguage\":\"kur\",\"@id\":\"https:\\\/\\\/shanabooks.de\\\/#\\\/schema\\\/logo\\\/image\\\/\",\"url\":\"https:\\\/\\\/shanabooks.de\\\/wp-content\\\/uploads\\\/2024\\\/03\\\/SHANABOOKS__2_-removebg-preview.png\",\"contentUrl\":\"https:\\\/\\\/shanabooks.de\\\/wp-content\\\/uploads\\\/2024\\\/03\\\/SHANABOOKS__2_-removebg-preview.png\",\"width\":700,\"height\":150,\"caption\":\"www.shanbooks.de\"},\"image\":{\"@id\":\"https:\\\/\\\/shanabooks.de\\\/#\\\/schema\\\/logo\\\/image\\\/\"}}]}<\/script>\n<!-- \/ Yoast SEO plugin. -->","yoast_head_json":{"title":"Qesas - Mehmet Vel\u00ee Karaden\u00eez - www.shanabooks.de","description":"Qesas - Mehmet Vel\u00ee Karaden\u00eez Qeras\u00ea m\u00eena y\u00ean p\u00ea\u015f\u00eeya qemyon\u00ea di qas\u00ea de r\u00fbni\u015ftine. Hem\u00fb zilaman, simb\u00eal\u00ean xwe ba dane \u00fb her yer \u015fevqeyek hey\u015ftgo\u015fe dane ...","robots":{"index":"index","follow":"follow","max-snippet":"max-snippet:-1","max-image-preview":"max-image-preview:large","max-video-preview":"max-video-preview:-1"},"canonical":"https:\/\/shanabooks.de\/product\/qesas-mehmet-veli-karadeniz\/","og_locale":"en_US","og_type":"article","og_title":"Qesas - Mehmet Vel\u00ee Karaden\u00eez - www.shanabooks.de","og_description":"Qesas - Mehmet Vel\u00ee Karaden\u00eez Qeras\u00ea m\u00eena y\u00ean p\u00ea\u015f\u00eeya qemyon\u00ea di qas\u00ea de r\u00fbni\u015ftine. Hem\u00fb zilaman, simb\u00eal\u00ean xwe ba dane \u00fb her yer \u015fevqeyek hey\u015ftgo\u015fe dane ...","og_url":"https:\/\/shanabooks.de\/product\/qesas-mehmet-veli-karadeniz\/","og_site_name":"www.shanabooks.de","article_modified_time":"2026-01-02T19:15:18+00:00","og_image":[{"width":301,"height":476,"url":"https:\/\/shanabooks.de\/wp-content\/uploads\/2024\/03\/Qesas.png","type":"image\/png"}],"twitter_card":"summary_large_image","twitter_misc":{"Est. reading time":"2 minutes"},"schema":{"@context":"https:\/\/schema.org","@graph":[{"@type":"WebPage","@id":"https:\/\/shanabooks.de\/product\/qesas-mehmet-veli-karadeniz\/","url":"https:\/\/shanabooks.de\/product\/qesas-mehmet-veli-karadeniz\/","name":"Qesas - Mehmet Vel\u00ee Karaden\u00eez - www.shanabooks.de","isPartOf":{"@id":"https:\/\/shanabooks.de\/#website"},"primaryImageOfPage":{"@id":"https:\/\/shanabooks.de\/product\/qesas-mehmet-veli-karadeniz\/#primaryimage"},"image":{"@id":"https:\/\/shanabooks.de\/product\/qesas-mehmet-veli-karadeniz\/#primaryimage"},"thumbnailUrl":"https:\/\/shanabooks.de\/wp-content\/uploads\/2024\/03\/Qesas.png","datePublished":"2024-03-03T19:42:50+00:00","dateModified":"2026-01-02T19:15:18+00:00","description":"Qesas - Mehmet Vel\u00ee Karaden\u00eez Qeras\u00ea m\u00eena y\u00ean p\u00ea\u015f\u00eeya qemyon\u00ea di qas\u00ea de r\u00fbni\u015ftine. Hem\u00fb zilaman, simb\u00eal\u00ean xwe ba dane \u00fb her yer \u015fevqeyek hey\u015ftgo\u015fe dane ...","breadcrumb":{"@id":"https:\/\/shanabooks.de\/product\/qesas-mehmet-veli-karadeniz\/#breadcrumb"},"inLanguage":"kur","potentialAction":[{"@type":"ReadAction","target":["https:\/\/shanabooks.de\/product\/qesas-mehmet-veli-karadeniz\/"]}]},{"@type":"ImageObject","inLanguage":"kur","@id":"https:\/\/shanabooks.de\/product\/qesas-mehmet-veli-karadeniz\/#primaryimage","url":"https:\/\/shanabooks.de\/wp-content\/uploads\/2024\/03\/Qesas.png","contentUrl":"https:\/\/shanabooks.de\/wp-content\/uploads\/2024\/03\/Qesas.png","width":301,"height":476,"caption":"Qesas - Mehmet Vel\u00ee Karaden\u00eez - pirt\u00fbk\u00ean kurd\u00ee - roman"},{"@type":"BreadcrumbList","@id":"https:\/\/shanabooks.de\/product\/qesas-mehmet-veli-karadeniz\/#breadcrumb","itemListElement":[{"@type":"ListItem","position":1,"name":"\u0627\u0644\u0631\u0626\u064a\u0633\u064a\u0629","item":"https:\/\/shanabooks.de\/kur\/"},{"@type":"ListItem","position":2,"name":"\u0627\u0644\u0645\u0646\u062a\u062c\u0627\u062a","item":"https:\/\/shanabooks.de\/shop\/"},{"@type":"ListItem","position":3,"name":"Qesas"}]},{"@type":"WebSite","@id":"https:\/\/shanabooks.de\/#website","url":"https:\/\/shanabooks.de\/","name":"www.shanbooks.de","description":"C\u00eehana Pirt\u00fbk\u00ean Kurd\u00ee \u0645\u0643\u062a\u0628\u0629 \u0634\u0627\u0646\u0627 \u0641\u064a \u0627\u0644\u0645\u0627\u0646\u064a\u0627 \u0648\u0623\u0648\u0631\u0628\u0627","publisher":{"@id":"https:\/\/shanabooks.de\/#organization"},"potentialAction":[{"@type":"SearchAction","target":{"@type":"EntryPoint","urlTemplate":"https:\/\/shanabooks.de\/?s={search_term_string}"},"query-input":{"@type":"PropertyValueSpecification","valueRequired":true,"valueName":"search_term_string"}}],"inLanguage":"kur"},{"@type":"Organization","@id":"https:\/\/shanabooks.de\/#organization","name":"www.shanbooks.de","url":"https:\/\/shanabooks.de\/","logo":{"@type":"ImageObject","inLanguage":"kur","@id":"https:\/\/shanabooks.de\/#\/schema\/logo\/image\/","url":"https:\/\/shanabooks.de\/wp-content\/uploads\/2024\/03\/SHANABOOKS__2_-removebg-preview.png","contentUrl":"https:\/\/shanabooks.de\/wp-content\/uploads\/2024\/03\/SHANABOOKS__2_-removebg-preview.png","width":700,"height":150,"caption":"www.shanbooks.de"},"image":{"@id":"https:\/\/shanabooks.de\/#\/schema\/logo\/image\/"}}]}},"jetpack_sharing_enabled":true,"_links":{"self":[{"href":"https:\/\/shanabooks.de\/kur\/wp-json\/wp\/v2\/product\/12309","targetHints":{"allow":["GET"]}}],"collection":[{"href":"https:\/\/shanabooks.de\/kur\/wp-json\/wp\/v2\/product"}],"about":[{"href":"https:\/\/shanabooks.de\/kur\/wp-json\/wp\/v2\/types\/product"}],"version-history":[{"count":3,"href":"https:\/\/shanabooks.de\/kur\/wp-json\/wp\/v2\/product\/12309\/revisions"}],"predecessor-version":[{"id":21428,"href":"https:\/\/shanabooks.de\/kur\/wp-json\/wp\/v2\/product\/12309\/revisions\/21428"}],"wp:featuredmedia":[{"embeddable":true,"href":"https:\/\/shanabooks.de\/kur\/wp-json\/wp\/v2\/media\/12366"}],"wp:attachment":[{"href":"https:\/\/shanabooks.de\/kur\/wp-json\/wp\/v2\/media?parent=12309"}],"wp:term":[{"taxonomy":"product_brand","embeddable":true,"href":"https:\/\/shanabooks.de\/kur\/wp-json\/wp\/v2\/product_brand?post=12309"},{"taxonomy":"product_cat","embeddable":true,"href":"https:\/\/shanabooks.de\/kur\/wp-json\/wp\/v2\/product_cat?post=12309"},{"taxonomy":"product_tag","embeddable":true,"href":"https:\/\/shanabooks.de\/kur\/wp-json\/wp\/v2\/product_tag?post=12309"}],"curies":[{"name":"wp","href":"https:\/\/api.w.org\/{rel}","templated":true}]}}