{"id":12311,"date":"2024-03-03T19:42:50","date_gmt":"2024-03-03T19:42:50","guid":{"rendered":"https:\/\/shanabooks.de\/?post_type=product&#038;p=12311"},"modified":"2024-03-20T18:46:40","modified_gmt":"2024-03-20T18:46:40","slug":"gopale-sor-misel-temo","status":"publish","type":"product","link":"https:\/\/shanabooks.de\/kur\/product\/gopale-sor-misel-temo\/","title":{"rendered":"Gopal\u00ea Sor"},"content":{"rendered":"<p dir=\"ltr\"><strong>Gopal\u00ea Sor &#8211; Mi\u015fel Temo<\/strong><\/p>\n<p dir=\"ltr\">Di v\u00ea pirt\u00fbka \u00e7\u00eerokan ya bi nav\u00ea Gopal\u00ea Sor de Mi\u015fel Temo bingeh\u00ean \u00e7\u00eerok\u00ee bi temam\u00ee saz kiriye, ango w\u00ee saz \u00fb bend\u00ean \u00e7\u00eerokan bi cih aniye. Ya rast di n\u00ear\u00eena min de, w\u00ee navdar\u00ee tu k\u00eaman\u00ee nekiriye, l\u00ea bel\u00ea z\u00eade kiriye, gava ev \u00e7ende \u00e7\u00eerok\u00ean xwe bi hunereke afirand\u00ear \u00fb bi raz \u00fb z\u00eawek giranbuha r\u00eaz kiriye \u00fb bi hunereke \u00e7ak van kes\u00ean b\u00eakes di ristina \u00e7\u00eerok\u00ean xwe de ava kiriye, m\u00eena xirnikan \u00fb k\u00fbpan \u00fb dem \u00fb d\u00eewar, s\u00eenor \u00fb zimanan. Di be\u015f\u00ean daw\u00ee de ji pirt\u00fbka xwe navdar de, jixwe ev z\u00eadeb\u00fbnek e di kurte\u00e7\u00eeroka kurd\u00ee de. \u00db weke diyar e j\u00ee ku \u00e7awa gava dest bi rist \u00fb h\u00fbnandin\u00ea dike bi ziman\u00ea hin leheng \u00fb qehreman\u00ean \u00e7\u00eerok\u00ea dide xuyakirin zor \u00fb sitema dagirkeran a li ser kesan\u00ea w\u00ee b\u00fbne, \u00e7i l\u00eadan \u00fb \u00ea\u015fkence \u00fb girtin be \u00fb \u00e7i biyan\u00eeb\u00fbn \u00fb t\u00fbneb\u00fbn \u00fb qedexekirina gel \u00fb ziman \u00fb d\u00eerok be, ku her gav li gas\u00eena welat p\u00ea dihisin \u00fb bi ziyan dij\u00een. \u00db ya z\u00eade \u00e7\u00eerokan xwe\u015f dike ew peyv \u00fb goft\u00fbgoy\u00ean reng\u00een an diyalog\u00ean resen\u00ee di babeta naveroka \u00e7\u00eerokan de. Ew diyaloga ku leheng weke hizr \u00fb ramanan p\u00eadikin. Bi bawer\u00ee helkewt\u00ee \u00fb bi zimanek\u00ee xemiland\u00ee \u00fb rap\u00ea\u00e7ay\u00ee bi hest \u00fb helbest\u00ee, ya ku dibe prens\u00eeb \u00fb raza serdana niv\u00eesandin\u00ea. Bi rast\u00ee ev gava ku niv\u00eeskar M\u00ee\u015fel Temo av\u00eatiye yektir\u00een ji hezar gav\u00ean riya dir\u00eaj e, di riya w\u00eaje \u00fb \u00e7anda kurte\u00e7\u00eeroka kurd\u00ee de.<\/p>\n<p dir=\"ltr\">Ciwan\u00ea Abdal<\/p>\n","protected":false},"excerpt":{"rendered":"<p dir=\"ltr\" style=\"text-align: center\"><strong>Pirt\u00fbk: Gopal\u00ea Sor<br \/>\nNiv\u00eeskar: Mi\u015fel Temo<\/strong><br \/>\n<strong>Cure: \u00c7\u00eerok<\/strong><\/p>\n","protected":false},"featured_media":12370,"template":"","meta":{"site-sidebar-layout":"default","site-content-layout":"","ast-site-content-layout":"default","site-content-style":"default","site-sidebar-style":"default","ast-global-header-display":"","ast-banner-title-visibility":"","ast-main-header-display":"","ast-hfb-above-header-display":"","ast-hfb-below-header-display":"","ast-hfb-mobile-header-display":"","site-post-title":"","ast-breadcrumbs-content":"","ast-featured-img":"","footer-sml-layout":"","ast-disable-related-posts":"","theme-transparent-header-meta":"default","adv-header-id-meta":"","stick-header-meta":"","header-above-stick-meta":"","header-main-stick-meta":"","header-below-stick-meta":"","astra-migrate-meta-layouts":"set","ast-page-background-enabled":"default","ast-page-background-meta":{"desktop":{"background-color":"","background-image":"","background-repeat":"repeat","background-position":"center center","background-size":"auto","background-attachment":"scroll","background-type":"","background-media":"","overlay-type":"","overlay-color":"","overlay-opacity":"","overlay-gradient":""},"tablet":{"background-color":"","background-image":"","background-repeat":"repeat","background-position":"center center","background-size":"auto","background-attachment":"scroll","background-type":"","background-media":"","overlay-type":"","overlay-color":"","overlay-opacity":"","overlay-gradient":""},"mobile":{"background-color":"","background-image":"","background-repeat":"repeat","background-position":"center center","background-size":"auto","background-attachment":"scroll","background-type":"","background-media":"","overlay-type":"","overlay-color":"","overlay-opacity":"","overlay-gradient":""}},"ast-content-background-meta":{"desktop":{"background-color":"var(--ast-global-color-5)","background-image":"","background-repeat":"repeat","background-position":"center center","background-size":"auto","background-attachment":"scroll","background-type":"","background-media":"","overlay-type":"","overlay-color":"","overlay-opacity":"","overlay-gradient":""},"tablet":{"background-color":"var(--ast-global-color-5)","background-image":"","background-repeat":"repeat","background-position":"center center","background-size":"auto","background-attachment":"scroll","background-type":"","background-media":"","overlay-type":"","overlay-color":"","overlay-opacity":"","overlay-gradient":""},"mobile":{"background-color":"var(--ast-global-color-5)","background-image":"","background-repeat":"repeat","background-position":"center center","background-size":"auto","background-attachment":"scroll","background-type":"","background-media":"","overlay-type":"","overlay-color":"","overlay-opacity":"","overlay-gradient":""}}},"product_brand":[],"product_cat":[183,193],"product_tag":[],"class_list":{"0":"post-12311","1":"product","2":"type-product","3":"status-publish","4":"has-post-thumbnail","6":"product_cat-_","7":"product_cat--_","8":"pa_-cirok","9":"pa_-misel-temo","10":"pa_-kurmanci","11":"pa_--avesta-yayinlari","12":"desktop-align-left","13":"tablet-align-left","14":"mobile-align-left","16":"first","17":"instock","18":"shipping-taxable","19":"purchasable","20":"product-type-simple"},"yoast_head":"<!-- This site is optimized with the Yoast SEO plugin v27.4 - https:\/\/yoast.com\/product\/yoast-seo-wordpress\/ -->\n<title>Gopal\u00ea Sor - Mi\u015fel Temo - www.shanabooks.de<\/title>\n<meta name=\"description\" content=\"Gopal\u00ea Sor - Mi\u015fel Temo M\u00ee\u015fel Temo di v\u00ea pirt\u00fbka \u00e7\u00eerokan bingeh\u00ean \u00e7\u00eerok\u00ee bi temam\u00ee saz kiriye, ango w\u00ee saz \u00fb bend\u00ean \u00e7\u00eerokan bi cih aniye. Ya rast di n\u00ear\u00ee...\" \/>\n<meta name=\"robots\" content=\"index, follow, max-snippet:-1, max-image-preview:large, max-video-preview:-1\" \/>\n<link rel=\"canonical\" href=\"https:\/\/shanabooks.de\/product\/gopale-sor-misel-temo\/\" \/>\n<meta property=\"og:locale\" content=\"en_US\" \/>\n<meta property=\"og:type\" content=\"article\" \/>\n<meta property=\"og:title\" content=\"Gopal\u00ea Sor - Mi\u015fel Temo - www.shanabooks.de\" \/>\n<meta property=\"og:description\" content=\"Gopal\u00ea Sor - Mi\u015fel Temo M\u00ee\u015fel Temo di v\u00ea pirt\u00fbka \u00e7\u00eerokan bingeh\u00ean \u00e7\u00eerok\u00ee bi temam\u00ee saz kiriye, ango w\u00ee saz \u00fb bend\u00ean \u00e7\u00eerokan bi cih aniye. Ya rast di n\u00ear\u00ee...\" \/>\n<meta property=\"og:url\" content=\"https:\/\/shanabooks.de\/product\/gopale-sor-misel-temo\/\" \/>\n<meta property=\"og:site_name\" content=\"www.shanabooks.de\" \/>\n<meta property=\"article:modified_time\" content=\"2024-03-20T18:46:40+00:00\" \/>\n<meta property=\"og:image\" content=\"https:\/\/shanabooks.de\/wp-content\/uploads\/2024\/03\/gopale-sor.jpg\" \/>\n\t<meta property=\"og:image:width\" content=\"506\" \/>\n\t<meta property=\"og:image:height\" content=\"764\" \/>\n\t<meta property=\"og:image:type\" content=\"image\/jpeg\" \/>\n<meta name=\"twitter:card\" content=\"summary_large_image\" \/>\n<meta name=\"twitter:label1\" content=\"Est. reading time\" \/>\n\t<meta name=\"twitter:data1\" content=\"2 minutes\" \/>\n<script type=\"application\/ld+json\" class=\"yoast-schema-graph\">{\"@context\":\"https:\\\/\\\/schema.org\",\"@graph\":[{\"@type\":\"WebPage\",\"@id\":\"https:\\\/\\\/shanabooks.de\\\/product\\\/gopale-sor-misel-temo\\\/\",\"url\":\"https:\\\/\\\/shanabooks.de\\\/product\\\/gopale-sor-misel-temo\\\/\",\"name\":\"Gopal\u00ea Sor - Mi\u015fel Temo - www.shanabooks.de\",\"isPartOf\":{\"@id\":\"https:\\\/\\\/shanabooks.de\\\/#website\"},\"primaryImageOfPage\":{\"@id\":\"https:\\\/\\\/shanabooks.de\\\/product\\\/gopale-sor-misel-temo\\\/#primaryimage\"},\"image\":{\"@id\":\"https:\\\/\\\/shanabooks.de\\\/product\\\/gopale-sor-misel-temo\\\/#primaryimage\"},\"thumbnailUrl\":\"https:\\\/\\\/shanabooks.de\\\/wp-content\\\/uploads\\\/2024\\\/03\\\/gopale-sor.jpg\",\"datePublished\":\"2024-03-03T19:42:50+00:00\",\"dateModified\":\"2024-03-20T18:46:40+00:00\",\"description\":\"Gopal\u00ea Sor - Mi\u015fel Temo M\u00ee\u015fel Temo di v\u00ea pirt\u00fbka \u00e7\u00eerokan bingeh\u00ean \u00e7\u00eerok\u00ee bi temam\u00ee saz kiriye, ango w\u00ee saz \u00fb bend\u00ean \u00e7\u00eerokan bi cih aniye. Ya rast di n\u00ear\u00ee...\",\"breadcrumb\":{\"@id\":\"https:\\\/\\\/shanabooks.de\\\/product\\\/gopale-sor-misel-temo\\\/#breadcrumb\"},\"inLanguage\":\"kur\",\"potentialAction\":[{\"@type\":\"ReadAction\",\"target\":[\"https:\\\/\\\/shanabooks.de\\\/product\\\/gopale-sor-misel-temo\\\/\"]}]},{\"@type\":\"ImageObject\",\"inLanguage\":\"kur\",\"@id\":\"https:\\\/\\\/shanabooks.de\\\/product\\\/gopale-sor-misel-temo\\\/#primaryimage\",\"url\":\"https:\\\/\\\/shanabooks.de\\\/wp-content\\\/uploads\\\/2024\\\/03\\\/gopale-sor.jpg\",\"contentUrl\":\"https:\\\/\\\/shanabooks.de\\\/wp-content\\\/uploads\\\/2024\\\/03\\\/gopale-sor.jpg\",\"width\":506,\"height\":764,\"caption\":\"Gopal\u00ea Sor - Mi\u015fel Temo - pirt\u00fbk\u00ean kurd\u00ee - \u00e7\u00eerok\"},{\"@type\":\"BreadcrumbList\",\"@id\":\"https:\\\/\\\/shanabooks.de\\\/product\\\/gopale-sor-misel-temo\\\/#breadcrumb\",\"itemListElement\":[{\"@type\":\"ListItem\",\"position\":1,\"name\":\"\u0627\u0644\u0631\u0626\u064a\u0633\u064a\u0629\",\"item\":\"https:\\\/\\\/shanabooks.de\\\/kur\\\/\"},{\"@type\":\"ListItem\",\"position\":2,\"name\":\"\u0627\u0644\u0645\u0646\u062a\u062c\u0627\u062a\",\"item\":\"https:\\\/\\\/shanabooks.de\\\/shop\\\/\"},{\"@type\":\"ListItem\",\"position\":3,\"name\":\"Gopal\u00ea Sor\"}]},{\"@type\":\"WebSite\",\"@id\":\"https:\\\/\\\/shanabooks.de\\\/#website\",\"url\":\"https:\\\/\\\/shanabooks.de\\\/\",\"name\":\"www.shanbooks.de\",\"description\":\"C\u00eehana Pirt\u00fbk\u00ean Kurd\u00ee \u0645\u0643\u062a\u0628\u0629 \u0634\u0627\u0646\u0627 \u0641\u064a \u0627\u0644\u0645\u0627\u0646\u064a\u0627 \u0648\u0623\u0648\u0631\u0628\u0627\",\"publisher\":{\"@id\":\"https:\\\/\\\/shanabooks.de\\\/#organization\"},\"potentialAction\":[{\"@type\":\"SearchAction\",\"target\":{\"@type\":\"EntryPoint\",\"urlTemplate\":\"https:\\\/\\\/shanabooks.de\\\/?s={search_term_string}\"},\"query-input\":{\"@type\":\"PropertyValueSpecification\",\"valueRequired\":true,\"valueName\":\"search_term_string\"}}],\"inLanguage\":\"kur\"},{\"@type\":\"Organization\",\"@id\":\"https:\\\/\\\/shanabooks.de\\\/#organization\",\"name\":\"www.shanbooks.de\",\"url\":\"https:\\\/\\\/shanabooks.de\\\/\",\"logo\":{\"@type\":\"ImageObject\",\"inLanguage\":\"kur\",\"@id\":\"https:\\\/\\\/shanabooks.de\\\/#\\\/schema\\\/logo\\\/image\\\/\",\"url\":\"https:\\\/\\\/shanabooks.de\\\/wp-content\\\/uploads\\\/2024\\\/03\\\/SHANABOOKS__2_-removebg-preview.png\",\"contentUrl\":\"https:\\\/\\\/shanabooks.de\\\/wp-content\\\/uploads\\\/2024\\\/03\\\/SHANABOOKS__2_-removebg-preview.png\",\"width\":700,\"height\":150,\"caption\":\"www.shanbooks.de\"},\"image\":{\"@id\":\"https:\\\/\\\/shanabooks.de\\\/#\\\/schema\\\/logo\\\/image\\\/\"}}]}<\/script>\n<!-- \/ Yoast SEO plugin. -->","yoast_head_json":{"title":"Gopal\u00ea Sor - Mi\u015fel Temo - www.shanabooks.de","description":"Gopal\u00ea Sor - Mi\u015fel Temo M\u00ee\u015fel Temo di v\u00ea pirt\u00fbka \u00e7\u00eerokan bingeh\u00ean \u00e7\u00eerok\u00ee bi temam\u00ee saz kiriye, ango w\u00ee saz \u00fb bend\u00ean \u00e7\u00eerokan bi cih aniye. Ya rast di n\u00ear\u00ee...","robots":{"index":"index","follow":"follow","max-snippet":"max-snippet:-1","max-image-preview":"max-image-preview:large","max-video-preview":"max-video-preview:-1"},"canonical":"https:\/\/shanabooks.de\/product\/gopale-sor-misel-temo\/","og_locale":"en_US","og_type":"article","og_title":"Gopal\u00ea Sor - Mi\u015fel Temo - www.shanabooks.de","og_description":"Gopal\u00ea Sor - Mi\u015fel Temo M\u00ee\u015fel Temo di v\u00ea pirt\u00fbka \u00e7\u00eerokan bingeh\u00ean \u00e7\u00eerok\u00ee bi temam\u00ee saz kiriye, ango w\u00ee saz \u00fb bend\u00ean \u00e7\u00eerokan bi cih aniye. Ya rast di n\u00ear\u00ee...","og_url":"https:\/\/shanabooks.de\/product\/gopale-sor-misel-temo\/","og_site_name":"www.shanabooks.de","article_modified_time":"2024-03-20T18:46:40+00:00","og_image":[{"width":506,"height":764,"url":"https:\/\/shanabooks.de\/wp-content\/uploads\/2024\/03\/gopale-sor.jpg","type":"image\/jpeg"}],"twitter_card":"summary_large_image","twitter_misc":{"Est. reading time":"2 minutes"},"schema":{"@context":"https:\/\/schema.org","@graph":[{"@type":"WebPage","@id":"https:\/\/shanabooks.de\/product\/gopale-sor-misel-temo\/","url":"https:\/\/shanabooks.de\/product\/gopale-sor-misel-temo\/","name":"Gopal\u00ea Sor - Mi\u015fel Temo - www.shanabooks.de","isPartOf":{"@id":"https:\/\/shanabooks.de\/#website"},"primaryImageOfPage":{"@id":"https:\/\/shanabooks.de\/product\/gopale-sor-misel-temo\/#primaryimage"},"image":{"@id":"https:\/\/shanabooks.de\/product\/gopale-sor-misel-temo\/#primaryimage"},"thumbnailUrl":"https:\/\/shanabooks.de\/wp-content\/uploads\/2024\/03\/gopale-sor.jpg","datePublished":"2024-03-03T19:42:50+00:00","dateModified":"2024-03-20T18:46:40+00:00","description":"Gopal\u00ea Sor - Mi\u015fel Temo M\u00ee\u015fel Temo di v\u00ea pirt\u00fbka \u00e7\u00eerokan bingeh\u00ean \u00e7\u00eerok\u00ee bi temam\u00ee saz kiriye, ango w\u00ee saz \u00fb bend\u00ean \u00e7\u00eerokan bi cih aniye. Ya rast di n\u00ear\u00ee...","breadcrumb":{"@id":"https:\/\/shanabooks.de\/product\/gopale-sor-misel-temo\/#breadcrumb"},"inLanguage":"kur","potentialAction":[{"@type":"ReadAction","target":["https:\/\/shanabooks.de\/product\/gopale-sor-misel-temo\/"]}]},{"@type":"ImageObject","inLanguage":"kur","@id":"https:\/\/shanabooks.de\/product\/gopale-sor-misel-temo\/#primaryimage","url":"https:\/\/shanabooks.de\/wp-content\/uploads\/2024\/03\/gopale-sor.jpg","contentUrl":"https:\/\/shanabooks.de\/wp-content\/uploads\/2024\/03\/gopale-sor.jpg","width":506,"height":764,"caption":"Gopal\u00ea Sor - Mi\u015fel Temo - pirt\u00fbk\u00ean kurd\u00ee - \u00e7\u00eerok"},{"@type":"BreadcrumbList","@id":"https:\/\/shanabooks.de\/product\/gopale-sor-misel-temo\/#breadcrumb","itemListElement":[{"@type":"ListItem","position":1,"name":"\u0627\u0644\u0631\u0626\u064a\u0633\u064a\u0629","item":"https:\/\/shanabooks.de\/kur\/"},{"@type":"ListItem","position":2,"name":"\u0627\u0644\u0645\u0646\u062a\u062c\u0627\u062a","item":"https:\/\/shanabooks.de\/shop\/"},{"@type":"ListItem","position":3,"name":"Gopal\u00ea Sor"}]},{"@type":"WebSite","@id":"https:\/\/shanabooks.de\/#website","url":"https:\/\/shanabooks.de\/","name":"www.shanbooks.de","description":"C\u00eehana Pirt\u00fbk\u00ean Kurd\u00ee \u0645\u0643\u062a\u0628\u0629 \u0634\u0627\u0646\u0627 \u0641\u064a \u0627\u0644\u0645\u0627\u0646\u064a\u0627 \u0648\u0623\u0648\u0631\u0628\u0627","publisher":{"@id":"https:\/\/shanabooks.de\/#organization"},"potentialAction":[{"@type":"SearchAction","target":{"@type":"EntryPoint","urlTemplate":"https:\/\/shanabooks.de\/?s={search_term_string}"},"query-input":{"@type":"PropertyValueSpecification","valueRequired":true,"valueName":"search_term_string"}}],"inLanguage":"kur"},{"@type":"Organization","@id":"https:\/\/shanabooks.de\/#organization","name":"www.shanbooks.de","url":"https:\/\/shanabooks.de\/","logo":{"@type":"ImageObject","inLanguage":"kur","@id":"https:\/\/shanabooks.de\/#\/schema\/logo\/image\/","url":"https:\/\/shanabooks.de\/wp-content\/uploads\/2024\/03\/SHANABOOKS__2_-removebg-preview.png","contentUrl":"https:\/\/shanabooks.de\/wp-content\/uploads\/2024\/03\/SHANABOOKS__2_-removebg-preview.png","width":700,"height":150,"caption":"www.shanbooks.de"},"image":{"@id":"https:\/\/shanabooks.de\/#\/schema\/logo\/image\/"}}]}},"jetpack_sharing_enabled":true,"_links":{"self":[{"href":"https:\/\/shanabooks.de\/kur\/wp-json\/wp\/v2\/product\/12311","targetHints":{"allow":["GET"]}}],"collection":[{"href":"https:\/\/shanabooks.de\/kur\/wp-json\/wp\/v2\/product"}],"about":[{"href":"https:\/\/shanabooks.de\/kur\/wp-json\/wp\/v2\/types\/product"}],"version-history":[{"count":3,"href":"https:\/\/shanabooks.de\/kur\/wp-json\/wp\/v2\/product\/12311\/revisions"}],"predecessor-version":[{"id":21441,"href":"https:\/\/shanabooks.de\/kur\/wp-json\/wp\/v2\/product\/12311\/revisions\/21441"}],"wp:featuredmedia":[{"embeddable":true,"href":"https:\/\/shanabooks.de\/kur\/wp-json\/wp\/v2\/media\/12370"}],"wp:attachment":[{"href":"https:\/\/shanabooks.de\/kur\/wp-json\/wp\/v2\/media?parent=12311"}],"wp:term":[{"taxonomy":"product_brand","embeddable":true,"href":"https:\/\/shanabooks.de\/kur\/wp-json\/wp\/v2\/product_brand?post=12311"},{"taxonomy":"product_cat","embeddable":true,"href":"https:\/\/shanabooks.de\/kur\/wp-json\/wp\/v2\/product_cat?post=12311"},{"taxonomy":"product_tag","embeddable":true,"href":"https:\/\/shanabooks.de\/kur\/wp-json\/wp\/v2\/product_tag?post=12311"}],"curies":[{"name":"wp","href":"https:\/\/api.w.org\/{rel}","templated":true}]}}