{"id":12319,"date":"2024-03-03T19:42:51","date_gmt":"2024-03-03T19:42:51","guid":{"rendered":"https:\/\/shanabooks.de\/?post_type=product&#038;p=12319"},"modified":"2026-01-02T19:00:00","modified_gmt":"2026-01-02T19:00:00","slug":"berxvan-usive-beko","status":"publish","type":"product","link":"https:\/\/shanabooks.de\/kur\/product\/berxvan-usive-beko\/","title":{"rendered":"Berxvan"},"content":{"rendered":"<p dir=\"ltr\"><strong>Berxvan &#8211; \u00dbsiv\u00ea Beko<\/strong><\/p>\n<p dir=\"ltr\">Tariy\u00ea erd hil\u00e7inand. Bi \u015fevere\u015f. Zom razab\u00fb. Ten\u00ea q\u00eezeke cahil nikar\u00eeb\u00fb raza, xewa w\u00ea teqis\u00ee b\u00fb. Ew\u00ea \u015fing\u00eena bay\u00ea zirav nedibih\u00eest ku kon\u00ea bav\u00ea w\u00ea nerm dihejand. Q\u00eeza cahil ten\u00ea deng\u00ea dil\u00ea xwe y\u00ee b\u00easebr dibih\u00eest.<br \/>\nEw fesal ji niv\u00eena xwe derket ber bi zinar\u00ea n\u00eaz\u00eek ve \u00e7\u00fb.<br \/>\nQerewil\u00ea cahil, apinciy\u00ea re\u015f li ser milan, li h\u00eaviya w\u00ea b\u00fb.<br \/>\n\u2013 Xwe bide ber s\u00eenga min, kafir\u00ea, em hevdu hem\u00eaz bikin, qet xeber nedin, heta sib\u00ea\u2026 V\u00ee curey\u00ee ti kes p\u00ea nahese, \u2013 w\u00ee got.<br \/>\n\u2013 Ax, dinya \u00e7ire ewqas teng e, ten\u00ea wek ciy\u00ea mezelek\u00ee erd ketiye para me?!<br \/>\nNa, ciy\u00ea me teng n\u00een e, \u2013 sebra dil\u00ea min, ev ciy\u00ea hana bo dil\u00ea min de\u015fteke b\u00easerobin e, kew\u015fen e, \u00e7ay\u00eer \u00e7\u00eeman e. Ew tev nikarin dil\u00ea min \u00ee har c\u00eewar bikin, nikarin dil\u00ea min zeft bikin, ten\u00ea li vir dil\u00ea min t\u00ea ray\u00ea. Ti kes me nab\u00eene, ti kes bi me nahese\u2026<\/p>\n<p dir=\"ltr\">Berxvan ya \u00dbsiv\u00ea Beko ji we\u015fan\u00ean Belk\u00ee ye.<\/p>\n","protected":false},"excerpt":{"rendered":"<p dir=\"ltr\" style=\"text-align: center\"><strong>Pirt\u00fbk: Berxvan<br \/>\nNiv\u00eeskar: \u00dbsiv\u00ea Beko <\/strong><br \/>\n<strong>Cure: Roman<\/strong><\/p>\n","protected":false},"featured_media":5072,"template":"","meta":{"site-sidebar-layout":"default","site-content-layout":"","ast-site-content-layout":"default","site-content-style":"default","site-sidebar-style":"default","ast-global-header-display":"","ast-banner-title-visibility":"","ast-main-header-display":"","ast-hfb-above-header-display":"","ast-hfb-below-header-display":"","ast-hfb-mobile-header-display":"","site-post-title":"","ast-breadcrumbs-content":"","ast-featured-img":"","footer-sml-layout":"","ast-disable-related-posts":"","theme-transparent-header-meta":"default","adv-header-id-meta":"","stick-header-meta":"","header-above-stick-meta":"","header-main-stick-meta":"","header-below-stick-meta":"","astra-migrate-meta-layouts":"set","ast-page-background-enabled":"default","ast-page-background-meta":{"desktop":{"background-color":"","background-image":"","background-repeat":"repeat","background-position":"center center","background-size":"auto","background-attachment":"scroll","background-type":"","background-media":"","overlay-type":"","overlay-color":"","overlay-opacity":"","overlay-gradient":""},"tablet":{"background-color":"","background-image":"","background-repeat":"repeat","background-position":"center center","background-size":"auto","background-attachment":"scroll","background-type":"","background-media":"","overlay-type":"","overlay-color":"","overlay-opacity":"","overlay-gradient":""},"mobile":{"background-color":"","background-image":"","background-repeat":"repeat","background-position":"center center","background-size":"auto","background-attachment":"scroll","background-type":"","background-media":"","overlay-type":"","overlay-color":"","overlay-opacity":"","overlay-gradient":""}},"ast-content-background-meta":{"desktop":{"background-color":"var(--ast-global-color-5)","background-image":"","background-repeat":"repeat","background-position":"center center","background-size":"auto","background-attachment":"scroll","background-type":"","background-media":"","overlay-type":"","overlay-color":"","overlay-opacity":"","overlay-gradient":""},"tablet":{"background-color":"var(--ast-global-color-5)","background-image":"","background-repeat":"repeat","background-position":"center center","background-size":"auto","background-attachment":"scroll","background-type":"","background-media":"","overlay-type":"","overlay-color":"","overlay-opacity":"","overlay-gradient":""},"mobile":{"background-color":"var(--ast-global-color-5)","background-image":"","background-repeat":"repeat","background-position":"center center","background-size":"auto","background-attachment":"scroll","background-type":"","background-media":"","overlay-type":"","overlay-color":"","overlay-opacity":"","overlay-gradient":""}}},"product_brand":[],"product_cat":[185,182,193],"product_tag":[],"class_list":{"0":"post-12319","1":"product","2":"type-product","3":"status-publish","4":"has-post-thumbnail","6":"product_cat--_","7":"product_cat-_","9":"pa_-roman","10":"pa_-usive-beko","11":"pa_-kurmanci","12":"pa_--belki","13":"desktop-align-left","14":"tablet-align-left","15":"mobile-align-left","17":"first","18":"instock","19":"shipping-taxable","20":"purchasable","21":"product-type-simple"},"yoast_head":"<!-- This site is optimized with the Yoast SEO plugin v27.4 - https:\/\/yoast.com\/product\/yoast-seo-wordpress\/ -->\n<title>Berxvan - \u00dbsiv\u00ea Beko - www.shanabooks.de<\/title>\n<meta name=\"description\" content=\"Berxvan - \u00dbsiv\u00ea Beko Tariy\u00ea erd hil\u00e7inand. Bi \u015fevere\u015f. Zom razab\u00fb. Ten\u00ea q\u00eezeke cahil nikar\u00eeb\u00fb raza, xewa w\u00ea teqis\u00ee b\u00fb. Ew\u00ea \u015fing\u00eena bay\u00ea zirav nedibih\u00eest...\" \/>\n<meta name=\"robots\" content=\"index, follow, max-snippet:-1, max-image-preview:large, max-video-preview:-1\" \/>\n<link rel=\"canonical\" href=\"https:\/\/shanabooks.de\/product\/berxvan-usive-beko\/\" \/>\n<meta property=\"og:locale\" content=\"en_US\" \/>\n<meta property=\"og:type\" content=\"article\" \/>\n<meta property=\"og:title\" content=\"Berxvan - \u00dbsiv\u00ea Beko - www.shanabooks.de\" \/>\n<meta property=\"og:description\" content=\"Berxvan - \u00dbsiv\u00ea Beko Tariy\u00ea erd hil\u00e7inand. Bi \u015fevere\u015f. Zom razab\u00fb. Ten\u00ea q\u00eezeke cahil nikar\u00eeb\u00fb raza, xewa w\u00ea teqis\u00ee b\u00fb. Ew\u00ea \u015fing\u00eena bay\u00ea zirav nedibih\u00eest...\" \/>\n<meta property=\"og:url\" content=\"https:\/\/shanabooks.de\/product\/berxvan-usive-beko\/\" \/>\n<meta property=\"og:site_name\" content=\"www.shanabooks.de\" \/>\n<meta property=\"article:modified_time\" content=\"2026-01-02T19:00:00+00:00\" \/>\n<meta property=\"og:image\" content=\"https:\/\/shanabooks.de\/wp-content\/uploads\/2024\/01\/Berxban.png\" \/>\n\t<meta property=\"og:image:width\" content=\"295\" \/>\n\t<meta property=\"og:image:height\" content=\"476\" \/>\n\t<meta property=\"og:image:type\" content=\"image\/png\" \/>\n<meta name=\"twitter:card\" content=\"summary_large_image\" \/>\n<meta name=\"twitter:label1\" content=\"Est. reading time\" \/>\n\t<meta name=\"twitter:data1\" content=\"2 minutes\" \/>\n<script type=\"application\/ld+json\" class=\"yoast-schema-graph\">{\"@context\":\"https:\\\/\\\/schema.org\",\"@graph\":[{\"@type\":\"WebPage\",\"@id\":\"https:\\\/\\\/shanabooks.de\\\/product\\\/berxvan-usive-beko\\\/\",\"url\":\"https:\\\/\\\/shanabooks.de\\\/product\\\/berxvan-usive-beko\\\/\",\"name\":\"Berxvan - \u00dbsiv\u00ea Beko - www.shanabooks.de\",\"isPartOf\":{\"@id\":\"https:\\\/\\\/shanabooks.de\\\/#website\"},\"primaryImageOfPage\":{\"@id\":\"https:\\\/\\\/shanabooks.de\\\/product\\\/berxvan-usive-beko\\\/#primaryimage\"},\"image\":{\"@id\":\"https:\\\/\\\/shanabooks.de\\\/product\\\/berxvan-usive-beko\\\/#primaryimage\"},\"thumbnailUrl\":\"https:\\\/\\\/shanabooks.de\\\/wp-content\\\/uploads\\\/2024\\\/01\\\/Berxban.png\",\"datePublished\":\"2024-03-03T19:42:51+00:00\",\"dateModified\":\"2026-01-02T19:00:00+00:00\",\"description\":\"Berxvan - \u00dbsiv\u00ea Beko Tariy\u00ea erd hil\u00e7inand. Bi \u015fevere\u015f. Zom razab\u00fb. Ten\u00ea q\u00eezeke cahil nikar\u00eeb\u00fb raza, xewa w\u00ea teqis\u00ee b\u00fb. Ew\u00ea \u015fing\u00eena bay\u00ea zirav nedibih\u00eest...\",\"breadcrumb\":{\"@id\":\"https:\\\/\\\/shanabooks.de\\\/product\\\/berxvan-usive-beko\\\/#breadcrumb\"},\"inLanguage\":\"kur\",\"potentialAction\":[{\"@type\":\"ReadAction\",\"target\":[\"https:\\\/\\\/shanabooks.de\\\/product\\\/berxvan-usive-beko\\\/\"]}]},{\"@type\":\"ImageObject\",\"inLanguage\":\"kur\",\"@id\":\"https:\\\/\\\/shanabooks.de\\\/product\\\/berxvan-usive-beko\\\/#primaryimage\",\"url\":\"https:\\\/\\\/shanabooks.de\\\/wp-content\\\/uploads\\\/2024\\\/01\\\/Berxban.png\",\"contentUrl\":\"https:\\\/\\\/shanabooks.de\\\/wp-content\\\/uploads\\\/2024\\\/01\\\/Berxban.png\",\"width\":295,\"height\":476,\"caption\":\"Berxvan - \u00dbsiv\u00ea Beko - pirt\u00fbk\u00ean kurd\u00ee\"},{\"@type\":\"BreadcrumbList\",\"@id\":\"https:\\\/\\\/shanabooks.de\\\/product\\\/berxvan-usive-beko\\\/#breadcrumb\",\"itemListElement\":[{\"@type\":\"ListItem\",\"position\":1,\"name\":\"\u0627\u0644\u0631\u0626\u064a\u0633\u064a\u0629\",\"item\":\"https:\\\/\\\/shanabooks.de\\\/kur\\\/\"},{\"@type\":\"ListItem\",\"position\":2,\"name\":\"\u0627\u0644\u0645\u0646\u062a\u062c\u0627\u062a\",\"item\":\"https:\\\/\\\/shanabooks.de\\\/shop\\\/\"},{\"@type\":\"ListItem\",\"position\":3,\"name\":\"Berxvan\"}]},{\"@type\":\"WebSite\",\"@id\":\"https:\\\/\\\/shanabooks.de\\\/#website\",\"url\":\"https:\\\/\\\/shanabooks.de\\\/\",\"name\":\"www.shanbooks.de\",\"description\":\"C\u00eehana Pirt\u00fbk\u00ean Kurd\u00ee \u0645\u0643\u062a\u0628\u0629 \u0634\u0627\u0646\u0627 \u0641\u064a \u0627\u0644\u0645\u0627\u0646\u064a\u0627 \u0648\u0623\u0648\u0631\u0628\u0627\",\"publisher\":{\"@id\":\"https:\\\/\\\/shanabooks.de\\\/#organization\"},\"potentialAction\":[{\"@type\":\"SearchAction\",\"target\":{\"@type\":\"EntryPoint\",\"urlTemplate\":\"https:\\\/\\\/shanabooks.de\\\/?s={search_term_string}\"},\"query-input\":{\"@type\":\"PropertyValueSpecification\",\"valueRequired\":true,\"valueName\":\"search_term_string\"}}],\"inLanguage\":\"kur\"},{\"@type\":\"Organization\",\"@id\":\"https:\\\/\\\/shanabooks.de\\\/#organization\",\"name\":\"www.shanbooks.de\",\"url\":\"https:\\\/\\\/shanabooks.de\\\/\",\"logo\":{\"@type\":\"ImageObject\",\"inLanguage\":\"kur\",\"@id\":\"https:\\\/\\\/shanabooks.de\\\/#\\\/schema\\\/logo\\\/image\\\/\",\"url\":\"https:\\\/\\\/shanabooks.de\\\/wp-content\\\/uploads\\\/2024\\\/03\\\/SHANABOOKS__2_-removebg-preview.png\",\"contentUrl\":\"https:\\\/\\\/shanabooks.de\\\/wp-content\\\/uploads\\\/2024\\\/03\\\/SHANABOOKS__2_-removebg-preview.png\",\"width\":700,\"height\":150,\"caption\":\"www.shanbooks.de\"},\"image\":{\"@id\":\"https:\\\/\\\/shanabooks.de\\\/#\\\/schema\\\/logo\\\/image\\\/\"}}]}<\/script>\n<!-- \/ Yoast SEO plugin. -->","yoast_head_json":{"title":"Berxvan - \u00dbsiv\u00ea Beko - www.shanabooks.de","description":"Berxvan - \u00dbsiv\u00ea Beko Tariy\u00ea erd hil\u00e7inand. Bi \u015fevere\u015f. Zom razab\u00fb. Ten\u00ea q\u00eezeke cahil nikar\u00eeb\u00fb raza, xewa w\u00ea teqis\u00ee b\u00fb. Ew\u00ea \u015fing\u00eena bay\u00ea zirav nedibih\u00eest...","robots":{"index":"index","follow":"follow","max-snippet":"max-snippet:-1","max-image-preview":"max-image-preview:large","max-video-preview":"max-video-preview:-1"},"canonical":"https:\/\/shanabooks.de\/product\/berxvan-usive-beko\/","og_locale":"en_US","og_type":"article","og_title":"Berxvan - \u00dbsiv\u00ea Beko - www.shanabooks.de","og_description":"Berxvan - \u00dbsiv\u00ea Beko Tariy\u00ea erd hil\u00e7inand. Bi \u015fevere\u015f. Zom razab\u00fb. Ten\u00ea q\u00eezeke cahil nikar\u00eeb\u00fb raza, xewa w\u00ea teqis\u00ee b\u00fb. Ew\u00ea \u015fing\u00eena bay\u00ea zirav nedibih\u00eest...","og_url":"https:\/\/shanabooks.de\/product\/berxvan-usive-beko\/","og_site_name":"www.shanabooks.de","article_modified_time":"2026-01-02T19:00:00+00:00","og_image":[{"width":295,"height":476,"url":"https:\/\/shanabooks.de\/wp-content\/uploads\/2024\/01\/Berxban.png","type":"image\/png"}],"twitter_card":"summary_large_image","twitter_misc":{"Est. reading time":"2 minutes"},"schema":{"@context":"https:\/\/schema.org","@graph":[{"@type":"WebPage","@id":"https:\/\/shanabooks.de\/product\/berxvan-usive-beko\/","url":"https:\/\/shanabooks.de\/product\/berxvan-usive-beko\/","name":"Berxvan - \u00dbsiv\u00ea Beko - www.shanabooks.de","isPartOf":{"@id":"https:\/\/shanabooks.de\/#website"},"primaryImageOfPage":{"@id":"https:\/\/shanabooks.de\/product\/berxvan-usive-beko\/#primaryimage"},"image":{"@id":"https:\/\/shanabooks.de\/product\/berxvan-usive-beko\/#primaryimage"},"thumbnailUrl":"https:\/\/shanabooks.de\/wp-content\/uploads\/2024\/01\/Berxban.png","datePublished":"2024-03-03T19:42:51+00:00","dateModified":"2026-01-02T19:00:00+00:00","description":"Berxvan - \u00dbsiv\u00ea Beko Tariy\u00ea erd hil\u00e7inand. Bi \u015fevere\u015f. Zom razab\u00fb. Ten\u00ea q\u00eezeke cahil nikar\u00eeb\u00fb raza, xewa w\u00ea teqis\u00ee b\u00fb. Ew\u00ea \u015fing\u00eena bay\u00ea zirav nedibih\u00eest...","breadcrumb":{"@id":"https:\/\/shanabooks.de\/product\/berxvan-usive-beko\/#breadcrumb"},"inLanguage":"kur","potentialAction":[{"@type":"ReadAction","target":["https:\/\/shanabooks.de\/product\/berxvan-usive-beko\/"]}]},{"@type":"ImageObject","inLanguage":"kur","@id":"https:\/\/shanabooks.de\/product\/berxvan-usive-beko\/#primaryimage","url":"https:\/\/shanabooks.de\/wp-content\/uploads\/2024\/01\/Berxban.png","contentUrl":"https:\/\/shanabooks.de\/wp-content\/uploads\/2024\/01\/Berxban.png","width":295,"height":476,"caption":"Berxvan - \u00dbsiv\u00ea Beko - pirt\u00fbk\u00ean kurd\u00ee"},{"@type":"BreadcrumbList","@id":"https:\/\/shanabooks.de\/product\/berxvan-usive-beko\/#breadcrumb","itemListElement":[{"@type":"ListItem","position":1,"name":"\u0627\u0644\u0631\u0626\u064a\u0633\u064a\u0629","item":"https:\/\/shanabooks.de\/kur\/"},{"@type":"ListItem","position":2,"name":"\u0627\u0644\u0645\u0646\u062a\u062c\u0627\u062a","item":"https:\/\/shanabooks.de\/shop\/"},{"@type":"ListItem","position":3,"name":"Berxvan"}]},{"@type":"WebSite","@id":"https:\/\/shanabooks.de\/#website","url":"https:\/\/shanabooks.de\/","name":"www.shanbooks.de","description":"C\u00eehana Pirt\u00fbk\u00ean Kurd\u00ee \u0645\u0643\u062a\u0628\u0629 \u0634\u0627\u0646\u0627 \u0641\u064a \u0627\u0644\u0645\u0627\u0646\u064a\u0627 \u0648\u0623\u0648\u0631\u0628\u0627","publisher":{"@id":"https:\/\/shanabooks.de\/#organization"},"potentialAction":[{"@type":"SearchAction","target":{"@type":"EntryPoint","urlTemplate":"https:\/\/shanabooks.de\/?s={search_term_string}"},"query-input":{"@type":"PropertyValueSpecification","valueRequired":true,"valueName":"search_term_string"}}],"inLanguage":"kur"},{"@type":"Organization","@id":"https:\/\/shanabooks.de\/#organization","name":"www.shanbooks.de","url":"https:\/\/shanabooks.de\/","logo":{"@type":"ImageObject","inLanguage":"kur","@id":"https:\/\/shanabooks.de\/#\/schema\/logo\/image\/","url":"https:\/\/shanabooks.de\/wp-content\/uploads\/2024\/03\/SHANABOOKS__2_-removebg-preview.png","contentUrl":"https:\/\/shanabooks.de\/wp-content\/uploads\/2024\/03\/SHANABOOKS__2_-removebg-preview.png","width":700,"height":150,"caption":"www.shanbooks.de"},"image":{"@id":"https:\/\/shanabooks.de\/#\/schema\/logo\/image\/"}}]}},"jetpack_sharing_enabled":true,"_links":{"self":[{"href":"https:\/\/shanabooks.de\/kur\/wp-json\/wp\/v2\/product\/12319","targetHints":{"allow":["GET"]}}],"collection":[{"href":"https:\/\/shanabooks.de\/kur\/wp-json\/wp\/v2\/product"}],"about":[{"href":"https:\/\/shanabooks.de\/kur\/wp-json\/wp\/v2\/types\/product"}],"version-history":[{"count":3,"href":"https:\/\/shanabooks.de\/kur\/wp-json\/wp\/v2\/product\/12319\/revisions"}],"predecessor-version":[{"id":20896,"href":"https:\/\/shanabooks.de\/kur\/wp-json\/wp\/v2\/product\/12319\/revisions\/20896"}],"wp:featuredmedia":[{"embeddable":true,"href":"https:\/\/shanabooks.de\/kur\/wp-json\/wp\/v2\/media\/5072"}],"wp:attachment":[{"href":"https:\/\/shanabooks.de\/kur\/wp-json\/wp\/v2\/media?parent=12319"}],"wp:term":[{"taxonomy":"product_brand","embeddable":true,"href":"https:\/\/shanabooks.de\/kur\/wp-json\/wp\/v2\/product_brand?post=12319"},{"taxonomy":"product_cat","embeddable":true,"href":"https:\/\/shanabooks.de\/kur\/wp-json\/wp\/v2\/product_cat?post=12319"},{"taxonomy":"product_tag","embeddable":true,"href":"https:\/\/shanabooks.de\/kur\/wp-json\/wp\/v2\/product_tag?post=12319"}],"curies":[{"name":"wp","href":"https:\/\/api.w.org\/{rel}","templated":true}]}}