{"id":12343,"date":"2024-03-03T19:43:13","date_gmt":"2024-03-03T19:43:13","guid":{"rendered":"https:\/\/shanabooks.de\/?post_type=product&#038;p=12343"},"modified":"2024-03-20T18:07:58","modified_gmt":"2024-03-20T18:07:58","slug":"nameyek-ji-xwede-re-ciwanmerd-kulek","status":"publish","type":"product","link":"https:\/\/shanabooks.de\/kur\/product\/nameyek-ji-xwede-re-ciwanmerd-kulek\/","title":{"rendered":"Nameyek ji xwed\u00ea re"},"content":{"rendered":"<p dir=\"ltr\" style=\"text-align: left\"><strong>Nameyek ji xwed\u00ea re &#8211; Ciwanmerd Kulek<\/strong><\/p>\n<p dir=\"ltr\" style=\"text-align: left\"><span lang=\"EN-US\">\u201cDeh sal ber\u00ea dema min dest p\u00ea kir bi Kurd\u00ee biniv\u00eesim, p\u00ea\u015f\u00ee niv\u00ees\u00eena v\u00ea kit\u00eab\u00ea heb\u00fb di hi\u015f\u00ea min de. L\u00ea hi\u015f\u00ea min t\u00eara xwe tevlihev b\u00fb, zimanek\u00ee min \u00ee xurt \u00fb tek\u00fbz tune b\u00fb ku hem\u00fb ti\u015ft\u00ean ku min did\u00eetin li nava w\u00ee hi\u015f\u00ee rast bike. Ji bil\u00ee rojniv\u00eesk\u00ean ku min her roj diniv\u00ees\u00een, duyem\u00een ti\u015fta ku min bi Kurd\u00ee diniv\u00ees\u00ee nameyin b\u00fbn ku min di wan de Kurdiya xwe \u00fb a\u015fopa xwe ya bi v\u00ee ziman\u00ee diceriband \u00fb me\u015fq dikir. Li aliyek\u00ee min gelek ti\u015ft\u00ean ku li hemanan b\u00fbn ji b\u00eera min bi\u00e7in, gelek ti\u015ft\u00ean ku diviya f\u00ear bibim \u00fb li wan bibanim, hi\u015f \u00fb aql\u00ea xwe bi wan bitahm\u00eenim, arava wan di dil\u00ea xwe bidim, li aliyek\u00ee j\u00ee gelek ti\u015ft\u00ean ku ez derxim, dah\u00eanim, p\u00eak b\u00eenim, biafir\u00eenim. Diviya ez \u00fb ziman bi hawara hev de bihatana. \u00c7unk\u00ee ji min wer\u00ea b\u00fb ku ihtiyaca min bi w\u00ee, a w\u00ee j\u00ee bi min heb\u00fb. Namey\u00ean ku min bi wan re dem diki\u015fand, dawiy\u00ea veguher\u00een \u015f\u00eawaza yekane a kit\u00eaba ku min dixwest biniv\u00eesim. V\u00eaga, he\u015ft sal \u015f\u00fbn de, gava vegeriyam min cardin dev\u00ea v\u00ea kit\u00eaba yekem vekir, min ti\u015ftek pir e\u015fkere d\u00eet: \u015eiyan\u00ea t\u00eara viyan\u00ea nekirib\u00fb! He\u00e7ku min qet ne\u015fiyab\u00fb ti\u015ft\u00ean ku hizir\u00eeb\u00fbm bikim, ti\u015ft\u00ean ku min kirib\u00fbn j\u00ee d\u00fbr ketib\u00fbn ji ti\u015ft\u00ean ku min xwestib\u00fb bikim. K\u00ea\u015fe ne nih\u00ean\u00ee b\u00fb, ya rast: Dema ez kor b\u00fbm \u00fb ziman kulek, \u00e7iqas mumkin b\u00fb ku min bizaniya ku dixwazim \u00e7i \u00e7awa bikim \u00fb ziman\u00ea min r\u00eaber \u00fb pi\u015ftevanek\u00ee bik\u00earhat\u00ee b\u00fb ji bo v\u00ea yek\u00ea?\u201d<br \/>\n<\/span><span lang=\"EN-US\">Ciwanmerd Kulek he\u015ft sal \u015f\u00fbn de dev\u00ea kit\u00eaba xwe ya yekem cardin vekir \u00fb \u00e7i bigire hevok bi hevok ji n\u00fb ve niv\u00ees\u00ee. Niv\u00eeskar di ev\u00ea xebata ku gelek amajeyan vedihew\u00eene ji serp\u00eahatiya me ya ziman \u00fb afirandin\u00ea de qatek\u00ee din dav\u00eaje ser pirh\u00ealiya kit\u00eab\u00ea \u00fb nameyeke din j\u00ee l\u00ea z\u00eade dike: Nameyek Ji Xwendevan Re.<\/span><\/p>\n<p style=\"text-align: left\">Romana Nameyek ji xwed\u00ea re ya Ciwanmerd Kulek ji we\u015fan\u00ean Avestay\u00ea ye.<\/p>\n","protected":false},"excerpt":{"rendered":"<p dir=\"ltr\" style=\"text-align: center\"><strong>Pirt\u00fbk: Nameyek ji xwed\u00ea re<\/strong><br \/>\n<strong>Niv\u00eeskar: Ciwanmerd Kulek<br \/>\nCure: Roman<\/strong><\/p>\n","protected":false},"featured_media":12400,"template":"","meta":{"site-sidebar-layout":"default","site-content-layout":"","ast-site-content-layout":"default","site-content-style":"default","site-sidebar-style":"default","ast-global-header-display":"","ast-banner-title-visibility":"","ast-main-header-display":"","ast-hfb-above-header-display":"","ast-hfb-below-header-display":"","ast-hfb-mobile-header-display":"","site-post-title":"","ast-breadcrumbs-content":"","ast-featured-img":"","footer-sml-layout":"","ast-disable-related-posts":"","theme-transparent-header-meta":"default","adv-header-id-meta":"","stick-header-meta":"","header-above-stick-meta":"","header-main-stick-meta":"","header-below-stick-meta":"","astra-migrate-meta-layouts":"set","ast-page-background-enabled":"default","ast-page-background-meta":{"desktop":{"background-color":"","background-image":"","background-repeat":"repeat","background-position":"center center","background-size":"auto","background-attachment":"scroll","background-type":"","background-media":"","overlay-type":"","overlay-color":"","overlay-opacity":"","overlay-gradient":""},"tablet":{"background-color":"","background-image":"","background-repeat":"repeat","background-position":"center center","background-size":"auto","background-attachment":"scroll","background-type":"","background-media":"","overlay-type":"","overlay-color":"","overlay-opacity":"","overlay-gradient":""},"mobile":{"background-color":"","background-image":"","background-repeat":"repeat","background-position":"center center","background-size":"auto","background-attachment":"scroll","background-type":"","background-media":"","overlay-type":"","overlay-color":"","overlay-opacity":"","overlay-gradient":""}},"ast-content-background-meta":{"desktop":{"background-color":"var(--ast-global-color-5)","background-image":"","background-repeat":"repeat","background-position":"center center","background-size":"auto","background-attachment":"scroll","background-type":"","background-media":"","overlay-type":"","overlay-color":"","overlay-opacity":"","overlay-gradient":""},"tablet":{"background-color":"var(--ast-global-color-5)","background-image":"","background-repeat":"repeat","background-position":"center center","background-size":"auto","background-attachment":"scroll","background-type":"","background-media":"","overlay-type":"","overlay-color":"","overlay-opacity":"","overlay-gradient":""},"mobile":{"background-color":"var(--ast-global-color-5)","background-image":"","background-repeat":"repeat","background-position":"center center","background-size":"auto","background-attachment":"scroll","background-type":"","background-media":"","overlay-type":"","overlay-color":"","overlay-opacity":"","overlay-gradient":""}}},"product_brand":[],"product_cat":[182,193],"product_tag":[],"class_list":{"0":"post-12343","1":"product","2":"type-product","3":"status-publish","4":"has-post-thumbnail","6":"product_cat-_","7":"product_cat--_","8":"pa_-roman","9":"pa_-ciwanmerd-kulek","10":"pa_-kurmanci","11":"pa_--avesta-yayinlari","12":"desktop-align-left","13":"tablet-align-left","14":"mobile-align-left","16":"first","17":"instock","18":"shipping-taxable","19":"purchasable","20":"product-type-simple"},"yoast_head":"<!-- This site is optimized with the Yoast SEO plugin v27.4 - https:\/\/yoast.com\/product\/yoast-seo-wordpress\/ -->\n<title>Nameyek ji xwed\u00ea re - Ciwanmerd Kulek - www.shanabooks.de<\/title>\n<meta name=\"description\" content=\"Nameyek ji xwed\u00ea re - Ciwanmerd Kulek \u201cDeh sal ber\u00ea dema min dest p\u00ea kir bi Kurd\u00ee biniv\u00eesim, p\u00ea\u015f\u00ee niv\u00ees\u00eena v\u00ea kit\u00eab\u00ea heb\u00fb di hi\u015f\u00ea min de. L\u00ea hi\u015f\u00ea min t\u00ear...\" \/>\n<meta name=\"robots\" content=\"index, follow, max-snippet:-1, max-image-preview:large, max-video-preview:-1\" \/>\n<link rel=\"canonical\" href=\"https:\/\/shanabooks.de\/product\/nameyek-ji-xwede-re-ciwanmerd-kulek\/\" \/>\n<meta property=\"og:locale\" content=\"en_US\" \/>\n<meta property=\"og:type\" content=\"article\" \/>\n<meta property=\"og:title\" content=\"Nameyek ji xwed\u00ea re - Ciwanmerd Kulek - www.shanabooks.de\" \/>\n<meta property=\"og:description\" content=\"Nameyek ji xwed\u00ea re - Ciwanmerd Kulek \u201cDeh sal ber\u00ea dema min dest p\u00ea kir bi Kurd\u00ee biniv\u00eesim, p\u00ea\u015f\u00ee niv\u00ees\u00eena v\u00ea kit\u00eab\u00ea heb\u00fb di hi\u015f\u00ea min de. L\u00ea hi\u015f\u00ea min t\u00ear...\" \/>\n<meta property=\"og:url\" content=\"https:\/\/shanabooks.de\/product\/nameyek-ji-xwede-re-ciwanmerd-kulek\/\" \/>\n<meta property=\"og:site_name\" content=\"www.shanabooks.de\" \/>\n<meta property=\"article:modified_time\" content=\"2024-03-20T18:07:58+00:00\" \/>\n<meta property=\"og:image\" content=\"https:\/\/shanabooks.de\/wp-content\/uploads\/2024\/03\/nameyek-ji-xwede-re.jpg\" \/>\n\t<meta property=\"og:image:width\" content=\"600\" \/>\n\t<meta property=\"og:image:height\" content=\"900\" \/>\n\t<meta property=\"og:image:type\" content=\"image\/jpeg\" \/>\n<meta name=\"twitter:card\" content=\"summary_large_image\" \/>\n<meta name=\"twitter:label1\" content=\"Est. reading time\" \/>\n\t<meta name=\"twitter:data1\" content=\"3 minutes\" \/>\n<script type=\"application\/ld+json\" class=\"yoast-schema-graph\">{\"@context\":\"https:\\\/\\\/schema.org\",\"@graph\":[{\"@type\":\"WebPage\",\"@id\":\"https:\\\/\\\/shanabooks.de\\\/product\\\/nameyek-ji-xwede-re-ciwanmerd-kulek\\\/\",\"url\":\"https:\\\/\\\/shanabooks.de\\\/product\\\/nameyek-ji-xwede-re-ciwanmerd-kulek\\\/\",\"name\":\"Nameyek ji xwed\u00ea re - Ciwanmerd Kulek - www.shanabooks.de\",\"isPartOf\":{\"@id\":\"https:\\\/\\\/shanabooks.de\\\/#website\"},\"primaryImageOfPage\":{\"@id\":\"https:\\\/\\\/shanabooks.de\\\/product\\\/nameyek-ji-xwede-re-ciwanmerd-kulek\\\/#primaryimage\"},\"image\":{\"@id\":\"https:\\\/\\\/shanabooks.de\\\/product\\\/nameyek-ji-xwede-re-ciwanmerd-kulek\\\/#primaryimage\"},\"thumbnailUrl\":\"https:\\\/\\\/shanabooks.de\\\/wp-content\\\/uploads\\\/2024\\\/03\\\/nameyek-ji-xwede-re.jpg\",\"datePublished\":\"2024-03-03T19:43:13+00:00\",\"dateModified\":\"2024-03-20T18:07:58+00:00\",\"description\":\"Nameyek ji xwed\u00ea re - Ciwanmerd Kulek \u201cDeh sal ber\u00ea dema min dest p\u00ea kir bi Kurd\u00ee biniv\u00eesim, p\u00ea\u015f\u00ee niv\u00ees\u00eena v\u00ea kit\u00eab\u00ea heb\u00fb di hi\u015f\u00ea min de. L\u00ea hi\u015f\u00ea min t\u00ear...\",\"breadcrumb\":{\"@id\":\"https:\\\/\\\/shanabooks.de\\\/product\\\/nameyek-ji-xwede-re-ciwanmerd-kulek\\\/#breadcrumb\"},\"inLanguage\":\"kur\",\"potentialAction\":[{\"@type\":\"ReadAction\",\"target\":[\"https:\\\/\\\/shanabooks.de\\\/product\\\/nameyek-ji-xwede-re-ciwanmerd-kulek\\\/\"]}]},{\"@type\":\"ImageObject\",\"inLanguage\":\"kur\",\"@id\":\"https:\\\/\\\/shanabooks.de\\\/product\\\/nameyek-ji-xwede-re-ciwanmerd-kulek\\\/#primaryimage\",\"url\":\"https:\\\/\\\/shanabooks.de\\\/wp-content\\\/uploads\\\/2024\\\/03\\\/nameyek-ji-xwede-re.jpg\",\"contentUrl\":\"https:\\\/\\\/shanabooks.de\\\/wp-content\\\/uploads\\\/2024\\\/03\\\/nameyek-ji-xwede-re.jpg\",\"width\":600,\"height\":900,\"caption\":\"Nameyek ji xwed\u00ea re - Ciwanmerd Kulek - pirt\u00fbk\u00ean kurd\u00ee- roman\"},{\"@type\":\"BreadcrumbList\",\"@id\":\"https:\\\/\\\/shanabooks.de\\\/product\\\/nameyek-ji-xwede-re-ciwanmerd-kulek\\\/#breadcrumb\",\"itemListElement\":[{\"@type\":\"ListItem\",\"position\":1,\"name\":\"\u0627\u0644\u0631\u0626\u064a\u0633\u064a\u0629\",\"item\":\"https:\\\/\\\/shanabooks.de\\\/kur\\\/\"},{\"@type\":\"ListItem\",\"position\":2,\"name\":\"\u0627\u0644\u0645\u0646\u062a\u062c\u0627\u062a\",\"item\":\"https:\\\/\\\/shanabooks.de\\\/shop\\\/\"},{\"@type\":\"ListItem\",\"position\":3,\"name\":\"Nameyek ji xwed\u00ea re\"}]},{\"@type\":\"WebSite\",\"@id\":\"https:\\\/\\\/shanabooks.de\\\/#website\",\"url\":\"https:\\\/\\\/shanabooks.de\\\/\",\"name\":\"www.shanbooks.de\",\"description\":\"C\u00eehana Pirt\u00fbk\u00ean Kurd\u00ee \u0645\u0643\u062a\u0628\u0629 \u0634\u0627\u0646\u0627 \u0641\u064a \u0627\u0644\u0645\u0627\u0646\u064a\u0627 \u0648\u0623\u0648\u0631\u0628\u0627\",\"publisher\":{\"@id\":\"https:\\\/\\\/shanabooks.de\\\/#organization\"},\"potentialAction\":[{\"@type\":\"SearchAction\",\"target\":{\"@type\":\"EntryPoint\",\"urlTemplate\":\"https:\\\/\\\/shanabooks.de\\\/?s={search_term_string}\"},\"query-input\":{\"@type\":\"PropertyValueSpecification\",\"valueRequired\":true,\"valueName\":\"search_term_string\"}}],\"inLanguage\":\"kur\"},{\"@type\":\"Organization\",\"@id\":\"https:\\\/\\\/shanabooks.de\\\/#organization\",\"name\":\"www.shanbooks.de\",\"url\":\"https:\\\/\\\/shanabooks.de\\\/\",\"logo\":{\"@type\":\"ImageObject\",\"inLanguage\":\"kur\",\"@id\":\"https:\\\/\\\/shanabooks.de\\\/#\\\/schema\\\/logo\\\/image\\\/\",\"url\":\"https:\\\/\\\/shanabooks.de\\\/wp-content\\\/uploads\\\/2024\\\/03\\\/SHANABOOKS__2_-removebg-preview.png\",\"contentUrl\":\"https:\\\/\\\/shanabooks.de\\\/wp-content\\\/uploads\\\/2024\\\/03\\\/SHANABOOKS__2_-removebg-preview.png\",\"width\":700,\"height\":150,\"caption\":\"www.shanbooks.de\"},\"image\":{\"@id\":\"https:\\\/\\\/shanabooks.de\\\/#\\\/schema\\\/logo\\\/image\\\/\"}}]}<\/script>\n<!-- \/ Yoast SEO plugin. -->","yoast_head_json":{"title":"Nameyek ji xwed\u00ea re - Ciwanmerd Kulek - www.shanabooks.de","description":"Nameyek ji xwed\u00ea re - Ciwanmerd Kulek \u201cDeh sal ber\u00ea dema min dest p\u00ea kir bi Kurd\u00ee biniv\u00eesim, p\u00ea\u015f\u00ee niv\u00ees\u00eena v\u00ea kit\u00eab\u00ea heb\u00fb di hi\u015f\u00ea min de. L\u00ea hi\u015f\u00ea min t\u00ear...","robots":{"index":"index","follow":"follow","max-snippet":"max-snippet:-1","max-image-preview":"max-image-preview:large","max-video-preview":"max-video-preview:-1"},"canonical":"https:\/\/shanabooks.de\/product\/nameyek-ji-xwede-re-ciwanmerd-kulek\/","og_locale":"en_US","og_type":"article","og_title":"Nameyek ji xwed\u00ea re - Ciwanmerd Kulek - www.shanabooks.de","og_description":"Nameyek ji xwed\u00ea re - Ciwanmerd Kulek \u201cDeh sal ber\u00ea dema min dest p\u00ea kir bi Kurd\u00ee biniv\u00eesim, p\u00ea\u015f\u00ee niv\u00ees\u00eena v\u00ea kit\u00eab\u00ea heb\u00fb di hi\u015f\u00ea min de. L\u00ea hi\u015f\u00ea min t\u00ear...","og_url":"https:\/\/shanabooks.de\/product\/nameyek-ji-xwede-re-ciwanmerd-kulek\/","og_site_name":"www.shanabooks.de","article_modified_time":"2024-03-20T18:07:58+00:00","og_image":[{"width":600,"height":900,"url":"https:\/\/shanabooks.de\/wp-content\/uploads\/2024\/03\/nameyek-ji-xwede-re.jpg","type":"image\/jpeg"}],"twitter_card":"summary_large_image","twitter_misc":{"Est. reading time":"3 minutes"},"schema":{"@context":"https:\/\/schema.org","@graph":[{"@type":"WebPage","@id":"https:\/\/shanabooks.de\/product\/nameyek-ji-xwede-re-ciwanmerd-kulek\/","url":"https:\/\/shanabooks.de\/product\/nameyek-ji-xwede-re-ciwanmerd-kulek\/","name":"Nameyek ji xwed\u00ea re - Ciwanmerd Kulek - www.shanabooks.de","isPartOf":{"@id":"https:\/\/shanabooks.de\/#website"},"primaryImageOfPage":{"@id":"https:\/\/shanabooks.de\/product\/nameyek-ji-xwede-re-ciwanmerd-kulek\/#primaryimage"},"image":{"@id":"https:\/\/shanabooks.de\/product\/nameyek-ji-xwede-re-ciwanmerd-kulek\/#primaryimage"},"thumbnailUrl":"https:\/\/shanabooks.de\/wp-content\/uploads\/2024\/03\/nameyek-ji-xwede-re.jpg","datePublished":"2024-03-03T19:43:13+00:00","dateModified":"2024-03-20T18:07:58+00:00","description":"Nameyek ji xwed\u00ea re - Ciwanmerd Kulek \u201cDeh sal ber\u00ea dema min dest p\u00ea kir bi Kurd\u00ee biniv\u00eesim, p\u00ea\u015f\u00ee niv\u00ees\u00eena v\u00ea kit\u00eab\u00ea heb\u00fb di hi\u015f\u00ea min de. L\u00ea hi\u015f\u00ea min t\u00ear...","breadcrumb":{"@id":"https:\/\/shanabooks.de\/product\/nameyek-ji-xwede-re-ciwanmerd-kulek\/#breadcrumb"},"inLanguage":"kur","potentialAction":[{"@type":"ReadAction","target":["https:\/\/shanabooks.de\/product\/nameyek-ji-xwede-re-ciwanmerd-kulek\/"]}]},{"@type":"ImageObject","inLanguage":"kur","@id":"https:\/\/shanabooks.de\/product\/nameyek-ji-xwede-re-ciwanmerd-kulek\/#primaryimage","url":"https:\/\/shanabooks.de\/wp-content\/uploads\/2024\/03\/nameyek-ji-xwede-re.jpg","contentUrl":"https:\/\/shanabooks.de\/wp-content\/uploads\/2024\/03\/nameyek-ji-xwede-re.jpg","width":600,"height":900,"caption":"Nameyek ji xwed\u00ea re - Ciwanmerd Kulek - pirt\u00fbk\u00ean kurd\u00ee- roman"},{"@type":"BreadcrumbList","@id":"https:\/\/shanabooks.de\/product\/nameyek-ji-xwede-re-ciwanmerd-kulek\/#breadcrumb","itemListElement":[{"@type":"ListItem","position":1,"name":"\u0627\u0644\u0631\u0626\u064a\u0633\u064a\u0629","item":"https:\/\/shanabooks.de\/kur\/"},{"@type":"ListItem","position":2,"name":"\u0627\u0644\u0645\u0646\u062a\u062c\u0627\u062a","item":"https:\/\/shanabooks.de\/shop\/"},{"@type":"ListItem","position":3,"name":"Nameyek ji xwed\u00ea re"}]},{"@type":"WebSite","@id":"https:\/\/shanabooks.de\/#website","url":"https:\/\/shanabooks.de\/","name":"www.shanbooks.de","description":"C\u00eehana Pirt\u00fbk\u00ean Kurd\u00ee \u0645\u0643\u062a\u0628\u0629 \u0634\u0627\u0646\u0627 \u0641\u064a \u0627\u0644\u0645\u0627\u0646\u064a\u0627 \u0648\u0623\u0648\u0631\u0628\u0627","publisher":{"@id":"https:\/\/shanabooks.de\/#organization"},"potentialAction":[{"@type":"SearchAction","target":{"@type":"EntryPoint","urlTemplate":"https:\/\/shanabooks.de\/?s={search_term_string}"},"query-input":{"@type":"PropertyValueSpecification","valueRequired":true,"valueName":"search_term_string"}}],"inLanguage":"kur"},{"@type":"Organization","@id":"https:\/\/shanabooks.de\/#organization","name":"www.shanbooks.de","url":"https:\/\/shanabooks.de\/","logo":{"@type":"ImageObject","inLanguage":"kur","@id":"https:\/\/shanabooks.de\/#\/schema\/logo\/image\/","url":"https:\/\/shanabooks.de\/wp-content\/uploads\/2024\/03\/SHANABOOKS__2_-removebg-preview.png","contentUrl":"https:\/\/shanabooks.de\/wp-content\/uploads\/2024\/03\/SHANABOOKS__2_-removebg-preview.png","width":700,"height":150,"caption":"www.shanbooks.de"},"image":{"@id":"https:\/\/shanabooks.de\/#\/schema\/logo\/image\/"}}]}},"jetpack_sharing_enabled":true,"_links":{"self":[{"href":"https:\/\/shanabooks.de\/kur\/wp-json\/wp\/v2\/product\/12343","targetHints":{"allow":["GET"]}}],"collection":[{"href":"https:\/\/shanabooks.de\/kur\/wp-json\/wp\/v2\/product"}],"about":[{"href":"https:\/\/shanabooks.de\/kur\/wp-json\/wp\/v2\/types\/product"}],"version-history":[{"count":3,"href":"https:\/\/shanabooks.de\/kur\/wp-json\/wp\/v2\/product\/12343\/revisions"}],"predecessor-version":[{"id":21400,"href":"https:\/\/shanabooks.de\/kur\/wp-json\/wp\/v2\/product\/12343\/revisions\/21400"}],"wp:featuredmedia":[{"embeddable":true,"href":"https:\/\/shanabooks.de\/kur\/wp-json\/wp\/v2\/media\/12400"}],"wp:attachment":[{"href":"https:\/\/shanabooks.de\/kur\/wp-json\/wp\/v2\/media?parent=12343"}],"wp:term":[{"taxonomy":"product_brand","embeddable":true,"href":"https:\/\/shanabooks.de\/kur\/wp-json\/wp\/v2\/product_brand?post=12343"},{"taxonomy":"product_cat","embeddable":true,"href":"https:\/\/shanabooks.de\/kur\/wp-json\/wp\/v2\/product_cat?post=12343"},{"taxonomy":"product_tag","embeddable":true,"href":"https:\/\/shanabooks.de\/kur\/wp-json\/wp\/v2\/product_tag?post=12343"}],"curies":[{"name":"wp","href":"https:\/\/api.w.org\/{rel}","templated":true}]}}