{"id":12353,"date":"2024-03-03T19:43:13","date_gmt":"2024-03-03T19:43:13","guid":{"rendered":"https:\/\/shanabooks.de\/?post_type=product&#038;p=12353"},"modified":"2024-03-19T22:32:49","modified_gmt":"2024-03-19T22:32:49","slug":"ti-tewre-payiza-siya-irfan-akdag","status":"publish","type":"product","link":"https:\/\/shanabooks.de\/kur\/product\/ti-tewre-payiza-siya-irfan-akdag\/","title":{"rendered":"Ti Tewr\u00ea Pay\u00eeza \u015e\u00eeya"},"content":{"rendered":"<p dir=\"ltr\"><strong>Ti Tewr\u00ea Pay\u00eeza \u015e\u00eeya &#8211; \u00cerfan Akdag<\/strong><\/p>\n<p class=\"p1\" dir=\"ltr\"><span style=\"font-family: Verdana\">\u201cTi Pay\u00eeza \u015e\u00eeya\u201d<span class=\"Apple-converted-space\">\u00a0\u00a0<\/span>yew romano pastoral o. Bi n\u00ea xusus\u00eeyet\u00ea xo zazak\u00ee de romano ver\u00een o. Hedisey\u00ea roman\u00ee cuya ko\u00e7eran ser o y\u00ea. He\u015ft keyey\u00ee omid\u00ea xo erzen\u00ee pa\u015ft\u00eeya xo \u00fb semed\u00ea nan\u00ea xo kuwen\u00ee ray\u00eer. Emr\u00ea \u00eenan koyan\u00ea welat de v\u00eeyarto. Koyan de pes weye ken\u00ee \u00fb ware de xeyman de manen\u00ee. Tay dewij\u00ee z\u00ee n\u00eawazen\u00ee ko\u00e7er\u00ee b\u00ear\u00ee ware \u00fb inan rehet veran\u00eadan\u00ee. Cuya warey\u00ee \u00e7etin a. Ko\u00e7er\u00ee yew heta m\u00eeyan\u00ea zehmet de ewn\u00eeyen\u00ee gurey\u00ea xo ra \u00fb yew heta z\u00ee vera tay dewijan mucadele ken\u00ee.<span class=\"Apple-converted-space\">\u00a0<\/span><\/span><\/p>\n<p class=\"p1\" dir=\"ltr\"><span style=\"font-family: Verdana\">Hediseyo sereke y\u00ea roman\u00ee heskerdi\u015f\u00ea Wisif \u00fb Asme yo. Yew roja amnan\u00ee bin\u00ee qor\u00e7iy\u00ear de yewb\u00een\u00ee v\u00eenen\u00ee. Zerr kuwen\u00ee yewb\u00eenan.<span class=\"Apple-converted-space\">\u00a0\u00a0<\/span>Wisif ko\u00e7er o, Asme \u015faristanan de b\u00eeya p\u00eel. Qeder \u00eenan bin\u00ee qor\u00e7iy\u00ear de ano yewca. \u015eima no roman de xo ware de h\u00ees ken\u00ee \u00fb tewr\u00ea ko\u00e7eran ware de cuyen\u00ee, xeyal, hev\u00ee \u00fb e\u015fq\u00ea Wisif<span class=\"s1\">\u00a0\u00fb Asme wanen\u00ee. Wisif \u00fb Asme seba resayi\u015f\u00ea\u00a0<\/span>yewb\u00eenan\u00ee xeyalan\u00ea xo dima \u015fen\u00ee. <\/span><span style=\"font-family: Verdana\">Mucadeley\u00ea ko\u00e7eran, e\u015fq\u00ea Wisif \u00fb Asme pey yew ziwano zelal \u00fb edeb\u00ee ameyo nu\u015fti\u015f. Roman de tabiat, cografya, namey\u00ea cayan \u00fb \u00eedyom\u00ee zaf rind amey\u00ee \u015fuxulnayi\u015f. Heto b\u00een ra roman de derheq\u00ea kultur\u00ea warey\u00ee de sere ra heta peyn\u00ee heme \u00e7\u00ee esto. Ti Tewr\u00ea Pay\u00eeza \u015e\u00eeya ya \u00cerfan Akdag ji we\u015fan\u00ean Peywend\u00ea ye.<\/span><\/p>\n","protected":false},"excerpt":{"rendered":"<p dir=\"ltr\" style=\"text-align: center\"><strong>Pirt\u00fbk: Ti Tewr\u00ea Pay\u00eeza \u015e\u00eeya<br \/>\nNiv\u00eeskar: \u00cerfan Akdag<\/strong><br \/>\n<strong>Cure: Roman<\/strong><\/p>\n","protected":false},"featured_media":12419,"template":"","meta":{"site-sidebar-layout":"default","site-content-layout":"","ast-site-content-layout":"default","site-content-style":"default","site-sidebar-style":"default","ast-global-header-display":"","ast-banner-title-visibility":"","ast-main-header-display":"","ast-hfb-above-header-display":"","ast-hfb-below-header-display":"","ast-hfb-mobile-header-display":"","site-post-title":"","ast-breadcrumbs-content":"","ast-featured-img":"","footer-sml-layout":"","ast-disable-related-posts":"","theme-transparent-header-meta":"default","adv-header-id-meta":"","stick-header-meta":"","header-above-stick-meta":"","header-main-stick-meta":"","header-below-stick-meta":"","astra-migrate-meta-layouts":"set","ast-page-background-enabled":"default","ast-page-background-meta":{"desktop":{"background-color":"","background-image":"","background-repeat":"repeat","background-position":"center center","background-size":"auto","background-attachment":"scroll","background-type":"","background-media":"","overlay-type":"","overlay-color":"","overlay-opacity":"","overlay-gradient":""},"tablet":{"background-color":"","background-image":"","background-repeat":"repeat","background-position":"center center","background-size":"auto","background-attachment":"scroll","background-type":"","background-media":"","overlay-type":"","overlay-color":"","overlay-opacity":"","overlay-gradient":""},"mobile":{"background-color":"","background-image":"","background-repeat":"repeat","background-position":"center center","background-size":"auto","background-attachment":"scroll","background-type":"","background-media":"","overlay-type":"","overlay-color":"","overlay-opacity":"","overlay-gradient":""}},"ast-content-background-meta":{"desktop":{"background-color":"var(--ast-global-color-5)","background-image":"","background-repeat":"repeat","background-position":"center center","background-size":"auto","background-attachment":"scroll","background-type":"","background-media":"","overlay-type":"","overlay-color":"","overlay-opacity":"","overlay-gradient":""},"tablet":{"background-color":"var(--ast-global-color-5)","background-image":"","background-repeat":"repeat","background-position":"center center","background-size":"auto","background-attachment":"scroll","background-type":"","background-media":"","overlay-type":"","overlay-color":"","overlay-opacity":"","overlay-gradient":""},"mobile":{"background-color":"var(--ast-global-color-5)","background-image":"","background-repeat":"repeat","background-position":"center center","background-size":"auto","background-attachment":"scroll","background-type":"","background-media":"","overlay-type":"","overlay-color":"","overlay-opacity":"","overlay-gradient":""}}},"product_brand":[],"product_cat":[182,193],"product_tag":[],"class_list":{"0":"post-12353","1":"product","2":"type-product","3":"status-publish","4":"has-post-thumbnail","6":"product_cat-_","7":"product_cat--_","8":"pa_-roman","9":"pa_-irfan-akdag","10":"pa_-kirmancki","11":"pa_--peywend-yayinlari","12":"desktop-align-left","13":"tablet-align-left","14":"mobile-align-left","16":"first","17":"instock","18":"shipping-taxable","19":"purchasable","20":"product-type-simple"},"yoast_head":"<!-- This site is optimized with the Yoast SEO plugin v27.4 - https:\/\/yoast.com\/product\/yoast-seo-wordpress\/ -->\n<title>Ti Tewr\u00ea Pay\u00eeza \u015e\u00eeya - \u00cerfan Akdag - www.shanabooks.de<\/title>\n<meta name=\"description\" content=\"Ti Tewr\u00ea Pay\u00eeza \u015e\u00eeya - \u00cerfan Akdag \u201cTi Pay\u00eeza \u015e\u00eeya\u201d\u00a0\u00a0yew romano pastoral o. Bi n\u00ea xusus\u00eeyet\u00ea xo zazak\u00ee de romano ver\u00een o. Hedisey\u00ea roman\u00ee cuya ko\u00e7eran ser...\" \/>\n<meta name=\"robots\" content=\"index, follow, max-snippet:-1, max-image-preview:large, max-video-preview:-1\" \/>\n<link rel=\"canonical\" href=\"https:\/\/shanabooks.de\/product\/ti-tewre-payiza-siya-irfan-akdag\/\" \/>\n<meta property=\"og:locale\" content=\"en_US\" \/>\n<meta property=\"og:type\" content=\"article\" \/>\n<meta property=\"og:title\" content=\"Ti Tewr\u00ea Pay\u00eeza \u015e\u00eeya - \u00cerfan Akdag - www.shanabooks.de\" \/>\n<meta property=\"og:description\" content=\"Ti Tewr\u00ea Pay\u00eeza \u015e\u00eeya - \u00cerfan Akdag \u201cTi Pay\u00eeza \u015e\u00eeya\u201d\u00a0\u00a0yew romano pastoral o. Bi n\u00ea xusus\u00eeyet\u00ea xo zazak\u00ee de romano ver\u00een o. Hedisey\u00ea roman\u00ee cuya ko\u00e7eran ser...\" \/>\n<meta property=\"og:url\" content=\"https:\/\/shanabooks.de\/product\/ti-tewre-payiza-siya-irfan-akdag\/\" \/>\n<meta property=\"og:site_name\" content=\"www.shanabooks.de\" \/>\n<meta property=\"article:modified_time\" content=\"2024-03-19T22:32:49+00:00\" \/>\n<meta property=\"og:image\" content=\"https:\/\/shanabooks.de\/wp-content\/uploads\/2024\/03\/Ti-Tewre-Payiza-Siya.png\" \/>\n\t<meta property=\"og:image:width\" content=\"286\" \/>\n\t<meta property=\"og:image:height\" content=\"480\" \/>\n\t<meta property=\"og:image:type\" content=\"image\/png\" \/>\n<meta name=\"twitter:card\" content=\"summary_large_image\" \/>\n<meta name=\"twitter:label1\" content=\"Est. reading time\" \/>\n\t<meta name=\"twitter:data1\" content=\"2 minutes\" \/>\n<script type=\"application\/ld+json\" class=\"yoast-schema-graph\">{\"@context\":\"https:\\\/\\\/schema.org\",\"@graph\":[{\"@type\":\"WebPage\",\"@id\":\"https:\\\/\\\/shanabooks.de\\\/product\\\/ti-tewre-payiza-siya-irfan-akdag\\\/\",\"url\":\"https:\\\/\\\/shanabooks.de\\\/product\\\/ti-tewre-payiza-siya-irfan-akdag\\\/\",\"name\":\"Ti Tewr\u00ea Pay\u00eeza \u015e\u00eeya - \u00cerfan Akdag - www.shanabooks.de\",\"isPartOf\":{\"@id\":\"https:\\\/\\\/shanabooks.de\\\/#website\"},\"primaryImageOfPage\":{\"@id\":\"https:\\\/\\\/shanabooks.de\\\/product\\\/ti-tewre-payiza-siya-irfan-akdag\\\/#primaryimage\"},\"image\":{\"@id\":\"https:\\\/\\\/shanabooks.de\\\/product\\\/ti-tewre-payiza-siya-irfan-akdag\\\/#primaryimage\"},\"thumbnailUrl\":\"https:\\\/\\\/shanabooks.de\\\/wp-content\\\/uploads\\\/2024\\\/03\\\/Ti-Tewre-Payiza-Siya.png\",\"datePublished\":\"2024-03-03T19:43:13+00:00\",\"dateModified\":\"2024-03-19T22:32:49+00:00\",\"description\":\"Ti Tewr\u00ea Pay\u00eeza \u015e\u00eeya - \u00cerfan Akdag \u201cTi Pay\u00eeza \u015e\u00eeya\u201d\u00a0\u00a0yew romano pastoral o. Bi n\u00ea xusus\u00eeyet\u00ea xo zazak\u00ee de romano ver\u00een o. Hedisey\u00ea roman\u00ee cuya ko\u00e7eran ser...\",\"breadcrumb\":{\"@id\":\"https:\\\/\\\/shanabooks.de\\\/product\\\/ti-tewre-payiza-siya-irfan-akdag\\\/#breadcrumb\"},\"inLanguage\":\"kur\",\"potentialAction\":[{\"@type\":\"ReadAction\",\"target\":[\"https:\\\/\\\/shanabooks.de\\\/product\\\/ti-tewre-payiza-siya-irfan-akdag\\\/\"]}]},{\"@type\":\"ImageObject\",\"inLanguage\":\"kur\",\"@id\":\"https:\\\/\\\/shanabooks.de\\\/product\\\/ti-tewre-payiza-siya-irfan-akdag\\\/#primaryimage\",\"url\":\"https:\\\/\\\/shanabooks.de\\\/wp-content\\\/uploads\\\/2024\\\/03\\\/Ti-Tewre-Payiza-Siya.png\",\"contentUrl\":\"https:\\\/\\\/shanabooks.de\\\/wp-content\\\/uploads\\\/2024\\\/03\\\/Ti-Tewre-Payiza-Siya.png\",\"width\":286,\"height\":480,\"caption\":\"Ti Tewr\u00ea Pay\u00eeza \u015e\u00eeya - \u00cerfan Akdag - pirt\u00fbk\u00ean kurd\u00ee\"},{\"@type\":\"BreadcrumbList\",\"@id\":\"https:\\\/\\\/shanabooks.de\\\/product\\\/ti-tewre-payiza-siya-irfan-akdag\\\/#breadcrumb\",\"itemListElement\":[{\"@type\":\"ListItem\",\"position\":1,\"name\":\"\u0627\u0644\u0631\u0626\u064a\u0633\u064a\u0629\",\"item\":\"https:\\\/\\\/shanabooks.de\\\/kur\\\/\"},{\"@type\":\"ListItem\",\"position\":2,\"name\":\"\u0627\u0644\u0645\u0646\u062a\u062c\u0627\u062a\",\"item\":\"https:\\\/\\\/shanabooks.de\\\/shop\\\/\"},{\"@type\":\"ListItem\",\"position\":3,\"name\":\"Ti Tewr\u00ea Pay\u00eeza \u015e\u00eeya\"}]},{\"@type\":\"WebSite\",\"@id\":\"https:\\\/\\\/shanabooks.de\\\/#website\",\"url\":\"https:\\\/\\\/shanabooks.de\\\/\",\"name\":\"www.shanbooks.de\",\"description\":\"C\u00eehana Pirt\u00fbk\u00ean Kurd\u00ee \u0645\u0643\u062a\u0628\u0629 \u0634\u0627\u0646\u0627 \u0641\u064a \u0627\u0644\u0645\u0627\u0646\u064a\u0627 \u0648\u0623\u0648\u0631\u0628\u0627\",\"publisher\":{\"@id\":\"https:\\\/\\\/shanabooks.de\\\/#organization\"},\"potentialAction\":[{\"@type\":\"SearchAction\",\"target\":{\"@type\":\"EntryPoint\",\"urlTemplate\":\"https:\\\/\\\/shanabooks.de\\\/?s={search_term_string}\"},\"query-input\":{\"@type\":\"PropertyValueSpecification\",\"valueRequired\":true,\"valueName\":\"search_term_string\"}}],\"inLanguage\":\"kur\"},{\"@type\":\"Organization\",\"@id\":\"https:\\\/\\\/shanabooks.de\\\/#organization\",\"name\":\"www.shanbooks.de\",\"url\":\"https:\\\/\\\/shanabooks.de\\\/\",\"logo\":{\"@type\":\"ImageObject\",\"inLanguage\":\"kur\",\"@id\":\"https:\\\/\\\/shanabooks.de\\\/#\\\/schema\\\/logo\\\/image\\\/\",\"url\":\"https:\\\/\\\/shanabooks.de\\\/wp-content\\\/uploads\\\/2024\\\/03\\\/SHANABOOKS__2_-removebg-preview.png\",\"contentUrl\":\"https:\\\/\\\/shanabooks.de\\\/wp-content\\\/uploads\\\/2024\\\/03\\\/SHANABOOKS__2_-removebg-preview.png\",\"width\":700,\"height\":150,\"caption\":\"www.shanbooks.de\"},\"image\":{\"@id\":\"https:\\\/\\\/shanabooks.de\\\/#\\\/schema\\\/logo\\\/image\\\/\"}}]}<\/script>\n<!-- \/ Yoast SEO plugin. -->","yoast_head_json":{"title":"Ti Tewr\u00ea Pay\u00eeza \u015e\u00eeya - \u00cerfan Akdag - www.shanabooks.de","description":"Ti Tewr\u00ea Pay\u00eeza \u015e\u00eeya - \u00cerfan Akdag \u201cTi Pay\u00eeza \u015e\u00eeya\u201d\u00a0\u00a0yew romano pastoral o. Bi n\u00ea xusus\u00eeyet\u00ea xo zazak\u00ee de romano ver\u00een o. Hedisey\u00ea roman\u00ee cuya ko\u00e7eran ser...","robots":{"index":"index","follow":"follow","max-snippet":"max-snippet:-1","max-image-preview":"max-image-preview:large","max-video-preview":"max-video-preview:-1"},"canonical":"https:\/\/shanabooks.de\/product\/ti-tewre-payiza-siya-irfan-akdag\/","og_locale":"en_US","og_type":"article","og_title":"Ti Tewr\u00ea Pay\u00eeza \u015e\u00eeya - \u00cerfan Akdag - www.shanabooks.de","og_description":"Ti Tewr\u00ea Pay\u00eeza \u015e\u00eeya - \u00cerfan Akdag \u201cTi Pay\u00eeza \u015e\u00eeya\u201d\u00a0\u00a0yew romano pastoral o. Bi n\u00ea xusus\u00eeyet\u00ea xo zazak\u00ee de romano ver\u00een o. Hedisey\u00ea roman\u00ee cuya ko\u00e7eran ser...","og_url":"https:\/\/shanabooks.de\/product\/ti-tewre-payiza-siya-irfan-akdag\/","og_site_name":"www.shanabooks.de","article_modified_time":"2024-03-19T22:32:49+00:00","og_image":[{"width":286,"height":480,"url":"https:\/\/shanabooks.de\/wp-content\/uploads\/2024\/03\/Ti-Tewre-Payiza-Siya.png","type":"image\/png"}],"twitter_card":"summary_large_image","twitter_misc":{"Est. reading time":"2 minutes"},"schema":{"@context":"https:\/\/schema.org","@graph":[{"@type":"WebPage","@id":"https:\/\/shanabooks.de\/product\/ti-tewre-payiza-siya-irfan-akdag\/","url":"https:\/\/shanabooks.de\/product\/ti-tewre-payiza-siya-irfan-akdag\/","name":"Ti Tewr\u00ea Pay\u00eeza \u015e\u00eeya - \u00cerfan Akdag - www.shanabooks.de","isPartOf":{"@id":"https:\/\/shanabooks.de\/#website"},"primaryImageOfPage":{"@id":"https:\/\/shanabooks.de\/product\/ti-tewre-payiza-siya-irfan-akdag\/#primaryimage"},"image":{"@id":"https:\/\/shanabooks.de\/product\/ti-tewre-payiza-siya-irfan-akdag\/#primaryimage"},"thumbnailUrl":"https:\/\/shanabooks.de\/wp-content\/uploads\/2024\/03\/Ti-Tewre-Payiza-Siya.png","datePublished":"2024-03-03T19:43:13+00:00","dateModified":"2024-03-19T22:32:49+00:00","description":"Ti Tewr\u00ea Pay\u00eeza \u015e\u00eeya - \u00cerfan Akdag \u201cTi Pay\u00eeza \u015e\u00eeya\u201d\u00a0\u00a0yew romano pastoral o. Bi n\u00ea xusus\u00eeyet\u00ea xo zazak\u00ee de romano ver\u00een o. Hedisey\u00ea roman\u00ee cuya ko\u00e7eran ser...","breadcrumb":{"@id":"https:\/\/shanabooks.de\/product\/ti-tewre-payiza-siya-irfan-akdag\/#breadcrumb"},"inLanguage":"kur","potentialAction":[{"@type":"ReadAction","target":["https:\/\/shanabooks.de\/product\/ti-tewre-payiza-siya-irfan-akdag\/"]}]},{"@type":"ImageObject","inLanguage":"kur","@id":"https:\/\/shanabooks.de\/product\/ti-tewre-payiza-siya-irfan-akdag\/#primaryimage","url":"https:\/\/shanabooks.de\/wp-content\/uploads\/2024\/03\/Ti-Tewre-Payiza-Siya.png","contentUrl":"https:\/\/shanabooks.de\/wp-content\/uploads\/2024\/03\/Ti-Tewre-Payiza-Siya.png","width":286,"height":480,"caption":"Ti Tewr\u00ea Pay\u00eeza \u015e\u00eeya - \u00cerfan Akdag - pirt\u00fbk\u00ean kurd\u00ee"},{"@type":"BreadcrumbList","@id":"https:\/\/shanabooks.de\/product\/ti-tewre-payiza-siya-irfan-akdag\/#breadcrumb","itemListElement":[{"@type":"ListItem","position":1,"name":"\u0627\u0644\u0631\u0626\u064a\u0633\u064a\u0629","item":"https:\/\/shanabooks.de\/kur\/"},{"@type":"ListItem","position":2,"name":"\u0627\u0644\u0645\u0646\u062a\u062c\u0627\u062a","item":"https:\/\/shanabooks.de\/shop\/"},{"@type":"ListItem","position":3,"name":"Ti Tewr\u00ea Pay\u00eeza \u015e\u00eeya"}]},{"@type":"WebSite","@id":"https:\/\/shanabooks.de\/#website","url":"https:\/\/shanabooks.de\/","name":"www.shanbooks.de","description":"C\u00eehana Pirt\u00fbk\u00ean Kurd\u00ee \u0645\u0643\u062a\u0628\u0629 \u0634\u0627\u0646\u0627 \u0641\u064a \u0627\u0644\u0645\u0627\u0646\u064a\u0627 \u0648\u0623\u0648\u0631\u0628\u0627","publisher":{"@id":"https:\/\/shanabooks.de\/#organization"},"potentialAction":[{"@type":"SearchAction","target":{"@type":"EntryPoint","urlTemplate":"https:\/\/shanabooks.de\/?s={search_term_string}"},"query-input":{"@type":"PropertyValueSpecification","valueRequired":true,"valueName":"search_term_string"}}],"inLanguage":"kur"},{"@type":"Organization","@id":"https:\/\/shanabooks.de\/#organization","name":"www.shanbooks.de","url":"https:\/\/shanabooks.de\/","logo":{"@type":"ImageObject","inLanguage":"kur","@id":"https:\/\/shanabooks.de\/#\/schema\/logo\/image\/","url":"https:\/\/shanabooks.de\/wp-content\/uploads\/2024\/03\/SHANABOOKS__2_-removebg-preview.png","contentUrl":"https:\/\/shanabooks.de\/wp-content\/uploads\/2024\/03\/SHANABOOKS__2_-removebg-preview.png","width":700,"height":150,"caption":"www.shanbooks.de"},"image":{"@id":"https:\/\/shanabooks.de\/#\/schema\/logo\/image\/"}}]}},"jetpack_sharing_enabled":true,"_links":{"self":[{"href":"https:\/\/shanabooks.de\/kur\/wp-json\/wp\/v2\/product\/12353","targetHints":{"allow":["GET"]}}],"collection":[{"href":"https:\/\/shanabooks.de\/kur\/wp-json\/wp\/v2\/product"}],"about":[{"href":"https:\/\/shanabooks.de\/kur\/wp-json\/wp\/v2\/types\/product"}],"version-history":[{"count":3,"href":"https:\/\/shanabooks.de\/kur\/wp-json\/wp\/v2\/product\/12353\/revisions"}],"predecessor-version":[{"id":20921,"href":"https:\/\/shanabooks.de\/kur\/wp-json\/wp\/v2\/product\/12353\/revisions\/20921"}],"wp:featuredmedia":[{"embeddable":true,"href":"https:\/\/shanabooks.de\/kur\/wp-json\/wp\/v2\/media\/12419"}],"wp:attachment":[{"href":"https:\/\/shanabooks.de\/kur\/wp-json\/wp\/v2\/media?parent=12353"}],"wp:term":[{"taxonomy":"product_brand","embeddable":true,"href":"https:\/\/shanabooks.de\/kur\/wp-json\/wp\/v2\/product_brand?post=12353"},{"taxonomy":"product_cat","embeddable":true,"href":"https:\/\/shanabooks.de\/kur\/wp-json\/wp\/v2\/product_cat?post=12353"},{"taxonomy":"product_tag","embeddable":true,"href":"https:\/\/shanabooks.de\/kur\/wp-json\/wp\/v2\/product_tag?post=12353"}],"curies":[{"name":"wp","href":"https:\/\/api.w.org\/{rel}","templated":true}]}}