{"id":12354,"date":"2024-03-03T19:43:13","date_gmt":"2024-03-03T19:43:13","guid":{"rendered":"https:\/\/shanabooks.de\/?post_type=product&#038;p=12354"},"modified":"2026-01-01T20:10:42","modified_gmt":"2026-01-01T20:10:42","slug":"ape-min-cemsid-xan-ku-hertim-be-ew-li-ber-xwe-dibir-bextiyar-eli","status":"publish","type":"product","link":"https:\/\/shanabooks.de\/kur\/product\/ape-min-cemsid-xan-ku-hertim-be-ew-li-ber-xwe-dibir-bextiyar-eli\/","title":{"rendered":"Ap\u00ea min Cem\u015f\u00eed Xan ku hertim b\u00ea ew li ber xwe dibir"},"content":{"rendered":"<p dir=\"ltr\" style=\"text-align: left\"><strong>Ap\u00ea min Cem\u015f\u00eed Xan ku hertim b\u00ea ew li ber xwe dibir &#8211; Bextiyar El\u00ee<\/strong><\/p>\n<p style=\"text-align: left\">Romana Ap\u00ea min Cem\u015f\u00eed Xan ku hertim b\u00ea ew li ber xwe dibir ya Bextiyar El\u00ee ji soran\u00ee bo kurmanc\u00ee: Besam Mistefa. Ez Cem\u015f\u00eed xan kur\u00ea Hisam xan kur\u00ea Zulfeqar xan kur\u00ea Em\u00een xan im, ku koka min vedigere ser m\u00eer \u00fb \u015fah\u00ean Zend, di filan roj \u00fb meh\u00ea de, min ji ezmanan ev ti\u015ft\u00ean li j\u00ear d\u00eetin\u2026\u201d Cem\u015f\u00eed xan\u00ea tev\u00ee ku komun\u00eestek e j\u00ee hez dike xwe bi van peyvan bide naskirin, di sala 1979an de ji aliy\u00ea be\u2018siyan ve hatiye hepskirin. \u015eert\u00ean xirab \u00ea zindan\u00ean Be\u2018s\u00ea b\u00eahn\u00ea l\u00ea di\u00e7ik\u00eenin, ewqas lawaz \u00fb ze\u00eef b\u00fbye dema ku ji hepsek\u00ea ber bi ya din ve dibin, ber b\u00ea dikeve \u00fb di\u00e7e. Pi\u015ft\u00ee firariyeke kurt dixwaze ji ef\u00fby\u00ea ist\u00eefade bike. \u015eer\u00ea Iraq \u00fb \u00ceran\u00ea germ b\u00fbye. Doktor \u00fb istixbarata art\u00ea\u015f\u00ea dixwaze v\u00ea qab\u00eeliyeta w\u00ee di \u015fer de bi kar b\u00eenin.\u00a0\u00a0L\u00ea her fir\u00een ketineke w\u00ea j\u00ee heye&#8230; Cem\u015f\u00eed xan pi\u015ft\u00ee ku ji ezm\u00ean dikeve xwar\u00ea, ji xeyn\u00ee ziman\u00ea xwe y\u00ea kurd\u00ee, her ti\u015ft\u00ee ji b\u00eer dike. Her carek\u00ea bi munasebetek\u00ea di ser welatek\u00ee re difire, bi v\u00ee away\u00ee li hem\u00fb dinyay\u00ea digere, nas dike, l\u00ea daw\u00ee d\u00eesa li welat\u00ea xwe, Kurdistan\u00ea vedigere. Bextiyar El\u00ee, bi \u201cCem\u015f\u00eed xan\u00ee mamim ke hem\u00ee\u015fe ba legel xoyda deybird\u201d ne ten\u00ea rexneyeke tund li 30 sal\u00ea daw\u00ee y\u00ea civaka kurd \u00fb Kurdistan\u00ea digre, karakterek\u00ee ku \u00ea pir li ser b\u00ea axaftin, diyariy\u00ee edebiyata kurd\u00ee dike.<\/p>\n","protected":false},"excerpt":{"rendered":"<p dir=\"ltr\" style=\"text-align: center\"><strong>Pirt\u00fbk: Ap\u00ea min Cem\u015f\u00eed Xan ku hertim b\u00ea ew li ber xwe dibir<\/strong><br \/>\n<strong>Niv\u00eeskar: Bextiyar El\u00ee<\/strong><br \/>\n<strong>Cure: Roman\u00a0<\/strong><\/p>\n","protected":false},"featured_media":5105,"template":"","meta":{"site-sidebar-layout":"default","site-content-layout":"","ast-site-content-layout":"default","site-content-style":"default","site-sidebar-style":"default","ast-global-header-display":"","ast-banner-title-visibility":"","ast-main-header-display":"","ast-hfb-above-header-display":"","ast-hfb-below-header-display":"","ast-hfb-mobile-header-display":"","site-post-title":"","ast-breadcrumbs-content":"","ast-featured-img":"","footer-sml-layout":"","ast-disable-related-posts":"","theme-transparent-header-meta":"default","adv-header-id-meta":"","stick-header-meta":"","header-above-stick-meta":"","header-main-stick-meta":"","header-below-stick-meta":"","astra-migrate-meta-layouts":"set","ast-page-background-enabled":"default","ast-page-background-meta":{"desktop":{"background-color":"","background-image":"","background-repeat":"repeat","background-position":"center center","background-size":"auto","background-attachment":"scroll","background-type":"","background-media":"","overlay-type":"","overlay-color":"","overlay-opacity":"","overlay-gradient":""},"tablet":{"background-color":"","background-image":"","background-repeat":"repeat","background-position":"center center","background-size":"auto","background-attachment":"scroll","background-type":"","background-media":"","overlay-type":"","overlay-color":"","overlay-opacity":"","overlay-gradient":""},"mobile":{"background-color":"","background-image":"","background-repeat":"repeat","background-position":"center center","background-size":"auto","background-attachment":"scroll","background-type":"","background-media":"","overlay-type":"","overlay-color":"","overlay-opacity":"","overlay-gradient":""}},"ast-content-background-meta":{"desktop":{"background-color":"var(--ast-global-color-5)","background-image":"","background-repeat":"repeat","background-position":"center center","background-size":"auto","background-attachment":"scroll","background-type":"","background-media":"","overlay-type":"","overlay-color":"","overlay-opacity":"","overlay-gradient":""},"tablet":{"background-color":"var(--ast-global-color-5)","background-image":"","background-repeat":"repeat","background-position":"center center","background-size":"auto","background-attachment":"scroll","background-type":"","background-media":"","overlay-type":"","overlay-color":"","overlay-opacity":"","overlay-gradient":""},"mobile":{"background-color":"var(--ast-global-color-5)","background-image":"","background-repeat":"repeat","background-position":"center center","background-size":"auto","background-attachment":"scroll","background-type":"","background-media":"","overlay-type":"","overlay-color":"","overlay-opacity":"","overlay-gradient":""}}},"product_brand":[],"product_cat":[182,193],"product_tag":[],"class_list":{"0":"post-12354","1":"product","2":"type-product","3":"status-publish","4":"has-post-thumbnail","6":"product_cat-_","7":"product_cat--_","8":"pa_-roman","9":"pa_-bextiyar-eli","10":"pa_-kurmanci","11":"pa_--avesta-yayinlari","12":"desktop-align-left","13":"tablet-align-left","14":"mobile-align-left","16":"first","17":"instock","18":"shipping-taxable","19":"purchasable","20":"product-type-simple"},"yoast_head":"<!-- This site is optimized with the Yoast SEO plugin v27.5 - https:\/\/yoast.com\/product\/yoast-seo-wordpress\/ -->\n<title>Ap\u00ea min Cem\u015f\u00eed Xan ku hertim b\u00ea ew li ber xwe dibir - Bextiyar El\u00ee - www.shanabooks.de<\/title>\n<meta name=\"description\" content=\"Ap\u00ea min Cem\u015f\u00eed Xan ku hertim b\u00ea ew li ber xwe dibir - Bextiyar El\u00ee Ji soran\u00ee bo kurmanc\u00ee: Besam Mistefa Ez Cem\u015f\u00eed xan kur\u00ea Hisam xan kur\u00ea Zulfeqar xan...\" \/>\n<meta name=\"robots\" content=\"index, follow, max-snippet:-1, max-image-preview:large, max-video-preview:-1\" \/>\n<link rel=\"canonical\" href=\"https:\/\/shanabooks.de\/product\/ape-min-cemsid-xan-ku-hertim-be-ew-li-ber-xwe-dibir-bextiyar-eli\/\" \/>\n<meta property=\"og:locale\" content=\"en_US\" \/>\n<meta property=\"og:type\" content=\"article\" \/>\n<meta property=\"og:title\" content=\"Ap\u00ea min Cem\u015f\u00eed Xan ku hertim b\u00ea ew li ber xwe dibir - Bextiyar El\u00ee - www.shanabooks.de\" \/>\n<meta property=\"og:description\" content=\"Ap\u00ea min Cem\u015f\u00eed Xan ku hertim b\u00ea ew li ber xwe dibir - Bextiyar El\u00ee Ji soran\u00ee bo kurmanc\u00ee: Besam Mistefa Ez Cem\u015f\u00eed xan kur\u00ea Hisam xan kur\u00ea Zulfeqar xan...\" \/>\n<meta property=\"og:url\" content=\"https:\/\/shanabooks.de\/product\/ape-min-cemsid-xan-ku-hertim-be-ew-li-ber-xwe-dibir-bextiyar-eli\/\" \/>\n<meta property=\"og:site_name\" content=\"www.shanabooks.de\" \/>\n<meta property=\"article:modified_time\" content=\"2026-01-01T20:10:42+00:00\" \/>\n<meta property=\"og:image\" content=\"https:\/\/shanabooks.de\/wp-content\/uploads\/2024\/01\/ape-min-Cemsid-xan.jpg\" \/>\n\t<meta property=\"og:image:width\" content=\"590\" \/>\n\t<meta property=\"og:image:height\" content=\"900\" \/>\n\t<meta property=\"og:image:type\" content=\"image\/jpeg\" \/>\n<meta name=\"twitter:card\" content=\"summary_large_image\" \/>\n<meta name=\"twitter:label1\" content=\"Est. reading time\" \/>\n\t<meta name=\"twitter:data1\" content=\"2 minutes\" \/>\n<script type=\"application\/ld+json\" class=\"yoast-schema-graph\">{\"@context\":\"https:\\\/\\\/schema.org\",\"@graph\":[{\"@type\":\"WebPage\",\"@id\":\"https:\\\/\\\/shanabooks.de\\\/product\\\/ape-min-cemsid-xan-ku-hertim-be-ew-li-ber-xwe-dibir-bextiyar-eli\\\/\",\"url\":\"https:\\\/\\\/shanabooks.de\\\/product\\\/ape-min-cemsid-xan-ku-hertim-be-ew-li-ber-xwe-dibir-bextiyar-eli\\\/\",\"name\":\"Ap\u00ea min Cem\u015f\u00eed Xan ku hertim b\u00ea ew li ber xwe dibir - Bextiyar El\u00ee - www.shanabooks.de\",\"isPartOf\":{\"@id\":\"https:\\\/\\\/shanabooks.de\\\/#website\"},\"primaryImageOfPage\":{\"@id\":\"https:\\\/\\\/shanabooks.de\\\/product\\\/ape-min-cemsid-xan-ku-hertim-be-ew-li-ber-xwe-dibir-bextiyar-eli\\\/#primaryimage\"},\"image\":{\"@id\":\"https:\\\/\\\/shanabooks.de\\\/product\\\/ape-min-cemsid-xan-ku-hertim-be-ew-li-ber-xwe-dibir-bextiyar-eli\\\/#primaryimage\"},\"thumbnailUrl\":\"https:\\\/\\\/shanabooks.de\\\/wp-content\\\/uploads\\\/2024\\\/01\\\/ape-min-Cemsid-xan.jpg\",\"datePublished\":\"2024-03-03T19:43:13+00:00\",\"dateModified\":\"2026-01-01T20:10:42+00:00\",\"description\":\"Ap\u00ea min Cem\u015f\u00eed Xan ku hertim b\u00ea ew li ber xwe dibir - Bextiyar El\u00ee Ji soran\u00ee bo kurmanc\u00ee: Besam Mistefa Ez Cem\u015f\u00eed xan kur\u00ea Hisam xan kur\u00ea Zulfeqar xan...\",\"breadcrumb\":{\"@id\":\"https:\\\/\\\/shanabooks.de\\\/product\\\/ape-min-cemsid-xan-ku-hertim-be-ew-li-ber-xwe-dibir-bextiyar-eli\\\/#breadcrumb\"},\"inLanguage\":\"kur\",\"potentialAction\":[{\"@type\":\"ReadAction\",\"target\":[\"https:\\\/\\\/shanabooks.de\\\/product\\\/ape-min-cemsid-xan-ku-hertim-be-ew-li-ber-xwe-dibir-bextiyar-eli\\\/\"]}]},{\"@type\":\"ImageObject\",\"inLanguage\":\"kur\",\"@id\":\"https:\\\/\\\/shanabooks.de\\\/product\\\/ape-min-cemsid-xan-ku-hertim-be-ew-li-ber-xwe-dibir-bextiyar-eli\\\/#primaryimage\",\"url\":\"https:\\\/\\\/shanabooks.de\\\/wp-content\\\/uploads\\\/2024\\\/01\\\/ape-min-Cemsid-xan.jpg\",\"contentUrl\":\"https:\\\/\\\/shanabooks.de\\\/wp-content\\\/uploads\\\/2024\\\/01\\\/ape-min-Cemsid-xan.jpg\",\"width\":590,\"height\":900,\"caption\":\"Ap\u00ea min Cem\u015f\u00eed Xan ku hertim b\u00ea ew li ber xwe dibir - Bextiyar El\u00ee - pirt\u00fbk\u00ean kurd\u00ee\"},{\"@type\":\"BreadcrumbList\",\"@id\":\"https:\\\/\\\/shanabooks.de\\\/product\\\/ape-min-cemsid-xan-ku-hertim-be-ew-li-ber-xwe-dibir-bextiyar-eli\\\/#breadcrumb\",\"itemListElement\":[{\"@type\":\"ListItem\",\"position\":1,\"name\":\"\u0627\u0644\u0631\u0626\u064a\u0633\u064a\u0629\",\"item\":\"https:\\\/\\\/shanabooks.de\\\/kur\\\/\"},{\"@type\":\"ListItem\",\"position\":2,\"name\":\"\u0627\u0644\u0645\u0646\u062a\u062c\u0627\u062a\",\"item\":\"https:\\\/\\\/shanabooks.de\\\/shop\\\/\"},{\"@type\":\"ListItem\",\"position\":3,\"name\":\"Ap\u00ea min Cem\u015f\u00eed Xan ku hertim b\u00ea ew li ber xwe dibir\"}]},{\"@type\":\"WebSite\",\"@id\":\"https:\\\/\\\/shanabooks.de\\\/#website\",\"url\":\"https:\\\/\\\/shanabooks.de\\\/\",\"name\":\"www.shanbooks.de\",\"description\":\"C\u00eehana Pirt\u00fbk\u00ean Kurd\u00ee \u0645\u0643\u062a\u0628\u0629 \u0634\u0627\u0646\u0627 \u0641\u064a \u0627\u0644\u0645\u0627\u0646\u064a\u0627 \u0648\u0623\u0648\u0631\u0628\u0627\",\"publisher\":{\"@id\":\"https:\\\/\\\/shanabooks.de\\\/#organization\"},\"potentialAction\":[{\"@type\":\"SearchAction\",\"target\":{\"@type\":\"EntryPoint\",\"urlTemplate\":\"https:\\\/\\\/shanabooks.de\\\/?s={search_term_string}\"},\"query-input\":{\"@type\":\"PropertyValueSpecification\",\"valueRequired\":true,\"valueName\":\"search_term_string\"}}],\"inLanguage\":\"kur\"},{\"@type\":\"Organization\",\"@id\":\"https:\\\/\\\/shanabooks.de\\\/#organization\",\"name\":\"www.shanbooks.de\",\"url\":\"https:\\\/\\\/shanabooks.de\\\/\",\"logo\":{\"@type\":\"ImageObject\",\"inLanguage\":\"kur\",\"@id\":\"https:\\\/\\\/shanabooks.de\\\/#\\\/schema\\\/logo\\\/image\\\/\",\"url\":\"https:\\\/\\\/shanabooks.de\\\/wp-content\\\/uploads\\\/2024\\\/03\\\/SHANABOOKS__2_-removebg-preview.png\",\"contentUrl\":\"https:\\\/\\\/shanabooks.de\\\/wp-content\\\/uploads\\\/2024\\\/03\\\/SHANABOOKS__2_-removebg-preview.png\",\"width\":700,\"height\":150,\"caption\":\"www.shanbooks.de\"},\"image\":{\"@id\":\"https:\\\/\\\/shanabooks.de\\\/#\\\/schema\\\/logo\\\/image\\\/\"}}]}<\/script>\n<!-- \/ Yoast SEO plugin. -->","yoast_head_json":{"title":"Ap\u00ea min Cem\u015f\u00eed Xan ku hertim b\u00ea ew li ber xwe dibir - Bextiyar El\u00ee - www.shanabooks.de","description":"Ap\u00ea min Cem\u015f\u00eed Xan ku hertim b\u00ea ew li ber xwe dibir - Bextiyar El\u00ee Ji soran\u00ee bo kurmanc\u00ee: Besam Mistefa Ez Cem\u015f\u00eed xan kur\u00ea Hisam xan kur\u00ea Zulfeqar xan...","robots":{"index":"index","follow":"follow","max-snippet":"max-snippet:-1","max-image-preview":"max-image-preview:large","max-video-preview":"max-video-preview:-1"},"canonical":"https:\/\/shanabooks.de\/product\/ape-min-cemsid-xan-ku-hertim-be-ew-li-ber-xwe-dibir-bextiyar-eli\/","og_locale":"en_US","og_type":"article","og_title":"Ap\u00ea min Cem\u015f\u00eed Xan ku hertim b\u00ea ew li ber xwe dibir - Bextiyar El\u00ee - www.shanabooks.de","og_description":"Ap\u00ea min Cem\u015f\u00eed Xan ku hertim b\u00ea ew li ber xwe dibir - Bextiyar El\u00ee Ji soran\u00ee bo kurmanc\u00ee: Besam Mistefa Ez Cem\u015f\u00eed xan kur\u00ea Hisam xan kur\u00ea Zulfeqar xan...","og_url":"https:\/\/shanabooks.de\/product\/ape-min-cemsid-xan-ku-hertim-be-ew-li-ber-xwe-dibir-bextiyar-eli\/","og_site_name":"www.shanabooks.de","article_modified_time":"2026-01-01T20:10:42+00:00","og_image":[{"width":590,"height":900,"url":"https:\/\/shanabooks.de\/wp-content\/uploads\/2024\/01\/ape-min-Cemsid-xan.jpg","type":"image\/jpeg"}],"twitter_card":"summary_large_image","twitter_misc":{"Est. reading time":"2 minutes"},"schema":{"@context":"https:\/\/schema.org","@graph":[{"@type":"WebPage","@id":"https:\/\/shanabooks.de\/product\/ape-min-cemsid-xan-ku-hertim-be-ew-li-ber-xwe-dibir-bextiyar-eli\/","url":"https:\/\/shanabooks.de\/product\/ape-min-cemsid-xan-ku-hertim-be-ew-li-ber-xwe-dibir-bextiyar-eli\/","name":"Ap\u00ea min Cem\u015f\u00eed Xan ku hertim b\u00ea ew li ber xwe dibir - Bextiyar El\u00ee - www.shanabooks.de","isPartOf":{"@id":"https:\/\/shanabooks.de\/#website"},"primaryImageOfPage":{"@id":"https:\/\/shanabooks.de\/product\/ape-min-cemsid-xan-ku-hertim-be-ew-li-ber-xwe-dibir-bextiyar-eli\/#primaryimage"},"image":{"@id":"https:\/\/shanabooks.de\/product\/ape-min-cemsid-xan-ku-hertim-be-ew-li-ber-xwe-dibir-bextiyar-eli\/#primaryimage"},"thumbnailUrl":"https:\/\/shanabooks.de\/wp-content\/uploads\/2024\/01\/ape-min-Cemsid-xan.jpg","datePublished":"2024-03-03T19:43:13+00:00","dateModified":"2026-01-01T20:10:42+00:00","description":"Ap\u00ea min Cem\u015f\u00eed Xan ku hertim b\u00ea ew li ber xwe dibir - Bextiyar El\u00ee Ji soran\u00ee bo kurmanc\u00ee: Besam Mistefa Ez Cem\u015f\u00eed xan kur\u00ea Hisam xan kur\u00ea Zulfeqar xan...","breadcrumb":{"@id":"https:\/\/shanabooks.de\/product\/ape-min-cemsid-xan-ku-hertim-be-ew-li-ber-xwe-dibir-bextiyar-eli\/#breadcrumb"},"inLanguage":"kur","potentialAction":[{"@type":"ReadAction","target":["https:\/\/shanabooks.de\/product\/ape-min-cemsid-xan-ku-hertim-be-ew-li-ber-xwe-dibir-bextiyar-eli\/"]}]},{"@type":"ImageObject","inLanguage":"kur","@id":"https:\/\/shanabooks.de\/product\/ape-min-cemsid-xan-ku-hertim-be-ew-li-ber-xwe-dibir-bextiyar-eli\/#primaryimage","url":"https:\/\/shanabooks.de\/wp-content\/uploads\/2024\/01\/ape-min-Cemsid-xan.jpg","contentUrl":"https:\/\/shanabooks.de\/wp-content\/uploads\/2024\/01\/ape-min-Cemsid-xan.jpg","width":590,"height":900,"caption":"Ap\u00ea min Cem\u015f\u00eed Xan ku hertim b\u00ea ew li ber xwe dibir - Bextiyar El\u00ee - pirt\u00fbk\u00ean kurd\u00ee"},{"@type":"BreadcrumbList","@id":"https:\/\/shanabooks.de\/product\/ape-min-cemsid-xan-ku-hertim-be-ew-li-ber-xwe-dibir-bextiyar-eli\/#breadcrumb","itemListElement":[{"@type":"ListItem","position":1,"name":"\u0627\u0644\u0631\u0626\u064a\u0633\u064a\u0629","item":"https:\/\/shanabooks.de\/kur\/"},{"@type":"ListItem","position":2,"name":"\u0627\u0644\u0645\u0646\u062a\u062c\u0627\u062a","item":"https:\/\/shanabooks.de\/shop\/"},{"@type":"ListItem","position":3,"name":"Ap\u00ea min Cem\u015f\u00eed Xan ku hertim b\u00ea ew li ber xwe dibir"}]},{"@type":"WebSite","@id":"https:\/\/shanabooks.de\/#website","url":"https:\/\/shanabooks.de\/","name":"www.shanbooks.de","description":"C\u00eehana Pirt\u00fbk\u00ean Kurd\u00ee \u0645\u0643\u062a\u0628\u0629 \u0634\u0627\u0646\u0627 \u0641\u064a \u0627\u0644\u0645\u0627\u0646\u064a\u0627 \u0648\u0623\u0648\u0631\u0628\u0627","publisher":{"@id":"https:\/\/shanabooks.de\/#organization"},"potentialAction":[{"@type":"SearchAction","target":{"@type":"EntryPoint","urlTemplate":"https:\/\/shanabooks.de\/?s={search_term_string}"},"query-input":{"@type":"PropertyValueSpecification","valueRequired":true,"valueName":"search_term_string"}}],"inLanguage":"kur"},{"@type":"Organization","@id":"https:\/\/shanabooks.de\/#organization","name":"www.shanbooks.de","url":"https:\/\/shanabooks.de\/","logo":{"@type":"ImageObject","inLanguage":"kur","@id":"https:\/\/shanabooks.de\/#\/schema\/logo\/image\/","url":"https:\/\/shanabooks.de\/wp-content\/uploads\/2024\/03\/SHANABOOKS__2_-removebg-preview.png","contentUrl":"https:\/\/shanabooks.de\/wp-content\/uploads\/2024\/03\/SHANABOOKS__2_-removebg-preview.png","width":700,"height":150,"caption":"www.shanbooks.de"},"image":{"@id":"https:\/\/shanabooks.de\/#\/schema\/logo\/image\/"}}]}},"jetpack_sharing_enabled":true,"_links":{"self":[{"href":"https:\/\/shanabooks.de\/kur\/wp-json\/wp\/v2\/product\/12354","targetHints":{"allow":["GET"]}}],"collection":[{"href":"https:\/\/shanabooks.de\/kur\/wp-json\/wp\/v2\/product"}],"about":[{"href":"https:\/\/shanabooks.de\/kur\/wp-json\/wp\/v2\/types\/product"}],"version-history":[{"count":3,"href":"https:\/\/shanabooks.de\/kur\/wp-json\/wp\/v2\/product\/12354\/revisions"}],"predecessor-version":[{"id":20911,"href":"https:\/\/shanabooks.de\/kur\/wp-json\/wp\/v2\/product\/12354\/revisions\/20911"}],"wp:featuredmedia":[{"embeddable":true,"href":"https:\/\/shanabooks.de\/kur\/wp-json\/wp\/v2\/media\/5105"}],"wp:attachment":[{"href":"https:\/\/shanabooks.de\/kur\/wp-json\/wp\/v2\/media?parent=12354"}],"wp:term":[{"taxonomy":"product_brand","embeddable":true,"href":"https:\/\/shanabooks.de\/kur\/wp-json\/wp\/v2\/product_brand?post=12354"},{"taxonomy":"product_cat","embeddable":true,"href":"https:\/\/shanabooks.de\/kur\/wp-json\/wp\/v2\/product_cat?post=12354"},{"taxonomy":"product_tag","embeddable":true,"href":"https:\/\/shanabooks.de\/kur\/wp-json\/wp\/v2\/product_tag?post=12354"}],"curies":[{"name":"wp","href":"https:\/\/api.w.org\/{rel}","templated":true}]}}