{"id":12384,"date":"2024-03-03T19:43:35","date_gmt":"2024-03-03T19:43:35","guid":{"rendered":"https:\/\/shanabooks.de\/?post_type=product&#038;p=12384"},"modified":"2026-01-02T18:54:04","modified_gmt":"2026-01-02T18:54:04","slug":"rev-sileman-feqiyani","status":"publish","type":"product","link":"https:\/\/shanabooks.de\/kur\/product\/rev-sileman-feqiyani\/","title":{"rendered":"Rev"},"content":{"rendered":"<p dir=\"ltr\"><strong>Rev &#8211; Sil\u00eaman Feqiyan\u00ee<\/strong><\/p>\n<p dir=\"ltr\">Rev, ji ber zext \u00fb gef\u00ean dewlet\u00ea xwe xilaskirina ciwanek\u00ea kurd e. Serleh\u00eang\u00ea v\u00ea roman\u00ea R\u00eanas, ji bo ewleh\u00eeya can\u00ea xwe \u00fb malbata xwe mecb\u00fbr dibe ku ji malbata xwe d\u00fbr j\u00eeyana berdewam bike. Gund\u00ea ku di\u00e7\u00ea li ser s\u00eenor e \u00fb ji k\u00ealb\u00ean dewlet\u00ea d\u00fbr e. Li w\u00ee gund\u00ee, li ba malbateke x\u00earxwaz bicih dibe \u00fb bi nanozik dixebete. Demek\u00ea \u015f\u00fbn da li gel tirsa dewlet\u00ea, ev\u00eendar\u00ee j\u00ee li ser\u00ee dibe bela. Temen\u00ea w\u00ee y\u00ea bi\u00e7\u00fbk li hember tirsa dewlet\u00ea \u00fb ev\u00een\u00ea p\u00eav\u00e7\u00fbn\u00ea bi xwe re t\u00eene. Di encam\u00ea de ew j\u00ee wek\u00ee her ciwanek\u00ea v\u00ea erdnigar\u00eey\u00ea, nagehije miraza xwe \u00fb dibe qurban\u00ea qedera xwe. L\u00ea j\u00eeyana ku li pey xwe hi\u015ft\u00ee ji m\u00earxwas\u00eey\u00ea, durist\u00eey\u00ea, berxwedan\u00ea \u00fb kurdewar\u00eey\u00ea b\u00eapar nah\u00eale\u2026<\/p>\n","protected":false},"excerpt":{"rendered":"<p dir=\"ltr\" style=\"text-align: center\"><strong>Niv\u00eeskar: Sil\u00eaman Feqiyan\u00ee<\/strong><br \/>\n<strong>Pirt\u00fbk: Rev<\/strong><br \/>\n<strong>Cure: Roman<\/strong><\/p>\n","protected":false},"featured_media":12424,"template":"","meta":{"site-sidebar-layout":"default","site-content-layout":"","ast-site-content-layout":"default","site-content-style":"default","site-sidebar-style":"default","ast-global-header-display":"","ast-banner-title-visibility":"","ast-main-header-display":"","ast-hfb-above-header-display":"","ast-hfb-below-header-display":"","ast-hfb-mobile-header-display":"","site-post-title":"","ast-breadcrumbs-content":"","ast-featured-img":"","footer-sml-layout":"","ast-disable-related-posts":"","theme-transparent-header-meta":"default","adv-header-id-meta":"","stick-header-meta":"","header-above-stick-meta":"","header-main-stick-meta":"","header-below-stick-meta":"","astra-migrate-meta-layouts":"set","ast-page-background-enabled":"default","ast-page-background-meta":{"desktop":{"background-color":"","background-image":"","background-repeat":"repeat","background-position":"center center","background-size":"auto","background-attachment":"scroll","background-type":"","background-media":"","overlay-type":"","overlay-color":"","overlay-opacity":"","overlay-gradient":""},"tablet":{"background-color":"","background-image":"","background-repeat":"repeat","background-position":"center center","background-size":"auto","background-attachment":"scroll","background-type":"","background-media":"","overlay-type":"","overlay-color":"","overlay-opacity":"","overlay-gradient":""},"mobile":{"background-color":"","background-image":"","background-repeat":"repeat","background-position":"center center","background-size":"auto","background-attachment":"scroll","background-type":"","background-media":"","overlay-type":"","overlay-color":"","overlay-opacity":"","overlay-gradient":""}},"ast-content-background-meta":{"desktop":{"background-color":"var(--ast-global-color-5)","background-image":"","background-repeat":"repeat","background-position":"center center","background-size":"auto","background-attachment":"scroll","background-type":"","background-media":"","overlay-type":"","overlay-color":"","overlay-opacity":"","overlay-gradient":""},"tablet":{"background-color":"var(--ast-global-color-5)","background-image":"","background-repeat":"repeat","background-position":"center center","background-size":"auto","background-attachment":"scroll","background-type":"","background-media":"","overlay-type":"","overlay-color":"","overlay-opacity":"","overlay-gradient":""},"mobile":{"background-color":"var(--ast-global-color-5)","background-image":"","background-repeat":"repeat","background-position":"center center","background-size":"auto","background-attachment":"scroll","background-type":"","background-media":"","overlay-type":"","overlay-color":"","overlay-opacity":"","overlay-gradient":""}}},"product_brand":[],"product_cat":[182,193],"product_tag":[],"class_list":{"0":"post-12384","1":"product","2":"type-product","3":"status-publish","4":"has-post-thumbnail","6":"product_cat-_","7":"product_cat--_","8":"pa_-roman","9":"pa_-sileman-feqiyani","10":"pa_-kurmanci","11":"pa_--sitav-yayinevi","12":"desktop-align-left","13":"tablet-align-left","14":"mobile-align-left","16":"first","17":"instock","18":"shipping-taxable","19":"purchasable","20":"product-type-simple"},"yoast_head":"<!-- This site is optimized with the Yoast SEO plugin v27.4 - https:\/\/yoast.com\/product\/yoast-seo-wordpress\/ -->\n<title>Rev - Sil\u00eaman Feqiyan\u00ee - www.shanabooks.de<\/title>\n<meta name=\"description\" content=\"Rev - Sil\u00eaman Feqiyan\u00ee Rev, ji ber zext \u00fb gef\u00ean dewlet\u00ea xwe xilaskirina ciwanek\u00ea kurd e. Serleh\u00eang\u00ea v\u00ea roman\u00ea R\u00eanas, ji bo ewleh\u00eeya can\u00ea xwe \u00fb malbata...\" \/>\n<meta name=\"robots\" content=\"index, follow, max-snippet:-1, max-image-preview:large, max-video-preview:-1\" \/>\n<link rel=\"canonical\" href=\"https:\/\/shanabooks.de\/product\/rev-sileman-feqiyani\/\" \/>\n<meta property=\"og:locale\" content=\"en_US\" \/>\n<meta property=\"og:type\" content=\"article\" \/>\n<meta property=\"og:title\" content=\"Rev - Sil\u00eaman Feqiyan\u00ee - www.shanabooks.de\" \/>\n<meta property=\"og:description\" content=\"Rev - Sil\u00eaman Feqiyan\u00ee Rev, ji ber zext \u00fb gef\u00ean dewlet\u00ea xwe xilaskirina ciwanek\u00ea kurd e. Serleh\u00eang\u00ea v\u00ea roman\u00ea R\u00eanas, ji bo ewleh\u00eeya can\u00ea xwe \u00fb malbata...\" \/>\n<meta property=\"og:url\" content=\"https:\/\/shanabooks.de\/product\/rev-sileman-feqiyani\/\" \/>\n<meta property=\"og:site_name\" content=\"www.shanabooks.de\" \/>\n<meta property=\"article:modified_time\" content=\"2026-01-02T18:54:04+00:00\" \/>\n<meta property=\"og:image\" content=\"https:\/\/shanabooks.de\/wp-content\/uploads\/2024\/03\/Rev.png\" \/>\n\t<meta property=\"og:image:width\" content=\"265\" \/>\n\t<meta property=\"og:image:height\" content=\"473\" \/>\n\t<meta property=\"og:image:type\" content=\"image\/png\" \/>\n<meta name=\"twitter:card\" content=\"summary_large_image\" \/>\n<meta name=\"twitter:label1\" content=\"Est. reading time\" \/>\n\t<meta name=\"twitter:data1\" content=\"2 minutes\" \/>\n<script type=\"application\/ld+json\" class=\"yoast-schema-graph\">{\"@context\":\"https:\\\/\\\/schema.org\",\"@graph\":[{\"@type\":\"WebPage\",\"@id\":\"https:\\\/\\\/shanabooks.de\\\/product\\\/rev-sileman-feqiyani\\\/\",\"url\":\"https:\\\/\\\/shanabooks.de\\\/product\\\/rev-sileman-feqiyani\\\/\",\"name\":\"Rev - Sil\u00eaman Feqiyan\u00ee - www.shanabooks.de\",\"isPartOf\":{\"@id\":\"https:\\\/\\\/shanabooks.de\\\/#website\"},\"primaryImageOfPage\":{\"@id\":\"https:\\\/\\\/shanabooks.de\\\/product\\\/rev-sileman-feqiyani\\\/#primaryimage\"},\"image\":{\"@id\":\"https:\\\/\\\/shanabooks.de\\\/product\\\/rev-sileman-feqiyani\\\/#primaryimage\"},\"thumbnailUrl\":\"https:\\\/\\\/shanabooks.de\\\/wp-content\\\/uploads\\\/2024\\\/03\\\/Rev.png\",\"datePublished\":\"2024-03-03T19:43:35+00:00\",\"dateModified\":\"2026-01-02T18:54:04+00:00\",\"description\":\"Rev - Sil\u00eaman Feqiyan\u00ee Rev, ji ber zext \u00fb gef\u00ean dewlet\u00ea xwe xilaskirina ciwanek\u00ea kurd e. Serleh\u00eang\u00ea v\u00ea roman\u00ea R\u00eanas, ji bo ewleh\u00eeya can\u00ea xwe \u00fb malbata...\",\"breadcrumb\":{\"@id\":\"https:\\\/\\\/shanabooks.de\\\/product\\\/rev-sileman-feqiyani\\\/#breadcrumb\"},\"inLanguage\":\"kur\",\"potentialAction\":[{\"@type\":\"ReadAction\",\"target\":[\"https:\\\/\\\/shanabooks.de\\\/product\\\/rev-sileman-feqiyani\\\/\"]}]},{\"@type\":\"ImageObject\",\"inLanguage\":\"kur\",\"@id\":\"https:\\\/\\\/shanabooks.de\\\/product\\\/rev-sileman-feqiyani\\\/#primaryimage\",\"url\":\"https:\\\/\\\/shanabooks.de\\\/wp-content\\\/uploads\\\/2024\\\/03\\\/Rev.png\",\"contentUrl\":\"https:\\\/\\\/shanabooks.de\\\/wp-content\\\/uploads\\\/2024\\\/03\\\/Rev.png\",\"width\":265,\"height\":473,\"caption\":\"Rev - Sil\u00eaman Feqiyan\u00ee - pirt\u00fbk\u00ean kurd\u00ee\"},{\"@type\":\"BreadcrumbList\",\"@id\":\"https:\\\/\\\/shanabooks.de\\\/product\\\/rev-sileman-feqiyani\\\/#breadcrumb\",\"itemListElement\":[{\"@type\":\"ListItem\",\"position\":1,\"name\":\"\u0627\u0644\u0631\u0626\u064a\u0633\u064a\u0629\",\"item\":\"https:\\\/\\\/shanabooks.de\\\/kur\\\/\"},{\"@type\":\"ListItem\",\"position\":2,\"name\":\"\u0627\u0644\u0645\u0646\u062a\u062c\u0627\u062a\",\"item\":\"https:\\\/\\\/shanabooks.de\\\/shop\\\/\"},{\"@type\":\"ListItem\",\"position\":3,\"name\":\"Rev\"}]},{\"@type\":\"WebSite\",\"@id\":\"https:\\\/\\\/shanabooks.de\\\/#website\",\"url\":\"https:\\\/\\\/shanabooks.de\\\/\",\"name\":\"www.shanbooks.de\",\"description\":\"C\u00eehana Pirt\u00fbk\u00ean Kurd\u00ee \u0645\u0643\u062a\u0628\u0629 \u0634\u0627\u0646\u0627 \u0641\u064a \u0627\u0644\u0645\u0627\u0646\u064a\u0627 \u0648\u0623\u0648\u0631\u0628\u0627\",\"publisher\":{\"@id\":\"https:\\\/\\\/shanabooks.de\\\/#organization\"},\"potentialAction\":[{\"@type\":\"SearchAction\",\"target\":{\"@type\":\"EntryPoint\",\"urlTemplate\":\"https:\\\/\\\/shanabooks.de\\\/?s={search_term_string}\"},\"query-input\":{\"@type\":\"PropertyValueSpecification\",\"valueRequired\":true,\"valueName\":\"search_term_string\"}}],\"inLanguage\":\"kur\"},{\"@type\":\"Organization\",\"@id\":\"https:\\\/\\\/shanabooks.de\\\/#organization\",\"name\":\"www.shanbooks.de\",\"url\":\"https:\\\/\\\/shanabooks.de\\\/\",\"logo\":{\"@type\":\"ImageObject\",\"inLanguage\":\"kur\",\"@id\":\"https:\\\/\\\/shanabooks.de\\\/#\\\/schema\\\/logo\\\/image\\\/\",\"url\":\"https:\\\/\\\/shanabooks.de\\\/wp-content\\\/uploads\\\/2024\\\/03\\\/SHANABOOKS__2_-removebg-preview.png\",\"contentUrl\":\"https:\\\/\\\/shanabooks.de\\\/wp-content\\\/uploads\\\/2024\\\/03\\\/SHANABOOKS__2_-removebg-preview.png\",\"width\":700,\"height\":150,\"caption\":\"www.shanbooks.de\"},\"image\":{\"@id\":\"https:\\\/\\\/shanabooks.de\\\/#\\\/schema\\\/logo\\\/image\\\/\"}}]}<\/script>\n<!-- \/ Yoast SEO plugin. -->","yoast_head_json":{"title":"Rev - Sil\u00eaman Feqiyan\u00ee - www.shanabooks.de","description":"Rev - Sil\u00eaman Feqiyan\u00ee Rev, ji ber zext \u00fb gef\u00ean dewlet\u00ea xwe xilaskirina ciwanek\u00ea kurd e. Serleh\u00eang\u00ea v\u00ea roman\u00ea R\u00eanas, ji bo ewleh\u00eeya can\u00ea xwe \u00fb malbata...","robots":{"index":"index","follow":"follow","max-snippet":"max-snippet:-1","max-image-preview":"max-image-preview:large","max-video-preview":"max-video-preview:-1"},"canonical":"https:\/\/shanabooks.de\/product\/rev-sileman-feqiyani\/","og_locale":"en_US","og_type":"article","og_title":"Rev - Sil\u00eaman Feqiyan\u00ee - www.shanabooks.de","og_description":"Rev - Sil\u00eaman Feqiyan\u00ee Rev, ji ber zext \u00fb gef\u00ean dewlet\u00ea xwe xilaskirina ciwanek\u00ea kurd e. Serleh\u00eang\u00ea v\u00ea roman\u00ea R\u00eanas, ji bo ewleh\u00eeya can\u00ea xwe \u00fb malbata...","og_url":"https:\/\/shanabooks.de\/product\/rev-sileman-feqiyani\/","og_site_name":"www.shanabooks.de","article_modified_time":"2026-01-02T18:54:04+00:00","og_image":[{"width":265,"height":473,"url":"https:\/\/shanabooks.de\/wp-content\/uploads\/2024\/03\/Rev.png","type":"image\/png"}],"twitter_card":"summary_large_image","twitter_misc":{"Est. reading time":"2 minutes"},"schema":{"@context":"https:\/\/schema.org","@graph":[{"@type":"WebPage","@id":"https:\/\/shanabooks.de\/product\/rev-sileman-feqiyani\/","url":"https:\/\/shanabooks.de\/product\/rev-sileman-feqiyani\/","name":"Rev - Sil\u00eaman Feqiyan\u00ee - www.shanabooks.de","isPartOf":{"@id":"https:\/\/shanabooks.de\/#website"},"primaryImageOfPage":{"@id":"https:\/\/shanabooks.de\/product\/rev-sileman-feqiyani\/#primaryimage"},"image":{"@id":"https:\/\/shanabooks.de\/product\/rev-sileman-feqiyani\/#primaryimage"},"thumbnailUrl":"https:\/\/shanabooks.de\/wp-content\/uploads\/2024\/03\/Rev.png","datePublished":"2024-03-03T19:43:35+00:00","dateModified":"2026-01-02T18:54:04+00:00","description":"Rev - Sil\u00eaman Feqiyan\u00ee Rev, ji ber zext \u00fb gef\u00ean dewlet\u00ea xwe xilaskirina ciwanek\u00ea kurd e. Serleh\u00eang\u00ea v\u00ea roman\u00ea R\u00eanas, ji bo ewleh\u00eeya can\u00ea xwe \u00fb malbata...","breadcrumb":{"@id":"https:\/\/shanabooks.de\/product\/rev-sileman-feqiyani\/#breadcrumb"},"inLanguage":"kur","potentialAction":[{"@type":"ReadAction","target":["https:\/\/shanabooks.de\/product\/rev-sileman-feqiyani\/"]}]},{"@type":"ImageObject","inLanguage":"kur","@id":"https:\/\/shanabooks.de\/product\/rev-sileman-feqiyani\/#primaryimage","url":"https:\/\/shanabooks.de\/wp-content\/uploads\/2024\/03\/Rev.png","contentUrl":"https:\/\/shanabooks.de\/wp-content\/uploads\/2024\/03\/Rev.png","width":265,"height":473,"caption":"Rev - Sil\u00eaman Feqiyan\u00ee - pirt\u00fbk\u00ean kurd\u00ee"},{"@type":"BreadcrumbList","@id":"https:\/\/shanabooks.de\/product\/rev-sileman-feqiyani\/#breadcrumb","itemListElement":[{"@type":"ListItem","position":1,"name":"\u0627\u0644\u0631\u0626\u064a\u0633\u064a\u0629","item":"https:\/\/shanabooks.de\/kur\/"},{"@type":"ListItem","position":2,"name":"\u0627\u0644\u0645\u0646\u062a\u062c\u0627\u062a","item":"https:\/\/shanabooks.de\/shop\/"},{"@type":"ListItem","position":3,"name":"Rev"}]},{"@type":"WebSite","@id":"https:\/\/shanabooks.de\/#website","url":"https:\/\/shanabooks.de\/","name":"www.shanbooks.de","description":"C\u00eehana Pirt\u00fbk\u00ean Kurd\u00ee \u0645\u0643\u062a\u0628\u0629 \u0634\u0627\u0646\u0627 \u0641\u064a \u0627\u0644\u0645\u0627\u0646\u064a\u0627 \u0648\u0623\u0648\u0631\u0628\u0627","publisher":{"@id":"https:\/\/shanabooks.de\/#organization"},"potentialAction":[{"@type":"SearchAction","target":{"@type":"EntryPoint","urlTemplate":"https:\/\/shanabooks.de\/?s={search_term_string}"},"query-input":{"@type":"PropertyValueSpecification","valueRequired":true,"valueName":"search_term_string"}}],"inLanguage":"kur"},{"@type":"Organization","@id":"https:\/\/shanabooks.de\/#organization","name":"www.shanbooks.de","url":"https:\/\/shanabooks.de\/","logo":{"@type":"ImageObject","inLanguage":"kur","@id":"https:\/\/shanabooks.de\/#\/schema\/logo\/image\/","url":"https:\/\/shanabooks.de\/wp-content\/uploads\/2024\/03\/SHANABOOKS__2_-removebg-preview.png","contentUrl":"https:\/\/shanabooks.de\/wp-content\/uploads\/2024\/03\/SHANABOOKS__2_-removebg-preview.png","width":700,"height":150,"caption":"www.shanbooks.de"},"image":{"@id":"https:\/\/shanabooks.de\/#\/schema\/logo\/image\/"}}]}},"jetpack_sharing_enabled":true,"_links":{"self":[{"href":"https:\/\/shanabooks.de\/kur\/wp-json\/wp\/v2\/product\/12384","targetHints":{"allow":["GET"]}}],"collection":[{"href":"https:\/\/shanabooks.de\/kur\/wp-json\/wp\/v2\/product"}],"about":[{"href":"https:\/\/shanabooks.de\/kur\/wp-json\/wp\/v2\/types\/product"}],"version-history":[{"count":2,"href":"https:\/\/shanabooks.de\/kur\/wp-json\/wp\/v2\/product\/12384\/revisions"}],"predecessor-version":[{"id":20835,"href":"https:\/\/shanabooks.de\/kur\/wp-json\/wp\/v2\/product\/12384\/revisions\/20835"}],"wp:featuredmedia":[{"embeddable":true,"href":"https:\/\/shanabooks.de\/kur\/wp-json\/wp\/v2\/media\/12424"}],"wp:attachment":[{"href":"https:\/\/shanabooks.de\/kur\/wp-json\/wp\/v2\/media?parent=12384"}],"wp:term":[{"taxonomy":"product_brand","embeddable":true,"href":"https:\/\/shanabooks.de\/kur\/wp-json\/wp\/v2\/product_brand?post=12384"},{"taxonomy":"product_cat","embeddable":true,"href":"https:\/\/shanabooks.de\/kur\/wp-json\/wp\/v2\/product_cat?post=12384"},{"taxonomy":"product_tag","embeddable":true,"href":"https:\/\/shanabooks.de\/kur\/wp-json\/wp\/v2\/product_tag?post=12384"}],"curies":[{"name":"wp","href":"https:\/\/api.w.org\/{rel}","templated":true}]}}