{"id":12396,"date":"2024-03-03T19:43:36","date_gmt":"2024-03-03T19:43:36","guid":{"rendered":"https:\/\/shanabooks.de\/?post_type=product&#038;p=12396"},"modified":"2026-01-02T18:48:37","modified_gmt":"2026-01-02T18:48:37","slug":"rewiye-demen-windayi-ramazan-kavak","status":"publish","type":"product","link":"https:\/\/shanabooks.de\/kur\/product\/rewiye-demen-windayi-ramazan-kavak\/","title":{"rendered":"R\u00eaw\u00eey\u00ea Dem\u00ean Winday\u00ee"},"content":{"rendered":"<p dir=\"ltr\"><strong>R\u00eaw\u00eey\u00ea Dem\u00ean Winday\u00ee &#8211; Ramazan Kavak<\/strong><\/p>\n<p dir=\"ltr\" style=\"font-weight: 400\">Romana ku leheng\u00ea w\u00ea di nava windab\u00fby\u00eeneke psikoloj\u00eek de li rab\u00fbrdiya xwe vedigere,xwendevanan j\u00ee bi xwe re dibe berxwedana e\u015f\u00eer\u00ean Hev\u00earkan, \u00c7iyay\u00ea Tor\u00ea \u00fb ko\u00e7b\u00fbna Seroke\u015f\u00eer Haco Axa.Leheng gava biran\u00een\u00ean xwe d\u00eesa ji n\u00fb ve dij\u00ee encama tifaq\u00ea \u00fb b\u00eatifaq\u00eey\u00ea n\u00ee\u015fan\u00ee me dide.Wext\u00ea h\u00fbn v\u00ea roman\u00ea bixw\u00eenin w\u00ea \u015eiyar we j\u00ee bi xwe re bibe dewr \u00fb dewran\u00ean ber\u00ea y\u00ean e\u015f\u00eertiy\u00ea.Di v\u00ea roman\u00ea de \u00e7iya,\u00e7ek,ev\u00een,xiyanet,doz \u00fb windab\u00fbn bi zimanek\u00ee herikbar hatiye honandin&#8230;<\/p>\n<p dir=\"ltr\" style=\"font-weight: 400\">Ji Roman\u00ea<\/p>\n<p dir=\"ltr\" style=\"font-weight: 400\">\u00cad\u00ee deng\u00ea dahola \u015fer ji n\u00eaz ve dihat. Ji ber v\u00ea sedem\u00ea Qesra Haco Axa, bi qelebalixeke d\u00eerok\u00ee tije b\u00fb. B\u00eest \u00fb \u00e7ar e\u015f\u00eer\u00ean Hev\u00earkan civ\u00een li ser civ\u00een\u00ea li dar dixistin. Siltan\u00ea Hev\u00earkan, hem ji bo heyfa p\u00ea\u015f\u00eey\u00ean xwe hil\u00eene \u00fb hem j\u00ee bo agir\u00ea berxwedan\u00ea ge\u015f bike, qasid li d\u00fbv qasid di\u015fandine \u00e7ar al\u00eey\u00ean wel\u00eat, l\u00ea qasid\u00ea w\u00ee yeko yeko destevala vediger\u00eeyan. \u00c7epera \u015fer her ku di\u00e7\u00fb n\u00eaz\u00ee s\u00eenor\u00ean Tor\u00ea dib\u00fb, \u00fb v\u00ea yek\u00ea tirs \u00fb fikar\u00ean Haco Axa z\u00eade dikirin.<\/p>\n<p dir=\"ltr\">R\u00eaw\u00eey\u00ea Dem\u00ean Winday\u00ee ya Ramazan Kavak ji we\u015fan\u00ean Nay\u00ea ye.<\/p>\n","protected":false},"excerpt":{"rendered":"<p dir=\"ltr\" style=\"text-align: center\"><strong>Pirt\u00fbk: R\u00eaw\u00eey\u00ea Dem\u00ean Winday\u00ee<br \/>\nNiv\u00eeskar: Ramazan Kavak<\/strong><br \/>\n<strong>Cure: Roman\u00a0<\/strong><\/p>\n","protected":false},"featured_media":5152,"template":"","meta":{"site-sidebar-layout":"default","site-content-layout":"","ast-site-content-layout":"default","site-content-style":"default","site-sidebar-style":"default","ast-global-header-display":"","ast-banner-title-visibility":"","ast-main-header-display":"","ast-hfb-above-header-display":"","ast-hfb-below-header-display":"","ast-hfb-mobile-header-display":"","site-post-title":"","ast-breadcrumbs-content":"","ast-featured-img":"","footer-sml-layout":"","ast-disable-related-posts":"","theme-transparent-header-meta":"default","adv-header-id-meta":"","stick-header-meta":"","header-above-stick-meta":"","header-main-stick-meta":"","header-below-stick-meta":"","astra-migrate-meta-layouts":"set","ast-page-background-enabled":"default","ast-page-background-meta":{"desktop":{"background-color":"","background-image":"","background-repeat":"repeat","background-position":"center center","background-size":"auto","background-attachment":"scroll","background-type":"","background-media":"","overlay-type":"","overlay-color":"","overlay-opacity":"","overlay-gradient":""},"tablet":{"background-color":"","background-image":"","background-repeat":"repeat","background-position":"center center","background-size":"auto","background-attachment":"scroll","background-type":"","background-media":"","overlay-type":"","overlay-color":"","overlay-opacity":"","overlay-gradient":""},"mobile":{"background-color":"","background-image":"","background-repeat":"repeat","background-position":"center center","background-size":"auto","background-attachment":"scroll","background-type":"","background-media":"","overlay-type":"","overlay-color":"","overlay-opacity":"","overlay-gradient":""}},"ast-content-background-meta":{"desktop":{"background-color":"var(--ast-global-color-5)","background-image":"","background-repeat":"repeat","background-position":"center center","background-size":"auto","background-attachment":"scroll","background-type":"","background-media":"","overlay-type":"","overlay-color":"","overlay-opacity":"","overlay-gradient":""},"tablet":{"background-color":"var(--ast-global-color-5)","background-image":"","background-repeat":"repeat","background-position":"center center","background-size":"auto","background-attachment":"scroll","background-type":"","background-media":"","overlay-type":"","overlay-color":"","overlay-opacity":"","overlay-gradient":""},"mobile":{"background-color":"var(--ast-global-color-5)","background-image":"","background-repeat":"repeat","background-position":"center center","background-size":"auto","background-attachment":"scroll","background-type":"","background-media":"","overlay-type":"","overlay-color":"","overlay-opacity":"","overlay-gradient":""}}},"product_brand":[],"product_cat":[182,193],"product_tag":[],"class_list":{"0":"post-12396","1":"product","2":"type-product","3":"status-publish","4":"has-post-thumbnail","6":"product_cat-_","7":"product_cat--_","8":"pa_-roman","9":"pa_-ramazan-kavak","10":"pa_-kurmanci","11":"pa_--wesanen-na","12":"desktop-align-left","13":"tablet-align-left","14":"mobile-align-left","16":"first","17":"instock","18":"shipping-taxable","19":"purchasable","20":"product-type-simple"},"yoast_head":"<!-- This site is optimized with the Yoast SEO plugin v27.4 - https:\/\/yoast.com\/product\/yoast-seo-wordpress\/ -->\n<title>R\u00eaw\u00eey\u00ea Dem\u00ean Winday\u00ee - Ramazan Kavak - www.shanabooks.de<\/title>\n<meta name=\"description\" content=\"R\u00eaw\u00eey\u00ea Dem\u00ean Winday\u00ee - Ramazan Kavak Romana ku leheng\u00ea w\u00ea di nava windab\u00fby\u00eeneke psikoloj\u00eek de li rab\u00fbrdiya xwe vedigere,xwendevanan j\u00ee bi xwe re dibe ber...\" \/>\n<meta name=\"robots\" content=\"index, follow, max-snippet:-1, max-image-preview:large, max-video-preview:-1\" \/>\n<link rel=\"canonical\" href=\"https:\/\/shanabooks.de\/product\/rewiye-demen-windayi-ramazan-kavak\/\" \/>\n<meta property=\"og:locale\" content=\"en_US\" \/>\n<meta property=\"og:type\" content=\"article\" \/>\n<meta property=\"og:title\" content=\"R\u00eaw\u00eey\u00ea Dem\u00ean Winday\u00ee - Ramazan Kavak - www.shanabooks.de\" \/>\n<meta property=\"og:description\" content=\"R\u00eaw\u00eey\u00ea Dem\u00ean Winday\u00ee - Ramazan Kavak Romana ku leheng\u00ea w\u00ea di nava windab\u00fby\u00eeneke psikoloj\u00eek de li rab\u00fbrdiya xwe vedigere,xwendevanan j\u00ee bi xwe re dibe ber...\" \/>\n<meta property=\"og:url\" content=\"https:\/\/shanabooks.de\/product\/rewiye-demen-windayi-ramazan-kavak\/\" \/>\n<meta property=\"og:site_name\" content=\"www.shanabooks.de\" \/>\n<meta property=\"article:modified_time\" content=\"2026-01-02T18:48:37+00:00\" \/>\n<meta property=\"og:image\" content=\"https:\/\/shanabooks.de\/wp-content\/uploads\/2024\/01\/Rewiye-demen-windayi.png\" \/>\n\t<meta property=\"og:image:width\" content=\"302\" \/>\n\t<meta property=\"og:image:height\" content=\"473\" \/>\n\t<meta property=\"og:image:type\" content=\"image\/png\" \/>\n<meta name=\"twitter:card\" content=\"summary_large_image\" \/>\n<meta name=\"twitter:label1\" content=\"Est. reading time\" \/>\n\t<meta name=\"twitter:data1\" content=\"2 minutes\" \/>\n<script type=\"application\/ld+json\" class=\"yoast-schema-graph\">{\"@context\":\"https:\\\/\\\/schema.org\",\"@graph\":[{\"@type\":\"WebPage\",\"@id\":\"https:\\\/\\\/shanabooks.de\\\/product\\\/rewiye-demen-windayi-ramazan-kavak\\\/\",\"url\":\"https:\\\/\\\/shanabooks.de\\\/product\\\/rewiye-demen-windayi-ramazan-kavak\\\/\",\"name\":\"R\u00eaw\u00eey\u00ea Dem\u00ean Winday\u00ee - Ramazan Kavak - www.shanabooks.de\",\"isPartOf\":{\"@id\":\"https:\\\/\\\/shanabooks.de\\\/#website\"},\"primaryImageOfPage\":{\"@id\":\"https:\\\/\\\/shanabooks.de\\\/product\\\/rewiye-demen-windayi-ramazan-kavak\\\/#primaryimage\"},\"image\":{\"@id\":\"https:\\\/\\\/shanabooks.de\\\/product\\\/rewiye-demen-windayi-ramazan-kavak\\\/#primaryimage\"},\"thumbnailUrl\":\"https:\\\/\\\/shanabooks.de\\\/wp-content\\\/uploads\\\/2024\\\/01\\\/Rewiye-demen-windayi.png\",\"datePublished\":\"2024-03-03T19:43:36+00:00\",\"dateModified\":\"2026-01-02T18:48:37+00:00\",\"description\":\"R\u00eaw\u00eey\u00ea Dem\u00ean Winday\u00ee - Ramazan Kavak Romana ku leheng\u00ea w\u00ea di nava windab\u00fby\u00eeneke psikoloj\u00eek de li rab\u00fbrdiya xwe vedigere,xwendevanan j\u00ee bi xwe re dibe ber...\",\"breadcrumb\":{\"@id\":\"https:\\\/\\\/shanabooks.de\\\/product\\\/rewiye-demen-windayi-ramazan-kavak\\\/#breadcrumb\"},\"inLanguage\":\"kur\",\"potentialAction\":[{\"@type\":\"ReadAction\",\"target\":[\"https:\\\/\\\/shanabooks.de\\\/product\\\/rewiye-demen-windayi-ramazan-kavak\\\/\"]}]},{\"@type\":\"ImageObject\",\"inLanguage\":\"kur\",\"@id\":\"https:\\\/\\\/shanabooks.de\\\/product\\\/rewiye-demen-windayi-ramazan-kavak\\\/#primaryimage\",\"url\":\"https:\\\/\\\/shanabooks.de\\\/wp-content\\\/uploads\\\/2024\\\/01\\\/Rewiye-demen-windayi.png\",\"contentUrl\":\"https:\\\/\\\/shanabooks.de\\\/wp-content\\\/uploads\\\/2024\\\/01\\\/Rewiye-demen-windayi.png\",\"width\":302,\"height\":473,\"caption\":\"R\u00eaw\u00eey\u00ea Dem\u00ean Winday\u00ee - Ramazan Kavak - pirt\u00fbk\u00ean kurd\u00ee\"},{\"@type\":\"BreadcrumbList\",\"@id\":\"https:\\\/\\\/shanabooks.de\\\/product\\\/rewiye-demen-windayi-ramazan-kavak\\\/#breadcrumb\",\"itemListElement\":[{\"@type\":\"ListItem\",\"position\":1,\"name\":\"\u0627\u0644\u0631\u0626\u064a\u0633\u064a\u0629\",\"item\":\"https:\\\/\\\/shanabooks.de\\\/kur\\\/\"},{\"@type\":\"ListItem\",\"position\":2,\"name\":\"\u0627\u0644\u0645\u0646\u062a\u062c\u0627\u062a\",\"item\":\"https:\\\/\\\/shanabooks.de\\\/shop\\\/\"},{\"@type\":\"ListItem\",\"position\":3,\"name\":\"R\u00eaw\u00eey\u00ea Dem\u00ean Winday\u00ee\"}]},{\"@type\":\"WebSite\",\"@id\":\"https:\\\/\\\/shanabooks.de\\\/#website\",\"url\":\"https:\\\/\\\/shanabooks.de\\\/\",\"name\":\"www.shanbooks.de\",\"description\":\"C\u00eehana Pirt\u00fbk\u00ean Kurd\u00ee \u0645\u0643\u062a\u0628\u0629 \u0634\u0627\u0646\u0627 \u0641\u064a \u0627\u0644\u0645\u0627\u0646\u064a\u0627 \u0648\u0623\u0648\u0631\u0628\u0627\",\"publisher\":{\"@id\":\"https:\\\/\\\/shanabooks.de\\\/#organization\"},\"potentialAction\":[{\"@type\":\"SearchAction\",\"target\":{\"@type\":\"EntryPoint\",\"urlTemplate\":\"https:\\\/\\\/shanabooks.de\\\/?s={search_term_string}\"},\"query-input\":{\"@type\":\"PropertyValueSpecification\",\"valueRequired\":true,\"valueName\":\"search_term_string\"}}],\"inLanguage\":\"kur\"},{\"@type\":\"Organization\",\"@id\":\"https:\\\/\\\/shanabooks.de\\\/#organization\",\"name\":\"www.shanbooks.de\",\"url\":\"https:\\\/\\\/shanabooks.de\\\/\",\"logo\":{\"@type\":\"ImageObject\",\"inLanguage\":\"kur\",\"@id\":\"https:\\\/\\\/shanabooks.de\\\/#\\\/schema\\\/logo\\\/image\\\/\",\"url\":\"https:\\\/\\\/shanabooks.de\\\/wp-content\\\/uploads\\\/2024\\\/03\\\/SHANABOOKS__2_-removebg-preview.png\",\"contentUrl\":\"https:\\\/\\\/shanabooks.de\\\/wp-content\\\/uploads\\\/2024\\\/03\\\/SHANABOOKS__2_-removebg-preview.png\",\"width\":700,\"height\":150,\"caption\":\"www.shanbooks.de\"},\"image\":{\"@id\":\"https:\\\/\\\/shanabooks.de\\\/#\\\/schema\\\/logo\\\/image\\\/\"}}]}<\/script>\n<!-- \/ Yoast SEO plugin. -->","yoast_head_json":{"title":"R\u00eaw\u00eey\u00ea Dem\u00ean Winday\u00ee - Ramazan Kavak - www.shanabooks.de","description":"R\u00eaw\u00eey\u00ea Dem\u00ean Winday\u00ee - Ramazan Kavak Romana ku leheng\u00ea w\u00ea di nava windab\u00fby\u00eeneke psikoloj\u00eek de li rab\u00fbrdiya xwe vedigere,xwendevanan j\u00ee bi xwe re dibe ber...","robots":{"index":"index","follow":"follow","max-snippet":"max-snippet:-1","max-image-preview":"max-image-preview:large","max-video-preview":"max-video-preview:-1"},"canonical":"https:\/\/shanabooks.de\/product\/rewiye-demen-windayi-ramazan-kavak\/","og_locale":"en_US","og_type":"article","og_title":"R\u00eaw\u00eey\u00ea Dem\u00ean Winday\u00ee - Ramazan Kavak - www.shanabooks.de","og_description":"R\u00eaw\u00eey\u00ea Dem\u00ean Winday\u00ee - Ramazan Kavak Romana ku leheng\u00ea w\u00ea di nava windab\u00fby\u00eeneke psikoloj\u00eek de li rab\u00fbrdiya xwe vedigere,xwendevanan j\u00ee bi xwe re dibe ber...","og_url":"https:\/\/shanabooks.de\/product\/rewiye-demen-windayi-ramazan-kavak\/","og_site_name":"www.shanabooks.de","article_modified_time":"2026-01-02T18:48:37+00:00","og_image":[{"width":302,"height":473,"url":"https:\/\/shanabooks.de\/wp-content\/uploads\/2024\/01\/Rewiye-demen-windayi.png","type":"image\/png"}],"twitter_card":"summary_large_image","twitter_misc":{"Est. reading time":"2 minutes"},"schema":{"@context":"https:\/\/schema.org","@graph":[{"@type":"WebPage","@id":"https:\/\/shanabooks.de\/product\/rewiye-demen-windayi-ramazan-kavak\/","url":"https:\/\/shanabooks.de\/product\/rewiye-demen-windayi-ramazan-kavak\/","name":"R\u00eaw\u00eey\u00ea Dem\u00ean Winday\u00ee - Ramazan Kavak - www.shanabooks.de","isPartOf":{"@id":"https:\/\/shanabooks.de\/#website"},"primaryImageOfPage":{"@id":"https:\/\/shanabooks.de\/product\/rewiye-demen-windayi-ramazan-kavak\/#primaryimage"},"image":{"@id":"https:\/\/shanabooks.de\/product\/rewiye-demen-windayi-ramazan-kavak\/#primaryimage"},"thumbnailUrl":"https:\/\/shanabooks.de\/wp-content\/uploads\/2024\/01\/Rewiye-demen-windayi.png","datePublished":"2024-03-03T19:43:36+00:00","dateModified":"2026-01-02T18:48:37+00:00","description":"R\u00eaw\u00eey\u00ea Dem\u00ean Winday\u00ee - Ramazan Kavak Romana ku leheng\u00ea w\u00ea di nava windab\u00fby\u00eeneke psikoloj\u00eek de li rab\u00fbrdiya xwe vedigere,xwendevanan j\u00ee bi xwe re dibe ber...","breadcrumb":{"@id":"https:\/\/shanabooks.de\/product\/rewiye-demen-windayi-ramazan-kavak\/#breadcrumb"},"inLanguage":"kur","potentialAction":[{"@type":"ReadAction","target":["https:\/\/shanabooks.de\/product\/rewiye-demen-windayi-ramazan-kavak\/"]}]},{"@type":"ImageObject","inLanguage":"kur","@id":"https:\/\/shanabooks.de\/product\/rewiye-demen-windayi-ramazan-kavak\/#primaryimage","url":"https:\/\/shanabooks.de\/wp-content\/uploads\/2024\/01\/Rewiye-demen-windayi.png","contentUrl":"https:\/\/shanabooks.de\/wp-content\/uploads\/2024\/01\/Rewiye-demen-windayi.png","width":302,"height":473,"caption":"R\u00eaw\u00eey\u00ea Dem\u00ean Winday\u00ee - Ramazan Kavak - pirt\u00fbk\u00ean kurd\u00ee"},{"@type":"BreadcrumbList","@id":"https:\/\/shanabooks.de\/product\/rewiye-demen-windayi-ramazan-kavak\/#breadcrumb","itemListElement":[{"@type":"ListItem","position":1,"name":"\u0627\u0644\u0631\u0626\u064a\u0633\u064a\u0629","item":"https:\/\/shanabooks.de\/kur\/"},{"@type":"ListItem","position":2,"name":"\u0627\u0644\u0645\u0646\u062a\u062c\u0627\u062a","item":"https:\/\/shanabooks.de\/shop\/"},{"@type":"ListItem","position":3,"name":"R\u00eaw\u00eey\u00ea Dem\u00ean Winday\u00ee"}]},{"@type":"WebSite","@id":"https:\/\/shanabooks.de\/#website","url":"https:\/\/shanabooks.de\/","name":"www.shanbooks.de","description":"C\u00eehana Pirt\u00fbk\u00ean Kurd\u00ee \u0645\u0643\u062a\u0628\u0629 \u0634\u0627\u0646\u0627 \u0641\u064a \u0627\u0644\u0645\u0627\u0646\u064a\u0627 \u0648\u0623\u0648\u0631\u0628\u0627","publisher":{"@id":"https:\/\/shanabooks.de\/#organization"},"potentialAction":[{"@type":"SearchAction","target":{"@type":"EntryPoint","urlTemplate":"https:\/\/shanabooks.de\/?s={search_term_string}"},"query-input":{"@type":"PropertyValueSpecification","valueRequired":true,"valueName":"search_term_string"}}],"inLanguage":"kur"},{"@type":"Organization","@id":"https:\/\/shanabooks.de\/#organization","name":"www.shanbooks.de","url":"https:\/\/shanabooks.de\/","logo":{"@type":"ImageObject","inLanguage":"kur","@id":"https:\/\/shanabooks.de\/#\/schema\/logo\/image\/","url":"https:\/\/shanabooks.de\/wp-content\/uploads\/2024\/03\/SHANABOOKS__2_-removebg-preview.png","contentUrl":"https:\/\/shanabooks.de\/wp-content\/uploads\/2024\/03\/SHANABOOKS__2_-removebg-preview.png","width":700,"height":150,"caption":"www.shanbooks.de"},"image":{"@id":"https:\/\/shanabooks.de\/#\/schema\/logo\/image\/"}}]}},"jetpack_sharing_enabled":true,"_links":{"self":[{"href":"https:\/\/shanabooks.de\/kur\/wp-json\/wp\/v2\/product\/12396","targetHints":{"allow":["GET"]}}],"collection":[{"href":"https:\/\/shanabooks.de\/kur\/wp-json\/wp\/v2\/product"}],"about":[{"href":"https:\/\/shanabooks.de\/kur\/wp-json\/wp\/v2\/types\/product"}],"version-history":[{"count":3,"href":"https:\/\/shanabooks.de\/kur\/wp-json\/wp\/v2\/product\/12396\/revisions"}],"predecessor-version":[{"id":18887,"href":"https:\/\/shanabooks.de\/kur\/wp-json\/wp\/v2\/product\/12396\/revisions\/18887"}],"wp:featuredmedia":[{"embeddable":true,"href":"https:\/\/shanabooks.de\/kur\/wp-json\/wp\/v2\/media\/5152"}],"wp:attachment":[{"href":"https:\/\/shanabooks.de\/kur\/wp-json\/wp\/v2\/media?parent=12396"}],"wp:term":[{"taxonomy":"product_brand","embeddable":true,"href":"https:\/\/shanabooks.de\/kur\/wp-json\/wp\/v2\/product_brand?post=12396"},{"taxonomy":"product_cat","embeddable":true,"href":"https:\/\/shanabooks.de\/kur\/wp-json\/wp\/v2\/product_cat?post=12396"},{"taxonomy":"product_tag","embeddable":true,"href":"https:\/\/shanabooks.de\/kur\/wp-json\/wp\/v2\/product_tag?post=12396"}],"curies":[{"name":"wp","href":"https:\/\/api.w.org\/{rel}","templated":true}]}}