{"id":12428,"date":"2024-03-03T19:44:00","date_gmt":"2024-03-03T19:44:00","guid":{"rendered":"https:\/\/shanabooks.de\/?post_type=product&#038;p=12428"},"modified":"2024-03-16T01:13:31","modified_gmt":"2024-03-16T01:13:31","slug":"dicle-diherike-dile-min-bilal-caban","status":"publish","type":"product","link":"https:\/\/shanabooks.de\/kur\/product\/dicle-diherike-dile-min-bilal-caban\/","title":{"rendered":"D\u00eecle diherike dil\u00ea min"},"content":{"rendered":"<p dir=\"ltr\"><strong>D\u00eecle diherike dil\u00ea min &#8211; B\u00eelal Caban<\/strong><\/p>\n<p dir=\"ltr\">Xwede dil daye herkesi, le heza ku wi dila tene biksine nedaye tu kesi. Dilek du hezkiriyan nikare biksine, le du hezkiri ancax dikarein dileki bikisinin. Heke ku du dil bigihejin hev, weke a bere di hev de dixuye. Di navbere de \u00e7igas wext debas bibe disa ji hev nas dikin. Kemasiyen xwe bi hev temam dikin.\u00a0 Her tist di\u00e7e ji vi welati, insanen wi di\u00e7in dibin penaber, \u00e7emen wi dibin xemle erdnigariyen biyani. Welate bilind, derde te \u00e7igas mezin e. Nalin te ji te. Her dere te birin e \u00fcbirin li ser birine derte di te de. Edi dem hat dive her Kurd birinek te bike para xwe \u00fcdi erdnigariya te de birin neminin. Dive tu ese ji ser xwe raki, edi wexte birindaran hat, we birinen te ji te bistinin \u00fc wek merhame li bedena xwe xin. Birindar lazim in ji te re.<\/p>\n<p dir=\"ltr\">D\u00eecle diherike dil\u00ea min ya B\u00eelal Caban\u00a0 ji we\u015fan\u00ean N\u00fbbihar\u00ea ye.<\/p>\n","protected":false},"excerpt":{"rendered":"<p dir=\"ltr\" style=\"text-align: center\"><strong>Pirt\u00fbk: <\/strong><strong>D\u00eecle diherike dil\u00ea min<br \/>\n<\/strong><strong>Niv\u00eeskar : B\u00eelal Caban<\/strong><br \/>\n<strong>Cure : Roman<\/strong><\/p>\n","protected":false},"featured_media":12466,"template":"","meta":{"site-sidebar-layout":"default","site-content-layout":"","ast-site-content-layout":"default","site-content-style":"default","site-sidebar-style":"default","ast-global-header-display":"","ast-banner-title-visibility":"","ast-main-header-display":"","ast-hfb-above-header-display":"","ast-hfb-below-header-display":"","ast-hfb-mobile-header-display":"","site-post-title":"","ast-breadcrumbs-content":"","ast-featured-img":"","footer-sml-layout":"","ast-disable-related-posts":"","theme-transparent-header-meta":"default","adv-header-id-meta":"","stick-header-meta":"","header-above-stick-meta":"","header-main-stick-meta":"","header-below-stick-meta":"","astra-migrate-meta-layouts":"set","ast-page-background-enabled":"default","ast-page-background-meta":{"desktop":{"background-color":"","background-image":"","background-repeat":"repeat","background-position":"center center","background-size":"auto","background-attachment":"scroll","background-type":"","background-media":"","overlay-type":"","overlay-color":"","overlay-opacity":"","overlay-gradient":""},"tablet":{"background-color":"","background-image":"","background-repeat":"repeat","background-position":"center center","background-size":"auto","background-attachment":"scroll","background-type":"","background-media":"","overlay-type":"","overlay-color":"","overlay-opacity":"","overlay-gradient":""},"mobile":{"background-color":"","background-image":"","background-repeat":"repeat","background-position":"center center","background-size":"auto","background-attachment":"scroll","background-type":"","background-media":"","overlay-type":"","overlay-color":"","overlay-opacity":"","overlay-gradient":""}},"ast-content-background-meta":{"desktop":{"background-color":"var(--ast-global-color-5)","background-image":"","background-repeat":"repeat","background-position":"center center","background-size":"auto","background-attachment":"scroll","background-type":"","background-media":"","overlay-type":"","overlay-color":"","overlay-opacity":"","overlay-gradient":""},"tablet":{"background-color":"var(--ast-global-color-5)","background-image":"","background-repeat":"repeat","background-position":"center center","background-size":"auto","background-attachment":"scroll","background-type":"","background-media":"","overlay-type":"","overlay-color":"","overlay-opacity":"","overlay-gradient":""},"mobile":{"background-color":"var(--ast-global-color-5)","background-image":"","background-repeat":"repeat","background-position":"center center","background-size":"auto","background-attachment":"scroll","background-type":"","background-media":"","overlay-type":"","overlay-color":"","overlay-opacity":"","overlay-gradient":""}}},"product_brand":[],"product_cat":[182,193],"product_tag":[],"class_list":{"0":"post-12428","1":"product","2":"type-product","3":"status-publish","4":"has-post-thumbnail","6":"product_cat-_","7":"product_cat--_","8":"pa_-roman","9":"pa_-bilal-caban","10":"pa_-kurmanci","11":"pa_--nubihar","12":"desktop-align-left","13":"tablet-align-left","14":"mobile-align-left","16":"first","17":"instock","18":"shipping-taxable","19":"purchasable","20":"product-type-simple"},"yoast_head":"<!-- This site is optimized with the Yoast SEO plugin v27.4 - https:\/\/yoast.com\/product\/yoast-seo-wordpress\/ -->\n<title>D\u00eecle diherike dil\u00ea min - B\u00eelal Caban - www.shanabooks.de<\/title>\n<meta name=\"description\" content=\"D\u00eecle diherike dil\u00ea min - B\u00eelal Caban Xwede dil daye herkesi, le heza ku wi dila tene biksine nedaye tu kesi. Dilek du hezkiriyan nikare biksine, le du ...\" \/>\n<meta name=\"robots\" content=\"index, follow, max-snippet:-1, max-image-preview:large, max-video-preview:-1\" \/>\n<link rel=\"canonical\" href=\"https:\/\/shanabooks.de\/product\/dicle-diherike-dile-min-bilal-caban\/\" \/>\n<meta property=\"og:locale\" content=\"en_US\" \/>\n<meta property=\"og:type\" content=\"article\" \/>\n<meta property=\"og:title\" content=\"D\u00eecle diherike dil\u00ea min - B\u00eelal Caban - www.shanabooks.de\" \/>\n<meta property=\"og:description\" content=\"D\u00eecle diherike dil\u00ea min - B\u00eelal Caban Xwede dil daye herkesi, le heza ku wi dila tene biksine nedaye tu kesi. Dilek du hezkiriyan nikare biksine, le du ...\" \/>\n<meta property=\"og:url\" content=\"https:\/\/shanabooks.de\/product\/dicle-diherike-dile-min-bilal-caban\/\" \/>\n<meta property=\"og:site_name\" content=\"www.shanabooks.de\" \/>\n<meta property=\"article:modified_time\" content=\"2024-03-16T01:13:31+00:00\" \/>\n<meta property=\"og:image\" content=\"https:\/\/shanabooks.de\/wp-content\/uploads\/2024\/03\/Dicle-Diherike-dile-min.png\" \/>\n\t<meta property=\"og:image:width\" content=\"265\" \/>\n\t<meta property=\"og:image:height\" content=\"472\" \/>\n\t<meta property=\"og:image:type\" content=\"image\/png\" \/>\n<meta name=\"twitter:card\" content=\"summary_large_image\" \/>\n<meta name=\"twitter:label1\" content=\"Est. reading time\" \/>\n\t<meta name=\"twitter:data1\" content=\"2 minutes\" \/>\n<script type=\"application\/ld+json\" class=\"yoast-schema-graph\">{\"@context\":\"https:\\\/\\\/schema.org\",\"@graph\":[{\"@type\":\"WebPage\",\"@id\":\"https:\\\/\\\/shanabooks.de\\\/product\\\/dicle-diherike-dile-min-bilal-caban\\\/\",\"url\":\"https:\\\/\\\/shanabooks.de\\\/product\\\/dicle-diherike-dile-min-bilal-caban\\\/\",\"name\":\"D\u00eecle diherike dil\u00ea min - B\u00eelal Caban - www.shanabooks.de\",\"isPartOf\":{\"@id\":\"https:\\\/\\\/shanabooks.de\\\/#website\"},\"primaryImageOfPage\":{\"@id\":\"https:\\\/\\\/shanabooks.de\\\/product\\\/dicle-diherike-dile-min-bilal-caban\\\/#primaryimage\"},\"image\":{\"@id\":\"https:\\\/\\\/shanabooks.de\\\/product\\\/dicle-diherike-dile-min-bilal-caban\\\/#primaryimage\"},\"thumbnailUrl\":\"https:\\\/\\\/shanabooks.de\\\/wp-content\\\/uploads\\\/2024\\\/03\\\/Dicle-Diherike-dile-min.png\",\"datePublished\":\"2024-03-03T19:44:00+00:00\",\"dateModified\":\"2024-03-16T01:13:31+00:00\",\"description\":\"D\u00eecle diherike dil\u00ea min - B\u00eelal Caban Xwede dil daye herkesi, le heza ku wi dila tene biksine nedaye tu kesi. Dilek du hezkiriyan nikare biksine, le du ...\",\"breadcrumb\":{\"@id\":\"https:\\\/\\\/shanabooks.de\\\/product\\\/dicle-diherike-dile-min-bilal-caban\\\/#breadcrumb\"},\"inLanguage\":\"kur\",\"potentialAction\":[{\"@type\":\"ReadAction\",\"target\":[\"https:\\\/\\\/shanabooks.de\\\/product\\\/dicle-diherike-dile-min-bilal-caban\\\/\"]}]},{\"@type\":\"ImageObject\",\"inLanguage\":\"kur\",\"@id\":\"https:\\\/\\\/shanabooks.de\\\/product\\\/dicle-diherike-dile-min-bilal-caban\\\/#primaryimage\",\"url\":\"https:\\\/\\\/shanabooks.de\\\/wp-content\\\/uploads\\\/2024\\\/03\\\/Dicle-Diherike-dile-min.png\",\"contentUrl\":\"https:\\\/\\\/shanabooks.de\\\/wp-content\\\/uploads\\\/2024\\\/03\\\/Dicle-Diherike-dile-min.png\",\"width\":265,\"height\":472,\"caption\":\"D\u00eecle diherike dil\u00ea min - B\u00eelal Caban - pirt\u00fbk\u00ean kurd\u00ee\"},{\"@type\":\"BreadcrumbList\",\"@id\":\"https:\\\/\\\/shanabooks.de\\\/product\\\/dicle-diherike-dile-min-bilal-caban\\\/#breadcrumb\",\"itemListElement\":[{\"@type\":\"ListItem\",\"position\":1,\"name\":\"\u0627\u0644\u0631\u0626\u064a\u0633\u064a\u0629\",\"item\":\"https:\\\/\\\/shanabooks.de\\\/kur\\\/\"},{\"@type\":\"ListItem\",\"position\":2,\"name\":\"\u0627\u0644\u0645\u0646\u062a\u062c\u0627\u062a\",\"item\":\"https:\\\/\\\/shanabooks.de\\\/shop\\\/\"},{\"@type\":\"ListItem\",\"position\":3,\"name\":\"D\u00eecle diherike dil\u00ea min\"}]},{\"@type\":\"WebSite\",\"@id\":\"https:\\\/\\\/shanabooks.de\\\/#website\",\"url\":\"https:\\\/\\\/shanabooks.de\\\/\",\"name\":\"www.shanbooks.de\",\"description\":\"C\u00eehana Pirt\u00fbk\u00ean Kurd\u00ee \u0645\u0643\u062a\u0628\u0629 \u0634\u0627\u0646\u0627 \u0641\u064a \u0627\u0644\u0645\u0627\u0646\u064a\u0627 \u0648\u0623\u0648\u0631\u0628\u0627\",\"publisher\":{\"@id\":\"https:\\\/\\\/shanabooks.de\\\/#organization\"},\"potentialAction\":[{\"@type\":\"SearchAction\",\"target\":{\"@type\":\"EntryPoint\",\"urlTemplate\":\"https:\\\/\\\/shanabooks.de\\\/?s={search_term_string}\"},\"query-input\":{\"@type\":\"PropertyValueSpecification\",\"valueRequired\":true,\"valueName\":\"search_term_string\"}}],\"inLanguage\":\"kur\"},{\"@type\":\"Organization\",\"@id\":\"https:\\\/\\\/shanabooks.de\\\/#organization\",\"name\":\"www.shanbooks.de\",\"url\":\"https:\\\/\\\/shanabooks.de\\\/\",\"logo\":{\"@type\":\"ImageObject\",\"inLanguage\":\"kur\",\"@id\":\"https:\\\/\\\/shanabooks.de\\\/#\\\/schema\\\/logo\\\/image\\\/\",\"url\":\"https:\\\/\\\/shanabooks.de\\\/wp-content\\\/uploads\\\/2024\\\/03\\\/SHANABOOKS__2_-removebg-preview.png\",\"contentUrl\":\"https:\\\/\\\/shanabooks.de\\\/wp-content\\\/uploads\\\/2024\\\/03\\\/SHANABOOKS__2_-removebg-preview.png\",\"width\":700,\"height\":150,\"caption\":\"www.shanbooks.de\"},\"image\":{\"@id\":\"https:\\\/\\\/shanabooks.de\\\/#\\\/schema\\\/logo\\\/image\\\/\"}}]}<\/script>\n<!-- \/ Yoast SEO plugin. -->","yoast_head_json":{"title":"D\u00eecle diherike dil\u00ea min - B\u00eelal Caban - www.shanabooks.de","description":"D\u00eecle diherike dil\u00ea min - B\u00eelal Caban Xwede dil daye herkesi, le heza ku wi dila tene biksine nedaye tu kesi. Dilek du hezkiriyan nikare biksine, le du ...","robots":{"index":"index","follow":"follow","max-snippet":"max-snippet:-1","max-image-preview":"max-image-preview:large","max-video-preview":"max-video-preview:-1"},"canonical":"https:\/\/shanabooks.de\/product\/dicle-diherike-dile-min-bilal-caban\/","og_locale":"en_US","og_type":"article","og_title":"D\u00eecle diherike dil\u00ea min - B\u00eelal Caban - www.shanabooks.de","og_description":"D\u00eecle diherike dil\u00ea min - B\u00eelal Caban Xwede dil daye herkesi, le heza ku wi dila tene biksine nedaye tu kesi. Dilek du hezkiriyan nikare biksine, le du ...","og_url":"https:\/\/shanabooks.de\/product\/dicle-diherike-dile-min-bilal-caban\/","og_site_name":"www.shanabooks.de","article_modified_time":"2024-03-16T01:13:31+00:00","og_image":[{"width":265,"height":472,"url":"https:\/\/shanabooks.de\/wp-content\/uploads\/2024\/03\/Dicle-Diherike-dile-min.png","type":"image\/png"}],"twitter_card":"summary_large_image","twitter_misc":{"Est. reading time":"2 minutes"},"schema":{"@context":"https:\/\/schema.org","@graph":[{"@type":"WebPage","@id":"https:\/\/shanabooks.de\/product\/dicle-diherike-dile-min-bilal-caban\/","url":"https:\/\/shanabooks.de\/product\/dicle-diherike-dile-min-bilal-caban\/","name":"D\u00eecle diherike dil\u00ea min - B\u00eelal Caban - www.shanabooks.de","isPartOf":{"@id":"https:\/\/shanabooks.de\/#website"},"primaryImageOfPage":{"@id":"https:\/\/shanabooks.de\/product\/dicle-diherike-dile-min-bilal-caban\/#primaryimage"},"image":{"@id":"https:\/\/shanabooks.de\/product\/dicle-diherike-dile-min-bilal-caban\/#primaryimage"},"thumbnailUrl":"https:\/\/shanabooks.de\/wp-content\/uploads\/2024\/03\/Dicle-Diherike-dile-min.png","datePublished":"2024-03-03T19:44:00+00:00","dateModified":"2024-03-16T01:13:31+00:00","description":"D\u00eecle diherike dil\u00ea min - B\u00eelal Caban Xwede dil daye herkesi, le heza ku wi dila tene biksine nedaye tu kesi. Dilek du hezkiriyan nikare biksine, le du ...","breadcrumb":{"@id":"https:\/\/shanabooks.de\/product\/dicle-diherike-dile-min-bilal-caban\/#breadcrumb"},"inLanguage":"kur","potentialAction":[{"@type":"ReadAction","target":["https:\/\/shanabooks.de\/product\/dicle-diherike-dile-min-bilal-caban\/"]}]},{"@type":"ImageObject","inLanguage":"kur","@id":"https:\/\/shanabooks.de\/product\/dicle-diherike-dile-min-bilal-caban\/#primaryimage","url":"https:\/\/shanabooks.de\/wp-content\/uploads\/2024\/03\/Dicle-Diherike-dile-min.png","contentUrl":"https:\/\/shanabooks.de\/wp-content\/uploads\/2024\/03\/Dicle-Diherike-dile-min.png","width":265,"height":472,"caption":"D\u00eecle diherike dil\u00ea min - B\u00eelal Caban - pirt\u00fbk\u00ean kurd\u00ee"},{"@type":"BreadcrumbList","@id":"https:\/\/shanabooks.de\/product\/dicle-diherike-dile-min-bilal-caban\/#breadcrumb","itemListElement":[{"@type":"ListItem","position":1,"name":"\u0627\u0644\u0631\u0626\u064a\u0633\u064a\u0629","item":"https:\/\/shanabooks.de\/kur\/"},{"@type":"ListItem","position":2,"name":"\u0627\u0644\u0645\u0646\u062a\u062c\u0627\u062a","item":"https:\/\/shanabooks.de\/shop\/"},{"@type":"ListItem","position":3,"name":"D\u00eecle diherike dil\u00ea min"}]},{"@type":"WebSite","@id":"https:\/\/shanabooks.de\/#website","url":"https:\/\/shanabooks.de\/","name":"www.shanbooks.de","description":"C\u00eehana Pirt\u00fbk\u00ean Kurd\u00ee \u0645\u0643\u062a\u0628\u0629 \u0634\u0627\u0646\u0627 \u0641\u064a \u0627\u0644\u0645\u0627\u0646\u064a\u0627 \u0648\u0623\u0648\u0631\u0628\u0627","publisher":{"@id":"https:\/\/shanabooks.de\/#organization"},"potentialAction":[{"@type":"SearchAction","target":{"@type":"EntryPoint","urlTemplate":"https:\/\/shanabooks.de\/?s={search_term_string}"},"query-input":{"@type":"PropertyValueSpecification","valueRequired":true,"valueName":"search_term_string"}}],"inLanguage":"kur"},{"@type":"Organization","@id":"https:\/\/shanabooks.de\/#organization","name":"www.shanbooks.de","url":"https:\/\/shanabooks.de\/","logo":{"@type":"ImageObject","inLanguage":"kur","@id":"https:\/\/shanabooks.de\/#\/schema\/logo\/image\/","url":"https:\/\/shanabooks.de\/wp-content\/uploads\/2024\/03\/SHANABOOKS__2_-removebg-preview.png","contentUrl":"https:\/\/shanabooks.de\/wp-content\/uploads\/2024\/03\/SHANABOOKS__2_-removebg-preview.png","width":700,"height":150,"caption":"www.shanbooks.de"},"image":{"@id":"https:\/\/shanabooks.de\/#\/schema\/logo\/image\/"}}]}},"jetpack_sharing_enabled":true,"_links":{"self":[{"href":"https:\/\/shanabooks.de\/kur\/wp-json\/wp\/v2\/product\/12428","targetHints":{"allow":["GET"]}}],"collection":[{"href":"https:\/\/shanabooks.de\/kur\/wp-json\/wp\/v2\/product"}],"about":[{"href":"https:\/\/shanabooks.de\/kur\/wp-json\/wp\/v2\/types\/product"}],"version-history":[{"count":3,"href":"https:\/\/shanabooks.de\/kur\/wp-json\/wp\/v2\/product\/12428\/revisions"}],"predecessor-version":[{"id":18829,"href":"https:\/\/shanabooks.de\/kur\/wp-json\/wp\/v2\/product\/12428\/revisions\/18829"}],"wp:featuredmedia":[{"embeddable":true,"href":"https:\/\/shanabooks.de\/kur\/wp-json\/wp\/v2\/media\/12466"}],"wp:attachment":[{"href":"https:\/\/shanabooks.de\/kur\/wp-json\/wp\/v2\/media?parent=12428"}],"wp:term":[{"taxonomy":"product_brand","embeddable":true,"href":"https:\/\/shanabooks.de\/kur\/wp-json\/wp\/v2\/product_brand?post=12428"},{"taxonomy":"product_cat","embeddable":true,"href":"https:\/\/shanabooks.de\/kur\/wp-json\/wp\/v2\/product_cat?post=12428"},{"taxonomy":"product_tag","embeddable":true,"href":"https:\/\/shanabooks.de\/kur\/wp-json\/wp\/v2\/product_tag?post=12428"}],"curies":[{"name":"wp","href":"https:\/\/api.w.org\/{rel}","templated":true}]}}