{"id":12432,"date":"2024-03-03T19:44:00","date_gmt":"2024-03-03T19:44:00","guid":{"rendered":"https:\/\/shanabooks.de\/?post_type=product&#038;p=12432"},"modified":"2026-01-01T19:48:57","modified_gmt":"2026-01-01T19:48:57","slug":"kocera-kej-harbi-soylu","status":"publish","type":"product","link":"https:\/\/shanabooks.de\/kur\/product\/kocera-kej-harbi-soylu\/","title":{"rendered":"Ko\u00e7era Kej"},"content":{"rendered":"<p dir=\"ltr\"><strong>Ko\u00e7era Kej &#8211; Harb\u00ee Soyl\u00fb<\/strong><\/p>\n<p dir=\"ltr\">Ko\u00e7era Kej yekem kit\u00eaba Harb\u00ee Soylu a \u00e7\u00eerokan. Harb\u00ee Soylu didestp\u00eaka sal\u00ean 90\u00ee de kete heps\u00ea. Dor deh salan di heps\u00ean Diyarbekir, Entab \u00fb Bartin\u00ea de ma. Di heps\u00ea de dest bi xwendin \u00fb niv\u00eesandina kurd\u00ee kir. \u00c7\u00eerok\u00ean w\u00ee hetaniha gelek xelat wergirtine.<\/p>\n<p>Ji \u00e7\u00eeroka \u201cKo\u00e7era Kej\u201d<\/p>\n<p dir=\"ltr\">Ser\u00ea v\u00ea sibeh\u00ea b\u00eahna te \u00fb b\u00eahna payiz\u00ea bi hevra bi ser min da t\u00ea, bi bay\u00ea ecem ra. Ev \u00e7end demsal in ez ji te \u00fb ji b\u00eahna te,ji bedewb\u00fbna te, ji xeml \u00fb rew\u015fa te b\u00eapar \u00fb b\u00eaxeber im. Ez b\u00eera te dikim. B\u00eerazaroktiya te, b\u00eera bedewb\u00fbna te \u00fb b\u00eahna por\u00ea te dikim.<br \/>\n\u00c7end sal in te nab\u00eenim? Nizanim, gelo ez qetdikevime b\u00eera te an na? Gelo tu j\u00ee qet b\u00eera min dik\u00ee an na?<br \/>\nPayizeke sar b\u00fb. Cot \u00fb cobar xelas bib\u00fbn. Zozan daketib\u00fbn de\u015ft\u00ea. Ko\u00e7eran ko\u00e7\u00ean xwe bar kirib\u00fbn, ber bi welat\u00ea j\u00ear\u00ea di\u00e7\u00fbn.W\u00ea dem\u00ea bi kesereke giran, ko\u00e7a min j\u00ee bar kirib\u00fb, ko\u00e7era min a kej. Demamalbav\u00ean te kon\u00ean xwe p\u00ea\u00e7an, w\u00ea dem\u00ea te j\u00ee kon\u00ea ev\u00eena min p\u00ea\u00e7a \u00fb dan\u00ee pi\u015ftsit\u00fbn\u00ea. W\u00ea dem\u00ea xem \u00fb xeyal\u00ean min, bi te ra ketin xurca li ser pi\u015fta h\u00eastira weya boz \u00fb bi te ra li \u00e7ol \u00fb mexelan geriyan. Nizanim te li \u00e7end waran dan\u00ee? Dibeku te qet ji ser pi\u015fta h\u00eastir\u00ea j\u00ee daneynin.<\/p>\n","protected":false},"excerpt":{"rendered":"<p dir=\"ltr\" style=\"text-align: center\"><strong>Pirt\u00fbk: Ko\u00e7era Kej<\/strong><br \/>\n<strong>Niv\u00eeskar: Harb\u00ee Soyl\u00fb<br \/>\nCure: \u00e7\u00eerok<\/strong><\/p>\n","protected":false},"featured_media":12473,"template":"","meta":{"site-sidebar-layout":"default","site-content-layout":"","ast-site-content-layout":"default","site-content-style":"default","site-sidebar-style":"default","ast-global-header-display":"","ast-banner-title-visibility":"","ast-main-header-display":"","ast-hfb-above-header-display":"","ast-hfb-below-header-display":"","ast-hfb-mobile-header-display":"","site-post-title":"","ast-breadcrumbs-content":"","ast-featured-img":"","footer-sml-layout":"","ast-disable-related-posts":"","theme-transparent-header-meta":"default","adv-header-id-meta":"","stick-header-meta":"","header-above-stick-meta":"","header-main-stick-meta":"","header-below-stick-meta":"","astra-migrate-meta-layouts":"set","ast-page-background-enabled":"default","ast-page-background-meta":{"desktop":{"background-color":"","background-image":"","background-repeat":"repeat","background-position":"center center","background-size":"auto","background-attachment":"scroll","background-type":"","background-media":"","overlay-type":"","overlay-color":"","overlay-opacity":"","overlay-gradient":""},"tablet":{"background-color":"","background-image":"","background-repeat":"repeat","background-position":"center center","background-size":"auto","background-attachment":"scroll","background-type":"","background-media":"","overlay-type":"","overlay-color":"","overlay-opacity":"","overlay-gradient":""},"mobile":{"background-color":"","background-image":"","background-repeat":"repeat","background-position":"center center","background-size":"auto","background-attachment":"scroll","background-type":"","background-media":"","overlay-type":"","overlay-color":"","overlay-opacity":"","overlay-gradient":""}},"ast-content-background-meta":{"desktop":{"background-color":"var(--ast-global-color-5)","background-image":"","background-repeat":"repeat","background-position":"center center","background-size":"auto","background-attachment":"scroll","background-type":"","background-media":"","overlay-type":"","overlay-color":"","overlay-opacity":"","overlay-gradient":""},"tablet":{"background-color":"var(--ast-global-color-5)","background-image":"","background-repeat":"repeat","background-position":"center center","background-size":"auto","background-attachment":"scroll","background-type":"","background-media":"","overlay-type":"","overlay-color":"","overlay-opacity":"","overlay-gradient":""},"mobile":{"background-color":"var(--ast-global-color-5)","background-image":"","background-repeat":"repeat","background-position":"center center","background-size":"auto","background-attachment":"scroll","background-type":"","background-media":"","overlay-type":"","overlay-color":"","overlay-opacity":"","overlay-gradient":""}}},"product_brand":[],"product_cat":[183,193],"product_tag":[],"class_list":{"0":"post-12432","1":"product","2":"type-product","3":"status-publish","4":"has-post-thumbnail","6":"product_cat-_","7":"product_cat--_","8":"pa_-cirok","9":"pa_-harbi-soylu","10":"pa_-kurmanci","11":"pa_--avesta-yayinlari","12":"desktop-align-left","13":"tablet-align-left","14":"mobile-align-left","16":"first","17":"outofstock","18":"shipping-taxable","19":"purchasable","20":"product-type-simple"},"yoast_head":"<!-- This site is optimized with the Yoast SEO plugin v27.4 - https:\/\/yoast.com\/product\/yoast-seo-wordpress\/ -->\n<title>Ko\u00e7era Kej - Harb\u00ee Soyl\u00fb - www.shanabooks.de<\/title>\n<meta name=\"description\" content=\"Ko\u00e7era Kej - Harb\u00ee Soyl\u00fb Harb\u00ee Soylu didestp\u00eaka sal\u00ean 90\u00ee de kete heps\u00ea. Dor deh salan di heps\u00ean Diyarbekir, Entab \u00fb Bartin\u00ea de ma. Dor deh salan ...\" \/>\n<meta name=\"robots\" content=\"index, follow, max-snippet:-1, max-image-preview:large, max-video-preview:-1\" \/>\n<link rel=\"canonical\" href=\"https:\/\/shanabooks.de\/product\/kocera-kej-harbi-soylu\/\" \/>\n<meta property=\"og:locale\" content=\"en_US\" \/>\n<meta property=\"og:type\" content=\"article\" \/>\n<meta property=\"og:title\" content=\"Ko\u00e7era Kej - Harb\u00ee Soyl\u00fb - www.shanabooks.de\" \/>\n<meta property=\"og:description\" content=\"Ko\u00e7era Kej - Harb\u00ee Soyl\u00fb Harb\u00ee Soylu didestp\u00eaka sal\u00ean 90\u00ee de kete heps\u00ea. Dor deh salan di heps\u00ean Diyarbekir, Entab \u00fb Bartin\u00ea de ma. Dor deh salan ...\" \/>\n<meta property=\"og:url\" content=\"https:\/\/shanabooks.de\/product\/kocera-kej-harbi-soylu\/\" \/>\n<meta property=\"og:site_name\" content=\"www.shanabooks.de\" \/>\n<meta property=\"article:modified_time\" content=\"2026-01-01T19:48:57+00:00\" \/>\n<meta property=\"og:image\" content=\"https:\/\/shanabooks.de\/wp-content\/uploads\/2024\/03\/Kocera-Kej.jpg\" \/>\n\t<meta property=\"og:image:width\" content=\"600\" \/>\n\t<meta property=\"og:image:height\" content=\"900\" \/>\n\t<meta property=\"og:image:type\" content=\"image\/jpeg\" \/>\n<meta name=\"twitter:card\" content=\"summary_large_image\" \/>\n<meta name=\"twitter:label1\" content=\"Est. reading time\" \/>\n\t<meta name=\"twitter:data1\" content=\"2 minutes\" \/>\n<script type=\"application\/ld+json\" class=\"yoast-schema-graph\">{\"@context\":\"https:\\\/\\\/schema.org\",\"@graph\":[{\"@type\":\"WebPage\",\"@id\":\"https:\\\/\\\/shanabooks.de\\\/product\\\/kocera-kej-harbi-soylu\\\/\",\"url\":\"https:\\\/\\\/shanabooks.de\\\/product\\\/kocera-kej-harbi-soylu\\\/\",\"name\":\"Ko\u00e7era Kej - Harb\u00ee Soyl\u00fb - www.shanabooks.de\",\"isPartOf\":{\"@id\":\"https:\\\/\\\/shanabooks.de\\\/#website\"},\"primaryImageOfPage\":{\"@id\":\"https:\\\/\\\/shanabooks.de\\\/product\\\/kocera-kej-harbi-soylu\\\/#primaryimage\"},\"image\":{\"@id\":\"https:\\\/\\\/shanabooks.de\\\/product\\\/kocera-kej-harbi-soylu\\\/#primaryimage\"},\"thumbnailUrl\":\"https:\\\/\\\/shanabooks.de\\\/wp-content\\\/uploads\\\/2024\\\/03\\\/Kocera-Kej.jpg\",\"datePublished\":\"2024-03-03T19:44:00+00:00\",\"dateModified\":\"2026-01-01T19:48:57+00:00\",\"description\":\"Ko\u00e7era Kej - Harb\u00ee Soyl\u00fb Harb\u00ee Soylu didestp\u00eaka sal\u00ean 90\u00ee de kete heps\u00ea. Dor deh salan di heps\u00ean Diyarbekir, Entab \u00fb Bartin\u00ea de ma. Dor deh salan ...\",\"breadcrumb\":{\"@id\":\"https:\\\/\\\/shanabooks.de\\\/product\\\/kocera-kej-harbi-soylu\\\/#breadcrumb\"},\"inLanguage\":\"kur\",\"potentialAction\":[{\"@type\":\"ReadAction\",\"target\":[\"https:\\\/\\\/shanabooks.de\\\/product\\\/kocera-kej-harbi-soylu\\\/\"]}]},{\"@type\":\"ImageObject\",\"inLanguage\":\"kur\",\"@id\":\"https:\\\/\\\/shanabooks.de\\\/product\\\/kocera-kej-harbi-soylu\\\/#primaryimage\",\"url\":\"https:\\\/\\\/shanabooks.de\\\/wp-content\\\/uploads\\\/2024\\\/03\\\/Kocera-Kej.jpg\",\"contentUrl\":\"https:\\\/\\\/shanabooks.de\\\/wp-content\\\/uploads\\\/2024\\\/03\\\/Kocera-Kej.jpg\",\"width\":600,\"height\":900,\"caption\":\"Ko\u00e7era Kej - Harb\u00ee Soyl\u00fb - pirt\u00fbk\u00ean kurd\u00ee\"},{\"@type\":\"BreadcrumbList\",\"@id\":\"https:\\\/\\\/shanabooks.de\\\/product\\\/kocera-kej-harbi-soylu\\\/#breadcrumb\",\"itemListElement\":[{\"@type\":\"ListItem\",\"position\":1,\"name\":\"\u0627\u0644\u0631\u0626\u064a\u0633\u064a\u0629\",\"item\":\"https:\\\/\\\/shanabooks.de\\\/kur\\\/\"},{\"@type\":\"ListItem\",\"position\":2,\"name\":\"\u0627\u0644\u0645\u0646\u062a\u062c\u0627\u062a\",\"item\":\"https:\\\/\\\/shanabooks.de\\\/shop\\\/\"},{\"@type\":\"ListItem\",\"position\":3,\"name\":\"Ko\u00e7era Kej\"}]},{\"@type\":\"WebSite\",\"@id\":\"https:\\\/\\\/shanabooks.de\\\/#website\",\"url\":\"https:\\\/\\\/shanabooks.de\\\/\",\"name\":\"www.shanbooks.de\",\"description\":\"C\u00eehana Pirt\u00fbk\u00ean Kurd\u00ee \u0645\u0643\u062a\u0628\u0629 \u0634\u0627\u0646\u0627 \u0641\u064a \u0627\u0644\u0645\u0627\u0646\u064a\u0627 \u0648\u0623\u0648\u0631\u0628\u0627\",\"publisher\":{\"@id\":\"https:\\\/\\\/shanabooks.de\\\/#organization\"},\"potentialAction\":[{\"@type\":\"SearchAction\",\"target\":{\"@type\":\"EntryPoint\",\"urlTemplate\":\"https:\\\/\\\/shanabooks.de\\\/?s={search_term_string}\"},\"query-input\":{\"@type\":\"PropertyValueSpecification\",\"valueRequired\":true,\"valueName\":\"search_term_string\"}}],\"inLanguage\":\"kur\"},{\"@type\":\"Organization\",\"@id\":\"https:\\\/\\\/shanabooks.de\\\/#organization\",\"name\":\"www.shanbooks.de\",\"url\":\"https:\\\/\\\/shanabooks.de\\\/\",\"logo\":{\"@type\":\"ImageObject\",\"inLanguage\":\"kur\",\"@id\":\"https:\\\/\\\/shanabooks.de\\\/#\\\/schema\\\/logo\\\/image\\\/\",\"url\":\"https:\\\/\\\/shanabooks.de\\\/wp-content\\\/uploads\\\/2024\\\/03\\\/SHANABOOKS__2_-removebg-preview.png\",\"contentUrl\":\"https:\\\/\\\/shanabooks.de\\\/wp-content\\\/uploads\\\/2024\\\/03\\\/SHANABOOKS__2_-removebg-preview.png\",\"width\":700,\"height\":150,\"caption\":\"www.shanbooks.de\"},\"image\":{\"@id\":\"https:\\\/\\\/shanabooks.de\\\/#\\\/schema\\\/logo\\\/image\\\/\"}}]}<\/script>\n<!-- \/ Yoast SEO plugin. -->","yoast_head_json":{"title":"Ko\u00e7era Kej - Harb\u00ee Soyl\u00fb - www.shanabooks.de","description":"Ko\u00e7era Kej - Harb\u00ee Soyl\u00fb Harb\u00ee Soylu didestp\u00eaka sal\u00ean 90\u00ee de kete heps\u00ea. Dor deh salan di heps\u00ean Diyarbekir, Entab \u00fb Bartin\u00ea de ma. Dor deh salan ...","robots":{"index":"index","follow":"follow","max-snippet":"max-snippet:-1","max-image-preview":"max-image-preview:large","max-video-preview":"max-video-preview:-1"},"canonical":"https:\/\/shanabooks.de\/product\/kocera-kej-harbi-soylu\/","og_locale":"en_US","og_type":"article","og_title":"Ko\u00e7era Kej - Harb\u00ee Soyl\u00fb - www.shanabooks.de","og_description":"Ko\u00e7era Kej - Harb\u00ee Soyl\u00fb Harb\u00ee Soylu didestp\u00eaka sal\u00ean 90\u00ee de kete heps\u00ea. Dor deh salan di heps\u00ean Diyarbekir, Entab \u00fb Bartin\u00ea de ma. Dor deh salan ...","og_url":"https:\/\/shanabooks.de\/product\/kocera-kej-harbi-soylu\/","og_site_name":"www.shanabooks.de","article_modified_time":"2026-01-01T19:48:57+00:00","og_image":[{"width":600,"height":900,"url":"https:\/\/shanabooks.de\/wp-content\/uploads\/2024\/03\/Kocera-Kej.jpg","type":"image\/jpeg"}],"twitter_card":"summary_large_image","twitter_misc":{"Est. reading time":"2 minutes"},"schema":{"@context":"https:\/\/schema.org","@graph":[{"@type":"WebPage","@id":"https:\/\/shanabooks.de\/product\/kocera-kej-harbi-soylu\/","url":"https:\/\/shanabooks.de\/product\/kocera-kej-harbi-soylu\/","name":"Ko\u00e7era Kej - Harb\u00ee Soyl\u00fb - www.shanabooks.de","isPartOf":{"@id":"https:\/\/shanabooks.de\/#website"},"primaryImageOfPage":{"@id":"https:\/\/shanabooks.de\/product\/kocera-kej-harbi-soylu\/#primaryimage"},"image":{"@id":"https:\/\/shanabooks.de\/product\/kocera-kej-harbi-soylu\/#primaryimage"},"thumbnailUrl":"https:\/\/shanabooks.de\/wp-content\/uploads\/2024\/03\/Kocera-Kej.jpg","datePublished":"2024-03-03T19:44:00+00:00","dateModified":"2026-01-01T19:48:57+00:00","description":"Ko\u00e7era Kej - Harb\u00ee Soyl\u00fb Harb\u00ee Soylu didestp\u00eaka sal\u00ean 90\u00ee de kete heps\u00ea. Dor deh salan di heps\u00ean Diyarbekir, Entab \u00fb Bartin\u00ea de ma. Dor deh salan ...","breadcrumb":{"@id":"https:\/\/shanabooks.de\/product\/kocera-kej-harbi-soylu\/#breadcrumb"},"inLanguage":"kur","potentialAction":[{"@type":"ReadAction","target":["https:\/\/shanabooks.de\/product\/kocera-kej-harbi-soylu\/"]}]},{"@type":"ImageObject","inLanguage":"kur","@id":"https:\/\/shanabooks.de\/product\/kocera-kej-harbi-soylu\/#primaryimage","url":"https:\/\/shanabooks.de\/wp-content\/uploads\/2024\/03\/Kocera-Kej.jpg","contentUrl":"https:\/\/shanabooks.de\/wp-content\/uploads\/2024\/03\/Kocera-Kej.jpg","width":600,"height":900,"caption":"Ko\u00e7era Kej - Harb\u00ee Soyl\u00fb - pirt\u00fbk\u00ean kurd\u00ee"},{"@type":"BreadcrumbList","@id":"https:\/\/shanabooks.de\/product\/kocera-kej-harbi-soylu\/#breadcrumb","itemListElement":[{"@type":"ListItem","position":1,"name":"\u0627\u0644\u0631\u0626\u064a\u0633\u064a\u0629","item":"https:\/\/shanabooks.de\/kur\/"},{"@type":"ListItem","position":2,"name":"\u0627\u0644\u0645\u0646\u062a\u062c\u0627\u062a","item":"https:\/\/shanabooks.de\/shop\/"},{"@type":"ListItem","position":3,"name":"Ko\u00e7era Kej"}]},{"@type":"WebSite","@id":"https:\/\/shanabooks.de\/#website","url":"https:\/\/shanabooks.de\/","name":"www.shanbooks.de","description":"C\u00eehana Pirt\u00fbk\u00ean Kurd\u00ee \u0645\u0643\u062a\u0628\u0629 \u0634\u0627\u0646\u0627 \u0641\u064a \u0627\u0644\u0645\u0627\u0646\u064a\u0627 \u0648\u0623\u0648\u0631\u0628\u0627","publisher":{"@id":"https:\/\/shanabooks.de\/#organization"},"potentialAction":[{"@type":"SearchAction","target":{"@type":"EntryPoint","urlTemplate":"https:\/\/shanabooks.de\/?s={search_term_string}"},"query-input":{"@type":"PropertyValueSpecification","valueRequired":true,"valueName":"search_term_string"}}],"inLanguage":"kur"},{"@type":"Organization","@id":"https:\/\/shanabooks.de\/#organization","name":"www.shanbooks.de","url":"https:\/\/shanabooks.de\/","logo":{"@type":"ImageObject","inLanguage":"kur","@id":"https:\/\/shanabooks.de\/#\/schema\/logo\/image\/","url":"https:\/\/shanabooks.de\/wp-content\/uploads\/2024\/03\/SHANABOOKS__2_-removebg-preview.png","contentUrl":"https:\/\/shanabooks.de\/wp-content\/uploads\/2024\/03\/SHANABOOKS__2_-removebg-preview.png","width":700,"height":150,"caption":"www.shanbooks.de"},"image":{"@id":"https:\/\/shanabooks.de\/#\/schema\/logo\/image\/"}}]}},"jetpack_sharing_enabled":true,"_links":{"self":[{"href":"https:\/\/shanabooks.de\/kur\/wp-json\/wp\/v2\/product\/12432","targetHints":{"allow":["GET"]}}],"collection":[{"href":"https:\/\/shanabooks.de\/kur\/wp-json\/wp\/v2\/product"}],"about":[{"href":"https:\/\/shanabooks.de\/kur\/wp-json\/wp\/v2\/types\/product"}],"version-history":[{"count":3,"href":"https:\/\/shanabooks.de\/kur\/wp-json\/wp\/v2\/product\/12432\/revisions"}],"predecessor-version":[{"id":18800,"href":"https:\/\/shanabooks.de\/kur\/wp-json\/wp\/v2\/product\/12432\/revisions\/18800"}],"wp:featuredmedia":[{"embeddable":true,"href":"https:\/\/shanabooks.de\/kur\/wp-json\/wp\/v2\/media\/12473"}],"wp:attachment":[{"href":"https:\/\/shanabooks.de\/kur\/wp-json\/wp\/v2\/media?parent=12432"}],"wp:term":[{"taxonomy":"product_brand","embeddable":true,"href":"https:\/\/shanabooks.de\/kur\/wp-json\/wp\/v2\/product_brand?post=12432"},{"taxonomy":"product_cat","embeddable":true,"href":"https:\/\/shanabooks.de\/kur\/wp-json\/wp\/v2\/product_cat?post=12432"},{"taxonomy":"product_tag","embeddable":true,"href":"https:\/\/shanabooks.de\/kur\/wp-json\/wp\/v2\/product_tag?post=12432"}],"curies":[{"name":"wp","href":"https:\/\/api.w.org\/{rel}","templated":true}]}}