{"id":12433,"date":"2024-03-03T19:44:00","date_gmt":"2024-03-03T19:44:00","guid":{"rendered":"https:\/\/shanabooks.de\/?post_type=product&#038;p=12433"},"modified":"2025-12-31T17:38:00","modified_gmt":"2025-12-31T17:38:00","slug":"bireweriya-las-ehlam-misteganimi","status":"publish","type":"product","link":"https:\/\/shanabooks.de\/kur\/product\/bireweriya-las-ehlam-misteganimi\/","title":{"rendered":"B\u00eereweriya La\u015f"},"content":{"rendered":"<p dir=\"ltr\"><strong>B\u00eereweriya La\u015f &#8211; Ehlam Misteganim\u00ee<\/strong><\/p>\n<p dir=\"ltr\">pirt\u00fbka B\u00eereweriya La\u015f ya niv\u00eeskara Ereb Ehlam Misteganim\u00ee ji wergera Jana Seyda ye.<\/p>\n<p dir=\"ltr\">Romana w\u00ea ez g\u00eaj kirim, ez k\u00eam caran li ber romanek\u00ea ji romanan g\u00eaj dibim. Sedem\u00ea g\u00eajb\u00fbna min j\u00ee ew e ku teksta min xwend, di\u015fibe min, tu dib\u00eaj\u00ee weke min d\u00een e, tevlihev e, \u00ear\u00eeker e, hov e, mirovhez e \u00fb dilbijok e; her weha weke min li dervey\u00ee zagon\u00ea ye.<br \/>\nEger kesek\u00ee ji min xwest ku ez v\u00ea roman\u00ea bi nav\u00ea xwe \u00eemze bikim, ev romana awarte ya ku bi barana helbest\u00ea hatiye \u015f\u00fb\u015ftin, b\u00ea dudil\u00ee ez \u00ea \u00eemze bikim. Gelo Ehlam Miste\u011fanm\u00ee di romana xwe de ez diniv\u00eesandim b\u00eay\u00ee ku bizanibe\u2026W\u00ea j\u00ee weke min bi ciwaniyeke b\u00eas\u00eenor, bi h\u00earseke b\u00eas\u00eenor \u00fb bi d\u00eenb\u00fbneke b\u00eas\u00eenor \u00ear\u00ee\u015f\u00ee kaxeza sp\u00ee dikir.<\/p>\n<p dir=\"ltr\">Ev roman helbesteke li ser hem\u00fb p\u00ealawazan hatiye niv\u00eesandin, p\u00ealawaza hezkirin\u00ea, p\u00ealawaza cins, p\u00ealawaza \u00eedeolojiya \u00fb \u015fore\u015fa Ceza\u00eer\u00ea bi hem\u00fb t\u00eako\u015fer\u00ean w\u00ea, sextekar\u00ean w\u00ea, leheng\u00ean w\u00ea, qatil \u00fb celad\u00ean w\u00ea, firi\u015ftey\u00ean w\u00ea \u00fb \u015feytan\u00ean w\u00ea, p\u00eaxember \u00fb diz\u00ean w\u00ea. Ev roman ne ten\u00ea b\u00eereweriya la\u015f hemb\u00eaz dike, l\u00ea d\u00eeroka \u00ea\u015fa Ceza\u00eer\u00ee, xemg\u00eeniya Ceza\u00eer\u00ee \u00fb berber\u00eetiya Ceza\u00eer\u00ee ya ku div\u00ea \u00ead\u00ee bi daw\u00ee bibe\u2026<br \/>\nN\u00eezar Qebban\u00ee<\/p>\n","protected":false},"excerpt":{"rendered":"<p dir=\"ltr\" style=\"text-align: center\"><strong>Niv\u00eeskar: Ehlam Misteganim\u00ee<\/strong><br \/>\n<strong>Pirt\u00fbk: B\u00eereweriya La\u015f<\/strong><br \/>\n<strong>Cure: Roman<\/strong><\/p>\n","protected":false},"featured_media":12494,"template":"","meta":{"site-sidebar-layout":"default","site-content-layout":"","ast-site-content-layout":"default","site-content-style":"default","site-sidebar-style":"default","ast-global-header-display":"","ast-banner-title-visibility":"","ast-main-header-display":"","ast-hfb-above-header-display":"","ast-hfb-below-header-display":"","ast-hfb-mobile-header-display":"","site-post-title":"","ast-breadcrumbs-content":"","ast-featured-img":"","footer-sml-layout":"","ast-disable-related-posts":"","theme-transparent-header-meta":"default","adv-header-id-meta":"","stick-header-meta":"","header-above-stick-meta":"","header-main-stick-meta":"","header-below-stick-meta":"","astra-migrate-meta-layouts":"set","ast-page-background-enabled":"default","ast-page-background-meta":{"desktop":{"background-color":"","background-image":"","background-repeat":"repeat","background-position":"center center","background-size":"auto","background-attachment":"scroll","background-type":"","background-media":"","overlay-type":"","overlay-color":"","overlay-opacity":"","overlay-gradient":""},"tablet":{"background-color":"","background-image":"","background-repeat":"repeat","background-position":"center center","background-size":"auto","background-attachment":"scroll","background-type":"","background-media":"","overlay-type":"","overlay-color":"","overlay-opacity":"","overlay-gradient":""},"mobile":{"background-color":"","background-image":"","background-repeat":"repeat","background-position":"center center","background-size":"auto","background-attachment":"scroll","background-type":"","background-media":"","overlay-type":"","overlay-color":"","overlay-opacity":"","overlay-gradient":""}},"ast-content-background-meta":{"desktop":{"background-color":"var(--ast-global-color-5)","background-image":"","background-repeat":"repeat","background-position":"center center","background-size":"auto","background-attachment":"scroll","background-type":"","background-media":"","overlay-type":"","overlay-color":"","overlay-opacity":"","overlay-gradient":""},"tablet":{"background-color":"var(--ast-global-color-5)","background-image":"","background-repeat":"repeat","background-position":"center center","background-size":"auto","background-attachment":"scroll","background-type":"","background-media":"","overlay-type":"","overlay-color":"","overlay-opacity":"","overlay-gradient":""},"mobile":{"background-color":"var(--ast-global-color-5)","background-image":"","background-repeat":"repeat","background-position":"center center","background-size":"auto","background-attachment":"scroll","background-type":"","background-media":"","overlay-type":"","overlay-color":"","overlay-opacity":"","overlay-gradient":""}}},"product_brand":[],"product_cat":[185,182,193],"product_tag":[],"class_list":{"0":"post-12433","1":"product","2":"type-product","3":"status-publish","4":"has-post-thumbnail","6":"product_cat--_","7":"product_cat-_","9":"pa_-roman","10":"pa_-wejeye-cihani","11":"pa_-ehlam-misteganimi","12":"pa_-kurmanci","13":"pa_--avesta-yayinlari","14":"desktop-align-left","15":"tablet-align-left","16":"mobile-align-left","18":"first","19":"instock","20":"shipping-taxable","21":"purchasable","22":"product-type-simple"},"yoast_head":"<!-- This site is optimized with the Yoast SEO plugin v27.4 - https:\/\/yoast.com\/product\/yoast-seo-wordpress\/ -->\n<title>B\u00eereweriya La\u015f - Ehlam Misteganim\u00ee - www.shanabooks.de<\/title>\n<meta name=\"description\" content=\"B\u00eereweriya La\u015f - Ehlam Misteganim\u00ee Romana w\u00ea ez g\u00eaj kirim, ez k\u00eam caran li ber romanek\u00ea ji romanan g\u00eaj dibim. Sedem\u00ea g\u00eajb\u00fbna min j\u00ee ew e ku teksta min xw...\" \/>\n<meta name=\"robots\" content=\"index, follow, max-snippet:-1, max-image-preview:large, max-video-preview:-1\" \/>\n<link rel=\"canonical\" href=\"https:\/\/shanabooks.de\/product\/bireweriya-las-ehlam-misteganimi\/\" \/>\n<meta property=\"og:locale\" content=\"en_US\" \/>\n<meta property=\"og:type\" content=\"article\" \/>\n<meta property=\"og:title\" content=\"B\u00eereweriya La\u015f - Ehlam Misteganim\u00ee - www.shanabooks.de\" \/>\n<meta property=\"og:description\" content=\"B\u00eereweriya La\u015f - Ehlam Misteganim\u00ee Romana w\u00ea ez g\u00eaj kirim, ez k\u00eam caran li ber romanek\u00ea ji romanan g\u00eaj dibim. Sedem\u00ea g\u00eajb\u00fbna min j\u00ee ew e ku teksta min xw...\" \/>\n<meta property=\"og:url\" content=\"https:\/\/shanabooks.de\/product\/bireweriya-las-ehlam-misteganimi\/\" \/>\n<meta property=\"og:site_name\" content=\"www.shanabooks.de\" \/>\n<meta property=\"article:modified_time\" content=\"2025-12-31T17:38:00+00:00\" \/>\n<meta property=\"og:image\" content=\"https:\/\/shanabooks.de\/wp-content\/uploads\/2024\/03\/Bireweriya-las.jpg\" \/>\n\t<meta property=\"og:image:width\" content=\"600\" \/>\n\t<meta property=\"og:image:height\" content=\"900\" \/>\n\t<meta property=\"og:image:type\" content=\"image\/jpeg\" \/>\n<meta name=\"twitter:card\" content=\"summary_large_image\" \/>\n<meta name=\"twitter:label1\" content=\"Est. reading time\" \/>\n\t<meta name=\"twitter:data1\" content=\"2 minutes\" \/>\n<script type=\"application\/ld+json\" class=\"yoast-schema-graph\">{\"@context\":\"https:\\\/\\\/schema.org\",\"@graph\":[{\"@type\":\"WebPage\",\"@id\":\"https:\\\/\\\/shanabooks.de\\\/product\\\/bireweriya-las-ehlam-misteganimi\\\/\",\"url\":\"https:\\\/\\\/shanabooks.de\\\/product\\\/bireweriya-las-ehlam-misteganimi\\\/\",\"name\":\"B\u00eereweriya La\u015f - Ehlam Misteganim\u00ee - www.shanabooks.de\",\"isPartOf\":{\"@id\":\"https:\\\/\\\/shanabooks.de\\\/#website\"},\"primaryImageOfPage\":{\"@id\":\"https:\\\/\\\/shanabooks.de\\\/product\\\/bireweriya-las-ehlam-misteganimi\\\/#primaryimage\"},\"image\":{\"@id\":\"https:\\\/\\\/shanabooks.de\\\/product\\\/bireweriya-las-ehlam-misteganimi\\\/#primaryimage\"},\"thumbnailUrl\":\"https:\\\/\\\/shanabooks.de\\\/wp-content\\\/uploads\\\/2024\\\/03\\\/Bireweriya-las.jpg\",\"datePublished\":\"2024-03-03T19:44:00+00:00\",\"dateModified\":\"2025-12-31T17:38:00+00:00\",\"description\":\"B\u00eereweriya La\u015f - Ehlam Misteganim\u00ee Romana w\u00ea ez g\u00eaj kirim, ez k\u00eam caran li ber romanek\u00ea ji romanan g\u00eaj dibim. Sedem\u00ea g\u00eajb\u00fbna min j\u00ee ew e ku teksta min xw...\",\"breadcrumb\":{\"@id\":\"https:\\\/\\\/shanabooks.de\\\/product\\\/bireweriya-las-ehlam-misteganimi\\\/#breadcrumb\"},\"inLanguage\":\"kur\",\"potentialAction\":[{\"@type\":\"ReadAction\",\"target\":[\"https:\\\/\\\/shanabooks.de\\\/product\\\/bireweriya-las-ehlam-misteganimi\\\/\"]}]},{\"@type\":\"ImageObject\",\"inLanguage\":\"kur\",\"@id\":\"https:\\\/\\\/shanabooks.de\\\/product\\\/bireweriya-las-ehlam-misteganimi\\\/#primaryimage\",\"url\":\"https:\\\/\\\/shanabooks.de\\\/wp-content\\\/uploads\\\/2024\\\/03\\\/Bireweriya-las.jpg\",\"contentUrl\":\"https:\\\/\\\/shanabooks.de\\\/wp-content\\\/uploads\\\/2024\\\/03\\\/Bireweriya-las.jpg\",\"width\":600,\"height\":900,\"caption\":\"B\u00eereweriya La\u015f - Ehlam Misteganim\u00ee - pirt\u00fbk\u00ean kurd\u00ee\"},{\"@type\":\"BreadcrumbList\",\"@id\":\"https:\\\/\\\/shanabooks.de\\\/product\\\/bireweriya-las-ehlam-misteganimi\\\/#breadcrumb\",\"itemListElement\":[{\"@type\":\"ListItem\",\"position\":1,\"name\":\"\u0627\u0644\u0631\u0626\u064a\u0633\u064a\u0629\",\"item\":\"https:\\\/\\\/shanabooks.de\\\/kur\\\/\"},{\"@type\":\"ListItem\",\"position\":2,\"name\":\"\u0627\u0644\u0645\u0646\u062a\u062c\u0627\u062a\",\"item\":\"https:\\\/\\\/shanabooks.de\\\/shop\\\/\"},{\"@type\":\"ListItem\",\"position\":3,\"name\":\"B\u00eereweriya La\u015f\"}]},{\"@type\":\"WebSite\",\"@id\":\"https:\\\/\\\/shanabooks.de\\\/#website\",\"url\":\"https:\\\/\\\/shanabooks.de\\\/\",\"name\":\"www.shanbooks.de\",\"description\":\"C\u00eehana Pirt\u00fbk\u00ean Kurd\u00ee \u0645\u0643\u062a\u0628\u0629 \u0634\u0627\u0646\u0627 \u0641\u064a \u0627\u0644\u0645\u0627\u0646\u064a\u0627 \u0648\u0623\u0648\u0631\u0628\u0627\",\"publisher\":{\"@id\":\"https:\\\/\\\/shanabooks.de\\\/#organization\"},\"potentialAction\":[{\"@type\":\"SearchAction\",\"target\":{\"@type\":\"EntryPoint\",\"urlTemplate\":\"https:\\\/\\\/shanabooks.de\\\/?s={search_term_string}\"},\"query-input\":{\"@type\":\"PropertyValueSpecification\",\"valueRequired\":true,\"valueName\":\"search_term_string\"}}],\"inLanguage\":\"kur\"},{\"@type\":\"Organization\",\"@id\":\"https:\\\/\\\/shanabooks.de\\\/#organization\",\"name\":\"www.shanbooks.de\",\"url\":\"https:\\\/\\\/shanabooks.de\\\/\",\"logo\":{\"@type\":\"ImageObject\",\"inLanguage\":\"kur\",\"@id\":\"https:\\\/\\\/shanabooks.de\\\/#\\\/schema\\\/logo\\\/image\\\/\",\"url\":\"https:\\\/\\\/shanabooks.de\\\/wp-content\\\/uploads\\\/2024\\\/03\\\/SHANABOOKS__2_-removebg-preview.png\",\"contentUrl\":\"https:\\\/\\\/shanabooks.de\\\/wp-content\\\/uploads\\\/2024\\\/03\\\/SHANABOOKS__2_-removebg-preview.png\",\"width\":700,\"height\":150,\"caption\":\"www.shanbooks.de\"},\"image\":{\"@id\":\"https:\\\/\\\/shanabooks.de\\\/#\\\/schema\\\/logo\\\/image\\\/\"}}]}<\/script>\n<!-- \/ Yoast SEO plugin. -->","yoast_head_json":{"title":"B\u00eereweriya La\u015f - Ehlam Misteganim\u00ee - www.shanabooks.de","description":"B\u00eereweriya La\u015f - Ehlam Misteganim\u00ee Romana w\u00ea ez g\u00eaj kirim, ez k\u00eam caran li ber romanek\u00ea ji romanan g\u00eaj dibim. Sedem\u00ea g\u00eajb\u00fbna min j\u00ee ew e ku teksta min xw...","robots":{"index":"index","follow":"follow","max-snippet":"max-snippet:-1","max-image-preview":"max-image-preview:large","max-video-preview":"max-video-preview:-1"},"canonical":"https:\/\/shanabooks.de\/product\/bireweriya-las-ehlam-misteganimi\/","og_locale":"en_US","og_type":"article","og_title":"B\u00eereweriya La\u015f - Ehlam Misteganim\u00ee - www.shanabooks.de","og_description":"B\u00eereweriya La\u015f - Ehlam Misteganim\u00ee Romana w\u00ea ez g\u00eaj kirim, ez k\u00eam caran li ber romanek\u00ea ji romanan g\u00eaj dibim. Sedem\u00ea g\u00eajb\u00fbna min j\u00ee ew e ku teksta min xw...","og_url":"https:\/\/shanabooks.de\/product\/bireweriya-las-ehlam-misteganimi\/","og_site_name":"www.shanabooks.de","article_modified_time":"2025-12-31T17:38:00+00:00","og_image":[{"width":600,"height":900,"url":"https:\/\/shanabooks.de\/wp-content\/uploads\/2024\/03\/Bireweriya-las.jpg","type":"image\/jpeg"}],"twitter_card":"summary_large_image","twitter_misc":{"Est. reading time":"2 minutes"},"schema":{"@context":"https:\/\/schema.org","@graph":[{"@type":"WebPage","@id":"https:\/\/shanabooks.de\/product\/bireweriya-las-ehlam-misteganimi\/","url":"https:\/\/shanabooks.de\/product\/bireweriya-las-ehlam-misteganimi\/","name":"B\u00eereweriya La\u015f - Ehlam Misteganim\u00ee - www.shanabooks.de","isPartOf":{"@id":"https:\/\/shanabooks.de\/#website"},"primaryImageOfPage":{"@id":"https:\/\/shanabooks.de\/product\/bireweriya-las-ehlam-misteganimi\/#primaryimage"},"image":{"@id":"https:\/\/shanabooks.de\/product\/bireweriya-las-ehlam-misteganimi\/#primaryimage"},"thumbnailUrl":"https:\/\/shanabooks.de\/wp-content\/uploads\/2024\/03\/Bireweriya-las.jpg","datePublished":"2024-03-03T19:44:00+00:00","dateModified":"2025-12-31T17:38:00+00:00","description":"B\u00eereweriya La\u015f - Ehlam Misteganim\u00ee Romana w\u00ea ez g\u00eaj kirim, ez k\u00eam caran li ber romanek\u00ea ji romanan g\u00eaj dibim. Sedem\u00ea g\u00eajb\u00fbna min j\u00ee ew e ku teksta min xw...","breadcrumb":{"@id":"https:\/\/shanabooks.de\/product\/bireweriya-las-ehlam-misteganimi\/#breadcrumb"},"inLanguage":"kur","potentialAction":[{"@type":"ReadAction","target":["https:\/\/shanabooks.de\/product\/bireweriya-las-ehlam-misteganimi\/"]}]},{"@type":"ImageObject","inLanguage":"kur","@id":"https:\/\/shanabooks.de\/product\/bireweriya-las-ehlam-misteganimi\/#primaryimage","url":"https:\/\/shanabooks.de\/wp-content\/uploads\/2024\/03\/Bireweriya-las.jpg","contentUrl":"https:\/\/shanabooks.de\/wp-content\/uploads\/2024\/03\/Bireweriya-las.jpg","width":600,"height":900,"caption":"B\u00eereweriya La\u015f - Ehlam Misteganim\u00ee - pirt\u00fbk\u00ean kurd\u00ee"},{"@type":"BreadcrumbList","@id":"https:\/\/shanabooks.de\/product\/bireweriya-las-ehlam-misteganimi\/#breadcrumb","itemListElement":[{"@type":"ListItem","position":1,"name":"\u0627\u0644\u0631\u0626\u064a\u0633\u064a\u0629","item":"https:\/\/shanabooks.de\/kur\/"},{"@type":"ListItem","position":2,"name":"\u0627\u0644\u0645\u0646\u062a\u062c\u0627\u062a","item":"https:\/\/shanabooks.de\/shop\/"},{"@type":"ListItem","position":3,"name":"B\u00eereweriya La\u015f"}]},{"@type":"WebSite","@id":"https:\/\/shanabooks.de\/#website","url":"https:\/\/shanabooks.de\/","name":"www.shanbooks.de","description":"C\u00eehana Pirt\u00fbk\u00ean Kurd\u00ee \u0645\u0643\u062a\u0628\u0629 \u0634\u0627\u0646\u0627 \u0641\u064a \u0627\u0644\u0645\u0627\u0646\u064a\u0627 \u0648\u0623\u0648\u0631\u0628\u0627","publisher":{"@id":"https:\/\/shanabooks.de\/#organization"},"potentialAction":[{"@type":"SearchAction","target":{"@type":"EntryPoint","urlTemplate":"https:\/\/shanabooks.de\/?s={search_term_string}"},"query-input":{"@type":"PropertyValueSpecification","valueRequired":true,"valueName":"search_term_string"}}],"inLanguage":"kur"},{"@type":"Organization","@id":"https:\/\/shanabooks.de\/#organization","name":"www.shanbooks.de","url":"https:\/\/shanabooks.de\/","logo":{"@type":"ImageObject","inLanguage":"kur","@id":"https:\/\/shanabooks.de\/#\/schema\/logo\/image\/","url":"https:\/\/shanabooks.de\/wp-content\/uploads\/2024\/03\/SHANABOOKS__2_-removebg-preview.png","contentUrl":"https:\/\/shanabooks.de\/wp-content\/uploads\/2024\/03\/SHANABOOKS__2_-removebg-preview.png","width":700,"height":150,"caption":"www.shanbooks.de"},"image":{"@id":"https:\/\/shanabooks.de\/#\/schema\/logo\/image\/"}}]}},"jetpack_sharing_enabled":true,"_links":{"self":[{"href":"https:\/\/shanabooks.de\/kur\/wp-json\/wp\/v2\/product\/12433","targetHints":{"allow":["GET"]}}],"collection":[{"href":"https:\/\/shanabooks.de\/kur\/wp-json\/wp\/v2\/product"}],"about":[{"href":"https:\/\/shanabooks.de\/kur\/wp-json\/wp\/v2\/types\/product"}],"version-history":[{"count":3,"href":"https:\/\/shanabooks.de\/kur\/wp-json\/wp\/v2\/product\/12433\/revisions"}],"predecessor-version":[{"id":18805,"href":"https:\/\/shanabooks.de\/kur\/wp-json\/wp\/v2\/product\/12433\/revisions\/18805"}],"wp:featuredmedia":[{"embeddable":true,"href":"https:\/\/shanabooks.de\/kur\/wp-json\/wp\/v2\/media\/12494"}],"wp:attachment":[{"href":"https:\/\/shanabooks.de\/kur\/wp-json\/wp\/v2\/media?parent=12433"}],"wp:term":[{"taxonomy":"product_brand","embeddable":true,"href":"https:\/\/shanabooks.de\/kur\/wp-json\/wp\/v2\/product_brand?post=12433"},{"taxonomy":"product_cat","embeddable":true,"href":"https:\/\/shanabooks.de\/kur\/wp-json\/wp\/v2\/product_cat?post=12433"},{"taxonomy":"product_tag","embeddable":true,"href":"https:\/\/shanabooks.de\/kur\/wp-json\/wp\/v2\/product_tag?post=12433"}],"curies":[{"name":"wp","href":"https:\/\/api.w.org\/{rel}","templated":true}]}}