{"id":12435,"date":"2024-03-03T19:44:00","date_gmt":"2024-03-03T19:44:00","guid":{"rendered":"https:\/\/shanabooks.de\/?post_type=product&#038;p=12435"},"modified":"2024-03-16T00:57:52","modified_gmt":"2024-03-16T00:57:52","slug":"avahiya-keviri-u-en-din-asli-erdogan","status":"publish","type":"product","link":"https:\/\/shanabooks.de\/kur\/product\/avahiya-keviri-u-en-din-asli-erdogan\/","title":{"rendered":"Avahiya Kevir\u00ee \u00fb \u00can Din"},"content":{"rendered":"<p dir=\"ltr\"><strong>Avahiya Kevir\u00ee \u00fb \u00can Din &#8211; Asl\u00ee Erdogan<\/strong><\/p>\n<p dir=\"ltr\">\u00c7i \u00e7ax be ew \u00ea \u015fev bi daw\u00ee bib\u00fbya, ew \u00ea \u015feveqeke ku dinyay\u00ea h\u00eaj ew ned\u00eetiye biav\u00eata. \u00c7i \u00e7ax be ew \u00ea der\u00ee veb\u00fbya, meras\u00eema derbasb\u00fbna saetan, a as\u00eeman \u00fb \u00e7ol\u00ean li as\u00eemanan dest p\u00ea bikira. Heta w\u00ea \u00e7ax\u00ea li r\u00fby\u00ea \u015fev\u00ea y\u00ea b\u00eaxew, y\u00ea \u00e7alb\u00fby\u00ee, y\u00ea bi dewsa peh\u00eenan re\u015fb\u00fby\u00ee, min \u00ea ser\u00ea xwe daniya ser \u00e7ok\u00ean xwe \u00fb li benda hatina dora xwe bisekiniyama. Li benda bidaw\u00eeb\u00fbna \u00e7\u00eerokeke ku ji z\u00fb ve ez ji b\u00eer kirime\u2026 Weke ku li g\u00fbzikek\u00ea bistirim min \u00ea \u00e7aren\u00fbsa te li xwe bikira, li benda dema q\u00eer\u00eena te bigirim ser xwe bimama. B\u00eadengiya ku te ew bi q\u00eer\u00eena xwe ya kerr a daw\u00ee ji min re hi\u015ftib\u00fb. Tu ji bo fir\u00een\u00ea amade y\u00ee? Na, ne amade me.<\/p>\n<p dir=\"ltr\">Avahiya Kevir\u00ee \u00fb \u00can Din ya Asl\u00ee Erdogan ji wergera Erd Agron e.<\/p>\n","protected":false},"excerpt":{"rendered":"<p dir=\"ltr\" style=\"text-align: center\"><strong>Pirt\u00fbk: Avahiya Kevir\u00ee \u00fb \u00can Din<\/strong><br \/>\n<strong>Niv\u00eeskar: Asl\u00ee Erdogan<br \/>\nCure: \u00c7\u00eerok<\/strong><\/p>\n","protected":false},"featured_media":5184,"template":"","meta":{"site-sidebar-layout":"default","site-content-layout":"","ast-site-content-layout":"default","site-content-style":"default","site-sidebar-style":"default","ast-global-header-display":"","ast-banner-title-visibility":"","ast-main-header-display":"","ast-hfb-above-header-display":"","ast-hfb-below-header-display":"","ast-hfb-mobile-header-display":"","site-post-title":"","ast-breadcrumbs-content":"","ast-featured-img":"","footer-sml-layout":"","ast-disable-related-posts":"","theme-transparent-header-meta":"default","adv-header-id-meta":"","stick-header-meta":"","header-above-stick-meta":"","header-main-stick-meta":"","header-below-stick-meta":"","astra-migrate-meta-layouts":"set","ast-page-background-enabled":"default","ast-page-background-meta":{"desktop":{"background-color":"","background-image":"","background-repeat":"repeat","background-position":"center center","background-size":"auto","background-attachment":"scroll","background-type":"","background-media":"","overlay-type":"","overlay-color":"","overlay-opacity":"","overlay-gradient":""},"tablet":{"background-color":"","background-image":"","background-repeat":"repeat","background-position":"center center","background-size":"auto","background-attachment":"scroll","background-type":"","background-media":"","overlay-type":"","overlay-color":"","overlay-opacity":"","overlay-gradient":""},"mobile":{"background-color":"","background-image":"","background-repeat":"repeat","background-position":"center center","background-size":"auto","background-attachment":"scroll","background-type":"","background-media":"","overlay-type":"","overlay-color":"","overlay-opacity":"","overlay-gradient":""}},"ast-content-background-meta":{"desktop":{"background-color":"var(--ast-global-color-5)","background-image":"","background-repeat":"repeat","background-position":"center center","background-size":"auto","background-attachment":"scroll","background-type":"","background-media":"","overlay-type":"","overlay-color":"","overlay-opacity":"","overlay-gradient":""},"tablet":{"background-color":"var(--ast-global-color-5)","background-image":"","background-repeat":"repeat","background-position":"center center","background-size":"auto","background-attachment":"scroll","background-type":"","background-media":"","overlay-type":"","overlay-color":"","overlay-opacity":"","overlay-gradient":""},"mobile":{"background-color":"var(--ast-global-color-5)","background-image":"","background-repeat":"repeat","background-position":"center center","background-size":"auto","background-attachment":"scroll","background-type":"","background-media":"","overlay-type":"","overlay-color":"","overlay-opacity":"","overlay-gradient":""}}},"product_brand":[],"product_cat":[185,183,193],"product_tag":[],"class_list":{"0":"post-12435","1":"product","2":"type-product","3":"status-publish","4":"has-post-thumbnail","6":"product_cat--_","7":"product_cat-_","9":"pa_-cirok","10":"pa_-wejeye-cihani","11":"pa_-asli-erdogan","12":"pa_-kurmanci","13":"pa_--aryen","14":"desktop-align-left","15":"tablet-align-left","16":"mobile-align-left","18":"first","19":"instock","20":"shipping-taxable","21":"purchasable","22":"product-type-simple"},"yoast_head":"<!-- This site is optimized with the Yoast SEO plugin v27.4 - https:\/\/yoast.com\/product\/yoast-seo-wordpress\/ -->\n<title>Avahiya Kevir\u00ee \u00fb \u00can Din - Asl\u00ee Erdogan - www.shanabooks.de<\/title>\n<meta name=\"description\" content=\"Avahiya Kevir\u00ee \u00fb \u00can Din - Asl\u00ee Erdogan \u00c7i \u00e7ax be ew \u00ea \u015fev bi daw\u00ee bib\u00fbya, ew \u00ea \u015feveqeke ku dinyay\u00ea h\u00eaj ew ned\u00eetiye biav\u00eata. \u00c7i \u00e7ax be ew \u00ea der\u00ee ve ....\" \/>\n<meta name=\"robots\" content=\"index, follow, max-snippet:-1, max-image-preview:large, max-video-preview:-1\" \/>\n<link rel=\"canonical\" href=\"https:\/\/shanabooks.de\/kur\/product\/avahiya-keviri-u-en-din-asli-erdogan\/\" \/>\n<meta property=\"og:locale\" content=\"en_US\" \/>\n<meta property=\"og:type\" content=\"article\" \/>\n<meta property=\"og:title\" content=\"Avahiya Kevir\u00ee \u00fb \u00can Din - Asl\u00ee Erdogan - www.shanabooks.de\" \/>\n<meta property=\"og:description\" content=\"Avahiya Kevir\u00ee \u00fb \u00can Din - Asl\u00ee Erdogan \u00c7i \u00e7ax be ew \u00ea \u015fev bi daw\u00ee bib\u00fbya, ew \u00ea \u015feveqeke ku dinyay\u00ea h\u00eaj ew ned\u00eetiye biav\u00eata. \u00c7i \u00e7ax be ew \u00ea der\u00ee ve ....\" \/>\n<meta property=\"og:url\" content=\"https:\/\/shanabooks.de\/kur\/product\/avahiya-keviri-u-en-din-asli-erdogan\/\" \/>\n<meta property=\"og:site_name\" content=\"www.shanabooks.de\" \/>\n<meta property=\"article:modified_time\" content=\"2024-03-16T00:57:52+00:00\" \/>\n<meta property=\"og:image\" content=\"https:\/\/shanabooks.de\/wp-content\/uploads\/2024\/01\/Avahiya-keviri-u-en-din.png\" \/>\n\t<meta property=\"og:image:width\" content=\"308\" \/>\n\t<meta property=\"og:image:height\" content=\"476\" \/>\n\t<meta property=\"og:image:type\" content=\"image\/png\" \/>\n<meta name=\"twitter:card\" content=\"summary_large_image\" \/>\n<meta name=\"twitter:label1\" content=\"Est. reading time\" \/>\n\t<meta name=\"twitter:data1\" content=\"2 minutes\" \/>\n<script type=\"application\/ld+json\" class=\"yoast-schema-graph\">{\"@context\":\"https:\\\/\\\/schema.org\",\"@graph\":[{\"@type\":\"WebPage\",\"@id\":\"https:\\\/\\\/shanabooks.de\\\/kur\\\/product\\\/avahiya-keviri-u-en-din-asli-erdogan\\\/\",\"url\":\"https:\\\/\\\/shanabooks.de\\\/kur\\\/product\\\/avahiya-keviri-u-en-din-asli-erdogan\\\/\",\"name\":\"Avahiya Kevir\u00ee \u00fb \u00can Din - Asl\u00ee Erdogan - www.shanabooks.de\",\"isPartOf\":{\"@id\":\"https:\\\/\\\/shanabooks.de\\\/#website\"},\"primaryImageOfPage\":{\"@id\":\"https:\\\/\\\/shanabooks.de\\\/kur\\\/product\\\/avahiya-keviri-u-en-din-asli-erdogan\\\/#primaryimage\"},\"image\":{\"@id\":\"https:\\\/\\\/shanabooks.de\\\/kur\\\/product\\\/avahiya-keviri-u-en-din-asli-erdogan\\\/#primaryimage\"},\"thumbnailUrl\":\"https:\\\/\\\/shanabooks.de\\\/wp-content\\\/uploads\\\/2024\\\/01\\\/Avahiya-keviri-u-en-din.png\",\"datePublished\":\"2024-03-03T19:44:00+00:00\",\"dateModified\":\"2024-03-16T00:57:52+00:00\",\"description\":\"Avahiya Kevir\u00ee \u00fb \u00can Din - Asl\u00ee Erdogan \u00c7i \u00e7ax be ew \u00ea \u015fev bi daw\u00ee bib\u00fbya, ew \u00ea \u015feveqeke ku dinyay\u00ea h\u00eaj ew ned\u00eetiye biav\u00eata. \u00c7i \u00e7ax be ew \u00ea der\u00ee ve ....\",\"breadcrumb\":{\"@id\":\"https:\\\/\\\/shanabooks.de\\\/kur\\\/product\\\/avahiya-keviri-u-en-din-asli-erdogan\\\/#breadcrumb\"},\"inLanguage\":\"kur\",\"potentialAction\":[{\"@type\":\"ReadAction\",\"target\":[\"https:\\\/\\\/shanabooks.de\\\/kur\\\/product\\\/avahiya-keviri-u-en-din-asli-erdogan\\\/\"]}]},{\"@type\":\"ImageObject\",\"inLanguage\":\"kur\",\"@id\":\"https:\\\/\\\/shanabooks.de\\\/kur\\\/product\\\/avahiya-keviri-u-en-din-asli-erdogan\\\/#primaryimage\",\"url\":\"https:\\\/\\\/shanabooks.de\\\/wp-content\\\/uploads\\\/2024\\\/01\\\/Avahiya-keviri-u-en-din.png\",\"contentUrl\":\"https:\\\/\\\/shanabooks.de\\\/wp-content\\\/uploads\\\/2024\\\/01\\\/Avahiya-keviri-u-en-din.png\",\"width\":308,\"height\":476,\"caption\":\"Avahiya Kevir\u00ee \u00fb \u00can Din - Asl\u00ee Erdogan - pirt\u00fbk\u00ean kurd\u00ee\"},{\"@type\":\"BreadcrumbList\",\"@id\":\"https:\\\/\\\/shanabooks.de\\\/kur\\\/product\\\/avahiya-keviri-u-en-din-asli-erdogan\\\/#breadcrumb\",\"itemListElement\":[{\"@type\":\"ListItem\",\"position\":1,\"name\":\"\u0627\u0644\u0631\u0626\u064a\u0633\u064a\u0629\",\"item\":\"https:\\\/\\\/shanabooks.de\\\/kur\\\/\"},{\"@type\":\"ListItem\",\"position\":2,\"name\":\"\u0627\u0644\u0645\u0646\u062a\u062c\u0627\u062a\",\"item\":\"https:\\\/\\\/shanabooks.de\\\/shop\\\/\"},{\"@type\":\"ListItem\",\"position\":3,\"name\":\"Avahiya Kevir\u00ee \u00fb \u00can Din\"}]},{\"@type\":\"WebSite\",\"@id\":\"https:\\\/\\\/shanabooks.de\\\/#website\",\"url\":\"https:\\\/\\\/shanabooks.de\\\/\",\"name\":\"www.shanbooks.de\",\"description\":\"C\u00eehana Pirt\u00fbk\u00ean Kurd\u00ee \u0645\u0643\u062a\u0628\u0629 \u0634\u0627\u0646\u0627 \u0641\u064a \u0627\u0644\u0645\u0627\u0646\u064a\u0627 \u0648\u0623\u0648\u0631\u0628\u0627\",\"publisher\":{\"@id\":\"https:\\\/\\\/shanabooks.de\\\/#organization\"},\"potentialAction\":[{\"@type\":\"SearchAction\",\"target\":{\"@type\":\"EntryPoint\",\"urlTemplate\":\"https:\\\/\\\/shanabooks.de\\\/?s={search_term_string}\"},\"query-input\":{\"@type\":\"PropertyValueSpecification\",\"valueRequired\":true,\"valueName\":\"search_term_string\"}}],\"inLanguage\":\"kur\"},{\"@type\":\"Organization\",\"@id\":\"https:\\\/\\\/shanabooks.de\\\/#organization\",\"name\":\"www.shanbooks.de\",\"url\":\"https:\\\/\\\/shanabooks.de\\\/\",\"logo\":{\"@type\":\"ImageObject\",\"inLanguage\":\"kur\",\"@id\":\"https:\\\/\\\/shanabooks.de\\\/#\\\/schema\\\/logo\\\/image\\\/\",\"url\":\"https:\\\/\\\/shanabooks.de\\\/wp-content\\\/uploads\\\/2024\\\/03\\\/SHANABOOKS__2_-removebg-preview.png\",\"contentUrl\":\"https:\\\/\\\/shanabooks.de\\\/wp-content\\\/uploads\\\/2024\\\/03\\\/SHANABOOKS__2_-removebg-preview.png\",\"width\":700,\"height\":150,\"caption\":\"www.shanbooks.de\"},\"image\":{\"@id\":\"https:\\\/\\\/shanabooks.de\\\/#\\\/schema\\\/logo\\\/image\\\/\"}}]}<\/script>\n<!-- \/ Yoast SEO plugin. -->","yoast_head_json":{"title":"Avahiya Kevir\u00ee \u00fb \u00can Din - Asl\u00ee Erdogan - www.shanabooks.de","description":"Avahiya Kevir\u00ee \u00fb \u00can Din - Asl\u00ee Erdogan \u00c7i \u00e7ax be ew \u00ea \u015fev bi daw\u00ee bib\u00fbya, ew \u00ea \u015feveqeke ku dinyay\u00ea h\u00eaj ew ned\u00eetiye biav\u00eata. \u00c7i \u00e7ax be ew \u00ea der\u00ee ve ....","robots":{"index":"index","follow":"follow","max-snippet":"max-snippet:-1","max-image-preview":"max-image-preview:large","max-video-preview":"max-video-preview:-1"},"canonical":"https:\/\/shanabooks.de\/kur\/product\/avahiya-keviri-u-en-din-asli-erdogan\/","og_locale":"en_US","og_type":"article","og_title":"Avahiya Kevir\u00ee \u00fb \u00can Din - Asl\u00ee Erdogan - www.shanabooks.de","og_description":"Avahiya Kevir\u00ee \u00fb \u00can Din - Asl\u00ee Erdogan \u00c7i \u00e7ax be ew \u00ea \u015fev bi daw\u00ee bib\u00fbya, ew \u00ea \u015feveqeke ku dinyay\u00ea h\u00eaj ew ned\u00eetiye biav\u00eata. \u00c7i \u00e7ax be ew \u00ea der\u00ee ve ....","og_url":"https:\/\/shanabooks.de\/kur\/product\/avahiya-keviri-u-en-din-asli-erdogan\/","og_site_name":"www.shanabooks.de","article_modified_time":"2024-03-16T00:57:52+00:00","og_image":[{"width":308,"height":476,"url":"https:\/\/shanabooks.de\/wp-content\/uploads\/2024\/01\/Avahiya-keviri-u-en-din.png","type":"image\/png"}],"twitter_card":"summary_large_image","twitter_misc":{"Est. reading time":"2 minutes"},"schema":{"@context":"https:\/\/schema.org","@graph":[{"@type":"WebPage","@id":"https:\/\/shanabooks.de\/kur\/product\/avahiya-keviri-u-en-din-asli-erdogan\/","url":"https:\/\/shanabooks.de\/kur\/product\/avahiya-keviri-u-en-din-asli-erdogan\/","name":"Avahiya Kevir\u00ee \u00fb \u00can Din - Asl\u00ee Erdogan - www.shanabooks.de","isPartOf":{"@id":"https:\/\/shanabooks.de\/#website"},"primaryImageOfPage":{"@id":"https:\/\/shanabooks.de\/kur\/product\/avahiya-keviri-u-en-din-asli-erdogan\/#primaryimage"},"image":{"@id":"https:\/\/shanabooks.de\/kur\/product\/avahiya-keviri-u-en-din-asli-erdogan\/#primaryimage"},"thumbnailUrl":"https:\/\/shanabooks.de\/wp-content\/uploads\/2024\/01\/Avahiya-keviri-u-en-din.png","datePublished":"2024-03-03T19:44:00+00:00","dateModified":"2024-03-16T00:57:52+00:00","description":"Avahiya Kevir\u00ee \u00fb \u00can Din - Asl\u00ee Erdogan \u00c7i \u00e7ax be ew \u00ea \u015fev bi daw\u00ee bib\u00fbya, ew \u00ea \u015feveqeke ku dinyay\u00ea h\u00eaj ew ned\u00eetiye biav\u00eata. \u00c7i \u00e7ax be ew \u00ea der\u00ee ve ....","breadcrumb":{"@id":"https:\/\/shanabooks.de\/kur\/product\/avahiya-keviri-u-en-din-asli-erdogan\/#breadcrumb"},"inLanguage":"kur","potentialAction":[{"@type":"ReadAction","target":["https:\/\/shanabooks.de\/kur\/product\/avahiya-keviri-u-en-din-asli-erdogan\/"]}]},{"@type":"ImageObject","inLanguage":"kur","@id":"https:\/\/shanabooks.de\/kur\/product\/avahiya-keviri-u-en-din-asli-erdogan\/#primaryimage","url":"https:\/\/shanabooks.de\/wp-content\/uploads\/2024\/01\/Avahiya-keviri-u-en-din.png","contentUrl":"https:\/\/shanabooks.de\/wp-content\/uploads\/2024\/01\/Avahiya-keviri-u-en-din.png","width":308,"height":476,"caption":"Avahiya Kevir\u00ee \u00fb \u00can Din - Asl\u00ee Erdogan - pirt\u00fbk\u00ean kurd\u00ee"},{"@type":"BreadcrumbList","@id":"https:\/\/shanabooks.de\/kur\/product\/avahiya-keviri-u-en-din-asli-erdogan\/#breadcrumb","itemListElement":[{"@type":"ListItem","position":1,"name":"\u0627\u0644\u0631\u0626\u064a\u0633\u064a\u0629","item":"https:\/\/shanabooks.de\/kur\/"},{"@type":"ListItem","position":2,"name":"\u0627\u0644\u0645\u0646\u062a\u062c\u0627\u062a","item":"https:\/\/shanabooks.de\/shop\/"},{"@type":"ListItem","position":3,"name":"Avahiya Kevir\u00ee \u00fb \u00can Din"}]},{"@type":"WebSite","@id":"https:\/\/shanabooks.de\/#website","url":"https:\/\/shanabooks.de\/","name":"www.shanbooks.de","description":"C\u00eehana Pirt\u00fbk\u00ean Kurd\u00ee \u0645\u0643\u062a\u0628\u0629 \u0634\u0627\u0646\u0627 \u0641\u064a \u0627\u0644\u0645\u0627\u0646\u064a\u0627 \u0648\u0623\u0648\u0631\u0628\u0627","publisher":{"@id":"https:\/\/shanabooks.de\/#organization"},"potentialAction":[{"@type":"SearchAction","target":{"@type":"EntryPoint","urlTemplate":"https:\/\/shanabooks.de\/?s={search_term_string}"},"query-input":{"@type":"PropertyValueSpecification","valueRequired":true,"valueName":"search_term_string"}}],"inLanguage":"kur"},{"@type":"Organization","@id":"https:\/\/shanabooks.de\/#organization","name":"www.shanbooks.de","url":"https:\/\/shanabooks.de\/","logo":{"@type":"ImageObject","inLanguage":"kur","@id":"https:\/\/shanabooks.de\/#\/schema\/logo\/image\/","url":"https:\/\/shanabooks.de\/wp-content\/uploads\/2024\/03\/SHANABOOKS__2_-removebg-preview.png","contentUrl":"https:\/\/shanabooks.de\/wp-content\/uploads\/2024\/03\/SHANABOOKS__2_-removebg-preview.png","width":700,"height":150,"caption":"www.shanbooks.de"},"image":{"@id":"https:\/\/shanabooks.de\/#\/schema\/logo\/image\/"}}]}},"jetpack_sharing_enabled":true,"_links":{"self":[{"href":"https:\/\/shanabooks.de\/kur\/wp-json\/wp\/v2\/product\/12435","targetHints":{"allow":["GET"]}}],"collection":[{"href":"https:\/\/shanabooks.de\/kur\/wp-json\/wp\/v2\/product"}],"about":[{"href":"https:\/\/shanabooks.de\/kur\/wp-json\/wp\/v2\/types\/product"}],"version-history":[{"count":3,"href":"https:\/\/shanabooks.de\/kur\/wp-json\/wp\/v2\/product\/12435\/revisions"}],"predecessor-version":[{"id":18813,"href":"https:\/\/shanabooks.de\/kur\/wp-json\/wp\/v2\/product\/12435\/revisions\/18813"}],"wp:featuredmedia":[{"embeddable":true,"href":"https:\/\/shanabooks.de\/kur\/wp-json\/wp\/v2\/media\/5184"}],"wp:attachment":[{"href":"https:\/\/shanabooks.de\/kur\/wp-json\/wp\/v2\/media?parent=12435"}],"wp:term":[{"taxonomy":"product_brand","embeddable":true,"href":"https:\/\/shanabooks.de\/kur\/wp-json\/wp\/v2\/product_brand?post=12435"},{"taxonomy":"product_cat","embeddable":true,"href":"https:\/\/shanabooks.de\/kur\/wp-json\/wp\/v2\/product_cat?post=12435"},{"taxonomy":"product_tag","embeddable":true,"href":"https:\/\/shanabooks.de\/kur\/wp-json\/wp\/v2\/product_tag?post=12435"}],"curies":[{"name":"wp","href":"https:\/\/api.w.org\/{rel}","templated":true}]}}