{"id":12440,"date":"2024-03-03T19:44:00","date_gmt":"2024-03-03T19:44:00","guid":{"rendered":"https:\/\/shanabooks.de\/?post_type=product&#038;p=12440"},"modified":"2025-12-31T17:31:20","modified_gmt":"2025-12-31T17:31:20","slug":"koloniya-tawane-franz-kafka","status":"publish","type":"product","link":"https:\/\/shanabooks.de\/kur\/product\/koloniya-tawane-franz-kafka\/","title":{"rendered":"Koloniya Tawan\u00ea"},"content":{"rendered":"<p dir=\"ltr\"><strong>Koloniya Tawan\u00ea &#8211; Franz Kafka<\/strong><\/p>\n<p dir=\"ltr\">Wergera ji Alman\u00ee: Fatih Ayd\u0131n<\/p>\n<p dir=\"ltr\">Franz Kafkay\u00ea j\u00eeyan\u00ea (b\u00fbnewer\u00eey\u00ea) weke \u015ferek\u00ee t\u00eak\u00e7\u00fby\u00ee dihesib\u00eene \u00fb di nava seqayeke resen a ayd\u00ee xwe de mirov(ek\u00ee) vediguher\u00eene k\u00eazikek\u00ea \u00fb mohra xwe li binyata w\u00eajeya c\u00eehan\u00ea dixe, di \u00e7\u00eerok\u00ean xwe y\u00ean \u00e7e\u015fn kurte\u00e7\u00eerok de \u00e7eqelan diaxiv\u00eene \u00fb ku\u015ftina \u00e7eqelan a ji teref mirov\u00ean Ereb bi vegotina \u00e7\u00eeroka \u00c7eqel \u00fb Ereb weke s\u00eeleyek\u00ea li ser \u00e7av\u00ean mirov dixe. Meym\u00fbnek\u00ee ku bi dest\u00ea mirovan hatiye bir\u00eendarkiri<span class=\"text_exposed_show\">n \u00fb li ser lasay\u00eekirina tevger\u00ean mirovan \u00e7awa veguher\u00eeye mirovan, bi niv\u00eesandina Ji Akadem\u00eey\u00ea Re Raporek weke bangewaz\u00eeyek\u00ea guhan kerr dike. Meym\u00fbn di rapor\u00ea de derseke ba\u015f dide mirov\u00ean Ewrop\u00ee: \u201cMin j\u00ee ev kir. Min da av\u00ea. Tu r\u00eaya din li ber min tuneb\u00fb, helbet bi qeb\u00fbla ku azad\u00ee ne vebijarkek e.\u201d \u00db meym\u00fbn rast\u00eeyeke d\u00eetir bi mirovan dide f\u00eahmkirin: \u201cGava ez li p\u00ea\u015fve\u00e7\u00fbna xwe \u00fb armanc\u00ean xwe din\u00earim, ne lomedar im, ne j\u00ee p\u00ea k\u00eafxwe\u015f im. Dest\u00ean min di b\u00ear\u00eek\u00ean \u015fal\u00ea min de, \u015f\u00fb\u015feya \u015ferab\u00ea li ser masey\u00ea, ez n\u00eevpalday\u00ee, n\u00eev li ser r\u00fbni\u015fteka h\u00ealanok r\u00fbni\u015ft\u00ee, di pencerey\u00ea re li derve m\u00eaze dikim. M\u00eavan t\u00ean, ez, li gor\u00ee ku bi wan rewa ye, x\u00earhatin\u00ea li wan dikim. Organ\u00eezator\u00ea min li odeya p\u00ea\u015f\u00een r\u00fbdine, gava ez bang l\u00ea dikim ew t\u00ea \u00fb guh dide ser ti\u015ft\u00ean ez j\u00ea re dib\u00eajim. Bi \u00eavaran tim xwep\u00ea\u015fandan hene \u00fb xwep\u00ea\u015fandina min \u00e7etin e ku ji v\u00ea \u00e7\u00eatir j\u00ee be. Keng\u00ee ez ji z\u00eeyafetan, ji saz\u00fbman\u00ean zanist\u00ee, ji civ\u00een\u00ean k\u00eaf\u00ea dereng t\u00eame mal, \u015fempanzeyeke n\u00eevperwerdekir\u00ee li benda min dip\u00ea \u00fb ez, bi away\u00ea ku meym\u00fbn k\u00eafa xwe bi hev t\u00eenin, k\u00eafa xwe bi w\u00ea t\u00eenim. Bi roj ez naxwazim w\u00ea bib\u00eenim; di awir\u00ean w\u00ea de d\u00een\u00eet\u00eeya ku li heywan\u00ean bi perwerdekirin\u00ea re hi\u015fbelavb\u00fby\u00ee, hene; ez ten\u00ea van d\u00eeb\u00eenim \u00fb ez nikarim l\u00ea sebat\u00ea bikim.\u201d<br \/>\nBi \u00e7\u00eerok\u00ean Koloniya Tawan\u00ea Franz Kafka di nava c\u00eehaneke bi h\u00eamayan xemiland\u00ee de xw\u00eener vedixw\u00eene bizaveke xwendin\u00ea ya di nava g\u00eajger\u00eenekan de ku ji bo t\u00eagih\u00ee\u015ftina w\u00ea c\u00eehan\u00ea, kedxwendineke zehmet p\u00eaw\u00eest e.<br \/>\nKolon\u00eeya Tawan\u00ea\u00a0bi wergera\u00a0Fat\u00eeh Aydin\u00a0\u00ead\u00ee milk\u00ea Kurd\u00ee ye<\/span><\/p>\n","protected":false},"excerpt":{"rendered":"<p dir=\"ltr\" style=\"text-align: center\"><strong>Pirt\u00fbk: Koloniya Tawan\u00ea<br \/>\nNiv\u00eeskar: Franz Kafka<\/strong><br \/>\n<strong>Cure: \u00c7\u00eerok<\/strong><\/p>\n","protected":false},"featured_media":5194,"template":"","meta":{"site-sidebar-layout":"default","site-content-layout":"","ast-site-content-layout":"default","site-content-style":"default","site-sidebar-style":"default","ast-global-header-display":"","ast-banner-title-visibility":"","ast-main-header-display":"","ast-hfb-above-header-display":"","ast-hfb-below-header-display":"","ast-hfb-mobile-header-display":"","site-post-title":"","ast-breadcrumbs-content":"","ast-featured-img":"","footer-sml-layout":"","ast-disable-related-posts":"","theme-transparent-header-meta":"default","adv-header-id-meta":"","stick-header-meta":"","header-above-stick-meta":"","header-main-stick-meta":"","header-below-stick-meta":"","astra-migrate-meta-layouts":"set","ast-page-background-enabled":"default","ast-page-background-meta":{"desktop":{"background-color":"","background-image":"","background-repeat":"repeat","background-position":"center center","background-size":"auto","background-attachment":"scroll","background-type":"","background-media":"","overlay-type":"","overlay-color":"","overlay-opacity":"","overlay-gradient":""},"tablet":{"background-color":"","background-image":"","background-repeat":"repeat","background-position":"center center","background-size":"auto","background-attachment":"scroll","background-type":"","background-media":"","overlay-type":"","overlay-color":"","overlay-opacity":"","overlay-gradient":""},"mobile":{"background-color":"","background-image":"","background-repeat":"repeat","background-position":"center center","background-size":"auto","background-attachment":"scroll","background-type":"","background-media":"","overlay-type":"","overlay-color":"","overlay-opacity":"","overlay-gradient":""}},"ast-content-background-meta":{"desktop":{"background-color":"var(--ast-global-color-5)","background-image":"","background-repeat":"repeat","background-position":"center center","background-size":"auto","background-attachment":"scroll","background-type":"","background-media":"","overlay-type":"","overlay-color":"","overlay-opacity":"","overlay-gradient":""},"tablet":{"background-color":"var(--ast-global-color-5)","background-image":"","background-repeat":"repeat","background-position":"center center","background-size":"auto","background-attachment":"scroll","background-type":"","background-media":"","overlay-type":"","overlay-color":"","overlay-opacity":"","overlay-gradient":""},"mobile":{"background-color":"var(--ast-global-color-5)","background-image":"","background-repeat":"repeat","background-position":"center center","background-size":"auto","background-attachment":"scroll","background-type":"","background-media":"","overlay-type":"","overlay-color":"","overlay-opacity":"","overlay-gradient":""}}},"product_brand":[],"product_cat":[185,183,193],"product_tag":[],"class_list":{"0":"post-12440","1":"product","2":"type-product","3":"status-publish","4":"has-post-thumbnail","6":"product_cat--_","7":"product_cat-_","9":"pa_-cirok","10":"pa_-wejeye-cihani","11":"pa_-kafka","12":"pa_-kurmanci","13":"pa_--lis-yayinevi","14":"desktop-align-left","15":"tablet-align-left","16":"mobile-align-left","18":"first","19":"instock","20":"shipping-taxable","21":"purchasable","22":"product-type-simple"},"yoast_head":"<!-- This site is optimized with the Yoast SEO plugin v27.4 - https:\/\/yoast.com\/product\/yoast-seo-wordpress\/ -->\n<title>Koloniya Tawan\u00ea - Franz Kafka - www.shanabooks.de<\/title>\n<meta name=\"description\" content=\"Koloniya Tawan\u00ea - Franz Kafka Franz Kafkay\u00ea j\u00eeyan\u00ea (b\u00fbnewer\u00eey\u00ea) weke \u015ferek\u00ee t\u00eak\u00e7\u00fby\u00ee dihesib\u00eene \u00fb di nava seqayeke resen a ayd\u00ee xwe de mirov(ek\u00ee) vediguhe...\" \/>\n<meta name=\"robots\" content=\"index, follow, max-snippet:-1, max-image-preview:large, max-video-preview:-1\" \/>\n<link rel=\"canonical\" href=\"https:\/\/shanabooks.de\/product\/koloniya-tawane-franz-kafka\/\" \/>\n<meta property=\"og:locale\" content=\"en_US\" \/>\n<meta property=\"og:type\" content=\"article\" \/>\n<meta property=\"og:title\" content=\"Koloniya Tawan\u00ea - Franz Kafka - www.shanabooks.de\" \/>\n<meta property=\"og:description\" content=\"Koloniya Tawan\u00ea - Franz Kafka Franz Kafkay\u00ea j\u00eeyan\u00ea (b\u00fbnewer\u00eey\u00ea) weke \u015ferek\u00ee t\u00eak\u00e7\u00fby\u00ee dihesib\u00eene \u00fb di nava seqayeke resen a ayd\u00ee xwe de mirov(ek\u00ee) vediguhe...\" \/>\n<meta property=\"og:url\" content=\"https:\/\/shanabooks.de\/product\/koloniya-tawane-franz-kafka\/\" \/>\n<meta property=\"og:site_name\" content=\"www.shanabooks.de\" \/>\n<meta property=\"article:modified_time\" content=\"2025-12-31T17:31:20+00:00\" \/>\n<meta property=\"og:image\" content=\"https:\/\/shanabooks.de\/wp-content\/uploads\/2024\/01\/Koloniya-Tawane-Lis.png\" \/>\n\t<meta property=\"og:image:width\" content=\"286\" \/>\n\t<meta property=\"og:image:height\" content=\"474\" \/>\n\t<meta property=\"og:image:type\" content=\"image\/png\" \/>\n<meta name=\"twitter:card\" content=\"summary_large_image\" \/>\n<meta name=\"twitter:label1\" content=\"Est. reading time\" \/>\n\t<meta name=\"twitter:data1\" content=\"3 minutes\" \/>\n<script type=\"application\/ld+json\" class=\"yoast-schema-graph\">{\"@context\":\"https:\\\/\\\/schema.org\",\"@graph\":[{\"@type\":\"WebPage\",\"@id\":\"https:\\\/\\\/shanabooks.de\\\/product\\\/koloniya-tawane-franz-kafka\\\/\",\"url\":\"https:\\\/\\\/shanabooks.de\\\/product\\\/koloniya-tawane-franz-kafka\\\/\",\"name\":\"Koloniya Tawan\u00ea - Franz Kafka - www.shanabooks.de\",\"isPartOf\":{\"@id\":\"https:\\\/\\\/shanabooks.de\\\/#website\"},\"primaryImageOfPage\":{\"@id\":\"https:\\\/\\\/shanabooks.de\\\/product\\\/koloniya-tawane-franz-kafka\\\/#primaryimage\"},\"image\":{\"@id\":\"https:\\\/\\\/shanabooks.de\\\/product\\\/koloniya-tawane-franz-kafka\\\/#primaryimage\"},\"thumbnailUrl\":\"https:\\\/\\\/shanabooks.de\\\/wp-content\\\/uploads\\\/2024\\\/01\\\/Koloniya-Tawane-Lis.png\",\"datePublished\":\"2024-03-03T19:44:00+00:00\",\"dateModified\":\"2025-12-31T17:31:20+00:00\",\"description\":\"Koloniya Tawan\u00ea - Franz Kafka Franz Kafkay\u00ea j\u00eeyan\u00ea (b\u00fbnewer\u00eey\u00ea) weke \u015ferek\u00ee t\u00eak\u00e7\u00fby\u00ee dihesib\u00eene \u00fb di nava seqayeke resen a ayd\u00ee xwe de mirov(ek\u00ee) vediguhe...\",\"breadcrumb\":{\"@id\":\"https:\\\/\\\/shanabooks.de\\\/product\\\/koloniya-tawane-franz-kafka\\\/#breadcrumb\"},\"inLanguage\":\"kur\",\"potentialAction\":[{\"@type\":\"ReadAction\",\"target\":[\"https:\\\/\\\/shanabooks.de\\\/product\\\/koloniya-tawane-franz-kafka\\\/\"]}]},{\"@type\":\"ImageObject\",\"inLanguage\":\"kur\",\"@id\":\"https:\\\/\\\/shanabooks.de\\\/product\\\/koloniya-tawane-franz-kafka\\\/#primaryimage\",\"url\":\"https:\\\/\\\/shanabooks.de\\\/wp-content\\\/uploads\\\/2024\\\/01\\\/Koloniya-Tawane-Lis.png\",\"contentUrl\":\"https:\\\/\\\/shanabooks.de\\\/wp-content\\\/uploads\\\/2024\\\/01\\\/Koloniya-Tawane-Lis.png\",\"width\":286,\"height\":474,\"caption\":\"Koloniya Tawan\u00ea - Franz Kafka - pirt\u00fbk\u00ean kurd\u00ee\"},{\"@type\":\"BreadcrumbList\",\"@id\":\"https:\\\/\\\/shanabooks.de\\\/product\\\/koloniya-tawane-franz-kafka\\\/#breadcrumb\",\"itemListElement\":[{\"@type\":\"ListItem\",\"position\":1,\"name\":\"\u0627\u0644\u0631\u0626\u064a\u0633\u064a\u0629\",\"item\":\"https:\\\/\\\/shanabooks.de\\\/kur\\\/\"},{\"@type\":\"ListItem\",\"position\":2,\"name\":\"\u0627\u0644\u0645\u0646\u062a\u062c\u0627\u062a\",\"item\":\"https:\\\/\\\/shanabooks.de\\\/shop\\\/\"},{\"@type\":\"ListItem\",\"position\":3,\"name\":\"Koloniya Tawan\u00ea\"}]},{\"@type\":\"WebSite\",\"@id\":\"https:\\\/\\\/shanabooks.de\\\/#website\",\"url\":\"https:\\\/\\\/shanabooks.de\\\/\",\"name\":\"www.shanbooks.de\",\"description\":\"C\u00eehana Pirt\u00fbk\u00ean Kurd\u00ee \u0645\u0643\u062a\u0628\u0629 \u0634\u0627\u0646\u0627 \u0641\u064a \u0627\u0644\u0645\u0627\u0646\u064a\u0627 \u0648\u0623\u0648\u0631\u0628\u0627\",\"publisher\":{\"@id\":\"https:\\\/\\\/shanabooks.de\\\/#organization\"},\"potentialAction\":[{\"@type\":\"SearchAction\",\"target\":{\"@type\":\"EntryPoint\",\"urlTemplate\":\"https:\\\/\\\/shanabooks.de\\\/?s={search_term_string}\"},\"query-input\":{\"@type\":\"PropertyValueSpecification\",\"valueRequired\":true,\"valueName\":\"search_term_string\"}}],\"inLanguage\":\"kur\"},{\"@type\":\"Organization\",\"@id\":\"https:\\\/\\\/shanabooks.de\\\/#organization\",\"name\":\"www.shanbooks.de\",\"url\":\"https:\\\/\\\/shanabooks.de\\\/\",\"logo\":{\"@type\":\"ImageObject\",\"inLanguage\":\"kur\",\"@id\":\"https:\\\/\\\/shanabooks.de\\\/#\\\/schema\\\/logo\\\/image\\\/\",\"url\":\"https:\\\/\\\/shanabooks.de\\\/wp-content\\\/uploads\\\/2024\\\/03\\\/SHANABOOKS__2_-removebg-preview.png\",\"contentUrl\":\"https:\\\/\\\/shanabooks.de\\\/wp-content\\\/uploads\\\/2024\\\/03\\\/SHANABOOKS__2_-removebg-preview.png\",\"width\":700,\"height\":150,\"caption\":\"www.shanbooks.de\"},\"image\":{\"@id\":\"https:\\\/\\\/shanabooks.de\\\/#\\\/schema\\\/logo\\\/image\\\/\"}}]}<\/script>\n<!-- \/ Yoast SEO plugin. -->","yoast_head_json":{"title":"Koloniya Tawan\u00ea - Franz Kafka - www.shanabooks.de","description":"Koloniya Tawan\u00ea - Franz Kafka Franz Kafkay\u00ea j\u00eeyan\u00ea (b\u00fbnewer\u00eey\u00ea) weke \u015ferek\u00ee t\u00eak\u00e7\u00fby\u00ee dihesib\u00eene \u00fb di nava seqayeke resen a ayd\u00ee xwe de mirov(ek\u00ee) vediguhe...","robots":{"index":"index","follow":"follow","max-snippet":"max-snippet:-1","max-image-preview":"max-image-preview:large","max-video-preview":"max-video-preview:-1"},"canonical":"https:\/\/shanabooks.de\/product\/koloniya-tawane-franz-kafka\/","og_locale":"en_US","og_type":"article","og_title":"Koloniya Tawan\u00ea - Franz Kafka - www.shanabooks.de","og_description":"Koloniya Tawan\u00ea - Franz Kafka Franz Kafkay\u00ea j\u00eeyan\u00ea (b\u00fbnewer\u00eey\u00ea) weke \u015ferek\u00ee t\u00eak\u00e7\u00fby\u00ee dihesib\u00eene \u00fb di nava seqayeke resen a ayd\u00ee xwe de mirov(ek\u00ee) vediguhe...","og_url":"https:\/\/shanabooks.de\/product\/koloniya-tawane-franz-kafka\/","og_site_name":"www.shanabooks.de","article_modified_time":"2025-12-31T17:31:20+00:00","og_image":[{"width":286,"height":474,"url":"https:\/\/shanabooks.de\/wp-content\/uploads\/2024\/01\/Koloniya-Tawane-Lis.png","type":"image\/png"}],"twitter_card":"summary_large_image","twitter_misc":{"Est. reading time":"3 minutes"},"schema":{"@context":"https:\/\/schema.org","@graph":[{"@type":"WebPage","@id":"https:\/\/shanabooks.de\/product\/koloniya-tawane-franz-kafka\/","url":"https:\/\/shanabooks.de\/product\/koloniya-tawane-franz-kafka\/","name":"Koloniya Tawan\u00ea - Franz Kafka - www.shanabooks.de","isPartOf":{"@id":"https:\/\/shanabooks.de\/#website"},"primaryImageOfPage":{"@id":"https:\/\/shanabooks.de\/product\/koloniya-tawane-franz-kafka\/#primaryimage"},"image":{"@id":"https:\/\/shanabooks.de\/product\/koloniya-tawane-franz-kafka\/#primaryimage"},"thumbnailUrl":"https:\/\/shanabooks.de\/wp-content\/uploads\/2024\/01\/Koloniya-Tawane-Lis.png","datePublished":"2024-03-03T19:44:00+00:00","dateModified":"2025-12-31T17:31:20+00:00","description":"Koloniya Tawan\u00ea - Franz Kafka Franz Kafkay\u00ea j\u00eeyan\u00ea (b\u00fbnewer\u00eey\u00ea) weke \u015ferek\u00ee t\u00eak\u00e7\u00fby\u00ee dihesib\u00eene \u00fb di nava seqayeke resen a ayd\u00ee xwe de mirov(ek\u00ee) vediguhe...","breadcrumb":{"@id":"https:\/\/shanabooks.de\/product\/koloniya-tawane-franz-kafka\/#breadcrumb"},"inLanguage":"kur","potentialAction":[{"@type":"ReadAction","target":["https:\/\/shanabooks.de\/product\/koloniya-tawane-franz-kafka\/"]}]},{"@type":"ImageObject","inLanguage":"kur","@id":"https:\/\/shanabooks.de\/product\/koloniya-tawane-franz-kafka\/#primaryimage","url":"https:\/\/shanabooks.de\/wp-content\/uploads\/2024\/01\/Koloniya-Tawane-Lis.png","contentUrl":"https:\/\/shanabooks.de\/wp-content\/uploads\/2024\/01\/Koloniya-Tawane-Lis.png","width":286,"height":474,"caption":"Koloniya Tawan\u00ea - Franz Kafka - pirt\u00fbk\u00ean kurd\u00ee"},{"@type":"BreadcrumbList","@id":"https:\/\/shanabooks.de\/product\/koloniya-tawane-franz-kafka\/#breadcrumb","itemListElement":[{"@type":"ListItem","position":1,"name":"\u0627\u0644\u0631\u0626\u064a\u0633\u064a\u0629","item":"https:\/\/shanabooks.de\/kur\/"},{"@type":"ListItem","position":2,"name":"\u0627\u0644\u0645\u0646\u062a\u062c\u0627\u062a","item":"https:\/\/shanabooks.de\/shop\/"},{"@type":"ListItem","position":3,"name":"Koloniya Tawan\u00ea"}]},{"@type":"WebSite","@id":"https:\/\/shanabooks.de\/#website","url":"https:\/\/shanabooks.de\/","name":"www.shanbooks.de","description":"C\u00eehana Pirt\u00fbk\u00ean Kurd\u00ee \u0645\u0643\u062a\u0628\u0629 \u0634\u0627\u0646\u0627 \u0641\u064a \u0627\u0644\u0645\u0627\u0646\u064a\u0627 \u0648\u0623\u0648\u0631\u0628\u0627","publisher":{"@id":"https:\/\/shanabooks.de\/#organization"},"potentialAction":[{"@type":"SearchAction","target":{"@type":"EntryPoint","urlTemplate":"https:\/\/shanabooks.de\/?s={search_term_string}"},"query-input":{"@type":"PropertyValueSpecification","valueRequired":true,"valueName":"search_term_string"}}],"inLanguage":"kur"},{"@type":"Organization","@id":"https:\/\/shanabooks.de\/#organization","name":"www.shanbooks.de","url":"https:\/\/shanabooks.de\/","logo":{"@type":"ImageObject","inLanguage":"kur","@id":"https:\/\/shanabooks.de\/#\/schema\/logo\/image\/","url":"https:\/\/shanabooks.de\/wp-content\/uploads\/2024\/03\/SHANABOOKS__2_-removebg-preview.png","contentUrl":"https:\/\/shanabooks.de\/wp-content\/uploads\/2024\/03\/SHANABOOKS__2_-removebg-preview.png","width":700,"height":150,"caption":"www.shanbooks.de"},"image":{"@id":"https:\/\/shanabooks.de\/#\/schema\/logo\/image\/"}}]}},"jetpack_sharing_enabled":true,"_links":{"self":[{"href":"https:\/\/shanabooks.de\/kur\/wp-json\/wp\/v2\/product\/12440","targetHints":{"allow":["GET"]}}],"collection":[{"href":"https:\/\/shanabooks.de\/kur\/wp-json\/wp\/v2\/product"}],"about":[{"href":"https:\/\/shanabooks.de\/kur\/wp-json\/wp\/v2\/types\/product"}],"version-history":[{"count":3,"href":"https:\/\/shanabooks.de\/kur\/wp-json\/wp\/v2\/product\/12440\/revisions"}],"predecessor-version":[{"id":20752,"href":"https:\/\/shanabooks.de\/kur\/wp-json\/wp\/v2\/product\/12440\/revisions\/20752"}],"wp:featuredmedia":[{"embeddable":true,"href":"https:\/\/shanabooks.de\/kur\/wp-json\/wp\/v2\/media\/5194"}],"wp:attachment":[{"href":"https:\/\/shanabooks.de\/kur\/wp-json\/wp\/v2\/media?parent=12440"}],"wp:term":[{"taxonomy":"product_brand","embeddable":true,"href":"https:\/\/shanabooks.de\/kur\/wp-json\/wp\/v2\/product_brand?post=12440"},{"taxonomy":"product_cat","embeddable":true,"href":"https:\/\/shanabooks.de\/kur\/wp-json\/wp\/v2\/product_cat?post=12440"},{"taxonomy":"product_tag","embeddable":true,"href":"https:\/\/shanabooks.de\/kur\/wp-json\/wp\/v2\/product_tag?post=12440"}],"curies":[{"name":"wp","href":"https:\/\/api.w.org\/{rel}","templated":true}]}}