{"id":12441,"date":"2024-03-03T19:44:01","date_gmt":"2024-03-03T19:44:01","guid":{"rendered":"https:\/\/shanabooks.de\/?post_type=product&#038;p=12441"},"modified":"2024-03-16T00:17:14","modified_gmt":"2024-03-16T00:17:14","slug":"titirwask-yasar-kemal","status":"publish","type":"product","link":"https:\/\/shanabooks.de\/kur\/product\/titirwask-yasar-kemal\/","title":{"rendered":"T\u00eetirwask"},"content":{"rendered":"<p class=\"heading-title\" dir=\"ltr\"><strong>T\u00eetirwask &#8211; Ya\u015far Kemal<\/strong><\/p>\n<p dir=\"ltr\">T\u00eetirwask ya Ya\u015far Kemal ji aliy\u00ea Birah\u00eem Ron\u00eezer ve ji tirk\u00ee hatiye wergerandin.<\/p>\n<p dir=\"ltr\">We\u015fanxaneya L\u00ees\u00ea bi armanca ku berhemine ji w\u00eajeya c\u00eehan\u00ea y\u00ean ku b\u00fbne klas\u00eek \u00fb dikin bibine klas\u00eek \u00fb bo gelek ziman\u00ean c\u00eehan\u00ea hatine wergerandin \u00fb ji aliy\u00ea bi milyonan kesan ve t\u00eane xwendin, bo ziman\u00ea Kurd\u00ee j\u00ee b\u00eane wergerandin \u00fb \u00ead\u00ee ev berhem\u00ean navb\u00fbr\u00ee bi Kurd\u00ee j\u00ee bi berfireh\u00ee \u00fb bir\u00eak\u00fbp\u00eak\u00ee b\u00eane xwendin, di nava we\u015fan\u00ean xwe de li gel r\u00eaz\u00ean xwe y\u00ean berdewam, r\u00eazeke n\u00fb ya bi nav\u00ea\u00a0R\u00eaza W\u00eajeya C\u00eehan\u00ea, bi ed\u00eetoriya Kawa Nemir da destp\u00eakirin.\u00a0R\u00eaza W\u00eajeya C\u00eehan\u00ea, ku w\u00ea di nav\u00ea de berhem\u00ean nav\u00ean mezin \u00ean wek\u00ee William Faulkner, Oscar Wilde, William Shakespeare, Emily Bront\u00eb, Charles Dickens, J. M. Coetzee \u00fb gelek\u00ean din \u00ean ji ziman\u00ean Roava \u00fb Rohilat b\u00eane \u00e7apkirin, ji aliy\u00ea we\u015fanxaney\u00ea ve wek\u00ee r\u00eazeke berfireh a ku ji sed berhem\u00ean klas\u00eek \u00ean kevin \u00fb n\u00fbjen p\u00eak were hatiye p\u00eelankirin \u00fb armanc j\u00ea ew e, der\u00ee \u00fb dergeh\u00ean ziman\u00ea Kurd\u00ee heta ser pi\u015ft\u00ea vebin, ziman\u00ea Kurd\u00ee bi al\u00eekar\u00ee \u00fb hanedana ezm\u00fbn\u00ean ziman\u00ean biyan\u00ee ji xwe re derbirran\u00ean n\u00fb, hevoksaziyeke xurttir peyda bike \u00fb her wiha sebaret bi v\u00ea yek\u00ea, bibe qonaxeke ku werg\u00ear\u00ean Kurd \u00ean n\u00fbhat\u00ee xwe li wergerandina berhem\u00ean gerd\u00fbn\u00ee y\u00ean mezin bicerib\u00eenin.<\/p>\n<p dir=\"ltr\">Lewma,\u00a0We\u015fanxaneya L\u00ees\u00ea bi \u00e7apkirina\u00a0T\u00eetirwaska Ya\u015far Kemal\u00ea ku yek ji mezintir\u00een dastanb\u00eaj\u00ean d\u00eeroka mirovahiy\u00ea ye gelek\u00ee serbilind e. Xwendevan\u00ean ziman\u00ea Kurd\u00ee sebaret bi wergera v\u00ea romana mezin, bi xwendina karesat\u00ean hat\u00ee ser\u00ea welat\u00ea me y\u00ea kevnar, Mezopotamyay\u00ea \u00fb Enetolyay\u00ea, bi riya serb\u00fbriy\u00ean Tirkmen \u00fb Kurdan, Selman\u00ea \u00cazdiy\u00ea ve\u015fart\u00ee, Sma\u00eel Axay\u00ea Kurd \u00ea Wan\u00ee, Xel\u00eel\u00ea Zalimoxlu, Mistefay\u00ea bi\u00e7\u00fbk \u00ea kur\u00ea Sma\u00eel Axa y\u00ean ku ji destp\u00eaka roman\u00ea heta dawiya w\u00ea qet bi b\u00eahnefi\u015fk\u00ea nakevin bib\u00eenin, ku Ya\u015far Kemal h\u00ea j\u00ee gewretir\u00een xwezab\u00eaj,\u00a0dengb\u00eaj\u00a0\u00fb\u00a0a\u015fiq\u00ea v\u00ee welat\u00ee ye \u00fb ew \u00ea v\u00ea yek\u00ea ji wergera serkeft\u00ee ya Brah\u00eem Ron\u00eez\u00ear\u00ea werg\u00ear\u00ea Kurd \u00ea xort bixw\u00eenin.<\/p>\n","protected":false},"excerpt":{"rendered":"<p dir=\"ltr\" style=\"text-align: center\"><strong>Pirt\u00fbk: T\u00eetirwask<br \/>\nNiv\u00eeskar: Ya\u015far Kemal<\/strong><br \/>\n<strong>Cure: Roman<\/strong><\/p>\n","protected":false},"featured_media":5196,"template":"","meta":{"site-sidebar-layout":"default","site-content-layout":"","ast-site-content-layout":"default","site-content-style":"default","site-sidebar-style":"default","ast-global-header-display":"","ast-banner-title-visibility":"","ast-main-header-display":"","ast-hfb-above-header-display":"","ast-hfb-below-header-display":"","ast-hfb-mobile-header-display":"","site-post-title":"","ast-breadcrumbs-content":"","ast-featured-img":"","footer-sml-layout":"","ast-disable-related-posts":"","theme-transparent-header-meta":"default","adv-header-id-meta":"","stick-header-meta":"","header-above-stick-meta":"","header-main-stick-meta":"","header-below-stick-meta":"","astra-migrate-meta-layouts":"set","ast-page-background-enabled":"default","ast-page-background-meta":{"desktop":{"background-color":"","background-image":"","background-repeat":"repeat","background-position":"center center","background-size":"auto","background-attachment":"scroll","background-type":"","background-media":"","overlay-type":"","overlay-color":"","overlay-opacity":"","overlay-gradient":""},"tablet":{"background-color":"","background-image":"","background-repeat":"repeat","background-position":"center center","background-size":"auto","background-attachment":"scroll","background-type":"","background-media":"","overlay-type":"","overlay-color":"","overlay-opacity":"","overlay-gradient":""},"mobile":{"background-color":"","background-image":"","background-repeat":"repeat","background-position":"center center","background-size":"auto","background-attachment":"scroll","background-type":"","background-media":"","overlay-type":"","overlay-color":"","overlay-opacity":"","overlay-gradient":""}},"ast-content-background-meta":{"desktop":{"background-color":"var(--ast-global-color-5)","background-image":"","background-repeat":"repeat","background-position":"center center","background-size":"auto","background-attachment":"scroll","background-type":"","background-media":"","overlay-type":"","overlay-color":"","overlay-opacity":"","overlay-gradient":""},"tablet":{"background-color":"var(--ast-global-color-5)","background-image":"","background-repeat":"repeat","background-position":"center center","background-size":"auto","background-attachment":"scroll","background-type":"","background-media":"","overlay-type":"","overlay-color":"","overlay-opacity":"","overlay-gradient":""},"mobile":{"background-color":"var(--ast-global-color-5)","background-image":"","background-repeat":"repeat","background-position":"center center","background-size":"auto","background-attachment":"scroll","background-type":"","background-media":"","overlay-type":"","overlay-color":"","overlay-opacity":"","overlay-gradient":""}}},"product_brand":[],"product_cat":[185,182,193],"product_tag":[],"class_list":{"0":"post-12441","1":"product","2":"type-product","3":"status-publish","4":"has-post-thumbnail","6":"product_cat--_","7":"product_cat-_","9":"pa_-roman","10":"pa_-wejeye-cihani","11":"pa_-yasar-kemal","12":"pa_-kurmanci","13":"pa_--lis-yayinevi","14":"desktop-align-left","15":"tablet-align-left","16":"mobile-align-left","18":"first","19":"instock","20":"shipping-taxable","21":"purchasable","22":"product-type-simple"},"yoast_head":"<!-- This site is optimized with the Yoast SEO plugin v27.4 - https:\/\/yoast.com\/product\/yoast-seo-wordpress\/ -->\n<title>T\u00eetirwask - Ya\u015far Kemal - www.shanabooks.de<\/title>\n<meta name=\"description\" content=\"T\u00eetirwask - Ya\u015far Kemal We\u015fanxaneya L\u00ees\u00ea bi armanca ku berhemine ji w\u00eajeya c\u00eehan\u00ea y\u00ean ku b\u00fbne klas\u00eek \u00fb dikin bibine klas\u00eek \u00fb bo gelek ziman\u00ean c\u00eehan\u00ea hati...\" \/>\n<meta name=\"robots\" content=\"index, follow, max-snippet:-1, max-image-preview:large, max-video-preview:-1\" \/>\n<link rel=\"canonical\" href=\"https:\/\/shanabooks.de\/product\/titirwask-yasar-kemal\/\" \/>\n<meta property=\"og:locale\" content=\"en_US\" \/>\n<meta property=\"og:type\" content=\"article\" \/>\n<meta property=\"og:title\" content=\"T\u00eetirwask - Ya\u015far Kemal - www.shanabooks.de\" \/>\n<meta property=\"og:description\" content=\"T\u00eetirwask - Ya\u015far Kemal We\u015fanxaneya L\u00ees\u00ea bi armanca ku berhemine ji w\u00eajeya c\u00eehan\u00ea y\u00ean ku b\u00fbne klas\u00eek \u00fb dikin bibine klas\u00eek \u00fb bo gelek ziman\u00ean c\u00eehan\u00ea hati...\" \/>\n<meta property=\"og:url\" content=\"https:\/\/shanabooks.de\/product\/titirwask-yasar-kemal\/\" \/>\n<meta property=\"og:site_name\" content=\"www.shanabooks.de\" \/>\n<meta property=\"article:modified_time\" content=\"2024-03-16T00:17:14+00:00\" \/>\n<meta property=\"og:image\" content=\"https:\/\/shanabooks.de\/wp-content\/uploads\/2024\/01\/Titirwask-Lis.png\" \/>\n\t<meta property=\"og:image:width\" content=\"312\" \/>\n\t<meta property=\"og:image:height\" content=\"472\" \/>\n\t<meta property=\"og:image:type\" content=\"image\/png\" \/>\n<meta name=\"twitter:card\" content=\"summary_large_image\" \/>\n<meta name=\"twitter:label1\" content=\"Est. reading time\" \/>\n\t<meta name=\"twitter:data1\" content=\"3 minutes\" \/>\n<script type=\"application\/ld+json\" class=\"yoast-schema-graph\">{\"@context\":\"https:\\\/\\\/schema.org\",\"@graph\":[{\"@type\":\"WebPage\",\"@id\":\"https:\\\/\\\/shanabooks.de\\\/product\\\/titirwask-yasar-kemal\\\/\",\"url\":\"https:\\\/\\\/shanabooks.de\\\/product\\\/titirwask-yasar-kemal\\\/\",\"name\":\"T\u00eetirwask - Ya\u015far Kemal - www.shanabooks.de\",\"isPartOf\":{\"@id\":\"https:\\\/\\\/shanabooks.de\\\/#website\"},\"primaryImageOfPage\":{\"@id\":\"https:\\\/\\\/shanabooks.de\\\/product\\\/titirwask-yasar-kemal\\\/#primaryimage\"},\"image\":{\"@id\":\"https:\\\/\\\/shanabooks.de\\\/product\\\/titirwask-yasar-kemal\\\/#primaryimage\"},\"thumbnailUrl\":\"https:\\\/\\\/shanabooks.de\\\/wp-content\\\/uploads\\\/2024\\\/01\\\/Titirwask-Lis.png\",\"datePublished\":\"2024-03-03T19:44:01+00:00\",\"dateModified\":\"2024-03-16T00:17:14+00:00\",\"description\":\"T\u00eetirwask - Ya\u015far Kemal We\u015fanxaneya L\u00ees\u00ea bi armanca ku berhemine ji w\u00eajeya c\u00eehan\u00ea y\u00ean ku b\u00fbne klas\u00eek \u00fb dikin bibine klas\u00eek \u00fb bo gelek ziman\u00ean c\u00eehan\u00ea hati...\",\"breadcrumb\":{\"@id\":\"https:\\\/\\\/shanabooks.de\\\/product\\\/titirwask-yasar-kemal\\\/#breadcrumb\"},\"inLanguage\":\"kur\",\"potentialAction\":[{\"@type\":\"ReadAction\",\"target\":[\"https:\\\/\\\/shanabooks.de\\\/product\\\/titirwask-yasar-kemal\\\/\"]}]},{\"@type\":\"ImageObject\",\"inLanguage\":\"kur\",\"@id\":\"https:\\\/\\\/shanabooks.de\\\/product\\\/titirwask-yasar-kemal\\\/#primaryimage\",\"url\":\"https:\\\/\\\/shanabooks.de\\\/wp-content\\\/uploads\\\/2024\\\/01\\\/Titirwask-Lis.png\",\"contentUrl\":\"https:\\\/\\\/shanabooks.de\\\/wp-content\\\/uploads\\\/2024\\\/01\\\/Titirwask-Lis.png\",\"width\":312,\"height\":472,\"caption\":\"T\u00eetirwask - Ya\u015far Kemal - pirt\u00fbk\u00ean kurd\u00ee\"},{\"@type\":\"BreadcrumbList\",\"@id\":\"https:\\\/\\\/shanabooks.de\\\/product\\\/titirwask-yasar-kemal\\\/#breadcrumb\",\"itemListElement\":[{\"@type\":\"ListItem\",\"position\":1,\"name\":\"\u0627\u0644\u0631\u0626\u064a\u0633\u064a\u0629\",\"item\":\"https:\\\/\\\/shanabooks.de\\\/kur\\\/\"},{\"@type\":\"ListItem\",\"position\":2,\"name\":\"\u0627\u0644\u0645\u0646\u062a\u062c\u0627\u062a\",\"item\":\"https:\\\/\\\/shanabooks.de\\\/shop\\\/\"},{\"@type\":\"ListItem\",\"position\":3,\"name\":\"T\u00eetirwask\"}]},{\"@type\":\"WebSite\",\"@id\":\"https:\\\/\\\/shanabooks.de\\\/#website\",\"url\":\"https:\\\/\\\/shanabooks.de\\\/\",\"name\":\"www.shanbooks.de\",\"description\":\"C\u00eehana Pirt\u00fbk\u00ean Kurd\u00ee \u0645\u0643\u062a\u0628\u0629 \u0634\u0627\u0646\u0627 \u0641\u064a \u0627\u0644\u0645\u0627\u0646\u064a\u0627 \u0648\u0623\u0648\u0631\u0628\u0627\",\"publisher\":{\"@id\":\"https:\\\/\\\/shanabooks.de\\\/#organization\"},\"potentialAction\":[{\"@type\":\"SearchAction\",\"target\":{\"@type\":\"EntryPoint\",\"urlTemplate\":\"https:\\\/\\\/shanabooks.de\\\/?s={search_term_string}\"},\"query-input\":{\"@type\":\"PropertyValueSpecification\",\"valueRequired\":true,\"valueName\":\"search_term_string\"}}],\"inLanguage\":\"kur\"},{\"@type\":\"Organization\",\"@id\":\"https:\\\/\\\/shanabooks.de\\\/#organization\",\"name\":\"www.shanbooks.de\",\"url\":\"https:\\\/\\\/shanabooks.de\\\/\",\"logo\":{\"@type\":\"ImageObject\",\"inLanguage\":\"kur\",\"@id\":\"https:\\\/\\\/shanabooks.de\\\/#\\\/schema\\\/logo\\\/image\\\/\",\"url\":\"https:\\\/\\\/shanabooks.de\\\/wp-content\\\/uploads\\\/2024\\\/03\\\/SHANABOOKS__2_-removebg-preview.png\",\"contentUrl\":\"https:\\\/\\\/shanabooks.de\\\/wp-content\\\/uploads\\\/2024\\\/03\\\/SHANABOOKS__2_-removebg-preview.png\",\"width\":700,\"height\":150,\"caption\":\"www.shanbooks.de\"},\"image\":{\"@id\":\"https:\\\/\\\/shanabooks.de\\\/#\\\/schema\\\/logo\\\/image\\\/\"}}]}<\/script>\n<!-- \/ Yoast SEO plugin. -->","yoast_head_json":{"title":"T\u00eetirwask - Ya\u015far Kemal - www.shanabooks.de","description":"T\u00eetirwask - Ya\u015far Kemal We\u015fanxaneya L\u00ees\u00ea bi armanca ku berhemine ji w\u00eajeya c\u00eehan\u00ea y\u00ean ku b\u00fbne klas\u00eek \u00fb dikin bibine klas\u00eek \u00fb bo gelek ziman\u00ean c\u00eehan\u00ea hati...","robots":{"index":"index","follow":"follow","max-snippet":"max-snippet:-1","max-image-preview":"max-image-preview:large","max-video-preview":"max-video-preview:-1"},"canonical":"https:\/\/shanabooks.de\/product\/titirwask-yasar-kemal\/","og_locale":"en_US","og_type":"article","og_title":"T\u00eetirwask - Ya\u015far Kemal - www.shanabooks.de","og_description":"T\u00eetirwask - Ya\u015far Kemal We\u015fanxaneya L\u00ees\u00ea bi armanca ku berhemine ji w\u00eajeya c\u00eehan\u00ea y\u00ean ku b\u00fbne klas\u00eek \u00fb dikin bibine klas\u00eek \u00fb bo gelek ziman\u00ean c\u00eehan\u00ea hati...","og_url":"https:\/\/shanabooks.de\/product\/titirwask-yasar-kemal\/","og_site_name":"www.shanabooks.de","article_modified_time":"2024-03-16T00:17:14+00:00","og_image":[{"width":312,"height":472,"url":"https:\/\/shanabooks.de\/wp-content\/uploads\/2024\/01\/Titirwask-Lis.png","type":"image\/png"}],"twitter_card":"summary_large_image","twitter_misc":{"Est. reading time":"3 minutes"},"schema":{"@context":"https:\/\/schema.org","@graph":[{"@type":"WebPage","@id":"https:\/\/shanabooks.de\/product\/titirwask-yasar-kemal\/","url":"https:\/\/shanabooks.de\/product\/titirwask-yasar-kemal\/","name":"T\u00eetirwask - Ya\u015far Kemal - www.shanabooks.de","isPartOf":{"@id":"https:\/\/shanabooks.de\/#website"},"primaryImageOfPage":{"@id":"https:\/\/shanabooks.de\/product\/titirwask-yasar-kemal\/#primaryimage"},"image":{"@id":"https:\/\/shanabooks.de\/product\/titirwask-yasar-kemal\/#primaryimage"},"thumbnailUrl":"https:\/\/shanabooks.de\/wp-content\/uploads\/2024\/01\/Titirwask-Lis.png","datePublished":"2024-03-03T19:44:01+00:00","dateModified":"2024-03-16T00:17:14+00:00","description":"T\u00eetirwask - Ya\u015far Kemal We\u015fanxaneya L\u00ees\u00ea bi armanca ku berhemine ji w\u00eajeya c\u00eehan\u00ea y\u00ean ku b\u00fbne klas\u00eek \u00fb dikin bibine klas\u00eek \u00fb bo gelek ziman\u00ean c\u00eehan\u00ea hati...","breadcrumb":{"@id":"https:\/\/shanabooks.de\/product\/titirwask-yasar-kemal\/#breadcrumb"},"inLanguage":"kur","potentialAction":[{"@type":"ReadAction","target":["https:\/\/shanabooks.de\/product\/titirwask-yasar-kemal\/"]}]},{"@type":"ImageObject","inLanguage":"kur","@id":"https:\/\/shanabooks.de\/product\/titirwask-yasar-kemal\/#primaryimage","url":"https:\/\/shanabooks.de\/wp-content\/uploads\/2024\/01\/Titirwask-Lis.png","contentUrl":"https:\/\/shanabooks.de\/wp-content\/uploads\/2024\/01\/Titirwask-Lis.png","width":312,"height":472,"caption":"T\u00eetirwask - Ya\u015far Kemal - pirt\u00fbk\u00ean kurd\u00ee"},{"@type":"BreadcrumbList","@id":"https:\/\/shanabooks.de\/product\/titirwask-yasar-kemal\/#breadcrumb","itemListElement":[{"@type":"ListItem","position":1,"name":"\u0627\u0644\u0631\u0626\u064a\u0633\u064a\u0629","item":"https:\/\/shanabooks.de\/kur\/"},{"@type":"ListItem","position":2,"name":"\u0627\u0644\u0645\u0646\u062a\u062c\u0627\u062a","item":"https:\/\/shanabooks.de\/shop\/"},{"@type":"ListItem","position":3,"name":"T\u00eetirwask"}]},{"@type":"WebSite","@id":"https:\/\/shanabooks.de\/#website","url":"https:\/\/shanabooks.de\/","name":"www.shanbooks.de","description":"C\u00eehana Pirt\u00fbk\u00ean Kurd\u00ee \u0645\u0643\u062a\u0628\u0629 \u0634\u0627\u0646\u0627 \u0641\u064a \u0627\u0644\u0645\u0627\u0646\u064a\u0627 \u0648\u0623\u0648\u0631\u0628\u0627","publisher":{"@id":"https:\/\/shanabooks.de\/#organization"},"potentialAction":[{"@type":"SearchAction","target":{"@type":"EntryPoint","urlTemplate":"https:\/\/shanabooks.de\/?s={search_term_string}"},"query-input":{"@type":"PropertyValueSpecification","valueRequired":true,"valueName":"search_term_string"}}],"inLanguage":"kur"},{"@type":"Organization","@id":"https:\/\/shanabooks.de\/#organization","name":"www.shanbooks.de","url":"https:\/\/shanabooks.de\/","logo":{"@type":"ImageObject","inLanguage":"kur","@id":"https:\/\/shanabooks.de\/#\/schema\/logo\/image\/","url":"https:\/\/shanabooks.de\/wp-content\/uploads\/2024\/03\/SHANABOOKS__2_-removebg-preview.png","contentUrl":"https:\/\/shanabooks.de\/wp-content\/uploads\/2024\/03\/SHANABOOKS__2_-removebg-preview.png","width":700,"height":150,"caption":"www.shanbooks.de"},"image":{"@id":"https:\/\/shanabooks.de\/#\/schema\/logo\/image\/"}}]}},"jetpack_sharing_enabled":true,"_links":{"self":[{"href":"https:\/\/shanabooks.de\/kur\/wp-json\/wp\/v2\/product\/12441","targetHints":{"allow":["GET"]}}],"collection":[{"href":"https:\/\/shanabooks.de\/kur\/wp-json\/wp\/v2\/product"}],"about":[{"href":"https:\/\/shanabooks.de\/kur\/wp-json\/wp\/v2\/types\/product"}],"version-history":[{"count":3,"href":"https:\/\/shanabooks.de\/kur\/wp-json\/wp\/v2\/product\/12441\/revisions"}],"predecessor-version":[{"id":18770,"href":"https:\/\/shanabooks.de\/kur\/wp-json\/wp\/v2\/product\/12441\/revisions\/18770"}],"wp:featuredmedia":[{"embeddable":true,"href":"https:\/\/shanabooks.de\/kur\/wp-json\/wp\/v2\/media\/5196"}],"wp:attachment":[{"href":"https:\/\/shanabooks.de\/kur\/wp-json\/wp\/v2\/media?parent=12441"}],"wp:term":[{"taxonomy":"product_brand","embeddable":true,"href":"https:\/\/shanabooks.de\/kur\/wp-json\/wp\/v2\/product_brand?post=12441"},{"taxonomy":"product_cat","embeddable":true,"href":"https:\/\/shanabooks.de\/kur\/wp-json\/wp\/v2\/product_cat?post=12441"},{"taxonomy":"product_tag","embeddable":true,"href":"https:\/\/shanabooks.de\/kur\/wp-json\/wp\/v2\/product_tag?post=12441"}],"curies":[{"name":"wp","href":"https:\/\/api.w.org\/{rel}","templated":true}]}}