{"id":12475,"date":"2024-03-03T19:44:23","date_gmt":"2024-03-03T19:44:23","guid":{"rendered":"https:\/\/shanabooks.de\/?post_type=product&#038;p=12475"},"modified":"2025-12-31T17:30:37","modified_gmt":"2025-12-31T17:30:37","slug":"meseleya-seyr-a-dr-jekyll-u-mr-hyde-robert-louis-stevenson","status":"publish","type":"product","link":"https:\/\/shanabooks.de\/kur\/product\/meseleya-seyr-a-dr-jekyll-u-mr-hyde-robert-louis-stevenson\/","title":{"rendered":"Meseleya Seyr a Dr. Jekyll u\u0302 Mr. Hyde"},"content":{"rendered":"<p class=\"heading-title\" dir=\"ltr\"><strong>Meseleya Seyr a Dr. Jekyll u\u0302 Mr. Hyde &#8211; Robert Louis Stevenson<\/strong><\/p>\n<p dir=\"ltr\">Meseleya Seyr a Dr. Jekyll u\u0302 Mr. Hyde bu\u0302ye klasi\u0302kek\u00a0\u00a0di ware\u0302 babeteke herheyi\u0302 a edebiyate\u0302 de, ew ji\u0302 mijara duali\u0302teye\u0302 ye. Eve\u0302 mijara ku ji ol u\u0302 ayi\u0302nan heta bi psi\u0302kolojiye\u0302 di qade\u0302n te\u0302vel de bi s\u0327e\u0302weye\u0302n cu\u0302recu\u0302r derdikeve pe\u0302s\u0327iya me, bi ve\u0302 berheme\u0302 ciyeki\u0302 giri\u0302ng girtiye di ci\u0302hana we\u0302jeye\u0302 de. Di ve\u0302 romane\u0302 de em dibin s\u0327ahide\u0302 xwestek u\u0302 azmu\u0302neye\u0302n biji\u0302s\u0327keki\u0302 qenc u\u0302 xwedan i\u0302tibar e\u0302 ku dixwaze aliye\u0302 xwe ye\u0302 nebas\u0327 ji\u0302 derxe u\u0302 biji\u0302. Dema van du aliye\u0302n dijhev di du kesayetan de bi gewde dibin, bu\u0302yere\u0302n cihe\u0302 meraq u\u0302 nihe\u0302niye\u0302 li dor ve\u0302 nakokiya qedi\u0302m diqewimin. Gava em hevok bi hevok li pey ristin u\u0302 veristina ve\u0302 meseleya seyr diherin, zewqa edebi\u0302 a s\u0327e\u0302wazeke yekta ve\u0302 azmu\u0302neya me ya xwendine\u0302 dewlemend dike.<\/p>\n<p dir=\"ltr\">Meseleya Seyr a Dr. Jekyll u\u0302 Mr. Hyde ya Robert Louis Stevenson ji wergera Ciwanmerd Kulek e \u00fb ji we\u015fan\u00ean Avestay\u00ea derketiye.<\/p>\n","protected":false},"excerpt":{"rendered":"<p dir=\"ltr\" style=\"text-align: center\"><strong>Niv\u00eeskar: Robert Louis Stevenson<\/strong><br \/>\n<strong>Pirt\u00fbk: Meseleya Seyr A Dr. Jekyll \u00fb Mr. Hyde<\/strong><br \/>\n<strong>Cure: Roman<\/strong><\/p>\n","protected":false},"featured_media":5202,"template":"","meta":{"site-sidebar-layout":"default","site-content-layout":"","ast-site-content-layout":"default","site-content-style":"default","site-sidebar-style":"default","ast-global-header-display":"","ast-banner-title-visibility":"","ast-main-header-display":"","ast-hfb-above-header-display":"","ast-hfb-below-header-display":"","ast-hfb-mobile-header-display":"","site-post-title":"","ast-breadcrumbs-content":"","ast-featured-img":"","footer-sml-layout":"","ast-disable-related-posts":"","theme-transparent-header-meta":"default","adv-header-id-meta":"","stick-header-meta":"","header-above-stick-meta":"","header-main-stick-meta":"","header-below-stick-meta":"","astra-migrate-meta-layouts":"set","ast-page-background-enabled":"default","ast-page-background-meta":{"desktop":{"background-color":"","background-image":"","background-repeat":"repeat","background-position":"center center","background-size":"auto","background-attachment":"scroll","background-type":"","background-media":"","overlay-type":"","overlay-color":"","overlay-opacity":"","overlay-gradient":""},"tablet":{"background-color":"","background-image":"","background-repeat":"repeat","background-position":"center center","background-size":"auto","background-attachment":"scroll","background-type":"","background-media":"","overlay-type":"","overlay-color":"","overlay-opacity":"","overlay-gradient":""},"mobile":{"background-color":"","background-image":"","background-repeat":"repeat","background-position":"center center","background-size":"auto","background-attachment":"scroll","background-type":"","background-media":"","overlay-type":"","overlay-color":"","overlay-opacity":"","overlay-gradient":""}},"ast-content-background-meta":{"desktop":{"background-color":"var(--ast-global-color-5)","background-image":"","background-repeat":"repeat","background-position":"center center","background-size":"auto","background-attachment":"scroll","background-type":"","background-media":"","overlay-type":"","overlay-color":"","overlay-opacity":"","overlay-gradient":""},"tablet":{"background-color":"var(--ast-global-color-5)","background-image":"","background-repeat":"repeat","background-position":"center center","background-size":"auto","background-attachment":"scroll","background-type":"","background-media":"","overlay-type":"","overlay-color":"","overlay-opacity":"","overlay-gradient":""},"mobile":{"background-color":"var(--ast-global-color-5)","background-image":"","background-repeat":"repeat","background-position":"center center","background-size":"auto","background-attachment":"scroll","background-type":"","background-media":"","overlay-type":"","overlay-color":"","overlay-opacity":"","overlay-gradient":""}}},"product_brand":[],"product_cat":[185,182,193],"product_tag":[],"class_list":{"0":"post-12475","1":"product","2":"type-product","3":"status-publish","4":"has-post-thumbnail","6":"product_cat--_","7":"product_cat-_","9":"pa_-roman","10":"pa_-wejeye-cihani","11":"pa_-robert-louis-stevenson","12":"pa_-kurmanci","13":"pa_--avesta-yayinlari","14":"desktop-align-left","15":"tablet-align-left","16":"mobile-align-left","18":"first","19":"outofstock","20":"shipping-taxable","21":"purchasable","22":"product-type-simple"},"yoast_head":"<!-- This site is optimized with the Yoast SEO plugin v27.5 - https:\/\/yoast.com\/product\/yoast-seo-wordpress\/ -->\n<title>Meseleya Seyr a Dr. Jekyll u\u0302 Mr. Hyde - Robert Louis Stevenson - www.shanabooks.de<\/title>\n<meta name=\"description\" content=\"Meseleya Seyr a Dr. Jekyll u\u0302 Mr. Hyde - Robert Louis Stevenson Meseleya Seyr a Dr. Jekyll u\u0302 Mr. Hyde bu\u0302ye klasi\u0302kek\u00a0\u00a0di ware\u0302 babeteke herheyi\u0302 a edebi...\" \/>\n<meta name=\"robots\" content=\"index, follow, max-snippet:-1, max-image-preview:large, max-video-preview:-1\" \/>\n<link rel=\"canonical\" href=\"https:\/\/shanabooks.de\/product\/meseleya-seyr-a-dr-jekyll-u-mr-hyde-robert-louis-stevenson\/\" \/>\n<meta property=\"og:locale\" content=\"en_US\" \/>\n<meta property=\"og:type\" content=\"article\" \/>\n<meta property=\"og:title\" content=\"Meseleya Seyr a Dr. Jekyll u\u0302 Mr. Hyde - Robert Louis Stevenson - www.shanabooks.de\" \/>\n<meta property=\"og:description\" content=\"Meseleya Seyr a Dr. Jekyll u\u0302 Mr. Hyde - Robert Louis Stevenson Meseleya Seyr a Dr. Jekyll u\u0302 Mr. Hyde bu\u0302ye klasi\u0302kek\u00a0\u00a0di ware\u0302 babeteke herheyi\u0302 a edebi...\" \/>\n<meta property=\"og:url\" content=\"https:\/\/shanabooks.de\/product\/meseleya-seyr-a-dr-jekyll-u-mr-hyde-robert-louis-stevenson\/\" \/>\n<meta property=\"og:site_name\" content=\"www.shanabooks.de\" \/>\n<meta property=\"article:modified_time\" content=\"2025-12-31T17:30:37+00:00\" \/>\n<meta property=\"og:image\" content=\"https:\/\/shanabooks.de\/wp-content\/uploads\/2024\/01\/Meseleya-seyr-a-Dr.Jekyyl-u-MR.-Hyde.jpg\" \/>\n\t<meta property=\"og:image:width\" content=\"598\" \/>\n\t<meta property=\"og:image:height\" content=\"900\" \/>\n\t<meta property=\"og:image:type\" content=\"image\/jpeg\" \/>\n<meta name=\"twitter:card\" content=\"summary_large_image\" \/>\n<meta name=\"twitter:label1\" content=\"Est. reading time\" \/>\n\t<meta name=\"twitter:data1\" content=\"2 minutes\" \/>\n<script type=\"application\/ld+json\" class=\"yoast-schema-graph\">{\"@context\":\"https:\\\/\\\/schema.org\",\"@graph\":[{\"@type\":\"WebPage\",\"@id\":\"https:\\\/\\\/shanabooks.de\\\/product\\\/meseleya-seyr-a-dr-jekyll-u-mr-hyde-robert-louis-stevenson\\\/\",\"url\":\"https:\\\/\\\/shanabooks.de\\\/product\\\/meseleya-seyr-a-dr-jekyll-u-mr-hyde-robert-louis-stevenson\\\/\",\"name\":\"Meseleya Seyr a Dr. Jekyll u\u0302 Mr. Hyde - Robert Louis Stevenson - www.shanabooks.de\",\"isPartOf\":{\"@id\":\"https:\\\/\\\/shanabooks.de\\\/#website\"},\"primaryImageOfPage\":{\"@id\":\"https:\\\/\\\/shanabooks.de\\\/product\\\/meseleya-seyr-a-dr-jekyll-u-mr-hyde-robert-louis-stevenson\\\/#primaryimage\"},\"image\":{\"@id\":\"https:\\\/\\\/shanabooks.de\\\/product\\\/meseleya-seyr-a-dr-jekyll-u-mr-hyde-robert-louis-stevenson\\\/#primaryimage\"},\"thumbnailUrl\":\"https:\\\/\\\/shanabooks.de\\\/wp-content\\\/uploads\\\/2024\\\/01\\\/Meseleya-seyr-a-Dr.Jekyyl-u-MR.-Hyde.jpg\",\"datePublished\":\"2024-03-03T19:44:23+00:00\",\"dateModified\":\"2025-12-31T17:30:37+00:00\",\"description\":\"Meseleya Seyr a Dr. Jekyll u\u0302 Mr. Hyde - Robert Louis Stevenson Meseleya Seyr a Dr. Jekyll u\u0302 Mr. Hyde bu\u0302ye klasi\u0302kek\u00a0\u00a0di ware\u0302 babeteke herheyi\u0302 a edebi...\",\"breadcrumb\":{\"@id\":\"https:\\\/\\\/shanabooks.de\\\/product\\\/meseleya-seyr-a-dr-jekyll-u-mr-hyde-robert-louis-stevenson\\\/#breadcrumb\"},\"inLanguage\":\"kur\",\"potentialAction\":[{\"@type\":\"ReadAction\",\"target\":[\"https:\\\/\\\/shanabooks.de\\\/product\\\/meseleya-seyr-a-dr-jekyll-u-mr-hyde-robert-louis-stevenson\\\/\"]}]},{\"@type\":\"ImageObject\",\"inLanguage\":\"kur\",\"@id\":\"https:\\\/\\\/shanabooks.de\\\/product\\\/meseleya-seyr-a-dr-jekyll-u-mr-hyde-robert-louis-stevenson\\\/#primaryimage\",\"url\":\"https:\\\/\\\/shanabooks.de\\\/wp-content\\\/uploads\\\/2024\\\/01\\\/Meseleya-seyr-a-Dr.Jekyyl-u-MR.-Hyde.jpg\",\"contentUrl\":\"https:\\\/\\\/shanabooks.de\\\/wp-content\\\/uploads\\\/2024\\\/01\\\/Meseleya-seyr-a-Dr.Jekyyl-u-MR.-Hyde.jpg\",\"width\":598,\"height\":900,\"caption\":\"Meseleya Seyr a Dr. Jekyll u\u0302 Mr. Hyde - Robert Louis Stevenson - pirt\u00fbk\u00ean kurd\u00ee\"},{\"@type\":\"BreadcrumbList\",\"@id\":\"https:\\\/\\\/shanabooks.de\\\/product\\\/meseleya-seyr-a-dr-jekyll-u-mr-hyde-robert-louis-stevenson\\\/#breadcrumb\",\"itemListElement\":[{\"@type\":\"ListItem\",\"position\":1,\"name\":\"\u0627\u0644\u0631\u0626\u064a\u0633\u064a\u0629\",\"item\":\"https:\\\/\\\/shanabooks.de\\\/kur\\\/\"},{\"@type\":\"ListItem\",\"position\":2,\"name\":\"\u0627\u0644\u0645\u0646\u062a\u062c\u0627\u062a\",\"item\":\"https:\\\/\\\/shanabooks.de\\\/shop\\\/\"},{\"@type\":\"ListItem\",\"position\":3,\"name\":\"Meseleya Seyr a Dr. Jekyll u\u0302 Mr. Hyde\"}]},{\"@type\":\"WebSite\",\"@id\":\"https:\\\/\\\/shanabooks.de\\\/#website\",\"url\":\"https:\\\/\\\/shanabooks.de\\\/\",\"name\":\"www.shanbooks.de\",\"description\":\"C\u00eehana Pirt\u00fbk\u00ean Kurd\u00ee \u0645\u0643\u062a\u0628\u0629 \u0634\u0627\u0646\u0627 \u0641\u064a \u0627\u0644\u0645\u0627\u0646\u064a\u0627 \u0648\u0623\u0648\u0631\u0628\u0627\",\"publisher\":{\"@id\":\"https:\\\/\\\/shanabooks.de\\\/#organization\"},\"potentialAction\":[{\"@type\":\"SearchAction\",\"target\":{\"@type\":\"EntryPoint\",\"urlTemplate\":\"https:\\\/\\\/shanabooks.de\\\/?s={search_term_string}\"},\"query-input\":{\"@type\":\"PropertyValueSpecification\",\"valueRequired\":true,\"valueName\":\"search_term_string\"}}],\"inLanguage\":\"kur\"},{\"@type\":\"Organization\",\"@id\":\"https:\\\/\\\/shanabooks.de\\\/#organization\",\"name\":\"www.shanbooks.de\",\"url\":\"https:\\\/\\\/shanabooks.de\\\/\",\"logo\":{\"@type\":\"ImageObject\",\"inLanguage\":\"kur\",\"@id\":\"https:\\\/\\\/shanabooks.de\\\/#\\\/schema\\\/logo\\\/image\\\/\",\"url\":\"https:\\\/\\\/shanabooks.de\\\/wp-content\\\/uploads\\\/2024\\\/03\\\/SHANABOOKS__2_-removebg-preview.png\",\"contentUrl\":\"https:\\\/\\\/shanabooks.de\\\/wp-content\\\/uploads\\\/2024\\\/03\\\/SHANABOOKS__2_-removebg-preview.png\",\"width\":700,\"height\":150,\"caption\":\"www.shanbooks.de\"},\"image\":{\"@id\":\"https:\\\/\\\/shanabooks.de\\\/#\\\/schema\\\/logo\\\/image\\\/\"}}]}<\/script>\n<!-- \/ Yoast SEO plugin. -->","yoast_head_json":{"title":"Meseleya Seyr a Dr. Jekyll u\u0302 Mr. Hyde - Robert Louis Stevenson - www.shanabooks.de","description":"Meseleya Seyr a Dr. Jekyll u\u0302 Mr. Hyde - Robert Louis Stevenson Meseleya Seyr a Dr. Jekyll u\u0302 Mr. Hyde bu\u0302ye klasi\u0302kek\u00a0\u00a0di ware\u0302 babeteke herheyi\u0302 a edebi...","robots":{"index":"index","follow":"follow","max-snippet":"max-snippet:-1","max-image-preview":"max-image-preview:large","max-video-preview":"max-video-preview:-1"},"canonical":"https:\/\/shanabooks.de\/product\/meseleya-seyr-a-dr-jekyll-u-mr-hyde-robert-louis-stevenson\/","og_locale":"en_US","og_type":"article","og_title":"Meseleya Seyr a Dr. Jekyll u\u0302 Mr. Hyde - Robert Louis Stevenson - www.shanabooks.de","og_description":"Meseleya Seyr a Dr. Jekyll u\u0302 Mr. Hyde - Robert Louis Stevenson Meseleya Seyr a Dr. Jekyll u\u0302 Mr. Hyde bu\u0302ye klasi\u0302kek\u00a0\u00a0di ware\u0302 babeteke herheyi\u0302 a edebi...","og_url":"https:\/\/shanabooks.de\/product\/meseleya-seyr-a-dr-jekyll-u-mr-hyde-robert-louis-stevenson\/","og_site_name":"www.shanabooks.de","article_modified_time":"2025-12-31T17:30:37+00:00","og_image":[{"width":598,"height":900,"url":"https:\/\/shanabooks.de\/wp-content\/uploads\/2024\/01\/Meseleya-seyr-a-Dr.Jekyyl-u-MR.-Hyde.jpg","type":"image\/jpeg"}],"twitter_card":"summary_large_image","twitter_misc":{"Est. reading time":"2 minutes"},"schema":{"@context":"https:\/\/schema.org","@graph":[{"@type":"WebPage","@id":"https:\/\/shanabooks.de\/product\/meseleya-seyr-a-dr-jekyll-u-mr-hyde-robert-louis-stevenson\/","url":"https:\/\/shanabooks.de\/product\/meseleya-seyr-a-dr-jekyll-u-mr-hyde-robert-louis-stevenson\/","name":"Meseleya Seyr a Dr. Jekyll u\u0302 Mr. Hyde - Robert Louis Stevenson - www.shanabooks.de","isPartOf":{"@id":"https:\/\/shanabooks.de\/#website"},"primaryImageOfPage":{"@id":"https:\/\/shanabooks.de\/product\/meseleya-seyr-a-dr-jekyll-u-mr-hyde-robert-louis-stevenson\/#primaryimage"},"image":{"@id":"https:\/\/shanabooks.de\/product\/meseleya-seyr-a-dr-jekyll-u-mr-hyde-robert-louis-stevenson\/#primaryimage"},"thumbnailUrl":"https:\/\/shanabooks.de\/wp-content\/uploads\/2024\/01\/Meseleya-seyr-a-Dr.Jekyyl-u-MR.-Hyde.jpg","datePublished":"2024-03-03T19:44:23+00:00","dateModified":"2025-12-31T17:30:37+00:00","description":"Meseleya Seyr a Dr. Jekyll u\u0302 Mr. Hyde - Robert Louis Stevenson Meseleya Seyr a Dr. Jekyll u\u0302 Mr. Hyde bu\u0302ye klasi\u0302kek\u00a0\u00a0di ware\u0302 babeteke herheyi\u0302 a edebi...","breadcrumb":{"@id":"https:\/\/shanabooks.de\/product\/meseleya-seyr-a-dr-jekyll-u-mr-hyde-robert-louis-stevenson\/#breadcrumb"},"inLanguage":"kur","potentialAction":[{"@type":"ReadAction","target":["https:\/\/shanabooks.de\/product\/meseleya-seyr-a-dr-jekyll-u-mr-hyde-robert-louis-stevenson\/"]}]},{"@type":"ImageObject","inLanguage":"kur","@id":"https:\/\/shanabooks.de\/product\/meseleya-seyr-a-dr-jekyll-u-mr-hyde-robert-louis-stevenson\/#primaryimage","url":"https:\/\/shanabooks.de\/wp-content\/uploads\/2024\/01\/Meseleya-seyr-a-Dr.Jekyyl-u-MR.-Hyde.jpg","contentUrl":"https:\/\/shanabooks.de\/wp-content\/uploads\/2024\/01\/Meseleya-seyr-a-Dr.Jekyyl-u-MR.-Hyde.jpg","width":598,"height":900,"caption":"Meseleya Seyr a Dr. Jekyll u\u0302 Mr. Hyde - Robert Louis Stevenson - pirt\u00fbk\u00ean kurd\u00ee"},{"@type":"BreadcrumbList","@id":"https:\/\/shanabooks.de\/product\/meseleya-seyr-a-dr-jekyll-u-mr-hyde-robert-louis-stevenson\/#breadcrumb","itemListElement":[{"@type":"ListItem","position":1,"name":"\u0627\u0644\u0631\u0626\u064a\u0633\u064a\u0629","item":"https:\/\/shanabooks.de\/kur\/"},{"@type":"ListItem","position":2,"name":"\u0627\u0644\u0645\u0646\u062a\u062c\u0627\u062a","item":"https:\/\/shanabooks.de\/shop\/"},{"@type":"ListItem","position":3,"name":"Meseleya Seyr a Dr. Jekyll u\u0302 Mr. Hyde"}]},{"@type":"WebSite","@id":"https:\/\/shanabooks.de\/#website","url":"https:\/\/shanabooks.de\/","name":"www.shanbooks.de","description":"C\u00eehana Pirt\u00fbk\u00ean Kurd\u00ee \u0645\u0643\u062a\u0628\u0629 \u0634\u0627\u0646\u0627 \u0641\u064a \u0627\u0644\u0645\u0627\u0646\u064a\u0627 \u0648\u0623\u0648\u0631\u0628\u0627","publisher":{"@id":"https:\/\/shanabooks.de\/#organization"},"potentialAction":[{"@type":"SearchAction","target":{"@type":"EntryPoint","urlTemplate":"https:\/\/shanabooks.de\/?s={search_term_string}"},"query-input":{"@type":"PropertyValueSpecification","valueRequired":true,"valueName":"search_term_string"}}],"inLanguage":"kur"},{"@type":"Organization","@id":"https:\/\/shanabooks.de\/#organization","name":"www.shanbooks.de","url":"https:\/\/shanabooks.de\/","logo":{"@type":"ImageObject","inLanguage":"kur","@id":"https:\/\/shanabooks.de\/#\/schema\/logo\/image\/","url":"https:\/\/shanabooks.de\/wp-content\/uploads\/2024\/03\/SHANABOOKS__2_-removebg-preview.png","contentUrl":"https:\/\/shanabooks.de\/wp-content\/uploads\/2024\/03\/SHANABOOKS__2_-removebg-preview.png","width":700,"height":150,"caption":"www.shanbooks.de"},"image":{"@id":"https:\/\/shanabooks.de\/#\/schema\/logo\/image\/"}}]}},"jetpack_sharing_enabled":true,"_links":{"self":[{"href":"https:\/\/shanabooks.de\/kur\/wp-json\/wp\/v2\/product\/12475","targetHints":{"allow":["GET"]}}],"collection":[{"href":"https:\/\/shanabooks.de\/kur\/wp-json\/wp\/v2\/product"}],"about":[{"href":"https:\/\/shanabooks.de\/kur\/wp-json\/wp\/v2\/types\/product"}],"version-history":[{"count":3,"href":"https:\/\/shanabooks.de\/kur\/wp-json\/wp\/v2\/product\/12475\/revisions"}],"predecessor-version":[{"id":18757,"href":"https:\/\/shanabooks.de\/kur\/wp-json\/wp\/v2\/product\/12475\/revisions\/18757"}],"wp:featuredmedia":[{"embeddable":true,"href":"https:\/\/shanabooks.de\/kur\/wp-json\/wp\/v2\/media\/5202"}],"wp:attachment":[{"href":"https:\/\/shanabooks.de\/kur\/wp-json\/wp\/v2\/media?parent=12475"}],"wp:term":[{"taxonomy":"product_brand","embeddable":true,"href":"https:\/\/shanabooks.de\/kur\/wp-json\/wp\/v2\/product_brand?post=12475"},{"taxonomy":"product_cat","embeddable":true,"href":"https:\/\/shanabooks.de\/kur\/wp-json\/wp\/v2\/product_cat?post=12475"},{"taxonomy":"product_tag","embeddable":true,"href":"https:\/\/shanabooks.de\/kur\/wp-json\/wp\/v2\/product_tag?post=12475"}],"curies":[{"name":"wp","href":"https:\/\/api.w.org\/{rel}","templated":true}]}}