{"id":12607,"date":"2024-03-03T19:45:12","date_gmt":"2024-03-03T19:45:12","guid":{"rendered":"https:\/\/shanabooks.de\/?post_type=product&#038;p=12607"},"modified":"2024-04-06T08:36:44","modified_gmt":"2024-04-06T08:36:44","slug":"sere-seve-cirokek-amadekar-selim-temo","status":"publish","type":"product","link":"https:\/\/shanabooks.de\/kur\/product\/sere-seve-cirokek-amadekar-selim-temo\/","title":{"rendered":"Ser\u00ea \u015eev\u00ea \u00c7\u00eerokek"},"content":{"rendered":"<p dir=\"ltr\"><strong>Ser\u00ea \u015eev\u00ea \u00c7\u00eerokek &#8211; Amadekar: Sel\u00eem Temo<\/strong><\/p>\n<p dir=\"ltr\">Ed\u00eetor:\u00a0Cumhur \u00d6lmez<br \/>\nW\u00eanex\u00eaz:\u00a0Halit Siyar &#8211; Sad\u0131k Hang\u00fcl<br \/>\nD\u00eezayna Berg\u00ea:\u00a0 \u015eener \u00d6zmen<br \/>\nEbat:\u00a019*27<br \/>\nBerga Taybet<\/p>\n<p dir=\"ltr\">De werin delalok\u00ean malan, va ye w\u00eane hene di pirt\u00fbk\u00ea de. B\u00eehna kul\u00eelk\u00ean wel\u00eat dif\u00fbrin ji pirt\u00fbk\u00ea. Der\u00ee hene ku ber\u00ea wan li as\u00eeman\u00ee ne. M\u00earg\u00ean he\u015f\u00een hene. Heywan hene. Deryay\u00ean \u015f\u00een hene. \u00c7iyay\u00ean reng\u00een hene.<\/p>\n<p dir=\"ltr\">\u00cecar kerem bikin \u00fb ser\u00ea her \u015fev\u00ea \u00e7\u00eerokek\u00ea bixw\u00eenin yan j\u00ee guhdar\u00ee bikin ku xewn\u00ean we bi kurd\u00ee bin. Di nav xewn\u00ean xwe de bi aram\u00ee bigerin. Bila her \u015feveke we bi \u00e7\u00eerokek\u00ea binex\u015fe.<\/p>\n<p dir=\"ltr\">Ser\u00ea \u015eev\u00ea \u00c7\u00eerokek ya amadekar Sel\u00eem Temo ji we\u015fan\u00ean Daray\u00ea derketiye \u00fb ji<strong><br \/>\n12 Navdar<\/strong><br \/>\n<strong>12 Klas\u00eek\u00ean c\u00eehan\u00ea<\/strong><br \/>\n<strong>12 Helbest<\/strong><br \/>\n<strong>12 Destan\u00ean kurd\u00ee<\/strong><br \/>\n<strong>318 \u00c7\u00eerok<br \/>\n<\/strong>p\u00eak t\u00ea.<\/p>\n<p dir=\"ltr\">366 xewn\u00ean bi kurd\u00ee:\u00a0Ser\u00ea \u015eev\u00ea \u00c7\u00eerokek<\/p>\n<p dir=\"ltr\"><em><strong>\u00a0<\/strong><\/em><\/p>\n","protected":false},"excerpt":{"rendered":"<p dir=\"ltr\" style=\"text-align: center;\"><strong>Pirt\u00fbk: Ser\u00ea \u015eev\u00ea \u00c7\u00eerokek<br \/>\nAmadekar: Sel\u00eem Temo<br \/>\nCure: \u00c7\u00eerok<\/strong><\/p>\n","protected":false},"featured_media":11686,"template":"","meta":{"site-sidebar-layout":"default","site-content-layout":"","ast-site-content-layout":"default","site-content-style":"default","site-sidebar-style":"default","ast-global-header-display":"","ast-banner-title-visibility":"","ast-main-header-display":"","ast-hfb-above-header-display":"","ast-hfb-below-header-display":"","ast-hfb-mobile-header-display":"","site-post-title":"","ast-breadcrumbs-content":"","ast-featured-img":"","footer-sml-layout":"","ast-disable-related-posts":"","theme-transparent-header-meta":"default","adv-header-id-meta":"","stick-header-meta":"","header-above-stick-meta":"","header-main-stick-meta":"","header-below-stick-meta":"","astra-migrate-meta-layouts":"set","ast-page-background-enabled":"default","ast-page-background-meta":{"desktop":{"background-color":"","background-image":"","background-repeat":"repeat","background-position":"center center","background-size":"auto","background-attachment":"scroll","background-type":"","background-media":"","overlay-type":"","overlay-color":"","overlay-opacity":"","overlay-gradient":""},"tablet":{"background-color":"","background-image":"","background-repeat":"repeat","background-position":"center center","background-size":"auto","background-attachment":"scroll","background-type":"","background-media":"","overlay-type":"","overlay-color":"","overlay-opacity":"","overlay-gradient":""},"mobile":{"background-color":"","background-image":"","background-repeat":"repeat","background-position":"center center","background-size":"auto","background-attachment":"scroll","background-type":"","background-media":"","overlay-type":"","overlay-color":"","overlay-opacity":"","overlay-gradient":""}},"ast-content-background-meta":{"desktop":{"background-color":"var(--ast-global-color-5)","background-image":"","background-repeat":"repeat","background-position":"center center","background-size":"auto","background-attachment":"scroll","background-type":"","background-media":"","overlay-type":"","overlay-color":"","overlay-opacity":"","overlay-gradient":""},"tablet":{"background-color":"var(--ast-global-color-5)","background-image":"","background-repeat":"repeat","background-position":"center center","background-size":"auto","background-attachment":"scroll","background-type":"","background-media":"","overlay-type":"","overlay-color":"","overlay-opacity":"","overlay-gradient":""},"mobile":{"background-color":"var(--ast-global-color-5)","background-image":"","background-repeat":"repeat","background-position":"center center","background-size":"auto","background-attachment":"scroll","background-type":"","background-media":"","overlay-type":"","overlay-color":"","overlay-opacity":"","overlay-gradient":""}}},"product_brand":[],"product_cat":[183,193],"product_tag":[],"class_list":{"0":"post-12607","1":"product","2":"type-product","3":"status-publish","4":"has-post-thumbnail","6":"product_cat-_","7":"product_cat--_","8":"pa_-cirok","9":"pa_-selim-temo","10":"pa_-kurmanci","11":"pa_--dara-yayinlari","12":"desktop-align-left","13":"tablet-align-left","14":"mobile-align-left","16":"first","17":"instock","18":"shipping-taxable","19":"purchasable","20":"product-type-simple"},"yoast_head":"<!-- This site is optimized with the Yoast SEO plugin v27.4 - https:\/\/yoast.com\/product\/yoast-seo-wordpress\/ -->\n<title>Ser\u00ea \u015eev\u00ea \u00c7\u00eerokek - Amadekar: Sel\u00eem Temo - www.shanabooks.de<\/title>\n<meta name=\"description\" content=\"Ser\u00ea \u015eev\u00ea \u00c7\u00eerokek - Amadekar: Sel\u00eem Temo De werin delalok\u00ean malan, va ye w\u00eane hene di pirt\u00fbk\u00ea de. B\u00eehna kul\u00eelk\u00ean wel\u00eat dif\u00fbrin ji pirt\u00fbk\u00ea. Der\u00ee hene ku ...\" \/>\n<meta name=\"robots\" content=\"index, follow, max-snippet:-1, max-image-preview:large, max-video-preview:-1\" \/>\n<link rel=\"canonical\" href=\"https:\/\/shanabooks.de\/product\/sere-seve-cirokek-amadekar-selim-temo\/\" \/>\n<meta property=\"og:locale\" content=\"en_US\" \/>\n<meta property=\"og:type\" content=\"article\" \/>\n<meta property=\"og:title\" content=\"Ser\u00ea \u015eev\u00ea \u00c7\u00eerokek - Amadekar: Sel\u00eem Temo - www.shanabooks.de\" \/>\n<meta property=\"og:description\" content=\"Ser\u00ea \u015eev\u00ea \u00c7\u00eerokek - Amadekar: Sel\u00eem Temo De werin delalok\u00ean malan, va ye w\u00eane hene di pirt\u00fbk\u00ea de. B\u00eehna kul\u00eelk\u00ean wel\u00eat dif\u00fbrin ji pirt\u00fbk\u00ea. Der\u00ee hene ku ...\" \/>\n<meta property=\"og:url\" content=\"https:\/\/shanabooks.de\/product\/sere-seve-cirokek-amadekar-selim-temo\/\" \/>\n<meta property=\"og:site_name\" content=\"www.shanabooks.de\" \/>\n<meta property=\"article:modified_time\" content=\"2024-04-06T08:36:44+00:00\" \/>\n<meta property=\"og:image\" content=\"https:\/\/shanabooks.de\/wp-content\/uploads\/2024\/03\/sere-seve-cirokek.png\" \/>\n\t<meta property=\"og:image:width\" content=\"320\" \/>\n\t<meta property=\"og:image:height\" content=\"472\" \/>\n\t<meta property=\"og:image:type\" content=\"image\/png\" \/>\n<meta name=\"twitter:card\" content=\"summary_large_image\" \/>\n<meta name=\"twitter:label1\" content=\"Est. reading time\" \/>\n\t<meta name=\"twitter:data1\" content=\"2 minutes\" \/>\n<script type=\"application\/ld+json\" class=\"yoast-schema-graph\">{\"@context\":\"https:\\\/\\\/schema.org\",\"@graph\":[{\"@type\":\"WebPage\",\"@id\":\"https:\\\/\\\/shanabooks.de\\\/product\\\/sere-seve-cirokek-amadekar-selim-temo\\\/\",\"url\":\"https:\\\/\\\/shanabooks.de\\\/product\\\/sere-seve-cirokek-amadekar-selim-temo\\\/\",\"name\":\"Ser\u00ea \u015eev\u00ea \u00c7\u00eerokek - Amadekar: Sel\u00eem Temo - www.shanabooks.de\",\"isPartOf\":{\"@id\":\"https:\\\/\\\/shanabooks.de\\\/#website\"},\"primaryImageOfPage\":{\"@id\":\"https:\\\/\\\/shanabooks.de\\\/product\\\/sere-seve-cirokek-amadekar-selim-temo\\\/#primaryimage\"},\"image\":{\"@id\":\"https:\\\/\\\/shanabooks.de\\\/product\\\/sere-seve-cirokek-amadekar-selim-temo\\\/#primaryimage\"},\"thumbnailUrl\":\"https:\\\/\\\/shanabooks.de\\\/wp-content\\\/uploads\\\/2024\\\/03\\\/sere-seve-cirokek.png\",\"datePublished\":\"2024-03-03T19:45:12+00:00\",\"dateModified\":\"2024-04-06T08:36:44+00:00\",\"description\":\"Ser\u00ea \u015eev\u00ea \u00c7\u00eerokek - Amadekar: Sel\u00eem Temo De werin delalok\u00ean malan, va ye w\u00eane hene di pirt\u00fbk\u00ea de. B\u00eehna kul\u00eelk\u00ean wel\u00eat dif\u00fbrin ji pirt\u00fbk\u00ea. Der\u00ee hene ku ...\",\"breadcrumb\":{\"@id\":\"https:\\\/\\\/shanabooks.de\\\/product\\\/sere-seve-cirokek-amadekar-selim-temo\\\/#breadcrumb\"},\"inLanguage\":\"kur\",\"potentialAction\":[{\"@type\":\"ReadAction\",\"target\":[\"https:\\\/\\\/shanabooks.de\\\/product\\\/sere-seve-cirokek-amadekar-selim-temo\\\/\"]}]},{\"@type\":\"ImageObject\",\"inLanguage\":\"kur\",\"@id\":\"https:\\\/\\\/shanabooks.de\\\/product\\\/sere-seve-cirokek-amadekar-selim-temo\\\/#primaryimage\",\"url\":\"https:\\\/\\\/shanabooks.de\\\/wp-content\\\/uploads\\\/2024\\\/03\\\/sere-seve-cirokek.png\",\"contentUrl\":\"https:\\\/\\\/shanabooks.de\\\/wp-content\\\/uploads\\\/2024\\\/03\\\/sere-seve-cirokek.png\",\"width\":320,\"height\":472,\"caption\":\"Ser\u00ea \u015eev\u00ea \u00c7\u00eerokek - Amadekar: Sel\u00eem Temo - pirt\u00fbk\u00ean kurd\u00ee - \u00e7\u00eerok\"},{\"@type\":\"BreadcrumbList\",\"@id\":\"https:\\\/\\\/shanabooks.de\\\/product\\\/sere-seve-cirokek-amadekar-selim-temo\\\/#breadcrumb\",\"itemListElement\":[{\"@type\":\"ListItem\",\"position\":1,\"name\":\"\u0627\u0644\u0631\u0626\u064a\u0633\u064a\u0629\",\"item\":\"https:\\\/\\\/shanabooks.de\\\/kur\\\/\"},{\"@type\":\"ListItem\",\"position\":2,\"name\":\"\u0627\u0644\u0645\u0646\u062a\u062c\u0627\u062a\",\"item\":\"https:\\\/\\\/shanabooks.de\\\/shop\\\/\"},{\"@type\":\"ListItem\",\"position\":3,\"name\":\"Ser\u00ea \u015eev\u00ea \u00c7\u00eerokek\"}]},{\"@type\":\"WebSite\",\"@id\":\"https:\\\/\\\/shanabooks.de\\\/#website\",\"url\":\"https:\\\/\\\/shanabooks.de\\\/\",\"name\":\"www.shanbooks.de\",\"description\":\"C\u00eehana Pirt\u00fbk\u00ean Kurd\u00ee \u0645\u0643\u062a\u0628\u0629 \u0634\u0627\u0646\u0627 \u0641\u064a \u0627\u0644\u0645\u0627\u0646\u064a\u0627 \u0648\u0623\u0648\u0631\u0628\u0627\",\"publisher\":{\"@id\":\"https:\\\/\\\/shanabooks.de\\\/#organization\"},\"potentialAction\":[{\"@type\":\"SearchAction\",\"target\":{\"@type\":\"EntryPoint\",\"urlTemplate\":\"https:\\\/\\\/shanabooks.de\\\/?s={search_term_string}\"},\"query-input\":{\"@type\":\"PropertyValueSpecification\",\"valueRequired\":true,\"valueName\":\"search_term_string\"}}],\"inLanguage\":\"kur\"},{\"@type\":\"Organization\",\"@id\":\"https:\\\/\\\/shanabooks.de\\\/#organization\",\"name\":\"www.shanbooks.de\",\"url\":\"https:\\\/\\\/shanabooks.de\\\/\",\"logo\":{\"@type\":\"ImageObject\",\"inLanguage\":\"kur\",\"@id\":\"https:\\\/\\\/shanabooks.de\\\/#\\\/schema\\\/logo\\\/image\\\/\",\"url\":\"https:\\\/\\\/shanabooks.de\\\/wp-content\\\/uploads\\\/2024\\\/03\\\/SHANABOOKS__2_-removebg-preview.png\",\"contentUrl\":\"https:\\\/\\\/shanabooks.de\\\/wp-content\\\/uploads\\\/2024\\\/03\\\/SHANABOOKS__2_-removebg-preview.png\",\"width\":700,\"height\":150,\"caption\":\"www.shanbooks.de\"},\"image\":{\"@id\":\"https:\\\/\\\/shanabooks.de\\\/#\\\/schema\\\/logo\\\/image\\\/\"}}]}<\/script>\n<!-- \/ Yoast SEO plugin. -->","yoast_head_json":{"title":"Ser\u00ea \u015eev\u00ea \u00c7\u00eerokek - Amadekar: Sel\u00eem Temo - www.shanabooks.de","description":"Ser\u00ea \u015eev\u00ea \u00c7\u00eerokek - Amadekar: Sel\u00eem Temo De werin delalok\u00ean malan, va ye w\u00eane hene di pirt\u00fbk\u00ea de. B\u00eehna kul\u00eelk\u00ean wel\u00eat dif\u00fbrin ji pirt\u00fbk\u00ea. Der\u00ee hene ku ...","robots":{"index":"index","follow":"follow","max-snippet":"max-snippet:-1","max-image-preview":"max-image-preview:large","max-video-preview":"max-video-preview:-1"},"canonical":"https:\/\/shanabooks.de\/product\/sere-seve-cirokek-amadekar-selim-temo\/","og_locale":"en_US","og_type":"article","og_title":"Ser\u00ea \u015eev\u00ea \u00c7\u00eerokek - Amadekar: Sel\u00eem Temo - www.shanabooks.de","og_description":"Ser\u00ea \u015eev\u00ea \u00c7\u00eerokek - Amadekar: Sel\u00eem Temo De werin delalok\u00ean malan, va ye w\u00eane hene di pirt\u00fbk\u00ea de. B\u00eehna kul\u00eelk\u00ean wel\u00eat dif\u00fbrin ji pirt\u00fbk\u00ea. Der\u00ee hene ku ...","og_url":"https:\/\/shanabooks.de\/product\/sere-seve-cirokek-amadekar-selim-temo\/","og_site_name":"www.shanabooks.de","article_modified_time":"2024-04-06T08:36:44+00:00","og_image":[{"width":320,"height":472,"url":"https:\/\/shanabooks.de\/wp-content\/uploads\/2024\/03\/sere-seve-cirokek.png","type":"image\/png"}],"twitter_card":"summary_large_image","twitter_misc":{"Est. reading time":"2 minutes"},"schema":{"@context":"https:\/\/schema.org","@graph":[{"@type":"WebPage","@id":"https:\/\/shanabooks.de\/product\/sere-seve-cirokek-amadekar-selim-temo\/","url":"https:\/\/shanabooks.de\/product\/sere-seve-cirokek-amadekar-selim-temo\/","name":"Ser\u00ea \u015eev\u00ea \u00c7\u00eerokek - Amadekar: Sel\u00eem Temo - www.shanabooks.de","isPartOf":{"@id":"https:\/\/shanabooks.de\/#website"},"primaryImageOfPage":{"@id":"https:\/\/shanabooks.de\/product\/sere-seve-cirokek-amadekar-selim-temo\/#primaryimage"},"image":{"@id":"https:\/\/shanabooks.de\/product\/sere-seve-cirokek-amadekar-selim-temo\/#primaryimage"},"thumbnailUrl":"https:\/\/shanabooks.de\/wp-content\/uploads\/2024\/03\/sere-seve-cirokek.png","datePublished":"2024-03-03T19:45:12+00:00","dateModified":"2024-04-06T08:36:44+00:00","description":"Ser\u00ea \u015eev\u00ea \u00c7\u00eerokek - Amadekar: Sel\u00eem Temo De werin delalok\u00ean malan, va ye w\u00eane hene di pirt\u00fbk\u00ea de. B\u00eehna kul\u00eelk\u00ean wel\u00eat dif\u00fbrin ji pirt\u00fbk\u00ea. Der\u00ee hene ku ...","breadcrumb":{"@id":"https:\/\/shanabooks.de\/product\/sere-seve-cirokek-amadekar-selim-temo\/#breadcrumb"},"inLanguage":"kur","potentialAction":[{"@type":"ReadAction","target":["https:\/\/shanabooks.de\/product\/sere-seve-cirokek-amadekar-selim-temo\/"]}]},{"@type":"ImageObject","inLanguage":"kur","@id":"https:\/\/shanabooks.de\/product\/sere-seve-cirokek-amadekar-selim-temo\/#primaryimage","url":"https:\/\/shanabooks.de\/wp-content\/uploads\/2024\/03\/sere-seve-cirokek.png","contentUrl":"https:\/\/shanabooks.de\/wp-content\/uploads\/2024\/03\/sere-seve-cirokek.png","width":320,"height":472,"caption":"Ser\u00ea \u015eev\u00ea \u00c7\u00eerokek - Amadekar: Sel\u00eem Temo - pirt\u00fbk\u00ean kurd\u00ee - \u00e7\u00eerok"},{"@type":"BreadcrumbList","@id":"https:\/\/shanabooks.de\/product\/sere-seve-cirokek-amadekar-selim-temo\/#breadcrumb","itemListElement":[{"@type":"ListItem","position":1,"name":"\u0627\u0644\u0631\u0626\u064a\u0633\u064a\u0629","item":"https:\/\/shanabooks.de\/kur\/"},{"@type":"ListItem","position":2,"name":"\u0627\u0644\u0645\u0646\u062a\u062c\u0627\u062a","item":"https:\/\/shanabooks.de\/shop\/"},{"@type":"ListItem","position":3,"name":"Ser\u00ea \u015eev\u00ea \u00c7\u00eerokek"}]},{"@type":"WebSite","@id":"https:\/\/shanabooks.de\/#website","url":"https:\/\/shanabooks.de\/","name":"www.shanbooks.de","description":"C\u00eehana Pirt\u00fbk\u00ean Kurd\u00ee \u0645\u0643\u062a\u0628\u0629 \u0634\u0627\u0646\u0627 \u0641\u064a \u0627\u0644\u0645\u0627\u0646\u064a\u0627 \u0648\u0623\u0648\u0631\u0628\u0627","publisher":{"@id":"https:\/\/shanabooks.de\/#organization"},"potentialAction":[{"@type":"SearchAction","target":{"@type":"EntryPoint","urlTemplate":"https:\/\/shanabooks.de\/?s={search_term_string}"},"query-input":{"@type":"PropertyValueSpecification","valueRequired":true,"valueName":"search_term_string"}}],"inLanguage":"kur"},{"@type":"Organization","@id":"https:\/\/shanabooks.de\/#organization","name":"www.shanbooks.de","url":"https:\/\/shanabooks.de\/","logo":{"@type":"ImageObject","inLanguage":"kur","@id":"https:\/\/shanabooks.de\/#\/schema\/logo\/image\/","url":"https:\/\/shanabooks.de\/wp-content\/uploads\/2024\/03\/SHANABOOKS__2_-removebg-preview.png","contentUrl":"https:\/\/shanabooks.de\/wp-content\/uploads\/2024\/03\/SHANABOOKS__2_-removebg-preview.png","width":700,"height":150,"caption":"www.shanbooks.de"},"image":{"@id":"https:\/\/shanabooks.de\/#\/schema\/logo\/image\/"}}]}},"jetpack_sharing_enabled":true,"_links":{"self":[{"href":"https:\/\/shanabooks.de\/kur\/wp-json\/wp\/v2\/product\/12607","targetHints":{"allow":["GET"]}}],"collection":[{"href":"https:\/\/shanabooks.de\/kur\/wp-json\/wp\/v2\/product"}],"about":[{"href":"https:\/\/shanabooks.de\/kur\/wp-json\/wp\/v2\/types\/product"}],"version-history":[{"count":3,"href":"https:\/\/shanabooks.de\/kur\/wp-json\/wp\/v2\/product\/12607\/revisions"}],"predecessor-version":[{"id":22946,"href":"https:\/\/shanabooks.de\/kur\/wp-json\/wp\/v2\/product\/12607\/revisions\/22946"}],"wp:featuredmedia":[{"embeddable":true,"href":"https:\/\/shanabooks.de\/kur\/wp-json\/wp\/v2\/media\/11686"}],"wp:attachment":[{"href":"https:\/\/shanabooks.de\/kur\/wp-json\/wp\/v2\/media?parent=12607"}],"wp:term":[{"taxonomy":"product_brand","embeddable":true,"href":"https:\/\/shanabooks.de\/kur\/wp-json\/wp\/v2\/product_brand?post=12607"},{"taxonomy":"product_cat","embeddable":true,"href":"https:\/\/shanabooks.de\/kur\/wp-json\/wp\/v2\/product_cat?post=12607"},{"taxonomy":"product_tag","embeddable":true,"href":"https:\/\/shanabooks.de\/kur\/wp-json\/wp\/v2\/product_tag?post=12607"}],"curies":[{"name":"wp","href":"https:\/\/api.w.org\/{rel}","templated":true}]}}