{"id":12647,"date":"2024-03-03T19:45:34","date_gmt":"2024-03-03T19:45:34","guid":{"rendered":"https:\/\/shanabooks.de\/?post_type=product&#038;p=12647"},"modified":"2024-03-19T16:34:21","modified_gmt":"2024-03-19T16:34:21","slug":"eroutika-arjen-ari","status":"publish","type":"product","link":"https:\/\/shanabooks.de\/kur\/product\/eroutika-arjen-ari\/","title":{"rendered":"Ero\u00fbt\u00eeka"},"content":{"rendered":"<p dir=\"ltr\"><strong>Ero\u00fbt\u00eeka &#8211; Arjen Ar\u00ee<\/strong><\/p>\n<p dir=\"ltr\"><span style=\"color: #222222;font-family: Verdana\">ji Ero\u00fbt\u00eeka ya Arjen Ar\u00ee<br \/>\nme lome nekir ji wan\u00a0<\/span><\/p>\n<p dir=\"ltr\"><span style=\"color: #222222;font-family: Verdana\">na na, \u00fb ne ji yek\u00ee!\u00a0<\/span><\/p>\n<p dir=\"ltr\"><span style=\"color: #222222;font-family: Verdana\">nav\u00ea law\u00ea xwe kiribe S\u00eepan kurdek\u00ee\u00a0<\/span><\/p>\n<p dir=\"ltr\"><span style=\"color: #222222;font-family: Verdana\">me l\u00eeland\u00a0<\/span><\/p>\n<p dir=\"ltr\"><span style=\"color: #222222;font-family: Verdana\">loma, bi S\u00eepan in stran\u00ean me\u00a0<\/span><\/p>\n<p dir=\"ltr\"><span style=\"color: #222222;font-family: Verdana\">ka bistr\u00ea, heyran!<\/span><\/p>\n<p dir=\"ltr\"><span style=\"color: #222222;font-family: Verdana\"><b>Arjen Ari<\/b>\u00a0k\u00ee ye?<\/span><\/p>\n<p dir=\"ltr\"><span style=\"color: #222222;font-family: Verdana\">Di sala 1956an de li gund\u00ea \u00c7al\u00ea y\u00ea bi ser Nis\u00eab\u00een\u00ea ve hate dinyay\u00ea. Dibistana seretay\u00ee \u00fb nav\u00een li Nis\u00eab\u00een\u00ea kuta kir. Di sala 1979an de ji Zankoya D\u00eecley\u00ea, ji be\u015fa Ziman\u00ea Tirk\u00ee mez\u00fbn b\u00fb.\u00a0<\/span><\/p>\n<p dir=\"ltr\"><span style=\"color: #222222;font-family: Verdana\">Helbest\u00ean w\u00ee di kovar\u00ean weke Berbang, T\u00eeroj, Kurdistan Press, N\u00fbdem, \u00c7ira, Rew\u015fen, Nubihar, Gulistan, Kevan, Peyv, N\u00fbb\u00fbn \u00fb Karwan de hatin we\u015fandin. Di sala 2004an de yek ji avakar\u00ean Komeleya Niv\u00eeskar\u00ean Kurd b\u00fb li Amed\u00ea.\u00a0<\/span><\/p>\n<p dir=\"ltr\"><span style=\"color: #222222;font-family: Verdana\">Di 30\u00ea Cotmeha 2012an de ji ber nexwe\u015fiya pence\u015f\u00ear\u00ea \u00e7\u00fb ser dilovaniya xwe \u00fb li Goristana Yenikoy\u00ea ya li Amed\u00ea hate definkirin.\u00a0<\/span><\/p>\n<div dir=\"ltr\"><\/div>\n<p dir=\"ltr\"><em><strong>\u00a0<\/strong><\/em><\/p>\n","protected":false},"excerpt":{"rendered":"<p dir=\"ltr\" style=\"text-align: center\"><strong>Pirt\u00fbk: Ero\u00fbt\u00eeka<br \/>\nNiv\u00eeskar: Arjen Ar\u00ee<br \/>\nCure: Helbest<\/strong><\/p>\n","protected":false},"featured_media":12688,"template":"","meta":{"site-sidebar-layout":"default","site-content-layout":"","ast-site-content-layout":"default","site-content-style":"default","site-sidebar-style":"default","ast-global-header-display":"","ast-banner-title-visibility":"","ast-main-header-display":"","ast-hfb-above-header-display":"","ast-hfb-below-header-display":"","ast-hfb-mobile-header-display":"","site-post-title":"","ast-breadcrumbs-content":"","ast-featured-img":"","footer-sml-layout":"","ast-disable-related-posts":"","theme-transparent-header-meta":"default","adv-header-id-meta":"","stick-header-meta":"","header-above-stick-meta":"","header-main-stick-meta":"","header-below-stick-meta":"","astra-migrate-meta-layouts":"set","ast-page-background-enabled":"default","ast-page-background-meta":{"desktop":{"background-color":"","background-image":"","background-repeat":"repeat","background-position":"center center","background-size":"auto","background-attachment":"scroll","background-type":"","background-media":"","overlay-type":"","overlay-color":"","overlay-opacity":"","overlay-gradient":""},"tablet":{"background-color":"","background-image":"","background-repeat":"repeat","background-position":"center center","background-size":"auto","background-attachment":"scroll","background-type":"","background-media":"","overlay-type":"","overlay-color":"","overlay-opacity":"","overlay-gradient":""},"mobile":{"background-color":"","background-image":"","background-repeat":"repeat","background-position":"center center","background-size":"auto","background-attachment":"scroll","background-type":"","background-media":"","overlay-type":"","overlay-color":"","overlay-opacity":"","overlay-gradient":""}},"ast-content-background-meta":{"desktop":{"background-color":"var(--ast-global-color-5)","background-image":"","background-repeat":"repeat","background-position":"center center","background-size":"auto","background-attachment":"scroll","background-type":"","background-media":"","overlay-type":"","overlay-color":"","overlay-opacity":"","overlay-gradient":""},"tablet":{"background-color":"var(--ast-global-color-5)","background-image":"","background-repeat":"repeat","background-position":"center center","background-size":"auto","background-attachment":"scroll","background-type":"","background-media":"","overlay-type":"","overlay-color":"","overlay-opacity":"","overlay-gradient":""},"mobile":{"background-color":"var(--ast-global-color-5)","background-image":"","background-repeat":"repeat","background-position":"center center","background-size":"auto","background-attachment":"scroll","background-type":"","background-media":"","overlay-type":"","overlay-color":"","overlay-opacity":"","overlay-gradient":""}}},"product_brand":[],"product_cat":[184,193],"product_tag":[],"class_list":{"0":"post-12647","1":"product","2":"type-product","3":"status-publish","4":"has-post-thumbnail","6":"product_cat-_","7":"product_cat--_","8":"pa_-helbest","9":"pa_-arjen-ari","10":"pa_-kurmanci","11":"pa_--wesanen-sor","12":"desktop-align-left","13":"tablet-align-left","14":"mobile-align-left","16":"first","17":"instock","18":"shipping-taxable","19":"purchasable","20":"product-type-simple"},"yoast_head":"<!-- This site is optimized with the Yoast SEO plugin v27.4 - https:\/\/yoast.com\/product\/yoast-seo-wordpress\/ -->\n<title>Ero\u00fbt\u00eeka - Arjen Ar\u00ee - www.shanabooks.de<\/title>\n<meta name=\"description\" content=\"Ero\u00fbt\u00eeka - Arjen Ar\u00ee Helbest\u00ean w\u00ee di kovar\u00ean weke Berbang, T\u00eeroj, Kurdistan Press, N\u00fbdem, \u00c7ira, Rew\u015fen, Nubihar, Gulistan, Kevan, Peyv, N\u00fbb\u00fbn ...\" \/>\n<meta name=\"robots\" content=\"index, follow, max-snippet:-1, max-image-preview:large, max-video-preview:-1\" \/>\n<link rel=\"canonical\" href=\"https:\/\/shanabooks.de\/product\/eroutika-arjen-ari\/\" \/>\n<meta property=\"og:locale\" content=\"en_US\" \/>\n<meta property=\"og:type\" content=\"article\" \/>\n<meta property=\"og:title\" content=\"Ero\u00fbt\u00eeka - Arjen Ar\u00ee - www.shanabooks.de\" \/>\n<meta property=\"og:description\" content=\"Ero\u00fbt\u00eeka - Arjen Ar\u00ee Helbest\u00ean w\u00ee di kovar\u00ean weke Berbang, T\u00eeroj, Kurdistan Press, N\u00fbdem, \u00c7ira, Rew\u015fen, Nubihar, Gulistan, Kevan, Peyv, N\u00fbb\u00fbn ...\" \/>\n<meta property=\"og:url\" content=\"https:\/\/shanabooks.de\/product\/eroutika-arjen-ari\/\" \/>\n<meta property=\"og:site_name\" content=\"www.shanabooks.de\" \/>\n<meta property=\"article:modified_time\" content=\"2024-03-19T16:34:21+00:00\" \/>\n<meta property=\"og:image\" content=\"https:\/\/shanabooks.de\/wp-content\/uploads\/2024\/03\/Eroutika.jpg\" \/>\n\t<meta property=\"og:image:width\" content=\"327\" \/>\n\t<meta property=\"og:image:height\" content=\"479\" \/>\n\t<meta property=\"og:image:type\" content=\"image\/jpeg\" \/>\n<meta name=\"twitter:card\" content=\"summary_large_image\" \/>\n<meta name=\"twitter:label1\" content=\"Est. reading time\" \/>\n\t<meta name=\"twitter:data1\" content=\"2 minutes\" \/>\n<script type=\"application\/ld+json\" class=\"yoast-schema-graph\">{\"@context\":\"https:\\\/\\\/schema.org\",\"@graph\":[{\"@type\":\"WebPage\",\"@id\":\"https:\\\/\\\/shanabooks.de\\\/product\\\/eroutika-arjen-ari\\\/\",\"url\":\"https:\\\/\\\/shanabooks.de\\\/product\\\/eroutika-arjen-ari\\\/\",\"name\":\"Ero\u00fbt\u00eeka - Arjen Ar\u00ee - www.shanabooks.de\",\"isPartOf\":{\"@id\":\"https:\\\/\\\/shanabooks.de\\\/#website\"},\"primaryImageOfPage\":{\"@id\":\"https:\\\/\\\/shanabooks.de\\\/product\\\/eroutika-arjen-ari\\\/#primaryimage\"},\"image\":{\"@id\":\"https:\\\/\\\/shanabooks.de\\\/product\\\/eroutika-arjen-ari\\\/#primaryimage\"},\"thumbnailUrl\":\"https:\\\/\\\/shanabooks.de\\\/wp-content\\\/uploads\\\/2024\\\/03\\\/Eroutika.jpg\",\"datePublished\":\"2024-03-03T19:45:34+00:00\",\"dateModified\":\"2024-03-19T16:34:21+00:00\",\"description\":\"Ero\u00fbt\u00eeka - Arjen Ar\u00ee Helbest\u00ean w\u00ee di kovar\u00ean weke Berbang, T\u00eeroj, Kurdistan Press, N\u00fbdem, \u00c7ira, Rew\u015fen, Nubihar, Gulistan, Kevan, Peyv, N\u00fbb\u00fbn ...\",\"breadcrumb\":{\"@id\":\"https:\\\/\\\/shanabooks.de\\\/product\\\/eroutika-arjen-ari\\\/#breadcrumb\"},\"inLanguage\":\"kur\",\"potentialAction\":[{\"@type\":\"ReadAction\",\"target\":[\"https:\\\/\\\/shanabooks.de\\\/product\\\/eroutika-arjen-ari\\\/\"]}]},{\"@type\":\"ImageObject\",\"inLanguage\":\"kur\",\"@id\":\"https:\\\/\\\/shanabooks.de\\\/product\\\/eroutika-arjen-ari\\\/#primaryimage\",\"url\":\"https:\\\/\\\/shanabooks.de\\\/wp-content\\\/uploads\\\/2024\\\/03\\\/Eroutika.jpg\",\"contentUrl\":\"https:\\\/\\\/shanabooks.de\\\/wp-content\\\/uploads\\\/2024\\\/03\\\/Eroutika.jpg\",\"width\":327,\"height\":479,\"caption\":\"Ero\u00fbt\u00eeka - Arjen Ar\u00ee - pirt\u00fbk\u00ean kurd\u00ee\"},{\"@type\":\"BreadcrumbList\",\"@id\":\"https:\\\/\\\/shanabooks.de\\\/product\\\/eroutika-arjen-ari\\\/#breadcrumb\",\"itemListElement\":[{\"@type\":\"ListItem\",\"position\":1,\"name\":\"\u0627\u0644\u0631\u0626\u064a\u0633\u064a\u0629\",\"item\":\"https:\\\/\\\/shanabooks.de\\\/kur\\\/\"},{\"@type\":\"ListItem\",\"position\":2,\"name\":\"\u0627\u0644\u0645\u0646\u062a\u062c\u0627\u062a\",\"item\":\"https:\\\/\\\/shanabooks.de\\\/shop\\\/\"},{\"@type\":\"ListItem\",\"position\":3,\"name\":\"Ero\u00fbt\u00eeka\"}]},{\"@type\":\"WebSite\",\"@id\":\"https:\\\/\\\/shanabooks.de\\\/#website\",\"url\":\"https:\\\/\\\/shanabooks.de\\\/\",\"name\":\"www.shanbooks.de\",\"description\":\"C\u00eehana Pirt\u00fbk\u00ean Kurd\u00ee \u0645\u0643\u062a\u0628\u0629 \u0634\u0627\u0646\u0627 \u0641\u064a \u0627\u0644\u0645\u0627\u0646\u064a\u0627 \u0648\u0623\u0648\u0631\u0628\u0627\",\"publisher\":{\"@id\":\"https:\\\/\\\/shanabooks.de\\\/#organization\"},\"potentialAction\":[{\"@type\":\"SearchAction\",\"target\":{\"@type\":\"EntryPoint\",\"urlTemplate\":\"https:\\\/\\\/shanabooks.de\\\/?s={search_term_string}\"},\"query-input\":{\"@type\":\"PropertyValueSpecification\",\"valueRequired\":true,\"valueName\":\"search_term_string\"}}],\"inLanguage\":\"kur\"},{\"@type\":\"Organization\",\"@id\":\"https:\\\/\\\/shanabooks.de\\\/#organization\",\"name\":\"www.shanbooks.de\",\"url\":\"https:\\\/\\\/shanabooks.de\\\/\",\"logo\":{\"@type\":\"ImageObject\",\"inLanguage\":\"kur\",\"@id\":\"https:\\\/\\\/shanabooks.de\\\/#\\\/schema\\\/logo\\\/image\\\/\",\"url\":\"https:\\\/\\\/shanabooks.de\\\/wp-content\\\/uploads\\\/2024\\\/03\\\/SHANABOOKS__2_-removebg-preview.png\",\"contentUrl\":\"https:\\\/\\\/shanabooks.de\\\/wp-content\\\/uploads\\\/2024\\\/03\\\/SHANABOOKS__2_-removebg-preview.png\",\"width\":700,\"height\":150,\"caption\":\"www.shanbooks.de\"},\"image\":{\"@id\":\"https:\\\/\\\/shanabooks.de\\\/#\\\/schema\\\/logo\\\/image\\\/\"}}]}<\/script>\n<!-- \/ Yoast SEO plugin. -->","yoast_head_json":{"title":"Ero\u00fbt\u00eeka - Arjen Ar\u00ee - www.shanabooks.de","description":"Ero\u00fbt\u00eeka - Arjen Ar\u00ee Helbest\u00ean w\u00ee di kovar\u00ean weke Berbang, T\u00eeroj, Kurdistan Press, N\u00fbdem, \u00c7ira, Rew\u015fen, Nubihar, Gulistan, Kevan, Peyv, N\u00fbb\u00fbn ...","robots":{"index":"index","follow":"follow","max-snippet":"max-snippet:-1","max-image-preview":"max-image-preview:large","max-video-preview":"max-video-preview:-1"},"canonical":"https:\/\/shanabooks.de\/product\/eroutika-arjen-ari\/","og_locale":"en_US","og_type":"article","og_title":"Ero\u00fbt\u00eeka - Arjen Ar\u00ee - www.shanabooks.de","og_description":"Ero\u00fbt\u00eeka - Arjen Ar\u00ee Helbest\u00ean w\u00ee di kovar\u00ean weke Berbang, T\u00eeroj, Kurdistan Press, N\u00fbdem, \u00c7ira, Rew\u015fen, Nubihar, Gulistan, Kevan, Peyv, N\u00fbb\u00fbn ...","og_url":"https:\/\/shanabooks.de\/product\/eroutika-arjen-ari\/","og_site_name":"www.shanabooks.de","article_modified_time":"2024-03-19T16:34:21+00:00","og_image":[{"width":327,"height":479,"url":"https:\/\/shanabooks.de\/wp-content\/uploads\/2024\/03\/Eroutika.jpg","type":"image\/jpeg"}],"twitter_card":"summary_large_image","twitter_misc":{"Est. reading time":"2 minutes"},"schema":{"@context":"https:\/\/schema.org","@graph":[{"@type":"WebPage","@id":"https:\/\/shanabooks.de\/product\/eroutika-arjen-ari\/","url":"https:\/\/shanabooks.de\/product\/eroutika-arjen-ari\/","name":"Ero\u00fbt\u00eeka - Arjen Ar\u00ee - www.shanabooks.de","isPartOf":{"@id":"https:\/\/shanabooks.de\/#website"},"primaryImageOfPage":{"@id":"https:\/\/shanabooks.de\/product\/eroutika-arjen-ari\/#primaryimage"},"image":{"@id":"https:\/\/shanabooks.de\/product\/eroutika-arjen-ari\/#primaryimage"},"thumbnailUrl":"https:\/\/shanabooks.de\/wp-content\/uploads\/2024\/03\/Eroutika.jpg","datePublished":"2024-03-03T19:45:34+00:00","dateModified":"2024-03-19T16:34:21+00:00","description":"Ero\u00fbt\u00eeka - Arjen Ar\u00ee Helbest\u00ean w\u00ee di kovar\u00ean weke Berbang, T\u00eeroj, Kurdistan Press, N\u00fbdem, \u00c7ira, Rew\u015fen, Nubihar, Gulistan, Kevan, Peyv, N\u00fbb\u00fbn ...","breadcrumb":{"@id":"https:\/\/shanabooks.de\/product\/eroutika-arjen-ari\/#breadcrumb"},"inLanguage":"kur","potentialAction":[{"@type":"ReadAction","target":["https:\/\/shanabooks.de\/product\/eroutika-arjen-ari\/"]}]},{"@type":"ImageObject","inLanguage":"kur","@id":"https:\/\/shanabooks.de\/product\/eroutika-arjen-ari\/#primaryimage","url":"https:\/\/shanabooks.de\/wp-content\/uploads\/2024\/03\/Eroutika.jpg","contentUrl":"https:\/\/shanabooks.de\/wp-content\/uploads\/2024\/03\/Eroutika.jpg","width":327,"height":479,"caption":"Ero\u00fbt\u00eeka - Arjen Ar\u00ee - pirt\u00fbk\u00ean kurd\u00ee"},{"@type":"BreadcrumbList","@id":"https:\/\/shanabooks.de\/product\/eroutika-arjen-ari\/#breadcrumb","itemListElement":[{"@type":"ListItem","position":1,"name":"\u0627\u0644\u0631\u0626\u064a\u0633\u064a\u0629","item":"https:\/\/shanabooks.de\/kur\/"},{"@type":"ListItem","position":2,"name":"\u0627\u0644\u0645\u0646\u062a\u062c\u0627\u062a","item":"https:\/\/shanabooks.de\/shop\/"},{"@type":"ListItem","position":3,"name":"Ero\u00fbt\u00eeka"}]},{"@type":"WebSite","@id":"https:\/\/shanabooks.de\/#website","url":"https:\/\/shanabooks.de\/","name":"www.shanbooks.de","description":"C\u00eehana Pirt\u00fbk\u00ean Kurd\u00ee \u0645\u0643\u062a\u0628\u0629 \u0634\u0627\u0646\u0627 \u0641\u064a \u0627\u0644\u0645\u0627\u0646\u064a\u0627 \u0648\u0623\u0648\u0631\u0628\u0627","publisher":{"@id":"https:\/\/shanabooks.de\/#organization"},"potentialAction":[{"@type":"SearchAction","target":{"@type":"EntryPoint","urlTemplate":"https:\/\/shanabooks.de\/?s={search_term_string}"},"query-input":{"@type":"PropertyValueSpecification","valueRequired":true,"valueName":"search_term_string"}}],"inLanguage":"kur"},{"@type":"Organization","@id":"https:\/\/shanabooks.de\/#organization","name":"www.shanbooks.de","url":"https:\/\/shanabooks.de\/","logo":{"@type":"ImageObject","inLanguage":"kur","@id":"https:\/\/shanabooks.de\/#\/schema\/logo\/image\/","url":"https:\/\/shanabooks.de\/wp-content\/uploads\/2024\/03\/SHANABOOKS__2_-removebg-preview.png","contentUrl":"https:\/\/shanabooks.de\/wp-content\/uploads\/2024\/03\/SHANABOOKS__2_-removebg-preview.png","width":700,"height":150,"caption":"www.shanbooks.de"},"image":{"@id":"https:\/\/shanabooks.de\/#\/schema\/logo\/image\/"}}]}},"jetpack_sharing_enabled":true,"_links":{"self":[{"href":"https:\/\/shanabooks.de\/kur\/wp-json\/wp\/v2\/product\/12647","targetHints":{"allow":["GET"]}}],"collection":[{"href":"https:\/\/shanabooks.de\/kur\/wp-json\/wp\/v2\/product"}],"about":[{"href":"https:\/\/shanabooks.de\/kur\/wp-json\/wp\/v2\/types\/product"}],"version-history":[{"count":3,"href":"https:\/\/shanabooks.de\/kur\/wp-json\/wp\/v2\/product\/12647\/revisions"}],"predecessor-version":[{"id":20418,"href":"https:\/\/shanabooks.de\/kur\/wp-json\/wp\/v2\/product\/12647\/revisions\/20418"}],"wp:featuredmedia":[{"embeddable":true,"href":"https:\/\/shanabooks.de\/kur\/wp-json\/wp\/v2\/media\/12688"}],"wp:attachment":[{"href":"https:\/\/shanabooks.de\/kur\/wp-json\/wp\/v2\/media?parent=12647"}],"wp:term":[{"taxonomy":"product_brand","embeddable":true,"href":"https:\/\/shanabooks.de\/kur\/wp-json\/wp\/v2\/product_brand?post=12647"},{"taxonomy":"product_cat","embeddable":true,"href":"https:\/\/shanabooks.de\/kur\/wp-json\/wp\/v2\/product_cat?post=12647"},{"taxonomy":"product_tag","embeddable":true,"href":"https:\/\/shanabooks.de\/kur\/wp-json\/wp\/v2\/product_tag?post=12647"}],"curies":[{"name":"wp","href":"https:\/\/api.w.org\/{rel}","templated":true}]}}