{"id":12661,"date":"2024-03-03T19:45:35","date_gmt":"2024-03-03T19:45:35","guid":{"rendered":"https:\/\/shanabooks.de\/?post_type=product&#038;p=12661"},"modified":"2025-12-30T22:48:11","modified_gmt":"2025-12-30T22:48:11","slug":"berbang-erebe-semo","status":"publish","type":"product","link":"https:\/\/shanabooks.de\/kur\/product\/berbang-erebe-semo\/","title":{"rendered":"Berbang"},"content":{"rendered":"<p dir=\"ltr\"><strong>Berbang &#8211; Ereb\u00ea \u015eemo<\/strong><\/p>\n<p dir=\"ltr\">Romana Xan\u00eey\u00ea \u015e\u00een, behsa malbateke gund\u00ea wan hatiye \u015fewitandin dike. Malbat ko\u00e7\u00ee Diyarbekir dibin, li Taxa Baglar\u00ea bi cih dibin. Li v\u00ea tax\u00ea j\u00eeyana xwe berdewam dikin. Roman behsa \u00e7end roj\u00ean meha mijdar\u00ea daw\u00eeya sala 2000\u2019an dike. Binev\u015f\u00ea ji Taxa Baglar\u00ea tu caran derneketiye \u00fb hez nake ji wir derbikeve. \u00cad\u00ee heznake here gund j\u00ee, li tax\u00ea, di xan\u00eey\u00ea \u015f\u00een de ase maye. M\u00ear\u00ea w\u00ea Cembel\u00ee, ke\u00e7a w\u00ea Norin kur\u00ea w\u00ea Tajd\u00een hewl didin ku Binev\u015f\u00ea bibin tax\u00ean d\u00ee, bibin gund. \u00c7i qas hewl didin, j\u00eeyana wan, serbor\u00eeya wan, wan j\u00ee li Taxa Baglar\u00ea, li xan\u00eey\u00ea \u015f\u00een ase dike. Ev\u00een\u00ean \u015fikest\u00ee, dinyayeke b\u00eah\u00eav\u00ee, rabird\u00fb, j\u00eeyaneke zor \u00fb zehmet malbat\u00ea li tax\u00ea, li mal\u00ea ase dike. \u015eayesandina ku\u00e7ey\u00ean teng, mirov\u00ean li tax\u00ea dijin, y\u00ean ko\u00e7 dikin, y\u00ean li ber mal\u00ean xwe r\u00fbni\u015ftine dike. Xewn\u00ean ec\u00eab, rab\u00fbrd\u00eey\u00ean tevlihev heta malzarok\u00ea, j\u00eeyana ciwant\u00eey\u00ea, dawet, mil bi mil, serdest\u00eeya m\u00earan, zordest\u00eeya dagirkeran ji dev\u00ea yekem\u00een, ji dev\u00ea s\u00eayem\u00een t\u00ea vegotin.<\/p>\n<p dir=\"ltr\">Berbang ya Ereb\u00ea \u015eemo ji we\u015fan\u00ean L\u00ees\u00ea ye.<\/p>\n","protected":false},"excerpt":{"rendered":"<p dir=\"ltr\" style=\"text-align: center\"><strong>Niv\u00eeskar: Ereb\u00ea \u015eemo<\/strong><br \/>\n<strong>Pirt\u00fbk: Berbang<\/strong><br \/>\n<strong>Cure: Roman<\/strong><\/p>\n","protected":false},"featured_media":5455,"template":"","meta":{"site-sidebar-layout":"default","site-content-layout":"","ast-site-content-layout":"default","site-content-style":"default","site-sidebar-style":"default","ast-global-header-display":"","ast-banner-title-visibility":"","ast-main-header-display":"","ast-hfb-above-header-display":"","ast-hfb-below-header-display":"","ast-hfb-mobile-header-display":"","site-post-title":"","ast-breadcrumbs-content":"","ast-featured-img":"","footer-sml-layout":"","ast-disable-related-posts":"","theme-transparent-header-meta":"default","adv-header-id-meta":"","stick-header-meta":"","header-above-stick-meta":"","header-main-stick-meta":"","header-below-stick-meta":"","astra-migrate-meta-layouts":"set","ast-page-background-enabled":"default","ast-page-background-meta":{"desktop":{"background-color":"","background-image":"","background-repeat":"repeat","background-position":"center center","background-size":"auto","background-attachment":"scroll","background-type":"","background-media":"","overlay-type":"","overlay-color":"","overlay-opacity":"","overlay-gradient":""},"tablet":{"background-color":"","background-image":"","background-repeat":"repeat","background-position":"center center","background-size":"auto","background-attachment":"scroll","background-type":"","background-media":"","overlay-type":"","overlay-color":"","overlay-opacity":"","overlay-gradient":""},"mobile":{"background-color":"","background-image":"","background-repeat":"repeat","background-position":"center center","background-size":"auto","background-attachment":"scroll","background-type":"","background-media":"","overlay-type":"","overlay-color":"","overlay-opacity":"","overlay-gradient":""}},"ast-content-background-meta":{"desktop":{"background-color":"var(--ast-global-color-5)","background-image":"","background-repeat":"repeat","background-position":"center center","background-size":"auto","background-attachment":"scroll","background-type":"","background-media":"","overlay-type":"","overlay-color":"","overlay-opacity":"","overlay-gradient":""},"tablet":{"background-color":"var(--ast-global-color-5)","background-image":"","background-repeat":"repeat","background-position":"center center","background-size":"auto","background-attachment":"scroll","background-type":"","background-media":"","overlay-type":"","overlay-color":"","overlay-opacity":"","overlay-gradient":""},"mobile":{"background-color":"var(--ast-global-color-5)","background-image":"","background-repeat":"repeat","background-position":"center center","background-size":"auto","background-attachment":"scroll","background-type":"","background-media":"","overlay-type":"","overlay-color":"","overlay-opacity":"","overlay-gradient":""}}},"product_brand":[],"product_cat":[182,193],"product_tag":[],"class_list":{"0":"post-12661","1":"product","2":"type-product","3":"status-publish","4":"has-post-thumbnail","6":"product_cat-_","7":"product_cat--_","8":"pa_-roman","9":"pa_-erebe-semo","10":"pa_-kurmanci","11":"pa_--lis-yayinevi","12":"desktop-align-left","13":"tablet-align-left","14":"mobile-align-left","16":"first","17":"instock","18":"shipping-taxable","19":"purchasable","20":"product-type-simple"},"yoast_head":"<!-- This site is optimized with the Yoast SEO plugin v27.5 - https:\/\/yoast.com\/product\/yoast-seo-wordpress\/ -->\n<title>Berbang - Ereb\u00ea \u015eemo - www.shanabooks.de<\/title>\n<meta name=\"description\" content=\"Berbang - Ereb\u00ea \u015eemo Romana Xan\u00eey\u00ea \u015e\u00een, behsa malbateke gund\u00ea wan hatiye \u015fewitandin dike. Malbat ko\u00e7\u00ee Diyarbekir dibin, li Taxa Baglar\u00ea bi cih dibin. Li ...\" \/>\n<meta name=\"robots\" content=\"index, follow, max-snippet:-1, max-image-preview:large, max-video-preview:-1\" \/>\n<link rel=\"canonical\" href=\"https:\/\/shanabooks.de\/product\/berbang-erebe-semo\/\" \/>\n<meta property=\"og:locale\" content=\"en_US\" \/>\n<meta property=\"og:type\" content=\"article\" \/>\n<meta property=\"og:title\" content=\"Berbang - Ereb\u00ea \u015eemo - www.shanabooks.de\" \/>\n<meta property=\"og:description\" content=\"Berbang - Ereb\u00ea \u015eemo Romana Xan\u00eey\u00ea \u015e\u00een, behsa malbateke gund\u00ea wan hatiye \u015fewitandin dike. Malbat ko\u00e7\u00ee Diyarbekir dibin, li Taxa Baglar\u00ea bi cih dibin. Li ...\" \/>\n<meta property=\"og:url\" content=\"https:\/\/shanabooks.de\/product\/berbang-erebe-semo\/\" \/>\n<meta property=\"og:site_name\" content=\"www.shanabooks.de\" \/>\n<meta property=\"article:modified_time\" content=\"2025-12-30T22:48:11+00:00\" \/>\n<meta property=\"og:image\" content=\"https:\/\/shanabooks.de\/wp-content\/uploads\/2024\/01\/Berbang.png\" \/>\n\t<meta property=\"og:image:width\" content=\"270\" \/>\n\t<meta property=\"og:image:height\" content=\"471\" \/>\n\t<meta property=\"og:image:type\" content=\"image\/png\" \/>\n<meta name=\"twitter:card\" content=\"summary_large_image\" \/>\n<meta name=\"twitter:label1\" content=\"Est. reading time\" \/>\n\t<meta name=\"twitter:data1\" content=\"2 minutes\" \/>\n<script type=\"application\/ld+json\" class=\"yoast-schema-graph\">{\"@context\":\"https:\\\/\\\/schema.org\",\"@graph\":[{\"@type\":\"WebPage\",\"@id\":\"https:\\\/\\\/shanabooks.de\\\/product\\\/berbang-erebe-semo\\\/\",\"url\":\"https:\\\/\\\/shanabooks.de\\\/product\\\/berbang-erebe-semo\\\/\",\"name\":\"Berbang - Ereb\u00ea \u015eemo - www.shanabooks.de\",\"isPartOf\":{\"@id\":\"https:\\\/\\\/shanabooks.de\\\/#website\"},\"primaryImageOfPage\":{\"@id\":\"https:\\\/\\\/shanabooks.de\\\/product\\\/berbang-erebe-semo\\\/#primaryimage\"},\"image\":{\"@id\":\"https:\\\/\\\/shanabooks.de\\\/product\\\/berbang-erebe-semo\\\/#primaryimage\"},\"thumbnailUrl\":\"https:\\\/\\\/shanabooks.de\\\/wp-content\\\/uploads\\\/2024\\\/01\\\/Berbang.png\",\"datePublished\":\"2024-03-03T19:45:35+00:00\",\"dateModified\":\"2025-12-30T22:48:11+00:00\",\"description\":\"Berbang - Ereb\u00ea \u015eemo Romana Xan\u00eey\u00ea \u015e\u00een, behsa malbateke gund\u00ea wan hatiye \u015fewitandin dike. Malbat ko\u00e7\u00ee Diyarbekir dibin, li Taxa Baglar\u00ea bi cih dibin. Li ...\",\"breadcrumb\":{\"@id\":\"https:\\\/\\\/shanabooks.de\\\/product\\\/berbang-erebe-semo\\\/#breadcrumb\"},\"inLanguage\":\"kur\",\"potentialAction\":[{\"@type\":\"ReadAction\",\"target\":[\"https:\\\/\\\/shanabooks.de\\\/product\\\/berbang-erebe-semo\\\/\"]}]},{\"@type\":\"ImageObject\",\"inLanguage\":\"kur\",\"@id\":\"https:\\\/\\\/shanabooks.de\\\/product\\\/berbang-erebe-semo\\\/#primaryimage\",\"url\":\"https:\\\/\\\/shanabooks.de\\\/wp-content\\\/uploads\\\/2024\\\/01\\\/Berbang.png\",\"contentUrl\":\"https:\\\/\\\/shanabooks.de\\\/wp-content\\\/uploads\\\/2024\\\/01\\\/Berbang.png\",\"width\":270,\"height\":471,\"caption\":\"Berbang - Ereb\u00ea \u015eemo - pirt\u00fbk\u00ean kurd\u00ee\"},{\"@type\":\"BreadcrumbList\",\"@id\":\"https:\\\/\\\/shanabooks.de\\\/product\\\/berbang-erebe-semo\\\/#breadcrumb\",\"itemListElement\":[{\"@type\":\"ListItem\",\"position\":1,\"name\":\"\u0627\u0644\u0631\u0626\u064a\u0633\u064a\u0629\",\"item\":\"https:\\\/\\\/shanabooks.de\\\/kur\\\/\"},{\"@type\":\"ListItem\",\"position\":2,\"name\":\"\u0627\u0644\u0645\u0646\u062a\u062c\u0627\u062a\",\"item\":\"https:\\\/\\\/shanabooks.de\\\/shop\\\/\"},{\"@type\":\"ListItem\",\"position\":3,\"name\":\"Berbang\"}]},{\"@type\":\"WebSite\",\"@id\":\"https:\\\/\\\/shanabooks.de\\\/#website\",\"url\":\"https:\\\/\\\/shanabooks.de\\\/\",\"name\":\"www.shanbooks.de\",\"description\":\"C\u00eehana Pirt\u00fbk\u00ean Kurd\u00ee \u0645\u0643\u062a\u0628\u0629 \u0634\u0627\u0646\u0627 \u0641\u064a \u0627\u0644\u0645\u0627\u0646\u064a\u0627 \u0648\u0623\u0648\u0631\u0628\u0627\",\"publisher\":{\"@id\":\"https:\\\/\\\/shanabooks.de\\\/#organization\"},\"potentialAction\":[{\"@type\":\"SearchAction\",\"target\":{\"@type\":\"EntryPoint\",\"urlTemplate\":\"https:\\\/\\\/shanabooks.de\\\/?s={search_term_string}\"},\"query-input\":{\"@type\":\"PropertyValueSpecification\",\"valueRequired\":true,\"valueName\":\"search_term_string\"}}],\"inLanguage\":\"kur\"},{\"@type\":\"Organization\",\"@id\":\"https:\\\/\\\/shanabooks.de\\\/#organization\",\"name\":\"www.shanbooks.de\",\"url\":\"https:\\\/\\\/shanabooks.de\\\/\",\"logo\":{\"@type\":\"ImageObject\",\"inLanguage\":\"kur\",\"@id\":\"https:\\\/\\\/shanabooks.de\\\/#\\\/schema\\\/logo\\\/image\\\/\",\"url\":\"https:\\\/\\\/shanabooks.de\\\/wp-content\\\/uploads\\\/2024\\\/03\\\/SHANABOOKS__2_-removebg-preview.png\",\"contentUrl\":\"https:\\\/\\\/shanabooks.de\\\/wp-content\\\/uploads\\\/2024\\\/03\\\/SHANABOOKS__2_-removebg-preview.png\",\"width\":700,\"height\":150,\"caption\":\"www.shanbooks.de\"},\"image\":{\"@id\":\"https:\\\/\\\/shanabooks.de\\\/#\\\/schema\\\/logo\\\/image\\\/\"}}]}<\/script>\n<!-- \/ Yoast SEO plugin. -->","yoast_head_json":{"title":"Berbang - Ereb\u00ea \u015eemo - www.shanabooks.de","description":"Berbang - Ereb\u00ea \u015eemo Romana Xan\u00eey\u00ea \u015e\u00een, behsa malbateke gund\u00ea wan hatiye \u015fewitandin dike. Malbat ko\u00e7\u00ee Diyarbekir dibin, li Taxa Baglar\u00ea bi cih dibin. Li ...","robots":{"index":"index","follow":"follow","max-snippet":"max-snippet:-1","max-image-preview":"max-image-preview:large","max-video-preview":"max-video-preview:-1"},"canonical":"https:\/\/shanabooks.de\/product\/berbang-erebe-semo\/","og_locale":"en_US","og_type":"article","og_title":"Berbang - Ereb\u00ea \u015eemo - www.shanabooks.de","og_description":"Berbang - Ereb\u00ea \u015eemo Romana Xan\u00eey\u00ea \u015e\u00een, behsa malbateke gund\u00ea wan hatiye \u015fewitandin dike. Malbat ko\u00e7\u00ee Diyarbekir dibin, li Taxa Baglar\u00ea bi cih dibin. Li ...","og_url":"https:\/\/shanabooks.de\/product\/berbang-erebe-semo\/","og_site_name":"www.shanabooks.de","article_modified_time":"2025-12-30T22:48:11+00:00","og_image":[{"width":270,"height":471,"url":"https:\/\/shanabooks.de\/wp-content\/uploads\/2024\/01\/Berbang.png","type":"image\/png"}],"twitter_card":"summary_large_image","twitter_misc":{"Est. reading time":"2 minutes"},"schema":{"@context":"https:\/\/schema.org","@graph":[{"@type":"WebPage","@id":"https:\/\/shanabooks.de\/product\/berbang-erebe-semo\/","url":"https:\/\/shanabooks.de\/product\/berbang-erebe-semo\/","name":"Berbang - Ereb\u00ea \u015eemo - www.shanabooks.de","isPartOf":{"@id":"https:\/\/shanabooks.de\/#website"},"primaryImageOfPage":{"@id":"https:\/\/shanabooks.de\/product\/berbang-erebe-semo\/#primaryimage"},"image":{"@id":"https:\/\/shanabooks.de\/product\/berbang-erebe-semo\/#primaryimage"},"thumbnailUrl":"https:\/\/shanabooks.de\/wp-content\/uploads\/2024\/01\/Berbang.png","datePublished":"2024-03-03T19:45:35+00:00","dateModified":"2025-12-30T22:48:11+00:00","description":"Berbang - Ereb\u00ea \u015eemo Romana Xan\u00eey\u00ea \u015e\u00een, behsa malbateke gund\u00ea wan hatiye \u015fewitandin dike. Malbat ko\u00e7\u00ee Diyarbekir dibin, li Taxa Baglar\u00ea bi cih dibin. Li ...","breadcrumb":{"@id":"https:\/\/shanabooks.de\/product\/berbang-erebe-semo\/#breadcrumb"},"inLanguage":"kur","potentialAction":[{"@type":"ReadAction","target":["https:\/\/shanabooks.de\/product\/berbang-erebe-semo\/"]}]},{"@type":"ImageObject","inLanguage":"kur","@id":"https:\/\/shanabooks.de\/product\/berbang-erebe-semo\/#primaryimage","url":"https:\/\/shanabooks.de\/wp-content\/uploads\/2024\/01\/Berbang.png","contentUrl":"https:\/\/shanabooks.de\/wp-content\/uploads\/2024\/01\/Berbang.png","width":270,"height":471,"caption":"Berbang - Ereb\u00ea \u015eemo - pirt\u00fbk\u00ean kurd\u00ee"},{"@type":"BreadcrumbList","@id":"https:\/\/shanabooks.de\/product\/berbang-erebe-semo\/#breadcrumb","itemListElement":[{"@type":"ListItem","position":1,"name":"\u0627\u0644\u0631\u0626\u064a\u0633\u064a\u0629","item":"https:\/\/shanabooks.de\/kur\/"},{"@type":"ListItem","position":2,"name":"\u0627\u0644\u0645\u0646\u062a\u062c\u0627\u062a","item":"https:\/\/shanabooks.de\/shop\/"},{"@type":"ListItem","position":3,"name":"Berbang"}]},{"@type":"WebSite","@id":"https:\/\/shanabooks.de\/#website","url":"https:\/\/shanabooks.de\/","name":"www.shanbooks.de","description":"C\u00eehana Pirt\u00fbk\u00ean Kurd\u00ee \u0645\u0643\u062a\u0628\u0629 \u0634\u0627\u0646\u0627 \u0641\u064a \u0627\u0644\u0645\u0627\u0646\u064a\u0627 \u0648\u0623\u0648\u0631\u0628\u0627","publisher":{"@id":"https:\/\/shanabooks.de\/#organization"},"potentialAction":[{"@type":"SearchAction","target":{"@type":"EntryPoint","urlTemplate":"https:\/\/shanabooks.de\/?s={search_term_string}"},"query-input":{"@type":"PropertyValueSpecification","valueRequired":true,"valueName":"search_term_string"}}],"inLanguage":"kur"},{"@type":"Organization","@id":"https:\/\/shanabooks.de\/#organization","name":"www.shanbooks.de","url":"https:\/\/shanabooks.de\/","logo":{"@type":"ImageObject","inLanguage":"kur","@id":"https:\/\/shanabooks.de\/#\/schema\/logo\/image\/","url":"https:\/\/shanabooks.de\/wp-content\/uploads\/2024\/03\/SHANABOOKS__2_-removebg-preview.png","contentUrl":"https:\/\/shanabooks.de\/wp-content\/uploads\/2024\/03\/SHANABOOKS__2_-removebg-preview.png","width":700,"height":150,"caption":"www.shanbooks.de"},"image":{"@id":"https:\/\/shanabooks.de\/#\/schema\/logo\/image\/"}}]}},"jetpack_sharing_enabled":true,"_links":{"self":[{"href":"https:\/\/shanabooks.de\/kur\/wp-json\/wp\/v2\/product\/12661","targetHints":{"allow":["GET"]}}],"collection":[{"href":"https:\/\/shanabooks.de\/kur\/wp-json\/wp\/v2\/product"}],"about":[{"href":"https:\/\/shanabooks.de\/kur\/wp-json\/wp\/v2\/types\/product"}],"version-history":[{"count":3,"href":"https:\/\/shanabooks.de\/kur\/wp-json\/wp\/v2\/product\/12661\/revisions"}],"predecessor-version":[{"id":18608,"href":"https:\/\/shanabooks.de\/kur\/wp-json\/wp\/v2\/product\/12661\/revisions\/18608"}],"wp:featuredmedia":[{"embeddable":true,"href":"https:\/\/shanabooks.de\/kur\/wp-json\/wp\/v2\/media\/5455"}],"wp:attachment":[{"href":"https:\/\/shanabooks.de\/kur\/wp-json\/wp\/v2\/media?parent=12661"}],"wp:term":[{"taxonomy":"product_brand","embeddable":true,"href":"https:\/\/shanabooks.de\/kur\/wp-json\/wp\/v2\/product_brand?post=12661"},{"taxonomy":"product_cat","embeddable":true,"href":"https:\/\/shanabooks.de\/kur\/wp-json\/wp\/v2\/product_cat?post=12661"},{"taxonomy":"product_tag","embeddable":true,"href":"https:\/\/shanabooks.de\/kur\/wp-json\/wp\/v2\/product_tag?post=12661"}],"curies":[{"name":"wp","href":"https:\/\/api.w.org\/{rel}","templated":true}]}}