{"id":12704,"date":"2024-03-03T19:45:57","date_gmt":"2024-03-03T19:45:57","guid":{"rendered":"https:\/\/shanabooks.de\/?post_type=product&#038;p=12704"},"modified":"2024-03-14T23:41:17","modified_gmt":"2024-03-14T23:41:17","slug":"nare-ferike-usif","status":"publish","type":"product","link":"https:\/\/shanabooks.de\/kur\/product\/nare-ferike-usif\/","title":{"rendered":"Nar\u00ea"},"content":{"rendered":"<p dir=\"ltr\"><strong>Nar\u00ea &#8211; Fer\u00eek\u00ea \u00dbsif<\/strong><\/p>\n<p dir=\"ltr\"><b>F\u00ear\u00eek\u00ea \u00dbsiv<\/b>\u00a0wek\u00ee d\u00eewan\u00ean xwe \u00ean ber\u00ee v\u00ea d\u00eewan\u00ee l\u00ea kirine, di v\u00ea d\u00eewan\u00ea de j\u00ee bi Kurmanc\u00eeye herikbar \u00fb \u015f\u00ear\u00een \u015fi\u2019r\u00ean xwe veh\u00fbnaye. Ji bil\u00ee helbest\u00ean F\u00ear\u00eek\u00ea \u00dbsiv \u00e7end\u00a0\u00a0helbest\u00ean niv\u00eeskar\u00ean ne Kurd j\u00ee bi wergera F\u00ear\u00eek\u00ea \u00dbsiv di v\u00ea d\u00eewane de hatiye we\u015fandin. Xwendekar \u00ea bib\u00eenin ku \u015fair ev \u015fi\u2019r \u00e7awa bi hostat\u00ee li Kurmanc\u00eeya \u015f\u00ear\u00een an\u00eeye \u00fb raber\u00ee me kirine. Her wiha \u015fi\u2019\u00ean w\u00ee li gel lokal\u00eey\u00ea deng\u00ea ins\u00ean \u00ea c\u00eehan\u00ee ye. Wek\u00ee \u00e7awa behsa a\u015ft\u00ee \u00fb birat\u00eey\u00ea dike;<\/p>\n<p dir=\"ltr\">\u2026Birat\u00ee ba\u015f e\u2026\u00db xwezil, xwezil,<\/p>\n<p dir=\"ltr\">V\u00ea sala teze evd\u00ea d\u00fbr-n\u00eaz\u00eek.<\/p>\n<p dir=\"ltr\">Gi\u015fk hev ra bibin bav-bire es\u00eel,<\/p>\n<p dir=\"ltr\">Erd-ezman wan ra bibe avay\u00eek.<\/p>\n<p dir=\"ltr\">\u00db dinyal\u00eeka hev du ra amin,<\/p>\n<p dir=\"ltr\">Beyreqa xwe wek roy\u00ea ragire.<\/p>\n<p dir=\"ltr\">\u00db edlay\u00ee m\u00eena day\u00eeka min,<\/p>\n<p dir=\"ltr\">Gi\u015fka ra awa pelaw\u00ea dagire\u2026<\/p>\n<p dir=\"ltr\">Nar\u00ea ya Fer\u00eek\u00ea \u00dbsif e \u00fb ji we\u015fan\u00ean L\u00ees\u00ea ye.<\/p>\n","protected":false},"excerpt":{"rendered":"<p dir=\"ltr\" style=\"text-align: center\"><strong>Niv\u00eeskar: Fer\u00eek\u00ea \u00dbsif<\/strong><br \/>\n<strong>Pirt\u00fbk: Nar\u00ea<\/strong><br \/>\n<strong>Cure: Helbest<\/strong><\/p>\n","protected":false},"featured_media":12740,"template":"","meta":{"site-sidebar-layout":"default","site-content-layout":"","ast-site-content-layout":"default","site-content-style":"default","site-sidebar-style":"default","ast-global-header-display":"","ast-banner-title-visibility":"","ast-main-header-display":"","ast-hfb-above-header-display":"","ast-hfb-below-header-display":"","ast-hfb-mobile-header-display":"","site-post-title":"","ast-breadcrumbs-content":"","ast-featured-img":"","footer-sml-layout":"","ast-disable-related-posts":"","theme-transparent-header-meta":"default","adv-header-id-meta":"","stick-header-meta":"","header-above-stick-meta":"","header-main-stick-meta":"","header-below-stick-meta":"","astra-migrate-meta-layouts":"set","ast-page-background-enabled":"default","ast-page-background-meta":{"desktop":{"background-color":"","background-image":"","background-repeat":"repeat","background-position":"center center","background-size":"auto","background-attachment":"scroll","background-type":"","background-media":"","overlay-type":"","overlay-color":"","overlay-opacity":"","overlay-gradient":""},"tablet":{"background-color":"","background-image":"","background-repeat":"repeat","background-position":"center center","background-size":"auto","background-attachment":"scroll","background-type":"","background-media":"","overlay-type":"","overlay-color":"","overlay-opacity":"","overlay-gradient":""},"mobile":{"background-color":"","background-image":"","background-repeat":"repeat","background-position":"center center","background-size":"auto","background-attachment":"scroll","background-type":"","background-media":"","overlay-type":"","overlay-color":"","overlay-opacity":"","overlay-gradient":""}},"ast-content-background-meta":{"desktop":{"background-color":"var(--ast-global-color-5)","background-image":"","background-repeat":"repeat","background-position":"center center","background-size":"auto","background-attachment":"scroll","background-type":"","background-media":"","overlay-type":"","overlay-color":"","overlay-opacity":"","overlay-gradient":""},"tablet":{"background-color":"var(--ast-global-color-5)","background-image":"","background-repeat":"repeat","background-position":"center center","background-size":"auto","background-attachment":"scroll","background-type":"","background-media":"","overlay-type":"","overlay-color":"","overlay-opacity":"","overlay-gradient":""},"mobile":{"background-color":"var(--ast-global-color-5)","background-image":"","background-repeat":"repeat","background-position":"center center","background-size":"auto","background-attachment":"scroll","background-type":"","background-media":"","overlay-type":"","overlay-color":"","overlay-opacity":"","overlay-gradient":""}}},"product_brand":[],"product_cat":[184,193],"product_tag":[],"class_list":{"0":"post-12704","1":"product","2":"type-product","3":"status-publish","4":"has-post-thumbnail","6":"product_cat-_","7":"product_cat--_","8":"pa_-helbest","9":"pa_-ferike-usiv","10":"pa_-kurmanci","11":"pa_--lis-yayinevi","12":"desktop-align-left","13":"tablet-align-left","14":"mobile-align-left","16":"first","17":"instock","18":"shipping-taxable","19":"purchasable","20":"product-type-simple"},"yoast_head":"<!-- This site is optimized with the Yoast SEO plugin v27.4 - https:\/\/yoast.com\/product\/yoast-seo-wordpress\/ -->\n<title>Nar\u00ea - Fer\u00eek\u00ea \u00dbsif - www.shanabooks.de<\/title>\n<meta name=\"description\" content=\"Nar\u00ea - Fer\u00eek\u00ea \u00dbsif F\u00ear\u00eek\u00ea \u00dbsiv\u00a0wek\u00ee d\u00eewan\u00ean xwe \u00ean ber\u00ee v\u00ea d\u00eewan\u00ee l\u00ea kirine, di v\u00ea d\u00eewan\u00ea de j\u00ee bi Kurmanc\u00eeye herikbar \u00fb \u015f\u00ear\u00een \u015fi\u2019r\u00ean xwe veh\u00fbnaye...\" \/>\n<meta name=\"robots\" content=\"index, follow, max-snippet:-1, max-image-preview:large, max-video-preview:-1\" \/>\n<link rel=\"canonical\" href=\"https:\/\/shanabooks.de\/product\/nare-ferike-usif\/\" \/>\n<meta property=\"og:locale\" content=\"en_US\" \/>\n<meta property=\"og:type\" content=\"article\" \/>\n<meta property=\"og:title\" content=\"Nar\u00ea - Fer\u00eek\u00ea \u00dbsif - www.shanabooks.de\" \/>\n<meta property=\"og:description\" content=\"Nar\u00ea - Fer\u00eek\u00ea \u00dbsif F\u00ear\u00eek\u00ea \u00dbsiv\u00a0wek\u00ee d\u00eewan\u00ean xwe \u00ean ber\u00ee v\u00ea d\u00eewan\u00ee l\u00ea kirine, di v\u00ea d\u00eewan\u00ea de j\u00ee bi Kurmanc\u00eeye herikbar \u00fb \u015f\u00ear\u00een \u015fi\u2019r\u00ean xwe veh\u00fbnaye...\" \/>\n<meta property=\"og:url\" content=\"https:\/\/shanabooks.de\/product\/nare-ferike-usif\/\" \/>\n<meta property=\"og:site_name\" content=\"www.shanabooks.de\" \/>\n<meta property=\"article:modified_time\" content=\"2024-03-14T23:41:17+00:00\" \/>\n<meta property=\"og:image\" content=\"https:\/\/shanabooks.de\/wp-content\/uploads\/2024\/03\/Nare.png\" \/>\n\t<meta property=\"og:image:width\" content=\"276\" \/>\n\t<meta property=\"og:image:height\" content=\"472\" \/>\n\t<meta property=\"og:image:type\" content=\"image\/png\" \/>\n<meta name=\"twitter:card\" content=\"summary_large_image\" \/>\n<meta name=\"twitter:label1\" content=\"Est. reading time\" \/>\n\t<meta name=\"twitter:data1\" content=\"2 minutes\" \/>\n<script type=\"application\/ld+json\" class=\"yoast-schema-graph\">{\"@context\":\"https:\\\/\\\/schema.org\",\"@graph\":[{\"@type\":\"WebPage\",\"@id\":\"https:\\\/\\\/shanabooks.de\\\/product\\\/nare-ferike-usif\\\/\",\"url\":\"https:\\\/\\\/shanabooks.de\\\/product\\\/nare-ferike-usif\\\/\",\"name\":\"Nar\u00ea - Fer\u00eek\u00ea \u00dbsif - www.shanabooks.de\",\"isPartOf\":{\"@id\":\"https:\\\/\\\/shanabooks.de\\\/#website\"},\"primaryImageOfPage\":{\"@id\":\"https:\\\/\\\/shanabooks.de\\\/product\\\/nare-ferike-usif\\\/#primaryimage\"},\"image\":{\"@id\":\"https:\\\/\\\/shanabooks.de\\\/product\\\/nare-ferike-usif\\\/#primaryimage\"},\"thumbnailUrl\":\"https:\\\/\\\/shanabooks.de\\\/wp-content\\\/uploads\\\/2024\\\/03\\\/Nare.png\",\"datePublished\":\"2024-03-03T19:45:57+00:00\",\"dateModified\":\"2024-03-14T23:41:17+00:00\",\"description\":\"Nar\u00ea - Fer\u00eek\u00ea \u00dbsif F\u00ear\u00eek\u00ea \u00dbsiv\u00a0wek\u00ee d\u00eewan\u00ean xwe \u00ean ber\u00ee v\u00ea d\u00eewan\u00ee l\u00ea kirine, di v\u00ea d\u00eewan\u00ea de j\u00ee bi Kurmanc\u00eeye herikbar \u00fb \u015f\u00ear\u00een \u015fi\u2019r\u00ean xwe veh\u00fbnaye...\",\"breadcrumb\":{\"@id\":\"https:\\\/\\\/shanabooks.de\\\/product\\\/nare-ferike-usif\\\/#breadcrumb\"},\"inLanguage\":\"kur\",\"potentialAction\":[{\"@type\":\"ReadAction\",\"target\":[\"https:\\\/\\\/shanabooks.de\\\/product\\\/nare-ferike-usif\\\/\"]}]},{\"@type\":\"ImageObject\",\"inLanguage\":\"kur\",\"@id\":\"https:\\\/\\\/shanabooks.de\\\/product\\\/nare-ferike-usif\\\/#primaryimage\",\"url\":\"https:\\\/\\\/shanabooks.de\\\/wp-content\\\/uploads\\\/2024\\\/03\\\/Nare.png\",\"contentUrl\":\"https:\\\/\\\/shanabooks.de\\\/wp-content\\\/uploads\\\/2024\\\/03\\\/Nare.png\",\"width\":276,\"height\":472,\"caption\":\"Nar\u00ea - Fer\u00eek\u00ea \u00dbsif - pirt\u00fbk\u00ean kurd\u00ee\"},{\"@type\":\"BreadcrumbList\",\"@id\":\"https:\\\/\\\/shanabooks.de\\\/product\\\/nare-ferike-usif\\\/#breadcrumb\",\"itemListElement\":[{\"@type\":\"ListItem\",\"position\":1,\"name\":\"\u0627\u0644\u0631\u0626\u064a\u0633\u064a\u0629\",\"item\":\"https:\\\/\\\/shanabooks.de\\\/kur\\\/\"},{\"@type\":\"ListItem\",\"position\":2,\"name\":\"\u0627\u0644\u0645\u0646\u062a\u062c\u0627\u062a\",\"item\":\"https:\\\/\\\/shanabooks.de\\\/shop\\\/\"},{\"@type\":\"ListItem\",\"position\":3,\"name\":\"Nar\u00ea\"}]},{\"@type\":\"WebSite\",\"@id\":\"https:\\\/\\\/shanabooks.de\\\/#website\",\"url\":\"https:\\\/\\\/shanabooks.de\\\/\",\"name\":\"www.shanbooks.de\",\"description\":\"C\u00eehana Pirt\u00fbk\u00ean Kurd\u00ee \u0645\u0643\u062a\u0628\u0629 \u0634\u0627\u0646\u0627 \u0641\u064a \u0627\u0644\u0645\u0627\u0646\u064a\u0627 \u0648\u0623\u0648\u0631\u0628\u0627\",\"publisher\":{\"@id\":\"https:\\\/\\\/shanabooks.de\\\/#organization\"},\"potentialAction\":[{\"@type\":\"SearchAction\",\"target\":{\"@type\":\"EntryPoint\",\"urlTemplate\":\"https:\\\/\\\/shanabooks.de\\\/?s={search_term_string}\"},\"query-input\":{\"@type\":\"PropertyValueSpecification\",\"valueRequired\":true,\"valueName\":\"search_term_string\"}}],\"inLanguage\":\"kur\"},{\"@type\":\"Organization\",\"@id\":\"https:\\\/\\\/shanabooks.de\\\/#organization\",\"name\":\"www.shanbooks.de\",\"url\":\"https:\\\/\\\/shanabooks.de\\\/\",\"logo\":{\"@type\":\"ImageObject\",\"inLanguage\":\"kur\",\"@id\":\"https:\\\/\\\/shanabooks.de\\\/#\\\/schema\\\/logo\\\/image\\\/\",\"url\":\"https:\\\/\\\/shanabooks.de\\\/wp-content\\\/uploads\\\/2024\\\/03\\\/SHANABOOKS__2_-removebg-preview.png\",\"contentUrl\":\"https:\\\/\\\/shanabooks.de\\\/wp-content\\\/uploads\\\/2024\\\/03\\\/SHANABOOKS__2_-removebg-preview.png\",\"width\":700,\"height\":150,\"caption\":\"www.shanbooks.de\"},\"image\":{\"@id\":\"https:\\\/\\\/shanabooks.de\\\/#\\\/schema\\\/logo\\\/image\\\/\"}}]}<\/script>\n<!-- \/ Yoast SEO plugin. -->","yoast_head_json":{"title":"Nar\u00ea - Fer\u00eek\u00ea \u00dbsif - www.shanabooks.de","description":"Nar\u00ea - Fer\u00eek\u00ea \u00dbsif F\u00ear\u00eek\u00ea \u00dbsiv\u00a0wek\u00ee d\u00eewan\u00ean xwe \u00ean ber\u00ee v\u00ea d\u00eewan\u00ee l\u00ea kirine, di v\u00ea d\u00eewan\u00ea de j\u00ee bi Kurmanc\u00eeye herikbar \u00fb \u015f\u00ear\u00een \u015fi\u2019r\u00ean xwe veh\u00fbnaye...","robots":{"index":"index","follow":"follow","max-snippet":"max-snippet:-1","max-image-preview":"max-image-preview:large","max-video-preview":"max-video-preview:-1"},"canonical":"https:\/\/shanabooks.de\/product\/nare-ferike-usif\/","og_locale":"en_US","og_type":"article","og_title":"Nar\u00ea - Fer\u00eek\u00ea \u00dbsif - www.shanabooks.de","og_description":"Nar\u00ea - Fer\u00eek\u00ea \u00dbsif F\u00ear\u00eek\u00ea \u00dbsiv\u00a0wek\u00ee d\u00eewan\u00ean xwe \u00ean ber\u00ee v\u00ea d\u00eewan\u00ee l\u00ea kirine, di v\u00ea d\u00eewan\u00ea de j\u00ee bi Kurmanc\u00eeye herikbar \u00fb \u015f\u00ear\u00een \u015fi\u2019r\u00ean xwe veh\u00fbnaye...","og_url":"https:\/\/shanabooks.de\/product\/nare-ferike-usif\/","og_site_name":"www.shanabooks.de","article_modified_time":"2024-03-14T23:41:17+00:00","og_image":[{"width":276,"height":472,"url":"https:\/\/shanabooks.de\/wp-content\/uploads\/2024\/03\/Nare.png","type":"image\/png"}],"twitter_card":"summary_large_image","twitter_misc":{"Est. reading time":"2 minutes"},"schema":{"@context":"https:\/\/schema.org","@graph":[{"@type":"WebPage","@id":"https:\/\/shanabooks.de\/product\/nare-ferike-usif\/","url":"https:\/\/shanabooks.de\/product\/nare-ferike-usif\/","name":"Nar\u00ea - Fer\u00eek\u00ea \u00dbsif - www.shanabooks.de","isPartOf":{"@id":"https:\/\/shanabooks.de\/#website"},"primaryImageOfPage":{"@id":"https:\/\/shanabooks.de\/product\/nare-ferike-usif\/#primaryimage"},"image":{"@id":"https:\/\/shanabooks.de\/product\/nare-ferike-usif\/#primaryimage"},"thumbnailUrl":"https:\/\/shanabooks.de\/wp-content\/uploads\/2024\/03\/Nare.png","datePublished":"2024-03-03T19:45:57+00:00","dateModified":"2024-03-14T23:41:17+00:00","description":"Nar\u00ea - Fer\u00eek\u00ea \u00dbsif F\u00ear\u00eek\u00ea \u00dbsiv\u00a0wek\u00ee d\u00eewan\u00ean xwe \u00ean ber\u00ee v\u00ea d\u00eewan\u00ee l\u00ea kirine, di v\u00ea d\u00eewan\u00ea de j\u00ee bi Kurmanc\u00eeye herikbar \u00fb \u015f\u00ear\u00een \u015fi\u2019r\u00ean xwe veh\u00fbnaye...","breadcrumb":{"@id":"https:\/\/shanabooks.de\/product\/nare-ferike-usif\/#breadcrumb"},"inLanguage":"kur","potentialAction":[{"@type":"ReadAction","target":["https:\/\/shanabooks.de\/product\/nare-ferike-usif\/"]}]},{"@type":"ImageObject","inLanguage":"kur","@id":"https:\/\/shanabooks.de\/product\/nare-ferike-usif\/#primaryimage","url":"https:\/\/shanabooks.de\/wp-content\/uploads\/2024\/03\/Nare.png","contentUrl":"https:\/\/shanabooks.de\/wp-content\/uploads\/2024\/03\/Nare.png","width":276,"height":472,"caption":"Nar\u00ea - Fer\u00eek\u00ea \u00dbsif - pirt\u00fbk\u00ean kurd\u00ee"},{"@type":"BreadcrumbList","@id":"https:\/\/shanabooks.de\/product\/nare-ferike-usif\/#breadcrumb","itemListElement":[{"@type":"ListItem","position":1,"name":"\u0627\u0644\u0631\u0626\u064a\u0633\u064a\u0629","item":"https:\/\/shanabooks.de\/kur\/"},{"@type":"ListItem","position":2,"name":"\u0627\u0644\u0645\u0646\u062a\u062c\u0627\u062a","item":"https:\/\/shanabooks.de\/shop\/"},{"@type":"ListItem","position":3,"name":"Nar\u00ea"}]},{"@type":"WebSite","@id":"https:\/\/shanabooks.de\/#website","url":"https:\/\/shanabooks.de\/","name":"www.shanbooks.de","description":"C\u00eehana Pirt\u00fbk\u00ean Kurd\u00ee \u0645\u0643\u062a\u0628\u0629 \u0634\u0627\u0646\u0627 \u0641\u064a \u0627\u0644\u0645\u0627\u0646\u064a\u0627 \u0648\u0623\u0648\u0631\u0628\u0627","publisher":{"@id":"https:\/\/shanabooks.de\/#organization"},"potentialAction":[{"@type":"SearchAction","target":{"@type":"EntryPoint","urlTemplate":"https:\/\/shanabooks.de\/?s={search_term_string}"},"query-input":{"@type":"PropertyValueSpecification","valueRequired":true,"valueName":"search_term_string"}}],"inLanguage":"kur"},{"@type":"Organization","@id":"https:\/\/shanabooks.de\/#organization","name":"www.shanbooks.de","url":"https:\/\/shanabooks.de\/","logo":{"@type":"ImageObject","inLanguage":"kur","@id":"https:\/\/shanabooks.de\/#\/schema\/logo\/image\/","url":"https:\/\/shanabooks.de\/wp-content\/uploads\/2024\/03\/SHANABOOKS__2_-removebg-preview.png","contentUrl":"https:\/\/shanabooks.de\/wp-content\/uploads\/2024\/03\/SHANABOOKS__2_-removebg-preview.png","width":700,"height":150,"caption":"www.shanbooks.de"},"image":{"@id":"https:\/\/shanabooks.de\/#\/schema\/logo\/image\/"}}]}},"jetpack_sharing_enabled":true,"_links":{"self":[{"href":"https:\/\/shanabooks.de\/kur\/wp-json\/wp\/v2\/product\/12704","targetHints":{"allow":["GET"]}}],"collection":[{"href":"https:\/\/shanabooks.de\/kur\/wp-json\/wp\/v2\/product"}],"about":[{"href":"https:\/\/shanabooks.de\/kur\/wp-json\/wp\/v2\/types\/product"}],"version-history":[{"count":3,"href":"https:\/\/shanabooks.de\/kur\/wp-json\/wp\/v2\/product\/12704\/revisions"}],"predecessor-version":[{"id":18602,"href":"https:\/\/shanabooks.de\/kur\/wp-json\/wp\/v2\/product\/12704\/revisions\/18602"}],"wp:featuredmedia":[{"embeddable":true,"href":"https:\/\/shanabooks.de\/kur\/wp-json\/wp\/v2\/media\/12740"}],"wp:attachment":[{"href":"https:\/\/shanabooks.de\/kur\/wp-json\/wp\/v2\/media?parent=12704"}],"wp:term":[{"taxonomy":"product_brand","embeddable":true,"href":"https:\/\/shanabooks.de\/kur\/wp-json\/wp\/v2\/product_brand?post=12704"},{"taxonomy":"product_cat","embeddable":true,"href":"https:\/\/shanabooks.de\/kur\/wp-json\/wp\/v2\/product_cat?post=12704"},{"taxonomy":"product_tag","embeddable":true,"href":"https:\/\/shanabooks.de\/kur\/wp-json\/wp\/v2\/product_tag?post=12704"}],"curies":[{"name":"wp","href":"https:\/\/api.w.org\/{rel}","templated":true}]}}