{"id":12705,"date":"2024-03-03T19:45:57","date_gmt":"2024-03-03T19:45:57","guid":{"rendered":"https:\/\/shanabooks.de\/?post_type=product&#038;p=12705"},"modified":"2024-03-14T23:35:13","modified_gmt":"2024-03-14T23:35:13","slug":"hesretdefter-ferike-usif","status":"publish","type":"product","link":"https:\/\/shanabooks.de\/kur\/product\/hesretdefter-ferike-usif\/","title":{"rendered":"Hesretdefter"},"content":{"rendered":"<p dir=\"ltr\"><strong>Hesretdefter &#8211; Fer\u00eek\u00ea \u00dbsif<\/strong><\/p>\n<p dir=\"ltr\">Hesretdeftera F\u00ear\u00eek\u00ea \u00dbsiv\u00ea helbestkar \u00fb werg\u00ear, a ku cilda p\u00ea\u015f\u00een a Hem\u00fb Berhema w\u00ee ye, ya ku ji s\u00ea cildan p\u00eak t\u00ea, ji aliy\u00ea We\u015fanxaneya L\u00ees\u00ea ve hate we\u015fandin. Em \u00eero xwendevan\u00ean ziman \u00fb w\u00eajeya Kurd\u00ee bih\u00ealin, heke em ji helbestkar \u00fb niv\u00eeskar\u00ean Kurd bi xwe pirs bikin, w\u00ea ji van k\u00eam kes bizanibin b\u00ea F\u00ear\u00eek\u00ea \u00dbsiv k\u00ee ye, di sedsala b\u00fbr\u00ee de, di nava temen\u00ea xwe y\u00ea \u015f\u00east \u00fb s\u00ea salan de w\u00ee \u00e7i niv\u00eesiye \u00fb \u00e7i afirandiye. Ev hal \u00fb hewal li d\u00fb encam\u00ean d\u00eerok\u00ee, pol\u00eet\u00eek, erdn\u00eegariy\u00ee \u00fb neteweyeke dabe\u015f b\u00fby\u00ee hatiye, helbestkar \u00fb werg\u00earek\u00ee ji Kurd\u00ean \u00cazid\u00ee y\u00ean Qefqasan, yek\u00ee m\u00eena F\u00ear\u00eek\u00ea \u00dbsiv \u00ea ew qas\u00ee berhemdar \u00fb helbestkarek\u00ee b\u00ea hevta, heta niha ji aliy\u00ea welat\u00ea me gi\u015f\u00ee ve nehatiye naskirin. Ji ber ku, gava ku mirov \u00e7av did\u00eare Hesretdeftera F\u00ear\u00eek\u00ea \u00dbsiv, mirov hi\u015fmiraz li bedewiya berhem\u00ean w\u00ee dinih\u00eare. Ev ristey\u00ean F\u00ear\u00eek\u00ea \u00dbsiv bi dest xwe re xwendevan\u00ea xwe diki\u015f\u00eene nava xwe \u00fb bi me dide zan\u00een ku \u00dbsiv helbestkarek\u00ee serdema xwe ye, gerd\u00fbn\u00ee ye \u00fb ew qas\u00ee j\u00ee ji \u00e7avaniy\u00ean ziman\u00ea Kurd\u00ee bi lemelem t\u00ea: Hezkir\u00ee t\u00ea bi lewz\u00ea xwe\u015f,T\u00fbm\u00ea s\u00eaf\u00eel karr\u00eaz dike,\u00db dihele bengiy\u00ea serxwe\u015f,T\u00ea, mirina xwe hemb\u00eaz dike.F\u00ear\u00eek\u00ea \u00dbsiv\u00ea tebiyetb\u00eaj, helbestkar\u00ea \u00e7ar werzan, \u00e7iyayan, belekiy\u00ean berfan, beyaniy\u00ean di pengb\u00fbna xwe de mi\u015ft bizav \u00fb \u00eavar\u00ean h\u00eanik \u00fb zozanan \u00fb de\u015ftan, ba, baran, berf \u00fb bager\u00ea, y\u00ea hemderd bi ewran re \u00fb hevriy\u00ea P\u00fb\u015fk\u00een, Yesen\u00een \u00fb Lermontov\u00ea mezin. W\u00ee b\u00ea hesab ristey\u00ean ev\u00een \u00fb berxwedan\u00ea, hezkirina ji wel\u00eat niv\u00ees\u00eene \u00fb dengek\u00ee nemir li pey xwe hi\u015ftiye.We\u015fanxaneya L\u00ees\u00ea, ji bo ku hem\u00fb berhem\u00ean F\u00ear\u00eek\u00ea \u00dbsiv \u00e7ap bike \u00fb diyar\u00ee hem\u00fb wel\u00eat bike, Cilda I., Hesretdefter, Hem\u00fb Berhem we\u015fand.Ji We\u015fanxaneya L\u00ees\u00ea, bi ed\u00eetoriya Kawa Nemir, p\u00eangaveke mezin di war\u00ea vejandina berhem\u00ean helbestkar \u00fb werg\u00earek\u00ee wek F\u00ear\u00eek\u00ea \u00dbsiv.<\/p>\n","protected":false},"excerpt":{"rendered":"<p dir=\"ltr\" style=\"text-align: center\"><strong>Niv\u00eeskar: Fer\u00eek\u00ea \u00dbsif<br \/>\nPirt\u00fbk: Hesretdefter<br \/>\nCure: Helbest<\/strong><\/p>\n","protected":false},"featured_media":12742,"template":"","meta":{"site-sidebar-layout":"default","site-content-layout":"","ast-site-content-layout":"default","site-content-style":"default","site-sidebar-style":"default","ast-global-header-display":"","ast-banner-title-visibility":"","ast-main-header-display":"","ast-hfb-above-header-display":"","ast-hfb-below-header-display":"","ast-hfb-mobile-header-display":"","site-post-title":"","ast-breadcrumbs-content":"","ast-featured-img":"","footer-sml-layout":"","ast-disable-related-posts":"","theme-transparent-header-meta":"default","adv-header-id-meta":"","stick-header-meta":"","header-above-stick-meta":"","header-main-stick-meta":"","header-below-stick-meta":"","astra-migrate-meta-layouts":"set","ast-page-background-enabled":"default","ast-page-background-meta":{"desktop":{"background-color":"","background-image":"","background-repeat":"repeat","background-position":"center center","background-size":"auto","background-attachment":"scroll","background-type":"","background-media":"","overlay-type":"","overlay-color":"","overlay-opacity":"","overlay-gradient":""},"tablet":{"background-color":"","background-image":"","background-repeat":"repeat","background-position":"center center","background-size":"auto","background-attachment":"scroll","background-type":"","background-media":"","overlay-type":"","overlay-color":"","overlay-opacity":"","overlay-gradient":""},"mobile":{"background-color":"","background-image":"","background-repeat":"repeat","background-position":"center center","background-size":"auto","background-attachment":"scroll","background-type":"","background-media":"","overlay-type":"","overlay-color":"","overlay-opacity":"","overlay-gradient":""}},"ast-content-background-meta":{"desktop":{"background-color":"var(--ast-global-color-5)","background-image":"","background-repeat":"repeat","background-position":"center center","background-size":"auto","background-attachment":"scroll","background-type":"","background-media":"","overlay-type":"","overlay-color":"","overlay-opacity":"","overlay-gradient":""},"tablet":{"background-color":"var(--ast-global-color-5)","background-image":"","background-repeat":"repeat","background-position":"center center","background-size":"auto","background-attachment":"scroll","background-type":"","background-media":"","overlay-type":"","overlay-color":"","overlay-opacity":"","overlay-gradient":""},"mobile":{"background-color":"var(--ast-global-color-5)","background-image":"","background-repeat":"repeat","background-position":"center center","background-size":"auto","background-attachment":"scroll","background-type":"","background-media":"","overlay-type":"","overlay-color":"","overlay-opacity":"","overlay-gradient":""}}},"product_brand":[],"product_cat":[184,193],"product_tag":[],"class_list":{"0":"post-12705","1":"product","2":"type-product","3":"status-publish","4":"has-post-thumbnail","6":"product_cat-_","7":"product_cat--_","8":"pa_-helbest","9":"pa_-ferike-usiv","10":"pa_-kurmanci","11":"pa_--lis-yayinevi","12":"desktop-align-left","13":"tablet-align-left","14":"mobile-align-left","16":"first","17":"instock","18":"shipping-taxable","19":"purchasable","20":"product-type-simple"},"yoast_head":"<!-- This site is optimized with the Yoast SEO plugin v27.4 - https:\/\/yoast.com\/product\/yoast-seo-wordpress\/ -->\n<title>Hesretdefter - Fer\u00eek\u00ea \u00dbsif - www.shanabooks.de<\/title>\n<meta name=\"description\" content=\"Hesretdefter - Fer\u00eek\u00ea \u00dbsif Hesretdeftera F\u00ear\u00eek\u00ea \u00dbsiv\u00ea helbestkar \u00fb werg\u00ear, a ku cilda p\u00ea\u015f\u00een a Hem\u00fb Berhema w\u00ee ye, ya ku ji s\u00ea cildan p\u00eak t\u00ea, ji aliy\u00ea ...\" \/>\n<meta name=\"robots\" content=\"index, follow, max-snippet:-1, max-image-preview:large, max-video-preview:-1\" \/>\n<link rel=\"canonical\" href=\"https:\/\/shanabooks.de\/product\/hesretdefter-ferike-usif\/\" \/>\n<meta property=\"og:locale\" content=\"en_US\" \/>\n<meta property=\"og:type\" content=\"article\" \/>\n<meta property=\"og:title\" content=\"Hesretdefter - Fer\u00eek\u00ea \u00dbsif - www.shanabooks.de\" \/>\n<meta property=\"og:description\" content=\"Hesretdefter - Fer\u00eek\u00ea \u00dbsif Hesretdeftera F\u00ear\u00eek\u00ea \u00dbsiv\u00ea helbestkar \u00fb werg\u00ear, a ku cilda p\u00ea\u015f\u00een a Hem\u00fb Berhema w\u00ee ye, ya ku ji s\u00ea cildan p\u00eak t\u00ea, ji aliy\u00ea ...\" \/>\n<meta property=\"og:url\" content=\"https:\/\/shanabooks.de\/product\/hesretdefter-ferike-usif\/\" \/>\n<meta property=\"og:site_name\" content=\"www.shanabooks.de\" \/>\n<meta property=\"article:modified_time\" content=\"2024-03-14T23:35:13+00:00\" \/>\n<meta property=\"og:image\" content=\"https:\/\/shanabooks.de\/wp-content\/uploads\/2024\/03\/Hesretdefter.png\" \/>\n\t<meta property=\"og:image:width\" content=\"270\" \/>\n\t<meta property=\"og:image:height\" content=\"472\" \/>\n\t<meta property=\"og:image:type\" content=\"image\/png\" \/>\n<meta name=\"twitter:card\" content=\"summary_large_image\" \/>\n<meta name=\"twitter:label1\" content=\"Est. reading time\" \/>\n\t<meta name=\"twitter:data1\" content=\"3 minutes\" \/>\n<script type=\"application\/ld+json\" class=\"yoast-schema-graph\">{\"@context\":\"https:\\\/\\\/schema.org\",\"@graph\":[{\"@type\":\"WebPage\",\"@id\":\"https:\\\/\\\/shanabooks.de\\\/product\\\/hesretdefter-ferike-usif\\\/\",\"url\":\"https:\\\/\\\/shanabooks.de\\\/product\\\/hesretdefter-ferike-usif\\\/\",\"name\":\"Hesretdefter - Fer\u00eek\u00ea \u00dbsif - www.shanabooks.de\",\"isPartOf\":{\"@id\":\"https:\\\/\\\/shanabooks.de\\\/#website\"},\"primaryImageOfPage\":{\"@id\":\"https:\\\/\\\/shanabooks.de\\\/product\\\/hesretdefter-ferike-usif\\\/#primaryimage\"},\"image\":{\"@id\":\"https:\\\/\\\/shanabooks.de\\\/product\\\/hesretdefter-ferike-usif\\\/#primaryimage\"},\"thumbnailUrl\":\"https:\\\/\\\/shanabooks.de\\\/wp-content\\\/uploads\\\/2024\\\/03\\\/Hesretdefter.png\",\"datePublished\":\"2024-03-03T19:45:57+00:00\",\"dateModified\":\"2024-03-14T23:35:13+00:00\",\"description\":\"Hesretdefter - Fer\u00eek\u00ea \u00dbsif Hesretdeftera F\u00ear\u00eek\u00ea \u00dbsiv\u00ea helbestkar \u00fb werg\u00ear, a ku cilda p\u00ea\u015f\u00een a Hem\u00fb Berhema w\u00ee ye, ya ku ji s\u00ea cildan p\u00eak t\u00ea, ji aliy\u00ea ...\",\"breadcrumb\":{\"@id\":\"https:\\\/\\\/shanabooks.de\\\/product\\\/hesretdefter-ferike-usif\\\/#breadcrumb\"},\"inLanguage\":\"kur\",\"potentialAction\":[{\"@type\":\"ReadAction\",\"target\":[\"https:\\\/\\\/shanabooks.de\\\/product\\\/hesretdefter-ferike-usif\\\/\"]}]},{\"@type\":\"ImageObject\",\"inLanguage\":\"kur\",\"@id\":\"https:\\\/\\\/shanabooks.de\\\/product\\\/hesretdefter-ferike-usif\\\/#primaryimage\",\"url\":\"https:\\\/\\\/shanabooks.de\\\/wp-content\\\/uploads\\\/2024\\\/03\\\/Hesretdefter.png\",\"contentUrl\":\"https:\\\/\\\/shanabooks.de\\\/wp-content\\\/uploads\\\/2024\\\/03\\\/Hesretdefter.png\",\"width\":270,\"height\":472,\"caption\":\"Hesretdefter - Fer\u00eek\u00ea \u00dbsif - pirt\u00fbk\u00ean kurd\u00ee\"},{\"@type\":\"BreadcrumbList\",\"@id\":\"https:\\\/\\\/shanabooks.de\\\/product\\\/hesretdefter-ferike-usif\\\/#breadcrumb\",\"itemListElement\":[{\"@type\":\"ListItem\",\"position\":1,\"name\":\"\u0627\u0644\u0631\u0626\u064a\u0633\u064a\u0629\",\"item\":\"https:\\\/\\\/shanabooks.de\\\/kur\\\/\"},{\"@type\":\"ListItem\",\"position\":2,\"name\":\"\u0627\u0644\u0645\u0646\u062a\u062c\u0627\u062a\",\"item\":\"https:\\\/\\\/shanabooks.de\\\/shop\\\/\"},{\"@type\":\"ListItem\",\"position\":3,\"name\":\"Hesretdefter\"}]},{\"@type\":\"WebSite\",\"@id\":\"https:\\\/\\\/shanabooks.de\\\/#website\",\"url\":\"https:\\\/\\\/shanabooks.de\\\/\",\"name\":\"www.shanbooks.de\",\"description\":\"C\u00eehana Pirt\u00fbk\u00ean Kurd\u00ee \u0645\u0643\u062a\u0628\u0629 \u0634\u0627\u0646\u0627 \u0641\u064a \u0627\u0644\u0645\u0627\u0646\u064a\u0627 \u0648\u0623\u0648\u0631\u0628\u0627\",\"publisher\":{\"@id\":\"https:\\\/\\\/shanabooks.de\\\/#organization\"},\"potentialAction\":[{\"@type\":\"SearchAction\",\"target\":{\"@type\":\"EntryPoint\",\"urlTemplate\":\"https:\\\/\\\/shanabooks.de\\\/?s={search_term_string}\"},\"query-input\":{\"@type\":\"PropertyValueSpecification\",\"valueRequired\":true,\"valueName\":\"search_term_string\"}}],\"inLanguage\":\"kur\"},{\"@type\":\"Organization\",\"@id\":\"https:\\\/\\\/shanabooks.de\\\/#organization\",\"name\":\"www.shanbooks.de\",\"url\":\"https:\\\/\\\/shanabooks.de\\\/\",\"logo\":{\"@type\":\"ImageObject\",\"inLanguage\":\"kur\",\"@id\":\"https:\\\/\\\/shanabooks.de\\\/#\\\/schema\\\/logo\\\/image\\\/\",\"url\":\"https:\\\/\\\/shanabooks.de\\\/wp-content\\\/uploads\\\/2024\\\/03\\\/SHANABOOKS__2_-removebg-preview.png\",\"contentUrl\":\"https:\\\/\\\/shanabooks.de\\\/wp-content\\\/uploads\\\/2024\\\/03\\\/SHANABOOKS__2_-removebg-preview.png\",\"width\":700,\"height\":150,\"caption\":\"www.shanbooks.de\"},\"image\":{\"@id\":\"https:\\\/\\\/shanabooks.de\\\/#\\\/schema\\\/logo\\\/image\\\/\"}}]}<\/script>\n<!-- \/ Yoast SEO plugin. -->","yoast_head_json":{"title":"Hesretdefter - Fer\u00eek\u00ea \u00dbsif - www.shanabooks.de","description":"Hesretdefter - Fer\u00eek\u00ea \u00dbsif Hesretdeftera F\u00ear\u00eek\u00ea \u00dbsiv\u00ea helbestkar \u00fb werg\u00ear, a ku cilda p\u00ea\u015f\u00een a Hem\u00fb Berhema w\u00ee ye, ya ku ji s\u00ea cildan p\u00eak t\u00ea, ji aliy\u00ea ...","robots":{"index":"index","follow":"follow","max-snippet":"max-snippet:-1","max-image-preview":"max-image-preview:large","max-video-preview":"max-video-preview:-1"},"canonical":"https:\/\/shanabooks.de\/product\/hesretdefter-ferike-usif\/","og_locale":"en_US","og_type":"article","og_title":"Hesretdefter - Fer\u00eek\u00ea \u00dbsif - www.shanabooks.de","og_description":"Hesretdefter - Fer\u00eek\u00ea \u00dbsif Hesretdeftera F\u00ear\u00eek\u00ea \u00dbsiv\u00ea helbestkar \u00fb werg\u00ear, a ku cilda p\u00ea\u015f\u00een a Hem\u00fb Berhema w\u00ee ye, ya ku ji s\u00ea cildan p\u00eak t\u00ea, ji aliy\u00ea ...","og_url":"https:\/\/shanabooks.de\/product\/hesretdefter-ferike-usif\/","og_site_name":"www.shanabooks.de","article_modified_time":"2024-03-14T23:35:13+00:00","og_image":[{"width":270,"height":472,"url":"https:\/\/shanabooks.de\/wp-content\/uploads\/2024\/03\/Hesretdefter.png","type":"image\/png"}],"twitter_card":"summary_large_image","twitter_misc":{"Est. reading time":"3 minutes"},"schema":{"@context":"https:\/\/schema.org","@graph":[{"@type":"WebPage","@id":"https:\/\/shanabooks.de\/product\/hesretdefter-ferike-usif\/","url":"https:\/\/shanabooks.de\/product\/hesretdefter-ferike-usif\/","name":"Hesretdefter - Fer\u00eek\u00ea \u00dbsif - www.shanabooks.de","isPartOf":{"@id":"https:\/\/shanabooks.de\/#website"},"primaryImageOfPage":{"@id":"https:\/\/shanabooks.de\/product\/hesretdefter-ferike-usif\/#primaryimage"},"image":{"@id":"https:\/\/shanabooks.de\/product\/hesretdefter-ferike-usif\/#primaryimage"},"thumbnailUrl":"https:\/\/shanabooks.de\/wp-content\/uploads\/2024\/03\/Hesretdefter.png","datePublished":"2024-03-03T19:45:57+00:00","dateModified":"2024-03-14T23:35:13+00:00","description":"Hesretdefter - Fer\u00eek\u00ea \u00dbsif Hesretdeftera F\u00ear\u00eek\u00ea \u00dbsiv\u00ea helbestkar \u00fb werg\u00ear, a ku cilda p\u00ea\u015f\u00een a Hem\u00fb Berhema w\u00ee ye, ya ku ji s\u00ea cildan p\u00eak t\u00ea, ji aliy\u00ea ...","breadcrumb":{"@id":"https:\/\/shanabooks.de\/product\/hesretdefter-ferike-usif\/#breadcrumb"},"inLanguage":"kur","potentialAction":[{"@type":"ReadAction","target":["https:\/\/shanabooks.de\/product\/hesretdefter-ferike-usif\/"]}]},{"@type":"ImageObject","inLanguage":"kur","@id":"https:\/\/shanabooks.de\/product\/hesretdefter-ferike-usif\/#primaryimage","url":"https:\/\/shanabooks.de\/wp-content\/uploads\/2024\/03\/Hesretdefter.png","contentUrl":"https:\/\/shanabooks.de\/wp-content\/uploads\/2024\/03\/Hesretdefter.png","width":270,"height":472,"caption":"Hesretdefter - Fer\u00eek\u00ea \u00dbsif - pirt\u00fbk\u00ean kurd\u00ee"},{"@type":"BreadcrumbList","@id":"https:\/\/shanabooks.de\/product\/hesretdefter-ferike-usif\/#breadcrumb","itemListElement":[{"@type":"ListItem","position":1,"name":"\u0627\u0644\u0631\u0626\u064a\u0633\u064a\u0629","item":"https:\/\/shanabooks.de\/kur\/"},{"@type":"ListItem","position":2,"name":"\u0627\u0644\u0645\u0646\u062a\u062c\u0627\u062a","item":"https:\/\/shanabooks.de\/shop\/"},{"@type":"ListItem","position":3,"name":"Hesretdefter"}]},{"@type":"WebSite","@id":"https:\/\/shanabooks.de\/#website","url":"https:\/\/shanabooks.de\/","name":"www.shanbooks.de","description":"C\u00eehana Pirt\u00fbk\u00ean Kurd\u00ee \u0645\u0643\u062a\u0628\u0629 \u0634\u0627\u0646\u0627 \u0641\u064a \u0627\u0644\u0645\u0627\u0646\u064a\u0627 \u0648\u0623\u0648\u0631\u0628\u0627","publisher":{"@id":"https:\/\/shanabooks.de\/#organization"},"potentialAction":[{"@type":"SearchAction","target":{"@type":"EntryPoint","urlTemplate":"https:\/\/shanabooks.de\/?s={search_term_string}"},"query-input":{"@type":"PropertyValueSpecification","valueRequired":true,"valueName":"search_term_string"}}],"inLanguage":"kur"},{"@type":"Organization","@id":"https:\/\/shanabooks.de\/#organization","name":"www.shanbooks.de","url":"https:\/\/shanabooks.de\/","logo":{"@type":"ImageObject","inLanguage":"kur","@id":"https:\/\/shanabooks.de\/#\/schema\/logo\/image\/","url":"https:\/\/shanabooks.de\/wp-content\/uploads\/2024\/03\/SHANABOOKS__2_-removebg-preview.png","contentUrl":"https:\/\/shanabooks.de\/wp-content\/uploads\/2024\/03\/SHANABOOKS__2_-removebg-preview.png","width":700,"height":150,"caption":"www.shanbooks.de"},"image":{"@id":"https:\/\/shanabooks.de\/#\/schema\/logo\/image\/"}}]}},"jetpack_sharing_enabled":true,"_links":{"self":[{"href":"https:\/\/shanabooks.de\/kur\/wp-json\/wp\/v2\/product\/12705","targetHints":{"allow":["GET"]}}],"collection":[{"href":"https:\/\/shanabooks.de\/kur\/wp-json\/wp\/v2\/product"}],"about":[{"href":"https:\/\/shanabooks.de\/kur\/wp-json\/wp\/v2\/types\/product"}],"version-history":[{"count":3,"href":"https:\/\/shanabooks.de\/kur\/wp-json\/wp\/v2\/product\/12705\/revisions"}],"predecessor-version":[{"id":18591,"href":"https:\/\/shanabooks.de\/kur\/wp-json\/wp\/v2\/product\/12705\/revisions\/18591"}],"wp:featuredmedia":[{"embeddable":true,"href":"https:\/\/shanabooks.de\/kur\/wp-json\/wp\/v2\/media\/12742"}],"wp:attachment":[{"href":"https:\/\/shanabooks.de\/kur\/wp-json\/wp\/v2\/media?parent=12705"}],"wp:term":[{"taxonomy":"product_brand","embeddable":true,"href":"https:\/\/shanabooks.de\/kur\/wp-json\/wp\/v2\/product_brand?post=12705"},{"taxonomy":"product_cat","embeddable":true,"href":"https:\/\/shanabooks.de\/kur\/wp-json\/wp\/v2\/product_cat?post=12705"},{"taxonomy":"product_tag","embeddable":true,"href":"https:\/\/shanabooks.de\/kur\/wp-json\/wp\/v2\/product_tag?post=12705"}],"curies":[{"name":"wp","href":"https:\/\/api.w.org\/{rel}","templated":true}]}}