{"id":12706,"date":"2024-03-03T19:45:57","date_gmt":"2024-03-03T19:45:57","guid":{"rendered":"https:\/\/shanabooks.de\/?post_type=product&#038;p=12706"},"modified":"2026-01-02T19:55:10","modified_gmt":"2026-01-02T19:55:10","slug":"gula-elegeze-ferike-usif","status":"publish","type":"product","link":"https:\/\/shanabooks.de\/kur\/product\/gula-elegeze-ferike-usif\/","title":{"rendered":"Gula Elegez\u00ea"},"content":{"rendered":"<p dir=\"ltr\"><strong>Gula Elegez\u00ea &#8211; F\u00ear\u00eek\u00ea \u00dbsif<\/strong><\/p>\n<p dir=\"ltr\"><em><b>Gula Elegez\u00ea<\/b><\/em><b>,<\/b>\u00a0wek\u00ee wan d\u00eewan\u00ean din \u00ean\u00a0<b>F\u00ear\u00eek\u00ea \u00dbsiv<\/b>, mi\u015ft ji deng, reng \u00fb bi b\u00eena siru\u015fta welat\u00ea w\u00ee dagirt\u00ee ye. Ew bi ziman\u00ea xwe y\u00ee herikbar \u00fb a rojane gel p\u00ea diaxife rab\u00fbn, r\u00fbni\u015ftin, adet \u00fb toreya gel\u00ea xwe bi vegotineke edeb\u00ee raber\u00ee me dike. Em ba\u015f zanin F\u00ear\u00eek hostay\u00ea gotin \u00fb vegotin\u00ea b\u00fb. \u00c7i ti\u015fta bid\u00eeta \u00fb \u00e7i ti\u015fta biqewim\u00eeya yekser xwe bera nav \u015fi\u2019ra w\u00ee dida. Ji ber w\u00ea \u015fi\u2019ra F\u00ear\u00eek di heman dem\u00ea de pirt\u00fbka agahdar\u00ee \u00fb zan\u00eena rew\u015fa cimaet \u00fb feraset \u00fb hi\u015fmend\u00eeya wan e. Hub \u00fb hez t\u00eamaya her\u00ee ber bi \u00e7av \u00fb j\u00eanager a F\u00ear\u00eek e. Di v\u00ea d\u00eewan\u00ea de j\u00ee hub \u00fb hez bi delal\u00ee \u00fb dilbij\u00een\u00eeya xwe ji me re dibi\u015fire:<\/p>\n<p dir=\"ltr\">Xwezil, xwezil, ya min biyay\u00ee,<\/p>\n<p dir=\"ltr\">Xwezila b\u00fbka d\u00eeya min biyay\u00ee,<\/p>\n<p dir=\"ltr\">Te \u00e7ok veda ber p\u00eeng\u00ea w\u00ea,<\/p>\n<p dir=\"ltr\">Ser\u00ee bida ser s\u00eeng\u00ea w\u00ea,<\/p>\n<p dir=\"ltr\">Por \u00fb gul\u00eey\u00ea xwe re\u015f berda,<\/p>\n<p dir=\"ltr\">D\u00eeya min por\u00ea te vegirta,<\/p>\n<p dir=\"ltr\">\u00db min dest\u00ea w\u00ea y\u00ee \u00e7ira<\/p>\n<p dir=\"ltr\">Li ser por\u00ea te pa\u00e7 kira&#8230;<br \/>\nGula Elegez\u00ea ya F\u00ear\u00eek\u00ea \u00dbsif ji we\u015fan\u00ean L\u00ees\u00ea ye.<\/p>\n","protected":false},"excerpt":{"rendered":"<p dir=\"ltr\" style=\"text-align: center\"><strong>Niv\u00eesakr: Fer\u00eek\u00ea \u00dbsif<\/strong><br \/>\n<strong>Pirt\u00fbk: Gula Elegez\u00ea<\/strong><br \/>\n<strong>Cure: Helbest<\/strong><\/p>\n","protected":false},"featured_media":12744,"template":"","meta":{"site-sidebar-layout":"default","site-content-layout":"","ast-site-content-layout":"default","site-content-style":"default","site-sidebar-style":"default","ast-global-header-display":"","ast-banner-title-visibility":"","ast-main-header-display":"","ast-hfb-above-header-display":"","ast-hfb-below-header-display":"","ast-hfb-mobile-header-display":"","site-post-title":"","ast-breadcrumbs-content":"","ast-featured-img":"","footer-sml-layout":"","ast-disable-related-posts":"","theme-transparent-header-meta":"default","adv-header-id-meta":"","stick-header-meta":"","header-above-stick-meta":"","header-main-stick-meta":"","header-below-stick-meta":"","astra-migrate-meta-layouts":"set","ast-page-background-enabled":"default","ast-page-background-meta":{"desktop":{"background-color":"","background-image":"","background-repeat":"repeat","background-position":"center center","background-size":"auto","background-attachment":"scroll","background-type":"","background-media":"","overlay-type":"","overlay-color":"","overlay-opacity":"","overlay-gradient":""},"tablet":{"background-color":"","background-image":"","background-repeat":"repeat","background-position":"center center","background-size":"auto","background-attachment":"scroll","background-type":"","background-media":"","overlay-type":"","overlay-color":"","overlay-opacity":"","overlay-gradient":""},"mobile":{"background-color":"","background-image":"","background-repeat":"repeat","background-position":"center center","background-size":"auto","background-attachment":"scroll","background-type":"","background-media":"","overlay-type":"","overlay-color":"","overlay-opacity":"","overlay-gradient":""}},"ast-content-background-meta":{"desktop":{"background-color":"var(--ast-global-color-5)","background-image":"","background-repeat":"repeat","background-position":"center center","background-size":"auto","background-attachment":"scroll","background-type":"","background-media":"","overlay-type":"","overlay-color":"","overlay-opacity":"","overlay-gradient":""},"tablet":{"background-color":"var(--ast-global-color-5)","background-image":"","background-repeat":"repeat","background-position":"center center","background-size":"auto","background-attachment":"scroll","background-type":"","background-media":"","overlay-type":"","overlay-color":"","overlay-opacity":"","overlay-gradient":""},"mobile":{"background-color":"var(--ast-global-color-5)","background-image":"","background-repeat":"repeat","background-position":"center center","background-size":"auto","background-attachment":"scroll","background-type":"","background-media":"","overlay-type":"","overlay-color":"","overlay-opacity":"","overlay-gradient":""}}},"product_brand":[],"product_cat":[184,193],"product_tag":[],"class_list":{"0":"post-12706","1":"product","2":"type-product","3":"status-publish","4":"has-post-thumbnail","6":"product_cat-_","7":"product_cat--_","8":"pa_-helbest","9":"pa_-ferike-usiv","10":"pa_-kurmanci","11":"pa_--lis-yayinevi","12":"desktop-align-left","13":"tablet-align-left","14":"mobile-align-left","16":"first","17":"instock","18":"shipping-taxable","19":"purchasable","20":"product-type-simple"},"yoast_head":"<!-- This site is optimized with the Yoast SEO plugin v27.4 - https:\/\/yoast.com\/product\/yoast-seo-wordpress\/ -->\n<title>Gula Elegez\u00ea - F\u00ear\u00eek\u00ea \u00dbsif - www.shanabooks.de<\/title>\n<meta name=\"description\" content=\"Gula Elegez\u00ea - F\u00ear\u00eek\u00ea \u00dbsif Gula Elegez\u00ea,\u00a0wek\u00ee wan d\u00eewan\u00ean din \u00ean\u00a0F\u00ear\u00eek\u00ea \u00dbsiv, mi\u015ft ji deng, reng \u00fb bi b\u00eena siru\u015fta welat\u00ea w\u00ee dagirt\u00ee ye. Ew bi ziman\u00ea xwe...\" \/>\n<meta name=\"robots\" content=\"index, follow, max-snippet:-1, max-image-preview:large, max-video-preview:-1\" \/>\n<link rel=\"canonical\" href=\"https:\/\/shanabooks.de\/product\/gula-elegeze-ferike-usif\/\" \/>\n<meta property=\"og:locale\" content=\"en_US\" \/>\n<meta property=\"og:type\" content=\"article\" \/>\n<meta property=\"og:title\" content=\"Gula Elegez\u00ea - F\u00ear\u00eek\u00ea \u00dbsif - www.shanabooks.de\" \/>\n<meta property=\"og:description\" content=\"Gula Elegez\u00ea - F\u00ear\u00eek\u00ea \u00dbsif Gula Elegez\u00ea,\u00a0wek\u00ee wan d\u00eewan\u00ean din \u00ean\u00a0F\u00ear\u00eek\u00ea \u00dbsiv, mi\u015ft ji deng, reng \u00fb bi b\u00eena siru\u015fta welat\u00ea w\u00ee dagirt\u00ee ye. Ew bi ziman\u00ea xwe...\" \/>\n<meta property=\"og:url\" content=\"https:\/\/shanabooks.de\/product\/gula-elegeze-ferike-usif\/\" \/>\n<meta property=\"og:site_name\" content=\"www.shanabooks.de\" \/>\n<meta property=\"article:modified_time\" content=\"2026-01-02T19:55:10+00:00\" \/>\n<meta property=\"og:image\" content=\"https:\/\/shanabooks.de\/wp-content\/uploads\/2024\/03\/Gula-Elegeze.png\" \/>\n\t<meta property=\"og:image:width\" content=\"279\" \/>\n\t<meta property=\"og:image:height\" content=\"467\" \/>\n\t<meta property=\"og:image:type\" content=\"image\/png\" \/>\n<meta name=\"twitter:card\" content=\"summary_large_image\" \/>\n<meta name=\"twitter:label1\" content=\"Est. reading time\" \/>\n\t<meta name=\"twitter:data1\" content=\"2 minutes\" \/>\n<script type=\"application\/ld+json\" class=\"yoast-schema-graph\">{\"@context\":\"https:\\\/\\\/schema.org\",\"@graph\":[{\"@type\":\"WebPage\",\"@id\":\"https:\\\/\\\/shanabooks.de\\\/product\\\/gula-elegeze-ferike-usif\\\/\",\"url\":\"https:\\\/\\\/shanabooks.de\\\/product\\\/gula-elegeze-ferike-usif\\\/\",\"name\":\"Gula Elegez\u00ea - F\u00ear\u00eek\u00ea \u00dbsif - www.shanabooks.de\",\"isPartOf\":{\"@id\":\"https:\\\/\\\/shanabooks.de\\\/#website\"},\"primaryImageOfPage\":{\"@id\":\"https:\\\/\\\/shanabooks.de\\\/product\\\/gula-elegeze-ferike-usif\\\/#primaryimage\"},\"image\":{\"@id\":\"https:\\\/\\\/shanabooks.de\\\/product\\\/gula-elegeze-ferike-usif\\\/#primaryimage\"},\"thumbnailUrl\":\"https:\\\/\\\/shanabooks.de\\\/wp-content\\\/uploads\\\/2024\\\/03\\\/Gula-Elegeze.png\",\"datePublished\":\"2024-03-03T19:45:57+00:00\",\"dateModified\":\"2026-01-02T19:55:10+00:00\",\"description\":\"Gula Elegez\u00ea - F\u00ear\u00eek\u00ea \u00dbsif Gula Elegez\u00ea,\u00a0wek\u00ee wan d\u00eewan\u00ean din \u00ean\u00a0F\u00ear\u00eek\u00ea \u00dbsiv, mi\u015ft ji deng, reng \u00fb bi b\u00eena siru\u015fta welat\u00ea w\u00ee dagirt\u00ee ye. Ew bi ziman\u00ea xwe...\",\"breadcrumb\":{\"@id\":\"https:\\\/\\\/shanabooks.de\\\/product\\\/gula-elegeze-ferike-usif\\\/#breadcrumb\"},\"inLanguage\":\"kur\",\"potentialAction\":[{\"@type\":\"ReadAction\",\"target\":[\"https:\\\/\\\/shanabooks.de\\\/product\\\/gula-elegeze-ferike-usif\\\/\"]}]},{\"@type\":\"ImageObject\",\"inLanguage\":\"kur\",\"@id\":\"https:\\\/\\\/shanabooks.de\\\/product\\\/gula-elegeze-ferike-usif\\\/#primaryimage\",\"url\":\"https:\\\/\\\/shanabooks.de\\\/wp-content\\\/uploads\\\/2024\\\/03\\\/Gula-Elegeze.png\",\"contentUrl\":\"https:\\\/\\\/shanabooks.de\\\/wp-content\\\/uploads\\\/2024\\\/03\\\/Gula-Elegeze.png\",\"width\":279,\"height\":467,\"caption\":\"Gula Elegez\u00ea - F\u00ear\u00eek\u00ea \u00dbsif - pirt\u00fbk\u00ean kurd\u00ee\"},{\"@type\":\"BreadcrumbList\",\"@id\":\"https:\\\/\\\/shanabooks.de\\\/product\\\/gula-elegeze-ferike-usif\\\/#breadcrumb\",\"itemListElement\":[{\"@type\":\"ListItem\",\"position\":1,\"name\":\"\u0627\u0644\u0631\u0626\u064a\u0633\u064a\u0629\",\"item\":\"https:\\\/\\\/shanabooks.de\\\/kur\\\/\"},{\"@type\":\"ListItem\",\"position\":2,\"name\":\"\u0627\u0644\u0645\u0646\u062a\u062c\u0627\u062a\",\"item\":\"https:\\\/\\\/shanabooks.de\\\/shop\\\/\"},{\"@type\":\"ListItem\",\"position\":3,\"name\":\"Gula Elegez\u00ea\"}]},{\"@type\":\"WebSite\",\"@id\":\"https:\\\/\\\/shanabooks.de\\\/#website\",\"url\":\"https:\\\/\\\/shanabooks.de\\\/\",\"name\":\"www.shanbooks.de\",\"description\":\"C\u00eehana Pirt\u00fbk\u00ean Kurd\u00ee \u0645\u0643\u062a\u0628\u0629 \u0634\u0627\u0646\u0627 \u0641\u064a \u0627\u0644\u0645\u0627\u0646\u064a\u0627 \u0648\u0623\u0648\u0631\u0628\u0627\",\"publisher\":{\"@id\":\"https:\\\/\\\/shanabooks.de\\\/#organization\"},\"potentialAction\":[{\"@type\":\"SearchAction\",\"target\":{\"@type\":\"EntryPoint\",\"urlTemplate\":\"https:\\\/\\\/shanabooks.de\\\/?s={search_term_string}\"},\"query-input\":{\"@type\":\"PropertyValueSpecification\",\"valueRequired\":true,\"valueName\":\"search_term_string\"}}],\"inLanguage\":\"kur\"},{\"@type\":\"Organization\",\"@id\":\"https:\\\/\\\/shanabooks.de\\\/#organization\",\"name\":\"www.shanbooks.de\",\"url\":\"https:\\\/\\\/shanabooks.de\\\/\",\"logo\":{\"@type\":\"ImageObject\",\"inLanguage\":\"kur\",\"@id\":\"https:\\\/\\\/shanabooks.de\\\/#\\\/schema\\\/logo\\\/image\\\/\",\"url\":\"https:\\\/\\\/shanabooks.de\\\/wp-content\\\/uploads\\\/2024\\\/03\\\/SHANABOOKS__2_-removebg-preview.png\",\"contentUrl\":\"https:\\\/\\\/shanabooks.de\\\/wp-content\\\/uploads\\\/2024\\\/03\\\/SHANABOOKS__2_-removebg-preview.png\",\"width\":700,\"height\":150,\"caption\":\"www.shanbooks.de\"},\"image\":{\"@id\":\"https:\\\/\\\/shanabooks.de\\\/#\\\/schema\\\/logo\\\/image\\\/\"}}]}<\/script>\n<!-- \/ Yoast SEO plugin. -->","yoast_head_json":{"title":"Gula Elegez\u00ea - F\u00ear\u00eek\u00ea \u00dbsif - www.shanabooks.de","description":"Gula Elegez\u00ea - F\u00ear\u00eek\u00ea \u00dbsif Gula Elegez\u00ea,\u00a0wek\u00ee wan d\u00eewan\u00ean din \u00ean\u00a0F\u00ear\u00eek\u00ea \u00dbsiv, mi\u015ft ji deng, reng \u00fb bi b\u00eena siru\u015fta welat\u00ea w\u00ee dagirt\u00ee ye. Ew bi ziman\u00ea xwe...","robots":{"index":"index","follow":"follow","max-snippet":"max-snippet:-1","max-image-preview":"max-image-preview:large","max-video-preview":"max-video-preview:-1"},"canonical":"https:\/\/shanabooks.de\/product\/gula-elegeze-ferike-usif\/","og_locale":"en_US","og_type":"article","og_title":"Gula Elegez\u00ea - F\u00ear\u00eek\u00ea \u00dbsif - www.shanabooks.de","og_description":"Gula Elegez\u00ea - F\u00ear\u00eek\u00ea \u00dbsif Gula Elegez\u00ea,\u00a0wek\u00ee wan d\u00eewan\u00ean din \u00ean\u00a0F\u00ear\u00eek\u00ea \u00dbsiv, mi\u015ft ji deng, reng \u00fb bi b\u00eena siru\u015fta welat\u00ea w\u00ee dagirt\u00ee ye. Ew bi ziman\u00ea xwe...","og_url":"https:\/\/shanabooks.de\/product\/gula-elegeze-ferike-usif\/","og_site_name":"www.shanabooks.de","article_modified_time":"2026-01-02T19:55:10+00:00","og_image":[{"width":279,"height":467,"url":"https:\/\/shanabooks.de\/wp-content\/uploads\/2024\/03\/Gula-Elegeze.png","type":"image\/png"}],"twitter_card":"summary_large_image","twitter_misc":{"Est. reading time":"2 minutes"},"schema":{"@context":"https:\/\/schema.org","@graph":[{"@type":"WebPage","@id":"https:\/\/shanabooks.de\/product\/gula-elegeze-ferike-usif\/","url":"https:\/\/shanabooks.de\/product\/gula-elegeze-ferike-usif\/","name":"Gula Elegez\u00ea - F\u00ear\u00eek\u00ea \u00dbsif - www.shanabooks.de","isPartOf":{"@id":"https:\/\/shanabooks.de\/#website"},"primaryImageOfPage":{"@id":"https:\/\/shanabooks.de\/product\/gula-elegeze-ferike-usif\/#primaryimage"},"image":{"@id":"https:\/\/shanabooks.de\/product\/gula-elegeze-ferike-usif\/#primaryimage"},"thumbnailUrl":"https:\/\/shanabooks.de\/wp-content\/uploads\/2024\/03\/Gula-Elegeze.png","datePublished":"2024-03-03T19:45:57+00:00","dateModified":"2026-01-02T19:55:10+00:00","description":"Gula Elegez\u00ea - F\u00ear\u00eek\u00ea \u00dbsif Gula Elegez\u00ea,\u00a0wek\u00ee wan d\u00eewan\u00ean din \u00ean\u00a0F\u00ear\u00eek\u00ea \u00dbsiv, mi\u015ft ji deng, reng \u00fb bi b\u00eena siru\u015fta welat\u00ea w\u00ee dagirt\u00ee ye. Ew bi ziman\u00ea xwe...","breadcrumb":{"@id":"https:\/\/shanabooks.de\/product\/gula-elegeze-ferike-usif\/#breadcrumb"},"inLanguage":"kur","potentialAction":[{"@type":"ReadAction","target":["https:\/\/shanabooks.de\/product\/gula-elegeze-ferike-usif\/"]}]},{"@type":"ImageObject","inLanguage":"kur","@id":"https:\/\/shanabooks.de\/product\/gula-elegeze-ferike-usif\/#primaryimage","url":"https:\/\/shanabooks.de\/wp-content\/uploads\/2024\/03\/Gula-Elegeze.png","contentUrl":"https:\/\/shanabooks.de\/wp-content\/uploads\/2024\/03\/Gula-Elegeze.png","width":279,"height":467,"caption":"Gula Elegez\u00ea - F\u00ear\u00eek\u00ea \u00dbsif - pirt\u00fbk\u00ean kurd\u00ee"},{"@type":"BreadcrumbList","@id":"https:\/\/shanabooks.de\/product\/gula-elegeze-ferike-usif\/#breadcrumb","itemListElement":[{"@type":"ListItem","position":1,"name":"\u0627\u0644\u0631\u0626\u064a\u0633\u064a\u0629","item":"https:\/\/shanabooks.de\/kur\/"},{"@type":"ListItem","position":2,"name":"\u0627\u0644\u0645\u0646\u062a\u062c\u0627\u062a","item":"https:\/\/shanabooks.de\/shop\/"},{"@type":"ListItem","position":3,"name":"Gula Elegez\u00ea"}]},{"@type":"WebSite","@id":"https:\/\/shanabooks.de\/#website","url":"https:\/\/shanabooks.de\/","name":"www.shanbooks.de","description":"C\u00eehana Pirt\u00fbk\u00ean Kurd\u00ee \u0645\u0643\u062a\u0628\u0629 \u0634\u0627\u0646\u0627 \u0641\u064a \u0627\u0644\u0645\u0627\u0646\u064a\u0627 \u0648\u0623\u0648\u0631\u0628\u0627","publisher":{"@id":"https:\/\/shanabooks.de\/#organization"},"potentialAction":[{"@type":"SearchAction","target":{"@type":"EntryPoint","urlTemplate":"https:\/\/shanabooks.de\/?s={search_term_string}"},"query-input":{"@type":"PropertyValueSpecification","valueRequired":true,"valueName":"search_term_string"}}],"inLanguage":"kur"},{"@type":"Organization","@id":"https:\/\/shanabooks.de\/#organization","name":"www.shanbooks.de","url":"https:\/\/shanabooks.de\/","logo":{"@type":"ImageObject","inLanguage":"kur","@id":"https:\/\/shanabooks.de\/#\/schema\/logo\/image\/","url":"https:\/\/shanabooks.de\/wp-content\/uploads\/2024\/03\/SHANABOOKS__2_-removebg-preview.png","contentUrl":"https:\/\/shanabooks.de\/wp-content\/uploads\/2024\/03\/SHANABOOKS__2_-removebg-preview.png","width":700,"height":150,"caption":"www.shanbooks.de"},"image":{"@id":"https:\/\/shanabooks.de\/#\/schema\/logo\/image\/"}}]}},"jetpack_sharing_enabled":true,"_links":{"self":[{"href":"https:\/\/shanabooks.de\/kur\/wp-json\/wp\/v2\/product\/12706","targetHints":{"allow":["GET"]}}],"collection":[{"href":"https:\/\/shanabooks.de\/kur\/wp-json\/wp\/v2\/product"}],"about":[{"href":"https:\/\/shanabooks.de\/kur\/wp-json\/wp\/v2\/types\/product"}],"version-history":[{"count":3,"href":"https:\/\/shanabooks.de\/kur\/wp-json\/wp\/v2\/product\/12706\/revisions"}],"predecessor-version":[{"id":18580,"href":"https:\/\/shanabooks.de\/kur\/wp-json\/wp\/v2\/product\/12706\/revisions\/18580"}],"wp:featuredmedia":[{"embeddable":true,"href":"https:\/\/shanabooks.de\/kur\/wp-json\/wp\/v2\/media\/12744"}],"wp:attachment":[{"href":"https:\/\/shanabooks.de\/kur\/wp-json\/wp\/v2\/media?parent=12706"}],"wp:term":[{"taxonomy":"product_brand","embeddable":true,"href":"https:\/\/shanabooks.de\/kur\/wp-json\/wp\/v2\/product_brand?post=12706"},{"taxonomy":"product_cat","embeddable":true,"href":"https:\/\/shanabooks.de\/kur\/wp-json\/wp\/v2\/product_cat?post=12706"},{"taxonomy":"product_tag","embeddable":true,"href":"https:\/\/shanabooks.de\/kur\/wp-json\/wp\/v2\/product_tag?post=12706"}],"curies":[{"name":"wp","href":"https:\/\/api.w.org\/{rel}","templated":true}]}}