{"id":12707,"date":"2024-03-03T19:45:57","date_gmt":"2024-03-03T19:45:57","guid":{"rendered":"https:\/\/shanabooks.de\/?post_type=product&#038;p=12707"},"modified":"2024-03-14T23:22:04","modified_gmt":"2024-03-14T23:22:04","slug":"lirika-ferike-usif","status":"publish","type":"product","link":"https:\/\/shanabooks.de\/kur\/product\/lirika-ferike-usif\/","title":{"rendered":"L\u00eer\u00eeka"},"content":{"rendered":"<p dir=\"ltr\"><strong>L\u00eer\u00eeka &#8211; F\u00ea<\/strong><strong>r\u00eek\u00ea \u00dbsif<\/strong><\/p>\n<p dir=\"ltr\">Wek\u00ee ku ji nav\u00ea xwe j\u00ee d\u00eeyar e; F\u00ear\u00eek, di v\u00ea d\u00eewan\u00ea de bi dengek\u00ee zelal \u00fb kubar, bi zimanek\u00ee herikbar \u00fb ji kan\u00eeya toreya Kurd\u00ee derb\u00fby\u00ee \u00fb bi hest \u00fb h\u00ees\u00ean dildarek\u00ee \u015fi\u2019r\u00ean xwe l\u00ea dike. Em di wan de kubar\u00ee \u00fb hen\u00fbn\u00eeya dengb\u00eaj\u00eeya Kurmanc\u00eey\u00ea \u00fb ahenga xweza \u00fb cimaet\u00ea dib\u00eenin. L\u00eer\u00eeka ya F\u00ear\u00eek\u00ea \u00dbsif, hez \u00fb huba \u015fairek\u00ee ku kare \u00e7end\u00ee bilind be \u00fb \u00e7awa kare li ser nirx \u00fb putey\u00ean her\u00eamb\u00fbn\u00ea \u015fax vede \u00fb ji wir xwe ragih\u00eene zeryaya c\u00eehan\u00ee a ruh \u00fb g\u00eeyan\u00ea mirov\u00een \u015fan\u00ee me dide. Bi kurtay\u00ee \u015fi\u2019ra F\u00ear\u00eek, teraz\u00fbyeke bi aheng e ku di navbera dil \u00fb hi\u015f de di\u00e7e \u00fb t\u00ea:<\/p>\n<p dir=\"ltr\">W\u00ea got: Ger min pir hiz dik\u00ee,<\/p>\n<p dir=\"ltr\">Sur-s\u00eara me beyan neke\u2026<\/p>\n<p dir=\"ltr\">Ger min kel \u00fb gur hiz dik\u00ee,<\/p>\n<p dir=\"ltr\">Muhbeta me eyan neke\u2026<\/p>\n<p dir=\"ltr\">Min go: Sebram, can \u00fb ceger,<\/p>\n<p dir=\"ltr\">\u00c7awa bikim sur ne\u00e7e der?. . .<\/p>\n<p dir=\"ltr\">Axir muhbet agir e ger,<\/p>\n<p dir=\"ltr\">Sura \u00eagir d\u00fb dide der\u2026<\/p>\n<p dir=\"ltr\"><em><strong>\u00a0<\/strong><\/em><\/p>\n","protected":false},"excerpt":{"rendered":"<p dir=\"ltr\" style=\"text-align: center\"><strong>Niv\u00eesakr: Fer\u00eek\u00ea \u00dbsif<br \/>\nPirt\u00fbk: L\u00eer\u00eeka<br \/>\ncure: Helbest<br \/>\n<\/strong><\/p>\n","protected":false},"featured_media":12763,"template":"","meta":{"site-sidebar-layout":"default","site-content-layout":"","ast-site-content-layout":"default","site-content-style":"default","site-sidebar-style":"default","ast-global-header-display":"","ast-banner-title-visibility":"","ast-main-header-display":"","ast-hfb-above-header-display":"","ast-hfb-below-header-display":"","ast-hfb-mobile-header-display":"","site-post-title":"","ast-breadcrumbs-content":"","ast-featured-img":"","footer-sml-layout":"","ast-disable-related-posts":"","theme-transparent-header-meta":"default","adv-header-id-meta":"","stick-header-meta":"","header-above-stick-meta":"","header-main-stick-meta":"","header-below-stick-meta":"","astra-migrate-meta-layouts":"set","ast-page-background-enabled":"default","ast-page-background-meta":{"desktop":{"background-color":"","background-image":"","background-repeat":"repeat","background-position":"center center","background-size":"auto","background-attachment":"scroll","background-type":"","background-media":"","overlay-type":"","overlay-color":"","overlay-opacity":"","overlay-gradient":""},"tablet":{"background-color":"","background-image":"","background-repeat":"repeat","background-position":"center center","background-size":"auto","background-attachment":"scroll","background-type":"","background-media":"","overlay-type":"","overlay-color":"","overlay-opacity":"","overlay-gradient":""},"mobile":{"background-color":"","background-image":"","background-repeat":"repeat","background-position":"center center","background-size":"auto","background-attachment":"scroll","background-type":"","background-media":"","overlay-type":"","overlay-color":"","overlay-opacity":"","overlay-gradient":""}},"ast-content-background-meta":{"desktop":{"background-color":"var(--ast-global-color-5)","background-image":"","background-repeat":"repeat","background-position":"center center","background-size":"auto","background-attachment":"scroll","background-type":"","background-media":"","overlay-type":"","overlay-color":"","overlay-opacity":"","overlay-gradient":""},"tablet":{"background-color":"var(--ast-global-color-5)","background-image":"","background-repeat":"repeat","background-position":"center center","background-size":"auto","background-attachment":"scroll","background-type":"","background-media":"","overlay-type":"","overlay-color":"","overlay-opacity":"","overlay-gradient":""},"mobile":{"background-color":"var(--ast-global-color-5)","background-image":"","background-repeat":"repeat","background-position":"center center","background-size":"auto","background-attachment":"scroll","background-type":"","background-media":"","overlay-type":"","overlay-color":"","overlay-opacity":"","overlay-gradient":""}}},"product_brand":[],"product_cat":[184,193],"product_tag":[],"class_list":{"0":"post-12707","1":"product","2":"type-product","3":"status-publish","4":"has-post-thumbnail","6":"product_cat-_","7":"product_cat--_","8":"pa_-helbest","9":"pa_-ferike-usiv","10":"pa_-kurmanci","11":"pa_--lis-yayinevi","12":"desktop-align-left","13":"tablet-align-left","14":"mobile-align-left","16":"first","17":"instock","18":"shipping-taxable","19":"purchasable","20":"product-type-simple"},"yoast_head":"<!-- This site is optimized with the Yoast SEO plugin v27.4 - https:\/\/yoast.com\/product\/yoast-seo-wordpress\/ -->\n<title>L\u00eer\u00eeka - F\u00ear\u00eek\u00ea \u00dbsif - www.shanabooks.de<\/title>\n<meta name=\"description\" content=\"L\u00eer\u00eeka - F\u00ear\u00eek\u00ea \u00dbsif Wek\u00ee ku ji nav\u00ea xwe j\u00ee d\u00eeyar e; F\u00ear\u00eek, di v\u00ea d\u00eewan\u00ea de bi dengek\u00ee zelal \u00fb kubar, bi zimanek\u00ee herikbar \u00fb ji kan\u00eeya toreya Kurd\u00ee derb\u00fb...\" \/>\n<meta name=\"robots\" content=\"index, follow, max-snippet:-1, max-image-preview:large, max-video-preview:-1\" \/>\n<link rel=\"canonical\" href=\"https:\/\/shanabooks.de\/product\/lirika-ferike-usif\/\" \/>\n<meta property=\"og:locale\" content=\"en_US\" \/>\n<meta property=\"og:type\" content=\"article\" \/>\n<meta property=\"og:title\" content=\"L\u00eer\u00eeka - F\u00ear\u00eek\u00ea \u00dbsif - www.shanabooks.de\" \/>\n<meta property=\"og:description\" content=\"L\u00eer\u00eeka - F\u00ear\u00eek\u00ea \u00dbsif Wek\u00ee ku ji nav\u00ea xwe j\u00ee d\u00eeyar e; F\u00ear\u00eek, di v\u00ea d\u00eewan\u00ea de bi dengek\u00ee zelal \u00fb kubar, bi zimanek\u00ee herikbar \u00fb ji kan\u00eeya toreya Kurd\u00ee derb\u00fb...\" \/>\n<meta property=\"og:url\" content=\"https:\/\/shanabooks.de\/product\/lirika-ferike-usif\/\" \/>\n<meta property=\"og:site_name\" content=\"www.shanabooks.de\" \/>\n<meta property=\"article:modified_time\" content=\"2024-03-14T23:22:04+00:00\" \/>\n<meta property=\"og:image\" content=\"https:\/\/shanabooks.de\/wp-content\/uploads\/2024\/03\/Lirika.png\" \/>\n\t<meta property=\"og:image:width\" content=\"258\" \/>\n\t<meta property=\"og:image:height\" content=\"466\" \/>\n\t<meta property=\"og:image:type\" content=\"image\/png\" \/>\n<meta name=\"twitter:card\" content=\"summary_large_image\" \/>\n<meta name=\"twitter:label1\" content=\"Est. reading time\" \/>\n\t<meta name=\"twitter:data1\" content=\"2 minutes\" \/>\n<script type=\"application\/ld+json\" class=\"yoast-schema-graph\">{\"@context\":\"https:\\\/\\\/schema.org\",\"@graph\":[{\"@type\":\"WebPage\",\"@id\":\"https:\\\/\\\/shanabooks.de\\\/product\\\/lirika-ferike-usif\\\/\",\"url\":\"https:\\\/\\\/shanabooks.de\\\/product\\\/lirika-ferike-usif\\\/\",\"name\":\"L\u00eer\u00eeka - F\u00ear\u00eek\u00ea \u00dbsif - www.shanabooks.de\",\"isPartOf\":{\"@id\":\"https:\\\/\\\/shanabooks.de\\\/#website\"},\"primaryImageOfPage\":{\"@id\":\"https:\\\/\\\/shanabooks.de\\\/product\\\/lirika-ferike-usif\\\/#primaryimage\"},\"image\":{\"@id\":\"https:\\\/\\\/shanabooks.de\\\/product\\\/lirika-ferike-usif\\\/#primaryimage\"},\"thumbnailUrl\":\"https:\\\/\\\/shanabooks.de\\\/wp-content\\\/uploads\\\/2024\\\/03\\\/Lirika.png\",\"datePublished\":\"2024-03-03T19:45:57+00:00\",\"dateModified\":\"2024-03-14T23:22:04+00:00\",\"description\":\"L\u00eer\u00eeka - F\u00ear\u00eek\u00ea \u00dbsif Wek\u00ee ku ji nav\u00ea xwe j\u00ee d\u00eeyar e; F\u00ear\u00eek, di v\u00ea d\u00eewan\u00ea de bi dengek\u00ee zelal \u00fb kubar, bi zimanek\u00ee herikbar \u00fb ji kan\u00eeya toreya Kurd\u00ee derb\u00fb...\",\"breadcrumb\":{\"@id\":\"https:\\\/\\\/shanabooks.de\\\/product\\\/lirika-ferike-usif\\\/#breadcrumb\"},\"inLanguage\":\"kur\",\"potentialAction\":[{\"@type\":\"ReadAction\",\"target\":[\"https:\\\/\\\/shanabooks.de\\\/product\\\/lirika-ferike-usif\\\/\"]}]},{\"@type\":\"ImageObject\",\"inLanguage\":\"kur\",\"@id\":\"https:\\\/\\\/shanabooks.de\\\/product\\\/lirika-ferike-usif\\\/#primaryimage\",\"url\":\"https:\\\/\\\/shanabooks.de\\\/wp-content\\\/uploads\\\/2024\\\/03\\\/Lirika.png\",\"contentUrl\":\"https:\\\/\\\/shanabooks.de\\\/wp-content\\\/uploads\\\/2024\\\/03\\\/Lirika.png\",\"width\":258,\"height\":466,\"caption\":\"L\u00eer\u00eeka - Fer\u00eek\u00ea \u00dbsif - pirt\u00fbk\u00ean kurd\u00ee\"},{\"@type\":\"BreadcrumbList\",\"@id\":\"https:\\\/\\\/shanabooks.de\\\/product\\\/lirika-ferike-usif\\\/#breadcrumb\",\"itemListElement\":[{\"@type\":\"ListItem\",\"position\":1,\"name\":\"\u0627\u0644\u0631\u0626\u064a\u0633\u064a\u0629\",\"item\":\"https:\\\/\\\/shanabooks.de\\\/kur\\\/\"},{\"@type\":\"ListItem\",\"position\":2,\"name\":\"\u0627\u0644\u0645\u0646\u062a\u062c\u0627\u062a\",\"item\":\"https:\\\/\\\/shanabooks.de\\\/shop\\\/\"},{\"@type\":\"ListItem\",\"position\":3,\"name\":\"L\u00eer\u00eeka\"}]},{\"@type\":\"WebSite\",\"@id\":\"https:\\\/\\\/shanabooks.de\\\/#website\",\"url\":\"https:\\\/\\\/shanabooks.de\\\/\",\"name\":\"www.shanbooks.de\",\"description\":\"C\u00eehana Pirt\u00fbk\u00ean Kurd\u00ee \u0645\u0643\u062a\u0628\u0629 \u0634\u0627\u0646\u0627 \u0641\u064a \u0627\u0644\u0645\u0627\u0646\u064a\u0627 \u0648\u0623\u0648\u0631\u0628\u0627\",\"publisher\":{\"@id\":\"https:\\\/\\\/shanabooks.de\\\/#organization\"},\"potentialAction\":[{\"@type\":\"SearchAction\",\"target\":{\"@type\":\"EntryPoint\",\"urlTemplate\":\"https:\\\/\\\/shanabooks.de\\\/?s={search_term_string}\"},\"query-input\":{\"@type\":\"PropertyValueSpecification\",\"valueRequired\":true,\"valueName\":\"search_term_string\"}}],\"inLanguage\":\"kur\"},{\"@type\":\"Organization\",\"@id\":\"https:\\\/\\\/shanabooks.de\\\/#organization\",\"name\":\"www.shanbooks.de\",\"url\":\"https:\\\/\\\/shanabooks.de\\\/\",\"logo\":{\"@type\":\"ImageObject\",\"inLanguage\":\"kur\",\"@id\":\"https:\\\/\\\/shanabooks.de\\\/#\\\/schema\\\/logo\\\/image\\\/\",\"url\":\"https:\\\/\\\/shanabooks.de\\\/wp-content\\\/uploads\\\/2024\\\/03\\\/SHANABOOKS__2_-removebg-preview.png\",\"contentUrl\":\"https:\\\/\\\/shanabooks.de\\\/wp-content\\\/uploads\\\/2024\\\/03\\\/SHANABOOKS__2_-removebg-preview.png\",\"width\":700,\"height\":150,\"caption\":\"www.shanbooks.de\"},\"image\":{\"@id\":\"https:\\\/\\\/shanabooks.de\\\/#\\\/schema\\\/logo\\\/image\\\/\"}}]}<\/script>\n<!-- \/ Yoast SEO plugin. -->","yoast_head_json":{"title":"L\u00eer\u00eeka - F\u00ear\u00eek\u00ea \u00dbsif - www.shanabooks.de","description":"L\u00eer\u00eeka - F\u00ear\u00eek\u00ea \u00dbsif Wek\u00ee ku ji nav\u00ea xwe j\u00ee d\u00eeyar e; F\u00ear\u00eek, di v\u00ea d\u00eewan\u00ea de bi dengek\u00ee zelal \u00fb kubar, bi zimanek\u00ee herikbar \u00fb ji kan\u00eeya toreya Kurd\u00ee derb\u00fb...","robots":{"index":"index","follow":"follow","max-snippet":"max-snippet:-1","max-image-preview":"max-image-preview:large","max-video-preview":"max-video-preview:-1"},"canonical":"https:\/\/shanabooks.de\/product\/lirika-ferike-usif\/","og_locale":"en_US","og_type":"article","og_title":"L\u00eer\u00eeka - F\u00ear\u00eek\u00ea \u00dbsif - www.shanabooks.de","og_description":"L\u00eer\u00eeka - F\u00ear\u00eek\u00ea \u00dbsif Wek\u00ee ku ji nav\u00ea xwe j\u00ee d\u00eeyar e; F\u00ear\u00eek, di v\u00ea d\u00eewan\u00ea de bi dengek\u00ee zelal \u00fb kubar, bi zimanek\u00ee herikbar \u00fb ji kan\u00eeya toreya Kurd\u00ee derb\u00fb...","og_url":"https:\/\/shanabooks.de\/product\/lirika-ferike-usif\/","og_site_name":"www.shanabooks.de","article_modified_time":"2024-03-14T23:22:04+00:00","og_image":[{"width":258,"height":466,"url":"https:\/\/shanabooks.de\/wp-content\/uploads\/2024\/03\/Lirika.png","type":"image\/png"}],"twitter_card":"summary_large_image","twitter_misc":{"Est. reading time":"2 minutes"},"schema":{"@context":"https:\/\/schema.org","@graph":[{"@type":"WebPage","@id":"https:\/\/shanabooks.de\/product\/lirika-ferike-usif\/","url":"https:\/\/shanabooks.de\/product\/lirika-ferike-usif\/","name":"L\u00eer\u00eeka - F\u00ear\u00eek\u00ea \u00dbsif - www.shanabooks.de","isPartOf":{"@id":"https:\/\/shanabooks.de\/#website"},"primaryImageOfPage":{"@id":"https:\/\/shanabooks.de\/product\/lirika-ferike-usif\/#primaryimage"},"image":{"@id":"https:\/\/shanabooks.de\/product\/lirika-ferike-usif\/#primaryimage"},"thumbnailUrl":"https:\/\/shanabooks.de\/wp-content\/uploads\/2024\/03\/Lirika.png","datePublished":"2024-03-03T19:45:57+00:00","dateModified":"2024-03-14T23:22:04+00:00","description":"L\u00eer\u00eeka - F\u00ear\u00eek\u00ea \u00dbsif Wek\u00ee ku ji nav\u00ea xwe j\u00ee d\u00eeyar e; F\u00ear\u00eek, di v\u00ea d\u00eewan\u00ea de bi dengek\u00ee zelal \u00fb kubar, bi zimanek\u00ee herikbar \u00fb ji kan\u00eeya toreya Kurd\u00ee derb\u00fb...","breadcrumb":{"@id":"https:\/\/shanabooks.de\/product\/lirika-ferike-usif\/#breadcrumb"},"inLanguage":"kur","potentialAction":[{"@type":"ReadAction","target":["https:\/\/shanabooks.de\/product\/lirika-ferike-usif\/"]}]},{"@type":"ImageObject","inLanguage":"kur","@id":"https:\/\/shanabooks.de\/product\/lirika-ferike-usif\/#primaryimage","url":"https:\/\/shanabooks.de\/wp-content\/uploads\/2024\/03\/Lirika.png","contentUrl":"https:\/\/shanabooks.de\/wp-content\/uploads\/2024\/03\/Lirika.png","width":258,"height":466,"caption":"L\u00eer\u00eeka - Fer\u00eek\u00ea \u00dbsif - pirt\u00fbk\u00ean kurd\u00ee"},{"@type":"BreadcrumbList","@id":"https:\/\/shanabooks.de\/product\/lirika-ferike-usif\/#breadcrumb","itemListElement":[{"@type":"ListItem","position":1,"name":"\u0627\u0644\u0631\u0626\u064a\u0633\u064a\u0629","item":"https:\/\/shanabooks.de\/kur\/"},{"@type":"ListItem","position":2,"name":"\u0627\u0644\u0645\u0646\u062a\u062c\u0627\u062a","item":"https:\/\/shanabooks.de\/shop\/"},{"@type":"ListItem","position":3,"name":"L\u00eer\u00eeka"}]},{"@type":"WebSite","@id":"https:\/\/shanabooks.de\/#website","url":"https:\/\/shanabooks.de\/","name":"www.shanbooks.de","description":"C\u00eehana Pirt\u00fbk\u00ean Kurd\u00ee \u0645\u0643\u062a\u0628\u0629 \u0634\u0627\u0646\u0627 \u0641\u064a \u0627\u0644\u0645\u0627\u0646\u064a\u0627 \u0648\u0623\u0648\u0631\u0628\u0627","publisher":{"@id":"https:\/\/shanabooks.de\/#organization"},"potentialAction":[{"@type":"SearchAction","target":{"@type":"EntryPoint","urlTemplate":"https:\/\/shanabooks.de\/?s={search_term_string}"},"query-input":{"@type":"PropertyValueSpecification","valueRequired":true,"valueName":"search_term_string"}}],"inLanguage":"kur"},{"@type":"Organization","@id":"https:\/\/shanabooks.de\/#organization","name":"www.shanbooks.de","url":"https:\/\/shanabooks.de\/","logo":{"@type":"ImageObject","inLanguage":"kur","@id":"https:\/\/shanabooks.de\/#\/schema\/logo\/image\/","url":"https:\/\/shanabooks.de\/wp-content\/uploads\/2024\/03\/SHANABOOKS__2_-removebg-preview.png","contentUrl":"https:\/\/shanabooks.de\/wp-content\/uploads\/2024\/03\/SHANABOOKS__2_-removebg-preview.png","width":700,"height":150,"caption":"www.shanbooks.de"},"image":{"@id":"https:\/\/shanabooks.de\/#\/schema\/logo\/image\/"}}]}},"jetpack_sharing_enabled":true,"_links":{"self":[{"href":"https:\/\/shanabooks.de\/kur\/wp-json\/wp\/v2\/product\/12707","targetHints":{"allow":["GET"]}}],"collection":[{"href":"https:\/\/shanabooks.de\/kur\/wp-json\/wp\/v2\/product"}],"about":[{"href":"https:\/\/shanabooks.de\/kur\/wp-json\/wp\/v2\/types\/product"}],"version-history":[{"count":3,"href":"https:\/\/shanabooks.de\/kur\/wp-json\/wp\/v2\/product\/12707\/revisions"}],"predecessor-version":[{"id":18568,"href":"https:\/\/shanabooks.de\/kur\/wp-json\/wp\/v2\/product\/12707\/revisions\/18568"}],"wp:featuredmedia":[{"embeddable":true,"href":"https:\/\/shanabooks.de\/kur\/wp-json\/wp\/v2\/media\/12763"}],"wp:attachment":[{"href":"https:\/\/shanabooks.de\/kur\/wp-json\/wp\/v2\/media?parent=12707"}],"wp:term":[{"taxonomy":"product_brand","embeddable":true,"href":"https:\/\/shanabooks.de\/kur\/wp-json\/wp\/v2\/product_brand?post=12707"},{"taxonomy":"product_cat","embeddable":true,"href":"https:\/\/shanabooks.de\/kur\/wp-json\/wp\/v2\/product_cat?post=12707"},{"taxonomy":"product_tag","embeddable":true,"href":"https:\/\/shanabooks.de\/kur\/wp-json\/wp\/v2\/product_tag?post=12707"}],"curies":[{"name":"wp","href":"https:\/\/api.w.org\/{rel}","templated":true}]}}