{"id":12760,"date":"2024-03-03T19:46:20","date_gmt":"2024-03-03T19:46:20","guid":{"rendered":"https:\/\/shanabooks.de\/?post_type=product&#038;p=12760"},"modified":"2025-12-30T23:00:03","modified_gmt":"2025-12-30T23:00:03","slug":"keleha-spi-orhan-pamuk","status":"publish","type":"product","link":"https:\/\/shanabooks.de\/kur\/product\/keleha-spi-orhan-pamuk\/","title":{"rendered":"Keleha Sp\u00ee"},"content":{"rendered":"<p dir=\"ltr\"><strong>Keleha Sp\u00ee &#8211; Orhan Pamuk<\/strong><em><strong><br \/>\n<\/strong><\/em><\/p>\n<p dir=\"ltr\"><em>Keleha Sp\u00ee<\/em>\u00a0yek ji roman\u00ean Pamuk e, \u00ean ku bo gelek zimanan hatiye wergerandin. Pamuk bi niv\u00eeskar\u00eeya xwe ya ge\u015f di romana xwe de bi saya du kes\u00ean di s\u00ear\u00ee de bi erdn\u00eegar\u00eey\u00ee, bi \u00e7and\u00ee, bi ziman\u00ee, bi kurtas\u00ee bi her away\u00ee bereks\u00ea hev, xw\u00eeneran diki\u015f\u00eene nava dalan\u00ean serdema Osman\u00eeyan, hi\u015f\u00ea Rojhilat \u00fb Rojava. Di sedsala 17. de yek\u00ee Vened\u00eek\u00ee ji al\u00eey\u00ea kele\u015f\u00ean deryay\u00ea y\u00ean Tirk ve d\u00eel t\u00ea girtin, w\u00ee digirin t\u00eenin Stenbola paytext. Di v\u00ea serdem\u00ea de welat\u00ea Osman\u00eeyan di war\u00ean zanist\u00ea \u00fb meden\u00ee de nisbet bi welat\u00ean Rojava di p\u00ea\u015f de n\u00eene, l\u00ea d\u00eesa j\u00ee kesin hene, ku bala wan li ge\u015fedanan e, an j\u00ee hewl didin h\u00een\u00ee ti\u015ftine n\u00fb bibin. D\u00eel\u00ea Vened\u00eek\u00ee li Stenbol\u00ea wek\u00ee kole difiro\u015fine seydayek\u00ee bi v\u00ee reng\u00ee mereqdar \u00ea ku ji civata Seraya Osman\u00ee ye. Di nava p\u00eal\u00ean bedew \u00ean roman\u00ea re xw\u00eener h\u00ead\u00ee h\u00ead\u00ee dib\u00eene ku y\u00ea kole \u00fb ev seyday\u00ea ku xwed\u00eey\u00ea w\u00ee ye gelek\u00ee di\u015fibin hev. \u00cad\u00ee heta daw\u00eeya roman\u00ea ev her du kes li xan\u00eeyek\u00ee li raser\u00ea Xel\u00eec\u00ea bi her away\u00ee hev \u00fb du ka\u015f \u00fb berka\u015f dikin da ku hev \u00fb du nas bikin, ji hev f\u00eam bikin. Dembih\u00eark\u00ean her duyan xwe disp\u00earin \u00e7\u00eerok \u00fb serbihur\u00eey\u00ean wan \u00fb heta daw\u00eeya roman\u00ea berdewam dibin. Heta ku Pamuk bi bergeheke bi l\u00eer\u00eezmeke k\u00fbr h\u00fbnay\u00ee roman\u00ea kuta dike \u00fb ji s\u00ear\u00ee heta daw\u00eey\u00ea, di nav re xw\u00eeneran bi hevdij\u00eeya hevaheng a du ber \u00fb mil\u00ean c\u00eehan\u00ea bi hostat\u00eeyeke bilind dide hesandin, v\u00ea pirs\u00ea dide pirskirin: \u201cEz bo \u00e7i ez im?\u201d<\/p>\n<p dir=\"ltr\">Tev\u00ee kutay\u00eeyeke bi v\u00ee reng\u00ee ya ku k\u00eal\u00eeyeke\u00a0<em>Keleha Sp\u00ee<\/em>\u00a0dike hem\u00fb dema roman\u00ea bi xwe \u00fb r\u00eaya xw\u00eeneran dibe ser w\u00eajeya berra:<\/p>\n<p dir=\"ltr\"><em>\u201cDi hundir\u00ea s\u00ean\u00eeya sedefkir\u00ee ya li ser maseyek\u00ea de xox \u00fb g\u00ealaz heb\u00fbn, sedreke zil\u00fbk heb\u00fb li pi\u015ft masey\u00ea, balgeh\u00ean per\u00eek\u00ee y\u00ean di reng\u00ea \u00e7ar\u00e7oveya kesk a pencerey\u00ea de li ser dan\u00eeb\u00fbn; ez, ku emir\u00ea min gihab\u00fb heft\u00eay\u00ee, li w\u00ea der\u00ea r\u00fbni\u015ft\u00ee b\u00fbm; h\u00een ji pa\u2019re b\u00eereke ku \u00e7iv\u00eekek\u00ea xwe dan\u00eeb\u00fb kev\u00eeya w\u00ea \u00fb dar\u00ean zeyt\u00fbn \u00fb g\u00ealazan dar\u00ee \u00e7av\u00ean w\u00ee dib\u00fbn. H\u00ealekaneke ku bi qetik\u00ean dir\u00eaj bi \u015faxek\u00ee bilind \u00ea dara g\u00fbzan a li navbera wan ve hatib\u00fb gir\u00eadan, li ber bayek\u00ee hema ew qeder heb\u00fb, h\u00ead\u00ee h\u00ead\u00ee diliv\u00eeya.\u201d<\/em><\/p>\n<p dir=\"ltr\">We\u015fanxaneya L\u00ees\u00ea\u00a0<em>Keleha Sp\u00ee<\/em>\u00a0ya Orhan Pamuk bi wergera Ciwanmerd Kulek bi \u015fanaz\u00ee p\u00ea\u015fk\u00ea\u015f\u00ee xw\u00eener\u00ean Kurd dike, \u00ean ku hez dikin roman\u00ean gewre y\u00ean c\u00eehan\u00ea bi Kurd\u00ee bixw\u00eenin.<\/p>\n<p dir=\"ltr\">Ji Tirk\u00ee: Ciwanmerd Kulek<\/p>\n","protected":false},"excerpt":{"rendered":"<p dir=\"ltr\" style=\"text-align: center\"><strong>Niv\u00eeskar: Orhan Pamuk<br \/>\nPirt\u00fbk: Keleha Sp\u00ee<br \/>\nCure: Roman<\/strong><\/p>\n","protected":false},"featured_media":12826,"template":"","meta":{"site-sidebar-layout":"default","site-content-layout":"","ast-site-content-layout":"default","site-content-style":"default","site-sidebar-style":"default","ast-global-header-display":"","ast-banner-title-visibility":"","ast-main-header-display":"","ast-hfb-above-header-display":"","ast-hfb-below-header-display":"","ast-hfb-mobile-header-display":"","site-post-title":"","ast-breadcrumbs-content":"","ast-featured-img":"","footer-sml-layout":"","ast-disable-related-posts":"","theme-transparent-header-meta":"default","adv-header-id-meta":"","stick-header-meta":"","header-above-stick-meta":"","header-main-stick-meta":"","header-below-stick-meta":"","astra-migrate-meta-layouts":"set","ast-page-background-enabled":"default","ast-page-background-meta":{"desktop":{"background-color":"","background-image":"","background-repeat":"repeat","background-position":"center center","background-size":"auto","background-attachment":"scroll","background-type":"","background-media":"","overlay-type":"","overlay-color":"","overlay-opacity":"","overlay-gradient":""},"tablet":{"background-color":"","background-image":"","background-repeat":"repeat","background-position":"center center","background-size":"auto","background-attachment":"scroll","background-type":"","background-media":"","overlay-type":"","overlay-color":"","overlay-opacity":"","overlay-gradient":""},"mobile":{"background-color":"","background-image":"","background-repeat":"repeat","background-position":"center center","background-size":"auto","background-attachment":"scroll","background-type":"","background-media":"","overlay-type":"","overlay-color":"","overlay-opacity":"","overlay-gradient":""}},"ast-content-background-meta":{"desktop":{"background-color":"var(--ast-global-color-5)","background-image":"","background-repeat":"repeat","background-position":"center center","background-size":"auto","background-attachment":"scroll","background-type":"","background-media":"","overlay-type":"","overlay-color":"","overlay-opacity":"","overlay-gradient":""},"tablet":{"background-color":"var(--ast-global-color-5)","background-image":"","background-repeat":"repeat","background-position":"center center","background-size":"auto","background-attachment":"scroll","background-type":"","background-media":"","overlay-type":"","overlay-color":"","overlay-opacity":"","overlay-gradient":""},"mobile":{"background-color":"var(--ast-global-color-5)","background-image":"","background-repeat":"repeat","background-position":"center center","background-size":"auto","background-attachment":"scroll","background-type":"","background-media":"","overlay-type":"","overlay-color":"","overlay-opacity":"","overlay-gradient":""}}},"product_brand":[],"product_cat":[182,193],"product_tag":[],"class_list":{"0":"post-12760","1":"product","2":"type-product","3":"status-publish","4":"has-post-thumbnail","6":"product_cat-_","7":"product_cat--_","8":"pa_-roman","9":"pa_-orhan-pamuk","10":"pa_-kurmanci","11":"pa_--lis-yayinevi","12":"desktop-align-left","13":"tablet-align-left","14":"mobile-align-left","16":"first","17":"instock","18":"shipping-taxable","19":"purchasable","20":"product-type-simple"},"yoast_head":"<!-- This site is optimized with the Yoast SEO plugin v27.4 - https:\/\/yoast.com\/product\/yoast-seo-wordpress\/ -->\n<title>Keleha Sp\u00ee - Orhan Pamuk - www.shanabooks.de<\/title>\n<meta name=\"description\" content=\"Keleha Sp\u00ee - Orhan Pamuk Keleha Sp\u00ee\u00a0yek ji roman\u00ean Pamuk e, \u00ean ku bo gelek zimanan hatiye wergerandin. Pamuk bi niv\u00eeskar\u00eeya xwe ya ge\u015f di romana xwe de ...\" \/>\n<meta name=\"robots\" content=\"index, follow, max-snippet:-1, max-image-preview:large, max-video-preview:-1\" \/>\n<link rel=\"canonical\" href=\"https:\/\/shanabooks.de\/product\/keleha-spi-orhan-pamuk\/\" \/>\n<meta property=\"og:locale\" content=\"en_US\" \/>\n<meta property=\"og:type\" content=\"article\" \/>\n<meta property=\"og:title\" content=\"Keleha Sp\u00ee - Orhan Pamuk - www.shanabooks.de\" \/>\n<meta property=\"og:description\" content=\"Keleha Sp\u00ee - Orhan Pamuk Keleha Sp\u00ee\u00a0yek ji roman\u00ean Pamuk e, \u00ean ku bo gelek zimanan hatiye wergerandin. Pamuk bi niv\u00eeskar\u00eeya xwe ya ge\u015f di romana xwe de ...\" \/>\n<meta property=\"og:url\" content=\"https:\/\/shanabooks.de\/product\/keleha-spi-orhan-pamuk\/\" \/>\n<meta property=\"og:site_name\" content=\"www.shanabooks.de\" \/>\n<meta property=\"article:modified_time\" content=\"2025-12-30T23:00:03+00:00\" \/>\n<meta property=\"og:image\" content=\"https:\/\/shanabooks.de\/wp-content\/uploads\/2024\/03\/Keleha-spi.png\" \/>\n\t<meta property=\"og:image:width\" content=\"292\" \/>\n\t<meta property=\"og:image:height\" content=\"472\" \/>\n\t<meta property=\"og:image:type\" content=\"image\/png\" \/>\n<meta name=\"twitter:card\" content=\"summary_large_image\" \/>\n<meta name=\"twitter:label1\" content=\"Est. reading time\" \/>\n\t<meta name=\"twitter:data1\" content=\"4 minutes\" \/>\n<script type=\"application\/ld+json\" class=\"yoast-schema-graph\">{\"@context\":\"https:\\\/\\\/schema.org\",\"@graph\":[{\"@type\":\"WebPage\",\"@id\":\"https:\\\/\\\/shanabooks.de\\\/product\\\/keleha-spi-orhan-pamuk\\\/\",\"url\":\"https:\\\/\\\/shanabooks.de\\\/product\\\/keleha-spi-orhan-pamuk\\\/\",\"name\":\"Keleha Sp\u00ee - Orhan Pamuk - www.shanabooks.de\",\"isPartOf\":{\"@id\":\"https:\\\/\\\/shanabooks.de\\\/#website\"},\"primaryImageOfPage\":{\"@id\":\"https:\\\/\\\/shanabooks.de\\\/product\\\/keleha-spi-orhan-pamuk\\\/#primaryimage\"},\"image\":{\"@id\":\"https:\\\/\\\/shanabooks.de\\\/product\\\/keleha-spi-orhan-pamuk\\\/#primaryimage\"},\"thumbnailUrl\":\"https:\\\/\\\/shanabooks.de\\\/wp-content\\\/uploads\\\/2024\\\/03\\\/Keleha-spi.png\",\"datePublished\":\"2024-03-03T19:46:20+00:00\",\"dateModified\":\"2025-12-30T23:00:03+00:00\",\"description\":\"Keleha Sp\u00ee - Orhan Pamuk Keleha Sp\u00ee\u00a0yek ji roman\u00ean Pamuk e, \u00ean ku bo gelek zimanan hatiye wergerandin. Pamuk bi niv\u00eeskar\u00eeya xwe ya ge\u015f di romana xwe de ...\",\"breadcrumb\":{\"@id\":\"https:\\\/\\\/shanabooks.de\\\/product\\\/keleha-spi-orhan-pamuk\\\/#breadcrumb\"},\"inLanguage\":\"kur\",\"potentialAction\":[{\"@type\":\"ReadAction\",\"target\":[\"https:\\\/\\\/shanabooks.de\\\/product\\\/keleha-spi-orhan-pamuk\\\/\"]}]},{\"@type\":\"ImageObject\",\"inLanguage\":\"kur\",\"@id\":\"https:\\\/\\\/shanabooks.de\\\/product\\\/keleha-spi-orhan-pamuk\\\/#primaryimage\",\"url\":\"https:\\\/\\\/shanabooks.de\\\/wp-content\\\/uploads\\\/2024\\\/03\\\/Keleha-spi.png\",\"contentUrl\":\"https:\\\/\\\/shanabooks.de\\\/wp-content\\\/uploads\\\/2024\\\/03\\\/Keleha-spi.png\",\"width\":292,\"height\":472,\"caption\":\"Keleha Sp\u00ee - Orhan Pamuk - pirt\u00fbk\u00ean kurd\u00ee\"},{\"@type\":\"BreadcrumbList\",\"@id\":\"https:\\\/\\\/shanabooks.de\\\/product\\\/keleha-spi-orhan-pamuk\\\/#breadcrumb\",\"itemListElement\":[{\"@type\":\"ListItem\",\"position\":1,\"name\":\"\u0627\u0644\u0631\u0626\u064a\u0633\u064a\u0629\",\"item\":\"https:\\\/\\\/shanabooks.de\\\/kur\\\/\"},{\"@type\":\"ListItem\",\"position\":2,\"name\":\"\u0627\u0644\u0645\u0646\u062a\u062c\u0627\u062a\",\"item\":\"https:\\\/\\\/shanabooks.de\\\/shop\\\/\"},{\"@type\":\"ListItem\",\"position\":3,\"name\":\"Keleha Sp\u00ee\"}]},{\"@type\":\"WebSite\",\"@id\":\"https:\\\/\\\/shanabooks.de\\\/#website\",\"url\":\"https:\\\/\\\/shanabooks.de\\\/\",\"name\":\"www.shanbooks.de\",\"description\":\"C\u00eehana Pirt\u00fbk\u00ean Kurd\u00ee \u0645\u0643\u062a\u0628\u0629 \u0634\u0627\u0646\u0627 \u0641\u064a \u0627\u0644\u0645\u0627\u0646\u064a\u0627 \u0648\u0623\u0648\u0631\u0628\u0627\",\"publisher\":{\"@id\":\"https:\\\/\\\/shanabooks.de\\\/#organization\"},\"potentialAction\":[{\"@type\":\"SearchAction\",\"target\":{\"@type\":\"EntryPoint\",\"urlTemplate\":\"https:\\\/\\\/shanabooks.de\\\/?s={search_term_string}\"},\"query-input\":{\"@type\":\"PropertyValueSpecification\",\"valueRequired\":true,\"valueName\":\"search_term_string\"}}],\"inLanguage\":\"kur\"},{\"@type\":\"Organization\",\"@id\":\"https:\\\/\\\/shanabooks.de\\\/#organization\",\"name\":\"www.shanbooks.de\",\"url\":\"https:\\\/\\\/shanabooks.de\\\/\",\"logo\":{\"@type\":\"ImageObject\",\"inLanguage\":\"kur\",\"@id\":\"https:\\\/\\\/shanabooks.de\\\/#\\\/schema\\\/logo\\\/image\\\/\",\"url\":\"https:\\\/\\\/shanabooks.de\\\/wp-content\\\/uploads\\\/2024\\\/03\\\/SHANABOOKS__2_-removebg-preview.png\",\"contentUrl\":\"https:\\\/\\\/shanabooks.de\\\/wp-content\\\/uploads\\\/2024\\\/03\\\/SHANABOOKS__2_-removebg-preview.png\",\"width\":700,\"height\":150,\"caption\":\"www.shanbooks.de\"},\"image\":{\"@id\":\"https:\\\/\\\/shanabooks.de\\\/#\\\/schema\\\/logo\\\/image\\\/\"}}]}<\/script>\n<!-- \/ Yoast SEO plugin. -->","yoast_head_json":{"title":"Keleha Sp\u00ee - Orhan Pamuk - www.shanabooks.de","description":"Keleha Sp\u00ee - Orhan Pamuk Keleha Sp\u00ee\u00a0yek ji roman\u00ean Pamuk e, \u00ean ku bo gelek zimanan hatiye wergerandin. Pamuk bi niv\u00eeskar\u00eeya xwe ya ge\u015f di romana xwe de ...","robots":{"index":"index","follow":"follow","max-snippet":"max-snippet:-1","max-image-preview":"max-image-preview:large","max-video-preview":"max-video-preview:-1"},"canonical":"https:\/\/shanabooks.de\/product\/keleha-spi-orhan-pamuk\/","og_locale":"en_US","og_type":"article","og_title":"Keleha Sp\u00ee - Orhan Pamuk - www.shanabooks.de","og_description":"Keleha Sp\u00ee - Orhan Pamuk Keleha Sp\u00ee\u00a0yek ji roman\u00ean Pamuk e, \u00ean ku bo gelek zimanan hatiye wergerandin. Pamuk bi niv\u00eeskar\u00eeya xwe ya ge\u015f di romana xwe de ...","og_url":"https:\/\/shanabooks.de\/product\/keleha-spi-orhan-pamuk\/","og_site_name":"www.shanabooks.de","article_modified_time":"2025-12-30T23:00:03+00:00","og_image":[{"width":292,"height":472,"url":"https:\/\/shanabooks.de\/wp-content\/uploads\/2024\/03\/Keleha-spi.png","type":"image\/png"}],"twitter_card":"summary_large_image","twitter_misc":{"Est. reading time":"4 minutes"},"schema":{"@context":"https:\/\/schema.org","@graph":[{"@type":"WebPage","@id":"https:\/\/shanabooks.de\/product\/keleha-spi-orhan-pamuk\/","url":"https:\/\/shanabooks.de\/product\/keleha-spi-orhan-pamuk\/","name":"Keleha Sp\u00ee - Orhan Pamuk - www.shanabooks.de","isPartOf":{"@id":"https:\/\/shanabooks.de\/#website"},"primaryImageOfPage":{"@id":"https:\/\/shanabooks.de\/product\/keleha-spi-orhan-pamuk\/#primaryimage"},"image":{"@id":"https:\/\/shanabooks.de\/product\/keleha-spi-orhan-pamuk\/#primaryimage"},"thumbnailUrl":"https:\/\/shanabooks.de\/wp-content\/uploads\/2024\/03\/Keleha-spi.png","datePublished":"2024-03-03T19:46:20+00:00","dateModified":"2025-12-30T23:00:03+00:00","description":"Keleha Sp\u00ee - Orhan Pamuk Keleha Sp\u00ee\u00a0yek ji roman\u00ean Pamuk e, \u00ean ku bo gelek zimanan hatiye wergerandin. Pamuk bi niv\u00eeskar\u00eeya xwe ya ge\u015f di romana xwe de ...","breadcrumb":{"@id":"https:\/\/shanabooks.de\/product\/keleha-spi-orhan-pamuk\/#breadcrumb"},"inLanguage":"kur","potentialAction":[{"@type":"ReadAction","target":["https:\/\/shanabooks.de\/product\/keleha-spi-orhan-pamuk\/"]}]},{"@type":"ImageObject","inLanguage":"kur","@id":"https:\/\/shanabooks.de\/product\/keleha-spi-orhan-pamuk\/#primaryimage","url":"https:\/\/shanabooks.de\/wp-content\/uploads\/2024\/03\/Keleha-spi.png","contentUrl":"https:\/\/shanabooks.de\/wp-content\/uploads\/2024\/03\/Keleha-spi.png","width":292,"height":472,"caption":"Keleha Sp\u00ee - Orhan Pamuk - pirt\u00fbk\u00ean kurd\u00ee"},{"@type":"BreadcrumbList","@id":"https:\/\/shanabooks.de\/product\/keleha-spi-orhan-pamuk\/#breadcrumb","itemListElement":[{"@type":"ListItem","position":1,"name":"\u0627\u0644\u0631\u0626\u064a\u0633\u064a\u0629","item":"https:\/\/shanabooks.de\/kur\/"},{"@type":"ListItem","position":2,"name":"\u0627\u0644\u0645\u0646\u062a\u062c\u0627\u062a","item":"https:\/\/shanabooks.de\/shop\/"},{"@type":"ListItem","position":3,"name":"Keleha Sp\u00ee"}]},{"@type":"WebSite","@id":"https:\/\/shanabooks.de\/#website","url":"https:\/\/shanabooks.de\/","name":"www.shanbooks.de","description":"C\u00eehana Pirt\u00fbk\u00ean Kurd\u00ee \u0645\u0643\u062a\u0628\u0629 \u0634\u0627\u0646\u0627 \u0641\u064a \u0627\u0644\u0645\u0627\u0646\u064a\u0627 \u0648\u0623\u0648\u0631\u0628\u0627","publisher":{"@id":"https:\/\/shanabooks.de\/#organization"},"potentialAction":[{"@type":"SearchAction","target":{"@type":"EntryPoint","urlTemplate":"https:\/\/shanabooks.de\/?s={search_term_string}"},"query-input":{"@type":"PropertyValueSpecification","valueRequired":true,"valueName":"search_term_string"}}],"inLanguage":"kur"},{"@type":"Organization","@id":"https:\/\/shanabooks.de\/#organization","name":"www.shanbooks.de","url":"https:\/\/shanabooks.de\/","logo":{"@type":"ImageObject","inLanguage":"kur","@id":"https:\/\/shanabooks.de\/#\/schema\/logo\/image\/","url":"https:\/\/shanabooks.de\/wp-content\/uploads\/2024\/03\/SHANABOOKS__2_-removebg-preview.png","contentUrl":"https:\/\/shanabooks.de\/wp-content\/uploads\/2024\/03\/SHANABOOKS__2_-removebg-preview.png","width":700,"height":150,"caption":"www.shanbooks.de"},"image":{"@id":"https:\/\/shanabooks.de\/#\/schema\/logo\/image\/"}}]}},"jetpack_sharing_enabled":true,"_links":{"self":[{"href":"https:\/\/shanabooks.de\/kur\/wp-json\/wp\/v2\/product\/12760","targetHints":{"allow":["GET"]}}],"collection":[{"href":"https:\/\/shanabooks.de\/kur\/wp-json\/wp\/v2\/product"}],"about":[{"href":"https:\/\/shanabooks.de\/kur\/wp-json\/wp\/v2\/types\/product"}],"version-history":[{"count":3,"href":"https:\/\/shanabooks.de\/kur\/wp-json\/wp\/v2\/product\/12760\/revisions"}],"predecessor-version":[{"id":18453,"href":"https:\/\/shanabooks.de\/kur\/wp-json\/wp\/v2\/product\/12760\/revisions\/18453"}],"wp:featuredmedia":[{"embeddable":true,"href":"https:\/\/shanabooks.de\/kur\/wp-json\/wp\/v2\/media\/12826"}],"wp:attachment":[{"href":"https:\/\/shanabooks.de\/kur\/wp-json\/wp\/v2\/media?parent=12760"}],"wp:term":[{"taxonomy":"product_brand","embeddable":true,"href":"https:\/\/shanabooks.de\/kur\/wp-json\/wp\/v2\/product_brand?post=12760"},{"taxonomy":"product_cat","embeddable":true,"href":"https:\/\/shanabooks.de\/kur\/wp-json\/wp\/v2\/product_cat?post=12760"},{"taxonomy":"product_tag","embeddable":true,"href":"https:\/\/shanabooks.de\/kur\/wp-json\/wp\/v2\/product_tag?post=12760"}],"curies":[{"name":"wp","href":"https:\/\/api.w.org\/{rel}","templated":true}]}}