{"id":12795,"date":"2024-03-03T19:46:45","date_gmt":"2024-03-03T19:46:45","guid":{"rendered":"https:\/\/shanabooks.de\/?post_type=product&#038;p=12795"},"modified":"2025-12-31T17:48:07","modified_gmt":"2025-12-31T17:48:07","slug":"gotinen-pesiyan-celile-celil-u-ordixane-celil","status":"publish","type":"product","link":"https:\/\/shanabooks.de\/kur\/product\/gotinen-pesiyan-celile-celil-u-ordixane-celil\/","title":{"rendered":"Gotin\u00ean P\u00ea\u015f\u00eeyan"},"content":{"rendered":"<p dir=\"ltr\"><strong>Gotin\u00ean P\u00ea\u015fiyan &#8211; Cel\u00eel\u00ea Cel\u00eel \u00fb Ord\u00eexan\u00ea Cel\u00eel<\/strong><\/p>\n<p dir=\"ltr\">Di v\u00ea pirt\u00fbk\u00ea da, n\u00eaz\u00ee he\u015ft hezar gotin\u00ean p\u00ea\u015f\u00eeyan li gor\u00ee hin mijaran hatine tesn\u00eefkirin. Cara ewil e ev awa, bi berfireh\u00ee li ser gotin\u00ean p\u00ea\u015f\u00eeyan t\u00ea ceribandin. Bi x\u00eara v\u00ea xebat\u00ea, mirov fam dike b\u00ea ray \u00fb ramana Kurdan a li ser hinek term \u00fb t\u00eagihan bi \u00e7i away\u00ee ye. Kurd, li ser \u201cdil \u00fb ev\u00een\u201d\u00ea \u00e7i dib\u00eajin, li ser \u201cba\u015f\u00ee \u00fb qenc\u00ee\u201d \u00fb \u201cxirab\u00ee\u201dy\u00ea \u00e7i dib\u00eajin, li ser \u201caqil\u201d\u00ee, li ser \u201cgumanbar\u00ee\u201dy\u00ea \u00e7i dib\u00eajin? H\u00fbn \u00ea di v\u00ea pirt\u00fbk\u00ea da bersiva gelek pirs\u00ean bi v\u00ee away\u00ee bib\u00eenin. Cel\u00eel\u00ea Cel\u00eel \u00fb biray\u00ea w\u00ee Ord\u00eexan\u00ea Cel\u00eel, pi\u015ft\u00ee xebata d\u00fbdir\u00eaj ev gotin kom kirine \u00fb ji me ra be\u015f bi be\u015f ji hev veqetandine<\/p>\n<p dir=\"ltr\">Gotin\u00ean P\u00ea\u015fiyan ya Cel\u00eel\u00ea Cel\u00eel \u00fb Ord\u00eexan\u00ea Cel\u00eel ji we\u015fan\u00ean wardoz\u00ea ye.<\/p>\n","protected":false},"excerpt":{"rendered":"<p dir=\"ltr\" style=\"text-align: center\"><strong>Berhevkar: Cel\u00eel\u00ea Cel\u00eel \u00fb Ord\u00eexan\u00ea Cel\u00eel<\/strong><br \/>\n<strong>Pirt\u00fbk: Gotin\u00ean P\u00ea\u015f\u00eeyan<\/strong><br \/>\n<strong>Cure: Ferhenga Gotin\u00ean P\u00ea\u015fiyan<\/strong><\/p>\n<p dir=\"ltr\" style=\"text-align: center\">\n","protected":false},"featured_media":12851,"template":"","meta":{"site-sidebar-layout":"default","site-content-layout":"","ast-site-content-layout":"default","site-content-style":"default","site-sidebar-style":"default","ast-global-header-display":"","ast-banner-title-visibility":"","ast-main-header-display":"","ast-hfb-above-header-display":"","ast-hfb-below-header-display":"","ast-hfb-mobile-header-display":"","site-post-title":"","ast-breadcrumbs-content":"","ast-featured-img":"","footer-sml-layout":"","ast-disable-related-posts":"","theme-transparent-header-meta":"default","adv-header-id-meta":"","stick-header-meta":"","header-above-stick-meta":"","header-main-stick-meta":"","header-below-stick-meta":"","astra-migrate-meta-layouts":"set","ast-page-background-enabled":"default","ast-page-background-meta":{"desktop":{"background-color":"","background-image":"","background-repeat":"repeat","background-position":"center center","background-size":"auto","background-attachment":"scroll","background-type":"","background-media":"","overlay-type":"","overlay-color":"","overlay-opacity":"","overlay-gradient":""},"tablet":{"background-color":"","background-image":"","background-repeat":"repeat","background-position":"center center","background-size":"auto","background-attachment":"scroll","background-type":"","background-media":"","overlay-type":"","overlay-color":"","overlay-opacity":"","overlay-gradient":""},"mobile":{"background-color":"","background-image":"","background-repeat":"repeat","background-position":"center center","background-size":"auto","background-attachment":"scroll","background-type":"","background-media":"","overlay-type":"","overlay-color":"","overlay-opacity":"","overlay-gradient":""}},"ast-content-background-meta":{"desktop":{"background-color":"var(--ast-global-color-5)","background-image":"","background-repeat":"repeat","background-position":"center center","background-size":"auto","background-attachment":"scroll","background-type":"","background-media":"","overlay-type":"","overlay-color":"","overlay-opacity":"","overlay-gradient":""},"tablet":{"background-color":"var(--ast-global-color-5)","background-image":"","background-repeat":"repeat","background-position":"center center","background-size":"auto","background-attachment":"scroll","background-type":"","background-media":"","overlay-type":"","overlay-color":"","overlay-opacity":"","overlay-gradient":""},"mobile":{"background-color":"var(--ast-global-color-5)","background-image":"","background-repeat":"repeat","background-position":"center center","background-size":"auto","background-attachment":"scroll","background-type":"","background-media":"","overlay-type":"","overlay-color":"","overlay-opacity":"","overlay-gradient":""}}},"product_brand":[],"product_cat":[334,193],"product_tag":[],"class_list":{"0":"post-12795","1":"product","2":"type-product","3":"status-publish","4":"has-post-thumbnail","6":"product_cat--_","8":"pa_-gotinen-pesiyan","9":"pa_-celile-celil","10":"pa_-kurmanci","11":"pa_--wardoz-yayinlari","12":"desktop-align-left","13":"tablet-align-left","14":"mobile-align-left","16":"first","17":"outofstock","18":"sale","19":"shipping-taxable","20":"purchasable","21":"product-type-simple"},"yoast_head":"<!-- This site is optimized with the Yoast SEO plugin v27.5 - https:\/\/yoast.com\/product\/yoast-seo-wordpress\/ -->\n<title>Gotin\u00ean P\u00ea\u015fiyan - Cel\u00eel\u00ea Cel\u00eel \u00fb Ord\u00eexan\u00ea Cel\u00eel - www.shanabooks.de<\/title>\n<meta name=\"description\" content=\"Gotin\u00ean P\u00ea\u015fiyan - Cel\u00eel\u00ea Cel\u00eel \u00fb Ord\u00eexan\u00ea Cel\u00eel Di v\u00ea pirt\u00fbk\u00ea da, n\u00eaz\u00ee he\u015ft hezar gotin\u00ean p\u00ea\u015f\u00eeyan li gor\u00ee hin mijaran hatine tesn\u00eefkirin. Cara ewil e ev ...\" \/>\n<meta name=\"robots\" content=\"index, follow, max-snippet:-1, max-image-preview:large, max-video-preview:-1\" \/>\n<link rel=\"canonical\" href=\"https:\/\/shanabooks.de\/product\/gotinen-pesiyan-celile-celil-u-ordixane-celil\/\" \/>\n<meta property=\"og:locale\" content=\"en_US\" \/>\n<meta property=\"og:type\" content=\"article\" \/>\n<meta property=\"og:title\" content=\"Gotin\u00ean P\u00ea\u015fiyan - Cel\u00eel\u00ea Cel\u00eel \u00fb Ord\u00eexan\u00ea Cel\u00eel - www.shanabooks.de\" \/>\n<meta property=\"og:description\" content=\"Gotin\u00ean P\u00ea\u015fiyan - Cel\u00eel\u00ea Cel\u00eel \u00fb Ord\u00eexan\u00ea Cel\u00eel Di v\u00ea pirt\u00fbk\u00ea da, n\u00eaz\u00ee he\u015ft hezar gotin\u00ean p\u00ea\u015f\u00eeyan li gor\u00ee hin mijaran hatine tesn\u00eefkirin. Cara ewil e ev ...\" \/>\n<meta property=\"og:url\" content=\"https:\/\/shanabooks.de\/product\/gotinen-pesiyan-celile-celil-u-ordixane-celil\/\" \/>\n<meta property=\"og:site_name\" content=\"www.shanabooks.de\" \/>\n<meta property=\"article:modified_time\" content=\"2025-12-31T17:48:07+00:00\" \/>\n<meta property=\"og:image\" content=\"https:\/\/shanabooks.de\/wp-content\/uploads\/2024\/03\/gotinen-pesiyan-1.jpg\" \/>\n\t<meta property=\"og:image:width\" content=\"1160\" \/>\n\t<meta property=\"og:image:height\" content=\"1824\" \/>\n\t<meta property=\"og:image:type\" content=\"image\/jpeg\" \/>\n<meta name=\"twitter:card\" content=\"summary_large_image\" \/>\n<meta name=\"twitter:label1\" content=\"Est. reading time\" \/>\n\t<meta name=\"twitter:data1\" content=\"2 minutes\" \/>\n<script type=\"application\/ld+json\" class=\"yoast-schema-graph\">{\"@context\":\"https:\\\/\\\/schema.org\",\"@graph\":[{\"@type\":\"WebPage\",\"@id\":\"https:\\\/\\\/shanabooks.de\\\/product\\\/gotinen-pesiyan-celile-celil-u-ordixane-celil\\\/\",\"url\":\"https:\\\/\\\/shanabooks.de\\\/product\\\/gotinen-pesiyan-celile-celil-u-ordixane-celil\\\/\",\"name\":\"Gotin\u00ean P\u00ea\u015fiyan - Cel\u00eel\u00ea Cel\u00eel \u00fb Ord\u00eexan\u00ea Cel\u00eel - www.shanabooks.de\",\"isPartOf\":{\"@id\":\"https:\\\/\\\/shanabooks.de\\\/#website\"},\"primaryImageOfPage\":{\"@id\":\"https:\\\/\\\/shanabooks.de\\\/product\\\/gotinen-pesiyan-celile-celil-u-ordixane-celil\\\/#primaryimage\"},\"image\":{\"@id\":\"https:\\\/\\\/shanabooks.de\\\/product\\\/gotinen-pesiyan-celile-celil-u-ordixane-celil\\\/#primaryimage\"},\"thumbnailUrl\":\"https:\\\/\\\/shanabooks.de\\\/wp-content\\\/uploads\\\/2024\\\/03\\\/gotinen-pesiyan-1.jpg\",\"datePublished\":\"2024-03-03T19:46:45+00:00\",\"dateModified\":\"2025-12-31T17:48:07+00:00\",\"description\":\"Gotin\u00ean P\u00ea\u015fiyan - Cel\u00eel\u00ea Cel\u00eel \u00fb Ord\u00eexan\u00ea Cel\u00eel Di v\u00ea pirt\u00fbk\u00ea da, n\u00eaz\u00ee he\u015ft hezar gotin\u00ean p\u00ea\u015f\u00eeyan li gor\u00ee hin mijaran hatine tesn\u00eefkirin. Cara ewil e ev ...\",\"breadcrumb\":{\"@id\":\"https:\\\/\\\/shanabooks.de\\\/product\\\/gotinen-pesiyan-celile-celil-u-ordixane-celil\\\/#breadcrumb\"},\"inLanguage\":\"kur\",\"potentialAction\":[{\"@type\":\"ReadAction\",\"target\":[\"https:\\\/\\\/shanabooks.de\\\/product\\\/gotinen-pesiyan-celile-celil-u-ordixane-celil\\\/\"]}]},{\"@type\":\"ImageObject\",\"inLanguage\":\"kur\",\"@id\":\"https:\\\/\\\/shanabooks.de\\\/product\\\/gotinen-pesiyan-celile-celil-u-ordixane-celil\\\/#primaryimage\",\"url\":\"https:\\\/\\\/shanabooks.de\\\/wp-content\\\/uploads\\\/2024\\\/03\\\/gotinen-pesiyan-1.jpg\",\"contentUrl\":\"https:\\\/\\\/shanabooks.de\\\/wp-content\\\/uploads\\\/2024\\\/03\\\/gotinen-pesiyan-1.jpg\",\"width\":1160,\"height\":1824,\"caption\":\"Gotin\u00ean P\u00ea\u015fiyan - Cel\u00eel\u00ea Cel\u00eel \u00fb Ord\u00eexan\u00ea Cel\u00eel - pirt\u00fbk\u00ean kurd\u00ee\"},{\"@type\":\"BreadcrumbList\",\"@id\":\"https:\\\/\\\/shanabooks.de\\\/product\\\/gotinen-pesiyan-celile-celil-u-ordixane-celil\\\/#breadcrumb\",\"itemListElement\":[{\"@type\":\"ListItem\",\"position\":1,\"name\":\"\u0627\u0644\u0631\u0626\u064a\u0633\u064a\u0629\",\"item\":\"https:\\\/\\\/shanabooks.de\\\/kur\\\/\"},{\"@type\":\"ListItem\",\"position\":2,\"name\":\"\u0627\u0644\u0645\u0646\u062a\u062c\u0627\u062a\",\"item\":\"https:\\\/\\\/shanabooks.de\\\/shop\\\/\"},{\"@type\":\"ListItem\",\"position\":3,\"name\":\"Gotin\u00ean P\u00ea\u015f\u00eeyan\"}]},{\"@type\":\"WebSite\",\"@id\":\"https:\\\/\\\/shanabooks.de\\\/#website\",\"url\":\"https:\\\/\\\/shanabooks.de\\\/\",\"name\":\"www.shanbooks.de\",\"description\":\"C\u00eehana Pirt\u00fbk\u00ean Kurd\u00ee \u0645\u0643\u062a\u0628\u0629 \u0634\u0627\u0646\u0627 \u0641\u064a \u0627\u0644\u0645\u0627\u0646\u064a\u0627 \u0648\u0623\u0648\u0631\u0628\u0627\",\"publisher\":{\"@id\":\"https:\\\/\\\/shanabooks.de\\\/#organization\"},\"potentialAction\":[{\"@type\":\"SearchAction\",\"target\":{\"@type\":\"EntryPoint\",\"urlTemplate\":\"https:\\\/\\\/shanabooks.de\\\/?s={search_term_string}\"},\"query-input\":{\"@type\":\"PropertyValueSpecification\",\"valueRequired\":true,\"valueName\":\"search_term_string\"}}],\"inLanguage\":\"kur\"},{\"@type\":\"Organization\",\"@id\":\"https:\\\/\\\/shanabooks.de\\\/#organization\",\"name\":\"www.shanbooks.de\",\"url\":\"https:\\\/\\\/shanabooks.de\\\/\",\"logo\":{\"@type\":\"ImageObject\",\"inLanguage\":\"kur\",\"@id\":\"https:\\\/\\\/shanabooks.de\\\/#\\\/schema\\\/logo\\\/image\\\/\",\"url\":\"https:\\\/\\\/shanabooks.de\\\/wp-content\\\/uploads\\\/2024\\\/03\\\/SHANABOOKS__2_-removebg-preview.png\",\"contentUrl\":\"https:\\\/\\\/shanabooks.de\\\/wp-content\\\/uploads\\\/2024\\\/03\\\/SHANABOOKS__2_-removebg-preview.png\",\"width\":700,\"height\":150,\"caption\":\"www.shanbooks.de\"},\"image\":{\"@id\":\"https:\\\/\\\/shanabooks.de\\\/#\\\/schema\\\/logo\\\/image\\\/\"}}]}<\/script>\n<!-- \/ Yoast SEO plugin. -->","yoast_head_json":{"title":"Gotin\u00ean P\u00ea\u015fiyan - Cel\u00eel\u00ea Cel\u00eel \u00fb Ord\u00eexan\u00ea Cel\u00eel - www.shanabooks.de","description":"Gotin\u00ean P\u00ea\u015fiyan - Cel\u00eel\u00ea Cel\u00eel \u00fb Ord\u00eexan\u00ea Cel\u00eel Di v\u00ea pirt\u00fbk\u00ea da, n\u00eaz\u00ee he\u015ft hezar gotin\u00ean p\u00ea\u015f\u00eeyan li gor\u00ee hin mijaran hatine tesn\u00eefkirin. Cara ewil e ev ...","robots":{"index":"index","follow":"follow","max-snippet":"max-snippet:-1","max-image-preview":"max-image-preview:large","max-video-preview":"max-video-preview:-1"},"canonical":"https:\/\/shanabooks.de\/product\/gotinen-pesiyan-celile-celil-u-ordixane-celil\/","og_locale":"en_US","og_type":"article","og_title":"Gotin\u00ean P\u00ea\u015fiyan - Cel\u00eel\u00ea Cel\u00eel \u00fb Ord\u00eexan\u00ea Cel\u00eel - www.shanabooks.de","og_description":"Gotin\u00ean P\u00ea\u015fiyan - Cel\u00eel\u00ea Cel\u00eel \u00fb Ord\u00eexan\u00ea Cel\u00eel Di v\u00ea pirt\u00fbk\u00ea da, n\u00eaz\u00ee he\u015ft hezar gotin\u00ean p\u00ea\u015f\u00eeyan li gor\u00ee hin mijaran hatine tesn\u00eefkirin. Cara ewil e ev ...","og_url":"https:\/\/shanabooks.de\/product\/gotinen-pesiyan-celile-celil-u-ordixane-celil\/","og_site_name":"www.shanabooks.de","article_modified_time":"2025-12-31T17:48:07+00:00","og_image":[{"width":1160,"height":1824,"url":"https:\/\/shanabooks.de\/wp-content\/uploads\/2024\/03\/gotinen-pesiyan-1.jpg","type":"image\/jpeg"}],"twitter_card":"summary_large_image","twitter_misc":{"Est. reading time":"2 minutes"},"schema":{"@context":"https:\/\/schema.org","@graph":[{"@type":"WebPage","@id":"https:\/\/shanabooks.de\/product\/gotinen-pesiyan-celile-celil-u-ordixane-celil\/","url":"https:\/\/shanabooks.de\/product\/gotinen-pesiyan-celile-celil-u-ordixane-celil\/","name":"Gotin\u00ean P\u00ea\u015fiyan - Cel\u00eel\u00ea Cel\u00eel \u00fb Ord\u00eexan\u00ea Cel\u00eel - www.shanabooks.de","isPartOf":{"@id":"https:\/\/shanabooks.de\/#website"},"primaryImageOfPage":{"@id":"https:\/\/shanabooks.de\/product\/gotinen-pesiyan-celile-celil-u-ordixane-celil\/#primaryimage"},"image":{"@id":"https:\/\/shanabooks.de\/product\/gotinen-pesiyan-celile-celil-u-ordixane-celil\/#primaryimage"},"thumbnailUrl":"https:\/\/shanabooks.de\/wp-content\/uploads\/2024\/03\/gotinen-pesiyan-1.jpg","datePublished":"2024-03-03T19:46:45+00:00","dateModified":"2025-12-31T17:48:07+00:00","description":"Gotin\u00ean P\u00ea\u015fiyan - Cel\u00eel\u00ea Cel\u00eel \u00fb Ord\u00eexan\u00ea Cel\u00eel Di v\u00ea pirt\u00fbk\u00ea da, n\u00eaz\u00ee he\u015ft hezar gotin\u00ean p\u00ea\u015f\u00eeyan li gor\u00ee hin mijaran hatine tesn\u00eefkirin. Cara ewil e ev ...","breadcrumb":{"@id":"https:\/\/shanabooks.de\/product\/gotinen-pesiyan-celile-celil-u-ordixane-celil\/#breadcrumb"},"inLanguage":"kur","potentialAction":[{"@type":"ReadAction","target":["https:\/\/shanabooks.de\/product\/gotinen-pesiyan-celile-celil-u-ordixane-celil\/"]}]},{"@type":"ImageObject","inLanguage":"kur","@id":"https:\/\/shanabooks.de\/product\/gotinen-pesiyan-celile-celil-u-ordixane-celil\/#primaryimage","url":"https:\/\/shanabooks.de\/wp-content\/uploads\/2024\/03\/gotinen-pesiyan-1.jpg","contentUrl":"https:\/\/shanabooks.de\/wp-content\/uploads\/2024\/03\/gotinen-pesiyan-1.jpg","width":1160,"height":1824,"caption":"Gotin\u00ean P\u00ea\u015fiyan - Cel\u00eel\u00ea Cel\u00eel \u00fb Ord\u00eexan\u00ea Cel\u00eel - pirt\u00fbk\u00ean kurd\u00ee"},{"@type":"BreadcrumbList","@id":"https:\/\/shanabooks.de\/product\/gotinen-pesiyan-celile-celil-u-ordixane-celil\/#breadcrumb","itemListElement":[{"@type":"ListItem","position":1,"name":"\u0627\u0644\u0631\u0626\u064a\u0633\u064a\u0629","item":"https:\/\/shanabooks.de\/kur\/"},{"@type":"ListItem","position":2,"name":"\u0627\u0644\u0645\u0646\u062a\u062c\u0627\u062a","item":"https:\/\/shanabooks.de\/shop\/"},{"@type":"ListItem","position":3,"name":"Gotin\u00ean P\u00ea\u015f\u00eeyan"}]},{"@type":"WebSite","@id":"https:\/\/shanabooks.de\/#website","url":"https:\/\/shanabooks.de\/","name":"www.shanbooks.de","description":"C\u00eehana Pirt\u00fbk\u00ean Kurd\u00ee \u0645\u0643\u062a\u0628\u0629 \u0634\u0627\u0646\u0627 \u0641\u064a \u0627\u0644\u0645\u0627\u0646\u064a\u0627 \u0648\u0623\u0648\u0631\u0628\u0627","publisher":{"@id":"https:\/\/shanabooks.de\/#organization"},"potentialAction":[{"@type":"SearchAction","target":{"@type":"EntryPoint","urlTemplate":"https:\/\/shanabooks.de\/?s={search_term_string}"},"query-input":{"@type":"PropertyValueSpecification","valueRequired":true,"valueName":"search_term_string"}}],"inLanguage":"kur"},{"@type":"Organization","@id":"https:\/\/shanabooks.de\/#organization","name":"www.shanbooks.de","url":"https:\/\/shanabooks.de\/","logo":{"@type":"ImageObject","inLanguage":"kur","@id":"https:\/\/shanabooks.de\/#\/schema\/logo\/image\/","url":"https:\/\/shanabooks.de\/wp-content\/uploads\/2024\/03\/SHANABOOKS__2_-removebg-preview.png","contentUrl":"https:\/\/shanabooks.de\/wp-content\/uploads\/2024\/03\/SHANABOOKS__2_-removebg-preview.png","width":700,"height":150,"caption":"www.shanbooks.de"},"image":{"@id":"https:\/\/shanabooks.de\/#\/schema\/logo\/image\/"}}]}},"jetpack_sharing_enabled":true,"_links":{"self":[{"href":"https:\/\/shanabooks.de\/kur\/wp-json\/wp\/v2\/product\/12795","targetHints":{"allow":["GET"]}}],"collection":[{"href":"https:\/\/shanabooks.de\/kur\/wp-json\/wp\/v2\/product"}],"about":[{"href":"https:\/\/shanabooks.de\/kur\/wp-json\/wp\/v2\/types\/product"}],"version-history":[{"count":3,"href":"https:\/\/shanabooks.de\/kur\/wp-json\/wp\/v2\/product\/12795\/revisions"}],"predecessor-version":[{"id":18440,"href":"https:\/\/shanabooks.de\/kur\/wp-json\/wp\/v2\/product\/12795\/revisions\/18440"}],"wp:featuredmedia":[{"embeddable":true,"href":"https:\/\/shanabooks.de\/kur\/wp-json\/wp\/v2\/media\/12851"}],"wp:attachment":[{"href":"https:\/\/shanabooks.de\/kur\/wp-json\/wp\/v2\/media?parent=12795"}],"wp:term":[{"taxonomy":"product_brand","embeddable":true,"href":"https:\/\/shanabooks.de\/kur\/wp-json\/wp\/v2\/product_brand?post=12795"},{"taxonomy":"product_cat","embeddable":true,"href":"https:\/\/shanabooks.de\/kur\/wp-json\/wp\/v2\/product_cat?post=12795"},{"taxonomy":"product_tag","embeddable":true,"href":"https:\/\/shanabooks.de\/kur\/wp-json\/wp\/v2\/product_tag?post=12795"}],"curies":[{"name":"wp","href":"https:\/\/api.w.org\/{rel}","templated":true}]}}