{"id":12799,"date":"2024-03-03T19:46:45","date_gmt":"2024-03-03T19:46:45","guid":{"rendered":"https:\/\/shanabooks.de\/?post_type=product&#038;p=12799"},"modified":"2025-12-31T17:49:20","modified_gmt":"2025-12-31T17:49:20","slug":"cima-deve-xeyidi-celile-celil","status":"publish","type":"product","link":"https:\/\/shanabooks.de\/kur\/product\/cima-deve-xeyidi-celile-celil\/","title":{"rendered":"\u00c7ima Deve Xey\u00eed\u00ee?"},"content":{"rendered":"<p dir=\"ltr\" style=\"text-align: left\"><strong>\u00c7ima Deve Xey\u00eed\u00ee &#8211; Cel\u00eel\u00ea Cel\u00eel<\/strong><\/p>\n<p style=\"text-align: left\">Di v\u00ea pirt\u00fbk\u00ea da 21 \u00e7\u00eerok\u00ean aqilane \u00fb balk\u00ea\u015f \u00ean folklora Kurdan hene. Ji van \u00e7\u00eerokan her yek aqilek\u00ee \u00fb dersek\u00ea dide me. Hinek pirsa ba\u015f\u00eey\u00ea dikin, hinek ber\u00ea me didin tifaq\u00ea, hinek q\u00eemeta rast\u00ee \u00fb heq\u00eey\u00ea radixin ber \u00e7avan, hinek q\u00eemeta xebat \u00fb x\u00eeret\u00ea. Malbata Cel\u00eelan bi salan e ku berhevkar\u00eeya folklora Kurdan dikin. Cel\u00eel\u00ea Cel\u00eel, ji nav bax\u00ea folklora Kurdan ev \u00e7\u00eerok neqandine \u00fb ji bo her kes s\u00fbd j\u00ea bigire, bi zimanek\u00ee sade \u00fb folklor\u00eek ew ji n\u00fb ve niv\u00ees\u00eene.<\/p>\n","protected":false},"excerpt":{"rendered":"<p dir=\"ltr\" style=\"text-align: center\"><strong>Niv\u00eeskar: Cel\u00eel\u00ea Cel\u00eel<\/strong><br \/>\n<strong>Pirt\u00fbk: \u00c7ima Deve Xey\u00eed\u00ee<\/strong><br \/>\n<strong>Cure: Folklor<\/strong><\/p>\n","protected":false},"featured_media":12859,"template":"","meta":{"site-sidebar-layout":"default","site-content-layout":"","ast-site-content-layout":"default","site-content-style":"default","site-sidebar-style":"default","ast-global-header-display":"","ast-banner-title-visibility":"","ast-main-header-display":"","ast-hfb-above-header-display":"","ast-hfb-below-header-display":"","ast-hfb-mobile-header-display":"","site-post-title":"","ast-breadcrumbs-content":"","ast-featured-img":"","footer-sml-layout":"","ast-disable-related-posts":"","theme-transparent-header-meta":"default","adv-header-id-meta":"","stick-header-meta":"","header-above-stick-meta":"","header-main-stick-meta":"","header-below-stick-meta":"","astra-migrate-meta-layouts":"set","ast-page-background-enabled":"default","ast-page-background-meta":{"desktop":{"background-color":"","background-image":"","background-repeat":"repeat","background-position":"center center","background-size":"auto","background-attachment":"scroll","background-type":"","background-media":"","overlay-type":"","overlay-color":"","overlay-opacity":"","overlay-gradient":""},"tablet":{"background-color":"","background-image":"","background-repeat":"repeat","background-position":"center center","background-size":"auto","background-attachment":"scroll","background-type":"","background-media":"","overlay-type":"","overlay-color":"","overlay-opacity":"","overlay-gradient":""},"mobile":{"background-color":"","background-image":"","background-repeat":"repeat","background-position":"center center","background-size":"auto","background-attachment":"scroll","background-type":"","background-media":"","overlay-type":"","overlay-color":"","overlay-opacity":"","overlay-gradient":""}},"ast-content-background-meta":{"desktop":{"background-color":"var(--ast-global-color-5)","background-image":"","background-repeat":"repeat","background-position":"center center","background-size":"auto","background-attachment":"scroll","background-type":"","background-media":"","overlay-type":"","overlay-color":"","overlay-opacity":"","overlay-gradient":""},"tablet":{"background-color":"var(--ast-global-color-5)","background-image":"","background-repeat":"repeat","background-position":"center center","background-size":"auto","background-attachment":"scroll","background-type":"","background-media":"","overlay-type":"","overlay-color":"","overlay-opacity":"","overlay-gradient":""},"mobile":{"background-color":"var(--ast-global-color-5)","background-image":"","background-repeat":"repeat","background-position":"center center","background-size":"auto","background-attachment":"scroll","background-type":"","background-media":"","overlay-type":"","overlay-color":"","overlay-opacity":"","overlay-gradient":""}}},"product_brand":[],"product_cat":[180,183,193],"product_tag":[],"class_list":{"0":"post-12799","1":"product","2":"type-product","3":"status-publish","4":"has-post-thumbnail","6":"product_cat-_","8":"product_cat--_","9":"pa_-cirok","10":"pa_-folklor","11":"pa_-celile-celil","12":"pa_-kurmanci","13":"pa_--wardoz-yayinlari","14":"desktop-align-left","15":"tablet-align-left","16":"mobile-align-left","18":"first","19":"outofstock","20":"shipping-taxable","21":"purchasable","22":"product-type-simple"},"yoast_head":"<!-- This site is optimized with the Yoast SEO plugin v27.4 - https:\/\/yoast.com\/product\/yoast-seo-wordpress\/ -->\n<title>\u00c7ima Deve Xey\u00eed\u00ee - Cel\u00eel\u00ea Cel\u00eel - www.shanabooks.de<\/title>\n<meta name=\"description\" content=\"\u00c7ima Deve Xey\u00eed\u00ee - Cel\u00eel\u00ea Cel\u00eel Di v\u00ea pirt\u00fbk\u00ea da 21 \u00e7\u00eerok\u00ean aqilane \u00fb balk\u00ea\u015f \u00ean folklora Kurdan hene. Ji van \u00e7\u00eerokan her yek aqilek\u00ee \u00fb dersek\u00ea dide me\" \/>\n<meta name=\"robots\" content=\"index, follow, max-snippet:-1, max-image-preview:large, max-video-preview:-1\" \/>\n<link rel=\"canonical\" href=\"https:\/\/shanabooks.de\/product\/cima-deve-xeyidi-celile-celil\/\" \/>\n<meta property=\"og:locale\" content=\"en_US\" \/>\n<meta property=\"og:type\" content=\"article\" \/>\n<meta property=\"og:title\" content=\"\u00c7ima Deve Xey\u00eed\u00ee - Cel\u00eel\u00ea Cel\u00eel - www.shanabooks.de\" \/>\n<meta property=\"og:description\" content=\"\u00c7ima Deve Xey\u00eed\u00ee - Cel\u00eel\u00ea Cel\u00eel Di v\u00ea pirt\u00fbk\u00ea da 21 \u00e7\u00eerok\u00ean aqilane \u00fb balk\u00ea\u015f \u00ean folklora Kurdan hene. Ji van \u00e7\u00eerokan her yek aqilek\u00ee \u00fb dersek\u00ea dide me\" \/>\n<meta property=\"og:url\" content=\"https:\/\/shanabooks.de\/product\/cima-deve-xeyidi-celile-celil\/\" \/>\n<meta property=\"og:site_name\" content=\"www.shanabooks.de\" \/>\n<meta property=\"article:modified_time\" content=\"2025-12-31T17:49:20+00:00\" \/>\n<meta property=\"og:image\" content=\"https:\/\/shanabooks.de\/wp-content\/uploads\/2024\/03\/Cima-Deve-Xeyidi-wardoz.png\" \/>\n\t<meta property=\"og:image:width\" content=\"296\" \/>\n\t<meta property=\"og:image:height\" content=\"469\" \/>\n\t<meta property=\"og:image:type\" content=\"image\/png\" \/>\n<meta name=\"twitter:card\" content=\"summary_large_image\" \/>\n<meta name=\"twitter:label1\" content=\"Est. reading time\" \/>\n\t<meta name=\"twitter:data1\" content=\"1 minute\" \/>\n<script type=\"application\/ld+json\" class=\"yoast-schema-graph\">{\"@context\":\"https:\\\/\\\/schema.org\",\"@graph\":[{\"@type\":\"WebPage\",\"@id\":\"https:\\\/\\\/shanabooks.de\\\/product\\\/cima-deve-xeyidi-celile-celil\\\/\",\"url\":\"https:\\\/\\\/shanabooks.de\\\/product\\\/cima-deve-xeyidi-celile-celil\\\/\",\"name\":\"\u00c7ima Deve Xey\u00eed\u00ee - Cel\u00eel\u00ea Cel\u00eel - www.shanabooks.de\",\"isPartOf\":{\"@id\":\"https:\\\/\\\/shanabooks.de\\\/#website\"},\"primaryImageOfPage\":{\"@id\":\"https:\\\/\\\/shanabooks.de\\\/product\\\/cima-deve-xeyidi-celile-celil\\\/#primaryimage\"},\"image\":{\"@id\":\"https:\\\/\\\/shanabooks.de\\\/product\\\/cima-deve-xeyidi-celile-celil\\\/#primaryimage\"},\"thumbnailUrl\":\"https:\\\/\\\/shanabooks.de\\\/wp-content\\\/uploads\\\/2024\\\/03\\\/Cima-Deve-Xeyidi-wardoz.png\",\"datePublished\":\"2024-03-03T19:46:45+00:00\",\"dateModified\":\"2025-12-31T17:49:20+00:00\",\"description\":\"\u00c7ima Deve Xey\u00eed\u00ee - Cel\u00eel\u00ea Cel\u00eel Di v\u00ea pirt\u00fbk\u00ea da 21 \u00e7\u00eerok\u00ean aqilane \u00fb balk\u00ea\u015f \u00ean folklora Kurdan hene. Ji van \u00e7\u00eerokan her yek aqilek\u00ee \u00fb dersek\u00ea dide me\",\"breadcrumb\":{\"@id\":\"https:\\\/\\\/shanabooks.de\\\/product\\\/cima-deve-xeyidi-celile-celil\\\/#breadcrumb\"},\"inLanguage\":\"kur\",\"potentialAction\":[{\"@type\":\"ReadAction\",\"target\":[\"https:\\\/\\\/shanabooks.de\\\/product\\\/cima-deve-xeyidi-celile-celil\\\/\"]}]},{\"@type\":\"ImageObject\",\"inLanguage\":\"kur\",\"@id\":\"https:\\\/\\\/shanabooks.de\\\/product\\\/cima-deve-xeyidi-celile-celil\\\/#primaryimage\",\"url\":\"https:\\\/\\\/shanabooks.de\\\/wp-content\\\/uploads\\\/2024\\\/03\\\/Cima-Deve-Xeyidi-wardoz.png\",\"contentUrl\":\"https:\\\/\\\/shanabooks.de\\\/wp-content\\\/uploads\\\/2024\\\/03\\\/Cima-Deve-Xeyidi-wardoz.png\",\"width\":296,\"height\":469,\"caption\":\"\u00c7ima Deve Xey\u00eed\u00ee - Cel\u00eel\u00ea Cel\u00eel - pirt\u00fbk\u00ean kurd\u00ee\"},{\"@type\":\"BreadcrumbList\",\"@id\":\"https:\\\/\\\/shanabooks.de\\\/product\\\/cima-deve-xeyidi-celile-celil\\\/#breadcrumb\",\"itemListElement\":[{\"@type\":\"ListItem\",\"position\":1,\"name\":\"\u0627\u0644\u0631\u0626\u064a\u0633\u064a\u0629\",\"item\":\"https:\\\/\\\/shanabooks.de\\\/kur\\\/\"},{\"@type\":\"ListItem\",\"position\":2,\"name\":\"\u0627\u0644\u0645\u0646\u062a\u062c\u0627\u062a\",\"item\":\"https:\\\/\\\/shanabooks.de\\\/shop\\\/\"},{\"@type\":\"ListItem\",\"position\":3,\"name\":\"\u00c7ima Deve Xey\u00eed\u00ee?\"}]},{\"@type\":\"WebSite\",\"@id\":\"https:\\\/\\\/shanabooks.de\\\/#website\",\"url\":\"https:\\\/\\\/shanabooks.de\\\/\",\"name\":\"www.shanbooks.de\",\"description\":\"C\u00eehana Pirt\u00fbk\u00ean Kurd\u00ee \u0645\u0643\u062a\u0628\u0629 \u0634\u0627\u0646\u0627 \u0641\u064a \u0627\u0644\u0645\u0627\u0646\u064a\u0627 \u0648\u0623\u0648\u0631\u0628\u0627\",\"publisher\":{\"@id\":\"https:\\\/\\\/shanabooks.de\\\/#organization\"},\"potentialAction\":[{\"@type\":\"SearchAction\",\"target\":{\"@type\":\"EntryPoint\",\"urlTemplate\":\"https:\\\/\\\/shanabooks.de\\\/?s={search_term_string}\"},\"query-input\":{\"@type\":\"PropertyValueSpecification\",\"valueRequired\":true,\"valueName\":\"search_term_string\"}}],\"inLanguage\":\"kur\"},{\"@type\":\"Organization\",\"@id\":\"https:\\\/\\\/shanabooks.de\\\/#organization\",\"name\":\"www.shanbooks.de\",\"url\":\"https:\\\/\\\/shanabooks.de\\\/\",\"logo\":{\"@type\":\"ImageObject\",\"inLanguage\":\"kur\",\"@id\":\"https:\\\/\\\/shanabooks.de\\\/#\\\/schema\\\/logo\\\/image\\\/\",\"url\":\"https:\\\/\\\/shanabooks.de\\\/wp-content\\\/uploads\\\/2024\\\/03\\\/SHANABOOKS__2_-removebg-preview.png\",\"contentUrl\":\"https:\\\/\\\/shanabooks.de\\\/wp-content\\\/uploads\\\/2024\\\/03\\\/SHANABOOKS__2_-removebg-preview.png\",\"width\":700,\"height\":150,\"caption\":\"www.shanbooks.de\"},\"image\":{\"@id\":\"https:\\\/\\\/shanabooks.de\\\/#\\\/schema\\\/logo\\\/image\\\/\"}}]}<\/script>\n<!-- \/ Yoast SEO plugin. -->","yoast_head_json":{"title":"\u00c7ima Deve Xey\u00eed\u00ee - Cel\u00eel\u00ea Cel\u00eel - www.shanabooks.de","description":"\u00c7ima Deve Xey\u00eed\u00ee - Cel\u00eel\u00ea Cel\u00eel Di v\u00ea pirt\u00fbk\u00ea da 21 \u00e7\u00eerok\u00ean aqilane \u00fb balk\u00ea\u015f \u00ean folklora Kurdan hene. Ji van \u00e7\u00eerokan her yek aqilek\u00ee \u00fb dersek\u00ea dide me","robots":{"index":"index","follow":"follow","max-snippet":"max-snippet:-1","max-image-preview":"max-image-preview:large","max-video-preview":"max-video-preview:-1"},"canonical":"https:\/\/shanabooks.de\/product\/cima-deve-xeyidi-celile-celil\/","og_locale":"en_US","og_type":"article","og_title":"\u00c7ima Deve Xey\u00eed\u00ee - Cel\u00eel\u00ea Cel\u00eel - www.shanabooks.de","og_description":"\u00c7ima Deve Xey\u00eed\u00ee - Cel\u00eel\u00ea Cel\u00eel Di v\u00ea pirt\u00fbk\u00ea da 21 \u00e7\u00eerok\u00ean aqilane \u00fb balk\u00ea\u015f \u00ean folklora Kurdan hene. Ji van \u00e7\u00eerokan her yek aqilek\u00ee \u00fb dersek\u00ea dide me","og_url":"https:\/\/shanabooks.de\/product\/cima-deve-xeyidi-celile-celil\/","og_site_name":"www.shanabooks.de","article_modified_time":"2025-12-31T17:49:20+00:00","og_image":[{"width":296,"height":469,"url":"https:\/\/shanabooks.de\/wp-content\/uploads\/2024\/03\/Cima-Deve-Xeyidi-wardoz.png","type":"image\/png"}],"twitter_card":"summary_large_image","twitter_misc":{"Est. reading time":"1 minute"},"schema":{"@context":"https:\/\/schema.org","@graph":[{"@type":"WebPage","@id":"https:\/\/shanabooks.de\/product\/cima-deve-xeyidi-celile-celil\/","url":"https:\/\/shanabooks.de\/product\/cima-deve-xeyidi-celile-celil\/","name":"\u00c7ima Deve Xey\u00eed\u00ee - Cel\u00eel\u00ea Cel\u00eel - www.shanabooks.de","isPartOf":{"@id":"https:\/\/shanabooks.de\/#website"},"primaryImageOfPage":{"@id":"https:\/\/shanabooks.de\/product\/cima-deve-xeyidi-celile-celil\/#primaryimage"},"image":{"@id":"https:\/\/shanabooks.de\/product\/cima-deve-xeyidi-celile-celil\/#primaryimage"},"thumbnailUrl":"https:\/\/shanabooks.de\/wp-content\/uploads\/2024\/03\/Cima-Deve-Xeyidi-wardoz.png","datePublished":"2024-03-03T19:46:45+00:00","dateModified":"2025-12-31T17:49:20+00:00","description":"\u00c7ima Deve Xey\u00eed\u00ee - Cel\u00eel\u00ea Cel\u00eel Di v\u00ea pirt\u00fbk\u00ea da 21 \u00e7\u00eerok\u00ean aqilane \u00fb balk\u00ea\u015f \u00ean folklora Kurdan hene. Ji van \u00e7\u00eerokan her yek aqilek\u00ee \u00fb dersek\u00ea dide me","breadcrumb":{"@id":"https:\/\/shanabooks.de\/product\/cima-deve-xeyidi-celile-celil\/#breadcrumb"},"inLanguage":"kur","potentialAction":[{"@type":"ReadAction","target":["https:\/\/shanabooks.de\/product\/cima-deve-xeyidi-celile-celil\/"]}]},{"@type":"ImageObject","inLanguage":"kur","@id":"https:\/\/shanabooks.de\/product\/cima-deve-xeyidi-celile-celil\/#primaryimage","url":"https:\/\/shanabooks.de\/wp-content\/uploads\/2024\/03\/Cima-Deve-Xeyidi-wardoz.png","contentUrl":"https:\/\/shanabooks.de\/wp-content\/uploads\/2024\/03\/Cima-Deve-Xeyidi-wardoz.png","width":296,"height":469,"caption":"\u00c7ima Deve Xey\u00eed\u00ee - Cel\u00eel\u00ea Cel\u00eel - pirt\u00fbk\u00ean kurd\u00ee"},{"@type":"BreadcrumbList","@id":"https:\/\/shanabooks.de\/product\/cima-deve-xeyidi-celile-celil\/#breadcrumb","itemListElement":[{"@type":"ListItem","position":1,"name":"\u0627\u0644\u0631\u0626\u064a\u0633\u064a\u0629","item":"https:\/\/shanabooks.de\/kur\/"},{"@type":"ListItem","position":2,"name":"\u0627\u0644\u0645\u0646\u062a\u062c\u0627\u062a","item":"https:\/\/shanabooks.de\/shop\/"},{"@type":"ListItem","position":3,"name":"\u00c7ima Deve Xey\u00eed\u00ee?"}]},{"@type":"WebSite","@id":"https:\/\/shanabooks.de\/#website","url":"https:\/\/shanabooks.de\/","name":"www.shanbooks.de","description":"C\u00eehana Pirt\u00fbk\u00ean Kurd\u00ee \u0645\u0643\u062a\u0628\u0629 \u0634\u0627\u0646\u0627 \u0641\u064a \u0627\u0644\u0645\u0627\u0646\u064a\u0627 \u0648\u0623\u0648\u0631\u0628\u0627","publisher":{"@id":"https:\/\/shanabooks.de\/#organization"},"potentialAction":[{"@type":"SearchAction","target":{"@type":"EntryPoint","urlTemplate":"https:\/\/shanabooks.de\/?s={search_term_string}"},"query-input":{"@type":"PropertyValueSpecification","valueRequired":true,"valueName":"search_term_string"}}],"inLanguage":"kur"},{"@type":"Organization","@id":"https:\/\/shanabooks.de\/#organization","name":"www.shanbooks.de","url":"https:\/\/shanabooks.de\/","logo":{"@type":"ImageObject","inLanguage":"kur","@id":"https:\/\/shanabooks.de\/#\/schema\/logo\/image\/","url":"https:\/\/shanabooks.de\/wp-content\/uploads\/2024\/03\/SHANABOOKS__2_-removebg-preview.png","contentUrl":"https:\/\/shanabooks.de\/wp-content\/uploads\/2024\/03\/SHANABOOKS__2_-removebg-preview.png","width":700,"height":150,"caption":"www.shanbooks.de"},"image":{"@id":"https:\/\/shanabooks.de\/#\/schema\/logo\/image\/"}}]}},"jetpack_sharing_enabled":true,"_links":{"self":[{"href":"https:\/\/shanabooks.de\/kur\/wp-json\/wp\/v2\/product\/12799","targetHints":{"allow":["GET"]}}],"collection":[{"href":"https:\/\/shanabooks.de\/kur\/wp-json\/wp\/v2\/product"}],"about":[{"href":"https:\/\/shanabooks.de\/kur\/wp-json\/wp\/v2\/types\/product"}],"version-history":[{"count":4,"href":"https:\/\/shanabooks.de\/kur\/wp-json\/wp\/v2\/product\/12799\/revisions"}],"predecessor-version":[{"id":25664,"href":"https:\/\/shanabooks.de\/kur\/wp-json\/wp\/v2\/product\/12799\/revisions\/25664"}],"wp:featuredmedia":[{"embeddable":true,"href":"https:\/\/shanabooks.de\/kur\/wp-json\/wp\/v2\/media\/12859"}],"wp:attachment":[{"href":"https:\/\/shanabooks.de\/kur\/wp-json\/wp\/v2\/media?parent=12799"}],"wp:term":[{"taxonomy":"product_brand","embeddable":true,"href":"https:\/\/shanabooks.de\/kur\/wp-json\/wp\/v2\/product_brand?post=12799"},{"taxonomy":"product_cat","embeddable":true,"href":"https:\/\/shanabooks.de\/kur\/wp-json\/wp\/v2\/product_cat?post=12799"},{"taxonomy":"product_tag","embeddable":true,"href":"https:\/\/shanabooks.de\/kur\/wp-json\/wp\/v2\/product_tag?post=12799"}],"curies":[{"name":"wp","href":"https:\/\/api.w.org\/{rel}","templated":true}]}}