{"id":12803,"date":"2024-03-03T19:46:45","date_gmt":"2024-03-03T19:46:45","guid":{"rendered":"https:\/\/shanabooks.de\/?post_type=product&#038;p=12803"},"modified":"2024-03-19T16:05:46","modified_gmt":"2024-03-19T16:05:46","slug":"hin-pirsyar-derbare-demokrasiye-de-siyar-isa","status":"publish","type":"product","link":"https:\/\/shanabooks.de\/kur\/product\/hin-pirsyar-derbare-demokrasiye-de-siyar-isa\/","title":{"rendered":"Hin pirsyar derbar\u00ea demokras\u00eey\u00ea de"},"content":{"rendered":"<p dir=\"ltr\"><strong>Hin pirsyar derbar\u00ea demokras\u00eey\u00ea de &#8211; \u015eiyar \u00cesa<\/strong><\/p>\n<p dir=\"ltr\">Di berhema xwe ya li j\u00ear serenav\u00ea \u201cHin Pirsyar Der Bar\u00ea Demokras\u00eey\u00ea De \u2013 S\u00fbr\u00eeye Wek\u00ee M\u00eenak\u201d de, l\u00eakol\u00eener \u015eiyar \u00cesa d\u00eeroka demokras\u00eey\u00ea, \u015f\u00eawaz\u00ean desthilatdar\u00eey\u00ea \u00fb rej\u00eem\u00ean demokrat\u00eek bi rengek\u00ee gelemper \u00fb li gor zanyar\u00eey\u00ean t\u00ear\u00fbtij\u00ee rave dike. Berhema Hin pirsyar derbar\u00ea demokras\u00eey\u00ea de ya \u015eiyar \u00cesa ku bi zimanek\u00ee akadem\u00eek \u00ea sade \u00fb f\u00eambar hatiye niv\u00ees\u00een, giran\u00eey\u00ea dide \u015firovekirin\u00ean felsefey\u00ee \u00fb hizir\u00ee y\u00ean der heq\u00ea merc, eger \u00fb faktor\u00eanguncer \u00ean r\u00fbni\u015ftandina pergaleke desthilatdar\u00eey\u00ea ya demokrat\u00eek de. L\u00eakol\u00een, hizir \u00fb bo\u00e7\u00fbn\u00ean f\u00eelozof \u00fb ramanwer\u00ean gewre y\u00ean Y\u00fbnanistana kevin \u00fb Ewropay\u00ea raber dike \u00fb hem\u00fbyan dide ber b\u00eajinga dah\u00fbrandineke zanist\u00ee ya hi\u015fmendane. L\u00eakol\u00een her weha giran\u00eey\u00ea dide \u015firovekirina teor\u00eey\u00ean hizir\u00ee y\u00ean binav\u00fbdeng \u00ean ku bar\u00ea nasandina rej\u00eem\u00ean demokrat\u00eek daye p\u00ea\u015f\u00eeya xwe. Wek\u00ee din, l\u00eakol\u00eener \u015eiyar \u00cesa be\u015fek\u00ee berfireh \u00eaberhema xwe ji bo dah\u00fbrandina rew\u015fa qeyrana S\u00fbr\u00eeyey\u00ea veqetandiye; sedem\u00ean qeyran\u00ea \u00fb rew\u015fa s\u00eeyas\u00ee ya S\u00fbr\u00eeyey\u00ea ji xw\u00eeneran re zelal kirine.<em><br \/>\n<\/em><\/p>\n","protected":false},"excerpt":{"rendered":"<p dir=\"ltr\" style=\"text-align: center\"><strong>Pirt\u00fbk: Hin pirsyar derbar\u00ea demokras\u00eey\u00ea de<br \/>\nNiv\u00eesakr: \u015eiyar \u00cesa<br \/>\nCure: Civak-Siyas\u00ee<\/strong><\/p>\n","protected":false},"featured_media":12866,"template":"","meta":{"site-sidebar-layout":"default","site-content-layout":"","ast-site-content-layout":"default","site-content-style":"default","site-sidebar-style":"default","ast-global-header-display":"","ast-banner-title-visibility":"","ast-main-header-display":"","ast-hfb-above-header-display":"","ast-hfb-below-header-display":"","ast-hfb-mobile-header-display":"","site-post-title":"","ast-breadcrumbs-content":"","ast-featured-img":"","footer-sml-layout":"","ast-disable-related-posts":"","theme-transparent-header-meta":"default","adv-header-id-meta":"","stick-header-meta":"","header-above-stick-meta":"","header-main-stick-meta":"","header-below-stick-meta":"","astra-migrate-meta-layouts":"set","ast-page-background-enabled":"default","ast-page-background-meta":{"desktop":{"background-color":"","background-image":"","background-repeat":"repeat","background-position":"center center","background-size":"auto","background-attachment":"scroll","background-type":"","background-media":"","overlay-type":"","overlay-color":"","overlay-opacity":"","overlay-gradient":""},"tablet":{"background-color":"","background-image":"","background-repeat":"repeat","background-position":"center center","background-size":"auto","background-attachment":"scroll","background-type":"","background-media":"","overlay-type":"","overlay-color":"","overlay-opacity":"","overlay-gradient":""},"mobile":{"background-color":"","background-image":"","background-repeat":"repeat","background-position":"center center","background-size":"auto","background-attachment":"scroll","background-type":"","background-media":"","overlay-type":"","overlay-color":"","overlay-opacity":"","overlay-gradient":""}},"ast-content-background-meta":{"desktop":{"background-color":"var(--ast-global-color-5)","background-image":"","background-repeat":"repeat","background-position":"center center","background-size":"auto","background-attachment":"scroll","background-type":"","background-media":"","overlay-type":"","overlay-color":"","overlay-opacity":"","overlay-gradient":""},"tablet":{"background-color":"var(--ast-global-color-5)","background-image":"","background-repeat":"repeat","background-position":"center center","background-size":"auto","background-attachment":"scroll","background-type":"","background-media":"","overlay-type":"","overlay-color":"","overlay-opacity":"","overlay-gradient":""},"mobile":{"background-color":"var(--ast-global-color-5)","background-image":"","background-repeat":"repeat","background-position":"center center","background-size":"auto","background-attachment":"scroll","background-type":"","background-media":"","overlay-type":"","overlay-color":"","overlay-opacity":"","overlay-gradient":""}}},"product_brand":[],"product_cat":[188,193],"product_tag":[],"class_list":{"0":"post-12803","1":"product","2":"type-product","3":"status-publish","4":"has-post-thumbnail","6":"product_cat-_","7":"product_cat--_","8":"pa_-politik","9":"pa_-siyar-isa","10":"pa_-kurmanci","11":"pa_--lis-yayinevi","12":"desktop-align-left","13":"tablet-align-left","14":"mobile-align-left","16":"first","17":"instock","18":"shipping-taxable","19":"purchasable","20":"product-type-simple"},"yoast_head":"<!-- This site is optimized with the Yoast SEO plugin v27.4 - https:\/\/yoast.com\/product\/yoast-seo-wordpress\/ -->\n<title>Hin pirsyar derbar\u00ea demokras\u00eey\u00ea de - \u015eiyar \u00cesa - www.shanabooks.de<\/title>\n<meta name=\"description\" content=\"Hin pirsyar derbar\u00ea demokras\u00eey\u00ea de - \u015eiyar \u00cesa Di berhema xwe ya li j\u00ear serenav\u00ea \u201cHin Pirsyar Der Bar\u00ea Demokras\u00eey\u00ea De \u2013 S\u00fbr\u00eeye Wek\u00ee M\u00eenak\u201d de, l\u00eakol\u00eener...\" \/>\n<meta name=\"robots\" content=\"index, follow, max-snippet:-1, max-image-preview:large, max-video-preview:-1\" \/>\n<link rel=\"canonical\" href=\"https:\/\/shanabooks.de\/product\/hin-pirsyar-derbare-demokrasiye-de-siyar-isa\/\" \/>\n<meta property=\"og:locale\" content=\"en_US\" \/>\n<meta property=\"og:type\" content=\"article\" \/>\n<meta property=\"og:title\" content=\"Hin pirsyar derbar\u00ea demokras\u00eey\u00ea de - \u015eiyar \u00cesa - www.shanabooks.de\" \/>\n<meta property=\"og:description\" content=\"Hin pirsyar derbar\u00ea demokras\u00eey\u00ea de - \u015eiyar \u00cesa Di berhema xwe ya li j\u00ear serenav\u00ea \u201cHin Pirsyar Der Bar\u00ea Demokras\u00eey\u00ea De \u2013 S\u00fbr\u00eeye Wek\u00ee M\u00eenak\u201d de, l\u00eakol\u00eener...\" \/>\n<meta property=\"og:url\" content=\"https:\/\/shanabooks.de\/product\/hin-pirsyar-derbare-demokrasiye-de-siyar-isa\/\" \/>\n<meta property=\"og:site_name\" content=\"www.shanabooks.de\" \/>\n<meta property=\"article:modified_time\" content=\"2024-03-19T16:05:46+00:00\" \/>\n<meta property=\"og:image\" content=\"https:\/\/shanabooks.de\/wp-content\/uploads\/2024\/03\/Hin-Pirsyar-der-bare-demokrasiye-de.png\" \/>\n\t<meta property=\"og:image:width\" content=\"298\" \/>\n\t<meta property=\"og:image:height\" content=\"478\" \/>\n\t<meta property=\"og:image:type\" content=\"image\/png\" \/>\n<meta name=\"twitter:card\" content=\"summary_large_image\" \/>\n<meta name=\"twitter:label1\" content=\"Est. reading time\" \/>\n\t<meta name=\"twitter:data1\" content=\"2 minutes\" \/>\n<script type=\"application\/ld+json\" class=\"yoast-schema-graph\">{\"@context\":\"https:\\\/\\\/schema.org\",\"@graph\":[{\"@type\":\"WebPage\",\"@id\":\"https:\\\/\\\/shanabooks.de\\\/product\\\/hin-pirsyar-derbare-demokrasiye-de-siyar-isa\\\/\",\"url\":\"https:\\\/\\\/shanabooks.de\\\/product\\\/hin-pirsyar-derbare-demokrasiye-de-siyar-isa\\\/\",\"name\":\"Hin pirsyar derbar\u00ea demokras\u00eey\u00ea de - \u015eiyar \u00cesa - www.shanabooks.de\",\"isPartOf\":{\"@id\":\"https:\\\/\\\/shanabooks.de\\\/#website\"},\"primaryImageOfPage\":{\"@id\":\"https:\\\/\\\/shanabooks.de\\\/product\\\/hin-pirsyar-derbare-demokrasiye-de-siyar-isa\\\/#primaryimage\"},\"image\":{\"@id\":\"https:\\\/\\\/shanabooks.de\\\/product\\\/hin-pirsyar-derbare-demokrasiye-de-siyar-isa\\\/#primaryimage\"},\"thumbnailUrl\":\"https:\\\/\\\/shanabooks.de\\\/wp-content\\\/uploads\\\/2024\\\/03\\\/Hin-Pirsyar-der-bare-demokrasiye-de.png\",\"datePublished\":\"2024-03-03T19:46:45+00:00\",\"dateModified\":\"2024-03-19T16:05:46+00:00\",\"description\":\"Hin pirsyar derbar\u00ea demokras\u00eey\u00ea de - \u015eiyar \u00cesa Di berhema xwe ya li j\u00ear serenav\u00ea \u201cHin Pirsyar Der Bar\u00ea Demokras\u00eey\u00ea De \u2013 S\u00fbr\u00eeye Wek\u00ee M\u00eenak\u201d de, l\u00eakol\u00eener...\",\"breadcrumb\":{\"@id\":\"https:\\\/\\\/shanabooks.de\\\/product\\\/hin-pirsyar-derbare-demokrasiye-de-siyar-isa\\\/#breadcrumb\"},\"inLanguage\":\"kur\",\"potentialAction\":[{\"@type\":\"ReadAction\",\"target\":[\"https:\\\/\\\/shanabooks.de\\\/product\\\/hin-pirsyar-derbare-demokrasiye-de-siyar-isa\\\/\"]}]},{\"@type\":\"ImageObject\",\"inLanguage\":\"kur\",\"@id\":\"https:\\\/\\\/shanabooks.de\\\/product\\\/hin-pirsyar-derbare-demokrasiye-de-siyar-isa\\\/#primaryimage\",\"url\":\"https:\\\/\\\/shanabooks.de\\\/wp-content\\\/uploads\\\/2024\\\/03\\\/Hin-Pirsyar-der-bare-demokrasiye-de.png\",\"contentUrl\":\"https:\\\/\\\/shanabooks.de\\\/wp-content\\\/uploads\\\/2024\\\/03\\\/Hin-Pirsyar-der-bare-demokrasiye-de.png\",\"width\":298,\"height\":478,\"caption\":\"Hin pirsyar derbar\u00ea demokras\u00eey\u00ea de - \u015eiyar \u00cesa - pirt\u00fbk\u00ean kurd\u00ee\"},{\"@type\":\"BreadcrumbList\",\"@id\":\"https:\\\/\\\/shanabooks.de\\\/product\\\/hin-pirsyar-derbare-demokrasiye-de-siyar-isa\\\/#breadcrumb\",\"itemListElement\":[{\"@type\":\"ListItem\",\"position\":1,\"name\":\"\u0627\u0644\u0631\u0626\u064a\u0633\u064a\u0629\",\"item\":\"https:\\\/\\\/shanabooks.de\\\/kur\\\/\"},{\"@type\":\"ListItem\",\"position\":2,\"name\":\"\u0627\u0644\u0645\u0646\u062a\u062c\u0627\u062a\",\"item\":\"https:\\\/\\\/shanabooks.de\\\/shop\\\/\"},{\"@type\":\"ListItem\",\"position\":3,\"name\":\"Hin pirsyar derbar\u00ea demokras\u00eey\u00ea de\"}]},{\"@type\":\"WebSite\",\"@id\":\"https:\\\/\\\/shanabooks.de\\\/#website\",\"url\":\"https:\\\/\\\/shanabooks.de\\\/\",\"name\":\"www.shanbooks.de\",\"description\":\"C\u00eehana Pirt\u00fbk\u00ean Kurd\u00ee \u0645\u0643\u062a\u0628\u0629 \u0634\u0627\u0646\u0627 \u0641\u064a \u0627\u0644\u0645\u0627\u0646\u064a\u0627 \u0648\u0623\u0648\u0631\u0628\u0627\",\"publisher\":{\"@id\":\"https:\\\/\\\/shanabooks.de\\\/#organization\"},\"potentialAction\":[{\"@type\":\"SearchAction\",\"target\":{\"@type\":\"EntryPoint\",\"urlTemplate\":\"https:\\\/\\\/shanabooks.de\\\/?s={search_term_string}\"},\"query-input\":{\"@type\":\"PropertyValueSpecification\",\"valueRequired\":true,\"valueName\":\"search_term_string\"}}],\"inLanguage\":\"kur\"},{\"@type\":\"Organization\",\"@id\":\"https:\\\/\\\/shanabooks.de\\\/#organization\",\"name\":\"www.shanbooks.de\",\"url\":\"https:\\\/\\\/shanabooks.de\\\/\",\"logo\":{\"@type\":\"ImageObject\",\"inLanguage\":\"kur\",\"@id\":\"https:\\\/\\\/shanabooks.de\\\/#\\\/schema\\\/logo\\\/image\\\/\",\"url\":\"https:\\\/\\\/shanabooks.de\\\/wp-content\\\/uploads\\\/2024\\\/03\\\/SHANABOOKS__2_-removebg-preview.png\",\"contentUrl\":\"https:\\\/\\\/shanabooks.de\\\/wp-content\\\/uploads\\\/2024\\\/03\\\/SHANABOOKS__2_-removebg-preview.png\",\"width\":700,\"height\":150,\"caption\":\"www.shanbooks.de\"},\"image\":{\"@id\":\"https:\\\/\\\/shanabooks.de\\\/#\\\/schema\\\/logo\\\/image\\\/\"}}]}<\/script>\n<!-- \/ Yoast SEO plugin. -->","yoast_head_json":{"title":"Hin pirsyar derbar\u00ea demokras\u00eey\u00ea de - \u015eiyar \u00cesa - www.shanabooks.de","description":"Hin pirsyar derbar\u00ea demokras\u00eey\u00ea de - \u015eiyar \u00cesa Di berhema xwe ya li j\u00ear serenav\u00ea \u201cHin Pirsyar Der Bar\u00ea Demokras\u00eey\u00ea De \u2013 S\u00fbr\u00eeye Wek\u00ee M\u00eenak\u201d de, l\u00eakol\u00eener...","robots":{"index":"index","follow":"follow","max-snippet":"max-snippet:-1","max-image-preview":"max-image-preview:large","max-video-preview":"max-video-preview:-1"},"canonical":"https:\/\/shanabooks.de\/product\/hin-pirsyar-derbare-demokrasiye-de-siyar-isa\/","og_locale":"en_US","og_type":"article","og_title":"Hin pirsyar derbar\u00ea demokras\u00eey\u00ea de - \u015eiyar \u00cesa - www.shanabooks.de","og_description":"Hin pirsyar derbar\u00ea demokras\u00eey\u00ea de - \u015eiyar \u00cesa Di berhema xwe ya li j\u00ear serenav\u00ea \u201cHin Pirsyar Der Bar\u00ea Demokras\u00eey\u00ea De \u2013 S\u00fbr\u00eeye Wek\u00ee M\u00eenak\u201d de, l\u00eakol\u00eener...","og_url":"https:\/\/shanabooks.de\/product\/hin-pirsyar-derbare-demokrasiye-de-siyar-isa\/","og_site_name":"www.shanabooks.de","article_modified_time":"2024-03-19T16:05:46+00:00","og_image":[{"width":298,"height":478,"url":"https:\/\/shanabooks.de\/wp-content\/uploads\/2024\/03\/Hin-Pirsyar-der-bare-demokrasiye-de.png","type":"image\/png"}],"twitter_card":"summary_large_image","twitter_misc":{"Est. reading time":"2 minutes"},"schema":{"@context":"https:\/\/schema.org","@graph":[{"@type":"WebPage","@id":"https:\/\/shanabooks.de\/product\/hin-pirsyar-derbare-demokrasiye-de-siyar-isa\/","url":"https:\/\/shanabooks.de\/product\/hin-pirsyar-derbare-demokrasiye-de-siyar-isa\/","name":"Hin pirsyar derbar\u00ea demokras\u00eey\u00ea de - \u015eiyar \u00cesa - www.shanabooks.de","isPartOf":{"@id":"https:\/\/shanabooks.de\/#website"},"primaryImageOfPage":{"@id":"https:\/\/shanabooks.de\/product\/hin-pirsyar-derbare-demokrasiye-de-siyar-isa\/#primaryimage"},"image":{"@id":"https:\/\/shanabooks.de\/product\/hin-pirsyar-derbare-demokrasiye-de-siyar-isa\/#primaryimage"},"thumbnailUrl":"https:\/\/shanabooks.de\/wp-content\/uploads\/2024\/03\/Hin-Pirsyar-der-bare-demokrasiye-de.png","datePublished":"2024-03-03T19:46:45+00:00","dateModified":"2024-03-19T16:05:46+00:00","description":"Hin pirsyar derbar\u00ea demokras\u00eey\u00ea de - \u015eiyar \u00cesa Di berhema xwe ya li j\u00ear serenav\u00ea \u201cHin Pirsyar Der Bar\u00ea Demokras\u00eey\u00ea De \u2013 S\u00fbr\u00eeye Wek\u00ee M\u00eenak\u201d de, l\u00eakol\u00eener...","breadcrumb":{"@id":"https:\/\/shanabooks.de\/product\/hin-pirsyar-derbare-demokrasiye-de-siyar-isa\/#breadcrumb"},"inLanguage":"kur","potentialAction":[{"@type":"ReadAction","target":["https:\/\/shanabooks.de\/product\/hin-pirsyar-derbare-demokrasiye-de-siyar-isa\/"]}]},{"@type":"ImageObject","inLanguage":"kur","@id":"https:\/\/shanabooks.de\/product\/hin-pirsyar-derbare-demokrasiye-de-siyar-isa\/#primaryimage","url":"https:\/\/shanabooks.de\/wp-content\/uploads\/2024\/03\/Hin-Pirsyar-der-bare-demokrasiye-de.png","contentUrl":"https:\/\/shanabooks.de\/wp-content\/uploads\/2024\/03\/Hin-Pirsyar-der-bare-demokrasiye-de.png","width":298,"height":478,"caption":"Hin pirsyar derbar\u00ea demokras\u00eey\u00ea de - \u015eiyar \u00cesa - pirt\u00fbk\u00ean kurd\u00ee"},{"@type":"BreadcrumbList","@id":"https:\/\/shanabooks.de\/product\/hin-pirsyar-derbare-demokrasiye-de-siyar-isa\/#breadcrumb","itemListElement":[{"@type":"ListItem","position":1,"name":"\u0627\u0644\u0631\u0626\u064a\u0633\u064a\u0629","item":"https:\/\/shanabooks.de\/kur\/"},{"@type":"ListItem","position":2,"name":"\u0627\u0644\u0645\u0646\u062a\u062c\u0627\u062a","item":"https:\/\/shanabooks.de\/shop\/"},{"@type":"ListItem","position":3,"name":"Hin pirsyar derbar\u00ea demokras\u00eey\u00ea de"}]},{"@type":"WebSite","@id":"https:\/\/shanabooks.de\/#website","url":"https:\/\/shanabooks.de\/","name":"www.shanbooks.de","description":"C\u00eehana Pirt\u00fbk\u00ean Kurd\u00ee \u0645\u0643\u062a\u0628\u0629 \u0634\u0627\u0646\u0627 \u0641\u064a \u0627\u0644\u0645\u0627\u0646\u064a\u0627 \u0648\u0623\u0648\u0631\u0628\u0627","publisher":{"@id":"https:\/\/shanabooks.de\/#organization"},"potentialAction":[{"@type":"SearchAction","target":{"@type":"EntryPoint","urlTemplate":"https:\/\/shanabooks.de\/?s={search_term_string}"},"query-input":{"@type":"PropertyValueSpecification","valueRequired":true,"valueName":"search_term_string"}}],"inLanguage":"kur"},{"@type":"Organization","@id":"https:\/\/shanabooks.de\/#organization","name":"www.shanbooks.de","url":"https:\/\/shanabooks.de\/","logo":{"@type":"ImageObject","inLanguage":"kur","@id":"https:\/\/shanabooks.de\/#\/schema\/logo\/image\/","url":"https:\/\/shanabooks.de\/wp-content\/uploads\/2024\/03\/SHANABOOKS__2_-removebg-preview.png","contentUrl":"https:\/\/shanabooks.de\/wp-content\/uploads\/2024\/03\/SHANABOOKS__2_-removebg-preview.png","width":700,"height":150,"caption":"www.shanbooks.de"},"image":{"@id":"https:\/\/shanabooks.de\/#\/schema\/logo\/image\/"}}]}},"jetpack_sharing_enabled":true,"_links":{"self":[{"href":"https:\/\/shanabooks.de\/kur\/wp-json\/wp\/v2\/product\/12803","targetHints":{"allow":["GET"]}}],"collection":[{"href":"https:\/\/shanabooks.de\/kur\/wp-json\/wp\/v2\/product"}],"about":[{"href":"https:\/\/shanabooks.de\/kur\/wp-json\/wp\/v2\/types\/product"}],"version-history":[{"count":3,"href":"https:\/\/shanabooks.de\/kur\/wp-json\/wp\/v2\/product\/12803\/revisions"}],"predecessor-version":[{"id":20403,"href":"https:\/\/shanabooks.de\/kur\/wp-json\/wp\/v2\/product\/12803\/revisions\/20403"}],"wp:featuredmedia":[{"embeddable":true,"href":"https:\/\/shanabooks.de\/kur\/wp-json\/wp\/v2\/media\/12866"}],"wp:attachment":[{"href":"https:\/\/shanabooks.de\/kur\/wp-json\/wp\/v2\/media?parent=12803"}],"wp:term":[{"taxonomy":"product_brand","embeddable":true,"href":"https:\/\/shanabooks.de\/kur\/wp-json\/wp\/v2\/product_brand?post=12803"},{"taxonomy":"product_cat","embeddable":true,"href":"https:\/\/shanabooks.de\/kur\/wp-json\/wp\/v2\/product_cat?post=12803"},{"taxonomy":"product_tag","embeddable":true,"href":"https:\/\/shanabooks.de\/kur\/wp-json\/wp\/v2\/product_tag?post=12803"}],"curies":[{"name":"wp","href":"https:\/\/api.w.org\/{rel}","templated":true}]}}