{"id":12809,"date":"2024-03-03T19:46:46","date_gmt":"2024-03-03T19:46:46","guid":{"rendered":"https:\/\/shanabooks.de\/?post_type=product&#038;p=12809"},"modified":"2025-12-31T17:30:03","modified_gmt":"2025-12-31T17:30:03","slug":"mewluda-pexember-seydaye-tirej","status":"publish","type":"product","link":"https:\/\/shanabooks.de\/kur\/product\/mewluda-pexember-seydaye-tirej\/","title":{"rendered":"Mewl\u00fbda P\u00eaxember"},"content":{"rendered":"<p dir=\"ltr\"><strong>Mewl\u00fbda P\u00eaxember &#8211; Seyday\u00ea T\u00eer\u00eaj<\/strong><\/p>\n<p dir=\"ltr\">JI MEWL\u00dbDA SEYDAY\u00ca T\u00ceR\u00caJ \u00c7END R\u00caZIK<br \/>\n&#8230;..<br \/>\nDi ola me de qet ne hin kolejar<br \/>\nNe hin cir\u00eet\u00ee hem ne hin bendewar.<br \/>\n&#8230;.<br \/>\nMirov\u00ean re\u015f \u00fb gewr hem\u00ee wek hev in<br \/>\nJi yek d\u00ea bav in, hem\u00ee yek reh in.<br \/>\n&#8230;.<br \/>\nNe kesra me \u00eero ne j\u00ee qeyser im<br \/>\nNe xaqan \u00fb \u015fah im ne j\u00ee begler im.<br \/>\n&#8230;.<br \/>\nXuday\u00ea dilovan bi nav\u00ea xwe ke<br \/>\nTu T\u00eer\u00eaj ji rehma xwe b\u00eapar meke<\/p>\n","protected":false},"excerpt":{"rendered":"<p dir=\"ltr\" style=\"text-align: center\"><strong>Niv\u00eeskar: Seyday\u00ea T\u00eer\u00eaj<br \/>\nPirt\u00fbk: Mewl\u00fbda P\u00eaxember<br \/>\nCure: Pirt\u00fbk\u00ean Ol\u00ee<\/strong><\/p>\n","protected":false},"featured_media":12888,"template":"","meta":{"site-sidebar-layout":"default","site-content-layout":"","ast-site-content-layout":"default","site-content-style":"default","site-sidebar-style":"default","ast-global-header-display":"","ast-banner-title-visibility":"","ast-main-header-display":"","ast-hfb-above-header-display":"","ast-hfb-below-header-display":"","ast-hfb-mobile-header-display":"","site-post-title":"","ast-breadcrumbs-content":"","ast-featured-img":"","footer-sml-layout":"","ast-disable-related-posts":"","theme-transparent-header-meta":"default","adv-header-id-meta":"","stick-header-meta":"","header-above-stick-meta":"","header-main-stick-meta":"","header-below-stick-meta":"","astra-migrate-meta-layouts":"set","ast-page-background-enabled":"default","ast-page-background-meta":{"desktop":{"background-color":"","background-image":"","background-repeat":"repeat","background-position":"center center","background-size":"auto","background-attachment":"scroll","background-type":"","background-media":"","overlay-type":"","overlay-color":"","overlay-opacity":"","overlay-gradient":""},"tablet":{"background-color":"","background-image":"","background-repeat":"repeat","background-position":"center center","background-size":"auto","background-attachment":"scroll","background-type":"","background-media":"","overlay-type":"","overlay-color":"","overlay-opacity":"","overlay-gradient":""},"mobile":{"background-color":"","background-image":"","background-repeat":"repeat","background-position":"center center","background-size":"auto","background-attachment":"scroll","background-type":"","background-media":"","overlay-type":"","overlay-color":"","overlay-opacity":"","overlay-gradient":""}},"ast-content-background-meta":{"desktop":{"background-color":"var(--ast-global-color-5)","background-image":"","background-repeat":"repeat","background-position":"center center","background-size":"auto","background-attachment":"scroll","background-type":"","background-media":"","overlay-type":"","overlay-color":"","overlay-opacity":"","overlay-gradient":""},"tablet":{"background-color":"var(--ast-global-color-5)","background-image":"","background-repeat":"repeat","background-position":"center center","background-size":"auto","background-attachment":"scroll","background-type":"","background-media":"","overlay-type":"","overlay-color":"","overlay-opacity":"","overlay-gradient":""},"mobile":{"background-color":"var(--ast-global-color-5)","background-image":"","background-repeat":"repeat","background-position":"center center","background-size":"auto","background-attachment":"scroll","background-type":"","background-media":"","overlay-type":"","overlay-color":"","overlay-opacity":"","overlay-gradient":""}}},"product_brand":[],"product_cat":[189,193],"product_tag":[],"class_list":{"0":"post-12809","1":"product","2":"type-product","3":"status-publish","4":"has-post-thumbnail","6":"product_cat--_","8":"pa_-pirtuken-oli","9":"pa_-seydaye-tirej","10":"pa_-kurmanci","11":"pa_--peywend-yayinlari","12":"desktop-align-left","13":"tablet-align-left","14":"mobile-align-left","16":"first","17":"instock","18":"shipping-taxable","19":"purchasable","20":"product-type-simple"},"yoast_head":"<!-- This site is optimized with the Yoast SEO plugin v27.4 - https:\/\/yoast.com\/product\/yoast-seo-wordpress\/ -->\n<title>Mewl\u00fbda P\u00eaxember - Seyday\u00ea T\u00eer\u00eaj - www.shanabooks.de<\/title>\n<meta name=\"description\" content=\"Mewl\u00fbda P\u00eaxember - Seyday\u00ea T\u00eer\u00eaj JI MEWL\u00dbDA SEYDAY\u00ca T\u00ceR\u00caJ \u00c7END R\u00caZIK..... Di ola me de qet ne hin kolejar Ne hin cir\u00eet\u00ee hem ne hin bendewar..... Mirov\u00ean ...\" \/>\n<meta name=\"robots\" content=\"index, follow, max-snippet:-1, max-image-preview:large, max-video-preview:-1\" \/>\n<link rel=\"canonical\" href=\"https:\/\/shanabooks.de\/product\/mewluda-pexember-seydaye-tirej\/\" \/>\n<meta property=\"og:locale\" content=\"en_US\" \/>\n<meta property=\"og:type\" content=\"article\" \/>\n<meta property=\"og:title\" content=\"Mewl\u00fbda P\u00eaxember - Seyday\u00ea T\u00eer\u00eaj - www.shanabooks.de\" \/>\n<meta property=\"og:description\" content=\"Mewl\u00fbda P\u00eaxember - Seyday\u00ea T\u00eer\u00eaj JI MEWL\u00dbDA SEYDAY\u00ca T\u00ceR\u00caJ \u00c7END R\u00caZIK..... Di ola me de qet ne hin kolejar Ne hin cir\u00eet\u00ee hem ne hin bendewar..... Mirov\u00ean ...\" \/>\n<meta property=\"og:url\" content=\"https:\/\/shanabooks.de\/product\/mewluda-pexember-seydaye-tirej\/\" \/>\n<meta property=\"og:site_name\" content=\"www.shanabooks.de\" \/>\n<meta property=\"article:modified_time\" content=\"2025-12-31T17:30:03+00:00\" \/>\n<meta property=\"og:image\" content=\"https:\/\/shanabooks.de\/wp-content\/uploads\/2024\/03\/Mewluda-Pexember-Peywend.png\" \/>\n\t<meta property=\"og:image:width\" content=\"304\" \/>\n\t<meta property=\"og:image:height\" content=\"477\" \/>\n\t<meta property=\"og:image:type\" content=\"image\/png\" \/>\n<meta name=\"twitter:card\" content=\"summary_large_image\" \/>\n<meta name=\"twitter:label1\" content=\"Est. reading time\" \/>\n\t<meta name=\"twitter:data1\" content=\"1 minute\" \/>\n<script type=\"application\/ld+json\" class=\"yoast-schema-graph\">{\"@context\":\"https:\\\/\\\/schema.org\",\"@graph\":[{\"@type\":\"WebPage\",\"@id\":\"https:\\\/\\\/shanabooks.de\\\/product\\\/mewluda-pexember-seydaye-tirej\\\/\",\"url\":\"https:\\\/\\\/shanabooks.de\\\/product\\\/mewluda-pexember-seydaye-tirej\\\/\",\"name\":\"Mewl\u00fbda P\u00eaxember - Seyday\u00ea T\u00eer\u00eaj - www.shanabooks.de\",\"isPartOf\":{\"@id\":\"https:\\\/\\\/shanabooks.de\\\/#website\"},\"primaryImageOfPage\":{\"@id\":\"https:\\\/\\\/shanabooks.de\\\/product\\\/mewluda-pexember-seydaye-tirej\\\/#primaryimage\"},\"image\":{\"@id\":\"https:\\\/\\\/shanabooks.de\\\/product\\\/mewluda-pexember-seydaye-tirej\\\/#primaryimage\"},\"thumbnailUrl\":\"https:\\\/\\\/shanabooks.de\\\/wp-content\\\/uploads\\\/2024\\\/03\\\/Mewluda-Pexember-Peywend.png\",\"datePublished\":\"2024-03-03T19:46:46+00:00\",\"dateModified\":\"2025-12-31T17:30:03+00:00\",\"description\":\"Mewl\u00fbda P\u00eaxember - Seyday\u00ea T\u00eer\u00eaj JI MEWL\u00dbDA SEYDAY\u00ca T\u00ceR\u00caJ \u00c7END R\u00caZIK..... Di ola me de qet ne hin kolejar Ne hin cir\u00eet\u00ee hem ne hin bendewar..... Mirov\u00ean ...\",\"breadcrumb\":{\"@id\":\"https:\\\/\\\/shanabooks.de\\\/product\\\/mewluda-pexember-seydaye-tirej\\\/#breadcrumb\"},\"inLanguage\":\"kur\",\"potentialAction\":[{\"@type\":\"ReadAction\",\"target\":[\"https:\\\/\\\/shanabooks.de\\\/product\\\/mewluda-pexember-seydaye-tirej\\\/\"]}]},{\"@type\":\"ImageObject\",\"inLanguage\":\"kur\",\"@id\":\"https:\\\/\\\/shanabooks.de\\\/product\\\/mewluda-pexember-seydaye-tirej\\\/#primaryimage\",\"url\":\"https:\\\/\\\/shanabooks.de\\\/wp-content\\\/uploads\\\/2024\\\/03\\\/Mewluda-Pexember-Peywend.png\",\"contentUrl\":\"https:\\\/\\\/shanabooks.de\\\/wp-content\\\/uploads\\\/2024\\\/03\\\/Mewluda-Pexember-Peywend.png\",\"width\":304,\"height\":477,\"caption\":\"Mewl\u00fbda P\u00eaxember - Seyday\u00ea T\u00eer\u00eaj - pirt\u00fbk\u00ean kurd\u00ee\"},{\"@type\":\"BreadcrumbList\",\"@id\":\"https:\\\/\\\/shanabooks.de\\\/product\\\/mewluda-pexember-seydaye-tirej\\\/#breadcrumb\",\"itemListElement\":[{\"@type\":\"ListItem\",\"position\":1,\"name\":\"\u0627\u0644\u0631\u0626\u064a\u0633\u064a\u0629\",\"item\":\"https:\\\/\\\/shanabooks.de\\\/kur\\\/\"},{\"@type\":\"ListItem\",\"position\":2,\"name\":\"\u0627\u0644\u0645\u0646\u062a\u062c\u0627\u062a\",\"item\":\"https:\\\/\\\/shanabooks.de\\\/shop\\\/\"},{\"@type\":\"ListItem\",\"position\":3,\"name\":\"Mewl\u00fbda P\u00eaxember\"}]},{\"@type\":\"WebSite\",\"@id\":\"https:\\\/\\\/shanabooks.de\\\/#website\",\"url\":\"https:\\\/\\\/shanabooks.de\\\/\",\"name\":\"www.shanbooks.de\",\"description\":\"C\u00eehana Pirt\u00fbk\u00ean Kurd\u00ee \u0645\u0643\u062a\u0628\u0629 \u0634\u0627\u0646\u0627 \u0641\u064a \u0627\u0644\u0645\u0627\u0646\u064a\u0627 \u0648\u0623\u0648\u0631\u0628\u0627\",\"publisher\":{\"@id\":\"https:\\\/\\\/shanabooks.de\\\/#organization\"},\"potentialAction\":[{\"@type\":\"SearchAction\",\"target\":{\"@type\":\"EntryPoint\",\"urlTemplate\":\"https:\\\/\\\/shanabooks.de\\\/?s={search_term_string}\"},\"query-input\":{\"@type\":\"PropertyValueSpecification\",\"valueRequired\":true,\"valueName\":\"search_term_string\"}}],\"inLanguage\":\"kur\"},{\"@type\":\"Organization\",\"@id\":\"https:\\\/\\\/shanabooks.de\\\/#organization\",\"name\":\"www.shanbooks.de\",\"url\":\"https:\\\/\\\/shanabooks.de\\\/\",\"logo\":{\"@type\":\"ImageObject\",\"inLanguage\":\"kur\",\"@id\":\"https:\\\/\\\/shanabooks.de\\\/#\\\/schema\\\/logo\\\/image\\\/\",\"url\":\"https:\\\/\\\/shanabooks.de\\\/wp-content\\\/uploads\\\/2024\\\/03\\\/SHANABOOKS__2_-removebg-preview.png\",\"contentUrl\":\"https:\\\/\\\/shanabooks.de\\\/wp-content\\\/uploads\\\/2024\\\/03\\\/SHANABOOKS__2_-removebg-preview.png\",\"width\":700,\"height\":150,\"caption\":\"www.shanbooks.de\"},\"image\":{\"@id\":\"https:\\\/\\\/shanabooks.de\\\/#\\\/schema\\\/logo\\\/image\\\/\"}}]}<\/script>\n<!-- \/ Yoast SEO plugin. -->","yoast_head_json":{"title":"Mewl\u00fbda P\u00eaxember - Seyday\u00ea T\u00eer\u00eaj - www.shanabooks.de","description":"Mewl\u00fbda P\u00eaxember - Seyday\u00ea T\u00eer\u00eaj JI MEWL\u00dbDA SEYDAY\u00ca T\u00ceR\u00caJ \u00c7END R\u00caZIK..... Di ola me de qet ne hin kolejar Ne hin cir\u00eet\u00ee hem ne hin bendewar..... Mirov\u00ean ...","robots":{"index":"index","follow":"follow","max-snippet":"max-snippet:-1","max-image-preview":"max-image-preview:large","max-video-preview":"max-video-preview:-1"},"canonical":"https:\/\/shanabooks.de\/product\/mewluda-pexember-seydaye-tirej\/","og_locale":"en_US","og_type":"article","og_title":"Mewl\u00fbda P\u00eaxember - Seyday\u00ea T\u00eer\u00eaj - www.shanabooks.de","og_description":"Mewl\u00fbda P\u00eaxember - Seyday\u00ea T\u00eer\u00eaj JI MEWL\u00dbDA SEYDAY\u00ca T\u00ceR\u00caJ \u00c7END R\u00caZIK..... Di ola me de qet ne hin kolejar Ne hin cir\u00eet\u00ee hem ne hin bendewar..... Mirov\u00ean ...","og_url":"https:\/\/shanabooks.de\/product\/mewluda-pexember-seydaye-tirej\/","og_site_name":"www.shanabooks.de","article_modified_time":"2025-12-31T17:30:03+00:00","og_image":[{"width":304,"height":477,"url":"https:\/\/shanabooks.de\/wp-content\/uploads\/2024\/03\/Mewluda-Pexember-Peywend.png","type":"image\/png"}],"twitter_card":"summary_large_image","twitter_misc":{"Est. reading time":"1 minute"},"schema":{"@context":"https:\/\/schema.org","@graph":[{"@type":"WebPage","@id":"https:\/\/shanabooks.de\/product\/mewluda-pexember-seydaye-tirej\/","url":"https:\/\/shanabooks.de\/product\/mewluda-pexember-seydaye-tirej\/","name":"Mewl\u00fbda P\u00eaxember - Seyday\u00ea T\u00eer\u00eaj - www.shanabooks.de","isPartOf":{"@id":"https:\/\/shanabooks.de\/#website"},"primaryImageOfPage":{"@id":"https:\/\/shanabooks.de\/product\/mewluda-pexember-seydaye-tirej\/#primaryimage"},"image":{"@id":"https:\/\/shanabooks.de\/product\/mewluda-pexember-seydaye-tirej\/#primaryimage"},"thumbnailUrl":"https:\/\/shanabooks.de\/wp-content\/uploads\/2024\/03\/Mewluda-Pexember-Peywend.png","datePublished":"2024-03-03T19:46:46+00:00","dateModified":"2025-12-31T17:30:03+00:00","description":"Mewl\u00fbda P\u00eaxember - Seyday\u00ea T\u00eer\u00eaj JI MEWL\u00dbDA SEYDAY\u00ca T\u00ceR\u00caJ \u00c7END R\u00caZIK..... Di ola me de qet ne hin kolejar Ne hin cir\u00eet\u00ee hem ne hin bendewar..... Mirov\u00ean ...","breadcrumb":{"@id":"https:\/\/shanabooks.de\/product\/mewluda-pexember-seydaye-tirej\/#breadcrumb"},"inLanguage":"kur","potentialAction":[{"@type":"ReadAction","target":["https:\/\/shanabooks.de\/product\/mewluda-pexember-seydaye-tirej\/"]}]},{"@type":"ImageObject","inLanguage":"kur","@id":"https:\/\/shanabooks.de\/product\/mewluda-pexember-seydaye-tirej\/#primaryimage","url":"https:\/\/shanabooks.de\/wp-content\/uploads\/2024\/03\/Mewluda-Pexember-Peywend.png","contentUrl":"https:\/\/shanabooks.de\/wp-content\/uploads\/2024\/03\/Mewluda-Pexember-Peywend.png","width":304,"height":477,"caption":"Mewl\u00fbda P\u00eaxember - Seyday\u00ea T\u00eer\u00eaj - pirt\u00fbk\u00ean kurd\u00ee"},{"@type":"BreadcrumbList","@id":"https:\/\/shanabooks.de\/product\/mewluda-pexember-seydaye-tirej\/#breadcrumb","itemListElement":[{"@type":"ListItem","position":1,"name":"\u0627\u0644\u0631\u0626\u064a\u0633\u064a\u0629","item":"https:\/\/shanabooks.de\/kur\/"},{"@type":"ListItem","position":2,"name":"\u0627\u0644\u0645\u0646\u062a\u062c\u0627\u062a","item":"https:\/\/shanabooks.de\/shop\/"},{"@type":"ListItem","position":3,"name":"Mewl\u00fbda P\u00eaxember"}]},{"@type":"WebSite","@id":"https:\/\/shanabooks.de\/#website","url":"https:\/\/shanabooks.de\/","name":"www.shanbooks.de","description":"C\u00eehana Pirt\u00fbk\u00ean Kurd\u00ee \u0645\u0643\u062a\u0628\u0629 \u0634\u0627\u0646\u0627 \u0641\u064a \u0627\u0644\u0645\u0627\u0646\u064a\u0627 \u0648\u0623\u0648\u0631\u0628\u0627","publisher":{"@id":"https:\/\/shanabooks.de\/#organization"},"potentialAction":[{"@type":"SearchAction","target":{"@type":"EntryPoint","urlTemplate":"https:\/\/shanabooks.de\/?s={search_term_string}"},"query-input":{"@type":"PropertyValueSpecification","valueRequired":true,"valueName":"search_term_string"}}],"inLanguage":"kur"},{"@type":"Organization","@id":"https:\/\/shanabooks.de\/#organization","name":"www.shanbooks.de","url":"https:\/\/shanabooks.de\/","logo":{"@type":"ImageObject","inLanguage":"kur","@id":"https:\/\/shanabooks.de\/#\/schema\/logo\/image\/","url":"https:\/\/shanabooks.de\/wp-content\/uploads\/2024\/03\/SHANABOOKS__2_-removebg-preview.png","contentUrl":"https:\/\/shanabooks.de\/wp-content\/uploads\/2024\/03\/SHANABOOKS__2_-removebg-preview.png","width":700,"height":150,"caption":"www.shanbooks.de"},"image":{"@id":"https:\/\/shanabooks.de\/#\/schema\/logo\/image\/"}}]}},"jetpack_sharing_enabled":true,"_links":{"self":[{"href":"https:\/\/shanabooks.de\/kur\/wp-json\/wp\/v2\/product\/12809","targetHints":{"allow":["GET"]}}],"collection":[{"href":"https:\/\/shanabooks.de\/kur\/wp-json\/wp\/v2\/product"}],"about":[{"href":"https:\/\/shanabooks.de\/kur\/wp-json\/wp\/v2\/types\/product"}],"version-history":[{"count":3,"href":"https:\/\/shanabooks.de\/kur\/wp-json\/wp\/v2\/product\/12809\/revisions"}],"predecessor-version":[{"id":18077,"href":"https:\/\/shanabooks.de\/kur\/wp-json\/wp\/v2\/product\/12809\/revisions\/18077"}],"wp:featuredmedia":[{"embeddable":true,"href":"https:\/\/shanabooks.de\/kur\/wp-json\/wp\/v2\/media\/12888"}],"wp:attachment":[{"href":"https:\/\/shanabooks.de\/kur\/wp-json\/wp\/v2\/media?parent=12809"}],"wp:term":[{"taxonomy":"product_brand","embeddable":true,"href":"https:\/\/shanabooks.de\/kur\/wp-json\/wp\/v2\/product_brand?post=12809"},{"taxonomy":"product_cat","embeddable":true,"href":"https:\/\/shanabooks.de\/kur\/wp-json\/wp\/v2\/product_cat?post=12809"},{"taxonomy":"product_tag","embeddable":true,"href":"https:\/\/shanabooks.de\/kur\/wp-json\/wp\/v2\/product_tag?post=12809"}],"curies":[{"name":"wp","href":"https:\/\/api.w.org\/{rel}","templated":true}]}}