{"id":12836,"date":"2024-03-03T19:47:07","date_gmt":"2024-03-03T19:47:07","guid":{"rendered":"https:\/\/shanabooks.de\/?post_type=product&#038;p=12836"},"modified":"2026-01-02T19:12:43","modified_gmt":"2026-01-02T19:12:43","slug":"nameyek-ji-xwede-re-yunus-eroglu","status":"publish","type":"product","link":"https:\/\/shanabooks.de\/kur\/product\/nameyek-ji-xwede-re-yunus-eroglu\/","title":{"rendered":"Nameyek ji Xwed\u00ea re"},"content":{"rendered":"<p dir=\"ltr\" style=\"text-align: left\"><strong>Nameyek ji Xwed\u00ea re &#8211; Yunus Eroglu<\/strong><\/p>\n<p style=\"text-align: left\">Niv\u00eeskar \u00fb werg\u00ear Yunus Eroglu (Ciwanmerd Kulek), bi yekem romana xwe\u00a0Nameyek Ji Xwed\u00ea Re \u00eespat kir ku p\u00ea\u015fgotina \u201cBerx\u00ea \u00e7\u00ea ji berkoz\u00ea diyar e\u201d \u015fa\u015f nehatiye gotin.<\/p>\n<p style=\"text-align: left\">Yunus Eroglu\/Ciwanmerd Kulek\u00ea ku ji w\u00eajeya c\u00eehan\u00ea werger\u00ean h\u00eaja bo ziman\u00ea Kurd\u00ee dike, kelecana xwe ya edebiyat\u00ea di v\u00ea roman\u00ea de raxistiye p\u00ea\u015f xwendevanan.\u00a0Nameyek ji xwe re, Nameyek ji mir\u00eak\u00ea re, Nameyek ji biray\u00ea min re, Nameyek ji kevnikfiro\u015f\u00ee re<em>\u2026\u00a0<\/em>di nav de ji panzdeh be\u015fan p\u00eak t\u00ea romana Eroglu. Nameyek Ji Xwed\u00ea Reya ku di 2007an de niv\u00eeskar\u00ea xwe bi edebiyata Kurdan nas\u00een, di nav roman\u00ean ku Kulek pi\u015ft\u00ee w\u00ea niv\u00eesandin de j\u00ee , bi bawer\u00ee \u00fb cesareta ciwaniy\u00ea, di c\u00eehek\u00ee cuda de ye.<\/p>\n<p style=\"text-align: left\">Niv\u00eeskar\u00ea ciwan Yunus Eroglu\/Ciwanmerd Kulek di v\u00ea roman\u00ea de -bi gotina w\u00ee- \u201cA neb\u00fby\u00ee\u201d dike \u00fb \u015f\u00eaweyeke n\u00fb dicerib\u00eene. \u00c7awa ku -bi gotina niv\u00eesk\u00ear- \u201cQalkirina rojek\u00ea ji jiy\u00eena w\u00ea zor \u00fb zehmettir e\u201d xwendina v\u00ea yekem romana serkeft\u00ee j\u00ee, ji ya gelek pirt\u00fbk\u00ean ku qada w\u00eajeya Kurd\u00ee dagir kirine b\u00eahtir ked \u00fb bal\u00ea dixwaze.<\/p>\n<p style=\"text-align: left\">\n","protected":false},"excerpt":{"rendered":"<p dir=\"ltr\" style=\"text-align: center\"><strong>Niv\u00eeskar: Yunus Eroglu<br \/>\nPirt\u00fbk: Nameyek ji Xwed\u00ea re<br \/>\nCure: Roman<\/strong><\/p>\n","protected":false},"featured_media":12890,"template":"","meta":{"site-sidebar-layout":"default","site-content-layout":"","ast-site-content-layout":"default","site-content-style":"default","site-sidebar-style":"default","ast-global-header-display":"","ast-banner-title-visibility":"","ast-main-header-display":"","ast-hfb-above-header-display":"","ast-hfb-below-header-display":"","ast-hfb-mobile-header-display":"","site-post-title":"","ast-breadcrumbs-content":"","ast-featured-img":"","footer-sml-layout":"","ast-disable-related-posts":"","theme-transparent-header-meta":"default","adv-header-id-meta":"","stick-header-meta":"","header-above-stick-meta":"","header-main-stick-meta":"","header-below-stick-meta":"","astra-migrate-meta-layouts":"set","ast-page-background-enabled":"default","ast-page-background-meta":{"desktop":{"background-color":"","background-image":"","background-repeat":"repeat","background-position":"center center","background-size":"auto","background-attachment":"scroll","background-type":"","background-media":"","overlay-type":"","overlay-color":"","overlay-opacity":"","overlay-gradient":""},"tablet":{"background-color":"","background-image":"","background-repeat":"repeat","background-position":"center center","background-size":"auto","background-attachment":"scroll","background-type":"","background-media":"","overlay-type":"","overlay-color":"","overlay-opacity":"","overlay-gradient":""},"mobile":{"background-color":"","background-image":"","background-repeat":"repeat","background-position":"center center","background-size":"auto","background-attachment":"scroll","background-type":"","background-media":"","overlay-type":"","overlay-color":"","overlay-opacity":"","overlay-gradient":""}},"ast-content-background-meta":{"desktop":{"background-color":"var(--ast-global-color-5)","background-image":"","background-repeat":"repeat","background-position":"center center","background-size":"auto","background-attachment":"scroll","background-type":"","background-media":"","overlay-type":"","overlay-color":"","overlay-opacity":"","overlay-gradient":""},"tablet":{"background-color":"var(--ast-global-color-5)","background-image":"","background-repeat":"repeat","background-position":"center center","background-size":"auto","background-attachment":"scroll","background-type":"","background-media":"","overlay-type":"","overlay-color":"","overlay-opacity":"","overlay-gradient":""},"mobile":{"background-color":"var(--ast-global-color-5)","background-image":"","background-repeat":"repeat","background-position":"center center","background-size":"auto","background-attachment":"scroll","background-type":"","background-media":"","overlay-type":"","overlay-color":"","overlay-opacity":"","overlay-gradient":""}}},"product_brand":[],"product_cat":[182,193],"product_tag":[],"class_list":{"0":"post-12836","1":"product","2":"type-product","3":"status-publish","4":"has-post-thumbnail","6":"product_cat-_","7":"product_cat--_","8":"pa_-roman","9":"pa_-yunus-eroglu","10":"pa_-kurmanci","11":"pa_--lis-yayinevi","12":"desktop-align-left","13":"tablet-align-left","14":"mobile-align-left","16":"first","17":"instock","18":"shipping-taxable","19":"purchasable","20":"product-type-simple"},"yoast_head":"<!-- This site is optimized with the Yoast SEO plugin v27.4 - https:\/\/yoast.com\/product\/yoast-seo-wordpress\/ -->\n<title>Nameyek ji Xwed\u00ea re - Yunus Eroglu - www.shanabooks.de<\/title>\n<meta name=\"description\" content=\"Nameyek ji Xwed\u00ea re - Yunus Eroglu Niv\u00eeskar \u00fb werg\u00ear Yunus Eroglu (Ciwanmerd Kulek), bi yekem romana xwe\u00a0Nameyek Ji Xwed\u00ea Re\u00a0\u00eespat kir ku p\u00ea\u015fgotina \u201cBerx...\" \/>\n<meta name=\"robots\" content=\"index, follow, max-snippet:-1, max-image-preview:large, max-video-preview:-1\" \/>\n<link rel=\"canonical\" href=\"https:\/\/shanabooks.de\/product\/nameyek-ji-xwede-re-yunus-eroglu\/\" \/>\n<meta property=\"og:locale\" content=\"en_US\" \/>\n<meta property=\"og:type\" content=\"article\" \/>\n<meta property=\"og:title\" content=\"Nameyek ji Xwed\u00ea re - Yunus Eroglu - www.shanabooks.de\" \/>\n<meta property=\"og:description\" content=\"Nameyek ji Xwed\u00ea re - Yunus Eroglu Niv\u00eeskar \u00fb werg\u00ear Yunus Eroglu (Ciwanmerd Kulek), bi yekem romana xwe\u00a0Nameyek Ji Xwed\u00ea Re\u00a0\u00eespat kir ku p\u00ea\u015fgotina \u201cBerx...\" \/>\n<meta property=\"og:url\" content=\"https:\/\/shanabooks.de\/product\/nameyek-ji-xwede-re-yunus-eroglu\/\" \/>\n<meta property=\"og:site_name\" content=\"www.shanabooks.de\" \/>\n<meta property=\"article:modified_time\" content=\"2026-01-02T19:12:43+00:00\" \/>\n<meta property=\"og:image\" content=\"https:\/\/shanabooks.de\/wp-content\/uploads\/2024\/03\/nameyek-ji-xwede-re-lis.png\" \/>\n\t<meta property=\"og:image:width\" content=\"465\" \/>\n\t<meta property=\"og:image:height\" content=\"709\" \/>\n\t<meta property=\"og:image:type\" content=\"image\/png\" \/>\n<meta name=\"twitter:card\" content=\"summary_large_image\" \/>\n<meta name=\"twitter:label1\" content=\"Est. reading time\" \/>\n\t<meta name=\"twitter:data1\" content=\"2 minutes\" \/>\n<script type=\"application\/ld+json\" class=\"yoast-schema-graph\">{\"@context\":\"https:\\\/\\\/schema.org\",\"@graph\":[{\"@type\":\"WebPage\",\"@id\":\"https:\\\/\\\/shanabooks.de\\\/product\\\/nameyek-ji-xwede-re-yunus-eroglu\\\/\",\"url\":\"https:\\\/\\\/shanabooks.de\\\/product\\\/nameyek-ji-xwede-re-yunus-eroglu\\\/\",\"name\":\"Nameyek ji Xwed\u00ea re - Yunus Eroglu - www.shanabooks.de\",\"isPartOf\":{\"@id\":\"https:\\\/\\\/shanabooks.de\\\/#website\"},\"primaryImageOfPage\":{\"@id\":\"https:\\\/\\\/shanabooks.de\\\/product\\\/nameyek-ji-xwede-re-yunus-eroglu\\\/#primaryimage\"},\"image\":{\"@id\":\"https:\\\/\\\/shanabooks.de\\\/product\\\/nameyek-ji-xwede-re-yunus-eroglu\\\/#primaryimage\"},\"thumbnailUrl\":\"https:\\\/\\\/shanabooks.de\\\/wp-content\\\/uploads\\\/2024\\\/03\\\/nameyek-ji-xwede-re-lis.png\",\"datePublished\":\"2024-03-03T19:47:07+00:00\",\"dateModified\":\"2026-01-02T19:12:43+00:00\",\"description\":\"Nameyek ji Xwed\u00ea re - Yunus Eroglu Niv\u00eeskar \u00fb werg\u00ear Yunus Eroglu (Ciwanmerd Kulek), bi yekem romana xwe\u00a0Nameyek Ji Xwed\u00ea Re\u00a0\u00eespat kir ku p\u00ea\u015fgotina \u201cBerx...\",\"breadcrumb\":{\"@id\":\"https:\\\/\\\/shanabooks.de\\\/product\\\/nameyek-ji-xwede-re-yunus-eroglu\\\/#breadcrumb\"},\"inLanguage\":\"kur\",\"potentialAction\":[{\"@type\":\"ReadAction\",\"target\":[\"https:\\\/\\\/shanabooks.de\\\/product\\\/nameyek-ji-xwede-re-yunus-eroglu\\\/\"]}]},{\"@type\":\"ImageObject\",\"inLanguage\":\"kur\",\"@id\":\"https:\\\/\\\/shanabooks.de\\\/product\\\/nameyek-ji-xwede-re-yunus-eroglu\\\/#primaryimage\",\"url\":\"https:\\\/\\\/shanabooks.de\\\/wp-content\\\/uploads\\\/2024\\\/03\\\/nameyek-ji-xwede-re-lis.png\",\"contentUrl\":\"https:\\\/\\\/shanabooks.de\\\/wp-content\\\/uploads\\\/2024\\\/03\\\/nameyek-ji-xwede-re-lis.png\",\"width\":465,\"height\":709,\"caption\":\"Nameyek ji Xwed\u00ea re - Yunus Eroglu - pirt\u00fbk\u00ean kurd\u00ee\"},{\"@type\":\"BreadcrumbList\",\"@id\":\"https:\\\/\\\/shanabooks.de\\\/product\\\/nameyek-ji-xwede-re-yunus-eroglu\\\/#breadcrumb\",\"itemListElement\":[{\"@type\":\"ListItem\",\"position\":1,\"name\":\"\u0627\u0644\u0631\u0626\u064a\u0633\u064a\u0629\",\"item\":\"https:\\\/\\\/shanabooks.de\\\/kur\\\/\"},{\"@type\":\"ListItem\",\"position\":2,\"name\":\"\u0627\u0644\u0645\u0646\u062a\u062c\u0627\u062a\",\"item\":\"https:\\\/\\\/shanabooks.de\\\/shop\\\/\"},{\"@type\":\"ListItem\",\"position\":3,\"name\":\"Nameyek ji Xwed\u00ea re\"}]},{\"@type\":\"WebSite\",\"@id\":\"https:\\\/\\\/shanabooks.de\\\/#website\",\"url\":\"https:\\\/\\\/shanabooks.de\\\/\",\"name\":\"www.shanbooks.de\",\"description\":\"C\u00eehana Pirt\u00fbk\u00ean Kurd\u00ee \u0645\u0643\u062a\u0628\u0629 \u0634\u0627\u0646\u0627 \u0641\u064a \u0627\u0644\u0645\u0627\u0646\u064a\u0627 \u0648\u0623\u0648\u0631\u0628\u0627\",\"publisher\":{\"@id\":\"https:\\\/\\\/shanabooks.de\\\/#organization\"},\"potentialAction\":[{\"@type\":\"SearchAction\",\"target\":{\"@type\":\"EntryPoint\",\"urlTemplate\":\"https:\\\/\\\/shanabooks.de\\\/?s={search_term_string}\"},\"query-input\":{\"@type\":\"PropertyValueSpecification\",\"valueRequired\":true,\"valueName\":\"search_term_string\"}}],\"inLanguage\":\"kur\"},{\"@type\":\"Organization\",\"@id\":\"https:\\\/\\\/shanabooks.de\\\/#organization\",\"name\":\"www.shanbooks.de\",\"url\":\"https:\\\/\\\/shanabooks.de\\\/\",\"logo\":{\"@type\":\"ImageObject\",\"inLanguage\":\"kur\",\"@id\":\"https:\\\/\\\/shanabooks.de\\\/#\\\/schema\\\/logo\\\/image\\\/\",\"url\":\"https:\\\/\\\/shanabooks.de\\\/wp-content\\\/uploads\\\/2024\\\/03\\\/SHANABOOKS__2_-removebg-preview.png\",\"contentUrl\":\"https:\\\/\\\/shanabooks.de\\\/wp-content\\\/uploads\\\/2024\\\/03\\\/SHANABOOKS__2_-removebg-preview.png\",\"width\":700,\"height\":150,\"caption\":\"www.shanbooks.de\"},\"image\":{\"@id\":\"https:\\\/\\\/shanabooks.de\\\/#\\\/schema\\\/logo\\\/image\\\/\"}}]}<\/script>\n<!-- \/ Yoast SEO plugin. -->","yoast_head_json":{"title":"Nameyek ji Xwed\u00ea re - Yunus Eroglu - www.shanabooks.de","description":"Nameyek ji Xwed\u00ea re - Yunus Eroglu Niv\u00eeskar \u00fb werg\u00ear Yunus Eroglu (Ciwanmerd Kulek), bi yekem romana xwe\u00a0Nameyek Ji Xwed\u00ea Re\u00a0\u00eespat kir ku p\u00ea\u015fgotina \u201cBerx...","robots":{"index":"index","follow":"follow","max-snippet":"max-snippet:-1","max-image-preview":"max-image-preview:large","max-video-preview":"max-video-preview:-1"},"canonical":"https:\/\/shanabooks.de\/product\/nameyek-ji-xwede-re-yunus-eroglu\/","og_locale":"en_US","og_type":"article","og_title":"Nameyek ji Xwed\u00ea re - Yunus Eroglu - www.shanabooks.de","og_description":"Nameyek ji Xwed\u00ea re - Yunus Eroglu Niv\u00eeskar \u00fb werg\u00ear Yunus Eroglu (Ciwanmerd Kulek), bi yekem romana xwe\u00a0Nameyek Ji Xwed\u00ea Re\u00a0\u00eespat kir ku p\u00ea\u015fgotina \u201cBerx...","og_url":"https:\/\/shanabooks.de\/product\/nameyek-ji-xwede-re-yunus-eroglu\/","og_site_name":"www.shanabooks.de","article_modified_time":"2026-01-02T19:12:43+00:00","og_image":[{"width":465,"height":709,"url":"https:\/\/shanabooks.de\/wp-content\/uploads\/2024\/03\/nameyek-ji-xwede-re-lis.png","type":"image\/png"}],"twitter_card":"summary_large_image","twitter_misc":{"Est. reading time":"2 minutes"},"schema":{"@context":"https:\/\/schema.org","@graph":[{"@type":"WebPage","@id":"https:\/\/shanabooks.de\/product\/nameyek-ji-xwede-re-yunus-eroglu\/","url":"https:\/\/shanabooks.de\/product\/nameyek-ji-xwede-re-yunus-eroglu\/","name":"Nameyek ji Xwed\u00ea re - Yunus Eroglu - www.shanabooks.de","isPartOf":{"@id":"https:\/\/shanabooks.de\/#website"},"primaryImageOfPage":{"@id":"https:\/\/shanabooks.de\/product\/nameyek-ji-xwede-re-yunus-eroglu\/#primaryimage"},"image":{"@id":"https:\/\/shanabooks.de\/product\/nameyek-ji-xwede-re-yunus-eroglu\/#primaryimage"},"thumbnailUrl":"https:\/\/shanabooks.de\/wp-content\/uploads\/2024\/03\/nameyek-ji-xwede-re-lis.png","datePublished":"2024-03-03T19:47:07+00:00","dateModified":"2026-01-02T19:12:43+00:00","description":"Nameyek ji Xwed\u00ea re - Yunus Eroglu Niv\u00eeskar \u00fb werg\u00ear Yunus Eroglu (Ciwanmerd Kulek), bi yekem romana xwe\u00a0Nameyek Ji Xwed\u00ea Re\u00a0\u00eespat kir ku p\u00ea\u015fgotina \u201cBerx...","breadcrumb":{"@id":"https:\/\/shanabooks.de\/product\/nameyek-ji-xwede-re-yunus-eroglu\/#breadcrumb"},"inLanguage":"kur","potentialAction":[{"@type":"ReadAction","target":["https:\/\/shanabooks.de\/product\/nameyek-ji-xwede-re-yunus-eroglu\/"]}]},{"@type":"ImageObject","inLanguage":"kur","@id":"https:\/\/shanabooks.de\/product\/nameyek-ji-xwede-re-yunus-eroglu\/#primaryimage","url":"https:\/\/shanabooks.de\/wp-content\/uploads\/2024\/03\/nameyek-ji-xwede-re-lis.png","contentUrl":"https:\/\/shanabooks.de\/wp-content\/uploads\/2024\/03\/nameyek-ji-xwede-re-lis.png","width":465,"height":709,"caption":"Nameyek ji Xwed\u00ea re - Yunus Eroglu - pirt\u00fbk\u00ean kurd\u00ee"},{"@type":"BreadcrumbList","@id":"https:\/\/shanabooks.de\/product\/nameyek-ji-xwede-re-yunus-eroglu\/#breadcrumb","itemListElement":[{"@type":"ListItem","position":1,"name":"\u0627\u0644\u0631\u0626\u064a\u0633\u064a\u0629","item":"https:\/\/shanabooks.de\/kur\/"},{"@type":"ListItem","position":2,"name":"\u0627\u0644\u0645\u0646\u062a\u062c\u0627\u062a","item":"https:\/\/shanabooks.de\/shop\/"},{"@type":"ListItem","position":3,"name":"Nameyek ji Xwed\u00ea re"}]},{"@type":"WebSite","@id":"https:\/\/shanabooks.de\/#website","url":"https:\/\/shanabooks.de\/","name":"www.shanbooks.de","description":"C\u00eehana Pirt\u00fbk\u00ean Kurd\u00ee \u0645\u0643\u062a\u0628\u0629 \u0634\u0627\u0646\u0627 \u0641\u064a \u0627\u0644\u0645\u0627\u0646\u064a\u0627 \u0648\u0623\u0648\u0631\u0628\u0627","publisher":{"@id":"https:\/\/shanabooks.de\/#organization"},"potentialAction":[{"@type":"SearchAction","target":{"@type":"EntryPoint","urlTemplate":"https:\/\/shanabooks.de\/?s={search_term_string}"},"query-input":{"@type":"PropertyValueSpecification","valueRequired":true,"valueName":"search_term_string"}}],"inLanguage":"kur"},{"@type":"Organization","@id":"https:\/\/shanabooks.de\/#organization","name":"www.shanbooks.de","url":"https:\/\/shanabooks.de\/","logo":{"@type":"ImageObject","inLanguage":"kur","@id":"https:\/\/shanabooks.de\/#\/schema\/logo\/image\/","url":"https:\/\/shanabooks.de\/wp-content\/uploads\/2024\/03\/SHANABOOKS__2_-removebg-preview.png","contentUrl":"https:\/\/shanabooks.de\/wp-content\/uploads\/2024\/03\/SHANABOOKS__2_-removebg-preview.png","width":700,"height":150,"caption":"www.shanbooks.de"},"image":{"@id":"https:\/\/shanabooks.de\/#\/schema\/logo\/image\/"}}]}},"jetpack_sharing_enabled":true,"_links":{"self":[{"href":"https:\/\/shanabooks.de\/kur\/wp-json\/wp\/v2\/product\/12836","targetHints":{"allow":["GET"]}}],"collection":[{"href":"https:\/\/shanabooks.de\/kur\/wp-json\/wp\/v2\/product"}],"about":[{"href":"https:\/\/shanabooks.de\/kur\/wp-json\/wp\/v2\/types\/product"}],"version-history":[{"count":3,"href":"https:\/\/shanabooks.de\/kur\/wp-json\/wp\/v2\/product\/12836\/revisions"}],"predecessor-version":[{"id":18066,"href":"https:\/\/shanabooks.de\/kur\/wp-json\/wp\/v2\/product\/12836\/revisions\/18066"}],"wp:featuredmedia":[{"embeddable":true,"href":"https:\/\/shanabooks.de\/kur\/wp-json\/wp\/v2\/media\/12890"}],"wp:attachment":[{"href":"https:\/\/shanabooks.de\/kur\/wp-json\/wp\/v2\/media?parent=12836"}],"wp:term":[{"taxonomy":"product_brand","embeddable":true,"href":"https:\/\/shanabooks.de\/kur\/wp-json\/wp\/v2\/product_brand?post=12836"},{"taxonomy":"product_cat","embeddable":true,"href":"https:\/\/shanabooks.de\/kur\/wp-json\/wp\/v2\/product_cat?post=12836"},{"taxonomy":"product_tag","embeddable":true,"href":"https:\/\/shanabooks.de\/kur\/wp-json\/wp\/v2\/product_tag?post=12836"}],"curies":[{"name":"wp","href":"https:\/\/api.w.org\/{rel}","templated":true}]}}