{"id":12837,"date":"2024-03-03T19:47:08","date_gmt":"2024-03-03T19:47:08","guid":{"rendered":"https:\/\/shanabooks.de\/?post_type=product&#038;p=12837"},"modified":"2026-01-02T19:13:11","modified_gmt":"2026-01-02T19:13:11","slug":"otobes-yunus-eroglu","status":"publish","type":"product","link":"https:\/\/shanabooks.de\/kur\/product\/otobes-yunus-eroglu\/","title":{"rendered":"Otob\u00eas"},"content":{"rendered":"<p dir=\"ltr\"><strong>Otob\u00eas &#8211; Yunus Eroglu<\/strong><\/p>\n<ul dir=\"ltr\">\n<li>Yunus Ero\u011fluy\u00ea\u00a0romann\u00fbs\u00a0 \u00fb\u00a0werg\u00ear\u00ea\u00a0xort (romana w\u00ee\u00a0ya p\u00ea\u015f\u00een,\u00a0<em>Nameyek Ji Xwed\u00ea Re<\/em>, L\u00ees, 2007) bi romana xwe ya duduyan,\u00a0<em>Otob\u00eas<\/em>\u00ea, romana me \u00fb ziman\u00ea me ber bi devereke bi \u015fewq \u00fb \u015femal ve dajo, xwendevan\u00ea xwe y\u00ea j\u00eer vedixw\u00eene ceng \u00fb c\u00eedala dengek\u00ee ku bi ser gelek dengan dabe\u015f dibe.<em>Otob\u00eas ya Yunus Eroglu<\/em>\u00a0romanek e, ku alb\u00fbmeke ji gelek kesan p\u00eakhat\u00ee ye. Her paldankek bi deng\u00ea xwe y\u00ea navxwey\u00ee qala xwe dike. Deng\u00ean ku di paldank\u00ean otob\u00easek\u00ea de r\u00fbni\u015ftine \u00fb heftokan ji dawa xwe de dirij\u00eenin.Yunus Ero\u011flu bi v\u00ea\u00a0romana xwe ya bi nav\u00ea\u00a0<em>Otob\u00eas<\/em>\u00a0j\u00ee zor\u00ea dide tix\u00fbb\u00ean ziman\u00ea Kurd\u00ee, bi zimanek\u00ee wiha bi silsileta xwe berdewam dibe.Ji yek ji ba\u015ftir\u00een romann\u00fbs\u00ean nif\u015f\u00ea me y\u00ea n\u00fb romaneke ku em hem\u00fb dikarin p\u00ea serbilind bibin<\/li>\n<li><strong>Yunus Ero\u011flu<\/strong>-Romann\u00fbs\u00a0 \u00fb\u00a0werg\u00ear. Di sala 1984\u2019an de, li D\u00ear\u00ee\u015fa bi ser Stewra M\u00eard\u00een\u00ea ve ji day\u00eek b\u00fb. Dibistana seretay\u00ee li Bismil\u00ea, ya nav\u00een\u00ee li Erxeniy\u00ea xwend. Di sala 2006\u2019an de, Zankoya Tekn\u00eek\u00ee ya Rojhilat\u00ea Nav\u00een (ODT\u00dc, Enqere) kuta kir \u00fb ji be\u015f\u00ean Ziman\u00ea \u00cengil\u00eez\u00ee \u00fb D\u00eeroka Felsefey\u00ea mez\u00fbniyet wergirt. Pi\u015ft\u00ee s\u00ea sal\u00ean xebat\u00ea y\u00ean li Ciz\u00eer\u00ea, li nav\u00e7eya Amed\u00ea, Bismil\u00ea bi c\u00ee b\u00fb. Romana w\u00ee ya p\u00ea\u015f\u00een,\u00a0<em>Nameyek Ji Xwed\u00ea Re<\/em>, di 2007\u2019an de, ji aliy\u00ea We\u015fanxaneya L\u00ees\u00ea ve hate \u00e7apkirin. W\u00ee her wiha berhemin ji ziman\u00ean \u00cengil\u00eez\u00ee \u00fb Span\u00ee, ji William Faulkner, Gabriel Garcia Marquez \u00fb Juan Rulfo wergerandine Kurd\u00ee.<\/li>\n<\/ul>\n<p dir=\"ltr\"><em><strong>\u00a0<\/strong><\/em><\/p>\n","protected":false},"excerpt":{"rendered":"<p dir=\"ltr\" style=\"text-align: center\"><strong>Pirt\u00fbk: Otob\u00eas<br \/>\nNiv\u00eeskar: Yunus Eroglu<br \/>\nCure: Roman<\/strong><\/p>\n","protected":false},"featured_media":12892,"template":"","meta":{"site-sidebar-layout":"default","site-content-layout":"","ast-site-content-layout":"default","site-content-style":"default","site-sidebar-style":"default","ast-global-header-display":"","ast-banner-title-visibility":"","ast-main-header-display":"","ast-hfb-above-header-display":"","ast-hfb-below-header-display":"","ast-hfb-mobile-header-display":"","site-post-title":"","ast-breadcrumbs-content":"","ast-featured-img":"","footer-sml-layout":"","ast-disable-related-posts":"","theme-transparent-header-meta":"default","adv-header-id-meta":"","stick-header-meta":"","header-above-stick-meta":"","header-main-stick-meta":"","header-below-stick-meta":"","astra-migrate-meta-layouts":"set","ast-page-background-enabled":"default","ast-page-background-meta":{"desktop":{"background-color":"","background-image":"","background-repeat":"repeat","background-position":"center center","background-size":"auto","background-attachment":"scroll","background-type":"","background-media":"","overlay-type":"","overlay-color":"","overlay-opacity":"","overlay-gradient":""},"tablet":{"background-color":"","background-image":"","background-repeat":"repeat","background-position":"center center","background-size":"auto","background-attachment":"scroll","background-type":"","background-media":"","overlay-type":"","overlay-color":"","overlay-opacity":"","overlay-gradient":""},"mobile":{"background-color":"","background-image":"","background-repeat":"repeat","background-position":"center center","background-size":"auto","background-attachment":"scroll","background-type":"","background-media":"","overlay-type":"","overlay-color":"","overlay-opacity":"","overlay-gradient":""}},"ast-content-background-meta":{"desktop":{"background-color":"var(--ast-global-color-5)","background-image":"","background-repeat":"repeat","background-position":"center center","background-size":"auto","background-attachment":"scroll","background-type":"","background-media":"","overlay-type":"","overlay-color":"","overlay-opacity":"","overlay-gradient":""},"tablet":{"background-color":"var(--ast-global-color-5)","background-image":"","background-repeat":"repeat","background-position":"center center","background-size":"auto","background-attachment":"scroll","background-type":"","background-media":"","overlay-type":"","overlay-color":"","overlay-opacity":"","overlay-gradient":""},"mobile":{"background-color":"var(--ast-global-color-5)","background-image":"","background-repeat":"repeat","background-position":"center center","background-size":"auto","background-attachment":"scroll","background-type":"","background-media":"","overlay-type":"","overlay-color":"","overlay-opacity":"","overlay-gradient":""}}},"product_brand":[],"product_cat":[182,193],"product_tag":[],"class_list":{"0":"post-12837","1":"product","2":"type-product","3":"status-publish","4":"has-post-thumbnail","6":"product_cat-_","7":"product_cat--_","8":"pa_-roman","9":"pa_-yunus-eroglu","10":"pa_-kurmanci","11":"pa_--lis-yayinevi","12":"desktop-align-left","13":"tablet-align-left","14":"mobile-align-left","16":"first","17":"instock","18":"shipping-taxable","19":"purchasable","20":"product-type-simple"},"yoast_head":"<!-- This site is optimized with the Yoast SEO plugin v27.4 - https:\/\/yoast.com\/product\/yoast-seo-wordpress\/ -->\n<title>Otob\u00eas - Yunus Eroglu - www.shanabooks.de<\/title>\n<meta name=\"description\" content=\"Otob\u00eas - Yunus Eroglu Yunus Ero\u011fluy\u00ea\u00a0romann\u00fbs\u00a0 \u00fb\u00a0werg\u00ear\u00ea\u00a0xort (romana w\u00ee\u00a0ya p\u00ea\u015f\u00een,\u00a0Nameyek Ji Xwed\u00ea Re, L\u00ees, 2007) bi romana xwe ya duduyan,\u00a0Otob\u00eas\u00ea, rom...\" \/>\n<meta name=\"robots\" content=\"index, follow, max-snippet:-1, max-image-preview:large, max-video-preview:-1\" \/>\n<link rel=\"canonical\" href=\"https:\/\/shanabooks.de\/product\/otobes-yunus-eroglu\/\" \/>\n<meta property=\"og:locale\" content=\"en_US\" \/>\n<meta property=\"og:type\" content=\"article\" \/>\n<meta property=\"og:title\" content=\"Otob\u00eas - Yunus Eroglu - www.shanabooks.de\" \/>\n<meta property=\"og:description\" content=\"Otob\u00eas - Yunus Eroglu Yunus Ero\u011fluy\u00ea\u00a0romann\u00fbs\u00a0 \u00fb\u00a0werg\u00ear\u00ea\u00a0xort (romana w\u00ee\u00a0ya p\u00ea\u015f\u00een,\u00a0Nameyek Ji Xwed\u00ea Re, L\u00ees, 2007) bi romana xwe ya duduyan,\u00a0Otob\u00eas\u00ea, rom...\" \/>\n<meta property=\"og:url\" content=\"https:\/\/shanabooks.de\/product\/otobes-yunus-eroglu\/\" \/>\n<meta property=\"og:site_name\" content=\"www.shanabooks.de\" \/>\n<meta property=\"article:modified_time\" content=\"2026-01-02T19:13:11+00:00\" \/>\n<meta property=\"og:image\" content=\"https:\/\/shanabooks.de\/wp-content\/uploads\/2024\/03\/otobes-lis.png\" \/>\n\t<meta property=\"og:image:width\" content=\"463\" \/>\n\t<meta property=\"og:image:height\" content=\"706\" \/>\n\t<meta property=\"og:image:type\" content=\"image\/png\" \/>\n<meta name=\"twitter:card\" content=\"summary_large_image\" \/>\n<meta name=\"twitter:label1\" content=\"Est. reading time\" \/>\n\t<meta name=\"twitter:data1\" content=\"2 minutes\" \/>\n<script type=\"application\/ld+json\" class=\"yoast-schema-graph\">{\"@context\":\"https:\\\/\\\/schema.org\",\"@graph\":[{\"@type\":\"WebPage\",\"@id\":\"https:\\\/\\\/shanabooks.de\\\/product\\\/otobes-yunus-eroglu\\\/\",\"url\":\"https:\\\/\\\/shanabooks.de\\\/product\\\/otobes-yunus-eroglu\\\/\",\"name\":\"Otob\u00eas - Yunus Eroglu - www.shanabooks.de\",\"isPartOf\":{\"@id\":\"https:\\\/\\\/shanabooks.de\\\/#website\"},\"primaryImageOfPage\":{\"@id\":\"https:\\\/\\\/shanabooks.de\\\/product\\\/otobes-yunus-eroglu\\\/#primaryimage\"},\"image\":{\"@id\":\"https:\\\/\\\/shanabooks.de\\\/product\\\/otobes-yunus-eroglu\\\/#primaryimage\"},\"thumbnailUrl\":\"https:\\\/\\\/shanabooks.de\\\/wp-content\\\/uploads\\\/2024\\\/03\\\/otobes-lis.png\",\"datePublished\":\"2024-03-03T19:47:08+00:00\",\"dateModified\":\"2026-01-02T19:13:11+00:00\",\"description\":\"Otob\u00eas - Yunus Eroglu Yunus Ero\u011fluy\u00ea\u00a0romann\u00fbs\u00a0 \u00fb\u00a0werg\u00ear\u00ea\u00a0xort (romana w\u00ee\u00a0ya p\u00ea\u015f\u00een,\u00a0Nameyek Ji Xwed\u00ea Re, L\u00ees, 2007) bi romana xwe ya duduyan,\u00a0Otob\u00eas\u00ea, rom...\",\"breadcrumb\":{\"@id\":\"https:\\\/\\\/shanabooks.de\\\/product\\\/otobes-yunus-eroglu\\\/#breadcrumb\"},\"inLanguage\":\"kur\",\"potentialAction\":[{\"@type\":\"ReadAction\",\"target\":[\"https:\\\/\\\/shanabooks.de\\\/product\\\/otobes-yunus-eroglu\\\/\"]}]},{\"@type\":\"ImageObject\",\"inLanguage\":\"kur\",\"@id\":\"https:\\\/\\\/shanabooks.de\\\/product\\\/otobes-yunus-eroglu\\\/#primaryimage\",\"url\":\"https:\\\/\\\/shanabooks.de\\\/wp-content\\\/uploads\\\/2024\\\/03\\\/otobes-lis.png\",\"contentUrl\":\"https:\\\/\\\/shanabooks.de\\\/wp-content\\\/uploads\\\/2024\\\/03\\\/otobes-lis.png\",\"width\":463,\"height\":706,\"caption\":\"Otob\u00eas - Yunus Eroglu - pirt\u00fbk\u00ean kurd\u00ee\"},{\"@type\":\"BreadcrumbList\",\"@id\":\"https:\\\/\\\/shanabooks.de\\\/product\\\/otobes-yunus-eroglu\\\/#breadcrumb\",\"itemListElement\":[{\"@type\":\"ListItem\",\"position\":1,\"name\":\"\u0627\u0644\u0631\u0626\u064a\u0633\u064a\u0629\",\"item\":\"https:\\\/\\\/shanabooks.de\\\/kur\\\/\"},{\"@type\":\"ListItem\",\"position\":2,\"name\":\"\u0627\u0644\u0645\u0646\u062a\u062c\u0627\u062a\",\"item\":\"https:\\\/\\\/shanabooks.de\\\/shop\\\/\"},{\"@type\":\"ListItem\",\"position\":3,\"name\":\"Otob\u00eas\"}]},{\"@type\":\"WebSite\",\"@id\":\"https:\\\/\\\/shanabooks.de\\\/#website\",\"url\":\"https:\\\/\\\/shanabooks.de\\\/\",\"name\":\"www.shanbooks.de\",\"description\":\"C\u00eehana Pirt\u00fbk\u00ean Kurd\u00ee \u0645\u0643\u062a\u0628\u0629 \u0634\u0627\u0646\u0627 \u0641\u064a \u0627\u0644\u0645\u0627\u0646\u064a\u0627 \u0648\u0623\u0648\u0631\u0628\u0627\",\"publisher\":{\"@id\":\"https:\\\/\\\/shanabooks.de\\\/#organization\"},\"potentialAction\":[{\"@type\":\"SearchAction\",\"target\":{\"@type\":\"EntryPoint\",\"urlTemplate\":\"https:\\\/\\\/shanabooks.de\\\/?s={search_term_string}\"},\"query-input\":{\"@type\":\"PropertyValueSpecification\",\"valueRequired\":true,\"valueName\":\"search_term_string\"}}],\"inLanguage\":\"kur\"},{\"@type\":\"Organization\",\"@id\":\"https:\\\/\\\/shanabooks.de\\\/#organization\",\"name\":\"www.shanbooks.de\",\"url\":\"https:\\\/\\\/shanabooks.de\\\/\",\"logo\":{\"@type\":\"ImageObject\",\"inLanguage\":\"kur\",\"@id\":\"https:\\\/\\\/shanabooks.de\\\/#\\\/schema\\\/logo\\\/image\\\/\",\"url\":\"https:\\\/\\\/shanabooks.de\\\/wp-content\\\/uploads\\\/2024\\\/03\\\/SHANABOOKS__2_-removebg-preview.png\",\"contentUrl\":\"https:\\\/\\\/shanabooks.de\\\/wp-content\\\/uploads\\\/2024\\\/03\\\/SHANABOOKS__2_-removebg-preview.png\",\"width\":700,\"height\":150,\"caption\":\"www.shanbooks.de\"},\"image\":{\"@id\":\"https:\\\/\\\/shanabooks.de\\\/#\\\/schema\\\/logo\\\/image\\\/\"}}]}<\/script>\n<!-- \/ Yoast SEO plugin. -->","yoast_head_json":{"title":"Otob\u00eas - Yunus Eroglu - www.shanabooks.de","description":"Otob\u00eas - Yunus Eroglu Yunus Ero\u011fluy\u00ea\u00a0romann\u00fbs\u00a0 \u00fb\u00a0werg\u00ear\u00ea\u00a0xort (romana w\u00ee\u00a0ya p\u00ea\u015f\u00een,\u00a0Nameyek Ji Xwed\u00ea Re, L\u00ees, 2007) bi romana xwe ya duduyan,\u00a0Otob\u00eas\u00ea, rom...","robots":{"index":"index","follow":"follow","max-snippet":"max-snippet:-1","max-image-preview":"max-image-preview:large","max-video-preview":"max-video-preview:-1"},"canonical":"https:\/\/shanabooks.de\/product\/otobes-yunus-eroglu\/","og_locale":"en_US","og_type":"article","og_title":"Otob\u00eas - Yunus Eroglu - www.shanabooks.de","og_description":"Otob\u00eas - Yunus Eroglu Yunus Ero\u011fluy\u00ea\u00a0romann\u00fbs\u00a0 \u00fb\u00a0werg\u00ear\u00ea\u00a0xort (romana w\u00ee\u00a0ya p\u00ea\u015f\u00een,\u00a0Nameyek Ji Xwed\u00ea Re, L\u00ees, 2007) bi romana xwe ya duduyan,\u00a0Otob\u00eas\u00ea, rom...","og_url":"https:\/\/shanabooks.de\/product\/otobes-yunus-eroglu\/","og_site_name":"www.shanabooks.de","article_modified_time":"2026-01-02T19:13:11+00:00","og_image":[{"width":463,"height":706,"url":"https:\/\/shanabooks.de\/wp-content\/uploads\/2024\/03\/otobes-lis.png","type":"image\/png"}],"twitter_card":"summary_large_image","twitter_misc":{"Est. reading time":"2 minutes"},"schema":{"@context":"https:\/\/schema.org","@graph":[{"@type":"WebPage","@id":"https:\/\/shanabooks.de\/product\/otobes-yunus-eroglu\/","url":"https:\/\/shanabooks.de\/product\/otobes-yunus-eroglu\/","name":"Otob\u00eas - Yunus Eroglu - www.shanabooks.de","isPartOf":{"@id":"https:\/\/shanabooks.de\/#website"},"primaryImageOfPage":{"@id":"https:\/\/shanabooks.de\/product\/otobes-yunus-eroglu\/#primaryimage"},"image":{"@id":"https:\/\/shanabooks.de\/product\/otobes-yunus-eroglu\/#primaryimage"},"thumbnailUrl":"https:\/\/shanabooks.de\/wp-content\/uploads\/2024\/03\/otobes-lis.png","datePublished":"2024-03-03T19:47:08+00:00","dateModified":"2026-01-02T19:13:11+00:00","description":"Otob\u00eas - Yunus Eroglu Yunus Ero\u011fluy\u00ea\u00a0romann\u00fbs\u00a0 \u00fb\u00a0werg\u00ear\u00ea\u00a0xort (romana w\u00ee\u00a0ya p\u00ea\u015f\u00een,\u00a0Nameyek Ji Xwed\u00ea Re, L\u00ees, 2007) bi romana xwe ya duduyan,\u00a0Otob\u00eas\u00ea, rom...","breadcrumb":{"@id":"https:\/\/shanabooks.de\/product\/otobes-yunus-eroglu\/#breadcrumb"},"inLanguage":"kur","potentialAction":[{"@type":"ReadAction","target":["https:\/\/shanabooks.de\/product\/otobes-yunus-eroglu\/"]}]},{"@type":"ImageObject","inLanguage":"kur","@id":"https:\/\/shanabooks.de\/product\/otobes-yunus-eroglu\/#primaryimage","url":"https:\/\/shanabooks.de\/wp-content\/uploads\/2024\/03\/otobes-lis.png","contentUrl":"https:\/\/shanabooks.de\/wp-content\/uploads\/2024\/03\/otobes-lis.png","width":463,"height":706,"caption":"Otob\u00eas - Yunus Eroglu - pirt\u00fbk\u00ean kurd\u00ee"},{"@type":"BreadcrumbList","@id":"https:\/\/shanabooks.de\/product\/otobes-yunus-eroglu\/#breadcrumb","itemListElement":[{"@type":"ListItem","position":1,"name":"\u0627\u0644\u0631\u0626\u064a\u0633\u064a\u0629","item":"https:\/\/shanabooks.de\/kur\/"},{"@type":"ListItem","position":2,"name":"\u0627\u0644\u0645\u0646\u062a\u062c\u0627\u062a","item":"https:\/\/shanabooks.de\/shop\/"},{"@type":"ListItem","position":3,"name":"Otob\u00eas"}]},{"@type":"WebSite","@id":"https:\/\/shanabooks.de\/#website","url":"https:\/\/shanabooks.de\/","name":"www.shanbooks.de","description":"C\u00eehana Pirt\u00fbk\u00ean Kurd\u00ee \u0645\u0643\u062a\u0628\u0629 \u0634\u0627\u0646\u0627 \u0641\u064a \u0627\u0644\u0645\u0627\u0646\u064a\u0627 \u0648\u0623\u0648\u0631\u0628\u0627","publisher":{"@id":"https:\/\/shanabooks.de\/#organization"},"potentialAction":[{"@type":"SearchAction","target":{"@type":"EntryPoint","urlTemplate":"https:\/\/shanabooks.de\/?s={search_term_string}"},"query-input":{"@type":"PropertyValueSpecification","valueRequired":true,"valueName":"search_term_string"}}],"inLanguage":"kur"},{"@type":"Organization","@id":"https:\/\/shanabooks.de\/#organization","name":"www.shanbooks.de","url":"https:\/\/shanabooks.de\/","logo":{"@type":"ImageObject","inLanguage":"kur","@id":"https:\/\/shanabooks.de\/#\/schema\/logo\/image\/","url":"https:\/\/shanabooks.de\/wp-content\/uploads\/2024\/03\/SHANABOOKS__2_-removebg-preview.png","contentUrl":"https:\/\/shanabooks.de\/wp-content\/uploads\/2024\/03\/SHANABOOKS__2_-removebg-preview.png","width":700,"height":150,"caption":"www.shanbooks.de"},"image":{"@id":"https:\/\/shanabooks.de\/#\/schema\/logo\/image\/"}}]}},"jetpack_sharing_enabled":true,"_links":{"self":[{"href":"https:\/\/shanabooks.de\/kur\/wp-json\/wp\/v2\/product\/12837","targetHints":{"allow":["GET"]}}],"collection":[{"href":"https:\/\/shanabooks.de\/kur\/wp-json\/wp\/v2\/product"}],"about":[{"href":"https:\/\/shanabooks.de\/kur\/wp-json\/wp\/v2\/types\/product"}],"version-history":[{"count":3,"href":"https:\/\/shanabooks.de\/kur\/wp-json\/wp\/v2\/product\/12837\/revisions"}],"predecessor-version":[{"id":20397,"href":"https:\/\/shanabooks.de\/kur\/wp-json\/wp\/v2\/product\/12837\/revisions\/20397"}],"wp:featuredmedia":[{"embeddable":true,"href":"https:\/\/shanabooks.de\/kur\/wp-json\/wp\/v2\/media\/12892"}],"wp:attachment":[{"href":"https:\/\/shanabooks.de\/kur\/wp-json\/wp\/v2\/media?parent=12837"}],"wp:term":[{"taxonomy":"product_brand","embeddable":true,"href":"https:\/\/shanabooks.de\/kur\/wp-json\/wp\/v2\/product_brand?post=12837"},{"taxonomy":"product_cat","embeddable":true,"href":"https:\/\/shanabooks.de\/kur\/wp-json\/wp\/v2\/product_cat?post=12837"},{"taxonomy":"product_tag","embeddable":true,"href":"https:\/\/shanabooks.de\/kur\/wp-json\/wp\/v2\/product_tag?post=12837"}],"curies":[{"name":"wp","href":"https:\/\/api.w.org\/{rel}","templated":true}]}}