{"id":12838,"date":"2024-03-03T19:47:08","date_gmt":"2024-03-03T19:47:08","guid":{"rendered":"https:\/\/shanabooks.de\/?post_type=product&#038;p=12838"},"modified":"2025-12-30T22:30:50","modified_gmt":"2025-12-30T22:30:50","slug":"pesiren-daye-hesene-mete","status":"publish","type":"product","link":"https:\/\/shanabooks.de\/kur\/product\/pesiren-daye-hesene-mete\/","title":{"rendered":"P\u00eas\u00eer\u00ean Day\u00ea"},"content":{"rendered":"<p dir=\"ltr\"><strong>P\u00eas\u00eer\u00ean Day\u00ea &#8211; Hesen\u00ea Met\u00ea<\/strong><\/p>\n<p dir=\"ltr\">Rew\u015fa jin \u00fb m\u00ear, niv\u00eeskar\u00ee, jiyana li xer\u00eebiy\u00ea\u2026 temay\u00ean berbi\u00e7av \u00ean P\u00eas\u00eer\u00ean Day\u00ea ne. L\u00ea di nav van temayan de le\u00eetmot\u00eefek heye ku rengek\u00ee k\u00fbr \u00fb ps\u00ee\u015f\u00eek dide van \u00e7\u00eerokan. Ew, windakirina germahiya dayik\u00ea ye ku ji bo zarokek\u00ee bihu\u015fteke winda ye.<br \/>\nBihu\u015ft li d\u00fb maye \u00fb di \u015f\u00fbn\u00ea de valahiyek c\u00ee girtiye \u00fb ew valah\u00ee j\u00ee daxwaza wuslatek\u00ea di xwe de dihew\u00eene. L\u00ea tu re\u00e7etey\u00ean hazir j\u00ee n\u00eenin ku cih\u00ea w\u00ea bihu\u015ft\u00ea (day\u00ea) \u00fb kaniy\u00ean w\u00ea y\u00ean dil\u015fadiya zarokatiy\u00ea (p\u00eas\u00eer) tije bikin. Di nav w\u00ea \u015f\u00eawaza xwe ya her caran de Hesen\u00ea Met\u00ea, ber\u00ea me dide hin r\u00eagez\u00ean der\u00fbn\u00ee.<em><strong><br \/>\n<\/strong><\/em><\/p>\n<p dir=\"ltr\">\u00c7\u00eeroka bi nav\u00ea P\u00eas\u00eer\u00ean Day\u00ea ya niv\u00eeskar Hesen\u00ea Met\u00ea ji we\u015fan\u00ean Pezwend\u00ea derketiye.<\/p>\n","protected":false},"excerpt":{"rendered":"<p dir=\"ltr\" style=\"text-align: center\"><strong>Niv\u00eeskar: Hesen\u00ea Met\u00ea<br \/>\nP\u00eas\u00eer\u00ean Day\u00ea: Pirt\u00fbk<br \/>\nCure: \u00c7\u00eerok<\/strong><\/p>\n","protected":false},"featured_media":12894,"template":"","meta":{"site-sidebar-layout":"default","site-content-layout":"","ast-site-content-layout":"default","site-content-style":"default","site-sidebar-style":"default","ast-global-header-display":"","ast-banner-title-visibility":"","ast-main-header-display":"","ast-hfb-above-header-display":"","ast-hfb-below-header-display":"","ast-hfb-mobile-header-display":"","site-post-title":"","ast-breadcrumbs-content":"","ast-featured-img":"","footer-sml-layout":"","ast-disable-related-posts":"","theme-transparent-header-meta":"default","adv-header-id-meta":"","stick-header-meta":"","header-above-stick-meta":"","header-main-stick-meta":"","header-below-stick-meta":"","astra-migrate-meta-layouts":"set","ast-page-background-enabled":"default","ast-page-background-meta":{"desktop":{"background-color":"","background-image":"","background-repeat":"repeat","background-position":"center center","background-size":"auto","background-attachment":"scroll","background-type":"","background-media":"","overlay-type":"","overlay-color":"","overlay-opacity":"","overlay-gradient":""},"tablet":{"background-color":"","background-image":"","background-repeat":"repeat","background-position":"center center","background-size":"auto","background-attachment":"scroll","background-type":"","background-media":"","overlay-type":"","overlay-color":"","overlay-opacity":"","overlay-gradient":""},"mobile":{"background-color":"","background-image":"","background-repeat":"repeat","background-position":"center center","background-size":"auto","background-attachment":"scroll","background-type":"","background-media":"","overlay-type":"","overlay-color":"","overlay-opacity":"","overlay-gradient":""}},"ast-content-background-meta":{"desktop":{"background-color":"var(--ast-global-color-5)","background-image":"","background-repeat":"repeat","background-position":"center center","background-size":"auto","background-attachment":"scroll","background-type":"","background-media":"","overlay-type":"","overlay-color":"","overlay-opacity":"","overlay-gradient":""},"tablet":{"background-color":"var(--ast-global-color-5)","background-image":"","background-repeat":"repeat","background-position":"center center","background-size":"auto","background-attachment":"scroll","background-type":"","background-media":"","overlay-type":"","overlay-color":"","overlay-opacity":"","overlay-gradient":""},"mobile":{"background-color":"var(--ast-global-color-5)","background-image":"","background-repeat":"repeat","background-position":"center center","background-size":"auto","background-attachment":"scroll","background-type":"","background-media":"","overlay-type":"","overlay-color":"","overlay-opacity":"","overlay-gradient":""}}},"product_brand":[],"product_cat":[183,193],"product_tag":[],"class_list":{"0":"post-12838","1":"product","2":"type-product","3":"status-publish","4":"has-post-thumbnail","6":"product_cat-_","7":"product_cat--_","8":"pa_-cirok","9":"pa_-hesene-mete","10":"pa_-kurmanci","11":"pa_--peywend-yayinlari","12":"desktop-align-left","13":"tablet-align-left","14":"mobile-align-left","16":"first","17":"outofstock","18":"shipping-taxable","19":"purchasable","20":"product-type-simple"},"yoast_head":"<!-- This site is optimized with the Yoast SEO plugin v27.4 - https:\/\/yoast.com\/product\/yoast-seo-wordpress\/ -->\n<title>P\u00eas\u00eer\u00ean Day\u00ea - Hesen\u00ea Met\u00ea - www.shanabooks.de<\/title>\n<meta name=\"description\" content=\"P\u00eas\u00eer\u00ean Day\u00ea - Hesen\u00ea Met\u00ea Rew\u015fa jin \u00fb m\u00ear, niv\u00eeskar\u00ee, jiyana li xer\u00eebiy\u00ea\u2026 temay\u00ean berbi\u00e7av \u00ean P\u00eas\u00eer\u00ean Day\u00ea ne. L\u00ea di nav van temayan de le\u00eetmot\u00eefek heye...\" \/>\n<meta name=\"robots\" content=\"index, follow, max-snippet:-1, max-image-preview:large, max-video-preview:-1\" \/>\n<link rel=\"canonical\" href=\"https:\/\/shanabooks.de\/product\/pesiren-daye-hesene-mete\/\" \/>\n<meta property=\"og:locale\" content=\"en_US\" \/>\n<meta property=\"og:type\" content=\"article\" \/>\n<meta property=\"og:title\" content=\"P\u00eas\u00eer\u00ean Day\u00ea - Hesen\u00ea Met\u00ea - www.shanabooks.de\" \/>\n<meta property=\"og:description\" content=\"P\u00eas\u00eer\u00ean Day\u00ea - Hesen\u00ea Met\u00ea Rew\u015fa jin \u00fb m\u00ear, niv\u00eeskar\u00ee, jiyana li xer\u00eebiy\u00ea\u2026 temay\u00ean berbi\u00e7av \u00ean P\u00eas\u00eer\u00ean Day\u00ea ne. L\u00ea di nav van temayan de le\u00eetmot\u00eefek heye...\" \/>\n<meta property=\"og:url\" content=\"https:\/\/shanabooks.de\/product\/pesiren-daye-hesene-mete\/\" \/>\n<meta property=\"og:site_name\" content=\"www.shanabooks.de\" \/>\n<meta property=\"article:modified_time\" content=\"2025-12-30T22:30:50+00:00\" \/>\n<meta property=\"og:image\" content=\"https:\/\/shanabooks.de\/wp-content\/uploads\/2024\/03\/pesiren-daye.webp\" \/>\n\t<meta property=\"og:image:width\" content=\"276\" \/>\n\t<meta property=\"og:image:height\" content=\"423\" \/>\n\t<meta property=\"og:image:type\" content=\"image\/webp\" \/>\n<meta name=\"twitter:card\" content=\"summary_large_image\" \/>\n<meta name=\"twitter:label1\" content=\"Est. reading time\" \/>\n\t<meta name=\"twitter:data1\" content=\"2 minutes\" \/>\n<script type=\"application\/ld+json\" class=\"yoast-schema-graph\">{\"@context\":\"https:\\\/\\\/schema.org\",\"@graph\":[{\"@type\":\"WebPage\",\"@id\":\"https:\\\/\\\/shanabooks.de\\\/product\\\/pesiren-daye-hesene-mete\\\/\",\"url\":\"https:\\\/\\\/shanabooks.de\\\/product\\\/pesiren-daye-hesene-mete\\\/\",\"name\":\"P\u00eas\u00eer\u00ean Day\u00ea - Hesen\u00ea Met\u00ea - www.shanabooks.de\",\"isPartOf\":{\"@id\":\"https:\\\/\\\/shanabooks.de\\\/#website\"},\"primaryImageOfPage\":{\"@id\":\"https:\\\/\\\/shanabooks.de\\\/product\\\/pesiren-daye-hesene-mete\\\/#primaryimage\"},\"image\":{\"@id\":\"https:\\\/\\\/shanabooks.de\\\/product\\\/pesiren-daye-hesene-mete\\\/#primaryimage\"},\"thumbnailUrl\":\"https:\\\/\\\/shanabooks.de\\\/wp-content\\\/uploads\\\/2024\\\/03\\\/pesiren-daye.webp\",\"datePublished\":\"2024-03-03T19:47:08+00:00\",\"dateModified\":\"2025-12-30T22:30:50+00:00\",\"description\":\"P\u00eas\u00eer\u00ean Day\u00ea - Hesen\u00ea Met\u00ea Rew\u015fa jin \u00fb m\u00ear, niv\u00eeskar\u00ee, jiyana li xer\u00eebiy\u00ea\u2026 temay\u00ean berbi\u00e7av \u00ean P\u00eas\u00eer\u00ean Day\u00ea ne. L\u00ea di nav van temayan de le\u00eetmot\u00eefek heye...\",\"breadcrumb\":{\"@id\":\"https:\\\/\\\/shanabooks.de\\\/product\\\/pesiren-daye-hesene-mete\\\/#breadcrumb\"},\"inLanguage\":\"kur\",\"potentialAction\":[{\"@type\":\"ReadAction\",\"target\":[\"https:\\\/\\\/shanabooks.de\\\/product\\\/pesiren-daye-hesene-mete\\\/\"]}]},{\"@type\":\"ImageObject\",\"inLanguage\":\"kur\",\"@id\":\"https:\\\/\\\/shanabooks.de\\\/product\\\/pesiren-daye-hesene-mete\\\/#primaryimage\",\"url\":\"https:\\\/\\\/shanabooks.de\\\/wp-content\\\/uploads\\\/2024\\\/03\\\/pesiren-daye.webp\",\"contentUrl\":\"https:\\\/\\\/shanabooks.de\\\/wp-content\\\/uploads\\\/2024\\\/03\\\/pesiren-daye.webp\",\"width\":276,\"height\":423,\"caption\":\"P\u00eas\u00eer\u00ean Day\u00ea - Hesen\u00ea Met\u00ea - pirt\u00fbk\u00ean kurd\u00ee\"},{\"@type\":\"BreadcrumbList\",\"@id\":\"https:\\\/\\\/shanabooks.de\\\/product\\\/pesiren-daye-hesene-mete\\\/#breadcrumb\",\"itemListElement\":[{\"@type\":\"ListItem\",\"position\":1,\"name\":\"\u0627\u0644\u0631\u0626\u064a\u0633\u064a\u0629\",\"item\":\"https:\\\/\\\/shanabooks.de\\\/kur\\\/\"},{\"@type\":\"ListItem\",\"position\":2,\"name\":\"\u0627\u0644\u0645\u0646\u062a\u062c\u0627\u062a\",\"item\":\"https:\\\/\\\/shanabooks.de\\\/shop\\\/\"},{\"@type\":\"ListItem\",\"position\":3,\"name\":\"P\u00eas\u00eer\u00ean Day\u00ea\"}]},{\"@type\":\"WebSite\",\"@id\":\"https:\\\/\\\/shanabooks.de\\\/#website\",\"url\":\"https:\\\/\\\/shanabooks.de\\\/\",\"name\":\"www.shanbooks.de\",\"description\":\"C\u00eehana Pirt\u00fbk\u00ean Kurd\u00ee \u0645\u0643\u062a\u0628\u0629 \u0634\u0627\u0646\u0627 \u0641\u064a \u0627\u0644\u0645\u0627\u0646\u064a\u0627 \u0648\u0623\u0648\u0631\u0628\u0627\",\"publisher\":{\"@id\":\"https:\\\/\\\/shanabooks.de\\\/#organization\"},\"potentialAction\":[{\"@type\":\"SearchAction\",\"target\":{\"@type\":\"EntryPoint\",\"urlTemplate\":\"https:\\\/\\\/shanabooks.de\\\/?s={search_term_string}\"},\"query-input\":{\"@type\":\"PropertyValueSpecification\",\"valueRequired\":true,\"valueName\":\"search_term_string\"}}],\"inLanguage\":\"kur\"},{\"@type\":\"Organization\",\"@id\":\"https:\\\/\\\/shanabooks.de\\\/#organization\",\"name\":\"www.shanbooks.de\",\"url\":\"https:\\\/\\\/shanabooks.de\\\/\",\"logo\":{\"@type\":\"ImageObject\",\"inLanguage\":\"kur\",\"@id\":\"https:\\\/\\\/shanabooks.de\\\/#\\\/schema\\\/logo\\\/image\\\/\",\"url\":\"https:\\\/\\\/shanabooks.de\\\/wp-content\\\/uploads\\\/2024\\\/03\\\/SHANABOOKS__2_-removebg-preview.png\",\"contentUrl\":\"https:\\\/\\\/shanabooks.de\\\/wp-content\\\/uploads\\\/2024\\\/03\\\/SHANABOOKS__2_-removebg-preview.png\",\"width\":700,\"height\":150,\"caption\":\"www.shanbooks.de\"},\"image\":{\"@id\":\"https:\\\/\\\/shanabooks.de\\\/#\\\/schema\\\/logo\\\/image\\\/\"}}]}<\/script>\n<!-- \/ Yoast SEO plugin. -->","yoast_head_json":{"title":"P\u00eas\u00eer\u00ean Day\u00ea - Hesen\u00ea Met\u00ea - www.shanabooks.de","description":"P\u00eas\u00eer\u00ean Day\u00ea - Hesen\u00ea Met\u00ea Rew\u015fa jin \u00fb m\u00ear, niv\u00eeskar\u00ee, jiyana li xer\u00eebiy\u00ea\u2026 temay\u00ean berbi\u00e7av \u00ean P\u00eas\u00eer\u00ean Day\u00ea ne. L\u00ea di nav van temayan de le\u00eetmot\u00eefek heye...","robots":{"index":"index","follow":"follow","max-snippet":"max-snippet:-1","max-image-preview":"max-image-preview:large","max-video-preview":"max-video-preview:-1"},"canonical":"https:\/\/shanabooks.de\/product\/pesiren-daye-hesene-mete\/","og_locale":"en_US","og_type":"article","og_title":"P\u00eas\u00eer\u00ean Day\u00ea - Hesen\u00ea Met\u00ea - www.shanabooks.de","og_description":"P\u00eas\u00eer\u00ean Day\u00ea - Hesen\u00ea Met\u00ea Rew\u015fa jin \u00fb m\u00ear, niv\u00eeskar\u00ee, jiyana li xer\u00eebiy\u00ea\u2026 temay\u00ean berbi\u00e7av \u00ean P\u00eas\u00eer\u00ean Day\u00ea ne. L\u00ea di nav van temayan de le\u00eetmot\u00eefek heye...","og_url":"https:\/\/shanabooks.de\/product\/pesiren-daye-hesene-mete\/","og_site_name":"www.shanabooks.de","article_modified_time":"2025-12-30T22:30:50+00:00","og_image":[{"width":276,"height":423,"url":"https:\/\/shanabooks.de\/wp-content\/uploads\/2024\/03\/pesiren-daye.webp","type":"image\/webp"}],"twitter_card":"summary_large_image","twitter_misc":{"Est. reading time":"2 minutes"},"schema":{"@context":"https:\/\/schema.org","@graph":[{"@type":"WebPage","@id":"https:\/\/shanabooks.de\/product\/pesiren-daye-hesene-mete\/","url":"https:\/\/shanabooks.de\/product\/pesiren-daye-hesene-mete\/","name":"P\u00eas\u00eer\u00ean Day\u00ea - Hesen\u00ea Met\u00ea - www.shanabooks.de","isPartOf":{"@id":"https:\/\/shanabooks.de\/#website"},"primaryImageOfPage":{"@id":"https:\/\/shanabooks.de\/product\/pesiren-daye-hesene-mete\/#primaryimage"},"image":{"@id":"https:\/\/shanabooks.de\/product\/pesiren-daye-hesene-mete\/#primaryimage"},"thumbnailUrl":"https:\/\/shanabooks.de\/wp-content\/uploads\/2024\/03\/pesiren-daye.webp","datePublished":"2024-03-03T19:47:08+00:00","dateModified":"2025-12-30T22:30:50+00:00","description":"P\u00eas\u00eer\u00ean Day\u00ea - Hesen\u00ea Met\u00ea Rew\u015fa jin \u00fb m\u00ear, niv\u00eeskar\u00ee, jiyana li xer\u00eebiy\u00ea\u2026 temay\u00ean berbi\u00e7av \u00ean P\u00eas\u00eer\u00ean Day\u00ea ne. L\u00ea di nav van temayan de le\u00eetmot\u00eefek heye...","breadcrumb":{"@id":"https:\/\/shanabooks.de\/product\/pesiren-daye-hesene-mete\/#breadcrumb"},"inLanguage":"kur","potentialAction":[{"@type":"ReadAction","target":["https:\/\/shanabooks.de\/product\/pesiren-daye-hesene-mete\/"]}]},{"@type":"ImageObject","inLanguage":"kur","@id":"https:\/\/shanabooks.de\/product\/pesiren-daye-hesene-mete\/#primaryimage","url":"https:\/\/shanabooks.de\/wp-content\/uploads\/2024\/03\/pesiren-daye.webp","contentUrl":"https:\/\/shanabooks.de\/wp-content\/uploads\/2024\/03\/pesiren-daye.webp","width":276,"height":423,"caption":"P\u00eas\u00eer\u00ean Day\u00ea - Hesen\u00ea Met\u00ea - pirt\u00fbk\u00ean kurd\u00ee"},{"@type":"BreadcrumbList","@id":"https:\/\/shanabooks.de\/product\/pesiren-daye-hesene-mete\/#breadcrumb","itemListElement":[{"@type":"ListItem","position":1,"name":"\u0627\u0644\u0631\u0626\u064a\u0633\u064a\u0629","item":"https:\/\/shanabooks.de\/kur\/"},{"@type":"ListItem","position":2,"name":"\u0627\u0644\u0645\u0646\u062a\u062c\u0627\u062a","item":"https:\/\/shanabooks.de\/shop\/"},{"@type":"ListItem","position":3,"name":"P\u00eas\u00eer\u00ean Day\u00ea"}]},{"@type":"WebSite","@id":"https:\/\/shanabooks.de\/#website","url":"https:\/\/shanabooks.de\/","name":"www.shanbooks.de","description":"C\u00eehana Pirt\u00fbk\u00ean Kurd\u00ee \u0645\u0643\u062a\u0628\u0629 \u0634\u0627\u0646\u0627 \u0641\u064a \u0627\u0644\u0645\u0627\u0646\u064a\u0627 \u0648\u0623\u0648\u0631\u0628\u0627","publisher":{"@id":"https:\/\/shanabooks.de\/#organization"},"potentialAction":[{"@type":"SearchAction","target":{"@type":"EntryPoint","urlTemplate":"https:\/\/shanabooks.de\/?s={search_term_string}"},"query-input":{"@type":"PropertyValueSpecification","valueRequired":true,"valueName":"search_term_string"}}],"inLanguage":"kur"},{"@type":"Organization","@id":"https:\/\/shanabooks.de\/#organization","name":"www.shanbooks.de","url":"https:\/\/shanabooks.de\/","logo":{"@type":"ImageObject","inLanguage":"kur","@id":"https:\/\/shanabooks.de\/#\/schema\/logo\/image\/","url":"https:\/\/shanabooks.de\/wp-content\/uploads\/2024\/03\/SHANABOOKS__2_-removebg-preview.png","contentUrl":"https:\/\/shanabooks.de\/wp-content\/uploads\/2024\/03\/SHANABOOKS__2_-removebg-preview.png","width":700,"height":150,"caption":"www.shanbooks.de"},"image":{"@id":"https:\/\/shanabooks.de\/#\/schema\/logo\/image\/"}}]}},"jetpack_sharing_enabled":true,"_links":{"self":[{"href":"https:\/\/shanabooks.de\/kur\/wp-json\/wp\/v2\/product\/12838","targetHints":{"allow":["GET"]}}],"collection":[{"href":"https:\/\/shanabooks.de\/kur\/wp-json\/wp\/v2\/product"}],"about":[{"href":"https:\/\/shanabooks.de\/kur\/wp-json\/wp\/v2\/types\/product"}],"version-history":[{"count":3,"href":"https:\/\/shanabooks.de\/kur\/wp-json\/wp\/v2\/product\/12838\/revisions"}],"predecessor-version":[{"id":17564,"href":"https:\/\/shanabooks.de\/kur\/wp-json\/wp\/v2\/product\/12838\/revisions\/17564"}],"wp:featuredmedia":[{"embeddable":true,"href":"https:\/\/shanabooks.de\/kur\/wp-json\/wp\/v2\/media\/12894"}],"wp:attachment":[{"href":"https:\/\/shanabooks.de\/kur\/wp-json\/wp\/v2\/media?parent=12838"}],"wp:term":[{"taxonomy":"product_brand","embeddable":true,"href":"https:\/\/shanabooks.de\/kur\/wp-json\/wp\/v2\/product_brand?post=12838"},{"taxonomy":"product_cat","embeddable":true,"href":"https:\/\/shanabooks.de\/kur\/wp-json\/wp\/v2\/product_cat?post=12838"},{"taxonomy":"product_tag","embeddable":true,"href":"https:\/\/shanabooks.de\/kur\/wp-json\/wp\/v2\/product_tag?post=12838"}],"curies":[{"name":"wp","href":"https:\/\/api.w.org\/{rel}","templated":true}]}}