{"id":12842,"date":"2024-03-03T19:47:08","date_gmt":"2024-03-03T19:47:08","guid":{"rendered":"https:\/\/shanabooks.de\/?post_type=product&#038;p=12842"},"modified":"2025-12-30T22:56:09","modified_gmt":"2025-12-30T22:56:09","slug":"stranen-sor-nivisten-mor-renas-jiyan","status":"publish","type":"product","link":"https:\/\/shanabooks.de\/kur\/product\/stranen-sor-nivisten-mor-renas-jiyan\/","title":{"rendered":"Stran\u00ean sor nivi\u015ft\u00ean mor"},"content":{"rendered":"<p dir=\"ltr\"><strong>Stran\u00ean sor nivi\u015ft\u00ean mor &#8211; R\u00eanas Jiyan<\/strong><\/p>\n<p dir=\"ltr\"><span style=\"font-family: Verdana\">Ez digir\u00eem. Ca min dest\u00ea xwe di ser\u00ea min dide.\u00a0<\/span>Gava ca min dest\u00ea xwe di ser\u00ea min dide,\u00a0wek bihar hatibe ser\u00ea min kul\u00eelk dibi\u015fkuve.\u00a0B\u00eena bihar\u00ea t\u00ea ji b\u00eera min.\u00a0Ez digir\u00eem. Min daye d\u00fb ca xwe \u00fb\u00a0min j\u00ee wek w\u00ea dawa xwe hilkiriye,\u00a0k\u00ear\u00ean me di dest\u00ea me de, em li \u00e7ol\u00ea li tolik \u00fb str\u00eezerk\u00ea digerin.\u00a0Ez digir\u00eem. Ca min q\u00eevarek\u00ee diqe\u015f\u00eare \u00fb dide min.\u00a0Ez BAZ DIDIM, derim ji bin keviran kurmikek\u00eereng\u00een \u00ee bi\u00e7\u00fb\u00e7ik j\u00ea re t\u00eenim \u00fb bera kefa dest\u00ea w\u00ea didim.\u00a0Ez digir\u00eem. \u015eekirok \u00fb xalxalok li d\u00fb min dim\u00eenin.\u00a0Dawa me mi\u015ft giya \u00fb pincar em ji \u00e7ol\u00ea vedigerin.\u00a0Ez digir\u00eem. \u015eolik\u00ean ku min ji \u00e7ol\u00ea an\u00eene,\u00a0ez baqek\u00ee\u2026 bi bizinan didim xwarin.\u00a0Bizin tiliy\u00ean min di dev\u00ea xwe de \u015fil dikin.<\/p>\n<p dir=\"ltr\">Ez digir\u00eem:<\/p>\n<p dir=\"ltr\"><span style=\"font-family: Verdana\">\u2018Yad\u00ea, \u00e7ima bihar nay\u00ea?!\u2019\u2026<\/span><\/p>\n<p dir=\"ltr\">pirt\u00fbka bi nav\u00ea Stran\u00ean sor nivi\u015ft\u00ean mor ya R\u00eanas Jiyan ji we\u015fan\u00ean Belk\u00ee ye.<\/p>\n","protected":false},"excerpt":{"rendered":"<p dir=\"ltr\" style=\"text-align: center\"><strong>Niv\u00eeskar: R\u00eanas Jiyan<br \/>\nPirt\u00fbk: Stran\u00ean sor nivi\u015ft\u00ean mor<br \/>\nCure: Roman<\/strong><\/p>\n","protected":false},"featured_media":5651,"template":"","meta":{"site-sidebar-layout":"default","site-content-layout":"","ast-site-content-layout":"default","site-content-style":"default","site-sidebar-style":"default","ast-global-header-display":"","ast-banner-title-visibility":"","ast-main-header-display":"","ast-hfb-above-header-display":"","ast-hfb-below-header-display":"","ast-hfb-mobile-header-display":"","site-post-title":"","ast-breadcrumbs-content":"","ast-featured-img":"","footer-sml-layout":"","ast-disable-related-posts":"","theme-transparent-header-meta":"default","adv-header-id-meta":"","stick-header-meta":"","header-above-stick-meta":"","header-main-stick-meta":"","header-below-stick-meta":"","astra-migrate-meta-layouts":"set","ast-page-background-enabled":"default","ast-page-background-meta":{"desktop":{"background-color":"","background-image":"","background-repeat":"repeat","background-position":"center center","background-size":"auto","background-attachment":"scroll","background-type":"","background-media":"","overlay-type":"","overlay-color":"","overlay-opacity":"","overlay-gradient":""},"tablet":{"background-color":"","background-image":"","background-repeat":"repeat","background-position":"center center","background-size":"auto","background-attachment":"scroll","background-type":"","background-media":"","overlay-type":"","overlay-color":"","overlay-opacity":"","overlay-gradient":""},"mobile":{"background-color":"","background-image":"","background-repeat":"repeat","background-position":"center center","background-size":"auto","background-attachment":"scroll","background-type":"","background-media":"","overlay-type":"","overlay-color":"","overlay-opacity":"","overlay-gradient":""}},"ast-content-background-meta":{"desktop":{"background-color":"var(--ast-global-color-5)","background-image":"","background-repeat":"repeat","background-position":"center center","background-size":"auto","background-attachment":"scroll","background-type":"","background-media":"","overlay-type":"","overlay-color":"","overlay-opacity":"","overlay-gradient":""},"tablet":{"background-color":"var(--ast-global-color-5)","background-image":"","background-repeat":"repeat","background-position":"center center","background-size":"auto","background-attachment":"scroll","background-type":"","background-media":"","overlay-type":"","overlay-color":"","overlay-opacity":"","overlay-gradient":""},"mobile":{"background-color":"var(--ast-global-color-5)","background-image":"","background-repeat":"repeat","background-position":"center center","background-size":"auto","background-attachment":"scroll","background-type":"","background-media":"","overlay-type":"","overlay-color":"","overlay-opacity":"","overlay-gradient":""}}},"product_brand":[],"product_cat":[182,193],"product_tag":[],"class_list":{"0":"post-12842","1":"product","2":"type-product","3":"status-publish","4":"has-post-thumbnail","6":"product_cat-_","7":"product_cat--_","8":"pa_-roman","9":"pa_-renas-jiyan","10":"pa_-kurmanci","11":"pa_--belki","12":"desktop-align-left","13":"tablet-align-left","14":"mobile-align-left","16":"first","17":"outofstock","18":"shipping-taxable","19":"purchasable","20":"product-type-simple"},"yoast_head":"<!-- This site is optimized with the Yoast SEO plugin v27.4 - https:\/\/yoast.com\/product\/yoast-seo-wordpress\/ -->\n<title>Stran\u00ean sor nivi\u015ft\u00ean mor - R\u00eanas Jiyan - www.shanabooks.de<\/title>\n<meta name=\"description\" content=\"Stran\u00ean sor nivi\u015ft\u00ean mor - R\u00eanas Jiyan Ez digir\u00eem. Ca min dest\u00ea xwe di ser\u00ea min dide.\u00a0Gava ca min dest\u00ea xwe di ser\u00ea min dide,\u00a0wek bihar hatibe ser\u00ea min k...\" \/>\n<meta name=\"robots\" content=\"index, follow, max-snippet:-1, max-image-preview:large, max-video-preview:-1\" \/>\n<link rel=\"canonical\" href=\"https:\/\/shanabooks.de\/product\/stranen-sor-nivisten-mor-renas-jiyan\/\" \/>\n<meta property=\"og:locale\" content=\"en_US\" \/>\n<meta property=\"og:type\" content=\"article\" \/>\n<meta property=\"og:title\" content=\"Stran\u00ean sor nivi\u015ft\u00ean mor - R\u00eanas Jiyan - www.shanabooks.de\" \/>\n<meta property=\"og:description\" content=\"Stran\u00ean sor nivi\u015ft\u00ean mor - R\u00eanas Jiyan Ez digir\u00eem. Ca min dest\u00ea xwe di ser\u00ea min dide.\u00a0Gava ca min dest\u00ea xwe di ser\u00ea min dide,\u00a0wek bihar hatibe ser\u00ea min k...\" \/>\n<meta property=\"og:url\" content=\"https:\/\/shanabooks.de\/product\/stranen-sor-nivisten-mor-renas-jiyan\/\" \/>\n<meta property=\"og:site_name\" content=\"www.shanabooks.de\" \/>\n<meta property=\"article:modified_time\" content=\"2025-12-30T22:56:09+00:00\" \/>\n<meta property=\"og:image\" content=\"https:\/\/shanabooks.de\/wp-content\/uploads\/2024\/01\/stranen-sor-nivisten-mor.jpg\" \/>\n\t<meta property=\"og:image:width\" content=\"154\" \/>\n\t<meta property=\"og:image:height\" content=\"240\" \/>\n\t<meta property=\"og:image:type\" content=\"image\/jpeg\" \/>\n<meta name=\"twitter:card\" content=\"summary_large_image\" \/>\n<meta name=\"twitter:label1\" content=\"Est. reading time\" \/>\n\t<meta name=\"twitter:data1\" content=\"2 minutes\" \/>\n<script type=\"application\/ld+json\" class=\"yoast-schema-graph\">{\"@context\":\"https:\\\/\\\/schema.org\",\"@graph\":[{\"@type\":\"WebPage\",\"@id\":\"https:\\\/\\\/shanabooks.de\\\/product\\\/stranen-sor-nivisten-mor-renas-jiyan\\\/\",\"url\":\"https:\\\/\\\/shanabooks.de\\\/product\\\/stranen-sor-nivisten-mor-renas-jiyan\\\/\",\"name\":\"Stran\u00ean sor nivi\u015ft\u00ean mor - R\u00eanas Jiyan - www.shanabooks.de\",\"isPartOf\":{\"@id\":\"https:\\\/\\\/shanabooks.de\\\/#website\"},\"primaryImageOfPage\":{\"@id\":\"https:\\\/\\\/shanabooks.de\\\/product\\\/stranen-sor-nivisten-mor-renas-jiyan\\\/#primaryimage\"},\"image\":{\"@id\":\"https:\\\/\\\/shanabooks.de\\\/product\\\/stranen-sor-nivisten-mor-renas-jiyan\\\/#primaryimage\"},\"thumbnailUrl\":\"https:\\\/\\\/shanabooks.de\\\/wp-content\\\/uploads\\\/2024\\\/01\\\/stranen-sor-nivisten-mor.jpg\",\"datePublished\":\"2024-03-03T19:47:08+00:00\",\"dateModified\":\"2025-12-30T22:56:09+00:00\",\"description\":\"Stran\u00ean sor nivi\u015ft\u00ean mor - R\u00eanas Jiyan Ez digir\u00eem. Ca min dest\u00ea xwe di ser\u00ea min dide.\u00a0Gava ca min dest\u00ea xwe di ser\u00ea min dide,\u00a0wek bihar hatibe ser\u00ea min k...\",\"breadcrumb\":{\"@id\":\"https:\\\/\\\/shanabooks.de\\\/product\\\/stranen-sor-nivisten-mor-renas-jiyan\\\/#breadcrumb\"},\"inLanguage\":\"kur\",\"potentialAction\":[{\"@type\":\"ReadAction\",\"target\":[\"https:\\\/\\\/shanabooks.de\\\/product\\\/stranen-sor-nivisten-mor-renas-jiyan\\\/\"]}]},{\"@type\":\"ImageObject\",\"inLanguage\":\"kur\",\"@id\":\"https:\\\/\\\/shanabooks.de\\\/product\\\/stranen-sor-nivisten-mor-renas-jiyan\\\/#primaryimage\",\"url\":\"https:\\\/\\\/shanabooks.de\\\/wp-content\\\/uploads\\\/2024\\\/01\\\/stranen-sor-nivisten-mor.jpg\",\"contentUrl\":\"https:\\\/\\\/shanabooks.de\\\/wp-content\\\/uploads\\\/2024\\\/01\\\/stranen-sor-nivisten-mor.jpg\",\"width\":154,\"height\":240,\"caption\":\"Stran\u00ean sor nivi\u015ft\u00ean mor - R\u00eanas Jiyan - pirt\u00fbk\u00ean kurd\u00ee\"},{\"@type\":\"BreadcrumbList\",\"@id\":\"https:\\\/\\\/shanabooks.de\\\/product\\\/stranen-sor-nivisten-mor-renas-jiyan\\\/#breadcrumb\",\"itemListElement\":[{\"@type\":\"ListItem\",\"position\":1,\"name\":\"\u0627\u0644\u0631\u0626\u064a\u0633\u064a\u0629\",\"item\":\"https:\\\/\\\/shanabooks.de\\\/kur\\\/\"},{\"@type\":\"ListItem\",\"position\":2,\"name\":\"\u0627\u0644\u0645\u0646\u062a\u062c\u0627\u062a\",\"item\":\"https:\\\/\\\/shanabooks.de\\\/shop\\\/\"},{\"@type\":\"ListItem\",\"position\":3,\"name\":\"Stran\u00ean sor nivi\u015ft\u00ean mor\"}]},{\"@type\":\"WebSite\",\"@id\":\"https:\\\/\\\/shanabooks.de\\\/#website\",\"url\":\"https:\\\/\\\/shanabooks.de\\\/\",\"name\":\"www.shanbooks.de\",\"description\":\"C\u00eehana Pirt\u00fbk\u00ean Kurd\u00ee \u0645\u0643\u062a\u0628\u0629 \u0634\u0627\u0646\u0627 \u0641\u064a \u0627\u0644\u0645\u0627\u0646\u064a\u0627 \u0648\u0623\u0648\u0631\u0628\u0627\",\"publisher\":{\"@id\":\"https:\\\/\\\/shanabooks.de\\\/#organization\"},\"potentialAction\":[{\"@type\":\"SearchAction\",\"target\":{\"@type\":\"EntryPoint\",\"urlTemplate\":\"https:\\\/\\\/shanabooks.de\\\/?s={search_term_string}\"},\"query-input\":{\"@type\":\"PropertyValueSpecification\",\"valueRequired\":true,\"valueName\":\"search_term_string\"}}],\"inLanguage\":\"kur\"},{\"@type\":\"Organization\",\"@id\":\"https:\\\/\\\/shanabooks.de\\\/#organization\",\"name\":\"www.shanbooks.de\",\"url\":\"https:\\\/\\\/shanabooks.de\\\/\",\"logo\":{\"@type\":\"ImageObject\",\"inLanguage\":\"kur\",\"@id\":\"https:\\\/\\\/shanabooks.de\\\/#\\\/schema\\\/logo\\\/image\\\/\",\"url\":\"https:\\\/\\\/shanabooks.de\\\/wp-content\\\/uploads\\\/2024\\\/03\\\/SHANABOOKS__2_-removebg-preview.png\",\"contentUrl\":\"https:\\\/\\\/shanabooks.de\\\/wp-content\\\/uploads\\\/2024\\\/03\\\/SHANABOOKS__2_-removebg-preview.png\",\"width\":700,\"height\":150,\"caption\":\"www.shanbooks.de\"},\"image\":{\"@id\":\"https:\\\/\\\/shanabooks.de\\\/#\\\/schema\\\/logo\\\/image\\\/\"}}]}<\/script>\n<!-- \/ Yoast SEO plugin. -->","yoast_head_json":{"title":"Stran\u00ean sor nivi\u015ft\u00ean mor - R\u00eanas Jiyan - www.shanabooks.de","description":"Stran\u00ean sor nivi\u015ft\u00ean mor - R\u00eanas Jiyan Ez digir\u00eem. Ca min dest\u00ea xwe di ser\u00ea min dide.\u00a0Gava ca min dest\u00ea xwe di ser\u00ea min dide,\u00a0wek bihar hatibe ser\u00ea min k...","robots":{"index":"index","follow":"follow","max-snippet":"max-snippet:-1","max-image-preview":"max-image-preview:large","max-video-preview":"max-video-preview:-1"},"canonical":"https:\/\/shanabooks.de\/product\/stranen-sor-nivisten-mor-renas-jiyan\/","og_locale":"en_US","og_type":"article","og_title":"Stran\u00ean sor nivi\u015ft\u00ean mor - R\u00eanas Jiyan - www.shanabooks.de","og_description":"Stran\u00ean sor nivi\u015ft\u00ean mor - R\u00eanas Jiyan Ez digir\u00eem. Ca min dest\u00ea xwe di ser\u00ea min dide.\u00a0Gava ca min dest\u00ea xwe di ser\u00ea min dide,\u00a0wek bihar hatibe ser\u00ea min k...","og_url":"https:\/\/shanabooks.de\/product\/stranen-sor-nivisten-mor-renas-jiyan\/","og_site_name":"www.shanabooks.de","article_modified_time":"2025-12-30T22:56:09+00:00","og_image":[{"width":154,"height":240,"url":"https:\/\/shanabooks.de\/wp-content\/uploads\/2024\/01\/stranen-sor-nivisten-mor.jpg","type":"image\/jpeg"}],"twitter_card":"summary_large_image","twitter_misc":{"Est. reading time":"2 minutes"},"schema":{"@context":"https:\/\/schema.org","@graph":[{"@type":"WebPage","@id":"https:\/\/shanabooks.de\/product\/stranen-sor-nivisten-mor-renas-jiyan\/","url":"https:\/\/shanabooks.de\/product\/stranen-sor-nivisten-mor-renas-jiyan\/","name":"Stran\u00ean sor nivi\u015ft\u00ean mor - R\u00eanas Jiyan - www.shanabooks.de","isPartOf":{"@id":"https:\/\/shanabooks.de\/#website"},"primaryImageOfPage":{"@id":"https:\/\/shanabooks.de\/product\/stranen-sor-nivisten-mor-renas-jiyan\/#primaryimage"},"image":{"@id":"https:\/\/shanabooks.de\/product\/stranen-sor-nivisten-mor-renas-jiyan\/#primaryimage"},"thumbnailUrl":"https:\/\/shanabooks.de\/wp-content\/uploads\/2024\/01\/stranen-sor-nivisten-mor.jpg","datePublished":"2024-03-03T19:47:08+00:00","dateModified":"2025-12-30T22:56:09+00:00","description":"Stran\u00ean sor nivi\u015ft\u00ean mor - R\u00eanas Jiyan Ez digir\u00eem. Ca min dest\u00ea xwe di ser\u00ea min dide.\u00a0Gava ca min dest\u00ea xwe di ser\u00ea min dide,\u00a0wek bihar hatibe ser\u00ea min k...","breadcrumb":{"@id":"https:\/\/shanabooks.de\/product\/stranen-sor-nivisten-mor-renas-jiyan\/#breadcrumb"},"inLanguage":"kur","potentialAction":[{"@type":"ReadAction","target":["https:\/\/shanabooks.de\/product\/stranen-sor-nivisten-mor-renas-jiyan\/"]}]},{"@type":"ImageObject","inLanguage":"kur","@id":"https:\/\/shanabooks.de\/product\/stranen-sor-nivisten-mor-renas-jiyan\/#primaryimage","url":"https:\/\/shanabooks.de\/wp-content\/uploads\/2024\/01\/stranen-sor-nivisten-mor.jpg","contentUrl":"https:\/\/shanabooks.de\/wp-content\/uploads\/2024\/01\/stranen-sor-nivisten-mor.jpg","width":154,"height":240,"caption":"Stran\u00ean sor nivi\u015ft\u00ean mor - R\u00eanas Jiyan - pirt\u00fbk\u00ean kurd\u00ee"},{"@type":"BreadcrumbList","@id":"https:\/\/shanabooks.de\/product\/stranen-sor-nivisten-mor-renas-jiyan\/#breadcrumb","itemListElement":[{"@type":"ListItem","position":1,"name":"\u0627\u0644\u0631\u0626\u064a\u0633\u064a\u0629","item":"https:\/\/shanabooks.de\/kur\/"},{"@type":"ListItem","position":2,"name":"\u0627\u0644\u0645\u0646\u062a\u062c\u0627\u062a","item":"https:\/\/shanabooks.de\/shop\/"},{"@type":"ListItem","position":3,"name":"Stran\u00ean sor nivi\u015ft\u00ean mor"}]},{"@type":"WebSite","@id":"https:\/\/shanabooks.de\/#website","url":"https:\/\/shanabooks.de\/","name":"www.shanbooks.de","description":"C\u00eehana Pirt\u00fbk\u00ean Kurd\u00ee \u0645\u0643\u062a\u0628\u0629 \u0634\u0627\u0646\u0627 \u0641\u064a \u0627\u0644\u0645\u0627\u0646\u064a\u0627 \u0648\u0623\u0648\u0631\u0628\u0627","publisher":{"@id":"https:\/\/shanabooks.de\/#organization"},"potentialAction":[{"@type":"SearchAction","target":{"@type":"EntryPoint","urlTemplate":"https:\/\/shanabooks.de\/?s={search_term_string}"},"query-input":{"@type":"PropertyValueSpecification","valueRequired":true,"valueName":"search_term_string"}}],"inLanguage":"kur"},{"@type":"Organization","@id":"https:\/\/shanabooks.de\/#organization","name":"www.shanbooks.de","url":"https:\/\/shanabooks.de\/","logo":{"@type":"ImageObject","inLanguage":"kur","@id":"https:\/\/shanabooks.de\/#\/schema\/logo\/image\/","url":"https:\/\/shanabooks.de\/wp-content\/uploads\/2024\/03\/SHANABOOKS__2_-removebg-preview.png","contentUrl":"https:\/\/shanabooks.de\/wp-content\/uploads\/2024\/03\/SHANABOOKS__2_-removebg-preview.png","width":700,"height":150,"caption":"www.shanbooks.de"},"image":{"@id":"https:\/\/shanabooks.de\/#\/schema\/logo\/image\/"}}]}},"jetpack_sharing_enabled":true,"_links":{"self":[{"href":"https:\/\/shanabooks.de\/kur\/wp-json\/wp\/v2\/product\/12842","targetHints":{"allow":["GET"]}}],"collection":[{"href":"https:\/\/shanabooks.de\/kur\/wp-json\/wp\/v2\/product"}],"about":[{"href":"https:\/\/shanabooks.de\/kur\/wp-json\/wp\/v2\/types\/product"}],"version-history":[{"count":3,"href":"https:\/\/shanabooks.de\/kur\/wp-json\/wp\/v2\/product\/12842\/revisions"}],"predecessor-version":[{"id":17708,"href":"https:\/\/shanabooks.de\/kur\/wp-json\/wp\/v2\/product\/12842\/revisions\/17708"}],"wp:featuredmedia":[{"embeddable":true,"href":"https:\/\/shanabooks.de\/kur\/wp-json\/wp\/v2\/media\/5651"}],"wp:attachment":[{"href":"https:\/\/shanabooks.de\/kur\/wp-json\/wp\/v2\/media?parent=12842"}],"wp:term":[{"taxonomy":"product_brand","embeddable":true,"href":"https:\/\/shanabooks.de\/kur\/wp-json\/wp\/v2\/product_brand?post=12842"},{"taxonomy":"product_cat","embeddable":true,"href":"https:\/\/shanabooks.de\/kur\/wp-json\/wp\/v2\/product_cat?post=12842"},{"taxonomy":"product_tag","embeddable":true,"href":"https:\/\/shanabooks.de\/kur\/wp-json\/wp\/v2\/product_tag?post=12842"}],"curies":[{"name":"wp","href":"https:\/\/api.w.org\/{rel}","templated":true}]}}