{"id":12844,"date":"2024-03-03T19:47:08","date_gmt":"2024-03-03T19:47:08","guid":{"rendered":"https:\/\/shanabooks.de\/?post_type=product&#038;p=12844"},"modified":"2024-11-18T22:50:15","modified_gmt":"2024-11-18T22:50:15","slug":"xosxwan-cegerxwin","status":"publish","type":"product","link":"https:\/\/shanabooks.de\/kur\/product\/xosxwan-cegerxwin\/","title":{"rendered":"Xo\u015fxwan"},"content":{"rendered":"<h5 dir=\"ltr\">Xo\u015fxwan &#8211; Cegerxw\u00een<\/h5>\n<p dir=\"ltr\">Xo\u015fxwan d\u00eewana\u00a0Seyday\u00ea Cegerxw\u00een\u00a0a yekem\u00een e. Ev d\u00eewan, ew d\u00eewan e ku niv\u00eeskar\u00ea w\u00ea \u00e7end helbest\u00ean w\u00ea di d\u00eewan\u00ean xwe \u00ean din de bi c\u00ee kirine \u00fb di daw\u00eeya d\u00eewana xwe a bi nav\u00ea\u00a0K\u00ee me Ez\u00a0de gotiye: \u201cEv her du rist\u00ean daw\u00ee ji d\u00eewana min a kevnare ne, ko min nedixwest w\u00ea \u00e7ap bikim. Her wek\u00fb ev rist\u00ean ha, di sala 1348- 1925&#8217;an de hatine \u00e7\u00eakirin, l\u00ea ji ber ko gelek gotin\u00ean biyan\u00ee t\u00ea de b\u00fbn \u00fb heta awira min j\u00ee hatiye guhertin, min nexwest w\u00ea d\u00eewan\u00ea \u00e7ap bikim, l\u00ea destniv\u00ees\u00ee li nik min peyda dibe.\u201d<\/p>\n<p dir=\"ltr\">Wek\u00ee niv\u00eeskar j\u00ee dib\u00eaje pi\u015ft\u00ee v\u00ea d\u00eewan\u00ea awira Seyda guher\u00eeye. Di v\u00ea d\u00eewan\u00ea de Cegerxw\u00eenek\u00ee Xwed\u00eanas heye \u00fb ji lewma j\u00ee pesn\u00ea Xwed\u00ea \u00fb p\u00eaxember dide. L\u00ea Seyday\u00ea Cegerxw\u00een di v\u00ea d\u00eewana xwe de j\u00ee rexneyan li \u015f\u00eax, mela, suxte, pa\u015fa, begler, \u015fivan \u00fb gavan\u00ean Kurd dibar\u00eene \u00fb dib\u00eaje:<br \/>\n\u2026<\/p>\n<p dir=\"ltr\">Ey \u015f\u00eax\u00ea sahib\u00ea tac<br \/>\nWey Reb\u00ea qewm\u00ea Kurmanc<br \/>\nMadem tu serbitac \u00ee<br \/>\n\u00c7iman tu b\u00earewac \u00ee?<\/p>\n","protected":false},"excerpt":{"rendered":"<p dir=\"ltr\" style=\"text-align: center\"><strong>Niv\u00eeskar: Cegerxw\u00een<br \/>\nPirt\u00fbk: Xo\u015fxwan<br \/>\nCure: Helbest<\/strong><\/p>\n","protected":false},"featured_media":5655,"template":"","meta":{"site-sidebar-layout":"default","site-content-layout":"","ast-site-content-layout":"default","site-content-style":"default","site-sidebar-style":"default","ast-global-header-display":"","ast-banner-title-visibility":"","ast-main-header-display":"","ast-hfb-above-header-display":"","ast-hfb-below-header-display":"","ast-hfb-mobile-header-display":"","site-post-title":"","ast-breadcrumbs-content":"","ast-featured-img":"","footer-sml-layout":"","ast-disable-related-posts":"","theme-transparent-header-meta":"default","adv-header-id-meta":"","stick-header-meta":"","header-above-stick-meta":"","header-main-stick-meta":"","header-below-stick-meta":"","astra-migrate-meta-layouts":"set","ast-page-background-enabled":"default","ast-page-background-meta":{"desktop":{"background-color":"","background-image":"","background-repeat":"repeat","background-position":"center center","background-size":"auto","background-attachment":"scroll","background-type":"","background-media":"","overlay-type":"","overlay-color":"","overlay-opacity":"","overlay-gradient":""},"tablet":{"background-color":"","background-image":"","background-repeat":"repeat","background-position":"center center","background-size":"auto","background-attachment":"scroll","background-type":"","background-media":"","overlay-type":"","overlay-color":"","overlay-opacity":"","overlay-gradient":""},"mobile":{"background-color":"","background-image":"","background-repeat":"repeat","background-position":"center center","background-size":"auto","background-attachment":"scroll","background-type":"","background-media":"","overlay-type":"","overlay-color":"","overlay-opacity":"","overlay-gradient":""}},"ast-content-background-meta":{"desktop":{"background-color":"var(--ast-global-color-5)","background-image":"","background-repeat":"repeat","background-position":"center center","background-size":"auto","background-attachment":"scroll","background-type":"","background-media":"","overlay-type":"","overlay-color":"","overlay-opacity":"","overlay-gradient":""},"tablet":{"background-color":"var(--ast-global-color-5)","background-image":"","background-repeat":"repeat","background-position":"center center","background-size":"auto","background-attachment":"scroll","background-type":"","background-media":"","overlay-type":"","overlay-color":"","overlay-opacity":"","overlay-gradient":""},"mobile":{"background-color":"var(--ast-global-color-5)","background-image":"","background-repeat":"repeat","background-position":"center center","background-size":"auto","background-attachment":"scroll","background-type":"","background-media":"","overlay-type":"","overlay-color":"","overlay-opacity":"","overlay-gradient":""}}},"product_brand":[],"product_cat":[184,193],"product_tag":[],"class_list":{"0":"post-12844","1":"product","2":"type-product","3":"status-publish","4":"has-post-thumbnail","6":"product_cat-_","7":"product_cat--_","8":"pa_-helbest","9":"pa_-klasiken-kurdi","10":"pa_-cegerxwin","11":"pa_-kurmanci","12":"pa_--lis-yayinevi","13":"desktop-align-left","14":"tablet-align-left","15":"mobile-align-left","17":"first","18":"outofstock","19":"shipping-taxable","20":"purchasable","21":"product-type-simple"},"yoast_head":"<!-- This site is optimized with the Yoast SEO plugin v27.5 - https:\/\/yoast.com\/product\/yoast-seo-wordpress\/ -->\n<title>Xo\u015fxwan - Cegerxw\u00een - www.shanabooks.de<\/title>\n<meta name=\"description\" content=\"Xo\u015fxwan - Cegerxw\u00een Xo\u015fxwan d\u00eewana\u00a0Seyday\u00ea Cegerxw\u00een\u00a0a yekem\u00een e. Ev d\u00eewan, ew d\u00eewan e ku niv\u00eeskar\u00ea w\u00ea \u00e7end helbest\u00ean w\u00ea di d\u00eewan\u00ean xwe \u00ean din de bi c\u00ee ...\" \/>\n<meta name=\"robots\" content=\"index, follow, max-snippet:-1, max-image-preview:large, max-video-preview:-1\" \/>\n<link rel=\"canonical\" href=\"https:\/\/shanabooks.de\/product\/xosxwan-cegerxwin\/\" \/>\n<meta property=\"og:locale\" content=\"en_US\" \/>\n<meta property=\"og:type\" content=\"article\" \/>\n<meta property=\"og:title\" content=\"Xo\u015fxwan - Cegerxw\u00een - www.shanabooks.de\" \/>\n<meta property=\"og:description\" content=\"Xo\u015fxwan - Cegerxw\u00een Xo\u015fxwan d\u00eewana\u00a0Seyday\u00ea Cegerxw\u00een\u00a0a yekem\u00een e. Ev d\u00eewan, ew d\u00eewan e ku niv\u00eeskar\u00ea w\u00ea \u00e7end helbest\u00ean w\u00ea di d\u00eewan\u00ean xwe \u00ean din de bi c\u00ee ...\" \/>\n<meta property=\"og:url\" content=\"https:\/\/shanabooks.de\/product\/xosxwan-cegerxwin\/\" \/>\n<meta property=\"og:site_name\" content=\"www.shanabooks.de\" \/>\n<meta property=\"article:modified_time\" content=\"2024-11-18T22:50:15+00:00\" \/>\n<meta property=\"og:image\" content=\"https:\/\/shanabooks.de\/wp-content\/uploads\/2024\/01\/Xosxwan.jpg\" \/>\n\t<meta property=\"og:image:width\" content=\"472\" \/>\n\t<meta property=\"og:image:height\" content=\"793\" \/>\n\t<meta property=\"og:image:type\" content=\"image\/jpeg\" \/>\n<meta name=\"twitter:card\" content=\"summary_large_image\" \/>\n<meta name=\"twitter:label1\" content=\"Est. reading time\" \/>\n\t<meta name=\"twitter:data1\" content=\"2 minutes\" \/>\n<script type=\"application\/ld+json\" class=\"yoast-schema-graph\">{\"@context\":\"https:\\\/\\\/schema.org\",\"@graph\":[{\"@type\":\"WebPage\",\"@id\":\"https:\\\/\\\/shanabooks.de\\\/product\\\/xosxwan-cegerxwin\\\/\",\"url\":\"https:\\\/\\\/shanabooks.de\\\/product\\\/xosxwan-cegerxwin\\\/\",\"name\":\"Xo\u015fxwan - Cegerxw\u00een - www.shanabooks.de\",\"isPartOf\":{\"@id\":\"https:\\\/\\\/shanabooks.de\\\/#website\"},\"primaryImageOfPage\":{\"@id\":\"https:\\\/\\\/shanabooks.de\\\/product\\\/xosxwan-cegerxwin\\\/#primaryimage\"},\"image\":{\"@id\":\"https:\\\/\\\/shanabooks.de\\\/product\\\/xosxwan-cegerxwin\\\/#primaryimage\"},\"thumbnailUrl\":\"https:\\\/\\\/shanabooks.de\\\/wp-content\\\/uploads\\\/2024\\\/01\\\/Xosxwan.jpg\",\"datePublished\":\"2024-03-03T19:47:08+00:00\",\"dateModified\":\"2024-11-18T22:50:15+00:00\",\"description\":\"Xo\u015fxwan - Cegerxw\u00een Xo\u015fxwan d\u00eewana\u00a0Seyday\u00ea Cegerxw\u00een\u00a0a yekem\u00een e. Ev d\u00eewan, ew d\u00eewan e ku niv\u00eeskar\u00ea w\u00ea \u00e7end helbest\u00ean w\u00ea di d\u00eewan\u00ean xwe \u00ean din de bi c\u00ee ...\",\"breadcrumb\":{\"@id\":\"https:\\\/\\\/shanabooks.de\\\/product\\\/xosxwan-cegerxwin\\\/#breadcrumb\"},\"inLanguage\":\"kur\",\"potentialAction\":[{\"@type\":\"ReadAction\",\"target\":[\"https:\\\/\\\/shanabooks.de\\\/product\\\/xosxwan-cegerxwin\\\/\"]}]},{\"@type\":\"ImageObject\",\"inLanguage\":\"kur\",\"@id\":\"https:\\\/\\\/shanabooks.de\\\/product\\\/xosxwan-cegerxwin\\\/#primaryimage\",\"url\":\"https:\\\/\\\/shanabooks.de\\\/wp-content\\\/uploads\\\/2024\\\/01\\\/Xosxwan.jpg\",\"contentUrl\":\"https:\\\/\\\/shanabooks.de\\\/wp-content\\\/uploads\\\/2024\\\/01\\\/Xosxwan.jpg\",\"width\":472,\"height\":793,\"caption\":\"Xo\u015fxwan - Cegerxw\u00een \\\/ pirt\u00fbk\u00ean kurd\u00ee\"},{\"@type\":\"BreadcrumbList\",\"@id\":\"https:\\\/\\\/shanabooks.de\\\/product\\\/xosxwan-cegerxwin\\\/#breadcrumb\",\"itemListElement\":[{\"@type\":\"ListItem\",\"position\":1,\"name\":\"\u0627\u0644\u0631\u0626\u064a\u0633\u064a\u0629\",\"item\":\"https:\\\/\\\/shanabooks.de\\\/kur\\\/\"},{\"@type\":\"ListItem\",\"position\":2,\"name\":\"\u0627\u0644\u0645\u0646\u062a\u062c\u0627\u062a\",\"item\":\"https:\\\/\\\/shanabooks.de\\\/shop\\\/\"},{\"@type\":\"ListItem\",\"position\":3,\"name\":\"Xo\u015fxwan\"}]},{\"@type\":\"WebSite\",\"@id\":\"https:\\\/\\\/shanabooks.de\\\/#website\",\"url\":\"https:\\\/\\\/shanabooks.de\\\/\",\"name\":\"www.shanbooks.de\",\"description\":\"C\u00eehana Pirt\u00fbk\u00ean Kurd\u00ee \u0645\u0643\u062a\u0628\u0629 \u0634\u0627\u0646\u0627 \u0641\u064a \u0627\u0644\u0645\u0627\u0646\u064a\u0627 \u0648\u0623\u0648\u0631\u0628\u0627\",\"publisher\":{\"@id\":\"https:\\\/\\\/shanabooks.de\\\/#organization\"},\"potentialAction\":[{\"@type\":\"SearchAction\",\"target\":{\"@type\":\"EntryPoint\",\"urlTemplate\":\"https:\\\/\\\/shanabooks.de\\\/?s={search_term_string}\"},\"query-input\":{\"@type\":\"PropertyValueSpecification\",\"valueRequired\":true,\"valueName\":\"search_term_string\"}}],\"inLanguage\":\"kur\"},{\"@type\":\"Organization\",\"@id\":\"https:\\\/\\\/shanabooks.de\\\/#organization\",\"name\":\"www.shanbooks.de\",\"url\":\"https:\\\/\\\/shanabooks.de\\\/\",\"logo\":{\"@type\":\"ImageObject\",\"inLanguage\":\"kur\",\"@id\":\"https:\\\/\\\/shanabooks.de\\\/#\\\/schema\\\/logo\\\/image\\\/\",\"url\":\"https:\\\/\\\/shanabooks.de\\\/wp-content\\\/uploads\\\/2024\\\/03\\\/SHANABOOKS__2_-removebg-preview.png\",\"contentUrl\":\"https:\\\/\\\/shanabooks.de\\\/wp-content\\\/uploads\\\/2024\\\/03\\\/SHANABOOKS__2_-removebg-preview.png\",\"width\":700,\"height\":150,\"caption\":\"www.shanbooks.de\"},\"image\":{\"@id\":\"https:\\\/\\\/shanabooks.de\\\/#\\\/schema\\\/logo\\\/image\\\/\"}}]}<\/script>\n<!-- \/ Yoast SEO plugin. -->","yoast_head_json":{"title":"Xo\u015fxwan - Cegerxw\u00een - www.shanabooks.de","description":"Xo\u015fxwan - Cegerxw\u00een Xo\u015fxwan d\u00eewana\u00a0Seyday\u00ea Cegerxw\u00een\u00a0a yekem\u00een e. Ev d\u00eewan, ew d\u00eewan e ku niv\u00eeskar\u00ea w\u00ea \u00e7end helbest\u00ean w\u00ea di d\u00eewan\u00ean xwe \u00ean din de bi c\u00ee ...","robots":{"index":"index","follow":"follow","max-snippet":"max-snippet:-1","max-image-preview":"max-image-preview:large","max-video-preview":"max-video-preview:-1"},"canonical":"https:\/\/shanabooks.de\/product\/xosxwan-cegerxwin\/","og_locale":"en_US","og_type":"article","og_title":"Xo\u015fxwan - Cegerxw\u00een - www.shanabooks.de","og_description":"Xo\u015fxwan - Cegerxw\u00een Xo\u015fxwan d\u00eewana\u00a0Seyday\u00ea Cegerxw\u00een\u00a0a yekem\u00een e. Ev d\u00eewan, ew d\u00eewan e ku niv\u00eeskar\u00ea w\u00ea \u00e7end helbest\u00ean w\u00ea di d\u00eewan\u00ean xwe \u00ean din de bi c\u00ee ...","og_url":"https:\/\/shanabooks.de\/product\/xosxwan-cegerxwin\/","og_site_name":"www.shanabooks.de","article_modified_time":"2024-11-18T22:50:15+00:00","og_image":[{"width":472,"height":793,"url":"https:\/\/shanabooks.de\/wp-content\/uploads\/2024\/01\/Xosxwan.jpg","type":"image\/jpeg"}],"twitter_card":"summary_large_image","twitter_misc":{"Est. reading time":"2 minutes"},"schema":{"@context":"https:\/\/schema.org","@graph":[{"@type":"WebPage","@id":"https:\/\/shanabooks.de\/product\/xosxwan-cegerxwin\/","url":"https:\/\/shanabooks.de\/product\/xosxwan-cegerxwin\/","name":"Xo\u015fxwan - Cegerxw\u00een - www.shanabooks.de","isPartOf":{"@id":"https:\/\/shanabooks.de\/#website"},"primaryImageOfPage":{"@id":"https:\/\/shanabooks.de\/product\/xosxwan-cegerxwin\/#primaryimage"},"image":{"@id":"https:\/\/shanabooks.de\/product\/xosxwan-cegerxwin\/#primaryimage"},"thumbnailUrl":"https:\/\/shanabooks.de\/wp-content\/uploads\/2024\/01\/Xosxwan.jpg","datePublished":"2024-03-03T19:47:08+00:00","dateModified":"2024-11-18T22:50:15+00:00","description":"Xo\u015fxwan - Cegerxw\u00een Xo\u015fxwan d\u00eewana\u00a0Seyday\u00ea Cegerxw\u00een\u00a0a yekem\u00een e. Ev d\u00eewan, ew d\u00eewan e ku niv\u00eeskar\u00ea w\u00ea \u00e7end helbest\u00ean w\u00ea di d\u00eewan\u00ean xwe \u00ean din de bi c\u00ee ...","breadcrumb":{"@id":"https:\/\/shanabooks.de\/product\/xosxwan-cegerxwin\/#breadcrumb"},"inLanguage":"kur","potentialAction":[{"@type":"ReadAction","target":["https:\/\/shanabooks.de\/product\/xosxwan-cegerxwin\/"]}]},{"@type":"ImageObject","inLanguage":"kur","@id":"https:\/\/shanabooks.de\/product\/xosxwan-cegerxwin\/#primaryimage","url":"https:\/\/shanabooks.de\/wp-content\/uploads\/2024\/01\/Xosxwan.jpg","contentUrl":"https:\/\/shanabooks.de\/wp-content\/uploads\/2024\/01\/Xosxwan.jpg","width":472,"height":793,"caption":"Xo\u015fxwan - Cegerxw\u00een \/ pirt\u00fbk\u00ean kurd\u00ee"},{"@type":"BreadcrumbList","@id":"https:\/\/shanabooks.de\/product\/xosxwan-cegerxwin\/#breadcrumb","itemListElement":[{"@type":"ListItem","position":1,"name":"\u0627\u0644\u0631\u0626\u064a\u0633\u064a\u0629","item":"https:\/\/shanabooks.de\/kur\/"},{"@type":"ListItem","position":2,"name":"\u0627\u0644\u0645\u0646\u062a\u062c\u0627\u062a","item":"https:\/\/shanabooks.de\/shop\/"},{"@type":"ListItem","position":3,"name":"Xo\u015fxwan"}]},{"@type":"WebSite","@id":"https:\/\/shanabooks.de\/#website","url":"https:\/\/shanabooks.de\/","name":"www.shanbooks.de","description":"C\u00eehana Pirt\u00fbk\u00ean Kurd\u00ee \u0645\u0643\u062a\u0628\u0629 \u0634\u0627\u0646\u0627 \u0641\u064a \u0627\u0644\u0645\u0627\u0646\u064a\u0627 \u0648\u0623\u0648\u0631\u0628\u0627","publisher":{"@id":"https:\/\/shanabooks.de\/#organization"},"potentialAction":[{"@type":"SearchAction","target":{"@type":"EntryPoint","urlTemplate":"https:\/\/shanabooks.de\/?s={search_term_string}"},"query-input":{"@type":"PropertyValueSpecification","valueRequired":true,"valueName":"search_term_string"}}],"inLanguage":"kur"},{"@type":"Organization","@id":"https:\/\/shanabooks.de\/#organization","name":"www.shanbooks.de","url":"https:\/\/shanabooks.de\/","logo":{"@type":"ImageObject","inLanguage":"kur","@id":"https:\/\/shanabooks.de\/#\/schema\/logo\/image\/","url":"https:\/\/shanabooks.de\/wp-content\/uploads\/2024\/03\/SHANABOOKS__2_-removebg-preview.png","contentUrl":"https:\/\/shanabooks.de\/wp-content\/uploads\/2024\/03\/SHANABOOKS__2_-removebg-preview.png","width":700,"height":150,"caption":"www.shanbooks.de"},"image":{"@id":"https:\/\/shanabooks.de\/#\/schema\/logo\/image\/"}}]}},"jetpack_sharing_enabled":true,"_links":{"self":[{"href":"https:\/\/shanabooks.de\/kur\/wp-json\/wp\/v2\/product\/12844","targetHints":{"allow":["GET"]}}],"collection":[{"href":"https:\/\/shanabooks.de\/kur\/wp-json\/wp\/v2\/product"}],"about":[{"href":"https:\/\/shanabooks.de\/kur\/wp-json\/wp\/v2\/types\/product"}],"version-history":[{"count":2,"href":"https:\/\/shanabooks.de\/kur\/wp-json\/wp\/v2\/product\/12844\/revisions"}],"predecessor-version":[{"id":17715,"href":"https:\/\/shanabooks.de\/kur\/wp-json\/wp\/v2\/product\/12844\/revisions\/17715"}],"wp:featuredmedia":[{"embeddable":true,"href":"https:\/\/shanabooks.de\/kur\/wp-json\/wp\/v2\/media\/5655"}],"wp:attachment":[{"href":"https:\/\/shanabooks.de\/kur\/wp-json\/wp\/v2\/media?parent=12844"}],"wp:term":[{"taxonomy":"product_brand","embeddable":true,"href":"https:\/\/shanabooks.de\/kur\/wp-json\/wp\/v2\/product_brand?post=12844"},{"taxonomy":"product_cat","embeddable":true,"href":"https:\/\/shanabooks.de\/kur\/wp-json\/wp\/v2\/product_cat?post=12844"},{"taxonomy":"product_tag","embeddable":true,"href":"https:\/\/shanabooks.de\/kur\/wp-json\/wp\/v2\/product_tag?post=12844"}],"curies":[{"name":"wp","href":"https:\/\/api.w.org\/{rel}","templated":true}]}}