{"id":12910,"date":"2024-03-03T19:47:53","date_gmt":"2024-03-03T19:47:53","guid":{"rendered":"https:\/\/shanabooks.de\/?post_type=product&#038;p=12910"},"modified":"2024-04-28T17:19:13","modified_gmt":"2024-04-28T17:19:13","slug":"kerten-ferbune","status":"publish","type":"product","link":"https:\/\/shanabooks.de\/kur\/product\/kerten-ferbune\/","title":{"rendered":"Kert\u00ean f\u00earb\u00fbn\u00ea"},"content":{"rendered":"<p style=\"text-align: left\"><strong>Kert\u00ean f\u00earb\u00fbn\u00ea<\/strong><\/p>\n<p style=\"text-align: left\">kert\u00ean f\u00earb\u00fbn\u00ea wek set ji 5 be\u015fan p\u00eak t\u00ean. ev kert dibin al\u00eekar ji bo kes\u00ean ku bi ziman\u00ea Elman\u00ee diaxivin \u00fb dixwazin xwe f\u00ear\u00ee ziman\u00ea Kurd\u00ee bikin, ji ber ku aliyek bi Kurd\u00ee \u00fb yek j\u00ee bi Elman\u00ee ye.<\/p>\n<p>&nbsp;<\/p>\n<p>&nbsp;<\/p>\n<p>&nbsp;<\/p>\n","protected":false},"excerpt":{"rendered":"<p style=\"text-align: center\"><strong>Kert\u00ean f\u00earb\u00fbn\u00ea<\/strong><br \/>\n<strong>Cure: f\u00earkiri<\/strong><strong>n<\/strong><\/p>\n","protected":false},"featured_media":11697,"template":"","meta":{"site-sidebar-layout":"default","site-content-layout":"","ast-site-content-layout":"default","site-content-style":"default","site-sidebar-style":"default","ast-global-header-display":"","ast-banner-title-visibility":"","ast-main-header-display":"","ast-hfb-above-header-display":"","ast-hfb-below-header-display":"","ast-hfb-mobile-header-display":"","site-post-title":"","ast-breadcrumbs-content":"","ast-featured-img":"","footer-sml-layout":"","ast-disable-related-posts":"","theme-transparent-header-meta":"default","adv-header-id-meta":"","stick-header-meta":"","header-above-stick-meta":"","header-main-stick-meta":"","header-below-stick-meta":"","astra-migrate-meta-layouts":"set","ast-page-background-enabled":"default","ast-page-background-meta":{"desktop":{"background-color":"","background-image":"","background-repeat":"repeat","background-position":"center center","background-size":"auto","background-attachment":"scroll","background-type":"","background-media":"","overlay-type":"","overlay-color":"","overlay-opacity":"","overlay-gradient":""},"tablet":{"background-color":"","background-image":"","background-repeat":"repeat","background-position":"center center","background-size":"auto","background-attachment":"scroll","background-type":"","background-media":"","overlay-type":"","overlay-color":"","overlay-opacity":"","overlay-gradient":""},"mobile":{"background-color":"","background-image":"","background-repeat":"repeat","background-position":"center center","background-size":"auto","background-attachment":"scroll","background-type":"","background-media":"","overlay-type":"","overlay-color":"","overlay-opacity":"","overlay-gradient":""}},"ast-content-background-meta":{"desktop":{"background-color":"var(--ast-global-color-5)","background-image":"","background-repeat":"repeat","background-position":"center center","background-size":"auto","background-attachment":"scroll","background-type":"","background-media":"","overlay-type":"","overlay-color":"","overlay-opacity":"","overlay-gradient":""},"tablet":{"background-color":"var(--ast-global-color-5)","background-image":"","background-repeat":"repeat","background-position":"center center","background-size":"auto","background-attachment":"scroll","background-type":"","background-media":"","overlay-type":"","overlay-color":"","overlay-opacity":"","overlay-gradient":""},"mobile":{"background-color":"var(--ast-global-color-5)","background-image":"","background-repeat":"repeat","background-position":"center center","background-size":"auto","background-attachment":"scroll","background-type":"","background-media":"","overlay-type":"","overlay-color":"","overlay-opacity":"","overlay-gradient":""}}},"product_brand":[],"product_cat":[178,193],"product_tag":[],"class_list":{"0":"post-12910","1":"product","2":"type-product","3":"status-publish","4":"has-post-thumbnail","6":"product_cat--_","8":"desktop-align-left","9":"tablet-align-left","10":"mobile-align-left","12":"first","13":"outofstock","14":"shipping-taxable","15":"purchasable","16":"product-type-simple"},"yoast_head":"<!-- This site is optimized with the Yoast SEO plugin v27.5 - https:\/\/yoast.com\/product\/yoast-seo-wordpress\/ -->\n<title>Kert\u00ean f\u00earb\u00fbn\u00ea - www.shanabooks.de<\/title>\n<meta name=\"description\" content=\"Kert\u00ean f\u00earb\u00fbn\u00ea wek set ji 5 be\u015fan p\u00eak t\u00ean. ev kert dibin al\u00eekar ji bo kes\u00ean ku bi ziman\u00ea Elman\u00ee diaxivin \u00fb dixwazin xwe f\u00ear\u00ee ziman\u00ea Kurd\u00ee bikin, ji ber...\" \/>\n<meta name=\"robots\" content=\"index, follow, max-snippet:-1, max-image-preview:large, max-video-preview:-1\" \/>\n<link rel=\"canonical\" href=\"https:\/\/shanabooks.de\/product\/kerten-ferbune\/\" \/>\n<meta property=\"og:locale\" content=\"en_US\" \/>\n<meta property=\"og:type\" content=\"article\" \/>\n<meta property=\"og:title\" content=\"Kert\u00ean f\u00earb\u00fbn\u00ea - www.shanabooks.de\" \/>\n<meta property=\"og:description\" content=\"Kert\u00ean f\u00earb\u00fbn\u00ea wek set ji 5 be\u015fan p\u00eak t\u00ean. ev kert dibin al\u00eekar ji bo kes\u00ean ku bi ziman\u00ea Elman\u00ee diaxivin \u00fb dixwazin xwe f\u00ear\u00ee ziman\u00ea Kurd\u00ee bikin, ji ber...\" \/>\n<meta property=\"og:url\" content=\"https:\/\/shanabooks.de\/product\/kerten-ferbune\/\" \/>\n<meta property=\"og:site_name\" content=\"www.shanabooks.de\" \/>\n<meta property=\"article:modified_time\" content=\"2024-04-28T17:19:13+00:00\" \/>\n<meta property=\"og:image\" content=\"https:\/\/shanabooks.de\/wp-content\/uploads\/2024\/03\/karten-ferbune.jpg\" \/>\n\t<meta property=\"og:image:width\" content=\"743\" \/>\n\t<meta property=\"og:image:height\" content=\"730\" \/>\n\t<meta property=\"og:image:type\" content=\"image\/jpeg\" \/>\n<meta name=\"twitter:card\" content=\"summary_large_image\" \/>\n<meta name=\"twitter:label1\" content=\"Est. reading time\" \/>\n\t<meta name=\"twitter:data1\" content=\"1 minute\" \/>\n<script type=\"application\/ld+json\" class=\"yoast-schema-graph\">{\"@context\":\"https:\\\/\\\/schema.org\",\"@graph\":[{\"@type\":\"WebPage\",\"@id\":\"https:\\\/\\\/shanabooks.de\\\/product\\\/kerten-ferbune\\\/\",\"url\":\"https:\\\/\\\/shanabooks.de\\\/product\\\/kerten-ferbune\\\/\",\"name\":\"Kert\u00ean f\u00earb\u00fbn\u00ea - www.shanabooks.de\",\"isPartOf\":{\"@id\":\"https:\\\/\\\/shanabooks.de\\\/#website\"},\"primaryImageOfPage\":{\"@id\":\"https:\\\/\\\/shanabooks.de\\\/product\\\/kerten-ferbune\\\/#primaryimage\"},\"image\":{\"@id\":\"https:\\\/\\\/shanabooks.de\\\/product\\\/kerten-ferbune\\\/#primaryimage\"},\"thumbnailUrl\":\"https:\\\/\\\/shanabooks.de\\\/wp-content\\\/uploads\\\/2024\\\/03\\\/karten-ferbune.jpg\",\"datePublished\":\"2024-03-03T19:47:53+00:00\",\"dateModified\":\"2024-04-28T17:19:13+00:00\",\"description\":\"Kert\u00ean f\u00earb\u00fbn\u00ea wek set ji 5 be\u015fan p\u00eak t\u00ean. ev kert dibin al\u00eekar ji bo kes\u00ean ku bi ziman\u00ea Elman\u00ee diaxivin \u00fb dixwazin xwe f\u00ear\u00ee ziman\u00ea Kurd\u00ee bikin, ji ber...\",\"breadcrumb\":{\"@id\":\"https:\\\/\\\/shanabooks.de\\\/product\\\/kerten-ferbune\\\/#breadcrumb\"},\"inLanguage\":\"kur\",\"potentialAction\":[{\"@type\":\"ReadAction\",\"target\":[\"https:\\\/\\\/shanabooks.de\\\/product\\\/kerten-ferbune\\\/\"]}]},{\"@type\":\"ImageObject\",\"inLanguage\":\"kur\",\"@id\":\"https:\\\/\\\/shanabooks.de\\\/product\\\/kerten-ferbune\\\/#primaryimage\",\"url\":\"https:\\\/\\\/shanabooks.de\\\/wp-content\\\/uploads\\\/2024\\\/03\\\/karten-ferbune.jpg\",\"contentUrl\":\"https:\\\/\\\/shanabooks.de\\\/wp-content\\\/uploads\\\/2024\\\/03\\\/karten-ferbune.jpg\",\"width\":743,\"height\":730,\"caption\":\"Kert\u00ean f\u00earb\u00fbn\u00ea\"},{\"@type\":\"BreadcrumbList\",\"@id\":\"https:\\\/\\\/shanabooks.de\\\/product\\\/kerten-ferbune\\\/#breadcrumb\",\"itemListElement\":[{\"@type\":\"ListItem\",\"position\":1,\"name\":\"\u0627\u0644\u0631\u0626\u064a\u0633\u064a\u0629\",\"item\":\"https:\\\/\\\/shanabooks.de\\\/kur\\\/\"},{\"@type\":\"ListItem\",\"position\":2,\"name\":\"\u0627\u0644\u0645\u0646\u062a\u062c\u0627\u062a\",\"item\":\"https:\\\/\\\/shanabooks.de\\\/shop\\\/\"},{\"@type\":\"ListItem\",\"position\":3,\"name\":\"Kert\u00ean f\u00earb\u00fbn\u00ea\"}]},{\"@type\":\"WebSite\",\"@id\":\"https:\\\/\\\/shanabooks.de\\\/#website\",\"url\":\"https:\\\/\\\/shanabooks.de\\\/\",\"name\":\"www.shanbooks.de\",\"description\":\"C\u00eehana Pirt\u00fbk\u00ean Kurd\u00ee \u0645\u0643\u062a\u0628\u0629 \u0634\u0627\u0646\u0627 \u0641\u064a \u0627\u0644\u0645\u0627\u0646\u064a\u0627 \u0648\u0623\u0648\u0631\u0628\u0627\",\"publisher\":{\"@id\":\"https:\\\/\\\/shanabooks.de\\\/#organization\"},\"potentialAction\":[{\"@type\":\"SearchAction\",\"target\":{\"@type\":\"EntryPoint\",\"urlTemplate\":\"https:\\\/\\\/shanabooks.de\\\/?s={search_term_string}\"},\"query-input\":{\"@type\":\"PropertyValueSpecification\",\"valueRequired\":true,\"valueName\":\"search_term_string\"}}],\"inLanguage\":\"kur\"},{\"@type\":\"Organization\",\"@id\":\"https:\\\/\\\/shanabooks.de\\\/#organization\",\"name\":\"www.shanbooks.de\",\"url\":\"https:\\\/\\\/shanabooks.de\\\/\",\"logo\":{\"@type\":\"ImageObject\",\"inLanguage\":\"kur\",\"@id\":\"https:\\\/\\\/shanabooks.de\\\/#\\\/schema\\\/logo\\\/image\\\/\",\"url\":\"https:\\\/\\\/shanabooks.de\\\/wp-content\\\/uploads\\\/2024\\\/03\\\/SHANABOOKS__2_-removebg-preview.png\",\"contentUrl\":\"https:\\\/\\\/shanabooks.de\\\/wp-content\\\/uploads\\\/2024\\\/03\\\/SHANABOOKS__2_-removebg-preview.png\",\"width\":700,\"height\":150,\"caption\":\"www.shanbooks.de\"},\"image\":{\"@id\":\"https:\\\/\\\/shanabooks.de\\\/#\\\/schema\\\/logo\\\/image\\\/\"}}]}<\/script>\n<!-- \/ Yoast SEO plugin. -->","yoast_head_json":{"title":"Kert\u00ean f\u00earb\u00fbn\u00ea - www.shanabooks.de","description":"Kert\u00ean f\u00earb\u00fbn\u00ea wek set ji 5 be\u015fan p\u00eak t\u00ean. ev kert dibin al\u00eekar ji bo kes\u00ean ku bi ziman\u00ea Elman\u00ee diaxivin \u00fb dixwazin xwe f\u00ear\u00ee ziman\u00ea Kurd\u00ee bikin, ji ber...","robots":{"index":"index","follow":"follow","max-snippet":"max-snippet:-1","max-image-preview":"max-image-preview:large","max-video-preview":"max-video-preview:-1"},"canonical":"https:\/\/shanabooks.de\/product\/kerten-ferbune\/","og_locale":"en_US","og_type":"article","og_title":"Kert\u00ean f\u00earb\u00fbn\u00ea - www.shanabooks.de","og_description":"Kert\u00ean f\u00earb\u00fbn\u00ea wek set ji 5 be\u015fan p\u00eak t\u00ean. ev kert dibin al\u00eekar ji bo kes\u00ean ku bi ziman\u00ea Elman\u00ee diaxivin \u00fb dixwazin xwe f\u00ear\u00ee ziman\u00ea Kurd\u00ee bikin, ji ber...","og_url":"https:\/\/shanabooks.de\/product\/kerten-ferbune\/","og_site_name":"www.shanabooks.de","article_modified_time":"2024-04-28T17:19:13+00:00","og_image":[{"width":743,"height":730,"url":"https:\/\/shanabooks.de\/wp-content\/uploads\/2024\/03\/karten-ferbune.jpg","type":"image\/jpeg"}],"twitter_card":"summary_large_image","twitter_misc":{"Est. reading time":"1 minute"},"schema":{"@context":"https:\/\/schema.org","@graph":[{"@type":"WebPage","@id":"https:\/\/shanabooks.de\/product\/kerten-ferbune\/","url":"https:\/\/shanabooks.de\/product\/kerten-ferbune\/","name":"Kert\u00ean f\u00earb\u00fbn\u00ea - www.shanabooks.de","isPartOf":{"@id":"https:\/\/shanabooks.de\/#website"},"primaryImageOfPage":{"@id":"https:\/\/shanabooks.de\/product\/kerten-ferbune\/#primaryimage"},"image":{"@id":"https:\/\/shanabooks.de\/product\/kerten-ferbune\/#primaryimage"},"thumbnailUrl":"https:\/\/shanabooks.de\/wp-content\/uploads\/2024\/03\/karten-ferbune.jpg","datePublished":"2024-03-03T19:47:53+00:00","dateModified":"2024-04-28T17:19:13+00:00","description":"Kert\u00ean f\u00earb\u00fbn\u00ea wek set ji 5 be\u015fan p\u00eak t\u00ean. ev kert dibin al\u00eekar ji bo kes\u00ean ku bi ziman\u00ea Elman\u00ee diaxivin \u00fb dixwazin xwe f\u00ear\u00ee ziman\u00ea Kurd\u00ee bikin, ji ber...","breadcrumb":{"@id":"https:\/\/shanabooks.de\/product\/kerten-ferbune\/#breadcrumb"},"inLanguage":"kur","potentialAction":[{"@type":"ReadAction","target":["https:\/\/shanabooks.de\/product\/kerten-ferbune\/"]}]},{"@type":"ImageObject","inLanguage":"kur","@id":"https:\/\/shanabooks.de\/product\/kerten-ferbune\/#primaryimage","url":"https:\/\/shanabooks.de\/wp-content\/uploads\/2024\/03\/karten-ferbune.jpg","contentUrl":"https:\/\/shanabooks.de\/wp-content\/uploads\/2024\/03\/karten-ferbune.jpg","width":743,"height":730,"caption":"Kert\u00ean f\u00earb\u00fbn\u00ea"},{"@type":"BreadcrumbList","@id":"https:\/\/shanabooks.de\/product\/kerten-ferbune\/#breadcrumb","itemListElement":[{"@type":"ListItem","position":1,"name":"\u0627\u0644\u0631\u0626\u064a\u0633\u064a\u0629","item":"https:\/\/shanabooks.de\/kur\/"},{"@type":"ListItem","position":2,"name":"\u0627\u0644\u0645\u0646\u062a\u062c\u0627\u062a","item":"https:\/\/shanabooks.de\/shop\/"},{"@type":"ListItem","position":3,"name":"Kert\u00ean f\u00earb\u00fbn\u00ea"}]},{"@type":"WebSite","@id":"https:\/\/shanabooks.de\/#website","url":"https:\/\/shanabooks.de\/","name":"www.shanbooks.de","description":"C\u00eehana Pirt\u00fbk\u00ean Kurd\u00ee \u0645\u0643\u062a\u0628\u0629 \u0634\u0627\u0646\u0627 \u0641\u064a \u0627\u0644\u0645\u0627\u0646\u064a\u0627 \u0648\u0623\u0648\u0631\u0628\u0627","publisher":{"@id":"https:\/\/shanabooks.de\/#organization"},"potentialAction":[{"@type":"SearchAction","target":{"@type":"EntryPoint","urlTemplate":"https:\/\/shanabooks.de\/?s={search_term_string}"},"query-input":{"@type":"PropertyValueSpecification","valueRequired":true,"valueName":"search_term_string"}}],"inLanguage":"kur"},{"@type":"Organization","@id":"https:\/\/shanabooks.de\/#organization","name":"www.shanbooks.de","url":"https:\/\/shanabooks.de\/","logo":{"@type":"ImageObject","inLanguage":"kur","@id":"https:\/\/shanabooks.de\/#\/schema\/logo\/image\/","url":"https:\/\/shanabooks.de\/wp-content\/uploads\/2024\/03\/SHANABOOKS__2_-removebg-preview.png","contentUrl":"https:\/\/shanabooks.de\/wp-content\/uploads\/2024\/03\/SHANABOOKS__2_-removebg-preview.png","width":700,"height":150,"caption":"www.shanbooks.de"},"image":{"@id":"https:\/\/shanabooks.de\/#\/schema\/logo\/image\/"}}]}},"jetpack_sharing_enabled":true,"_links":{"self":[{"href":"https:\/\/shanabooks.de\/kur\/wp-json\/wp\/v2\/product\/12910","targetHints":{"allow":["GET"]}}],"collection":[{"href":"https:\/\/shanabooks.de\/kur\/wp-json\/wp\/v2\/product"}],"about":[{"href":"https:\/\/shanabooks.de\/kur\/wp-json\/wp\/v2\/types\/product"}],"version-history":[{"count":2,"href":"https:\/\/shanabooks.de\/kur\/wp-json\/wp\/v2\/product\/12910\/revisions"}],"predecessor-version":[{"id":24930,"href":"https:\/\/shanabooks.de\/kur\/wp-json\/wp\/v2\/product\/12910\/revisions\/24930"}],"wp:featuredmedia":[{"embeddable":true,"href":"https:\/\/shanabooks.de\/kur\/wp-json\/wp\/v2\/media\/11697"}],"wp:attachment":[{"href":"https:\/\/shanabooks.de\/kur\/wp-json\/wp\/v2\/media?parent=12910"}],"wp:term":[{"taxonomy":"product_brand","embeddable":true,"href":"https:\/\/shanabooks.de\/kur\/wp-json\/wp\/v2\/product_brand?post=12910"},{"taxonomy":"product_cat","embeddable":true,"href":"https:\/\/shanabooks.de\/kur\/wp-json\/wp\/v2\/product_cat?post=12910"},{"taxonomy":"product_tag","embeddable":true,"href":"https:\/\/shanabooks.de\/kur\/wp-json\/wp\/v2\/product_tag?post=12910"}],"curies":[{"name":"wp","href":"https:\/\/api.w.org\/{rel}","templated":true}]}}