{"id":12912,"date":"2024-03-03T19:47:53","date_gmt":"2024-03-03T19:47:53","guid":{"rendered":"https:\/\/shanabooks.de\/?post_type=product&#038;p=12912"},"modified":"2024-03-11T14:16:41","modified_gmt":"2024-03-11T14:16:41","slug":"gazinda-xencera-min-celadet-ali-bedirxan","status":"publish","type":"product","link":"https:\/\/shanabooks.de\/kur\/product\/gazinda-xencera-min-celadet-ali-bedirxan\/","title":{"rendered":"Gazinda Xencera Min"},"content":{"rendered":"<p style=\"text-align: left\"><strong>Gazinda Xencera Min &#8211; Celadet Al\u00ee Bedirxan<\/strong><\/p>\n<p style=\"text-align: left\">Gazinda Xencera Min ya Celadet AL\u00ee Bedirxan ji berhem\u00ean edeb\u00ee \u00ean di tarza \u00e7\u00eerok\u00ea de p\u00eak t\u00ea. Di kit\u00eab\u00ea 5 be\u015f hene. Di be\u015fa yekem \u201cDestp\u00eak\u201d\u00ea de yekem berhema edeb\u00ee ya Celadet Al\u00ee Bedirxan Bobi\u2019nin Hatas\u0131 ku bi osman\u00ee niv\u00ees\u00eeb\u00fb \u00fb di sala 1917an de li Stembol\u00ea \u00e7ap b\u00fbye ji aliy\u00ea Osman \u00d6z\u00e7elik ve bo kurd\u00ee hate wergerandin. \u00c7\u00eerokeke di st\u00eela \u00e7\u00eerok\u00ean klas\u00eek \u00ea ewrop\u00ee de ye. Me nexwest xwendevan\u00ea ku tirk\u00ee nizanin ji serp\u00eahatiya Nah\u00eede xanim \u00fb seg\u00ea w\u00ea Bob\u00ee mehr\u00fbm bim\u00eenin.<\/p>\n<p style=\"text-align: left\">Be\u015fa duduyan ji 7 \u00e7\u00eerokan p\u00eak t\u00ea ku tev de ji Hawar \u00fb Ronah\u00ee hatine wergirtin. Di be\u015fa sis\u00eayan de \u201c\u00e7\u00eerok\u00ean tar\u00eex\u00ee\u201d cih digrin ku b\u00eahtir bi nav\u00ea Bi\u015far\u00ea Segman hatine niv\u00eesandin \u00fb di Ronah\u00ee de \u00e7ap b\u00fbne. Di be\u015fa \u00e7aran de du \u00e7\u00eerok\u00ea mist\u00eek \u00ea kevn hene. Be\u015fa p\u00eancan j\u00ee me ji bo \u00e7\u00eerok\u00ean ku ji ziman\u00ean din hatine wergerandin veqetand. Di v\u00ea be\u015f\u00ea de tev de 4 \u00e7\u00eerok\u00ean Guy de Maupassant, \u015eerlok Holmes, S. A. Moreskw\u00ee \u00fb \u00e7\u00eerokeke klas\u00eek a anon\u00eem ji edebiyata den\u00eemark\u00ee hene.<\/p>\n<p style=\"text-align: left\">Me bi tu away\u00ee dest nedaye ziman \u00fb \u00eemlaya \u00e7\u00eerokan, ji xeyn\u00ee hin peyv\u00ean ku pir e\u015fkere ye ku xeletiya \u00e7ap\u00ea ne, me xwest bi her away\u00ee orij\u00eenal\u00eeteya wan bipar\u00eazin. Ten\u00ea hin peyv\u00ean ku bi du awayan hatine niv\u00eesandin, me yek j\u00ea hilbijart: melike \/ mel\u00eeke, s\u00eeng \/ sing&#8230; Li dawiya berhem\u00ea nav\u00ea ku di orij\u00eenal de eger hebe cih \u00fb tar\u00eex j\u00ee hatiye parastin. Pi\u015ft re \u00e7avkan\u00ee, nav\u00ea kovar\u00ea, hejmar \u00fb tar\u00eexa w\u00ea ya we\u015fan\u00ea hatine niv\u00eesandin. Tasn\u00eefkirin li gor naverok \u00fb st\u00eela \u00e7\u00eerokan hatiye \u00e7\u00eakirin. Di r\u00eazkirina \u00e7\u00eerokan de me b\u00eahtir tar\u00eexa niv\u00eesandina berheman li ber \u00e7av girt, metoda kronoloj\u00eek me terc\u00eeh kir.<\/p>\n","protected":false},"excerpt":{"rendered":"<p style=\"text-align: center\"><strong>Niv\u00eeskar: Celadet Al\u00ee Bedirxan<\/strong><br \/>\n<strong>Pirt\u00fbk: Gazinda Xencera Min<br \/>\nCure: \u00c7\u00eerok<\/strong><\/p>\n","protected":false},"featured_media":5732,"template":"","meta":{"site-sidebar-layout":"default","site-content-layout":"","ast-site-content-layout":"default","site-content-style":"default","site-sidebar-style":"default","ast-global-header-display":"","ast-banner-title-visibility":"","ast-main-header-display":"","ast-hfb-above-header-display":"","ast-hfb-below-header-display":"","ast-hfb-mobile-header-display":"","site-post-title":"","ast-breadcrumbs-content":"","ast-featured-img":"","footer-sml-layout":"","ast-disable-related-posts":"","theme-transparent-header-meta":"default","adv-header-id-meta":"","stick-header-meta":"","header-above-stick-meta":"","header-main-stick-meta":"","header-below-stick-meta":"","astra-migrate-meta-layouts":"set","ast-page-background-enabled":"default","ast-page-background-meta":{"desktop":{"background-color":"","background-image":"","background-repeat":"repeat","background-position":"center center","background-size":"auto","background-attachment":"scroll","background-type":"","background-media":"","overlay-type":"","overlay-color":"","overlay-opacity":"","overlay-gradient":""},"tablet":{"background-color":"","background-image":"","background-repeat":"repeat","background-position":"center center","background-size":"auto","background-attachment":"scroll","background-type":"","background-media":"","overlay-type":"","overlay-color":"","overlay-opacity":"","overlay-gradient":""},"mobile":{"background-color":"","background-image":"","background-repeat":"repeat","background-position":"center center","background-size":"auto","background-attachment":"scroll","background-type":"","background-media":"","overlay-type":"","overlay-color":"","overlay-opacity":"","overlay-gradient":""}},"ast-content-background-meta":{"desktop":{"background-color":"var(--ast-global-color-5)","background-image":"","background-repeat":"repeat","background-position":"center center","background-size":"auto","background-attachment":"scroll","background-type":"","background-media":"","overlay-type":"","overlay-color":"","overlay-opacity":"","overlay-gradient":""},"tablet":{"background-color":"var(--ast-global-color-5)","background-image":"","background-repeat":"repeat","background-position":"center center","background-size":"auto","background-attachment":"scroll","background-type":"","background-media":"","overlay-type":"","overlay-color":"","overlay-opacity":"","overlay-gradient":""},"mobile":{"background-color":"var(--ast-global-color-5)","background-image":"","background-repeat":"repeat","background-position":"center center","background-size":"auto","background-attachment":"scroll","background-type":"","background-media":"","overlay-type":"","overlay-color":"","overlay-opacity":"","overlay-gradient":""}}},"product_brand":[],"product_cat":[183,193],"product_tag":[],"class_list":{"0":"post-12912","1":"product","2":"type-product","3":"status-publish","4":"has-post-thumbnail","6":"product_cat-_","7":"product_cat--_","8":"pa_-cirok","9":"pa_-celadet-ali-bedirxan","10":"pa_-kurmanci","11":"pa_--avesta-yayinlari","12":"desktop-align-left","13":"tablet-align-left","14":"mobile-align-left","16":"first","17":"instock","18":"shipping-taxable","19":"purchasable","20":"product-type-simple"},"yoast_head":"<!-- This site is optimized with the Yoast SEO plugin v27.5 - https:\/\/yoast.com\/product\/yoast-seo-wordpress\/ -->\n<title>Gazinda Xencera Min - Celadet Al\u00ee Bedirxan - www.shanabooks.de<\/title>\n<meta name=\"description\" content=\"Gazinda Xencera Min - Celadet Al\u00ee Bedirxan Gazinda Xencera Min ji berhem\u00ean edeb\u00ee \u00ean di tarza \u00e7\u00eerok\u00ea de p\u00eak t\u00ea. Di kit\u00eab\u00ea 5 be\u015f hene. Di be\u015fa yekem \u201cDestp...\" \/>\n<meta name=\"robots\" content=\"index, follow, max-snippet:-1, max-image-preview:large, max-video-preview:-1\" \/>\n<link rel=\"canonical\" href=\"https:\/\/shanabooks.de\/de\/product\/gazinda-xencera-min-celadet-ali-bedirxan\/\" \/>\n<meta property=\"og:locale\" content=\"en_US\" \/>\n<meta property=\"og:type\" content=\"article\" \/>\n<meta property=\"og:title\" content=\"Gazinda Xencera Min - Celadet Al\u00ee Bedirxan - www.shanabooks.de\" \/>\n<meta property=\"og:description\" content=\"Gazinda Xencera Min - Celadet Al\u00ee Bedirxan Gazinda Xencera Min ji berhem\u00ean edeb\u00ee \u00ean di tarza \u00e7\u00eerok\u00ea de p\u00eak t\u00ea. Di kit\u00eab\u00ea 5 be\u015f hene. Di be\u015fa yekem \u201cDestp...\" \/>\n<meta property=\"og:url\" content=\"https:\/\/shanabooks.de\/de\/product\/gazinda-xencera-min-celadet-ali-bedirxan\/\" \/>\n<meta property=\"og:site_name\" content=\"www.shanabooks.de\" \/>\n<meta property=\"article:modified_time\" content=\"2024-03-11T14:16:41+00:00\" \/>\n<meta property=\"og:image\" content=\"https:\/\/shanabooks.de\/wp-content\/uploads\/2024\/01\/gazinda-xencera-min.jpg\" \/>\n\t<meta property=\"og:image:width\" content=\"591\" \/>\n\t<meta property=\"og:image:height\" content=\"900\" \/>\n\t<meta property=\"og:image:type\" content=\"image\/jpeg\" \/>\n<meta name=\"twitter:card\" content=\"summary_large_image\" \/>\n<meta name=\"twitter:label1\" content=\"Est. reading time\" \/>\n\t<meta name=\"twitter:data1\" content=\"3 minutes\" \/>\n<script type=\"application\/ld+json\" class=\"yoast-schema-graph\">{\"@context\":\"https:\\\/\\\/schema.org\",\"@graph\":[{\"@type\":\"WebPage\",\"@id\":\"https:\\\/\\\/shanabooks.de\\\/de\\\/product\\\/gazinda-xencera-min-celadet-ali-bedirxan\\\/\",\"url\":\"https:\\\/\\\/shanabooks.de\\\/de\\\/product\\\/gazinda-xencera-min-celadet-ali-bedirxan\\\/\",\"name\":\"Gazinda Xencera Min - Celadet Al\u00ee Bedirxan - www.shanabooks.de\",\"isPartOf\":{\"@id\":\"https:\\\/\\\/shanabooks.de\\\/#website\"},\"primaryImageOfPage\":{\"@id\":\"https:\\\/\\\/shanabooks.de\\\/de\\\/product\\\/gazinda-xencera-min-celadet-ali-bedirxan\\\/#primaryimage\"},\"image\":{\"@id\":\"https:\\\/\\\/shanabooks.de\\\/de\\\/product\\\/gazinda-xencera-min-celadet-ali-bedirxan\\\/#primaryimage\"},\"thumbnailUrl\":\"https:\\\/\\\/shanabooks.de\\\/wp-content\\\/uploads\\\/2024\\\/01\\\/gazinda-xencera-min.jpg\",\"datePublished\":\"2024-03-03T19:47:53+00:00\",\"dateModified\":\"2024-03-11T14:16:41+00:00\",\"description\":\"Gazinda Xencera Min - Celadet Al\u00ee Bedirxan Gazinda Xencera Min ji berhem\u00ean edeb\u00ee \u00ean di tarza \u00e7\u00eerok\u00ea de p\u00eak t\u00ea. Di kit\u00eab\u00ea 5 be\u015f hene. Di be\u015fa yekem \u201cDestp...\",\"breadcrumb\":{\"@id\":\"https:\\\/\\\/shanabooks.de\\\/de\\\/product\\\/gazinda-xencera-min-celadet-ali-bedirxan\\\/#breadcrumb\"},\"inLanguage\":\"kur\",\"potentialAction\":[{\"@type\":\"ReadAction\",\"target\":[\"https:\\\/\\\/shanabooks.de\\\/de\\\/product\\\/gazinda-xencera-min-celadet-ali-bedirxan\\\/\"]}]},{\"@type\":\"ImageObject\",\"inLanguage\":\"kur\",\"@id\":\"https:\\\/\\\/shanabooks.de\\\/de\\\/product\\\/gazinda-xencera-min-celadet-ali-bedirxan\\\/#primaryimage\",\"url\":\"https:\\\/\\\/shanabooks.de\\\/wp-content\\\/uploads\\\/2024\\\/01\\\/gazinda-xencera-min.jpg\",\"contentUrl\":\"https:\\\/\\\/shanabooks.de\\\/wp-content\\\/uploads\\\/2024\\\/01\\\/gazinda-xencera-min.jpg\",\"width\":591,\"height\":900,\"caption\":\"Gazinda Xencera Min - Celadet Al\u00ee Bedirxan - pirt\u00fbk\u00ean kurd\u00ee\"},{\"@type\":\"BreadcrumbList\",\"@id\":\"https:\\\/\\\/shanabooks.de\\\/de\\\/product\\\/gazinda-xencera-min-celadet-ali-bedirxan\\\/#breadcrumb\",\"itemListElement\":[{\"@type\":\"ListItem\",\"position\":1,\"name\":\"\u0627\u0644\u0631\u0626\u064a\u0633\u064a\u0629\",\"item\":\"https:\\\/\\\/shanabooks.de\\\/kur\\\/\"},{\"@type\":\"ListItem\",\"position\":2,\"name\":\"\u0627\u0644\u0645\u0646\u062a\u062c\u0627\u062a\",\"item\":\"https:\\\/\\\/shanabooks.de\\\/shop\\\/\"},{\"@type\":\"ListItem\",\"position\":3,\"name\":\"Gazinda Xencera Min\"}]},{\"@type\":\"WebSite\",\"@id\":\"https:\\\/\\\/shanabooks.de\\\/#website\",\"url\":\"https:\\\/\\\/shanabooks.de\\\/\",\"name\":\"www.shanbooks.de\",\"description\":\"C\u00eehana Pirt\u00fbk\u00ean Kurd\u00ee \u0645\u0643\u062a\u0628\u0629 \u0634\u0627\u0646\u0627 \u0641\u064a \u0627\u0644\u0645\u0627\u0646\u064a\u0627 \u0648\u0623\u0648\u0631\u0628\u0627\",\"publisher\":{\"@id\":\"https:\\\/\\\/shanabooks.de\\\/#organization\"},\"potentialAction\":[{\"@type\":\"SearchAction\",\"target\":{\"@type\":\"EntryPoint\",\"urlTemplate\":\"https:\\\/\\\/shanabooks.de\\\/?s={search_term_string}\"},\"query-input\":{\"@type\":\"PropertyValueSpecification\",\"valueRequired\":true,\"valueName\":\"search_term_string\"}}],\"inLanguage\":\"kur\"},{\"@type\":\"Organization\",\"@id\":\"https:\\\/\\\/shanabooks.de\\\/#organization\",\"name\":\"www.shanbooks.de\",\"url\":\"https:\\\/\\\/shanabooks.de\\\/\",\"logo\":{\"@type\":\"ImageObject\",\"inLanguage\":\"kur\",\"@id\":\"https:\\\/\\\/shanabooks.de\\\/#\\\/schema\\\/logo\\\/image\\\/\",\"url\":\"https:\\\/\\\/shanabooks.de\\\/wp-content\\\/uploads\\\/2024\\\/03\\\/SHANABOOKS__2_-removebg-preview.png\",\"contentUrl\":\"https:\\\/\\\/shanabooks.de\\\/wp-content\\\/uploads\\\/2024\\\/03\\\/SHANABOOKS__2_-removebg-preview.png\",\"width\":700,\"height\":150,\"caption\":\"www.shanbooks.de\"},\"image\":{\"@id\":\"https:\\\/\\\/shanabooks.de\\\/#\\\/schema\\\/logo\\\/image\\\/\"}}]}<\/script>\n<!-- \/ Yoast SEO plugin. -->","yoast_head_json":{"title":"Gazinda Xencera Min - Celadet Al\u00ee Bedirxan - www.shanabooks.de","description":"Gazinda Xencera Min - Celadet Al\u00ee Bedirxan Gazinda Xencera Min ji berhem\u00ean edeb\u00ee \u00ean di tarza \u00e7\u00eerok\u00ea de p\u00eak t\u00ea. Di kit\u00eab\u00ea 5 be\u015f hene. Di be\u015fa yekem \u201cDestp...","robots":{"index":"index","follow":"follow","max-snippet":"max-snippet:-1","max-image-preview":"max-image-preview:large","max-video-preview":"max-video-preview:-1"},"canonical":"https:\/\/shanabooks.de\/de\/product\/gazinda-xencera-min-celadet-ali-bedirxan\/","og_locale":"en_US","og_type":"article","og_title":"Gazinda Xencera Min - Celadet Al\u00ee Bedirxan - www.shanabooks.de","og_description":"Gazinda Xencera Min - Celadet Al\u00ee Bedirxan Gazinda Xencera Min ji berhem\u00ean edeb\u00ee \u00ean di tarza \u00e7\u00eerok\u00ea de p\u00eak t\u00ea. Di kit\u00eab\u00ea 5 be\u015f hene. Di be\u015fa yekem \u201cDestp...","og_url":"https:\/\/shanabooks.de\/de\/product\/gazinda-xencera-min-celadet-ali-bedirxan\/","og_site_name":"www.shanabooks.de","article_modified_time":"2024-03-11T14:16:41+00:00","og_image":[{"width":591,"height":900,"url":"https:\/\/shanabooks.de\/wp-content\/uploads\/2024\/01\/gazinda-xencera-min.jpg","type":"image\/jpeg"}],"twitter_card":"summary_large_image","twitter_misc":{"Est. reading time":"3 minutes"},"schema":{"@context":"https:\/\/schema.org","@graph":[{"@type":"WebPage","@id":"https:\/\/shanabooks.de\/de\/product\/gazinda-xencera-min-celadet-ali-bedirxan\/","url":"https:\/\/shanabooks.de\/de\/product\/gazinda-xencera-min-celadet-ali-bedirxan\/","name":"Gazinda Xencera Min - Celadet Al\u00ee Bedirxan - www.shanabooks.de","isPartOf":{"@id":"https:\/\/shanabooks.de\/#website"},"primaryImageOfPage":{"@id":"https:\/\/shanabooks.de\/de\/product\/gazinda-xencera-min-celadet-ali-bedirxan\/#primaryimage"},"image":{"@id":"https:\/\/shanabooks.de\/de\/product\/gazinda-xencera-min-celadet-ali-bedirxan\/#primaryimage"},"thumbnailUrl":"https:\/\/shanabooks.de\/wp-content\/uploads\/2024\/01\/gazinda-xencera-min.jpg","datePublished":"2024-03-03T19:47:53+00:00","dateModified":"2024-03-11T14:16:41+00:00","description":"Gazinda Xencera Min - Celadet Al\u00ee Bedirxan Gazinda Xencera Min ji berhem\u00ean edeb\u00ee \u00ean di tarza \u00e7\u00eerok\u00ea de p\u00eak t\u00ea. Di kit\u00eab\u00ea 5 be\u015f hene. Di be\u015fa yekem \u201cDestp...","breadcrumb":{"@id":"https:\/\/shanabooks.de\/de\/product\/gazinda-xencera-min-celadet-ali-bedirxan\/#breadcrumb"},"inLanguage":"kur","potentialAction":[{"@type":"ReadAction","target":["https:\/\/shanabooks.de\/de\/product\/gazinda-xencera-min-celadet-ali-bedirxan\/"]}]},{"@type":"ImageObject","inLanguage":"kur","@id":"https:\/\/shanabooks.de\/de\/product\/gazinda-xencera-min-celadet-ali-bedirxan\/#primaryimage","url":"https:\/\/shanabooks.de\/wp-content\/uploads\/2024\/01\/gazinda-xencera-min.jpg","contentUrl":"https:\/\/shanabooks.de\/wp-content\/uploads\/2024\/01\/gazinda-xencera-min.jpg","width":591,"height":900,"caption":"Gazinda Xencera Min - Celadet Al\u00ee Bedirxan - pirt\u00fbk\u00ean kurd\u00ee"},{"@type":"BreadcrumbList","@id":"https:\/\/shanabooks.de\/de\/product\/gazinda-xencera-min-celadet-ali-bedirxan\/#breadcrumb","itemListElement":[{"@type":"ListItem","position":1,"name":"\u0627\u0644\u0631\u0626\u064a\u0633\u064a\u0629","item":"https:\/\/shanabooks.de\/kur\/"},{"@type":"ListItem","position":2,"name":"\u0627\u0644\u0645\u0646\u062a\u062c\u0627\u062a","item":"https:\/\/shanabooks.de\/shop\/"},{"@type":"ListItem","position":3,"name":"Gazinda Xencera Min"}]},{"@type":"WebSite","@id":"https:\/\/shanabooks.de\/#website","url":"https:\/\/shanabooks.de\/","name":"www.shanbooks.de","description":"C\u00eehana Pirt\u00fbk\u00ean Kurd\u00ee \u0645\u0643\u062a\u0628\u0629 \u0634\u0627\u0646\u0627 \u0641\u064a \u0627\u0644\u0645\u0627\u0646\u064a\u0627 \u0648\u0623\u0648\u0631\u0628\u0627","publisher":{"@id":"https:\/\/shanabooks.de\/#organization"},"potentialAction":[{"@type":"SearchAction","target":{"@type":"EntryPoint","urlTemplate":"https:\/\/shanabooks.de\/?s={search_term_string}"},"query-input":{"@type":"PropertyValueSpecification","valueRequired":true,"valueName":"search_term_string"}}],"inLanguage":"kur"},{"@type":"Organization","@id":"https:\/\/shanabooks.de\/#organization","name":"www.shanbooks.de","url":"https:\/\/shanabooks.de\/","logo":{"@type":"ImageObject","inLanguage":"kur","@id":"https:\/\/shanabooks.de\/#\/schema\/logo\/image\/","url":"https:\/\/shanabooks.de\/wp-content\/uploads\/2024\/03\/SHANABOOKS__2_-removebg-preview.png","contentUrl":"https:\/\/shanabooks.de\/wp-content\/uploads\/2024\/03\/SHANABOOKS__2_-removebg-preview.png","width":700,"height":150,"caption":"www.shanbooks.de"},"image":{"@id":"https:\/\/shanabooks.de\/#\/schema\/logo\/image\/"}}]}},"jetpack_sharing_enabled":true,"_links":{"self":[{"href":"https:\/\/shanabooks.de\/kur\/wp-json\/wp\/v2\/product\/12912","targetHints":{"allow":["GET"]}}],"collection":[{"href":"https:\/\/shanabooks.de\/kur\/wp-json\/wp\/v2\/product"}],"about":[{"href":"https:\/\/shanabooks.de\/kur\/wp-json\/wp\/v2\/types\/product"}],"version-history":[{"count":3,"href":"https:\/\/shanabooks.de\/kur\/wp-json\/wp\/v2\/product\/12912\/revisions"}],"predecessor-version":[{"id":17554,"href":"https:\/\/shanabooks.de\/kur\/wp-json\/wp\/v2\/product\/12912\/revisions\/17554"}],"wp:featuredmedia":[{"embeddable":true,"href":"https:\/\/shanabooks.de\/kur\/wp-json\/wp\/v2\/media\/5732"}],"wp:attachment":[{"href":"https:\/\/shanabooks.de\/kur\/wp-json\/wp\/v2\/media?parent=12912"}],"wp:term":[{"taxonomy":"product_brand","embeddable":true,"href":"https:\/\/shanabooks.de\/kur\/wp-json\/wp\/v2\/product_brand?post=12912"},{"taxonomy":"product_cat","embeddable":true,"href":"https:\/\/shanabooks.de\/kur\/wp-json\/wp\/v2\/product_cat?post=12912"},{"taxonomy":"product_tag","embeddable":true,"href":"https:\/\/shanabooks.de\/kur\/wp-json\/wp\/v2\/product_tag?post=12912"}],"curies":[{"name":"wp","href":"https:\/\/api.w.org\/{rel}","templated":true}]}}