{"id":12958,"date":"2024-03-03T19:48:16","date_gmt":"2024-03-03T19:48:16","guid":{"rendered":"https:\/\/shanabooks.de\/?post_type=product&#038;p=12958"},"modified":"2024-11-23T12:18:40","modified_gmt":"2024-11-23T12:18:40","slug":"dengbej-sakiro-antolojiya-dengbejan-2-gunes-sahin","status":"publish","type":"product","link":"https:\/\/shanabooks.de\/kur\/product\/dengbej-sakiro-antolojiya-dengbejan-2-gunes-sahin\/","title":{"rendered":"Dengb\u00eaj \u015eakiro &#8211; Antolojiya Dengb\u00eajan 2"},"content":{"rendered":"<p style=\"text-align: left\"><strong>Dengb\u00eaj \u015eakiro (Antolojiya Dengb\u00eajan 2) &#8211; G\u00fcne\u015f , \u015eahin<\/strong><\/p>\n<p style=\"font-weight: 400;text-align: left\">Dengb\u00eaj\u00ee yek ji wan st\u00fbn\u00ean her\u00ee xurt y\u00ea zargotina Kurd\u00ee ye. Dengb\u00eaj dema ku distir\u00ea ne ten\u00ea bi xwe\u015fiya deng\u00ea xwe, herwiha bi mijara kilama xwe bi te\u015fb\u00eeh \u00fb metafor\u00ean ziman\u00ea xwe b\u00fbyeran ji n\u00fb ve di hi\u015f\u00ea guhdaran de vedij\u00eene. Ev xal dengb\u00eajiy\u00ea ji asta muz\u00eek\u00ea derdixe \u00fb di zargotina Kurd\u00ee de li ser textek\u00ee n\u00fb dide r\u00fbni\u015ftandin.<\/p>\n<p style=\"font-weight: 400;text-align: left\">Dema ku behsa dengb\u00eaj\u00ee \u00fb dengb\u00eajan bibe, b\u00eaguman nav\u00ea ku her\u00ee z\u00eade t\u00ea ser ziman, dengb\u00eaj \u015eakiro ye. \u015eakiro bi deng\u00ea xwe bi terza vegotina xwe \u00fb bi h\u00fbnandina te\u015fb\u00eeh \u00fb tab\u00eer\u00ean xwe nav\u00ea xwe wek efsaneyek\u00ea daye niv\u00ees\u00een. Li gund \u00fb bajar\u00ean Kurdan, di dawet \u00fb cemaat\u00ean Kurdan de band\u00ean ku li ber deng\u00ea \u015eakiro hatine tijekirin, carinan di box\u00e7\u00ea b\u00fbkan de b\u00fbne xelat, carinan b\u00fbne diyar\u00ee di navbera e\u015f\u00eer \u00fb eg\u00eetan de.<\/p>\n<p style=\"font-weight: 400;text-align: left\">Ev berhema bi nav\u00ea Dengb\u00eaj \u015eakiro (Antolojiya Dengb\u00eajan 2) &#8211; G\u00fcne\u015f , \u015eahin we de, em dikarin bib\u00eajin ku heta \u00eero xebata her\u00ee berfireh e ku li ser kilam\u00ean \u015eakiro hatiye niv\u00ees\u00een.<br \/>\n35 heb li ser serhildan\u00ea, 183 heb li ser ev\u00eeniy\u00ea, 27 heb di derbar\u00ea \u015fer\u00ean navxwey\u00ee de, 3 heb destan \u00fb 18 heb j\u00ee di derbar\u00ea xwezay\u00ea de bi tevah\u00ee 266 kilam hatine berhevkirin.\u00a0 Gelek ji van kilaman cara yekem e ku dert\u00ean hol\u00ea.<br \/>\nDi v\u00ea berhema ku serp\u00eahatiya amadekirina w\u00ea ji 10 salan z\u00eade di ber xwe day\u00ee de, kurtejiyana \u015eakiro \u00fb hem\u00fb kilam\u00ean ku ji aliy\u00ea \u015eakiro ve hatine gotin yek bi yek hatine niv\u00ees\u00een. Herwiha gelek peyv, nav \u00fb te\u015fb\u00eeh\u00ean ku di kilaman de derbas dibin hatine \u00eezahkirin.<\/p>\n","protected":false},"excerpt":{"rendered":"<p style=\"text-align: center\"><strong>Niv\u00eeskar: \u00d6mer G\u00fcne\u015f &#8211; Ibrahim \u015eahin<br \/>\n<\/strong><strong>Pirt\u00fbk: Dengb\u00eaj \u015eakiro &#8211; Antolojiya Dengb\u00eajan 2<br \/>\nCure: Edebiyat &#8211; Folklor<\/strong><\/p>\n","protected":false},"featured_media":13029,"template":"","meta":{"site-sidebar-layout":"default","site-content-layout":"","ast-site-content-layout":"default","site-content-style":"default","site-sidebar-style":"default","ast-global-header-display":"","ast-banner-title-visibility":"","ast-main-header-display":"","ast-hfb-above-header-display":"","ast-hfb-below-header-display":"","ast-hfb-mobile-header-display":"","site-post-title":"","ast-breadcrumbs-content":"","ast-featured-img":"","footer-sml-layout":"","ast-disable-related-posts":"","theme-transparent-header-meta":"default","adv-header-id-meta":"","stick-header-meta":"","header-above-stick-meta":"","header-main-stick-meta":"","header-below-stick-meta":"","astra-migrate-meta-layouts":"set","ast-page-background-enabled":"default","ast-page-background-meta":{"desktop":{"background-color":"","background-image":"","background-repeat":"repeat","background-position":"center center","background-size":"auto","background-attachment":"scroll","background-type":"","background-media":"","overlay-type":"","overlay-color":"","overlay-opacity":"","overlay-gradient":""},"tablet":{"background-color":"","background-image":"","background-repeat":"repeat","background-position":"center center","background-size":"auto","background-attachment":"scroll","background-type":"","background-media":"","overlay-type":"","overlay-color":"","overlay-opacity":"","overlay-gradient":""},"mobile":{"background-color":"","background-image":"","background-repeat":"repeat","background-position":"center center","background-size":"auto","background-attachment":"scroll","background-type":"","background-media":"","overlay-type":"","overlay-color":"","overlay-opacity":"","overlay-gradient":""}},"ast-content-background-meta":{"desktop":{"background-color":"var(--ast-global-color-5)","background-image":"","background-repeat":"repeat","background-position":"center center","background-size":"auto","background-attachment":"scroll","background-type":"","background-media":"","overlay-type":"","overlay-color":"","overlay-opacity":"","overlay-gradient":""},"tablet":{"background-color":"var(--ast-global-color-5)","background-image":"","background-repeat":"repeat","background-position":"center center","background-size":"auto","background-attachment":"scroll","background-type":"","background-media":"","overlay-type":"","overlay-color":"","overlay-opacity":"","overlay-gradient":""},"mobile":{"background-color":"var(--ast-global-color-5)","background-image":"","background-repeat":"repeat","background-position":"center center","background-size":"auto","background-attachment":"scroll","background-type":"","background-media":"","overlay-type":"","overlay-color":"","overlay-opacity":"","overlay-gradient":""}}},"product_brand":[],"product_cat":[180,193],"product_tag":[],"class_list":{"0":"post-12958","1":"product","2":"type-product","3":"status-publish","4":"has-post-thumbnail","6":"product_cat-_","7":"product_cat--_","8":"pa_-folklor","9":"pa_-muzik","10":"pa_-ibrahim-sahin","11":"pa_-omer-gunes","12":"pa_-kurmanci","13":"pa_--nubihar","14":"desktop-align-left","15":"tablet-align-left","16":"mobile-align-left","18":"first","19":"outofstock","20":"shipping-taxable","21":"purchasable","22":"product-type-simple"},"yoast_head":"<!-- This site is optimized with the Yoast SEO plugin v27.4 - https:\/\/yoast.com\/product\/yoast-seo-wordpress\/ -->\n<title>Dengb\u00eaj \u015eakiro (Antolojiya Dengb\u00eajan 2) - G\u00fcne\u015f , \u015eahin<\/title>\n<meta name=\"description\" content=\"Dengb\u00eaj \u015eakiro (Antolojiya Dengb\u00eajan 2) - G\u00fcne\u015f , \u015eahin Dengb\u00eaj\u00ee yek ji wan st\u00fbn\u00ean her\u00ee xurt y\u00ea zargotina Kurd\u00ee ye. Dengb\u00eaj dema ku distir\u00ea ne ten\u00ea bi xw...\" \/>\n<meta name=\"robots\" content=\"index, follow, max-snippet:-1, max-image-preview:large, max-video-preview:-1\" \/>\n<link rel=\"canonical\" href=\"https:\/\/shanabooks.de\/product\/dengbej-sakiro-antolojiya-dengbejan-2-gunes-sahin\/\" \/>\n<meta property=\"og:locale\" content=\"en_US\" \/>\n<meta property=\"og:type\" content=\"article\" \/>\n<meta property=\"og:title\" content=\"Dengb\u00eaj \u015eakiro (Antolojiya Dengb\u00eajan 2) - G\u00fcne\u015f , \u015eahin\" \/>\n<meta property=\"og:description\" content=\"Dengb\u00eaj \u015eakiro (Antolojiya Dengb\u00eajan 2) - G\u00fcne\u015f , \u015eahin Dengb\u00eaj\u00ee yek ji wan st\u00fbn\u00ean her\u00ee xurt y\u00ea zargotina Kurd\u00ee ye. Dengb\u00eaj dema ku distir\u00ea ne ten\u00ea bi xw...\" \/>\n<meta property=\"og:url\" content=\"https:\/\/shanabooks.de\/product\/dengbej-sakiro-antolojiya-dengbejan-2-gunes-sahin\/\" \/>\n<meta property=\"og:site_name\" content=\"www.shanabooks.de\" \/>\n<meta property=\"article:modified_time\" content=\"2024-11-23T12:18:40+00:00\" \/>\n<meta property=\"og:image\" content=\"https:\/\/shanabooks.de\/wp-content\/uploads\/2024\/03\/Anatolojiya-Denbejan-Dengbej-Sakiro-1.png\" \/>\n\t<meta property=\"og:image:width\" content=\"298\" \/>\n\t<meta property=\"og:image:height\" content=\"479\" \/>\n\t<meta property=\"og:image:type\" content=\"image\/png\" \/>\n<meta name=\"twitter:card\" content=\"summary_large_image\" \/>\n<meta name=\"twitter:label1\" content=\"Est. reading time\" \/>\n\t<meta name=\"twitter:data1\" content=\"3 minutes\" \/>\n<script type=\"application\/ld+json\" class=\"yoast-schema-graph\">{\"@context\":\"https:\\\/\\\/schema.org\",\"@graph\":[{\"@type\":\"WebPage\",\"@id\":\"https:\\\/\\\/shanabooks.de\\\/product\\\/dengbej-sakiro-antolojiya-dengbejan-2-gunes-sahin\\\/\",\"url\":\"https:\\\/\\\/shanabooks.de\\\/product\\\/dengbej-sakiro-antolojiya-dengbejan-2-gunes-sahin\\\/\",\"name\":\"Dengb\u00eaj \u015eakiro (Antolojiya Dengb\u00eajan 2) - G\u00fcne\u015f , \u015eahin\",\"isPartOf\":{\"@id\":\"https:\\\/\\\/shanabooks.de\\\/#website\"},\"primaryImageOfPage\":{\"@id\":\"https:\\\/\\\/shanabooks.de\\\/product\\\/dengbej-sakiro-antolojiya-dengbejan-2-gunes-sahin\\\/#primaryimage\"},\"image\":{\"@id\":\"https:\\\/\\\/shanabooks.de\\\/product\\\/dengbej-sakiro-antolojiya-dengbejan-2-gunes-sahin\\\/#primaryimage\"},\"thumbnailUrl\":\"https:\\\/\\\/shanabooks.de\\\/wp-content\\\/uploads\\\/2024\\\/03\\\/Anatolojiya-Denbejan-Dengbej-Sakiro-1.png\",\"datePublished\":\"2024-03-03T19:48:16+00:00\",\"dateModified\":\"2024-11-23T12:18:40+00:00\",\"description\":\"Dengb\u00eaj \u015eakiro (Antolojiya Dengb\u00eajan 2) - G\u00fcne\u015f , \u015eahin Dengb\u00eaj\u00ee yek ji wan st\u00fbn\u00ean her\u00ee xurt y\u00ea zargotina Kurd\u00ee ye. Dengb\u00eaj dema ku distir\u00ea ne ten\u00ea bi xw...\",\"breadcrumb\":{\"@id\":\"https:\\\/\\\/shanabooks.de\\\/product\\\/dengbej-sakiro-antolojiya-dengbejan-2-gunes-sahin\\\/#breadcrumb\"},\"inLanguage\":\"kur\",\"potentialAction\":[{\"@type\":\"ReadAction\",\"target\":[\"https:\\\/\\\/shanabooks.de\\\/product\\\/dengbej-sakiro-antolojiya-dengbejan-2-gunes-sahin\\\/\"]}]},{\"@type\":\"ImageObject\",\"inLanguage\":\"kur\",\"@id\":\"https:\\\/\\\/shanabooks.de\\\/product\\\/dengbej-sakiro-antolojiya-dengbejan-2-gunes-sahin\\\/#primaryimage\",\"url\":\"https:\\\/\\\/shanabooks.de\\\/wp-content\\\/uploads\\\/2024\\\/03\\\/Anatolojiya-Denbejan-Dengbej-Sakiro-1.png\",\"contentUrl\":\"https:\\\/\\\/shanabooks.de\\\/wp-content\\\/uploads\\\/2024\\\/03\\\/Anatolojiya-Denbejan-Dengbej-Sakiro-1.png\",\"width\":298,\"height\":479,\"caption\":\"Dengb\u00eaj \u015eakiro (Antolojiya Dengb\u00eajan 2) - G\u00fcne\u015f , \u015eahin - pirt\u00fbk\u00ean kurd\u00ee\"},{\"@type\":\"BreadcrumbList\",\"@id\":\"https:\\\/\\\/shanabooks.de\\\/product\\\/dengbej-sakiro-antolojiya-dengbejan-2-gunes-sahin\\\/#breadcrumb\",\"itemListElement\":[{\"@type\":\"ListItem\",\"position\":1,\"name\":\"\u0627\u0644\u0631\u0626\u064a\u0633\u064a\u0629\",\"item\":\"https:\\\/\\\/shanabooks.de\\\/kur\\\/\"},{\"@type\":\"ListItem\",\"position\":2,\"name\":\"\u0627\u0644\u0645\u0646\u062a\u062c\u0627\u062a\",\"item\":\"https:\\\/\\\/shanabooks.de\\\/shop\\\/\"},{\"@type\":\"ListItem\",\"position\":3,\"name\":\"Dengb\u00eaj \u015eakiro &#8211; Antolojiya Dengb\u00eajan 2\"}]},{\"@type\":\"WebSite\",\"@id\":\"https:\\\/\\\/shanabooks.de\\\/#website\",\"url\":\"https:\\\/\\\/shanabooks.de\\\/\",\"name\":\"www.shanbooks.de\",\"description\":\"C\u00eehana Pirt\u00fbk\u00ean Kurd\u00ee \u0645\u0643\u062a\u0628\u0629 \u0634\u0627\u0646\u0627 \u0641\u064a \u0627\u0644\u0645\u0627\u0646\u064a\u0627 \u0648\u0623\u0648\u0631\u0628\u0627\",\"publisher\":{\"@id\":\"https:\\\/\\\/shanabooks.de\\\/#organization\"},\"potentialAction\":[{\"@type\":\"SearchAction\",\"target\":{\"@type\":\"EntryPoint\",\"urlTemplate\":\"https:\\\/\\\/shanabooks.de\\\/?s={search_term_string}\"},\"query-input\":{\"@type\":\"PropertyValueSpecification\",\"valueRequired\":true,\"valueName\":\"search_term_string\"}}],\"inLanguage\":\"kur\"},{\"@type\":\"Organization\",\"@id\":\"https:\\\/\\\/shanabooks.de\\\/#organization\",\"name\":\"www.shanbooks.de\",\"url\":\"https:\\\/\\\/shanabooks.de\\\/\",\"logo\":{\"@type\":\"ImageObject\",\"inLanguage\":\"kur\",\"@id\":\"https:\\\/\\\/shanabooks.de\\\/#\\\/schema\\\/logo\\\/image\\\/\",\"url\":\"https:\\\/\\\/shanabooks.de\\\/wp-content\\\/uploads\\\/2024\\\/03\\\/SHANABOOKS__2_-removebg-preview.png\",\"contentUrl\":\"https:\\\/\\\/shanabooks.de\\\/wp-content\\\/uploads\\\/2024\\\/03\\\/SHANABOOKS__2_-removebg-preview.png\",\"width\":700,\"height\":150,\"caption\":\"www.shanbooks.de\"},\"image\":{\"@id\":\"https:\\\/\\\/shanabooks.de\\\/#\\\/schema\\\/logo\\\/image\\\/\"}}]}<\/script>\n<!-- \/ Yoast SEO plugin. -->","yoast_head_json":{"title":"Dengb\u00eaj \u015eakiro (Antolojiya Dengb\u00eajan 2) - G\u00fcne\u015f , \u015eahin","description":"Dengb\u00eaj \u015eakiro (Antolojiya Dengb\u00eajan 2) - G\u00fcne\u015f , \u015eahin Dengb\u00eaj\u00ee yek ji wan st\u00fbn\u00ean her\u00ee xurt y\u00ea zargotina Kurd\u00ee ye. Dengb\u00eaj dema ku distir\u00ea ne ten\u00ea bi xw...","robots":{"index":"index","follow":"follow","max-snippet":"max-snippet:-1","max-image-preview":"max-image-preview:large","max-video-preview":"max-video-preview:-1"},"canonical":"https:\/\/shanabooks.de\/product\/dengbej-sakiro-antolojiya-dengbejan-2-gunes-sahin\/","og_locale":"en_US","og_type":"article","og_title":"Dengb\u00eaj \u015eakiro (Antolojiya Dengb\u00eajan 2) - G\u00fcne\u015f , \u015eahin","og_description":"Dengb\u00eaj \u015eakiro (Antolojiya Dengb\u00eajan 2) - G\u00fcne\u015f , \u015eahin Dengb\u00eaj\u00ee yek ji wan st\u00fbn\u00ean her\u00ee xurt y\u00ea zargotina Kurd\u00ee ye. Dengb\u00eaj dema ku distir\u00ea ne ten\u00ea bi xw...","og_url":"https:\/\/shanabooks.de\/product\/dengbej-sakiro-antolojiya-dengbejan-2-gunes-sahin\/","og_site_name":"www.shanabooks.de","article_modified_time":"2024-11-23T12:18:40+00:00","og_image":[{"width":298,"height":479,"url":"https:\/\/shanabooks.de\/wp-content\/uploads\/2024\/03\/Anatolojiya-Denbejan-Dengbej-Sakiro-1.png","type":"image\/png"}],"twitter_card":"summary_large_image","twitter_misc":{"Est. reading time":"3 minutes"},"schema":{"@context":"https:\/\/schema.org","@graph":[{"@type":"WebPage","@id":"https:\/\/shanabooks.de\/product\/dengbej-sakiro-antolojiya-dengbejan-2-gunes-sahin\/","url":"https:\/\/shanabooks.de\/product\/dengbej-sakiro-antolojiya-dengbejan-2-gunes-sahin\/","name":"Dengb\u00eaj \u015eakiro (Antolojiya Dengb\u00eajan 2) - G\u00fcne\u015f , \u015eahin","isPartOf":{"@id":"https:\/\/shanabooks.de\/#website"},"primaryImageOfPage":{"@id":"https:\/\/shanabooks.de\/product\/dengbej-sakiro-antolojiya-dengbejan-2-gunes-sahin\/#primaryimage"},"image":{"@id":"https:\/\/shanabooks.de\/product\/dengbej-sakiro-antolojiya-dengbejan-2-gunes-sahin\/#primaryimage"},"thumbnailUrl":"https:\/\/shanabooks.de\/wp-content\/uploads\/2024\/03\/Anatolojiya-Denbejan-Dengbej-Sakiro-1.png","datePublished":"2024-03-03T19:48:16+00:00","dateModified":"2024-11-23T12:18:40+00:00","description":"Dengb\u00eaj \u015eakiro (Antolojiya Dengb\u00eajan 2) - G\u00fcne\u015f , \u015eahin Dengb\u00eaj\u00ee yek ji wan st\u00fbn\u00ean her\u00ee xurt y\u00ea zargotina Kurd\u00ee ye. Dengb\u00eaj dema ku distir\u00ea ne ten\u00ea bi xw...","breadcrumb":{"@id":"https:\/\/shanabooks.de\/product\/dengbej-sakiro-antolojiya-dengbejan-2-gunes-sahin\/#breadcrumb"},"inLanguage":"kur","potentialAction":[{"@type":"ReadAction","target":["https:\/\/shanabooks.de\/product\/dengbej-sakiro-antolojiya-dengbejan-2-gunes-sahin\/"]}]},{"@type":"ImageObject","inLanguage":"kur","@id":"https:\/\/shanabooks.de\/product\/dengbej-sakiro-antolojiya-dengbejan-2-gunes-sahin\/#primaryimage","url":"https:\/\/shanabooks.de\/wp-content\/uploads\/2024\/03\/Anatolojiya-Denbejan-Dengbej-Sakiro-1.png","contentUrl":"https:\/\/shanabooks.de\/wp-content\/uploads\/2024\/03\/Anatolojiya-Denbejan-Dengbej-Sakiro-1.png","width":298,"height":479,"caption":"Dengb\u00eaj \u015eakiro (Antolojiya Dengb\u00eajan 2) - G\u00fcne\u015f , \u015eahin - pirt\u00fbk\u00ean kurd\u00ee"},{"@type":"BreadcrumbList","@id":"https:\/\/shanabooks.de\/product\/dengbej-sakiro-antolojiya-dengbejan-2-gunes-sahin\/#breadcrumb","itemListElement":[{"@type":"ListItem","position":1,"name":"\u0627\u0644\u0631\u0626\u064a\u0633\u064a\u0629","item":"https:\/\/shanabooks.de\/kur\/"},{"@type":"ListItem","position":2,"name":"\u0627\u0644\u0645\u0646\u062a\u062c\u0627\u062a","item":"https:\/\/shanabooks.de\/shop\/"},{"@type":"ListItem","position":3,"name":"Dengb\u00eaj \u015eakiro &#8211; Antolojiya Dengb\u00eajan 2"}]},{"@type":"WebSite","@id":"https:\/\/shanabooks.de\/#website","url":"https:\/\/shanabooks.de\/","name":"www.shanbooks.de","description":"C\u00eehana Pirt\u00fbk\u00ean Kurd\u00ee \u0645\u0643\u062a\u0628\u0629 \u0634\u0627\u0646\u0627 \u0641\u064a \u0627\u0644\u0645\u0627\u0646\u064a\u0627 \u0648\u0623\u0648\u0631\u0628\u0627","publisher":{"@id":"https:\/\/shanabooks.de\/#organization"},"potentialAction":[{"@type":"SearchAction","target":{"@type":"EntryPoint","urlTemplate":"https:\/\/shanabooks.de\/?s={search_term_string}"},"query-input":{"@type":"PropertyValueSpecification","valueRequired":true,"valueName":"search_term_string"}}],"inLanguage":"kur"},{"@type":"Organization","@id":"https:\/\/shanabooks.de\/#organization","name":"www.shanbooks.de","url":"https:\/\/shanabooks.de\/","logo":{"@type":"ImageObject","inLanguage":"kur","@id":"https:\/\/shanabooks.de\/#\/schema\/logo\/image\/","url":"https:\/\/shanabooks.de\/wp-content\/uploads\/2024\/03\/SHANABOOKS__2_-removebg-preview.png","contentUrl":"https:\/\/shanabooks.de\/wp-content\/uploads\/2024\/03\/SHANABOOKS__2_-removebg-preview.png","width":700,"height":150,"caption":"www.shanbooks.de"},"image":{"@id":"https:\/\/shanabooks.de\/#\/schema\/logo\/image\/"}}]}},"jetpack_sharing_enabled":true,"_links":{"self":[{"href":"https:\/\/shanabooks.de\/kur\/wp-json\/wp\/v2\/product\/12958","targetHints":{"allow":["GET"]}}],"collection":[{"href":"https:\/\/shanabooks.de\/kur\/wp-json\/wp\/v2\/product"}],"about":[{"href":"https:\/\/shanabooks.de\/kur\/wp-json\/wp\/v2\/types\/product"}],"version-history":[{"count":3,"href":"https:\/\/shanabooks.de\/kur\/wp-json\/wp\/v2\/product\/12958\/revisions"}],"predecessor-version":[{"id":17489,"href":"https:\/\/shanabooks.de\/kur\/wp-json\/wp\/v2\/product\/12958\/revisions\/17489"}],"wp:featuredmedia":[{"embeddable":true,"href":"https:\/\/shanabooks.de\/kur\/wp-json\/wp\/v2\/media\/13029"}],"wp:attachment":[{"href":"https:\/\/shanabooks.de\/kur\/wp-json\/wp\/v2\/media?parent=12958"}],"wp:term":[{"taxonomy":"product_brand","embeddable":true,"href":"https:\/\/shanabooks.de\/kur\/wp-json\/wp\/v2\/product_brand?post=12958"},{"taxonomy":"product_cat","embeddable":true,"href":"https:\/\/shanabooks.de\/kur\/wp-json\/wp\/v2\/product_cat?post=12958"},{"taxonomy":"product_tag","embeddable":true,"href":"https:\/\/shanabooks.de\/kur\/wp-json\/wp\/v2\/product_tag?post=12958"}],"curies":[{"name":"wp","href":"https:\/\/api.w.org\/{rel}","templated":true}]}}