{"id":13011,"date":"2024-03-03T19:48:38","date_gmt":"2024-03-03T19:48:38","guid":{"rendered":"https:\/\/shanabooks.de\/?post_type=product&#038;p=13011"},"modified":"2024-03-29T16:56:37","modified_gmt":"2024-03-29T16:56:37","slug":"diwana-jan-jan-dost","status":"publish","type":"product","link":"https:\/\/shanabooks.de\/kur\/product\/diwana-jan-jan-dost\/","title":{"rendered":"D\u00eewana Jan"},"content":{"rendered":"<p style=\"text-align: left\"><strong>D\u00eewana Jan &#8211; Jan Dost<\/strong><\/p>\n<p style=\"text-align: left\">Pirt\u00fbka helbestan ya bi nav\u00ea D\u00eewana Jan ya niv\u00eeskar Jan Dost ji we\u015fan\u00ean Avesta ye.<\/p>\n<p style=\"text-align: left\">Sebeba \u00e7apkirina van helbestan ew e ku ez dixwazim pirek\u00ea di navbera \u00eero \u00fb do de ava bikim. Mixabin helbesta klas\u00eek \u00ead\u00ee t\u00eak \u00e7\u00fbye \u00fb hema hema ji hol\u00ea rab\u00fbye. Yan j\u00ee di hucre \u00fb medreseyan de maye \u00fb li ber xwe dide. Ew \u015f\u00eaweyek\u00ee gir\u00eeng e ji w\u00eajeya me l\u00ea \u00ead\u00ee \u00a0di nefes\u00ean xwe \u00ean daw\u00ee de ye. Piraniya helbestvan\u00ean me y\u00ean n\u00fbjen j\u00ee nikarin li ser bingeha klas\u00eek\u00ean xwe projey\u00ean xwe y\u00ean afr\u00eaner\u00ee ava bikin, ew li hewa daleqiyay\u00ee mane. Ji reh\u00ean xwe qut b\u00fbne. Ku dibe qal \u00fb behs j\u00ee, ten\u00ea nav\u00ean mezin jiber kirine. Nikarin di hundir\u00ea wan klas\u00eekan de bigerin \u00fb dakevin k\u00fbrahiya deryaya klas\u00eekan \u00fb gewheran ji xwe re berhev bikin.<\/p>\n<p style=\"text-align: left\">Jan Dost<\/p>\n","protected":false},"excerpt":{"rendered":"<p style=\"text-align: center\"><strong>Niv\u00eeskar: Jan Dost<\/strong><br \/>\n<strong>Pirt\u00fbk: D\u00eewana Jan<\/strong><br \/>\n<strong>Cure: helbest<\/strong><\/p>\n","protected":false},"featured_media":13066,"template":"","meta":{"site-sidebar-layout":"default","site-content-layout":"","ast-site-content-layout":"default","site-content-style":"default","site-sidebar-style":"default","ast-global-header-display":"","ast-banner-title-visibility":"","ast-main-header-display":"","ast-hfb-above-header-display":"","ast-hfb-below-header-display":"","ast-hfb-mobile-header-display":"","site-post-title":"","ast-breadcrumbs-content":"","ast-featured-img":"","footer-sml-layout":"","ast-disable-related-posts":"","theme-transparent-header-meta":"default","adv-header-id-meta":"","stick-header-meta":"","header-above-stick-meta":"","header-main-stick-meta":"","header-below-stick-meta":"","astra-migrate-meta-layouts":"set","ast-page-background-enabled":"default","ast-page-background-meta":{"desktop":{"background-color":"","background-image":"","background-repeat":"repeat","background-position":"center center","background-size":"auto","background-attachment":"scroll","background-type":"","background-media":"","overlay-type":"","overlay-color":"","overlay-opacity":"","overlay-gradient":""},"tablet":{"background-color":"","background-image":"","background-repeat":"repeat","background-position":"center center","background-size":"auto","background-attachment":"scroll","background-type":"","background-media":"","overlay-type":"","overlay-color":"","overlay-opacity":"","overlay-gradient":""},"mobile":{"background-color":"","background-image":"","background-repeat":"repeat","background-position":"center center","background-size":"auto","background-attachment":"scroll","background-type":"","background-media":"","overlay-type":"","overlay-color":"","overlay-opacity":"","overlay-gradient":""}},"ast-content-background-meta":{"desktop":{"background-color":"var(--ast-global-color-5)","background-image":"","background-repeat":"repeat","background-position":"center center","background-size":"auto","background-attachment":"scroll","background-type":"","background-media":"","overlay-type":"","overlay-color":"","overlay-opacity":"","overlay-gradient":""},"tablet":{"background-color":"var(--ast-global-color-5)","background-image":"","background-repeat":"repeat","background-position":"center center","background-size":"auto","background-attachment":"scroll","background-type":"","background-media":"","overlay-type":"","overlay-color":"","overlay-opacity":"","overlay-gradient":""},"mobile":{"background-color":"var(--ast-global-color-5)","background-image":"","background-repeat":"repeat","background-position":"center center","background-size":"auto","background-attachment":"scroll","background-type":"","background-media":"","overlay-type":"","overlay-color":"","overlay-opacity":"","overlay-gradient":""}}},"product_brand":[],"product_cat":[184,193],"product_tag":[],"class_list":{"0":"post-13011","1":"product","2":"type-product","3":"status-publish","4":"has-post-thumbnail","6":"product_cat-_","7":"product_cat--_","8":"pa_-helbest","9":"pa_-jan-dost","10":"pa_-kurmanci","11":"pa_--avesta-yayinlari","12":"desktop-align-left","13":"tablet-align-left","14":"mobile-align-left","16":"first","17":"instock","18":"shipping-taxable","19":"purchasable","20":"product-type-simple"},"yoast_head":"<!-- This site is optimized with the Yoast SEO plugin v27.4 - https:\/\/yoast.com\/product\/yoast-seo-wordpress\/ -->\n<title>D\u00eewana Jan - Jan Dost - www.shanabooks.de<\/title>\n<meta name=\"description\" content=\"D\u00eewana Jan - Jan Dost Sebeba \u00e7apkirina van helbestan ew e ku ez dixwazim pirek\u00ea di navbera \u00eero \u00fb do de ava bikim. Mixabin helbesta klas\u00eek \u00ead\u00ee t\u00eak \u00e7\u00fbye \u00fb...\" \/>\n<meta name=\"robots\" content=\"index, follow, max-snippet:-1, max-image-preview:large, max-video-preview:-1\" \/>\n<link rel=\"canonical\" href=\"https:\/\/shanabooks.de\/product\/diwana-jan-jan-dost\/\" \/>\n<meta property=\"og:locale\" content=\"en_US\" \/>\n<meta property=\"og:type\" content=\"article\" \/>\n<meta property=\"og:title\" content=\"D\u00eewana Jan - Jan Dost - www.shanabooks.de\" \/>\n<meta property=\"og:description\" content=\"D\u00eewana Jan - Jan Dost Sebeba \u00e7apkirina van helbestan ew e ku ez dixwazim pirek\u00ea di navbera \u00eero \u00fb do de ava bikim. Mixabin helbesta klas\u00eek \u00ead\u00ee t\u00eak \u00e7\u00fbye \u00fb...\" \/>\n<meta property=\"og:url\" content=\"https:\/\/shanabooks.de\/product\/diwana-jan-jan-dost\/\" \/>\n<meta property=\"og:site_name\" content=\"www.shanabooks.de\" \/>\n<meta property=\"article:modified_time\" content=\"2024-03-29T16:56:37+00:00\" \/>\n<meta property=\"og:image\" content=\"https:\/\/shanabooks.de\/wp-content\/uploads\/2024\/03\/Diwana-Jan.jpg\" \/>\n\t<meta property=\"og:image:width\" content=\"607\" \/>\n\t<meta property=\"og:image:height\" content=\"900\" \/>\n\t<meta property=\"og:image:type\" content=\"image\/jpeg\" \/>\n<meta name=\"twitter:card\" content=\"summary_large_image\" \/>\n<meta name=\"twitter:label1\" content=\"Est. reading time\" \/>\n\t<meta name=\"twitter:data1\" content=\"2 minutes\" \/>\n<script type=\"application\/ld+json\" class=\"yoast-schema-graph\">{\"@context\":\"https:\\\/\\\/schema.org\",\"@graph\":[{\"@type\":\"WebPage\",\"@id\":\"https:\\\/\\\/shanabooks.de\\\/product\\\/diwana-jan-jan-dost\\\/\",\"url\":\"https:\\\/\\\/shanabooks.de\\\/product\\\/diwana-jan-jan-dost\\\/\",\"name\":\"D\u00eewana Jan - Jan Dost - www.shanabooks.de\",\"isPartOf\":{\"@id\":\"https:\\\/\\\/shanabooks.de\\\/#website\"},\"primaryImageOfPage\":{\"@id\":\"https:\\\/\\\/shanabooks.de\\\/product\\\/diwana-jan-jan-dost\\\/#primaryimage\"},\"image\":{\"@id\":\"https:\\\/\\\/shanabooks.de\\\/product\\\/diwana-jan-jan-dost\\\/#primaryimage\"},\"thumbnailUrl\":\"https:\\\/\\\/shanabooks.de\\\/wp-content\\\/uploads\\\/2024\\\/03\\\/Diwana-Jan.jpg\",\"datePublished\":\"2024-03-03T19:48:38+00:00\",\"dateModified\":\"2024-03-29T16:56:37+00:00\",\"description\":\"D\u00eewana Jan - Jan Dost Sebeba \u00e7apkirina van helbestan ew e ku ez dixwazim pirek\u00ea di navbera \u00eero \u00fb do de ava bikim. Mixabin helbesta klas\u00eek \u00ead\u00ee t\u00eak \u00e7\u00fbye \u00fb...\",\"breadcrumb\":{\"@id\":\"https:\\\/\\\/shanabooks.de\\\/product\\\/diwana-jan-jan-dost\\\/#breadcrumb\"},\"inLanguage\":\"kur\",\"potentialAction\":[{\"@type\":\"ReadAction\",\"target\":[\"https:\\\/\\\/shanabooks.de\\\/product\\\/diwana-jan-jan-dost\\\/\"]}]},{\"@type\":\"ImageObject\",\"inLanguage\":\"kur\",\"@id\":\"https:\\\/\\\/shanabooks.de\\\/product\\\/diwana-jan-jan-dost\\\/#primaryimage\",\"url\":\"https:\\\/\\\/shanabooks.de\\\/wp-content\\\/uploads\\\/2024\\\/03\\\/Diwana-Jan.jpg\",\"contentUrl\":\"https:\\\/\\\/shanabooks.de\\\/wp-content\\\/uploads\\\/2024\\\/03\\\/Diwana-Jan.jpg\",\"width\":607,\"height\":900,\"caption\":\"D\u00eewana Jan - Jan Dost - pirt\u00fbk\u00ean kurd\u00ee\"},{\"@type\":\"BreadcrumbList\",\"@id\":\"https:\\\/\\\/shanabooks.de\\\/product\\\/diwana-jan-jan-dost\\\/#breadcrumb\",\"itemListElement\":[{\"@type\":\"ListItem\",\"position\":1,\"name\":\"\u0627\u0644\u0631\u0626\u064a\u0633\u064a\u0629\",\"item\":\"https:\\\/\\\/shanabooks.de\\\/kur\\\/\"},{\"@type\":\"ListItem\",\"position\":2,\"name\":\"\u0627\u0644\u0645\u0646\u062a\u062c\u0627\u062a\",\"item\":\"https:\\\/\\\/shanabooks.de\\\/shop\\\/\"},{\"@type\":\"ListItem\",\"position\":3,\"name\":\"D\u00eewana Jan\"}]},{\"@type\":\"WebSite\",\"@id\":\"https:\\\/\\\/shanabooks.de\\\/#website\",\"url\":\"https:\\\/\\\/shanabooks.de\\\/\",\"name\":\"www.shanbooks.de\",\"description\":\"C\u00eehana Pirt\u00fbk\u00ean Kurd\u00ee \u0645\u0643\u062a\u0628\u0629 \u0634\u0627\u0646\u0627 \u0641\u064a \u0627\u0644\u0645\u0627\u0646\u064a\u0627 \u0648\u0623\u0648\u0631\u0628\u0627\",\"publisher\":{\"@id\":\"https:\\\/\\\/shanabooks.de\\\/#organization\"},\"potentialAction\":[{\"@type\":\"SearchAction\",\"target\":{\"@type\":\"EntryPoint\",\"urlTemplate\":\"https:\\\/\\\/shanabooks.de\\\/?s={search_term_string}\"},\"query-input\":{\"@type\":\"PropertyValueSpecification\",\"valueRequired\":true,\"valueName\":\"search_term_string\"}}],\"inLanguage\":\"kur\"},{\"@type\":\"Organization\",\"@id\":\"https:\\\/\\\/shanabooks.de\\\/#organization\",\"name\":\"www.shanbooks.de\",\"url\":\"https:\\\/\\\/shanabooks.de\\\/\",\"logo\":{\"@type\":\"ImageObject\",\"inLanguage\":\"kur\",\"@id\":\"https:\\\/\\\/shanabooks.de\\\/#\\\/schema\\\/logo\\\/image\\\/\",\"url\":\"https:\\\/\\\/shanabooks.de\\\/wp-content\\\/uploads\\\/2024\\\/03\\\/SHANABOOKS__2_-removebg-preview.png\",\"contentUrl\":\"https:\\\/\\\/shanabooks.de\\\/wp-content\\\/uploads\\\/2024\\\/03\\\/SHANABOOKS__2_-removebg-preview.png\",\"width\":700,\"height\":150,\"caption\":\"www.shanbooks.de\"},\"image\":{\"@id\":\"https:\\\/\\\/shanabooks.de\\\/#\\\/schema\\\/logo\\\/image\\\/\"}}]}<\/script>\n<!-- \/ Yoast SEO plugin. -->","yoast_head_json":{"title":"D\u00eewana Jan - Jan Dost - www.shanabooks.de","description":"D\u00eewana Jan - Jan Dost Sebeba \u00e7apkirina van helbestan ew e ku ez dixwazim pirek\u00ea di navbera \u00eero \u00fb do de ava bikim. Mixabin helbesta klas\u00eek \u00ead\u00ee t\u00eak \u00e7\u00fbye \u00fb...","robots":{"index":"index","follow":"follow","max-snippet":"max-snippet:-1","max-image-preview":"max-image-preview:large","max-video-preview":"max-video-preview:-1"},"canonical":"https:\/\/shanabooks.de\/product\/diwana-jan-jan-dost\/","og_locale":"en_US","og_type":"article","og_title":"D\u00eewana Jan - Jan Dost - www.shanabooks.de","og_description":"D\u00eewana Jan - Jan Dost Sebeba \u00e7apkirina van helbestan ew e ku ez dixwazim pirek\u00ea di navbera \u00eero \u00fb do de ava bikim. Mixabin helbesta klas\u00eek \u00ead\u00ee t\u00eak \u00e7\u00fbye \u00fb...","og_url":"https:\/\/shanabooks.de\/product\/diwana-jan-jan-dost\/","og_site_name":"www.shanabooks.de","article_modified_time":"2024-03-29T16:56:37+00:00","og_image":[{"width":607,"height":900,"url":"https:\/\/shanabooks.de\/wp-content\/uploads\/2024\/03\/Diwana-Jan.jpg","type":"image\/jpeg"}],"twitter_card":"summary_large_image","twitter_misc":{"Est. reading time":"2 minutes"},"schema":{"@context":"https:\/\/schema.org","@graph":[{"@type":"WebPage","@id":"https:\/\/shanabooks.de\/product\/diwana-jan-jan-dost\/","url":"https:\/\/shanabooks.de\/product\/diwana-jan-jan-dost\/","name":"D\u00eewana Jan - Jan Dost - www.shanabooks.de","isPartOf":{"@id":"https:\/\/shanabooks.de\/#website"},"primaryImageOfPage":{"@id":"https:\/\/shanabooks.de\/product\/diwana-jan-jan-dost\/#primaryimage"},"image":{"@id":"https:\/\/shanabooks.de\/product\/diwana-jan-jan-dost\/#primaryimage"},"thumbnailUrl":"https:\/\/shanabooks.de\/wp-content\/uploads\/2024\/03\/Diwana-Jan.jpg","datePublished":"2024-03-03T19:48:38+00:00","dateModified":"2024-03-29T16:56:37+00:00","description":"D\u00eewana Jan - Jan Dost Sebeba \u00e7apkirina van helbestan ew e ku ez dixwazim pirek\u00ea di navbera \u00eero \u00fb do de ava bikim. Mixabin helbesta klas\u00eek \u00ead\u00ee t\u00eak \u00e7\u00fbye \u00fb...","breadcrumb":{"@id":"https:\/\/shanabooks.de\/product\/diwana-jan-jan-dost\/#breadcrumb"},"inLanguage":"kur","potentialAction":[{"@type":"ReadAction","target":["https:\/\/shanabooks.de\/product\/diwana-jan-jan-dost\/"]}]},{"@type":"ImageObject","inLanguage":"kur","@id":"https:\/\/shanabooks.de\/product\/diwana-jan-jan-dost\/#primaryimage","url":"https:\/\/shanabooks.de\/wp-content\/uploads\/2024\/03\/Diwana-Jan.jpg","contentUrl":"https:\/\/shanabooks.de\/wp-content\/uploads\/2024\/03\/Diwana-Jan.jpg","width":607,"height":900,"caption":"D\u00eewana Jan - Jan Dost - pirt\u00fbk\u00ean kurd\u00ee"},{"@type":"BreadcrumbList","@id":"https:\/\/shanabooks.de\/product\/diwana-jan-jan-dost\/#breadcrumb","itemListElement":[{"@type":"ListItem","position":1,"name":"\u0627\u0644\u0631\u0626\u064a\u0633\u064a\u0629","item":"https:\/\/shanabooks.de\/kur\/"},{"@type":"ListItem","position":2,"name":"\u0627\u0644\u0645\u0646\u062a\u062c\u0627\u062a","item":"https:\/\/shanabooks.de\/shop\/"},{"@type":"ListItem","position":3,"name":"D\u00eewana Jan"}]},{"@type":"WebSite","@id":"https:\/\/shanabooks.de\/#website","url":"https:\/\/shanabooks.de\/","name":"www.shanbooks.de","description":"C\u00eehana Pirt\u00fbk\u00ean Kurd\u00ee \u0645\u0643\u062a\u0628\u0629 \u0634\u0627\u0646\u0627 \u0641\u064a \u0627\u0644\u0645\u0627\u0646\u064a\u0627 \u0648\u0623\u0648\u0631\u0628\u0627","publisher":{"@id":"https:\/\/shanabooks.de\/#organization"},"potentialAction":[{"@type":"SearchAction","target":{"@type":"EntryPoint","urlTemplate":"https:\/\/shanabooks.de\/?s={search_term_string}"},"query-input":{"@type":"PropertyValueSpecification","valueRequired":true,"valueName":"search_term_string"}}],"inLanguage":"kur"},{"@type":"Organization","@id":"https:\/\/shanabooks.de\/#organization","name":"www.shanbooks.de","url":"https:\/\/shanabooks.de\/","logo":{"@type":"ImageObject","inLanguage":"kur","@id":"https:\/\/shanabooks.de\/#\/schema\/logo\/image\/","url":"https:\/\/shanabooks.de\/wp-content\/uploads\/2024\/03\/SHANABOOKS__2_-removebg-preview.png","contentUrl":"https:\/\/shanabooks.de\/wp-content\/uploads\/2024\/03\/SHANABOOKS__2_-removebg-preview.png","width":700,"height":150,"caption":"www.shanbooks.de"},"image":{"@id":"https:\/\/shanabooks.de\/#\/schema\/logo\/image\/"}}]}},"jetpack_sharing_enabled":true,"_links":{"self":[{"href":"https:\/\/shanabooks.de\/kur\/wp-json\/wp\/v2\/product\/13011","targetHints":{"allow":["GET"]}}],"collection":[{"href":"https:\/\/shanabooks.de\/kur\/wp-json\/wp\/v2\/product"}],"about":[{"href":"https:\/\/shanabooks.de\/kur\/wp-json\/wp\/v2\/types\/product"}],"version-history":[{"count":3,"href":"https:\/\/shanabooks.de\/kur\/wp-json\/wp\/v2\/product\/13011\/revisions"}],"predecessor-version":[{"id":17420,"href":"https:\/\/shanabooks.de\/kur\/wp-json\/wp\/v2\/product\/13011\/revisions\/17420"}],"wp:featuredmedia":[{"embeddable":true,"href":"https:\/\/shanabooks.de\/kur\/wp-json\/wp\/v2\/media\/13066"}],"wp:attachment":[{"href":"https:\/\/shanabooks.de\/kur\/wp-json\/wp\/v2\/media?parent=13011"}],"wp:term":[{"taxonomy":"product_brand","embeddable":true,"href":"https:\/\/shanabooks.de\/kur\/wp-json\/wp\/v2\/product_brand?post=13011"},{"taxonomy":"product_cat","embeddable":true,"href":"https:\/\/shanabooks.de\/kur\/wp-json\/wp\/v2\/product_cat?post=13011"},{"taxonomy":"product_tag","embeddable":true,"href":"https:\/\/shanabooks.de\/kur\/wp-json\/wp\/v2\/product_tag?post=13011"}],"curies":[{"name":"wp","href":"https:\/\/api.w.org\/{rel}","templated":true}]}}